{"id":16749,"date":"2025-01-21T05:51:35","date_gmt":"2025-01-21T05:51:35","guid":{"rendered":"https:\/\/www.hydraulic-cylinders.net\/product\/arm-cylinder-for-pushhm-pz85-7\/"},"modified":"2025-01-21T05:51:37","modified_gmt":"2025-01-21T05:51:37","slug":"arm-cylinder-for-pushhm-pz85-7","status":"publish","type":"product","link":"https:\/\/www.hydraulic-cylinders.net\/lv\/products\/arm-cylinder-for-pushhm-pz85-7\/","title":{"rendered":"Sviras cilindrs Pushhm PZ85-7"},"content":{"rendered":"<h1>Sviras cilindrs Pushhm PZ85-7<\/h1>\n<h2>Ievads<\/h2>\n<p>Sviras cilindrs ir speci\u0101li izstr\u0101d\u0101ts hidrauliskais cilindrs, kas nodro\u0161ina line\u0101ru kust\u012bbu un jaudu da\u017e\u0101du veidu ma\u0161\u012bnu, piem\u0113ram, ekskavatoru, celt\u0146u un robotiz\u0113tu roku, svir\u0101m. Tam ir iz\u0161\u0137iro\u0161a noz\u012bme hidrauliskaj\u0101s sist\u0113m\u0101s, nodro\u0161inot efekt\u012bvu papildu instrumentu vai stiprin\u0101jumu p\u0101rvieto\u0161anu un vad\u012bbu. \u0160ie cilindri ne tikai nodro\u0161ina vienm\u0113r\u012bgu kust\u012bbu, bet ar\u012b iztur lielas slodzes, nodro\u0161inot ma\u0161\u012bnu efekt\u012bvu darb\u012bbu un uzticam\u012bbu da\u017e\u0101dos darba apst\u0101k\u013cos.<\/p>\n<p><img decoding=\"async\" src=\"https:\/\/www.hydraulic-cylinders.net\/wp-content\/uploads\/2025\/01\/songte-company-2.webp\" alt=\"Sviras cilindrs\" \/><\/p>\n<h2>Funkcijas<\/h2>\n<ul>\n<li><strong>Augstas efektivit\u0101tes p\u0101rraide:<\/strong> Sviras cilindrs nodro\u0161ina jaud\u012bgu line\u0101ru kust\u012bbu un sp\u0113ku, garant\u0113jot augstas veiktsp\u0113jas iesp\u0113jas da\u017e\u0101du darb\u012bbu laik\u0101.<\/li>\n<li><strong>Prec\u012bzijas kontrole:<\/strong> Izmantojot hidraulisk\u0101s sist\u0113mas, rokas cilindrs pan\u0101k prec\u012bzu kust\u012bbas kontroli, padarot papildu instrumentu darb\u012bbu elast\u012bg\u0101ku un prec\u012bz\u0101ku.<\/li>\n<li><strong>Sp\u0113c\u012bga iztur\u012bba:<\/strong> Sviru cilindri parasti tiek ra\u017eoti, izmantojot augstas stipr\u012bbas materi\u0101lus, kuriem ir laba nodilumiztur\u012bba un iztur\u012bba pret koroziju, padarot tos piem\u0113rotus ilgsto\u0161ai lieto\u0161anai skarbos apst\u0101k\u013cos.<\/li>\n<li><strong>Daudzfunkcion\u0101la piel\u0101go\u0161an\u0101s sp\u0113ja:<\/strong> \u0160os cilindrus var pla\u0161i izmantot da\u017e\u0101d\u0101s ma\u0161\u012bn\u0101s, piem\u0113ram, ekskavatoros, celt\u0146os un robotiz\u0113t\u0101s rok\u0101s, piel\u0101gojoties da\u017e\u0101d\u0101m darba pras\u012bb\u0101m.<\/li>\n<li><strong>Vienk\u0101r\u0161a apkope:<\/strong> Projekt\u0113jot \u0146emta v\u0113r\u0101 apkopes un nomai\u0146as vienk\u0101r\u0161\u012bba, padarot regul\u0101ras p\u0101rbaudes un apkopi \u0113rtas, k\u0101 ar\u012b samazinot iek\u0101rtu d\u012bkst\u0101ves laiku.<\/li>\n<\/ul>\n<p><img decoding=\"async\" src=\"https:\/\/www.hydraulic-cylinders.net\/wp-content\/uploads\/2025\/01\/songte-oil-pipes-and-spare-parts.webp\" alt=\"Hidraulisko cilindru rezerves da\u013cas\" \/><\/p>\n<h2>Pieteikumi<\/h2>\n<p>Sviras cilindrs tiek izmantots da\u017e\u0101d\u0101s nozar\u0113s:<\/p>\n<ul>\n<li><strong>B\u016bvniec\u012bbas in\u017eenierija:<\/strong> Ekskavatoros un celt\u0146os str\u0113les cilindri kontrol\u0113 kausu vai str\u0113les kust\u012bbu zemes darbos, materi\u0101lu apstr\u0101d\u0113 un konstrukciju uzst\u0101d\u012b\u0161an\u0101.<\/li>\n<li><strong>Ra\u017eo\u0161ana:<\/strong> Automatiz\u0113to ra\u017eo\u0161anas l\u012bniju roku cilindri atvieglo robotiz\u0113to roku kust\u012bbu t\u0101dos procesos k\u0101 mont\u0101\u017ea, metin\u0101\u0161ana un materi\u0101lu apstr\u0101de, palielinot ra\u017eo\u0161anas efektivit\u0101ti un precizit\u0101ti.<\/li>\n<li><strong>Lauksaimniec\u012bbas tehnika:<\/strong> Sviru cilindri kontrol\u0113 vad\u012bbas sviru kust\u012bbu lauksaimniec\u012bbas ma\u0161\u012bn\u0101s, piem\u0113ram, kombainos un s\u0113jma\u0161\u012bn\u0101s, nodro\u0161inot iesp\u0113ju veikt t\u0101dus uzdevumus k\u0101 s\u0113\u0161ana, m\u0113slo\u0161ana un ra\u017eas nov\u0101k\u0161ana.<\/li>\n<li><strong>Kalnr\u016bpniec\u012bba:<\/strong> Kalnr\u016bpniec\u012bbas iek\u0101rt\u0101s sviru cilindrus izmanto, lai kontrol\u0113tu kalnr\u016bpniec\u012bbas ma\u0161\u012bnu sviru kust\u012bbu, atvieglojot miner\u0101lu ieguvi un transport\u0113\u0161anu.<\/li>\n<li><strong>Lo\u0123istika un transports:<\/strong> Iekr\u0101v\u0113ju un apstr\u0101des robotu roku cilindri kontrol\u0113 dak\u0161u pacel\u0161anu un kust\u012bbu, nodro\u0161inot pre\u010du apstr\u0101di un sakrau\u0161anu.<\/li>\n<\/ul>\n<h2>Dizaina apsv\u0113rumi un atlases krit\u0113riji<\/h2>\n<p>Projekt\u0113jot sviras cilindrus, tiek \u0146emti v\u0113r\u0101 da\u017e\u0101di faktori:<\/p>\n<ul>\n<li><strong>Nestsp\u0113ja:<\/strong> Balona sp\u0113ja iztur\u0113t paredz\u0113t\u0101s slodzes.<\/li>\n<li><strong>Bl\u012bv\u0113jums:<\/strong> Izmantojot da\u017e\u0101dus bl\u012bv\u0113jumus, piem\u0113ram, virzu\u013ca bl\u012bv\u0113jumus un stie\u0146u bl\u012bv\u0113jumus, kas izgatavoti no iztur\u012bgiem materi\u0101liem, piem\u0113ram, poliuret\u0101na un nitrila gumijas.<\/li>\n<li><strong>Iztur\u012bba:<\/strong> Cilindra korpusa un v\u012bt\u0146oto galu izgatavo\u0161ana ar smalku apstr\u0101di, lai uzlabotu nodilumiztur\u012bbu.<\/li>\n<li><strong>Dro\u0161\u012bba:<\/strong> Nodro\u0161inot, ka cilindra konstrukcija un sast\u0101vda\u013cas ekspluat\u0101cijas laik\u0101 izvirza priorit\u0101ti dro\u0161\u012bbai.<\/li>\n<li><strong>Uzturam\u012bba:<\/strong> Balona konstrukcija ir paredz\u0113ta vienk\u0101r\u0161ai apkopei un ietver funkcijas, kas vienk\u0101r\u0161o regul\u0101ras p\u0101rbaudes un remontu.<\/li>\n<\/ul>\n<p><img decoding=\"async\" src=\"https:\/\/www.hydraulic-cylinders.net\/wp-content\/uploads\/2025\/01\/songte-cylinder-head-with-all-kinds-excavator-models.webp\" alt=\"Cilindra galva ar ekskavatora mode\u013ciem\" \/><\/p>\n<h2>Bl\u012bv\u0113\u0161ana un e\u013c\u013co\u0161ana<\/h2>\n<p>Sviras cilindr\u0101 ir iestr\u0101d\u0101ti da\u017e\u0101di bl\u012bv\u0113jumi, lai nodro\u0161in\u0101tu efekt\u012bvu bl\u012bv\u0113\u0161anu un e\u013c\u013co\u0161anu:<\/p>\n<ul>\n<li>Bl\u012bv\u0113jumi, piem\u0113ram, virzu\u013ca bl\u012bvsl\u0113gi \u200b\u200bun stie\u0146u bl\u012bvsl\u0113gi, ir izgatavoti no nodilumiztur\u012bgiem materi\u0101liem, piem\u0113ram, poliuret\u0101na un nitrila gumijas.<\/li>\n<li>Cilindra korpuss un v\u012bt\u0146otie gali tiek r\u016bp\u012bgi apstr\u0101d\u0101ti, lai uzlabotu nodilumiztur\u012bbu.<\/li>\n<li>Lai uztur\u0113tu optim\u0101lu veiktsp\u0113ju, nepiecie\u0161ama regul\u0101ra e\u013c\u013co\u0161ana ar atbilsto\u0161u hidraulisko e\u013c\u013cu.<\/li>\n<\/ul>\n<h2>Regul\u0101ras p\u0101rbaudes un profilaktisk\u0101 apkope<\/h2>\n<p>Lai nodro\u0161in\u0101tu sviras cilindra ilgm\u016b\u017e\u012bbu, ieteicams veikt regul\u0101ras p\u0101rbaudes un profilaktisko apkopi:<\/p>\n<ul>\n<li>P\u0101rbaudiet cilindru, vai nav nodiluma, nopl\u016b\u017eu vai boj\u0101jumu paz\u012bmju.<\/li>\n<li>Regul\u0101ri t\u012briet un iee\u013c\u013cojiet cilindru.<\/li>\n<li>Nodro\u0161iniet pareizu cilindra izl\u012bdzin\u0101\u0161anu un uzst\u0101d\u012b\u0161anu.<\/li>\n<li>Nekav\u0113joties nomainiet nolietot\u0101s bl\u012bves vai deta\u013cas.<\/li>\n<li>Iev\u0113rojiet ra\u017eot\u0101ja nor\u0101d\u012bjumus par apkopes un apkopes interv\u0101liem.<\/li>\n<\/ul>\n<h2>Produkta uzst\u0101d\u012b\u0161anas rokasgr\u0101mata<\/h2>\n<p>Pareiza sviras cilindra uzst\u0101d\u012b\u0161ana ir b\u016btiska t\u0101 optim\u0101lai darb\u012bbai. Veiciet \u0161\u012bs darb\u012bbas:<\/p>\n<ol>\n<li>P\u0101rliecinieties, ka ma\u0161\u012bnas hidrauliskaj\u0101 sist\u0113m\u0101 nav spiediena.<\/li>\n<li>Novietojiet cilindru v\u0113lamaj\u0101 viet\u0101, izl\u012bdzinot mont\u0101\u017eas caurumus.<\/li>\n<li>Dro\u0161i pievelciet stiprin\u0101juma skr\u016bves, vienlaikus izvairoties no p\u0101r\u0101k lielas pievilk\u0161anas.<\/li>\n<li>Pievienojiet hidraulisk\u0101s \u0161\u013c\u016btenes vai caurules cilindram, nodro\u0161inot pareizu bl\u012bv\u0113jumu.<\/li>\n<li>P\u0101rbaudiet, vai nav nopl\u016b\u017eu vai darb\u012bbas trauc\u0113jumu paz\u012bmju.<\/li>\n<li>Ja viss ir k\u0101rt\u012bb\u0101, l\u0113n\u0101m piepildiet hidraulisko sist\u0113mu ar spiedienu un p\u0101rbaudiet cilindra darb\u012bbu.<\/li>\n<\/ol>\n<p><img decoding=\"async\" src=\"https:\/\/www.hydraulic-cylinders.net\/wp-content\/uploads\/2025\/01\/songte-bushings-with-all-kinds-of-excavator-models.webp\" alt=\"Bukses ar ekskavatora mode\u013ciem\" \/><\/p>\n<h2>Dro\u0161\u012bbas apsv\u0113rumi un vides faktori<\/h2>\n<p>Izmantojot sviras cilindrus, ir svar\u012bgi noteikt dro\u0161\u012bbas pas\u0101kumu priorit\u0101ti, lai nov\u0113rstu negad\u012bjumus un nodro\u0161in\u0101tu dro\u0161u darba vidi. Dro\u0161\u012bbas pas\u0101kumi ietver:<\/p>\n<ul>\n<li>Iev\u0113rojot visus dro\u0161\u012bbas nor\u0101d\u012bjumus un noteikumus.<\/li>\n<li>Str\u0101d\u0101jot ar iek\u0101rt\u0101m vai to tuvum\u0101, lietojiet aizsargl\u012bdzek\u013cus.<\/li>\n<li>Pareiza operatoru un person\u0101la apm\u0101c\u012bba, kas iesaist\u012bta iek\u0101rtu darb\u012bb\u0101.<\/li>\n<li>Regul\u0101ri p\u0101rbaudiet un apkopiet sviras cilindru, lai nov\u0113rstu darb\u012bbas trauc\u0113jumus.<\/li>\n<\/ul>\n<h2>Probl\u0113mu nov\u0113r\u0161ana un bie\u017ei sastopamas probl\u0113mas<\/h2>\n<p>\u0160eit ir da\u017eas bie\u017ei sastopamas probl\u0113mas, kas var rasties ar sviru cilindriem:<\/p>\n<ul>\n<li>Nopl\u016bde no bl\u012bv\u0113m vai savienojumiem.<\/li>\n<li>Neparasts troksnis vai vibr\u0101cija darb\u012bbas laik\u0101.<\/li>\n<li>Nekonsekventa vai l\u0113na rokas kust\u012bba.<\/li>\n<li>Nesp\u0113ja notur\u0113t kravu vai saglab\u0101t poz\u012bciju.<\/li>\n<li>P\u0101rm\u0113r\u012bgs cilindru deta\u013cu nodilums.<\/li>\n<\/ul>\n<p>Lai risin\u0101tu \u0161\u012bs probl\u0113mas:<\/p>\n<ul>\n<li>P\u0101rbaudiet un nomainiet visas nolietot\u0101s vai boj\u0101t\u0101s bl\u012bves vai deta\u013cas.<\/li>\n<li>Nodro\u0161iniet pareizu cilindra izl\u012bdzin\u0101\u0161anu un uzst\u0101d\u012b\u0161anu.<\/li>\n<li>P\u0101rbaudiet un not\u012briet hidrauliskos filtrus un \u0161\u0137idrumu.<\/li>\n<li>P\u0101rbaudiet pareizu hidraulisko spiedienu un pl\u016bsmu.<\/li>\n<li>Ja nepiecie\u0161ams, konsult\u0113jieties ar ra\u017eot\u0101ju vai sazinieties ar speci\u0101listu, lai sa\u0146emtu pal\u012bdz\u012bbu.<\/li>\n<\/ul>\n<p><img decoding=\"async\" src=\"https:\/\/www.hydraulic-cylinders.net\/wp-content\/uploads\/2025\/01\/songte-chushion-collar.webp\" alt=\"Spilvenu apkakle\" \/><\/p>\n<p>Atcerieties lo\u0123iski sak\u0101rtot rakstu, izmantojot apak\u0161virsrakstus, lai atvieglotu navig\u0101ciju. Iek\u013caujiet atbilsto\u0161us att\u0113lus vai diagrammas, lai uzlabotu izpratni. P\u0101rliecinieties, ka saturs ir skaidrs, kodol\u012bgs un piem\u0113rots las\u012bt\u0101jiem ar da\u017e\u0101diem tehnisko zin\u0101\u0161anu l\u012bme\u0146iem.<\/p>\n<p><em>Autors: lil<\/em><\/p>\n<h2>Par mums<\/h2>\n<p>M\u0113s esam profesion\u0101ls hidraulisko cilindru ra\u017eot\u0101js un esam k\u013cuvu\u0161i par vienu no vado\u0161ajiem ra\u017eot\u0101jiem un vairumtirgot\u0101jiem viet\u0113j\u0101 un starptautiskaj\u0101 tirg\u016b. M\u016bsu pla\u0161o produktu kl\u0101stu nodro\u0161ina izcila kvalit\u0101te, industrializ\u0113tas ra\u017eo\u0161anas vad\u012bbas strat\u0113\u0123ijas m\u016bsu sare\u017e\u0123\u012btaj\u0101 ra\u017eo\u0161anas darbn\u012bc\u0101, nep\u0101rtraukta tehnolo\u0123isko iesp\u0113ju uzlabo\u0161ana un paaugstin\u0101ta ra\u017eo\u0161anas efektivit\u0101te. Esam ieviesu\u0161i modernu digit\u0101lo ra\u017eo\u0161anas apr\u012bkojumu un profesion\u0101las test\u0113\u0161anas sist\u0113mas, lai optimiz\u0113tu m\u016bsu ra\u017eo\u0161anas platformu un uzlabotu produktu kvalit\u0101tes kontroles procesus. M\u016bsu m\u0113r\u0137is ir apmierin\u0101t klientu da\u017e\u0101d\u0101s vajadz\u012bbas, iev\u0113rojot efektivit\u0101tes, precizit\u0101tes un augstas kvalit\u0101tes principus.<\/p>\n<p><img decoding=\"async\" src=\"https:\/\/www.hydraulic-cylinders.net\/wp-content\/uploads\/2025\/01\/songte-company-4.webp\" alt=\"Uz\u0146\u0113mums\" \/><\/p>","protected":false},"excerpt":{"rendered":"<p>Arm Cylinder For Pushhm PZ85-7 Introduction The arm cylinder is a specially designed hydraulic cylinder that provides linear motion and power to the arms of various types of machinery, such as excavators, cranes, and robotic arms. It plays a crucial role in hydraulic systems, enabling the efficient movement and control of additional tools or attachments. [&hellip;]<\/p>","protected":false},"featured_media":14779,"comment_status":"open","ping_status":"closed","template":"","meta":{"_et_pb_use_builder":"","_et_pb_old_content":"","_et_gb_content_width":""},"product_brand":[],"product_cat":[1497],"product_tag":[1498,1496],"class_list":{"0":"post-16749","1":"product","2":"type-product","3":"status-publish","4":"has-post-thumbnail","6":"product_cat-arm-cylinders","7":"product_tag-arm-cylinders","8":"product_tag-hydraulic-cylinders","10":"first","11":"instock","12":"shipping-taxable","13":"product-type-simple"},"amp_enabled":true,"_links":{"self":[{"href":"https:\/\/www.hydraulic-cylinders.net\/lv\/wp-json\/wp\/v2\/product\/16749","targetHints":{"allow":["GET"]}}],"collection":[{"href":"https:\/\/www.hydraulic-cylinders.net\/lv\/wp-json\/wp\/v2\/product"}],"about":[{"href":"https:\/\/www.hydraulic-cylinders.net\/lv\/wp-json\/wp\/v2\/types\/product"}],"replies":[{"embeddable":true,"href":"https:\/\/www.hydraulic-cylinders.net\/lv\/wp-json\/wp\/v2\/comments?post=16749"}],"wp:featuredmedia":[{"embeddable":true,"href":"https:\/\/www.hydraulic-cylinders.net\/lv\/wp-json\/wp\/v2\/media\/14779"}],"wp:attachment":[{"href":"https:\/\/www.hydraulic-cylinders.net\/lv\/wp-json\/wp\/v2\/media?parent=16749"}],"wp:term":[{"taxonomy":"product_brand","embeddable":true,"href":"https:\/\/www.hydraulic-cylinders.net\/lv\/wp-json\/wp\/v2\/product_brand?post=16749"},{"taxonomy":"product_cat","embeddable":true,"href":"https:\/\/www.hydraulic-cylinders.net\/lv\/wp-json\/wp\/v2\/product_cat?post=16749"},{"taxonomy":"product_tag","embeddable":true,"href":"https:\/\/www.hydraulic-cylinders.net\/lv\/wp-json\/wp\/v2\/product_tag?post=16749"}],"curies":[{"name":"wp","href":"https:\/\/api.w.org\/{rel}","templated":true}]}}