{"id":1677,"date":"2023-10-11T05:47:57","date_gmt":"2023-10-11T05:47:57","guid":{"rendered":"https:\/\/hydraulic-cylinders.net\/?post_type=product&#038;p=1677"},"modified":"2025-04-11T03:46:12","modified_gmt":"2025-04-11T03:46:12","slug":"press-front-side-shift-cylinder","status":"publish","type":"product","link":"https:\/\/www.hydraulic-cylinders.net\/lv\/products\/press-front-side-shift-cylinder\/","title":{"rendered":"Nospiediet priek\u0161\u0113jo s\u0101nu nob\u012bdes cilindru"},"content":{"rendered":"<h1 style=\"text-align: center;\"><strong>Nospiediet priek\u0161\u0113jo s\u0101nu nob\u012bdes cilindru<\/strong><\/h1>\n<p><img loading=\"lazy\" decoding=\"async\" class=\"wp-image-1683 aligncenter\" src=\"https:\/\/hydraulic-cylinders.net\/wp-content\/uploads\/2023\/10\/front-side-shift-cylinder-1-2-300x300.webp\" alt=\"\" width=\"400\" height=\"400\" \/><\/p>\n<p>Preses priek\u0161\u0113j\u0101s puses nob\u012bdes cilindrs ir inovat\u012bvs instruments, kas paredz\u0113ts pres\u0113\u0161anas darb\u012bbu precizit\u0101tes un efektivit\u0101tes uzlabo\u0161anai. \u0160is uzlabotais cilindrs ir \u012bpa\u0161i izstr\u0101d\u0101ts, lai atvieglotu sagatavju nob\u012bdi uz priek\u0161u pres\u0113\u0161anas laik\u0101, nodro\u0161inot prec\u012bzu izl\u012bdzin\u0101\u0161anu un samazinot iestat\u012b\u0161anas laiku.<\/p>\n<p>Preses priek\u0161\u0113j\u0101s puses nob\u012bdes cilindrs maina sp\u0113les noteikumus pres\u0113\u0161anas oper\u0101cij\u0101s. Ar t\u0101 priek\u0161\u0113j\u0101s puses nob\u012bdes iesp\u0113ju, prec\u012bzu izl\u012bdzin\u0101\u0161anu, regul\u0113jamu p\u0101rsl\u0113g\u0161anas diapazonu un \u0101tru rea\u0123\u0113tsp\u0113ju \u0161is cilindrs \u013cauj operatoriem sasniegt prec\u012bzus un efekt\u012bvus pres\u0113\u0161anas rezult\u0101tus. Iev\u0113rojot ieteicam\u0101s lieto\u0161anas metodes un apkopes praksi, j\u016bs varat maksim\u0101li palielin\u0101t preses priek\u0161\u0113j\u0101s puses nob\u012bdes cilindra veiktsp\u0113ju, ilgm\u016b\u017e\u012bbu un dro\u0161\u012bbu j\u016bsu pres\u0113\u0161anas lietojumprogramm\u0101s. Paaugstiniet savas pres\u0113\u0161anas iesp\u0113jas un izbaudiet izcilu izl\u012bdzin\u0101\u0161anu un efektivit\u0101ti ar \u0161o moderno cilindru.<\/p>\n<p>Preses priek\u0161\u0113j\u0101s s\u0101nu nob\u012bdes cilindra galven\u0101s \u012bpa\u0161\u012bbas:<\/p>\n<ol>\n<li>Priek\u0161\u0113j\u0101s s\u0101nu p\u0101rsl\u0113g\u0161anas iesp\u0113ja:\n<ul>\n<li>Preses priek\u0161\u0113j\u0101s puses nob\u012bdes cilindrs ir konstru\u0113ts t\u0101, lai pres\u0113\u0161anas laik\u0101 nodro\u0161in\u0101tu prec\u012bzu sagatavju nob\u012bdi uz priek\u0161u.<\/li>\n<li>Tas \u013cauj operatoriem viegli piel\u0101got sagataves poz\u012bciju, nodro\u0161inot optim\u0101lu izl\u012bdzin\u0101\u0161anu un samazinot manu\u0101las regul\u0113\u0161anas nepiecie\u0161am\u012bbu.<\/li>\n<\/ul>\n<\/li>\n<li>Prec\u012bza izl\u012bdzin\u0101\u0161ana:\n<ul>\n<li>\u0160is cilindrs nodro\u0161ina prec\u012bzu sagataves izl\u012bdzin\u0101\u0161anu, samazinot nepareizas izl\u012bdzin\u0101\u0161anas risku un uzlabojot kop\u0113jo precizit\u0101ti.<\/li>\n<li>Prec\u012bza izl\u012bdzin\u0101\u0161ana, ko pan\u0101k preses priek\u0161\u0113j\u0101 s\u0101nu nob\u012bdes cilindrs, uzlabo produkta kvalit\u0101ti un samazina br\u0101\u0137u daudzumu.<\/li>\n<\/ul>\n<\/li>\n<li>Regul\u0113jams p\u0101rsl\u0113g\u0161anas diapazons:\n<ul>\n<li>Cilindrs pied\u0101v\u0101 regul\u0113jamu p\u0101rsl\u0113g\u0161anas diapazonu, kas \u013cauj operatoriem piel\u0101got priek\u0161\u0113j\u0101s puses p\u0101rsl\u0113g\u0161anas apjomu atbilsto\u0161i katra pielietojuma \u012bpa\u0161aj\u0101m pras\u012bb\u0101m.<\/li>\n<li>P\u0101rsl\u0113g\u0161anas diapazona regul\u0113\u0161anas elast\u012bba nodro\u0161ina sader\u012bbu ar da\u017e\u0101diem sagataves izm\u0113riem, form\u0101m un pres\u0113\u0161anas vajadz\u012bb\u0101m.<\/li>\n<\/ul>\n<\/li>\n<li>\u0100tri un atsauc\u012bgi:\n<ul>\n<li>Preses priek\u0161\u0113j\u0101 s\u0101nu nob\u012bdes cilindra \u0101trais un atsauc\u012bgais p\u0101rsl\u0113g\u0161anas meh\u0101nisms nodro\u0161ina \u0101tru regul\u0113\u0161anu pres\u0113\u0161anas laik\u0101.<\/li>\n<li>\u0100tr\u0101 p\u0101rsl\u0113g\u0161anas darb\u012bba samazina kop\u0113jo cikla laiku, maksim\u0101li palielinot produktivit\u0101ti un caurlaidsp\u0113ju pres\u0113\u0161anas lietojumprogramm\u0101s.<\/li>\n<\/ul>\n<\/li>\n<\/ol>\n<h2><strong>Preses priek\u0161\u0113j\u0101s s\u0101nu nob\u012bdes cilindra parametrs:<\/strong><\/h2>\n<table border=\"1\" cellspacing=\"0\" cellpadding=\"0\">\n<tbody>\n<tr>\n<td>Produkta nosaukums<\/td>\n<td>Hidraulisk\u0101s preses priek\u0161\u0113j\u0101s puses nob\u012bdes cilindrs<\/td>\n<\/tr>\n<tr>\n<td>Funkcijas:<\/td>\n<td>Sagataves vai apstr\u0101d\u0101jam\u0101 materi\u0101la p\u0101rvieto\u0161ana horizont\u0101li<\/td>\n<\/tr>\n<tr>\n<td>Virzulis:<\/td>\n<td>80 mm\uff5e240 mm<br \/>\nG\u0101jiens \u2264300 mm<\/td>\n<\/tr>\n<tr>\n<td>Vilces sp\u0113ks:<\/td>\n<td>Maksim\u0101l\u0101 jauda 1130 kN<br \/>\n(Virzulis 240 mm\/spiediens 25 MPa)<\/td>\n<\/tr>\n<tr>\n<td>Priek\u0161\u0113j\u0101 s\u0101nu nob\u012bdes cilindra pielietojumi:<\/td>\n<td>Hidraulisk\u0101 prese<\/td>\n<\/tr>\n<\/tbody>\n<\/table>\n<div><\/div>\n<div>\n<div class=\"txtboxL\">\n<div class=\"txtboxL\">Funkcijas:<\/div>\n<div class=\"txtboxR\">Sagataves vai apstr\u0101d\u0101jam\u0101 materi\u0101la p\u0101rvieto\u0161ana horizont\u0101li<\/div>\n<div class=\"txtboxL\">Specifik\u0101cija:<\/div>\n<div class=\"txtboxR\">Virzulis: 80 mm ~ 240 mm<br \/>\nG\u0101jiens \u2264300 mm<\/div>\n<div class=\"txtboxL\">Vilces sp\u0113ks:<\/div>\n<div class=\"txtboxR\">Maksim\u0101l\u0101 jauda 1130 kN<br \/>\n(Virzulis 240 mm\/spiediens 25 MPa)<\/div>\n<\/div>\n<\/div>\n<h2><strong>Preses cilindru r\u016bpn\u012bca:<\/strong><\/h2>\n<p><img loading=\"lazy\" decoding=\"async\" class=\"alignnone wp-image-1619 size-full\" src=\"https:\/\/hydraulic-cylinders.net\/wp-content\/uploads\/2023\/10\/press-cylinder.webp\" alt=\"\" width=\"1418\" height=\"946\" srcset=\"https:\/\/hydraulic-cylinders.net\/wp-content\/uploads\/2023\/10\/press-cylinder.webp 1418w, https:\/\/hydraulic-cylinders.net\/wp-content\/uploads\/2023\/10\/press-cylinder-1280x854.webp 1280w, https:\/\/hydraulic-cylinders.net\/wp-content\/uploads\/2023\/10\/press-cylinder-980x654.webp 980w, https:\/\/hydraulic-cylinders.net\/wp-content\/uploads\/2023\/10\/press-cylinder-480x320.webp 480w\" sizes=\"(min-width: 0px) and (max-width: 480px) 480px, (min-width: 481px) and (max-width: 980px) 980px, (min-width: 981px) and (max-width: 1280px) 1280px, (min-width: 1281px) 1418px, 100vw\" \/><\/p>\n<h2><strong>Preses priek\u0161\u0113j\u0101s puses nob\u012bdes cilindra lieto\u0161anas metode<\/strong><strong>:<\/strong><\/h2>\n<ol>\n<li><strong>Uzst\u0101d\u012b\u0161ana:<\/strong>\n<ul>\n<li>Dro\u0161i uzst\u0101diet preses priek\u0161\u0113jo s\u0101nu nob\u012bdes cilindru v\u0113lamaj\u0101 viet\u0101, nodro\u0161inot pareizu izl\u012bdzin\u0101\u0161anu ar pres\u0113\u0161anas apr\u012bkojumu.<\/li>\n<li>Pievienojiet hidraulisk\u0101s l\u012bnijas saska\u0146\u0101 ar ra\u017eot\u0101ja nor\u0101d\u012bjumiem, nodro\u0161inot pareizu \u0161\u0137idruma pl\u016bsmu un izvairoties no nopl\u016bd\u0113m.<\/li>\n<\/ul>\n<\/li>\n<li><strong>P\u0101rsl\u0113g\u0161anas regul\u0113\u0161ana:<\/strong>\n<ul>\n<li>Iepaz\u012bstieties ar cilindram komplekt\u0101 iek\u013cauto p\u0101rsl\u0113g\u0161anas regul\u0113\u0161anas meh\u0101nismu.<\/li>\n<li>Parasti regul\u0113\u0161anu var veikt, izmantojot vad\u012bbas pogas, rokratus vai digit\u0101l\u0101s vad\u012bbas ier\u012bces.<\/li>\n<li>Iev\u0113rojiet ra\u017eot\u0101ja nor\u0101d\u012bjumus, lai veiktu prec\u012bzus priek\u0161\u0113j\u0101s puses nob\u012bdes piel\u0101gojumus, pamatojoties uz sagataves izm\u0113riem un izl\u012bdzin\u0101\u0161anas pras\u012bb\u0101m.<\/li>\n<\/ul>\n<\/li>\n<li><strong>Sagataves izl\u012bdzin\u0101\u0161ana un nob\u012bde:<\/strong>\n<ul>\n<li>Novietojiet sagatavi uz preses pamatnes, nodro\u0161inot s\u0101kotn\u0113jo izl\u012bdzin\u0101\u0161anu ar cilindru.<\/li>\n<li>Aktiviz\u0113jiet cilindru, lai iesl\u0113gtu p\u0101rsl\u0113g\u0161anas meh\u0101nismu un vienm\u0113r\u012bgi noregul\u0113tu sagatavi v\u0113lamaj\u0101 priek\u0161\u0113j\u0101s puses poz\u012bcij\u0101.<\/li>\n<li>Lai nodro\u0161in\u0101tu prec\u012bzu priek\u0161\u0113j\u0101s puses nob\u012bdi, vizu\u0101li vai izmantojot m\u0113rinstrumentus, p\u0101rbaudiet izl\u012bdzin\u0101jumu.<\/li>\n<\/ul>\n<\/li>\n<li><strong>Pres\u0113\u0161anas darb\u012bba:<\/strong>\n<ul>\n<li>Kad sagatave ir pareizi izl\u012bdzin\u0101ta un nob\u012bd\u012bta, turpiniet pres\u0113\u0161anas darb\u012bbu saska\u0146\u0101 ar standarta proced\u016br\u0101m.<\/li>\n<li>Preses priek\u0161\u0113j\u0101s puses nob\u012bdes cilindrs saglab\u0101s sagataves izl\u012bdzin\u0101jumu un stabilit\u0101ti vis\u0101 pres\u0113\u0161anas proces\u0101, nodro\u0161inot nemain\u012bgus rezult\u0101tus.<\/li>\n<\/ul>\n<\/li>\n<\/ol>\n<h2><strong>K\u0101 atjaunot hidraulisko cilindru?<\/strong><\/h2>\n<p>Hidraulisk\u0101 cilindra atjauno\u0161ana ietver cilindra izjauk\u0161anu, nolietotu vai boj\u0101tu deta\u013cu p\u0101rbaudi un nomai\u0146u, k\u0101 ar\u012b cilindra salik\u0161anu atpaka\u013c, lai atjaunotu funkcionalit\u0101ti. \u0160eit ir sniegta detaliz\u0113ta instrukcija par hidraulisk\u0101 cilindra atjauno\u0161anu:<\/p>\n<p>Piez\u012bme: Hidraulisk\u0101 cilindra atjauno\u0161ana var b\u016bt sare\u017e\u0123\u012bta un prasa meh\u0101nikas zin\u0101\u0161anas un pieredzi. Ja neesat p\u0101rliecin\u0101ts vai jums tr\u016bkst nepiecie\u0161amo zin\u0101\u0161anu, ieteicams mekl\u0113t profesion\u0101la hidraulikas tehni\u0137a pal\u012bdz\u012bbu.<\/p>\n<ol>\n<li><strong>Dro\u0161\u012bbas pas\u0101kumi:<\/strong>\n<ul>\n<li>P\u0101rliecinieties, ka hidrauliskaj\u0101 sist\u0113m\u0101 nav spiediena, izsl\u0113dzot baro\u0161anas avotu un atbr\u012bvojot visu uzkr\u0101to spiedienu.<\/li>\n<li>Izmantojiet atbilsto\u0161us dro\u0161\u012bbas l\u012bdzek\u013cus, piem\u0113ram, cimdus un aizsargbrilles, lai pasarg\u0101tu sevi no iesp\u0113jam\u0101m hidraulisk\u0101 \u0161\u0137idruma nopl\u016bd\u0113m vai \u0161\u013cakat\u0101m.<\/li>\n<\/ul>\n<\/li>\n<li><strong>Cilindra no\u0146em\u0161ana:<\/strong>\n<ul>\n<li>Atvienojiet hidraulisk\u0101s l\u012bnijas no cilindra. Izmantojiet atbilsto\u0161as \u200b\u200buzgrie\u017e\u0146u atsl\u0113gas vai instrumentus, lai atbr\u012bvotu un atvienotu savienojumus.<\/li>\n<li>Atbalstiet balona svaru, izmantojot pac\u0113l\u0101ju vai piem\u0113rotu cel\u0161anas apr\u012bkojumu.<\/li>\n<li>No\u0146emiet visus stiprin\u0101juma kron\u0161teinus vai stiprin\u0101jumus, kas nostiprina cilindru pie iek\u0101rtas.<\/li>\n<\/ul>\n<\/li>\n<li><strong>Demont\u0101\u017ea:<\/strong>\n<ul>\n<li>Novietojiet cilindru uz t\u012bras darbagalda vai virsmas.<\/li>\n<li>Uzman\u012bgi no\u0146emiet cilindra gala v\u0101ci\u0146us, izmantojot atbilsto\u0161us instrumentus, piem\u0113ram, uzgrie\u017e\u0146u atsl\u0113gu vai uzga\u013cu komplektu. Esiet uzman\u012bgi, lai \u0161\u012b procesa laik\u0101 nesaboj\u0101tu cilindru vai t\u0101 sast\u0101vda\u013cas.<\/li>\n<li>Kad gala v\u0101ci\u0146i ir no\u0146emti, izvelciet virzu\u013ca un stie\u0146a komplektu no cilindra korpusa.<\/li>\n<li>Izjaucot komponentus, p\u0101rbaudiet un dokument\u0113jiet to sec\u012bbu un orient\u0101ciju. Tas pal\u012bdz\u0113s atk\u0101rtotas mont\u0101\u017eas laik\u0101.<\/li>\n<\/ul>\n<\/li>\n<li><strong>Komponentu p\u0101rbaude:<\/strong>\n<ul>\n<li>R\u016bp\u012bgi p\u0101rbaudiet visas deta\u013cas, vai nav nodiluma, boj\u0101jumu vai korozijas paz\u012bmju. Piev\u0113rsiet \u012bpa\u0161u uzman\u012bbu virzulim, stienim, bl\u012bv\u0113m, gult\u0146iem un vis\u0101m cit\u0101m iek\u0161\u0113j\u0101m deta\u013c\u0101m.<\/li>\n<li>Izm\u0113riet kritiskos izm\u0113rus, piem\u0113ram, virzu\u013ca diametru, stie\u0146a diametru un bl\u012bv\u0113juma rievas izm\u0113rus. Sal\u012bdziniet \u0161os m\u0113r\u012bjumus ar ra\u017eot\u0101ja specifik\u0101cij\u0101m, lai noteiktu, vai k\u0101das sast\u0101vda\u013cas ir j\u0101nomaina.<\/li>\n<\/ul>\n<\/li>\n<li><strong>Komponentu nomai\u0146a:<\/strong>\n<ul>\n<li>Nomainiet visas nolietot\u0101s, boj\u0101t\u0101s vai specifik\u0101cij\u0101m neatbilsto\u0161\u0101s deta\u013cas. P\u0101rliecinieties, vai rezerves da\u013cas ir sader\u012bgas ar konkr\u0113to hidraulisk\u0101 cilindra marku un modeli.<\/li>\n<li>Bie\u017ei vien nomai\u0146ai nepiecie\u0161amie komponenti ir bl\u012bves, O veida gredzeni, gult\u0146i, virzu\u013ca gredzeni un nodiluma lentes.<\/li>\n<li>Pirms uzst\u0101d\u012b\u0161anas iee\u013c\u013cojiet jaunus bl\u012bves un O veida gredzenus ar hidraulisko \u0161\u0137idrumu vai sader\u012bgu sm\u0113rvielu.<\/li>\n<\/ul>\n<\/li>\n<li><strong>Salik\u0161ana:<\/strong>\n<ul>\n<li>S\u0101ciet mont\u0101\u017eu, uzman\u012bgi ievietojot virzu\u013ca un stie\u0146a komplektu atpaka\u013c cilindra korpus\u0101.<\/li>\n<li>Uzst\u0101diet jaunus bl\u012bves un O veida gredzenus attiec\u012bgaj\u0101s riev\u0101s, nodro\u0161inot pareizu izl\u012bdzin\u0101\u0161anu un orient\u0101ciju.<\/li>\n<li>Saliekot cilindru atpaka\u013c, uz bl\u012bv\u0113m un cit\u0101m kust\u012bgaj\u0101m da\u013c\u0101m uzkl\u0101jiet pl\u0101nu hidraulisk\u0101 \u0161\u0137idruma vai mont\u0101\u017eas sm\u0113rvielas k\u0101rtu.<\/li>\n<li>Lai uzst\u0101d\u012btu gala v\u0101ci\u0146us atpaka\u013c, veiciet izjauk\u0161anas darb\u012bbas apgriezt\u0101 sec\u012bb\u0101, p\u0101rliecinoties, ka visas skr\u016bves vai stiprin\u0101jumi ir pareizi pievilkti atbilsto\u0161i ra\u017eot\u0101ja specifik\u0101cij\u0101m.<\/li>\n<\/ul>\n<\/li>\n<li><strong>Test\u0113\u0161ana un uzst\u0101d\u012b\u0161ana:<\/strong>\n<ul>\n<li>Kad cilindrs ir salikts atpaka\u013c, ir svar\u012bgi p\u0101rbaud\u012bt t\u0101 darb\u012bbu, pirms to atk\u0101rtoti uzst\u0101d\u0101t iek\u0101rt\u0101.<\/li>\n<li>Pievienojiet hidraulisk\u0101s l\u012bnijas un atk\u0101rtoti piepildiet sist\u0113mu ar spiedienu saska\u0146\u0101 ar ra\u017eot\u0101ja nor\u0101d\u012bjumiem.<\/li>\n<li>Vair\u0101kas reizes iesl\u0113dziet cilindru, lai p\u0101rbaud\u012btu t\u0101 vienm\u0113r\u012bgu darb\u012bbu, pareizu bl\u012bv\u0113jumu un iesp\u0113jam\u0101s nopl\u016bdes.<\/li>\n<li>Ja cilindrs p\u0101rbaudes laik\u0101 darbojas pareizi, uzst\u0101diet to atpaka\u013c iek\u0101rt\u0101, nodro\u0161inot pareizu hidraulisko l\u012bniju izl\u012bdzin\u0101\u0161anu un pievieno\u0161anu.<\/li>\n<\/ul>\n<\/li>\n<\/ol>\n<h2><strong>R\u016bpn\u012bcas iesp\u0113jas un jauda:<\/strong><\/h2>\n<h3>(1) Mont\u0101\u017ea<\/h3>\n<p>Mums ir pirmklas\u012bga neatkar\u012bga p\u0113tniec\u012bbas un att\u012bst\u012bbas mont\u0101\u017eas platforma. Hidraulisko cilindru ra\u017eo\u0161anas darbn\u012bc\u0101 ir \u010detras pusautom\u0101tiskas pacel\u0161anas cilindru mont\u0101\u017eas l\u012bnijas un viena autom\u0101tisk\u0101 sl\u012bpuma cilindru mont\u0101\u017eas l\u012bnija ar projekt\u0113to gada ra\u017eo\u0161anas jaudu 1 miljons vien\u012bbu. Speci\u0101lo cilindru darbn\u012bca ir apr\u012bkota ar da\u017e\u0101du specifik\u0101ciju pusautom\u0101tisku t\u012br\u012b\u0161anas mont\u0101\u017eas sist\u0113mu ar projekt\u0113to gada ra\u017eo\u0161anas jaudu 200 000 vien\u012bbu un apr\u012bkota ar slaven\u0101m CNC apstr\u0101des iek\u0101rt\u0101m, apstr\u0101des centru, augstas precizit\u0101tes cilindru apstr\u0101des speci\u0101lo apr\u012bkojumu, robotiz\u0113tu metin\u0101\u0161anas iek\u0101rtu, autom\u0101tisku t\u012br\u012b\u0161anas iek\u0101rtu, autom\u0101tisku cilindru mont\u0101\u017eas iek\u0101rtu un autom\u0101tisku kr\u0101so\u0161anas ra\u017eo\u0161anas l\u012bniju. Eso\u0161ais kritiskais apr\u012bkojums ir vair\u0101k nek\u0101 300 komplektu (komplektu). Optim\u0101la iek\u0101rtu resursu sadale un efekt\u012bva izmanto\u0161ana nodro\u0161ina produktu precizit\u0101tes pras\u012bbas un apmierina produktu augst\u0101s kvalit\u0101tes pras\u012bbas.<\/p>\n<p><img loading=\"lazy\" decoding=\"async\" class=\"alignnone wp-image-626\" src=\"https:\/\/hydraulic-cylinders.net\/wp-content\/uploads\/2023\/08\/hydraulic-cylinder-product-1-300x158.webp\" alt=\"\" width=\"495\" height=\"260\" srcset=\"https:\/\/hydraulic-cylinders.net\/wp-content\/uploads\/2023\/08\/hydraulic-cylinder-product-1-300x158.webp 495w, https:\/\/hydraulic-cylinders.net\/wp-content\/uploads\/2023\/08\/hydraulic-cylinder-product-1-480x252.webp 480w\" sizes=\"(min-width: 0px) and (max-width: 480px) 480px, (min-width: 481px) 495px, 100vw\" \/> <img loading=\"lazy\" decoding=\"async\" class=\"alignnone wp-image-627\" src=\"https:\/\/hydraulic-cylinders.net\/wp-content\/uploads\/2023\/08\/hydraulic-cylinder-product-2-300x189.webp\" alt=\"\" width=\"413\" height=\"260\" \/><\/p>\n<h3>(2) Apstr\u0101de<\/h3>\n<p>Apstr\u0101des cehs ir apr\u012bkots ar piel\u0101gotu sl\u012bpo slie\u017eu virpo\u0161anas centru, apstr\u0101des centru, \u0101trgaitas asin\u0101\u0161anas ma\u0161\u012bnu, metin\u0101\u0161anas robotu un citu saist\u012btu apr\u012bkojumu, kas var apstr\u0101d\u0101t cilindriskas caurules ar maksim\u0101lo iek\u0161\u0113jo diametru 400 mm un maksim\u0101lo garumu 6 metri.<\/p>\n<p><img loading=\"lazy\" decoding=\"async\" class=\"alignnone wp-image-628 size-large\" src=\"https:\/\/hydraulic-cylinders.net\/wp-content\/uploads\/2023\/08\/hydraulic-cylinder-product-3-1024x391.webp\" alt=\"\" width=\"1024\" height=\"391\" srcset=\"https:\/\/hydraulic-cylinders.net\/wp-content\/uploads\/2023\/08\/hydraulic-cylinder-product-3-980x374.webp 980w, https:\/\/hydraulic-cylinders.net\/wp-content\/uploads\/2023\/08\/hydraulic-cylinder-product-3-480x183.webp 480w\" sizes=\"(min-width: 0px) and (max-width: 480px) 480px, (min-width: 481px) and (max-width: 980px) 980px, (min-width: 981px) 1024px, 100vw\" \/><\/p>\n<h3>(3) Metin\u0101\u0161ana<\/h3>\n<p><img loading=\"lazy\" decoding=\"async\" class=\"alignnone wp-image-629 size-large\" src=\"https:\/\/hydraulic-cylinders.net\/wp-content\/uploads\/2023\/08\/hydraulic-cylinder-product-4-1024x510.webp\" alt=\"\" width=\"1024\" height=\"510\" srcset=\"https:\/\/hydraulic-cylinders.net\/wp-content\/uploads\/2023\/08\/hydraulic-cylinder-product-4-980x488.webp 980w, https:\/\/hydraulic-cylinders.net\/wp-content\/uploads\/2023\/08\/hydraulic-cylinder-product-4-480x239.webp 480w\" sizes=\"(min-width: 0px) and (max-width: 480px) 480px, (min-width: 481px) and (max-width: 980px) 980px, (min-width: 981px) 1024px, 100vw\" \/><\/p>\n<h3>(4) Kr\u0101so\u0161ana un p\u0101rkl\u0101\u0161ana<\/h3>\n<p>Ar maz\u0101m un vid\u0113ja izm\u0113ra cilindrisk\u0101m autom\u0101tisk\u0101m \u016bdens b\u0101zes kr\u0101su p\u0101rkl\u0101\u0161anas l\u012bnij\u0101m, lai pan\u0101ktu autom\u0101tisku robotu iekrau\u0161anu un izkrau\u0161anu un autom\u0101tisku izsmidzin\u0101\u0161anu, projekt\u0113t\u0101 jauda ir 4000 gabali mai\u0146\u0101;<br \/>\nMums ir ar\u012b pusautom\u0101tiska kr\u0101su ra\u017eo\u0161anas l\u012bnija lieliem baloniem, ko darbina \u0137\u0113des piedzi\u0146a, ar 60 kastu konstrukcijas jaudu vien\u0101 mai\u0146\u0101.<\/p>\n<p><img loading=\"lazy\" decoding=\"async\" class=\"alignnone wp-image-630\" src=\"https:\/\/hydraulic-cylinders.net\/wp-content\/uploads\/2023\/08\/hydraulic-cylinder-product-5-300x213.webp\" alt=\"\" width=\"366\" height=\"260\" \/> <img loading=\"lazy\" decoding=\"async\" class=\"alignnone wp-image-631\" src=\"https:\/\/hydraulic-cylinders.net\/wp-content\/uploads\/2023\/08\/hydraulic-cylinder-product-6-300x225.webp\" alt=\"\" width=\"347\" height=\"260\" \/><\/p>\n<h3>(5) Test\u0113\u0161ana<\/h3>\n<p>Mums ir augst\u0101k\u0101s klases p\u0101rbaudes iek\u0101rtas un test\u0113\u0161anas stendi, lai nodro\u0161in\u0101tu, ka balona veiktsp\u0113ja atbilst pras\u012bb\u0101m.<\/p>\n<p><img loading=\"lazy\" decoding=\"async\" class=\"alignnone wp-image-632\" src=\"https:\/\/hydraulic-cylinders.net\/wp-content\/uploads\/2023\/08\/hydraulic-cylinder-product-8-300x200.webp\" alt=\"\" width=\"389\" height=\"260\" \/><\/p>\n<p>&nbsp;<\/p>\n<p>&nbsp;<\/p>\n<p>M\u0113s esam viens no lab\u0101kajiem hidraulisko cilindru ra\u017eot\u0101jiem. M\u0113s varam pied\u0101v\u0101t visaptvero\u0161us hidrauliskos cilindrus. M\u0113s nodro\u0161in\u0101m ar\u012b atbilsto\u0161us <a href=\"https:\/\/hzpt.com\/agricultural-pto-gearbox\/\" target=\"_blank\" rel=\"noopener\">lauksaimniec\u012bbas p\u0101rnesumk\u0101rbas<\/a>. M\u0113s esam eksport\u0113ju\u0161i savus produktus klientiem vis\u0101 pasaul\u0113 un esam ieguvu\u0161i labu reput\u0101ciju, pateicoties m\u016bsu izcilajai produktu kvalit\u0101tei un p\u0113cp\u0101rdo\u0161anas servisam. M\u0113s aicin\u0101m klientus no valsts un \u0101rvalst\u012bm sazin\u0101ties ar mums, lai risin\u0101tu biznesa sarunas, apmain\u012btos ar inform\u0101ciju un... <a href=\"https:\/\/www.hydraulic-cylinders.net\/lv\/contact-us\/\">sadarboties ar mums<\/a>!<\/p>","protected":false},"excerpt":{"rendered":"<p>Press Front Side Shift Cylinder The press front side shift cylinder is an innovative tool designed to elevate the precision and efficiency of pressing operations. This advanced cylinder is specifically engineered to facilitate the front side shifting of workpieces during pressing, ensuring accurate alignment and reducing setup time. The press front side shift cylinder is [&hellip;]<\/p>","protected":false},"featured_media":1678,"comment_status":"open","ping_status":"closed","template":"","meta":{"_et_pb_use_builder":"","_et_pb_old_content":"","_et_gb_content_width":""},"product_brand":[],"product_cat":[1550,1522,1376],"product_tag":[1380],"class_list":{"0":"post-1677","1":"product","2":"type-product","3":"status-publish","4":"has-post-thumbnail","6":"product_cat-double-acting-hydraulic-cylinder","7":"product_cat-press-hydraulic-cylinders","8":"product_cat-hydraulic-cylinder","9":"product_tag-hydraulic-cylinder","11":"first","12":"instock","13":"shipping-taxable","14":"product-type-simple"},"amp_enabled":true,"_links":{"self":[{"href":"https:\/\/www.hydraulic-cylinders.net\/lv\/wp-json\/wp\/v2\/product\/1677","targetHints":{"allow":["GET"]}}],"collection":[{"href":"https:\/\/www.hydraulic-cylinders.net\/lv\/wp-json\/wp\/v2\/product"}],"about":[{"href":"https:\/\/www.hydraulic-cylinders.net\/lv\/wp-json\/wp\/v2\/types\/product"}],"replies":[{"embeddable":true,"href":"https:\/\/www.hydraulic-cylinders.net\/lv\/wp-json\/wp\/v2\/comments?post=1677"}],"wp:featuredmedia":[{"embeddable":true,"href":"https:\/\/www.hydraulic-cylinders.net\/lv\/wp-json\/wp\/v2\/media\/1678"}],"wp:attachment":[{"href":"https:\/\/www.hydraulic-cylinders.net\/lv\/wp-json\/wp\/v2\/media?parent=1677"}],"wp:term":[{"taxonomy":"product_brand","embeddable":true,"href":"https:\/\/www.hydraulic-cylinders.net\/lv\/wp-json\/wp\/v2\/product_brand?post=1677"},{"taxonomy":"product_cat","embeddable":true,"href":"https:\/\/www.hydraulic-cylinders.net\/lv\/wp-json\/wp\/v2\/product_cat?post=1677"},{"taxonomy":"product_tag","embeddable":true,"href":"https:\/\/www.hydraulic-cylinders.net\/lv\/wp-json\/wp\/v2\/product_tag?post=1677"}],"curies":[{"name":"wp","href":"https:\/\/api.w.org\/{rel}","templated":true}]}}