{"id":16772,"date":"2025-01-21T05:53:12","date_gmt":"2025-01-21T05:53:12","guid":{"rendered":"https:\/\/www.hydraulic-cylinders.net\/product\/arm-cylinder-for-yishan-ys70\/"},"modified":"2025-01-21T05:53:17","modified_gmt":"2025-01-21T05:53:17","slug":"arm-cylinder-for-yishan-ys70","status":"publish","type":"product","link":"https:\/\/www.hydraulic-cylinders.net\/lv\/products\/arm-cylinder-for-yishan-ys70\/","title":{"rendered":"Sviras cilindrs Yishan YS70"},"content":{"rendered":"<h2>Sviras cilindrs Yishan YS70<\/h2>\n<h3>Produkta defin\u012bcija<\/h3>\n<p>Sviras cilindrs ir hidrauliskais cilindrs, kas \u012bpa\u0161i paredz\u0113ts, lai nodro\u0161in\u0101tu line\u0101ru kust\u012bbu un jaudu da\u017e\u0101du ma\u0161\u012bnu, piem\u0113ram, ekskavatoru, celt\u0146u un meh\u0101nisko sviru, svir\u0101m. Sviras cilindram ir iz\u0161\u0137iro\u0161a noz\u012bme hidrauliskaj\u0101 sist\u0113m\u0101, \u013caujot efekt\u012bvi p\u0101rvietot un kontrol\u0113t pielikumus vai piederumus. \u0160ie cilindri ne tikai nodro\u0161ina vienm\u0113r\u012bgu kust\u012bbu, bet ar\u012b iztur lielas slodzes, nodro\u0161inot tehnikas efekt\u012bvu darb\u012bbu un uzticam\u012bbu da\u017e\u0101dos ekspluat\u0101cijas apst\u0101k\u013cos.<\/p>\n<p><img decoding=\"async\" src=\"https:\/\/www.hydraulic-cylinders.net\/wp-content\/uploads\/2025\/01\/songte-company-2.webp\" alt=\"Sviras cilindra att\u0113ls\"><\/p>\n<h3>Produkta funkcijas<\/h3>\n<ul>\n<li><strong>Augstas efektivit\u0101tes transmisija:<\/strong> Sviras cilindrs nodro\u0161ina jaud\u012bgu line\u0101ru kust\u012bbu un sp\u0113ku, garant\u0113jot meh\u0101nisko sviru augstu efektivit\u0101ti da\u017e\u0101d\u0101s darb\u012bb\u0101s.<\/li>\n<li><strong>Prec\u012bza kontrole:<\/strong> Izmantojot hidraulisko sist\u0113mu, rokas cilindrs nodro\u0161ina prec\u012bzu kust\u012bbas vad\u012bbu, padarot agreg\u0101tu darb\u012bbu elast\u012bg\u0101ku un prec\u012bz\u0101ku.<\/li>\n<li><strong>Sp\u0113c\u012bga iztur\u012bba:<\/strong> Roku cilindri parasti ir izgatavoti no augstas iztur\u012bbas materi\u0101liem, ar labu nodilumiztur\u012bbu un iztur\u012bbu pret koroziju, kas ir piem\u0113roti ilgsto\u0161ai lieto\u0161anai skarbos apst\u0101k\u013cos.<\/li>\n<li><strong>Daudzfunkcion\u0101la piel\u0101go\u0161an\u0101s sp\u0113ja:<\/strong> \u0160os cilindrus var pla\u0161i pielietot da\u017e\u0101d\u0101m meh\u0101nisk\u0101m iek\u0101rt\u0101m, piem\u0113ram, ekskavatoriem, celt\u0146iem un meh\u0101niskaj\u0101m svir\u0101m, lai apmierin\u0101tu da\u017e\u0101das darba vajadz\u012bbas.<\/li>\n<li><strong>Vienk\u0101r\u0161a apkope:<\/strong> Projekt\u0113jot \u0146emta v\u0113r\u0101 apkopes un nomai\u0146as vienk\u0101r\u0161\u012bba, padarot regul\u0101ru p\u0101rbaudi un apkopi \u0113rt\u0101ku un samazinot iek\u0101rtu d\u012bkst\u0101ves laiku.<\/li>\n<\/ul>\n<p>M\u0113s varam ra\u017eot \u0161o produktu, kas var lieliski aizst\u0101t \u0161os hidrauliskos cilindrus.<\/p>\n<p><img decoding=\"async\" src=\"https:\/\/www.hydraulic-cylinders.net\/wp-content\/uploads\/2025\/01\/songte-oil-pipes-and-spare-parts.webp\" alt=\"Sviras cilindra nomai\u0146as att\u0113ls\"><\/p>\n<h3>Produkta pielietojums<\/h3>\n<p>Sviras cilindrs tiek izmantots da\u017e\u0101d\u0101s nozar\u0113s un pielietojumos:<\/p>\n<ul>\n<li><strong>B\u016bvniec\u012bbas in\u017eenierija:<\/strong> Ekskavatoros un celt\u0146os sviras cilindrs tiek izmantots, lai kontrol\u0113tu kausa vai str\u0113les kust\u012bbu zemes p\u0101rvieto\u0161anas, materi\u0101lu apstr\u0101des un konstrukciju uzst\u0101d\u012b\u0161anas laik\u0101.<\/li>\n<li><strong>Ra\u017eo\u0161ana:<\/strong> Automatiz\u0113t\u0101s ra\u017eo\u0161anas l\u012bnij\u0101s sviras cilindrs tiek izmantots meh\u0101nisko sviru p\u0101rvieto\u0161anai, lai veiktu mont\u0101\u017eas, metin\u0101\u0161anas un apstr\u0101des procesus, uzlabojot ra\u017eo\u0161anas efektivit\u0101ti un precizit\u0101ti.<\/li>\n<li><strong>Lauksaimniec\u012bbas tehnika:<\/strong> Lauksaimniec\u012bbas ma\u0161\u012bn\u0101s, piem\u0113ram, kombainos un s\u0113jma\u0161\u012bn\u0101s, sviras cilindrs kontrol\u0113 vad\u012bbas sviru kust\u012bbu, lai veiktu t\u0101dus uzdevumus k\u0101 s\u0113\u0161ana, m\u0113slo\u0161ana un ra\u017eas nov\u0101k\u0161ana.<\/li>\n<li><strong>Kalnr\u016bpniec\u012bba:<\/strong> Kalnr\u016bpniec\u012bbas iek\u0101rt\u0101s rokas cilindrs tiek izmantots, lai kontrol\u0113tu kalnr\u016bpniec\u012bbas iek\u0101rtu rokas kust\u012bbu r\u016bdas ieguvei un transport\u0113\u0161anai.<\/li>\n<li><strong>Lo\u0123istika un transports:<\/strong> Iekr\u0101v\u0113jos un apstr\u0101des robotos rokas cilindrs tiek izmantots, lai kontrol\u0113tu dak\u0161u pacel\u0161anu un kust\u012bbu, realiz\u0113jot materi\u0101lu apstr\u0101di un sakrau\u0161anu.<\/li>\n<\/ul>\n<h3>Produkta dizaina apsv\u0113rumi un atlases standarti<\/h3>\n<p>Sviras cilindra konstrukcijas apsv\u0113rumi ietver:<\/p>\n<ul>\n<li><strong>Nestsp\u0113ja:<\/strong> Sviras cilindram j\u0101sp\u0113j iztur\u0113t maksim\u0101lo ma\u0161\u012bnas slodzi darb\u012bbas laik\u0101.<\/li>\n<li><strong>Bl\u012bv\u0113jums:<\/strong> Sviras cilindram j\u0101b\u016bt ar labu bl\u012bv\u0113juma veiktsp\u0113ju, lai nov\u0113rstu e\u013c\u013cas nopl\u016bdes un nodro\u0161in\u0101tu efekt\u012bvu darb\u012bbu.<\/li>\n<li><strong>Iztur\u012bba:<\/strong> Sviras cilindram j\u0101b\u016bt izgatavotam no augstas stipr\u012bbas un nodilumiztur\u012bgiem materi\u0101liem, lai nodro\u0161in\u0101tu ilgsto\u0161u lieto\u0161anu skarbos apst\u0101k\u013cos.<\/li>\n<li><strong>Dro\u0161\u012bba:<\/strong> Sviras cilindram j\u0101b\u016bt apr\u012bkotam ar dro\u0161\u012bbas pas\u0101kumiem, lai nov\u0113rstu negad\u012bjumus darb\u012bbas laik\u0101.<\/li>\n<li><strong>Apkope:<\/strong> Sviras cilindram j\u0101b\u016bt konstru\u0113tam t\u0101, lai to b\u016btu viegli apkopt un nomain\u012bt, lai samazin\u0101tu iek\u0101rtu d\u012bkst\u0101ves laiku.<\/li>\n<\/ul>\n<p><img decoding=\"async\" src=\"https:\/\/www.hydraulic-cylinders.net\/wp-content\/uploads\/2025\/01\/songte-cylinder-head-with-all-kinds-excavator-models.webp\" alt=\"Sviras cilindra dizaina att\u0113ls\"><\/p>\n<p>Sviras cilindra bl\u012bv\u0113\u0161anas un e\u013c\u013co\u0161anas apsv\u0113rumi ietver:<\/p>\n<ul>\n<li>J\u0101izmanto da\u017e\u0101di bl\u012bv\u0113\u0161anas komponenti, piem\u0113ram, virzu\u013ca bl\u012bvsl\u0113gi \u200b\u200bun stie\u0146a bl\u012bvsl\u0113gi, un bl\u012bvsl\u0113giem j\u0101izv\u0113las nodilumiztur\u012bgi materi\u0101li, piem\u0113ram, poliuret\u0101ns un nitrilgumija.<\/li>\n<li>Cilindra korpusam un v\u012btnes gala virsmai j\u0101b\u016bt smalki apstr\u0101d\u0101tai, lai uzlabotu nodilumiztur\u012bbu.<\/li>\n<li>E\u013c\u013co\u0161anai regul\u0101ri j\u0101pievieno atbilsto\u0161a hidraulisk\u0101 e\u013c\u013ca.<\/li>\n<\/ul>\n<h3>Prevent\u012bvie apkopes pas\u0101kumi<\/h3>\n<p>Sviras cilindra prevent\u012bvie apkopes pas\u0101kumi ietver:<\/p>\n<ul>\n<li>Regul\u0101ri p\u0101rbaudiet cilindra korpusu un bl\u012bves, vai nav nodiluma vai boj\u0101jumu.<\/li>\n<li>Regul\u0101ri p\u0101rbaudiet hidraulisk\u0101s e\u013c\u013cas l\u012bmeni un kvalit\u0101ti.<\/li>\n<li>Bl\u012bv\u0113juma komponentu un hidraulisk\u0101s e\u013c\u013cas nomai\u0146a p\u0113c nepiecie\u0161am\u012bbas.<\/li>\n<li>Regul\u0101ri veikt hidraulisk\u0101s sist\u0113mas t\u012br\u012b\u0161anu un apkopi.<\/li>\n<\/ul>\n<p><img decoding=\"async\" src=\"https:\/\/www.hydraulic-cylinders.net\/wp-content\/uploads\/2025\/01\/songte-chushion-collar.webp\" alt=\"Sviras cilindra apkopes att\u0113ls\"><\/p>\n<h3>Produkta uzst\u0101d\u012b\u0161anas rokasgr\u0101mata<\/h3>\n<p>Sviras cilindrs j\u0101uzst\u0101da saska\u0146\u0101 ar \u0161\u0101diem nor\u0101d\u012bjumiem:<\/p>\n<ul>\n<li>No\u0146emiet veco cilindru.<\/li>\n<li>Not\u012briet mont\u0101\u017eas virsmu un p\u0101rliecinieties, ka t\u0101 ir l\u012bdzena un bez gru\u017eiem.<\/li>\n<li>Piestipriniet jauno cilindru pie mont\u0101\u017eas virsmas, izmantojot atbilsto\u0161u aparat\u016bru.<\/li>\n<li>Pievienojiet hidraulisk\u0101s \u0161\u013c\u016btenes saska\u0146\u0101 ar ra\u017eot\u0101ja nor\u0101d\u012bjumiem.<\/li>\n<li>P\u0101rbaudiet cilindra pareizu darb\u012bbu.<\/li>\n<\/ul>\n<p><img decoding=\"async\" src=\"https:\/\/www.hydraulic-cylinders.net\/wp-content\/uploads\/2025\/01\/songte-bushings-with-all-kinds-of-excavator-models.webp\" alt=\"Sviras cilindra uzst\u0101d\u012b\u0161anas att\u0113ls\"><\/p>\n<h3>Produkta dro\u0161\u012bbas un vides apsv\u0113rumi<\/h3>\n<p>Lietojot sviras cilindru, ir svar\u012bgi iev\u0113rot dro\u0161\u012bbas pas\u0101kumus, lai nov\u0113rstu negad\u012bjumus un nodro\u0161in\u0101tu dro\u0161u darb\u012bbu. J\u0101\u0146em v\u0113r\u0101 ar\u012b vides faktori, piem\u0113ram, pareiza izlietot\u0101s hidraulisk\u0101s e\u013c\u013cas utiliz\u0101cija.<\/p>\n<h3>Probl\u0113mu nov\u0113r\u0161ana un bie\u017ei sastopamas probl\u0113mas<\/h3>\n<p>Bie\u017ei sastopamas probl\u0113mas ar sviras cilindru ir e\u013c\u013cas nopl\u016bdes, nepietiekams sp\u0113ks un neparastas ska\u0146as darb\u012bbas laik\u0101. \u0160\u012bs probl\u0113mas var diagnostic\u0113t, p\u0101rbaudot bl\u012bves un hidraulisk\u0101s sist\u0113mas komponentus. Pareiza apkope un nodilu\u0161o komponentu nomai\u0146a var atrisin\u0101t \u0161\u012bs probl\u0113mas.<\/p>\n<h3>Secin\u0101jums<\/h3>\n<p>M\u0113s esam profesion\u0101ls rezerves hidraulisko cilindru ra\u017eot\u0101js. M\u016bsu produkti ir daudzveid\u012bgi un esam k\u013cuvu\u0161i par vienu no vado\u0161ajiem hidraulisko cilindru ra\u017eot\u0101jiem un vairumtirdzniec\u012bbas izplat\u012bt\u0101jiem viet\u0113j\u0101 un starptautiskaj\u0101 tirg\u016b. M\u0113s vienm\u0113r iev\u0113rojam izcilas kvalit\u0101tes principu un nep\u0101rtraukti uzlabojam savas tehnolo\u0123ijas un ra\u017eo\u0161anas efektivit\u0101ti. M\u016bsu m\u0113r\u0137is ir apmierin\u0101t klientu vajadz\u012bbas ar efektivit\u0101ti, precizit\u0101ti un augstu kvalit\u0101ti.<\/p>\n<p><img decoding=\"async\" src=\"https:\/\/www.hydraulic-cylinders.net\/wp-content\/uploads\/2025\/01\/songte-company-4.webp\" alt=\"Uz\u0146\u0113muma p\u0101rskata att\u0113ls\"><br \/>\n<img decoding=\"async\" src=\"https:\/\/www.hydraulic-cylinders.net\/wp-content\/uploads\/2025\/01\/songte-company-3.webp\" alt=\"Uz\u0146\u0113muma p\u0101rskata att\u0113ls\"><\/p>\n<p><em>Autors: lil<\/em><\/p>","protected":false},"excerpt":{"rendered":"<p>Arm Cylinder For Yishan YS70 Product Definition An arm cylinder is a hydraulic cylinder designed specifically to provide linear motion and power to the arms of various machines, such as excavators, cranes, and mechanical arms. The arm cylinder plays a crucial role in the hydraulic system, allowing for effective movement and control of attachments or [&hellip;]<\/p>","protected":false},"featured_media":14772,"comment_status":"open","ping_status":"closed","template":"","meta":{"_et_pb_use_builder":"","_et_pb_old_content":"","_et_gb_content_width":""},"product_brand":[],"product_cat":[1497],"product_tag":[1498,1496],"class_list":{"0":"post-16772","1":"product","2":"type-product","3":"status-publish","4":"has-post-thumbnail","6":"product_cat-arm-cylinders","7":"product_tag-arm-cylinders","8":"product_tag-hydraulic-cylinders","10":"first","11":"instock","12":"shipping-taxable","13":"product-type-simple"},"amp_enabled":true,"_links":{"self":[{"href":"https:\/\/www.hydraulic-cylinders.net\/lv\/wp-json\/wp\/v2\/product\/16772","targetHints":{"allow":["GET"]}}],"collection":[{"href":"https:\/\/www.hydraulic-cylinders.net\/lv\/wp-json\/wp\/v2\/product"}],"about":[{"href":"https:\/\/www.hydraulic-cylinders.net\/lv\/wp-json\/wp\/v2\/types\/product"}],"replies":[{"embeddable":true,"href":"https:\/\/www.hydraulic-cylinders.net\/lv\/wp-json\/wp\/v2\/comments?post=16772"}],"wp:featuredmedia":[{"embeddable":true,"href":"https:\/\/www.hydraulic-cylinders.net\/lv\/wp-json\/wp\/v2\/media\/14772"}],"wp:attachment":[{"href":"https:\/\/www.hydraulic-cylinders.net\/lv\/wp-json\/wp\/v2\/media?parent=16772"}],"wp:term":[{"taxonomy":"product_brand","embeddable":true,"href":"https:\/\/www.hydraulic-cylinders.net\/lv\/wp-json\/wp\/v2\/product_brand?post=16772"},{"taxonomy":"product_cat","embeddable":true,"href":"https:\/\/www.hydraulic-cylinders.net\/lv\/wp-json\/wp\/v2\/product_cat?post=16772"},{"taxonomy":"product_tag","embeddable":true,"href":"https:\/\/www.hydraulic-cylinders.net\/lv\/wp-json\/wp\/v2\/product_tag?post=16772"}],"curies":[{"name":"wp","href":"https:\/\/api.w.org\/{rel}","templated":true}]}}