{"id":16774,"date":"2025-01-21T05:53:24","date_gmt":"2025-01-21T05:53:24","guid":{"rendered":"https:\/\/www.hydraulic-cylinders.net\/product\/arm-cylinder-for-john-deere-e140lc\/"},"modified":"2025-01-21T05:53:26","modified_gmt":"2025-01-21T05:53:26","slug":"arm-cylinder-for-john-deere-e140lc","status":"publish","type":"product","link":"https:\/\/www.hydraulic-cylinders.net\/lv\/products\/arm-cylinder-for-john-deere-e140lc\/","title":{"rendered":"John Deere E140LC sviras cilindrs"},"content":{"rendered":"<h1>John Deere E140LC sviras cilindrs<\/h1>\n<h2>Ievads<\/h2>\n<p>John Deere E140LC sviras cilindrs ir \u012bpa\u0161i izstr\u0101d\u0101ts hidrauliskais cilindrs, kas nodro\u0161ina line\u0101ru kust\u012bbu un jaudu da\u017e\u0101du veidu tehnikas, piem\u0113ram, ekskavatoru, celt\u0146u un robotiz\u0113tu roku, svirai. Sviras cilindram ir iz\u0161\u0137iro\u0161a noz\u012bme hidrauliskaj\u0101s sist\u0113m\u0101s, \u013caujot efekt\u012bvi p\u0101rvietot un kontrol\u0113t papildu instrumentus vai stiprin\u0101jumus. \u0160ie cilindri ne tikai nodro\u0161ina vienm\u0113r\u012bgu kust\u012bbu, bet ar\u012b iztur lielas slodzes, nodro\u0161inot tehnikas efekt\u012bvu darb\u012bbu un uzticam\u012bbu da\u017e\u0101dos darba apst\u0101k\u013cos.<\/p>\n<p><img decoding=\"async\" src=\"https:\/\/www.hydraulic-cylinders.net\/wp-content\/uploads\/2025\/01\/songte-company-2.webp\"><\/p>\n<h2>Funkcijas<\/h2>\n<ul>\n<li><strong>Augstas efektivit\u0101tes p\u0101rraide:<\/strong> Sviras cilindrs nodro\u0161ina jaud\u012bgu line\u0101ru kust\u012bbu un sp\u0113ku, garant\u0113jot meh\u0101nisk\u0101s sviras augstas veiktsp\u0113jas iesp\u0113jas da\u017e\u0101d\u0101s darb\u012bb\u0101s.<\/li>\n<li><strong>Prec\u012bza kontrole:<\/strong> Izmantojot hidraulisko sist\u0113mu, rokas cilindrs nodro\u0161ina prec\u012bzu kust\u012bbas kontroli, padarot pievienoto instrumentu darb\u012bbu elast\u012bg\u0101ku un prec\u012bz\u0101ku.<\/li>\n<li><strong>Iztur\u012bba:<\/strong> Sviru cilindri parasti ir izgatavoti no augstas iztur\u012bbas materi\u0101liem, kas nodro\u0161ina izcilu nodilumiztur\u012bbu un korozijas iztur\u012bbu, t\u0101p\u0113c ir piem\u0113roti ilgsto\u0161ai lieto\u0161anai skarbos apst\u0101k\u013cos.<\/li>\n<li><strong>Daudzpus\u012bga piel\u0101go\u0161an\u0101s sp\u0113ja:<\/strong> \u0160os cilindrus var pla\u0161i pielietot da\u017e\u0101da veida ma\u0161\u012bn\u0101m, piem\u0113ram, ekskavatoriem, celt\u0146iem un robotiz\u0113t\u0101m rok\u0101m, piel\u0101gojoties da\u017e\u0101d\u0101m darba pras\u012bb\u0101m.<\/li>\n<li><strong>Vienk\u0101r\u0161a apkope:<\/strong> Ar vienk\u0101r\u0161u apkopi un nomai\u0146u paredz\u0113tie sviras cilindri atvieglo regul\u0101ras p\u0101rbaudes un apkopi, samazinot iek\u0101rtu d\u012bkst\u0101ves laiku.<\/li>\n<\/ul>\n<p><img decoding=\"async\" src=\"https:\/\/www.hydraulic-cylinders.net\/wp-content\/uploads\/2025\/01\/songte-oil-pipes-and-spare-parts.webp\"><\/p>\n<h2>Pieteikumi<\/h2>\n<p>Sviru cilindri tiek pla\u0161i izmantoti \u0161\u0101d\u0101s nozar\u0113s un lietojumos:<\/p>\n<h3>1. B\u016bvniec\u012bbas in\u017eenierija<\/h3>\n<p>Ekskavatoros un celt\u0146os str\u0113les cilindri kontrol\u0113 kausa vai str\u0113les kust\u012bbu, atvieglojot zemes darbus, materi\u0101lu apstr\u0101di un konstrukciju uzst\u0101d\u012b\u0161anu.<\/p>\n<h3>2. Ra\u017eo\u0161ana<\/h3>\n<p>Automatiz\u0113t\u0101s ra\u017eo\u0161anas l\u012bnij\u0101s roku cilindri nodro\u0161ina robotiz\u0113tu roku kust\u012bbu mont\u0101\u017eas, metin\u0101\u0161anas un materi\u0101lu apstr\u0101des procesos, uzlabojot ra\u017eo\u0161anas efektivit\u0101ti un precizit\u0101ti.<\/p>\n<h3>3. Lauksaimniec\u012bbas tehnika<\/h3>\n<p>Lauksaimniec\u012bbas ma\u0161\u012bn\u0101s, piem\u0113ram, kombainos un s\u0113jma\u0161\u012bn\u0101s, sviru cilindri kontrol\u0113 darbin\u0101\u0161anas sviru kust\u012bbu, lai veiktu t\u0101dus uzdevumus k\u0101 s\u0113\u0161ana, m\u0113slo\u0161ana un ra\u017eas nov\u0101k\u0161ana.<\/p>\n<h3>4. Kalnr\u016bpniec\u012bba<\/h3>\n<p>Kalnr\u016bpniec\u012bbas iek\u0101rt\u0101s roku cilindri tiek izmantoti, lai kontrol\u0113tu kalnr\u016bpniec\u012bbas ier\u012b\u010du roku kust\u012bbu, atvieglojot r\u016bdas ieguvi un transport\u0113\u0161anu.<\/p>\n<h3>5. Lo\u0123istika un transports<\/h3>\n<p>Iekr\u0101v\u0113jos un apstr\u0101des robotos roku cilindri kontrol\u0113 dak\u0161u pacel\u0161anu un kust\u012bbu, nodro\u0161inot materi\u0101lu apstr\u0101di un sakrau\u0161anu.<\/p>\n<p><img decoding=\"async\" src=\"https:\/\/www.hydraulic-cylinders.net\/wp-content\/uploads\/2025\/01\/songte-cylinder-head-with-all-kinds-excavator-models.webp\"><\/p>\n<h2>Dizaina apsv\u0113rumi un atlases krit\u0113riji<\/h2>\n<p>Run\u0101jot par sviras cilindru konstrukciju, ir vair\u0101ki galvenie apsv\u0113rumi un izv\u0113les krit\u0113riji:<\/p>\n<h3>1. Nestsp\u0113ja<\/h3>\n<p>Sviras cilindram j\u0101b\u016bt konstru\u0113tam t\u0101, lai tas iztur\u0113tu konkr\u0113t\u0101s slodzes pras\u012bbas ma\u0161\u012bn\u0101m, kur\u0101s tas tiks izmantots, nodro\u0161inot optim\u0101lu veiktsp\u0113ju un dro\u0161\u012bbu.<\/p>\n<h3>2. Bl\u012bv\u0113\u0161ana<\/h3>\n<p>Lai saglab\u0101tu hidraulisk\u0101s sist\u0113mas integrit\u0101ti, j\u0101izmanto da\u017e\u0101di bl\u012bv\u0113\u0161anas komponenti, piem\u0113ram, virzu\u013ca bl\u012bvsl\u0113gi \u200b\u200bun stie\u0146a bl\u012bvsl\u0113gi. \u0160ie bl\u012bvsl\u0113gi \u200b\u200bparasti ir izgatavoti no nodilumiztur\u012bgiem materi\u0101liem, piem\u0113ram, poliuret\u0101na un nitrila gumijas.<\/p>\n<h3>3. Iztur\u012bba<\/h3>\n<p>Sviras cilindram j\u0101b\u016bt izgatavotam no augstas iztur\u012bbas materi\u0101liem un j\u0101veic prec\u012bza virsmas apstr\u0101de, lai uzlabotu nodilumiztur\u012bbu, nodro\u0161inot ilgu kalpo\u0161anas laiku pat sare\u017e\u0123\u012btos apst\u0101k\u013cos.<\/p>\n<h3>4. Dro\u0161\u012bba<\/h3>\n<p>Lai nodro\u0161in\u0101tu dro\u0161u darb\u012bbu, samazinot negad\u012bjumu vai darb\u012bbas trauc\u0113jumu risku, uzsvars j\u0101liek uz rokas cilindra konstrukciju.<\/p>\n<h3>5. Uzturam\u012bba<\/h3>\n<p>Projekt\u0113jot j\u0101\u0146em v\u0113r\u0101 apkopes un remonta vienk\u0101r\u0161\u012bba, nodro\u0161inot \u0113rtas p\u0101rbaudes, nomai\u0146u un d\u012bkst\u0101ves laika samazin\u0101\u0161anu.<\/p>\n<p><img decoding=\"async\" src=\"https:\/\/www.hydraulic-cylinders.net\/wp-content\/uploads\/2025\/01\/songte-chushion-collar.webp\"><\/p>\n<h2>Bl\u012bv\u0113\u0161ana un e\u013c\u013co\u0161ana<\/h2>\n<p>Sviras cilindr\u0101 tiek izmantoti da\u017e\u0101di bl\u012bv\u0113\u0161anas komponenti, piem\u0113ram, virzu\u013ca bl\u012bvsl\u0113gi \u200b\u200bun stie\u0146a bl\u012bvsl\u0113gi, kas ir izgatavoti no nodilumiztur\u012bgiem materi\u0101liem, piem\u0113ram, poliuret\u0101na un nitrila gumijas. Cilindra korpuss un v\u012bt\u0146otie gali tiek r\u016bp\u012bgi apstr\u0101d\u0101ti, lai uzlabotu nodilumiztur\u012bbu. Lai nodro\u0161in\u0101tu vienm\u0113r\u012bgu darb\u012bbu un ilgm\u016b\u017e\u012bbu, ir nepiecie\u0161ama regul\u0101ra e\u013c\u013co\u0161ana ar atbilsto\u0161u hidraulisk\u0101s e\u013c\u013cas daudzumu.<\/p>\n<h2>Regul\u0101ra p\u0101rbaude un profilaktisk\u0101 apkope<\/h2>\n<p>Regul\u0101ras p\u0101rbaudes un profilaktisk\u0101s apkopes pas\u0101kumi ir b\u016btiski, lai nodro\u0161in\u0101tu optim\u0101lu sviras cilindra darb\u012bbu un ilgm\u016b\u017e\u012bbu:<\/p>\n<h3>1. P\u0101rbaude:<\/h3>\n<p>Regul\u0101ri p\u0101rbaudiet sviras cilindru, vai nav boj\u0101jumu, nopl\u016b\u017eu vai anom\u0101la nodiluma paz\u012bmju. P\u0101rbaudiet bl\u012bv\u0113jumu, cilindra korpusa un v\u012bt\u0146oto galu st\u0101vokli. Iee\u013c\u013cojiet p\u0113c nepiecie\u0161am\u012bbas.<\/p>\n<h3>2. Prevent\u012bv\u0101 apkope:<\/h3>\n<p>Iev\u0113rojiet ra\u017eot\u0101ja ieteikto apkopes grafiku. P\u0113c nepiecie\u0161am\u012bbas nomainiet bl\u012bves un citas sast\u0101vda\u013cas. Nodro\u0161iniet atbilsto\u0161u e\u013c\u013co\u0161anu un uzraugiet hidraulisk\u0101s sist\u0113mas darb\u012bbu.<\/p>\n<h2>Produkta uzst\u0101d\u012b\u0161anas rokasgr\u0101mata<\/h2>\n<p>Pareiza sviras cilindra uzst\u0101d\u012b\u0161ana ir \u013coti svar\u012bga t\u0101 veiktsp\u0113jai un ilgm\u016b\u017e\u012bbai. Iev\u0113rojiet \u0161\u012bs vadl\u012bnijas:<\/p>\n<h3>1. Sagatavo\u0161ana:<\/h3>\n<p>P\u0101rliecinieties, ka hidrauliskaj\u0101 sist\u0113m\u0101 nav spiediena un iek\u0101rta ir dro\u0161i nostiprin\u0101ta. Salieciet visus nepiecie\u0161amos kron\u0161teinus vai stiprin\u0101juma elementus.<\/p>\n<h3>2. Cilindra uzst\u0101d\u012b\u0161ana:<\/h3>\n<p>Uzman\u012bgi novietojiet sviras cilindru v\u0113lamaj\u0101 viet\u0101, izl\u012bdzinot stiprin\u0101juma caurumus. Piestipriniet cilindru pie iek\u0101rtas, izmantojot atbilsto\u0161as \u200b\u200bskr\u016bves un stiprin\u0101jumus. Nodro\u0161iniet pareizu izl\u012bdzin\u0101\u0161anu un dro\u0161u pievilk\u0161anu.<\/p>\n<h3>3. Hidrauliskie savienojumi:<\/h3>\n<p>Pievienojiet hidraulisk\u0101s \u0161\u013c\u016btenes paredz\u0113taj\u0101m piesl\u0113gviet\u0101m uz sviras cilindra, iev\u0113rojot hidraulisk\u0101s sist\u0113mas sh\u0113mu vai ra\u017eot\u0101ja nor\u0101d\u012bjumus. Izmantojiet atbilsto\u0161us savienojumus un nodro\u0161iniet cie\u0161us savienojumus.<\/p>\n<p><img decoding=\"async\" src=\"https:\/\/www.hydraulic-cylinders.net\/wp-content\/uploads\/2025\/01\/songte-bushings-with-all-kinds-of-excavator-models.webp\"><\/p>\n<h2>Dro\u0161\u012bbas apsv\u0113rumi un vides faktori<\/h2>\n<p>Izmantojot sviras cilindrus, ir svar\u012bgi noteikt dro\u0161\u012bbas pas\u0101kumu priorit\u0101ti, lai nov\u0113rstu negad\u012bjumus un nodro\u0161in\u0101tu operatoru labsaj\u016btu. Apsveriet \u0161\u0101dus dro\u0161\u012bbas aspektus:<\/p>\n<ul>\n<li>Nodro\u0161in\u0101t atbilsto\u0161u operatora apm\u0101c\u012bbu par tehnikas dro\u0161u lieto\u0161anu un apkopi.<\/li>\n<li>Ieviesiet atbilsto\u0161as \u200b\u200bblo\u0137\u0113\u0161anas\/atvieno\u0161anas proced\u016bras, lai nov\u0113rstu nejau\u0161u iedarbin\u0101\u0161anu apkopes vai remonta laik\u0101.<\/li>\n<li>Iev\u0113rojiet visus attiec\u012bgos dro\u0161\u012bbas noteikumus un vadl\u012bnijas, kas attiecas uz konkr\u0113to nozari un iek\u0101rt\u0101m.<\/li>\n<li>Regul\u0101ri p\u0101rbaudiet un uzturiet dro\u0161\u012bbas funkcijas, piem\u0113ram, dro\u0161\u012bbas v\u0101rstus un spiediena samazin\u0101\u0161anas ier\u012bces.<\/li>\n<li>\u0145emiet v\u0113r\u0101 t\u0101dus vides faktorus k\u0101 temperat\u016bra, mitrums un saskare ar kod\u012bg\u0101m viel\u0101m, kas var ietekm\u0113t sviras cilindra darb\u012bbu un ilgm\u016b\u017e\u012bbu.<\/li>\n<\/ul>\n<h2>K\u013c\u016bmju diagnostika un bie\u017e\u0101k sastopam\u0101s probl\u0113mas<\/h2>\n<p>Izpratne par potenci\u0101lajiem k\u013c\u016bm\u0113m un bie\u017ei sastopamaj\u0101m probl\u0113m\u0101m ar sviras cilindriem var pal\u012bdz\u0113t efekt\u012bvi diagnostic\u0113t un nov\u0113rst probl\u0113mas. \u0160eit ir da\u017ei piem\u0113ri:<\/p>\n<h3>1. Nopl\u016bde:<\/h3>\n<p>P\u0101rbaudiet bl\u012bves, vai t\u0101s nav boj\u0101tas vai nodilu\u0161as. Nomainiet boj\u0101tas bl\u012bves vai pievelciet savienojumus, ja nepiecie\u0161ams.<\/p>\n<h3>2. L\u0113na vai nekonsekventa kust\u012bba:<\/h3>\n<p>P\u0101rbaudiet hidraulisk\u0101 \u0161\u0137idruma l\u012bmeni un st\u0101vokli. Nodro\u0161iniet pareizu e\u013c\u013co\u0161anu un p\u0101rbaudiet hidraulisko sist\u0113mu, vai taj\u0101 nav aizsprostojumu vai darb\u012bbas trauc\u0113jumu.<\/p>\n<h3>3. P\u0101rm\u0113r\u012bgs troksnis vai vibr\u0101cija:<\/h3>\n<p>P\u0101rbaudiet sviras cilindru un apk\u0101rt\u0113j\u0101s sast\u0101vda\u013cas, vai nav va\u013c\u012bgu vai boj\u0101tu deta\u013cu. Ja nepiecie\u0161ams, pievelciet savienojumus vai nomainiet nolietot\u0101s deta\u013cas.<\/p>\n<h3>4. Varas vai sp\u0113ka zaud\u0113\u0161ana:<\/h3>\n<p>P\u0101rbaudiet hidraulisk\u0101s sist\u0113mas spiedienu un pl\u016bsmas \u0101trumu. P\u0101rbaudiet, vai sviras cilindram nav iek\u0161\u0113ju boj\u0101jumu vai nodiluma. Ja nepiecie\u0161ams, konsult\u0113jieties ar speci\u0101listu.<\/p>\n<p><img decoding=\"async\" src=\"https:\/\/www.hydraulic-cylinders.net\/wp-content\/uploads\/2025\/01\/songte-chushion-collar.webp\"><\/p>\n<h2>Probl\u0113mu nov\u0113r\u0161anas padomi un risin\u0101jumi<\/h2>\n<p>\u0160eit ir sniegti da\u017ei probl\u0113mu nov\u0113r\u0161anas padomi un risin\u0101jumi, kas pal\u012bdz\u0113s las\u012bt\u0101jiem efekt\u012bvi diagnostic\u0113t un nov\u0113rst probl\u0113mas:<\/p>\n<ul>\n<li>Skatiet iek\u0101rtas lieto\u0161anas instrukciju un iev\u0113rojiet sniegt\u0101s probl\u0113mu nov\u0113r\u0161anas vadl\u012bnijas.<\/li>\n<li>Lai sa\u0146emtu pal\u012bdz\u012bbu, sazinieties ar kvalific\u0113tu tehni\u0137i vai ra\u017eot\u0101ja tehnisk\u0101 atbalsta dienestu.<br \/>","protected":false},"excerpt":{"rendered":"<p>Arm Cylinder For John Deere E140LC Introduction The Arm Cylinder for John Deere E140LC is a specially designed hydraulic cylinder that provides linear motion and power to the arm of various types of machinery such as excavators, cranes, and robotic arms. The arm cylinder plays a crucial role in hydraulic systems, allowing for the effective [&hellip;]<\/p>","protected":false},"featured_media":14766,"comment_status":"open","ping_status":"closed","template":"","meta":{"_et_pb_use_builder":"","_et_pb_old_content":"","_et_gb_content_width":""},"product_brand":[],"product_cat":[1497],"product_tag":[1498,1496],"class_list":{"0":"post-16774","1":"product","2":"type-product","3":"status-publish","4":"has-post-thumbnail","6":"product_cat-arm-cylinders","7":"product_tag-arm-cylinders","8":"product_tag-hydraulic-cylinders","10":"first","11":"instock","12":"shipping-taxable","13":"product-type-simple"},"amp_enabled":true,"_links":{"self":[{"href":"https:\/\/www.hydraulic-cylinders.net\/lv\/wp-json\/wp\/v2\/product\/16774","targetHints":{"allow":["GET"]}}],"collection":[{"href":"https:\/\/www.hydraulic-cylinders.net\/lv\/wp-json\/wp\/v2\/product"}],"about":[{"href":"https:\/\/www.hydraulic-cylinders.net\/lv\/wp-json\/wp\/v2\/types\/product"}],"replies":[{"embeddable":true,"href":"https:\/\/www.hydraulic-cylinders.net\/lv\/wp-json\/wp\/v2\/comments?post=16774"}],"wp:featuredmedia":[{"embeddable":true,"href":"https:\/\/www.hydraulic-cylinders.net\/lv\/wp-json\/wp\/v2\/media\/14766"}],"wp:attachment":[{"href":"https:\/\/www.hydraulic-cylinders.net\/lv\/wp-json\/wp\/v2\/media?parent=16774"}],"wp:term":[{"taxonomy":"product_brand","embeddable":true,"href":"https:\/\/www.hydraulic-cylinders.net\/lv\/wp-json\/wp\/v2\/product_brand?post=16774"},{"taxonomy":"product_cat","embeddable":true,"href":"https:\/\/www.hydraulic-cylinders.net\/lv\/wp-json\/wp\/v2\/product_cat?post=16774"},{"taxonomy":"product_tag","embeddable":true,"href":"https:\/\/www.hydraulic-cylinders.net\/lv\/wp-json\/wp\/v2\/product_tag?post=16774"}],"curies":[{"name":"wp","href":"https:\/\/api.w.org\/{rel}","templated":true}]}}