{"id":16778,"date":"2025-01-21T05:53:42","date_gmt":"2025-01-21T05:53:42","guid":{"rendered":"https:\/\/www.hydraulic-cylinders.net\/product\/arm-cylinder-for-john-deere-e210lc\/"},"modified":"2025-01-21T05:53:44","modified_gmt":"2025-01-21T05:53:44","slug":"arm-cylinder-for-john-deere-e210lc","status":"publish","type":"product","link":"https:\/\/www.hydraulic-cylinders.net\/lv\/products\/arm-cylinder-for-john-deere-e210lc\/","title":{"rendered":"John Deere E210LC rokas cilindrs"},"content":{"rendered":"<div>\n<h1>John Deere E210LC rokas cilindrs<\/h1>\n<h2>Ievads<\/h2>\n<p>Sviras cilindrs ir speci\u0101li izstr\u0101d\u0101ts hidrauliskais cilindrs, ko galvenok\u0101rt izmanto, lai nodro\u0161in\u0101tu line\u0101ru kust\u012bbu un jaudu da\u017e\u0101du veidu ma\u0161\u012bnu, piem\u0113ram, ekskavatoru, celt\u0146u un robotiz\u0113tu roku, svir\u0101m. Sviras cilindram ir iz\u0161\u0137iro\u0161a noz\u012bme hidrauliskaj\u0101s sist\u0113m\u0101s, \u013caujot efekt\u012bvi p\u0101rvietot un kontrol\u0113t papildu instrumentus vai stiprin\u0101jumus. \u0160ie cilindri ne tikai nodro\u0161ina vienm\u0113r\u012bgu kust\u012bbu, bet ar\u012b var iztur\u0113t lielas slodzes, nodro\u0161inot ma\u0161\u012bnas efekt\u012bvu darb\u012bbu un uzticam\u012bbu da\u017e\u0101dos ekspluat\u0101cijas apst\u0101k\u013cos.<\/p>\n<p>    <img decoding=\"async\" src=\"https:\/\/www.hydraulic-cylinders.net\/wp-content\/uploads\/2025\/01\/songte-company-2.webp\" alt=\"Sviras cilindra att\u0113ls\"><\/p>\n<h2>Funkcijas<\/h2>\n<ul>\n<li>\n<h3>Augstas efektivit\u0101tes transmisija<\/h3>\n<p>Roku cilindri nodro\u0161ina jaud\u012bgu line\u0101ru kust\u012bbu un sp\u0113ku, garant\u0113jot ma\u0161\u012bnu roku augstu efektivit\u0101ti da\u017e\u0101d\u0101s oper\u0101cij\u0101s.<\/li>\n<li>\n<h3>Prec\u012bza vad\u012bba<\/h3>\n<p>Izmantojot hidraulisko sist\u0113mu, rokas cilindri var pan\u0101kt prec\u012bzu kust\u012bbas kontroli, padarot papildu instrumentu darb\u012bbu elast\u012bg\u0101ku un prec\u012bz\u0101ku.<\/li>\n<li>\n<h3>Iztur\u012bba<\/h3>\n<p>Roku cilindri parasti ir izgatavoti no augstas iztur\u012bbas materi\u0101liem, ar labu nodilumiztur\u012bbu un korozijas iztur\u012bbu, kas ir piem\u0113roti ilgsto\u0161ai lieto\u0161anai skarbos apst\u0101k\u013cos.<\/li>\n<li>\n<h3>Daudzfunkcion\u0101la piel\u0101go\u0161an\u0101s sp\u0113ja<\/h3>\n<p>\u0160os cilindrus var pla\u0161i izmantot da\u017e\u0101d\u0101s meh\u0101nisk\u0101s iek\u0101rt\u0101s, piem\u0113ram, ekskavatoros, celt\u0146os un robotiz\u0113t\u0101s rok\u0101s, piel\u0101gojoties da\u017e\u0101d\u0101m darba pras\u012bb\u0101m.<\/li>\n<li>\n<h3>Vienk\u0101r\u0161a apkope<\/h3>\n<p>Vienk\u0101r\u0161as apkopes un nomai\u0146as nodro\u0161in\u0101\u0161anai paredz\u0113tais dizains nodro\u0161ina \u0113rtas regul\u0101ras p\u0101rbaudes un apkopi, t\u0101d\u0113j\u0101di samazinot iek\u0101rtu d\u012bkst\u0101ves laiku.<\/li>\n<\/ul>\n<p>M\u0113s varam ra\u017eot \u0161o produktu, un m\u016bsu produkts var lieliski aizst\u0101t \u0161os hidrauliskos cilindrus.<\/p>\n<p>    <img decoding=\"async\" src=\"https:\/\/www.hydraulic-cylinders.net\/wp-content\/uploads\/2025\/01\/songte-oil-pipes-and-spare-parts.webp\" alt=\"E\u013c\u013cas caurules un rezerves da\u013cu att\u0113ls\"><\/p>\n<h2>Pieteikumi<\/h2>\n<ul>\n<li>\n<h3>B\u016bvniec\u012bbas in\u017eenierija<\/h3>\n<p>Ekskavatoros un celt\u0146os str\u0113les cilindri tiek izmantoti, lai kontrol\u0113tu kausu vai str\u0113les kust\u012bbu zemes p\u0101rvieto\u0161anas, materi\u0101lu apstr\u0101des un konstrukciju uzst\u0101d\u012b\u0161anas darbos.<\/li>\n<li>\n<h3>Ra\u017eo\u0161ana<\/h3>\n<p>Automatiz\u0113t\u0101s ra\u017eo\u0161anas l\u012bnij\u0101s roku cilindri tiek izmantoti robotiz\u0113tu roku p\u0101rvieto\u0161anai, mont\u0101\u017eas, metin\u0101\u0161anas un apstr\u0101des procesiem, lai uzlabotu ra\u017eo\u0161anas efektivit\u0101ti un precizit\u0101ti.<\/li>\n<li>\n<h3>Lauksaimniec\u012bbas tehnika<\/h3>\n<p>Lauksaimniec\u012bbas ma\u0161\u012bn\u0101s, piem\u0113ram, kombainos un s\u0113jma\u0161\u012bn\u0101s, sviru cilindri kontrol\u0113 vad\u012bbas sviru kust\u012bbu, veicot t\u0101dus uzdevumus k\u0101 s\u0113\u0161ana, m\u0113slo\u0161ana un ra\u017eas nov\u0101k\u0161ana.<\/li>\n<li>\n<h3>Kalnr\u016bpniec\u012bba<\/h3>\n<p>Kalnr\u016bpniec\u012bbas iek\u0101rt\u0101s sviru cilindri tiek izmantoti, lai kontrol\u0113tu kalnr\u016bpniec\u012bbas iek\u0101rtu sviru kust\u012bbu kalnr\u016bpniec\u012bb\u0101 un materi\u0101lu apstr\u0101d\u0113.<\/li>\n<li>\n<h3>Lo\u0123istika un transports<\/h3>\n<p>Iekr\u0101v\u0113jos un apstr\u0101des robotos roku cilindri tiek izmantoti, lai kontrol\u0113tu dak\u0161u pacel\u0161anu un kust\u012bbu, nodro\u0161inot materi\u0101lu apstr\u0101di un sakrau\u0161anu.<\/li>\n<\/ul>\n<h2>Dizaina apsv\u0113rumi un atlases krit\u0113riji<\/h2>\n<ul>\n<li>\n<h3>Nestsp\u0113ja<\/h3>\n<p>Sviru cilindriem j\u0101b\u016bt ar pietiekamu nestsp\u0113ju, lai iztur\u0113tu maksim\u0101lo slodzi, ar ko ma\u0161\u012bna var saskarties darb\u012bbas laik\u0101.<\/li>\n<li>\n<h3>Bl\u012bv\u0113\u0161ana<\/h3>\n<p>Lai nov\u0113rstu hidraulisk\u0101s e\u013c\u013cas nopl\u016bdi, j\u0101izmanto da\u017e\u0101di bl\u012bv\u0113\u0161anas komponenti, piem\u0113ram, virzu\u013ca bl\u012bvsl\u0113gi \u200b\u200bun stie\u0146a bl\u012bvsl\u0113gi.<\/li>\n<li>\n<h3>Iztur\u012bba<\/h3>\n<p>Sviras cilindram j\u0101b\u016bt izgatavotam no augstas iztur\u012bbas materi\u0101liem ar labu nodilumiztur\u012bbu un korozijas iztur\u012bbu, lai nodro\u0161in\u0101tu iztur\u012bbu skarbos darba apst\u0101k\u013cos.<\/li>\n<li>\n<h3>Dro\u0161\u012bba<\/h3>\n<p>Sviru cilindri j\u0101projekt\u0113 un j\u0101ra\u017eo, \u0146emot v\u0113r\u0101 dro\u0161\u012bbu, tostarp dro\u0161\u012bbas ier\u012bces, piem\u0113ram, aizsardz\u012bbu pret p\u0101rslodzi.<\/li>\n<li>\n<h3>Apkope<\/h3>\n<p>Sviras cilindra sast\u0101vda\u013c\u0101m j\u0101b\u016bt konstru\u0113t\u0101m t\u0101, lai t\u0101s b\u016btu viegli apkopt un nomain\u012bt.<\/li>\n<\/ul>\n<p>    <img decoding=\"async\" src=\"https:\/\/www.hydraulic-cylinders.net\/wp-content\/uploads\/2025\/01\/songte-cylinder-head-with-all-kinds-excavator-models.webp\" alt=\"Cilindra galvas att\u0113ls\"><\/p>\n<h2>Bl\u012bv\u0113\u0161ana un e\u013c\u013co\u0161ana<\/h2>\n<p>Lai nov\u0113rstu hidraulisk\u0101s e\u013c\u013cas nopl\u016bdi, tiek izmantoti da\u017e\u0101di bl\u012bv\u0113\u0161anas komponenti, piem\u0113ram, virzu\u013ca bl\u012bvsl\u0113gi \u200b\u200bun stie\u0146a bl\u012bvsl\u0113gi. \u0160ie bl\u012bv\u0113\u0161anas komponenti ir izgatavoti no nodilumiztur\u012bgiem materi\u0101liem, piem\u0113ram, poliuret\u0101na un nitrila gumijas. Cilindra korpuss un v\u012btnes gala virsmas ir smalki apstr\u0101d\u0101tas, lai uzlabotu nodilumiztur\u012bbu, un t\u0101m regul\u0101ri j\u0101pievieno atbilsto\u0161a hidraulisk\u0101 e\u013c\u013ca e\u013c\u013co\u0161anai.<\/p>\n<h2>Regul\u0101ra p\u0101rbaude un profilaktisk\u0101 apkope<\/h2>\n<ul>\n<li>\n<h3>Komponentu p\u0101rbaude<\/h3>\n<p>Regul\u0101ri p\u0101rbaudiet virzu\u013ca stieni, virzuli un cilindra korpusu, vai nav skr\u0101p\u0113jumu, korozijas vai boj\u0101jumu, un nepiecie\u0161am\u012bbas gad\u012bjum\u0101 nomainiet tos.<\/li>\n<li>\n<h3>Bl\u012bvju p\u0101rbaude<\/h3>\n<p>P\u0101rbaudiet bl\u012bv\u0113juma st\u0101vokli un, ja nepiecie\u0161ams, nomainiet to, lai nov\u0113rstu hidraulisk\u0101s e\u013c\u013cas nopl\u016bdi.<\/li>\n<li>\n<h3>Prevent\u012bv\u0101 apkope<\/h3>\n<p>Regul\u0101ri veiciet hidraulisk\u0101s sist\u0113mas apkopi, tostarp nomainiet hidraulisko e\u013c\u013cu, izt\u012briet e\u013c\u013cas filtru un p\u0101rbaudiet e\u013c\u013cas l\u012bmeni.<\/li>\n<\/ul>\n<p>    <img decoding=\"async\" src=\"https:\/\/www.hydraulic-cylinders.net\/wp-content\/uploads\/2025\/01\/songte-chushion-collar.webp\" alt=\"Spilvenu apkakles att\u0113ls\"><\/p>\n<h2>Produkta uzst\u0101d\u012b\u0161anas rokasgr\u0101mata<\/h2>\n<p>Uzst\u0101d\u012b\u0161anas laik\u0101 p\u0101rliecinieties, vai cilindrs ir dro\u0161i nostiprin\u0101ts un virzu\u013ca stienis ir pareiz\u0101 poz\u012bcij\u0101. Pievienojot hidraulisk\u0101s e\u013c\u013cas cauru\u013cvadu, piev\u0113rsiet uzman\u012bbu virzienam un izvairieties no pret\u0113j\u0101 savienojuma vai gaisa iestr\u0113g\u0161anas. Uzpildot hidraulisko e\u013c\u013cu, p\u0101rliecinieties, vai e\u013c\u013cas l\u012bmenis ir pareizs un vai hidraulisk\u0101 e\u013c\u013ca ir t\u012bra un bez piemais\u012bjumiem. P\u0113c uzst\u0101d\u012b\u0161anas veiciet testa braucienu, lai apstiprin\u0101tu norm\u0101lu darb\u012bbu.<\/p>\n<p>    <img decoding=\"async\" src=\"https:\/\/www.hydraulic-cylinders.net\/wp-content\/uploads\/2025\/01\/songte-bushings-with-all-kinds-of-excavator-models.webp\" alt=\"Bukses att\u0113ls\"><\/p>\n<h2>Dro\u0161\u012bbas un vides apsv\u0113rumi<\/h2>\n<p>Lieto\u0161anas laik\u0101 p\u0101rliecinieties, ka ma\u0161\u012bna tiek darbin\u0101ta nomin\u0101l\u0101s slodzes diapazon\u0101 un iev\u0113rojiet ma\u0161\u012bnas dro\u0161\u012bbas nor\u0101d\u012bjumus. Lai nov\u0113rstu vides pies\u0101r\u0146o\u0161anu, j\u0101veic pareiza hidraulisk\u0101s e\u013c\u013cas apstr\u0101de un j\u0101ievie\u0161 vides aizsardz\u012bbas pas\u0101kumi.<\/p>\n<h2>Probl\u0113mu nov\u0113r\u0161ana un bie\u017ei sastopamas probl\u0113mas<\/h2>\n<ul>\n<li>\n<h3>Hidraulisk\u0101s e\u013c\u013cas nopl\u016bde<\/h3>\n<p>C\u0113lonis var b\u016bt bl\u012bv\u0113juma deta\u013cu nodilums vai boj\u0101jums, vai cilindra korpusa boj\u0101jums. Laic\u012bgi nomainiet boj\u0101t\u0101s deta\u013cas.<\/li>\n<li>\n<h3>Neparasts troksnis<\/h3>\n<p>Iemesls var b\u016bt gaisa iek\u013c\u016b\u0161ana hidrauliskaj\u0101 sist\u0113m\u0101 vai virzu\u013ca vai cilindra korpusa boj\u0101jums. Laic\u012bgi p\u0101rbaudiet un salabojiet boj\u0101t\u0101s deta\u013cas.<\/li>\n<li>\n<h3>Zems spiediens<\/h3>\n<p>Iemesls var b\u016bt hidraulisk\u0101s caurules aizsprostojums vai probl\u0113ma ar hidraulisko s\u016bkni. Laic\u012bgi p\u0101rbaudiet un salabojiet boj\u0101t\u0101s deta\u013cas.<\/li>\n<\/ul>\n<h2>Probl\u0113mu nov\u0113r\u0161anas padomi un risin\u0101jumi<\/h2>\n<ul>\n<li>\n<h3>Hidraulisk\u0101s e\u013c\u013cas nopl\u016bde<\/h3>\n<p>Nomainiet boj\u0101t\u0101s bl\u012bv\u0113\u0161anas deta\u013cas vai cilindra korpusu un nodro\u0161iniet pareizu uzst\u0101d\u012b\u0161anu.<\/li>\n<li>\n<h3>Neparasts troksnis<\/h3>\n<p>P\u0101rbaudiet un salabojiet boj\u0101t\u0101s deta\u013cas, piem\u0113ram, izvadiet gaisu no hidraulisk\u0101s sist\u0113mas vai nomainiet boj\u0101t\u0101s deta\u013cas.<\/li>\n<li>\n<h3>Zems spiediens<\/h3>\n<p>P\u0101rbaudiet un nov\u0113rsiet hidraulisk\u0101 cauru\u013cvada aizsprostojumu vai salabojiet hidraulisko s\u016bkni.<\/li>\n<\/ul>\n<p>    <img decoding=\"async\" src=\"https:\/\/www.hydraulic-cylinders.net\/wp-content\/uploads\/2025\/01\/songte-company-4.webp\" alt=\"Uz\u0146\u0113muma t\u0113ls\"><br \/>\n    <img decoding=\"async\" src=\"https:\/\/www.hydraulic-cylinders.net\/wp-content\/uploads\/2025\/01\/songte-company-3.webp\" alt=\"Uz\u0146\u0113muma t\u0113ls\"><\/p>\n<h2>Par mums<\/h2>\n<p>M\u0113s esam profesion\u0101ls hidraulisko cilindru ra\u017eot\u0101js ar pla\u0161u produktu kl\u0101stu, un esam k\u013cuvu\u0161i par vienu no vado\u0161ajiem hidraulisko cilindru ra\u017eot\u0101jiem un vairumtirdzniec\u012bbas izplat\u012bt\u0101jiem viet\u0113j\u0101 un starptautiskaj\u0101 tirg\u016b. M\u0113s vienm\u0113r iev\u0113rojam izcilas kvalit\u0101tes principu un pa\u013caujamies uz industrializ\u0113t\u0101m ra\u017eo\u0161anas vad\u012bbas strat\u0113\u0123ij\u0101m r\u016bp\u012bgi izstr\u0101d\u0101t\u0101s ra\u017eo\u0161anas darbn\u012bc\u0101s, lai nep\u0101rtraukti uzlabotu m\u016bsu tehnolo\u0123ijas un ra\u017eo\u0161anas efektivit\u0101ti. Ievie\u0161ot augstas klases digit\u0101l\u0101s ra\u017eo\u0161anas iek\u0101rtas un profesion\u0101las test\u0113\u0161anas sist\u0113mas, m\u0113s nep\u0101rtraukti optimiz\u0113jam savu ra\u017eo\u0161anas platformu un uzlabojam produktu kvalit\u0101tes kontroles procesu, ar sp\u0113c\u012bg\u0101m inov\u0101ciju iesp\u0113j\u0101m. M\u016bsu m\u0113r\u0137is ir apmierin\u0101t m\u016bsu klientu daudzveid\u012bg\u0101s vajadz\u012bbas ar augstu efektivit\u0101ti, precizit\u0101ti un augstas kvalit\u0101tes principiem.<\/p>\n<ul>\n<li>\n<h3>Profesionalit\u0101te<\/h3>\n<p>Mums ir profesion\u0101la komanda ar bag\u0101tu pieredzi hidraulisko cilindru projekt\u0113\u0161an\u0101 un ra\u017eo\u0161an\u0101, nodro\u0161inot, ka m\u016bsu produkti atbilst klientu vajadz\u012bb\u0101m.<\/li>\n<li>\n<h3>Starptautisk\u0101 sertifik\u0101cija<\/h3>\n<p>Visi m\u016bsu produkti ir iztur\u0113ju\u0161i ISO9001 kvalit\u0101tes vad\u012bbas sist\u0113mas sertifik\u0101ciju un tiek eksport\u0113ti uz vair\u0101k nek\u0101 50 valst\u012bm un re\u0123ioniem vis\u0101 pasaul\u0113.<\/li>\n<li>\n<h3>Piel\u0101go\u0161anas pakalpojums<\/h3>\n<p>M\u0113s pied\u0101v\u0101jam piel\u0101gotus hidrauliskos cilindrus, lai apmierin\u0101tu da\u017e\u0101das klientu vajadz\u012bbas, nodro\u0161inot pilna servisa pakalpojumus no projekt\u0113\u0161anas l\u012bdz ra\u017eo\u0161anai.<\/li>\n<li>\n<h3>Ra\u017eo\u0161anas iek\u0101rtas<\/h3>\n<p>Mums ir modernas ra\u017eo\u0161anas iek\u0101rtas, tostarp CNC apstr\u0101des centri, autom\u0101tisk\u0101s metin\u0101\u0161anas iek\u0101rtas un autom\u0101tisk\u0101s kr\u0101so\u0161anas l\u012bnijas.<\/li>\n<li>\n<h3>P\u0113cp\u0101rdo\u0161anas serviss<\/h3>\n<p>M\u0113s pied\u0101v\u0101jam diennakts p\u0113cp\u0101rdo\u0161anas servisu, tostarp tehnisko atbalstu, apkopi un remontu.<\/li>\n<\/ul>\n<p>Autors: Lails.<\/p>\n<\/div>","protected":false},"excerpt":{"rendered":"<p>Arm Cylinder For John Deere E210LC Introduction An arm cylinder is a specially designed hydraulic cylinder that is primarily used to provide linear motion and power to the arms of various types of machinery such as excavators, cranes, and robotic arms. The arm cylinder plays a crucial role in hydraulic systems, allowing for the effective [&hellip;]<\/p>","protected":false},"featured_media":14783,"comment_status":"open","ping_status":"closed","template":"","meta":{"_et_pb_use_builder":"","_et_pb_old_content":"","_et_gb_content_width":""},"product_brand":[],"product_cat":[1497],"product_tag":[1498,1496],"class_list":{"0":"post-16778","1":"product","2":"type-product","3":"status-publish","4":"has-post-thumbnail","6":"product_cat-arm-cylinders","7":"product_tag-arm-cylinders","8":"product_tag-hydraulic-cylinders","10":"first","11":"instock","12":"shipping-taxable","13":"product-type-simple"},"amp_enabled":true,"_links":{"self":[{"href":"https:\/\/www.hydraulic-cylinders.net\/lv\/wp-json\/wp\/v2\/product\/16778","targetHints":{"allow":["GET"]}}],"collection":[{"href":"https:\/\/www.hydraulic-cylinders.net\/lv\/wp-json\/wp\/v2\/product"}],"about":[{"href":"https:\/\/www.hydraulic-cylinders.net\/lv\/wp-json\/wp\/v2\/types\/product"}],"replies":[{"embeddable":true,"href":"https:\/\/www.hydraulic-cylinders.net\/lv\/wp-json\/wp\/v2\/comments?post=16778"}],"wp:featuredmedia":[{"embeddable":true,"href":"https:\/\/www.hydraulic-cylinders.net\/lv\/wp-json\/wp\/v2\/media\/14783"}],"wp:attachment":[{"href":"https:\/\/www.hydraulic-cylinders.net\/lv\/wp-json\/wp\/v2\/media?parent=16778"}],"wp:term":[{"taxonomy":"product_brand","embeddable":true,"href":"https:\/\/www.hydraulic-cylinders.net\/lv\/wp-json\/wp\/v2\/product_brand?post=16778"},{"taxonomy":"product_cat","embeddable":true,"href":"https:\/\/www.hydraulic-cylinders.net\/lv\/wp-json\/wp\/v2\/product_cat?post=16778"},{"taxonomy":"product_tag","embeddable":true,"href":"https:\/\/www.hydraulic-cylinders.net\/lv\/wp-json\/wp\/v2\/product_tag?post=16778"}],"curies":[{"name":"wp","href":"https:\/\/api.w.org\/{rel}","templated":true}]}}