{"id":16788,"date":"2025-01-21T05:54:26","date_gmt":"2025-01-21T05:54:26","guid":{"rendered":"https:\/\/www.hydraulic-cylinders.net\/product\/arm-cylinder-for-yuchai-yc210lc-8\/"},"modified":"2025-01-21T05:54:27","modified_gmt":"2025-01-21T05:54:27","slug":"arm-cylinder-for-yuchai-yc210lc-8","status":"publish","type":"product","link":"https:\/\/www.hydraulic-cylinders.net\/lv\/products\/arm-cylinder-for-yuchai-yc210lc-8\/","title":{"rendered":"Sviras cilindrs Yuchai YC210LC-8"},"content":{"rendered":"<h2>Yuchai YC210LC-8 sviras cilindrs: hidrauliskais cilindrs efekt\u012bv\u0101m iek\u0101rt\u0101m<\/h2>\n<p>Yuchai YC210LC-8 sviras cilindrs ir specializ\u0113ts hidrauliskais cilindrs, kas paredz\u0113ts, lai nodro\u0161in\u0101tu line\u0101ru kust\u012bbu un jaudu da\u017e\u0101du veidu ma\u0161\u012bnu, piem\u0113ram, ekskavatoru, celt\u0146u un meh\u0101nisko sviru, svir\u0101m. \u0160im cilindram ir iz\u0161\u0137iro\u0161a noz\u012bme hidrauliskaj\u0101s sist\u0113m\u0101s, nodro\u0161inot efekt\u012bvu papildu instrumentu vai stiprin\u0101jumu p\u0101rvieto\u0161anu un kontroli. Tas ne tikai nodro\u0161ina vienm\u0113r\u012bgu kust\u012bbu, bet ar\u012b iztur lielas slodzes, nodro\u0161inot efekt\u012bvu darb\u012bbu un uzticam\u012bbu da\u017e\u0101dos darba apst\u0101k\u013cos.<\/p>\n<h3>Defin\u012bcija un skaidrojums<\/h3>\n<p>Sviras cilindrs, kas paz\u012bstams ar\u012b k\u0101 sviras hidrauliskais cilindrs, ir hidraulisk\u0101 izpildmeh\u0101nisma veids, kas p\u0101rveido \u0161\u0137idruma ener\u0123iju line\u0101r\u0101 sp\u0113k\u0101 un kust\u012bb\u0101. Tas sast\u0101v no cilindra korpusa, virzu\u013ca un stie\u0146a, kas darbojas kop\u0101, lai rad\u012btu nepiecie\u0161amo sp\u0113ku sviras kust\u012bbai. Cilindra korpus\u0101 atrodas spiediena hidrauliskais \u0161\u0137idrums, savuk\u0101rt virzulis un stienis p\u0101rnes sp\u0113ku uz sviru. Kontrol\u0113jot hidraulisk\u0101 \u0161\u0137idruma pl\u016bsmu, sviras cilindrs var izstiepties vai ievilkties, nodro\u0161inot prec\u012bzu sviras kust\u012bbas kontroli.<\/p>\n<p>Ar sp\u0113ju iztur\u0113t lielas slodzes un dizainu, kas nodro\u0161ina vienm\u0113r\u012bgu un prec\u012bzu kust\u012bbu, sviras cilindrs ir b\u016btiska sast\u0101vda\u013ca da\u017e\u0101d\u0101s nozar\u0113s. T\u0101 sp\u0113ja nodro\u0161in\u0101t jaud\u012bgu line\u0101ru kust\u012bbu un vad\u012bbu padara to neaizst\u0101jamu t\u0101d\u0101s lietojumprogramm\u0101s k\u0101 rak\u0161ana, cel\u0161ana un materi\u0101lu apstr\u0101de. Neatkar\u012bgi no t\u0101, vai t\u0101 ir tran\u0161eju rak\u0161ana, smagu priek\u0161metu p\u0101rvieto\u0161ana vai instrumentu apstr\u0101de, sviras cilindram ir b\u016btiska loma produktivit\u0101tes un efektivit\u0101tes uzlabo\u0161an\u0101.<\/p>\n<p><img decoding=\"async\" src=\"https:\/\/www.hydraulic-cylinders.net\/wp-content\/uploads\/2025\/01\/songte-company-2.webp\" alt=\"Sviras cilindrs\" \/><\/p>\n<h2>Yuchai YC210LC-8 rokas cilindra \u012bpa\u0161\u012bbas<\/h2>\n<ul>\n<li>\n<h3>Augstas efektivit\u0101tes p\u0101rraide<\/h3>\n<p>Rokas cilindrs nodro\u0161ina jaud\u012bgu line\u0101ru kust\u012bbu un sp\u0113ku, garant\u0113jot ma\u0161\u012bnas rokas augstas veiktsp\u0113jas iesp\u0113jas.<\/p>\n<\/li>\n<li>\n<h3>Prec\u012bza kontrole<\/h3>\n<p>Izmantojot hidraulisko sist\u0113mu, rokas cilindrs nodro\u0161ina prec\u012bzu kust\u012bbas vad\u012bbu, padarot darb\u012bbas ar pievienotajiem instrumentiem elast\u012bg\u0101kas un prec\u012bz\u0101kas.<\/p>\n<\/li>\n<li>\n<h3>Iztur\u012bba<\/h3>\n<p>Sviru cilindri parasti ir izgatavoti no augstas iztur\u012bbas materi\u0101liem, kas nodro\u0161ina izcilu iztur\u012bbu pret nodilumu un koroziju, padarot tos piem\u0113rotus ilgsto\u0161ai lieto\u0161anai skarbos apst\u0101k\u013cos.<\/p>\n<\/li>\n<li>\n<h3>Daudzpus\u012bga piel\u0101go\u0161an\u0101s sp\u0113ja<\/h3>\n<p>\u0160os cilindrus var pla\u0161i pielietot da\u017e\u0101d\u0101s ma\u0161\u012bn\u0101s, piem\u0113ram, ekskavatoros, celt\u0146os un meh\u0101niskaj\u0101s svir\u0101s, piel\u0101gojoties da\u017e\u0101d\u0101m darba pras\u012bb\u0101m.<\/p>\n<\/li>\n<li>\n<h3>Vienk\u0101r\u0161a apkope<\/h3>\n<p>Ar vienk\u0101r\u0161u apkopi un nomai\u0146u paredz\u0113ts sviras cilindrs atvieglo \u0113rtas periodiskas p\u0101rbaudes un apkopi, samazinot iek\u0101rtu d\u012bkst\u0101ves laiku.<\/p>\n<\/li>\n<\/ul>\n<p><img decoding=\"async\" src=\"https:\/\/www.hydraulic-cylinders.net\/wp-content\/uploads\/2025\/01\/songte-oil-pipes-and-spare-parts.webp\" alt=\"Sviras cilindra rezerves da\u013cas\" \/><\/p>\n<h2>Sviras cilindra pielietojumi<\/h2>\n<p>Sviras cilindrs tiek pla\u0161i izmantots da\u017e\u0101d\u0101s nozar\u0113s un pielietojumos:<\/p>\n<ul>\n<li>\n<h3>B\u016bvniec\u012bbas in\u017eenierija<\/h3>\n<p>Ekskavatoros un celt\u0146os str\u0113les cilindrs kontrol\u0113 kausu vai str\u0113les sviru kust\u012bbu zemes darbos, materi\u0101lu apstr\u0101d\u0113 un konstrukciju uzst\u0101d\u012b\u0161an\u0101.<\/p>\n<\/li>\n<li>\n<h3>Ra\u017eo\u0161ana<\/h3>\n<p>Automatiz\u0113t\u0101s ra\u017eo\u0161anas l\u012bnij\u0101s sviras cilindrs atvieglo meh\u0101nisko sviru kust\u012bbu mont\u0101\u017eai, metin\u0101\u0161anai un materi\u0101lu apstr\u0101dei, uzlabojot ra\u017eo\u0161anas efektivit\u0101ti un precizit\u0101ti.<\/p>\n<\/li>\n<li>\n<h3>Lauksaimniec\u012bbas tehnika<\/h3>\n<p>Lauksaimniec\u012bbas tehnik\u0101, piem\u0113ram, kombainos un s\u0113jma\u0161\u012bn\u0101s, sviras cilindrs kontrol\u0113 vad\u012bbas sviru kust\u012bbu t\u0101diem uzdevumiem k\u0101 s\u0113\u0161ana, m\u0113slo\u0161ana un ra\u017eas nov\u0101k\u0161ana.<\/p>\n<\/li>\n<li>\n<h3>Kalnr\u016bpniec\u012bba<\/h3>\n<p>Kalnr\u016bpniec\u012bbas iek\u0101rt\u0101s sviras cilindrs kontrol\u0113 kalnr\u016bpniec\u012bbas ma\u0161\u012bnu sviras kust\u012bbu, nodro\u0161inot r\u016bdas ieguvi un transport\u0113\u0161anu.<\/p>\n<\/li>\n<li>\n<h3>Lo\u0123istika un transports<\/h3>\n<p>Iekr\u0101v\u0113jos un apstr\u0101des robotos rokas cilindrs kontrol\u0113 dak\u0161u pacel\u0161anu un kust\u012bbu, nodro\u0161inot materi\u0101lu apstr\u0101di un sakrau\u0161anu.<\/p>\n<\/li>\n<\/ul>\n<h2>Dizaina apsv\u0113rumi un atlases krit\u0113riji<\/h2>\n<p>Izv\u0113loties cilindra konstrukciju un konstrukciju, j\u0101\u0146em v\u0113r\u0101 vair\u0101ki faktori:<\/p>\n<ul>\n<li>\n<h3>Nestsp\u0113ja<\/h3>\n<p>Sviras cilindram j\u0101sp\u0113j iztur\u0113t paredzam\u0101s slodzes un sp\u0113kus, ar kuriem saskaras darb\u012bbas laik\u0101, nodro\u0161inot dro\u0161u un efekt\u012bvu darb\u012bbu.<\/p>\n<\/li>\n<li>\n<h3>Bl\u012bv\u0113\u0161anas iesp\u0113jas<\/h3>\n<p>Da\u017e\u0101du bl\u012bv\u0113\u0161anas komponentu, piem\u0113ram, virzu\u013ca bl\u012bv\u0113jumu un stie\u0146a bl\u012bv\u0113jumu, izmanto\u0161ana ir \u013coti svar\u012bga, lai nov\u0113rstu \u0161\u0137idruma nopl\u016bdi un uztur\u0113tu optim\u0101lu hidraulisko veiktsp\u0113ju. Nodilumiztur\u012bgu materi\u0101lu, piem\u0113ram, poliuret\u0101na un nitrila gumijas, izv\u0113le nodro\u0161ina iztur\u012bbu.<\/p>\n<\/li>\n<li>\n<h3>Iztur\u012bba<\/h3>\n<p>Cilindra korpuss un v\u012bt\u0146ot\u0101s gala virsmas tiek r\u016bp\u012bgi apstr\u0101d\u0101tas, lai uzlabotu nodilumiztur\u012bbu un pagarin\u0101tu cilindra kalpo\u0161anas laiku.<\/p>\n<\/li>\n<li>\n<h3>Dro\u0161\u012bba<\/h3>\n<p>Projekt\u0113\u0161anas apsv\u0113rumos j\u0101iek\u013cauj dro\u0161\u012bbas elementi, piem\u0113ram, spiediena samazin\u0101\u0161anas v\u0101rsti un dro\u0161\u012bbas meh\u0101nismi negad\u012bjumu nov\u0113r\u0161anai un gan ma\u0161\u012bnu, gan operatoru aizsardz\u012bbai.<\/p>\n<\/li>\n<li>\n<h3>Uzturam\u012bba<\/h3>\n<p>Vienk\u0101r\u0161a piek\u013cuve apkopei un remontam, k\u0101 ar\u012b rezerves da\u013cu pieejam\u012bba ir b\u016btiska, lai samazin\u0101tu d\u012bkst\u0101ves laiku un nodro\u0161in\u0101tu sviras cilindra ilgm\u016b\u017e\u012bbu.<\/p>\n<\/li>\n<\/ul>\n<p><img decoding=\"async\" src=\"https:\/\/www.hydraulic-cylinders.net\/wp-content\/uploads\/2025\/01\/songte-cylinder-head-with-all-kinds-excavator-models.webp\" alt=\"Sviras cilindra galva\" \/><\/p>\n<h2>Sviras cilindra bl\u012bv\u0113\u0161ana un e\u013c\u013co\u0161ana<\/h2>\n<p>Sviras cilindrs ietver da\u017e\u0101das bl\u012bv\u0113\u0161anas sast\u0101vda\u013cas un optim\u0101lai darb\u012bbai ir nepiecie\u0161ama atbilsto\u0161a e\u013c\u013co\u0161ana:<\/p>\n<p>Virzu\u013ca bl\u012bv\u0113jumu, stie\u0146a bl\u012bv\u0113jumu un citu bl\u012bv\u0113\u0161anas elementu kombin\u0101cija, kas izgatavota no nodilumiztur\u012bgiem materi\u0101liem, piem\u0113ram, poliuret\u0101na un nitrila gumijas, nov\u0113r\u0161 \u0161\u0137idruma nopl\u016bdi un uztur hidraulisk\u0101s sist\u0113mas integrit\u0101ti. Turkl\u0101t cilindra korpuss un v\u012bt\u0146ot\u0101s gala virsmas tiek r\u016bp\u012bgi apstr\u0101d\u0101tas, lai uzlabotu nodilumiztur\u012bbu.<\/p>\n<p>Lai samazin\u0101tu berzi un nodro\u0161in\u0101tu vienm\u0113r\u012bgu darb\u012bbu, nepiecie\u0161ama regul\u0101ra e\u013c\u013co\u0161ana ar atbilsto\u0161u hidraulisko e\u013c\u013cu. Atbilsto\u0161a e\u013c\u013co\u0161ana pal\u012bdz nov\u0113rst priek\u0161laic\u012bgu nodilumu un pagarina sviras cilindra kalpo\u0161anas laiku.<\/p>\n<h2>Regul\u0101ra p\u0101rbaude un profilaktisk\u0101 apkope<\/h2>\n<p>Lai nodro\u0161in\u0101tu uzticamu un efekt\u012bvu darb\u012bbu, ir svar\u012bgi veikt regul\u0101ras p\u0101rbaudes un profilaktiskus apkopes pas\u0101kumus:<\/p>\n<ul>\n<li>\n<h3>Periodiska p\u0101rbaude<\/h3>\n<p>Regul\u0101ri p\u0101rbaudiet sviras cilindru, vai nav nodiluma, nopl\u016b\u017eu vai boj\u0101jumu paz\u012bmju. P\u0101rbaudiet bl\u012bves, stie\u0146us un cilindra korpusu, vai nav k\u0101das novirzes no normas, un nekav\u0113joties nov\u0113rsiet visas probl\u0113mas.<\/p>\n<\/li>\n<li>\n<h3>Prevent\u012bv\u0101 apkope<\/h3>\n<p>Iev\u0113rojiet ra\u017eot\u0101ja ieteikumus par profilaktisko apkopi, piem\u0113ram, bl\u012bvju nomai\u0146u, kust\u012bgo da\u013cu e\u013c\u013co\u0161anu un cilindra t\u012br\u012b\u0161anu. Profilaktisk\u0101s apkopes grafika iev\u0113ro\u0161ana pal\u012bdz samazin\u0101t negaid\u012btu d\u012bkst\u0101vi un pagarina sviras cilindra kalpo\u0161anas laiku.<\/p>\n<\/li>\n<\/ul>\n<h2>Produkta uzst\u0101d\u012b\u0161anas vadl\u012bnijas<\/h2>\n<p>Pareiza sviras cilindra uzst\u0101d\u012b\u0161ana ir \u013coti svar\u012bga optim\u0101lai veiktsp\u0113jai un dro\u0161\u012bbai:<\/p>\n<ol>\n<li>\n<h3>Sagatavo\u0161ana<\/h3>\n<p>P\u0101rliecinieties, ka ir pieejami visi nepiecie\u0161amie instrumenti un apr\u012bkojums. Iepaz\u012bstieties ar ra\u017eot\u0101ja sniegtaj\u0101m uzst\u0101d\u012b\u0161anas instrukcij\u0101m.<\/p>\n<\/li>\n<li>\n<h3>P\u0101rbaudiet cilindru<\/h3>\n<p>Pirms uzst\u0101d\u012b\u0161anas r\u016bp\u012bgi p\u0101rbaudiet sviras cilindru, vai nav boj\u0101jumu vai defektu paz\u012bmju. Ja tiek konstat\u0113tas k\u0101das probl\u0113mas, sazinieties ar pieg\u0101d\u0101t\u0101ju vai ra\u017eot\u0101ju, lai sa\u0146emtu nor\u0101d\u012bjumus.<\/p>\n<\/li>\n<li>\n<h3>Mont\u0101\u017ea<\/h3>\n<p>Lai uzst\u0101d\u012btu sviras cilindru uz ma\u0161\u012bnas, iev\u0113rojiet ra\u017eot\u0101ja ieteikto proced\u016bru. Izmantojiet atbilsto\u0161us instrumentus un p\u0101rliecinieties, vai visi savienojumi ir dro\u0161i.<\/p>\n<\/li>\n<li>\n<h3>Izl\u012bdzin\u0101\u0161ana<\/h3>\n<p>P\u0101rbaudiet sviras cilindra izl\u012bdzin\u0101jumu un veiciet nepiecie\u0161amos piel\u0101gojumus, lai nodro\u0161in\u0101tu pareizu novietojumu optim\u0101lai veiktsp\u0113jai un dro\u0161\u012bbai.<\/p>\n<\/li>\n<li>\n<h3>Test\u0113\u0161ana<\/h3>\n<p>P\u0113c uzst\u0101d\u012b\u0161anas veiciet r\u016bp\u012bgu p\u0101rbaudi, lai p\u0101rliecin\u0101tos par sviras cilindra darb\u012bbu. Darb\u012bbas laik\u0101 p\u0101rbaudiet, vai nav dzirdamas neparastas ska\u0146as, nopl\u016bdes vai citas probl\u0113mas.<\/p>\n<\/li>\n<\/ol>\n<p><img","protected":false},"excerpt":{"rendered":"<p>Arm Cylinder For Yuchai YC210LC-8: A Hydraulic Cylinder for Efficient Machinery The Arm Cylinder for Yuchai YC210LC-8 is a specialized hydraulic cylinder designed to provide linear motion and power to the arms of various types of machinery, such as excavators, cranes, and mechanical arms. This cylinder plays a crucial role in hydraulic systems, enabling the [&hellip;]<\/p>","protected":false},"featured_media":14783,"comment_status":"open","ping_status":"closed","template":"","meta":{"_et_pb_use_builder":"","_et_pb_old_content":"","_et_gb_content_width":""},"product_brand":[],"product_cat":[1497],"product_tag":[1498,1496],"class_list":{"0":"post-16788","1":"product","2":"type-product","3":"status-publish","4":"has-post-thumbnail","6":"product_cat-arm-cylinders","7":"product_tag-arm-cylinders","8":"product_tag-hydraulic-cylinders","10":"first","11":"instock","12":"shipping-taxable","13":"product-type-simple"},"amp_enabled":true,"_links":{"self":[{"href":"https:\/\/www.hydraulic-cylinders.net\/lv\/wp-json\/wp\/v2\/product\/16788","targetHints":{"allow":["GET"]}}],"collection":[{"href":"https:\/\/www.hydraulic-cylinders.net\/lv\/wp-json\/wp\/v2\/product"}],"about":[{"href":"https:\/\/www.hydraulic-cylinders.net\/lv\/wp-json\/wp\/v2\/types\/product"}],"replies":[{"embeddable":true,"href":"https:\/\/www.hydraulic-cylinders.net\/lv\/wp-json\/wp\/v2\/comments?post=16788"}],"wp:featuredmedia":[{"embeddable":true,"href":"https:\/\/www.hydraulic-cylinders.net\/lv\/wp-json\/wp\/v2\/media\/14783"}],"wp:attachment":[{"href":"https:\/\/www.hydraulic-cylinders.net\/lv\/wp-json\/wp\/v2\/media?parent=16788"}],"wp:term":[{"taxonomy":"product_brand","embeddable":true,"href":"https:\/\/www.hydraulic-cylinders.net\/lv\/wp-json\/wp\/v2\/product_brand?post=16788"},{"taxonomy":"product_cat","embeddable":true,"href":"https:\/\/www.hydraulic-cylinders.net\/lv\/wp-json\/wp\/v2\/product_cat?post=16788"},{"taxonomy":"product_tag","embeddable":true,"href":"https:\/\/www.hydraulic-cylinders.net\/lv\/wp-json\/wp\/v2\/product_tag?post=16788"}],"curies":[{"name":"wp","href":"https:\/\/api.w.org\/{rel}","templated":true}]}}