{"id":16789,"date":"2025-01-21T05:54:30","date_gmt":"2025-01-21T05:54:30","guid":{"rendered":"https:\/\/www.hydraulic-cylinders.net\/product\/arm-cylinder-for-yuchai-yc13-8\/"},"modified":"2025-01-21T05:54:32","modified_gmt":"2025-01-21T05:54:32","slug":"arm-cylinder-for-yuchai-yc13-8","status":"publish","type":"product","link":"https:\/\/www.hydraulic-cylinders.net\/lv\/products\/arm-cylinder-for-yuchai-yc13-8\/","title":{"rendered":"Sviras cilindrs Yuchai YC13-8"},"content":{"rendered":"<h2>Sviras cilindrs Yuchai YC13-8<\/h2>\n<h3>Ievads<\/h3>\n<p>Sviras cilindrs ir specializ\u0113ts hidrauliskais cilindrs, ko galvenok\u0101rt izmanto, lai nodro\u0161in\u0101tu line\u0101ru kust\u012bbu un jaudu da\u017e\u0101du veidu ma\u0161\u012bnu, piem\u0113ram, ekskavatoru, celt\u0146u un meh\u0101nisko sviru, svir\u0101m. Sviras cilindram ir galven\u0101 loma hidrauliskaj\u0101 sist\u0113m\u0101, \u013caujot pielikumiem vai piederumiem p\u0101rvietoties un tos efekt\u012bvi vad\u012bt. \u0160ie cilindri ne tikai nodro\u0161ina vienm\u0113r\u012bgu kust\u012bbu, bet ar\u012b iztur lielas slodzes, nodro\u0161inot ma\u0161\u012bnas efekt\u012bvu darb\u012bbu un uzticam\u012bbu da\u017e\u0101dos ekspluat\u0101cijas apst\u0101k\u013cos.<\/p>\n<p><img decoding=\"async\" src=\"https:\/\/www.hydraulic-cylinders.net\/wp-content\/uploads\/2025\/01\/songte-company-2.webp\" \/><\/p>\n<h3>Funkcijas<\/h3>\n<p>Yuchai YC13-8 rokas cilindram ir \u0161\u0101das funkcijas:<\/p>\n<ul>\n<li><strong>Augstas efektivit\u0101tes piedzi\u0146a:<\/strong> Sviras cilindrs nodro\u0161ina jaud\u012bgu line\u0101ru kust\u012bbu un sp\u0113ku, garant\u0113jot meh\u0101nisk\u0101s sviras augstu efektivit\u0101ti da\u017e\u0101du darb\u012bbu laik\u0101.<\/li>\n<li><strong>Prec\u012bza kontrole:<\/strong> Izmantojot hidraulisko sist\u0113mu, rokas cilindrs var pan\u0101kt prec\u012bzu kust\u012bbas vad\u012bbu, padarot pielikumu darb\u012bbu elast\u012bg\u0101ku un prec\u012bz\u0101ku.<\/li>\n<li><strong>Iztur\u012bgs:<\/strong> Sviru cilindri parasti ir izgatavoti no augstas iztur\u012bbas materi\u0101liem ar labu nodilumiztur\u012bbu un iztur\u012bbu pret koroziju, padarot tos piem\u0113rotus ilgsto\u0161ai lieto\u0161anai skarbos apst\u0101k\u013cos.<\/li>\n<li><strong>Daudzfunkcion\u0101la piel\u0101go\u0161an\u0101s sp\u0113ja:<\/strong> \u0160os cilindrus var pla\u0161i izmantot da\u017e\u0101da veida ma\u0161\u012bn\u0101s, piem\u0113ram, ekskavatoros, celt\u0146os un meh\u0101niskaj\u0101s svir\u0101s, lai piel\u0101gotos da\u017e\u0101d\u0101m darba pras\u012bb\u0101m.<\/li>\n<li><strong>Vienk\u0101r\u0161a apkope:<\/strong> Paredz\u0113ts vienk\u0101r\u0161ai apkopei un nomai\u0146ai, regul\u0101ra p\u0101rbaude un apkope k\u013c\u016bst \u0113rt\u0101ka, samazinot iek\u0101rtu d\u012bkst\u0101ves laiku.<\/li>\n<\/ul>\n<p>M\u0113s varam ra\u017eot \u0161o produktu, un m\u016bsu produkti var lieliski aizst\u0101t \u0161os hidrauliskos cilindrus.<\/p>\n<p><img decoding=\"async\" src=\"https:\/\/www.hydraulic-cylinders.net\/wp-content\/uploads\/2025\/01\/songte-oil-pipes-and-spare-parts.webp\" \/><\/p>\n<h3>Pieteikumi<\/h3>\n<p>Yuchai YC13-8 rokas cilindru var izmantot da\u017e\u0101d\u0101s nozar\u0113s:<\/p>\n<ul>\n<li><strong>B\u016bvniec\u012bba:<\/strong> Ekskavatoros un celt\u0146os sviras cilindrs kontrol\u0113 kausa vai str\u0113les kust\u012bbu, veicot zemes darbus, materi\u0101lu apstr\u0101di un konstrukciju uzst\u0101d\u012b\u0161anu.<\/li>\n<li><strong>Ra\u017eo\u0161ana:<\/strong> Automatiz\u0113t\u0101s ra\u017eo\u0161anas l\u012bnij\u0101s sviras cilindrs kontrol\u0113 meh\u0101nisk\u0101s sviras kust\u012bbu, veicot mont\u0101\u017eas, metin\u0101\u0161anas un apstr\u0101des procesus, uzlabojot ra\u017eo\u0161anas efektivit\u0101ti un precizit\u0101ti.<\/li>\n<li><strong>Lauksaimniec\u012bbas tehnika:<\/strong> Lauksaimniec\u012bbas ma\u0161\u012bn\u0101s, piem\u0113ram, kombainos un s\u0113jma\u0161\u012bn\u0101s, sviras cilindrs kontrol\u0113 vad\u012bbas sviras kust\u012bbu, veicot t\u0101dus uzdevumus k\u0101 s\u0113\u0161ana, m\u0113slo\u0161ana un ra\u017eas nov\u0101k\u0161ana.<\/li>\n<li><strong>Kalnr\u016bpniec\u012bba:<\/strong> Kalnr\u016bpniec\u012bbas iek\u0101rt\u0101s rokas cilindrs kontrol\u0113 kalnr\u016bpniec\u012bbas iek\u0101rtas rokas kust\u012bbu, veicot r\u016bdas ieguvi un apstr\u0101di.<\/li>\n<li><strong>Lo\u0123istika un transports:<\/strong> Iekr\u0101v\u0113jos un apstr\u0101des robotos rokas cilindrs kontrol\u0113 dak\u0161u pacel\u0161anu un kust\u012bbu, realiz\u0113jot materi\u0101lu apstr\u0101di un sakrau\u0161anu.<\/li>\n<\/ul>\n<h3>Dizaina apsv\u0113rumi un atlases krit\u0113riji<\/h3>\n<p>\u0145emot v\u0113r\u0101 konstrukcijas apsv\u0113rumus, sviras cilindriem j\u0101b\u016bt \u0161\u0101d\u0101m \u012bpa\u0161\u012bb\u0101m:<\/p>\n<ul>\n<li><strong>Nestsp\u0113ja:<\/strong> J\u0101sp\u0113j iztur\u0113t pievienoto piederumu slodzi un darboties nevainojami.<\/li>\n<li><strong>Bl\u012bv\u0113jums:<\/strong> Tiek izmantoti da\u017e\u0101di bl\u012bv\u0113jumi, piem\u0113ram, virzu\u013ca bl\u012bvsl\u0113gi \u200b\u200bun stie\u0146a bl\u012bvsl\u0113gi, un materi\u0101li, piem\u0113ram, poliuret\u0101ns un nitrilgumija, tiek izv\u0113l\u0113ti to nodilumiztur\u012bbas d\u0113\u013c.<\/li>\n<li><strong>Iztur\u012bba:<\/strong> Cilindra korpuss ir izgatavots no augstas stipr\u012bbas materi\u0101liem ar smalki apstr\u0101d\u0101tu virsmu, lai uzlabotu nodilumiztur\u012bbu un iztur\u012bbu pret koroziju.<\/li>\n<li><strong>Dro\u0161\u012bba:<\/strong> J\u0101iev\u0113ro attiec\u012bgie dro\u0161\u012bbas standarti, lai nodro\u0161in\u0101tu ma\u0161\u012bnu dro\u0161u darb\u012bbu.<\/li>\n<li><strong>Uzturam\u012bba:<\/strong> Paredz\u0113ts vienk\u0101r\u0161ai apkopei un nomai\u0146ai, samazinot iek\u0101rtu d\u012bkst\u0101ves laiku un apkopes izmaksas.<\/li>\n<\/ul>\n<p><img decoding=\"async\" src=\"https:\/\/www.hydraulic-cylinders.net\/wp-content\/uploads\/2025\/01\/songte-cylinder-head-with-all-kinds-excavator-models.webp\" \/><\/p>\n<h3>Bl\u012bv\u0113\u0161ana un e\u013c\u013co\u0161ana<\/h3>\n<p>Tiek izmantoti da\u017e\u0101di bl\u012bv\u0113jumi, piem\u0113ram, virzu\u013ca bl\u012bvsl\u0113gi \u200b\u200bun stie\u0146a bl\u012bvsl\u0113gi, un materi\u0101li, piem\u0113ram, poliuret\u0101ns un nitrila gumija, tiek izv\u0113l\u0113ti, \u0146emot v\u0113r\u0101 to nodilumiztur\u012bbu. Cilindra korpuss un v\u012bt\u0146ot\u0101 gala virsma ir smalki apstr\u0101d\u0101ta, lai uzlabotu nodilumiztur\u012bbu. E\u013c\u013co\u0161anai ir nepiecie\u0161ama regul\u0101ra hidraulisk\u0101s e\u013c\u013cas papildin\u0101\u0161ana.<\/p>\n<h3>Apkope un remonts<\/h3>\n<p>Regul\u0101ra p\u0101rbaude un profilaktisk\u0101 apkope ir b\u016btiska sviru cilindru efekt\u012bvai darb\u012bbai un ilgm\u016b\u017e\u012bbai. Var veikt \u0161\u0101dus pas\u0101kumus:<\/p>\n<ul>\n<li>Regul\u0101ri p\u0101rbaudiet un nomainiet bl\u012bves, lai nov\u0113rstu nopl\u016bdes.<\/li>\n<li>Regul\u0101ri p\u0101rbaudiet cilindra korpusa un v\u012bt\u0146oto galu virsmu, lai nov\u0113rstu nodilumu un boj\u0101jumus.<\/li>\n<li>Regul\u0101ri nomainiet hidraulisko e\u013c\u013cu, lai nodro\u0161in\u0101tu pareizu e\u013c\u013co\u0161anu un nov\u0113rstu koroziju vai pies\u0101r\u0146ojumu.<\/li>\n<\/ul>\n<p>Ja rodas darb\u012bbas trauc\u0113jumi, var veikt \u0161\u0101das darb\u012bbas:<\/p>\n<ul>\n<li>P\u0101rbaudiet, vai hidrauliskaj\u0101 sist\u0113m\u0101 nav nopl\u016b\u017eu.<\/li>\n<li>P\u0101rbaudiet cilindra korpusu un v\u012bt\u0146otos galus, vai tie nav nodilu\u0161i vai boj\u0101ti.<\/li>\n<li>P\u0101rbaudiet bl\u012bves, vai t\u0101s nav boj\u0101tas vai nodilu\u0161as.<\/li>\n<\/ul>\n<p>Lai nov\u0113rstu iesp\u0113jam\u0101s probl\u0113mas, var veikt \u0161\u0101dus pas\u0101kumus:<\/p>\n<ul>\n<li>Veiciet regul\u0101ras p\u0101rbaudes un apkopi, lai identific\u0113tu un nov\u0113rstu probl\u0113mas, pirms t\u0101s k\u013c\u016bst par nopietn\u0101m probl\u0113m\u0101m.<\/li>\n<li>Iev\u0113rojiet ra\u017eot\u0101ja nor\u0101d\u012bjumus par uzst\u0101d\u012b\u0161anu, apkopi un remontu.<\/li>\n<li>Nodro\u0161iniet, lai iek\u0101rtu apkopes un remonta darbus veiktu tikai apm\u0101c\u012bts un pilnvarots person\u0101ls.<\/li>\n<\/ul>\n<p><img decoding=\"async\" src=\"https:\/\/www.hydraulic-cylinders.net\/wp-content\/uploads\/2025\/01\/songte-chushion-collar.webp\" \/><\/p>\n<h3>Produkta uzst\u0101d\u012b\u0161anas rokasgr\u0101mata<\/h3>\n<p>Lai pareizi uzst\u0101d\u012btu sviras cilindru, var veikt \u0161\u0101das darb\u012bbas:<\/p>\n<ol>\n<li>P\u0101rliecinieties, ka cilindrs ir t\u012brs un bez gru\u017eiem.<\/li>\n<li>P\u0101rliecinieties, vai cilindrs ir pareizi izl\u012bdzin\u0101ts ar uzst\u0101d\u0101mo stiprin\u0101jumu vai piederumu.<\/li>\n<li>Uzman\u012bgi pievelciet v\u012bt\u0146otos galus l\u012bdz nor\u0101d\u012btajam griezes momentam.<\/li>\n<li>Pirms ma\u0161\u012bnas darbin\u0101\u0161anas p\u0101rliecinieties, vai hidraulisk\u0101 sist\u0113ma ir piepild\u012bta ar atbilsto\u0161u e\u013c\u013cu un atgaisota.<\/li>\n<\/ol>\n<p><img decoding=\"async\" src=\"https:\/\/www.hydraulic-cylinders.net\/wp-content\/uploads\/2025\/01\/songte-bushings-with-all-kinds-of-excavator-models.webp\" \/><\/p>\n<h3>Dro\u0161\u012bbas apsv\u0113rumi un vides faktori<\/h3>\n<p>Sviru cilindriem ir iz\u0161\u0137iro\u0161a noz\u012bme ma\u0161\u012bnu dro\u0161\u0101 un efekt\u012bv\u0101 darb\u012bb\u0101. Ir svar\u012bgi iev\u0113rot attiec\u012bg\u0101s dro\u0161\u012bbas vadl\u012bnijas un noteikumus, lai nov\u0113rstu negad\u012bjumus un nodro\u0161in\u0101tu iek\u0101rtu dro\u0161u darb\u012bbu. Izv\u0113loties un lietojot sviru cilindrus, j\u0101\u0146em v\u0113r\u0101 ar\u012b t\u0101di vides faktori k\u0101 temperat\u016bra, mitrums un \u0137\u012bmisk\u0101 iedarb\u012bba.<\/p>\n<h3>K\u013c\u016bmju diagnostika un bie\u017ei sastopam\u0101s probl\u0113mas<\/h3>\n<p>Bie\u017ei sastopamas probl\u0113mas, kas var rasties ar sviras cilindriem, ir nopl\u016bde, cilindra korpusa un v\u012bt\u0146oto galu nodilums un boj\u0101jumi, k\u0101 ar\u012b nodilu\u0161i vai boj\u0101ti bl\u012bv\u0113jumi. Regul\u0101ra apkope un p\u0101rbaude var nov\u0113rst \u0161o probl\u0113mu ra\u0161anos.<\/p>\n<h3>Probl\u0113mu nov\u0113r\u0161ana un risin\u0101jumi<\/h3>\n<p>Ja rodas probl\u0113ma, var veikt \u0161\u0101das darb\u012bbas:<\/p>\n<ul>\n<li>P\u0101rbaudiet, vai nav nopl\u016b\u017eu, un pievelciet visus va\u013c\u012bgos savienojumus.<\/li>\n<li>P\u0101rbaudiet cilindra korpusu un v\u012bt\u0146otos galus, vai tie nav nodilu\u0161i vai boj\u0101ti, un, ja nepiecie\u0161ams, nomainiet.<\/li>\n<li>Nomainiet visas nolietot\u0101s vai boj\u0101t\u0101s bl\u012bves.<\/li>\n<\/ul>\n<p>Lai nov\u0113rstu iesp\u0113jam\u0101s probl\u0113mas, var veikt \u0161\u0101dus pas\u0101kumus:<\/p>\n<ul>\n<li>Veiciet regul\u0101ras p\u0101rbaudes un apkopi, lai identific\u0113tu un nov\u0113rstu probl\u0113mas, pirms t\u0101s k\u013c\u016bst par nopietn\u0101m probl\u0113m\u0101m.<\/li>\n<li>Iev\u0113rojiet ra\u017eot\u0101ja nor\u0101d\u012bjumus par uzst\u0101d\u012b\u0161anu, apkopi un remontu.<\/li>\n<li>Nodro\u0161iniet, lai iek\u0101rtu apkopes un remonta darbus veiktu tikai apm\u0101c\u012bts un pilnvarots person\u0101ls.<\/li>\n<\/ul>\n<p><img decoding=\"async\" src=\"https:\/\/www.hydraulic-cylinders.net\/wp-content\/uploads\/2025\/01\/songte-company-4.webp\" \/><br \/>\n<img decoding=\"async\" src=\"https:\/\/www.hydraulic-cylinders.net\/wp-content\/uploads\/2025\/01\/songte-company-3.webp\" \/><\/p>\n<h3>Par mums<\/h3>\n<p>M\u0113s esam profesion\u0101ls rezerves hidraulisko cilindru ra\u017eot\u0101js ar pla\u0161u produktu kl\u0101stu. M\u016bsu uz\u0146\u0113mums ir k\u013cuvis par vienu no vado\u0161ajiem hidraulisko cilindru ra\u017eot\u0101jiem un vairumtirdzniec\u012bbas izplat\u012bt\u0101jiem viet\u0113j\u0101 un starptautiskaj\u0101 tirg\u016b. M\u0113s vienm\u0113r iev\u0113rojam izcilas kvalit\u0101tes principu un pa\u013caujamies uz industrializ\u0113t\u0101m ra\u017eo\u0161anas vad\u012bbas strat\u0113\u0123ij\u0101m smalki ra\u017eot\u0101s darbn\u012bc\u0101s, lai nep\u0101rtraukti uzlabotu m\u016bsu tehnolo\u0123ijas un ra\u017eo\u0161anas efektivit\u0101ti. Ievie\u0161ot augstas klases digit\u0101l\u0101s ra\u017eo\u0161anas iek\u0101rtas un profesion\u0101las test\u0113\u0161anas sist\u0113mas, m\u0113s optimiz\u0113jam savu ra\u017eo\u0161anas platformu un uzlabojam produktu kvalit\u0101tes kontroles procesu, vienlaikus saglab\u0101jot sp\u0113c\u012bgas inov\u0101ciju iesp\u0113jas. M\u016bsu m\u0113r\u0137is ir apmierin\u0101t klientu da\u017e\u0101d\u0101s vajadz\u012bbas, iev\u0113rojot augstas efektivit\u0101tes, precizit\u0101tes un augstas kvalit\u0101tes principus.<\/p>\n<p>M\u0113s pied\u0101v\u0101jam profesion\u0101lu apkalpo\u0161anu, starptautiskus sertifik\u0101tus, piel\u0101gotus pakalpojumus, modernu ra\u017eo\u0161anas apr\u012bkojumu un visaptvero\u0161u p\u0113cp\u0101rdo\u0161anas servisu, padarot m\u016bs par uzticamu partneri j\u016bsu uz\u0146\u0113mumam.<\/p>\n<p>Autors: Lails.<\/p>","protected":false},"excerpt":{"rendered":"<p>Arm Cylinder For Yuchai YC13-8 Introduction An arm cylinder is a specialized hydraulic cylinder primarily used to provide linear motion and power to the arms of various types of machinery such as excavators, cranes, and mechanical arms. The arm cylinder plays a key role in the hydraulic system, allowing attachments or accessories to move and [&hellip;]<\/p>","protected":false},"featured_media":14779,"comment_status":"open","ping_status":"closed","template":"","meta":{"_et_pb_use_builder":"","_et_pb_old_content":"","_et_gb_content_width":""},"product_brand":[],"product_cat":[1497],"product_tag":[1498,1496],"class_list":{"0":"post-16789","1":"product","2":"type-product","3":"status-publish","4":"has-post-thumbnail","6":"product_cat-arm-cylinders","7":"product_tag-arm-cylinders","8":"product_tag-hydraulic-cylinders","10":"first","11":"instock","12":"shipping-taxable","13":"product-type-simple"},"amp_enabled":true,"_links":{"self":[{"href":"https:\/\/www.hydraulic-cylinders.net\/lv\/wp-json\/wp\/v2\/product\/16789","targetHints":{"allow":["GET"]}}],"collection":[{"href":"https:\/\/www.hydraulic-cylinders.net\/lv\/wp-json\/wp\/v2\/product"}],"about":[{"href":"https:\/\/www.hydraulic-cylinders.net\/lv\/wp-json\/wp\/v2\/types\/product"}],"replies":[{"embeddable":true,"href":"https:\/\/www.hydraulic-cylinders.net\/lv\/wp-json\/wp\/v2\/comments?post=16789"}],"wp:featuredmedia":[{"embeddable":true,"href":"https:\/\/www.hydraulic-cylinders.net\/lv\/wp-json\/wp\/v2\/media\/14779"}],"wp:attachment":[{"href":"https:\/\/www.hydraulic-cylinders.net\/lv\/wp-json\/wp\/v2\/media?parent=16789"}],"wp:term":[{"taxonomy":"product_brand","embeddable":true,"href":"https:\/\/www.hydraulic-cylinders.net\/lv\/wp-json\/wp\/v2\/product_brand?post=16789"},{"taxonomy":"product_cat","embeddable":true,"href":"https:\/\/www.hydraulic-cylinders.net\/lv\/wp-json\/wp\/v2\/product_cat?post=16789"},{"taxonomy":"product_tag","embeddable":true,"href":"https:\/\/www.hydraulic-cylinders.net\/lv\/wp-json\/wp\/v2\/product_tag?post=16789"}],"curies":[{"name":"wp","href":"https:\/\/api.w.org\/{rel}","templated":true}]}}