{"id":16797,"date":"2025-01-21T05:55:02","date_gmt":"2025-01-21T05:55:02","guid":{"rendered":"https:\/\/www.hydraulic-cylinders.net\/product\/arm-cylinder-for-yangong-yg70c\/"},"modified":"2025-01-21T05:55:04","modified_gmt":"2025-01-21T05:55:04","slug":"arm-cylinder-for-yangong-yg70c","status":"publish","type":"product","link":"https:\/\/www.hydraulic-cylinders.net\/lv\/products\/arm-cylinder-for-yangong-yg70c\/","title":{"rendered":"Sviras cilindrs Yangong YG70C"},"content":{"rendered":"<h2>Sviras cilindrs Yangong YG70C<\/h2>\n<h3>Ievads<\/h3>\n<p>Yangong YG70C sviras cilindrs ir hidrauliskais cilindrs, kas \u012bpa\u0161i paredz\u0113ts, lai nodro\u0161in\u0101tu line\u0101ru kust\u012bbu un jaudu da\u017e\u0101du veidu ma\u0161\u012bnu, tostarp ekskavatoru, celt\u0146u un meh\u0101nisko sviru, svir\u0101m. Sviras cilindram ir iz\u0161\u0137iro\u0161a noz\u012bme hidrauliskaj\u0101s sist\u0113m\u0101s, nodro\u0161inot efekt\u012bvu agreg\u0101tu un piederumu kust\u012bbu un vad\u012bbu. \u0160ie cilindri ne tikai nodro\u0161ina vienm\u0113r\u012bgu kust\u012bbu, bet ar\u012b iztur lielas slodzes, nodro\u0161inot ma\u0161\u012bnas efekt\u012bvu darb\u012bbu un uzticam\u012bbu da\u017e\u0101dos ekspluat\u0101cijas apst\u0101k\u013cos.<\/p>\n<p><img decoding=\"async\" src=\"https:\/\/www.hydraulic-cylinders.net\/wp-content\/uploads\/2025\/01\/songte-company-2.webp\" alt=\"Yangong YG70C sviras cilindrs\"><\/p>\n<h3>Funkcijas<\/h3>\n<ul>\n<li>Efekt\u012bva jaudas p\u0101rvade: Sviras cilindrs nodro\u0161ina jaud\u012bgu line\u0101ru kust\u012bbu un sp\u0113ku, lai garant\u0113tu meh\u0101nisk\u0101s sviras augstu veiktsp\u0113ju da\u017e\u0101du darb\u012bbu laik\u0101.<\/li>\n<li>Prec\u012bza vad\u012bba: Hidraulisk\u0101 sist\u0113ma nodro\u0161ina prec\u012bzu rokas cilindra kust\u012bbas vad\u012bbu, padarot agreg\u0101tu darb\u012bbu elast\u012bg\u0101ku un prec\u012bz\u0101ku.<\/li>\n<li>Iztur\u012bba: Sviras cilindrs parasti ir izgatavots no augstas stipr\u012bbas materi\u0101liem ar labu nodilumiztur\u012bbu un korozijas iztur\u012bbu, padarot to piem\u0113rotu ilgsto\u0161ai lieto\u0161anai skarbos apst\u0101k\u013cos.<\/li>\n<li>Daudzfunkcion\u0101la piel\u0101go\u0161an\u0101s sp\u0113ja: \u0161os cilindrus var pla\u0161i izmantot da\u017e\u0101da veida ma\u0161\u012bn\u0101s, piem\u0113ram, ekskavatoros, celt\u0146os un meh\u0101niskaj\u0101s svir\u0101s, lai piel\u0101gotos da\u017e\u0101d\u0101m darba pras\u012bb\u0101m.<\/li>\n<li>Vienk\u0101r\u0161a apkope: Projekt\u0113jot \u0146emta v\u0113r\u0101 apkopes un nomai\u0146as vienk\u0101r\u0161\u012bba, lai nodro\u0161in\u0101tu \u0113rtu regul\u0101ru p\u0101rbaudi un apkopi, t\u0101d\u0113j\u0101di samazinot iek\u0101rtu d\u012bkst\u0101ves laiku.<\/li>\n<\/ul>\n<p>M\u016bsu produkts var lieliski aizst\u0101t \u0161os hidrauliskos cilindrus.<\/p>\n<p><img decoding=\"async\" src=\"https:\/\/www.hydraulic-cylinders.net\/wp-content\/uploads\/2025\/01\/songte-oil-pipes-and-spare-parts.webp\" alt=\"Hidraulisko cilindru deta\u013cas\"><\/p>\n<h3>Pieteikumi<\/h3>\n<p>Yangong YG70C rokas cilindru var izmantot da\u017e\u0101d\u0101s nozar\u0113s un ma\u0161\u012bn\u0101s, tostarp:<\/p>\n<ul>\n<li>B\u016bvniec\u012bba: Ekskavatoros un celt\u0146os sviras cilindrs kontrol\u0113 kausa vai str\u0113les kust\u012bbu zemes p\u0101rvieto\u0161anas, materi\u0101lu apstr\u0101des un konstrukciju uzst\u0101d\u012b\u0161anas laik\u0101.<\/li>\n<li>Ra\u017eo\u0161ana: Automatiz\u0113t\u0101s ra\u017eo\u0161anas l\u012bnij\u0101s sviras cilindrs kontrol\u0113 meh\u0101nisko sviru kust\u012bbu mont\u0101\u017eas, metin\u0101\u0161anas un apstr\u0101des procesos, uzlabojot ra\u017eo\u0161anas efektivit\u0101ti un precizit\u0101ti.<\/li>\n<li>Lauksaimniec\u012bba: Lauksaimniec\u012bbas ma\u0161\u012bn\u0101s, piem\u0113ram, kombainos un s\u0113jma\u0161\u012bn\u0101s, sviras cilindrs kontrol\u0113 vad\u012bbas sviras kust\u012bbu s\u0113\u0161anas, m\u0113slo\u0161anas un ra\u017eas nov\u0101k\u0161anas darbu laik\u0101.<\/li>\n<li>Ieguve: Ieguves iek\u0101rt\u0101s rokas cilindrs kontrol\u0113 rokas kust\u012bbu r\u016bdas ieguvei un p\u0101rvad\u0101\u0161anai.<\/li>\n<li>Lo\u0123istika un transport\u0113\u0161ana: Iekr\u0101v\u0113jos un apstr\u0101des robotos rokas cilindrs kontrol\u0113 dak\u0161as pacel\u0161anu un p\u0101rvieto\u0161anu, lai apstr\u0101d\u0101tu un sakrautu materi\u0101lus.<\/li>\n<\/ul>\n<h3>Projekt\u0113\u0161anas apsv\u0113rumi un atlases standarti<\/h3>\n<p>Sviras cilindra konstrukcij\u0101 ir \u0146emti v\u0113r\u0101 t\u0101di galvenie faktori k\u0101 nestsp\u0113ja, bl\u012bv\u0113jums, iztur\u012bba, dro\u0161\u012bba un apkopes vieglums. <\/p>\n<ul>\n<li>Nestsp\u0113ja: Sviras cilindrs ir paredz\u0113ts smagu kravu iztur\u0113\u0161anai, vienlaikus saglab\u0101jot vienm\u0113r\u012bgu darb\u012bbu.<\/li>\n<li>Bl\u012bv\u0113jums: Lai pan\u0101ktu izcilu bl\u012bv\u0113\u0161anas veiktsp\u0113ju, tiek izmantoti da\u017e\u0101di bl\u012bv\u0113\u0161anas komponenti, piem\u0113ram, virzu\u013ca bl\u012bv\u0113jumi un stie\u0146u bl\u012bv\u0113jumi, kas izgatavoti no nodilumiztur\u012bgiem materi\u0101liem, piem\u0113ram, poliuret\u0101na un nitrila gumijas.<\/li>\n<li>Iztur\u012bba: Cilindra korpuss ir izgatavots, izmantojot augstas stipr\u012bbas materi\u0101lus, lai nodro\u0161in\u0101tu izcilu nodilumiztur\u012bbu un korozijas iztur\u012bbu skarbos apst\u0101k\u013cos.<\/li>\n<li>Dro\u0161\u012bba: Ir ieviesta uzticama dro\u0161\u012bbas sist\u0113ma, lai nov\u0113rstu negad\u012bjumus ekspluat\u0101cijas laik\u0101.<\/li>\n<li>Uzturam\u012bba: Konstrukcija nodro\u0161ina vienk\u0101r\u0161u un \u0113rtu deta\u013cu apkopi un nomai\u0146u, samazinot d\u012bkst\u0101ves laiku un apkopes izmaksas.<\/li>\n<\/ul>\n<p><img decoding=\"async\" src=\"https:\/\/www.hydraulic-cylinders.net\/wp-content\/uploads\/2025\/01\/songte-cylinder-head-with-all-kinds-excavator-models.webp\" alt=\"Cilindra galva\"><\/p>\n<h3>Bl\u012bv\u0113\u0161ana un e\u013c\u013co\u0161ana<\/h3>\n<p>Sviras cilindr\u0101 tiek izmantoti da\u017e\u0101di bl\u012bv\u0113\u0161anas komponenti, kas izgatavoti no nodilumiztur\u012bgiem materi\u0101liem, piem\u0113ram, poliuret\u0101na un nitrila gumijas, lai pan\u0101ktu izcilu bl\u012bv\u0113\u0161anas veiktsp\u0113ju. Cilindra korpuss un v\u012bt\u0146ot\u0101 gala virsma ir smalki apstr\u0101d\u0101ta, lai uzlabotu nodilumiztur\u012bbu. E\u013c\u013co\u0161anai ir nepiecie\u0161ama regul\u0101ra atbilsto\u0161as \u200b\u200bhidraulisk\u0101s e\u013c\u013cas pievieno\u0161ana.<\/p>\n<h3>Apkope un prevent\u012bvie pas\u0101kumi<\/h3>\n<p>Lai nodro\u0161in\u0101tu sviras cilindra efekt\u012bvu un uzticamu darb\u012bbu, nepiecie\u0161amas regul\u0101ras p\u0101rbaudes un profilaktisk\u0101s apkopes pas\u0101kumi. \u0160ie pas\u0101kumi ietver:<\/p>\n<ul>\n<li>Regul\u0101ri p\u0101rbaudiet virzuli, cilindru un citas deta\u013cas, vai nav nodiluma vai boj\u0101jumu.<\/li>\n<li>Regul\u0101ri nomainiet bl\u012bv\u0113juma komponentus, piem\u0113ram, virzu\u013ca bl\u012bv\u0113jumu un stie\u0146a bl\u012bv\u0113jumu, lai nodro\u0161in\u0101tu labu bl\u012bv\u0113juma veiktsp\u0113ju.<\/li>\n<li>Regul\u0101ri pievienojiet atbilsto\u0161u hidraulisk\u0101s e\u013c\u013cas daudzumu, lai nodro\u0161in\u0101tu pareizu cilindra e\u013c\u013co\u0161anu.<\/li>\n<li>Kad sviras cilindrs netiek lietots, tas j\u0101uzglab\u0101 saus\u0101 un t\u012br\u0101 viet\u0101, lai nov\u0113rstu mitrumu un r\u016bs\u0113\u0161anu.<\/li>\n<\/ul>\n<p><img decoding=\"async\" src=\"https:\/\/www.hydraulic-cylinders.net\/wp-content\/uploads\/2025\/01\/songte-chushion-collar.webp\" alt=\"Spilvenu apkakle\"><\/p>\n<h3>Instal\u0101cijas rokasgr\u0101mata<\/h3>\n<p>Uzst\u0101dot sviras cilindru, r\u012bkojieties \u0161\u0101di:<\/p>\n<ol>\n<li>Not\u012briet un p\u0101rbaudiet iek\u0101rtas un cilindra stiprin\u0101juma virsmas.<\/li>\n<li>Uzst\u0101diet cilindru, uzman\u012bgi, lai nesaboj\u0101tu bl\u012bv\u0113juma komponentus.<\/li>\n<li>Pievienojiet hidraulisk\u0101s \u0161\u013c\u016btenes un p\u0101rliecinieties, vai t\u0101s ir pareizi nostiprin\u0101tas.<\/li>\n<li>P\u0101rbaudiet cilindra pareizu darb\u012bbu, tostarp kust\u012bbu un bl\u012bv\u0113juma veiktsp\u0113ju.<\/li>\n<\/ol>\n<h3>Dro\u0161\u012bbas un vides apsv\u0113rumi<\/h3>\n<p>Sviras cilindra uzst\u0101d\u012b\u0161anas, ekspluat\u0101cijas un apkopes laik\u0101 j\u0101iev\u0113ro atbilsto\u0161i dro\u0161\u012bbas pas\u0101kumi. Dro\u0161\u012bbas pas\u0101kumi ietver aizsargl\u012bdzek\u013cu valk\u0101\u0161anu, operatoru atbilsto\u0161as \u200b\u200bapm\u0101c\u012bbas un sertifik\u0101cijas nodro\u0161in\u0101\u0161anu, k\u0101 ar\u012b visu attiec\u012bgo dro\u0161\u012bbas noteikumu un vadl\u012bniju iev\u0113ro\u0161anu. Vides apsv\u0113rumi ietver hidraulisk\u0101s e\u013c\u013cas un citu b\u012bstamu materi\u0101lu pareizu apie\u0161anos un utiliz\u0101ciju.<\/p>\n<h3>K\u013c\u016bmju diagnostika un bie\u017e\u0101k sastopam\u0101s probl\u0113mas<\/h3>\n<p>Bie\u017ei sastopamas probl\u0113mas ar sviras cilindru ir nepietiekama kust\u012bba, nopl\u016bde un bl\u012bv\u0113juma komponentu boj\u0101jumi. K\u013c\u016bmju diagnostikas un probl\u0113mu nov\u0113r\u0161anas metodes ietver:<\/p>\n<ul>\n<li>Hidraulisk\u0101s e\u013c\u013cas l\u012bme\u0146a un kvalit\u0101tes p\u0101rbaude.<\/li>\n<li>Bl\u012bv\u0113juma deta\u013cu p\u0101rbaude, vai nav nodiluma un boj\u0101jumu, un nepiecie\u0161am\u012bbas gad\u012bjum\u0101 to nomai\u0146a.<\/li>\n<li>Cilindra pareizas uzst\u0101d\u012b\u0161anas un izl\u012bdzin\u0101\u0161anas p\u0101rbaude.<\/li>\n<li>Virzu\u013ca, cilindra vai citu sast\u0101vda\u013cu boj\u0101jumu p\u0101rbaude.<\/li>\n<\/ul>\n<p>Prevent\u012bvie pas\u0101kumi, lai nov\u0113rstu iesp\u0113jam\u0101s probl\u0113mas, ietver regul\u0101ras p\u0101rbaudes, atbilsto\u0161u apkopi un ra\u017eot\u0101ja ieteikto ekspluat\u0101cijas proced\u016bru iev\u0113ro\u0161anu.<\/p>\n<p><img decoding=\"async\" src=\"https:\/\/www.hydraulic-cylinders.net\/wp-content\/uploads\/2025\/01\/songte-bushings-with-all-kinds-of-excavator-models.webp\" alt=\"Bukses\"><\/p>\n<h3>Par mums<\/h3>\n<p>M\u0113s esam profesion\u0101ls rezerves hidraulisko cilindru ra\u017eot\u0101js ar pla\u0161u produktu kl\u0101stu. Esam k\u013cuvu\u0161i par vienu no vado\u0161ajiem hidraulisko cilindru ra\u017eot\u0101jiem un vairumtirdzniec\u012bbas izplat\u012bt\u0101jiem viet\u0113j\u0101 un starptautiskaj\u0101 tirg\u016b. M\u0113s vienm\u0113r iev\u0113rojam izcilas kvalit\u0101tes principu un pa\u013caujamies uz industrializ\u0113t\u0101m ra\u017eo\u0161anas vad\u012bbas strat\u0113\u0123ij\u0101m pilnveidot\u0101 ra\u017eo\u0161anas ceh\u0101, lai nep\u0101rtraukti uzlabotu savu tehnisko l\u012bmeni un ra\u017eo\u0161anas efektivit\u0101ti. Ievie\u0161ot modernu digit\u0101lo ra\u017eo\u0161anas apr\u012bkojumu un profesion\u0101las test\u0113\u0161anas sist\u0113mas, m\u0113s past\u0101v\u012bgi optimiz\u0113jam ra\u017eo\u0161anas platformu, uzlabojam produktu kvalit\u0101tes kontroles procesu un mums ir sp\u0113c\u012bgas inov\u0101ciju iesp\u0113jas. M\u016bsu m\u0113r\u0137is ir apmierin\u0101t m\u016bsu klientu da\u017e\u0101d\u0101s vajadz\u012bbas ar augstu efektivit\u0101ti, precizit\u0101ti un augstu kvalit\u0101ti.<\/p>\n<h3>M\u016bsu pakalpojumi<\/h3>\n<p>M\u016bsu uz\u0146\u0113mums sniedz profesion\u0101lus pakalpojumus \u0161\u0101d\u0101s jom\u0101s:<\/p>\n<ul>\n<li>Profesionalit\u0101te: Mums ir pieredz\u0113ju\u0161u in\u017eenieru un tehni\u0137u komanda, kas sniedz profesion\u0101lu tehnisko atbalstu un pakalpojumus.<\/li>\n<li>Starptautisk\u0101 sertifik\u0101cija: M\u016bsu produkti ir iztur\u0113ju\u0161i da\u017e\u0101das starptautiskas sertifik\u0101cijas, piem\u0113ram, ISO9001: 2015, CE un SGS.<\/li>\n<li>Piel\u0101go\u0161ana: M\u0113s pied\u0101v\u0101jam piel\u0101gotus pakalpojumus klientiem, kuriem ir \u012bpa\u0161as pras\u012bbas attiec\u012bb\u0101 uz hidrauliskajiem cilindriem.<\/li>\n<li>Ra\u017eo\u0161anas iek\u0101rtas: Mums ir modernas CNC virpas, fr\u0113zma\u0161\u012bnas un cits profesion\u0101ls apr\u012bkojums hidraulisko cilindru ra\u017eo\u0161anai.<\/li>\n<li>P\u0113cp\u0101rdo\u0161anas serviss: M\u0113s nodro\u0161in\u0101m savlaic\u012bgu un efekt\u012bvu p\u0113cp\u0101rdo\u0161anas servisu, lai atrisin\u0101tu visas klientu probl\u0113mas.<\/li>\n<\/ul>\n<p><img decoding=\"async\" src=\"https:\/\/www.hydraulic-cylinders.net\/wp-content\/uploads\/2025\/01\/songte-company-4.webp\" alt=\"Uz\u0146\u0113mums\"><\/p>\n<p><img decoding=\"async\" src=\"https:\/\/www.hydraulic-cylinders.net\/wp-content\/uploads\/2025\/01\/songte-company-3.webp\" alt=\"Uz\u0146\u0113mums\"><\/p>\n<p>Autors: lil<\/p>","protected":false},"excerpt":{"rendered":"<p>Arm Cylinder For Yangong YG70C Introduction The Arm Cylinder for Yangong YG70C is a hydraulic cylinder designed specifically to provide linear motion and power to the arms of various types of machinery, including excavators, cranes, and mechanical arms. The Arm Cylinder plays a critical role in hydraulic systems, enabling the effective movement and control of [&hellip;]<\/p>","protected":false},"featured_media":14786,"comment_status":"open","ping_status":"closed","template":"","meta":{"_et_pb_use_builder":"","_et_pb_old_content":"","_et_gb_content_width":""},"product_brand":[],"product_cat":[1497],"product_tag":[1498,1496],"class_list":{"0":"post-16797","1":"product","2":"type-product","3":"status-publish","4":"has-post-thumbnail","6":"product_cat-arm-cylinders","7":"product_tag-arm-cylinders","8":"product_tag-hydraulic-cylinders","10":"first","11":"instock","12":"shipping-taxable","13":"product-type-simple"},"amp_enabled":true,"_links":{"self":[{"href":"https:\/\/www.hydraulic-cylinders.net\/lv\/wp-json\/wp\/v2\/product\/16797","targetHints":{"allow":["GET"]}}],"collection":[{"href":"https:\/\/www.hydraulic-cylinders.net\/lv\/wp-json\/wp\/v2\/product"}],"about":[{"href":"https:\/\/www.hydraulic-cylinders.net\/lv\/wp-json\/wp\/v2\/types\/product"}],"replies":[{"embeddable":true,"href":"https:\/\/www.hydraulic-cylinders.net\/lv\/wp-json\/wp\/v2\/comments?post=16797"}],"wp:featuredmedia":[{"embeddable":true,"href":"https:\/\/www.hydraulic-cylinders.net\/lv\/wp-json\/wp\/v2\/media\/14786"}],"wp:attachment":[{"href":"https:\/\/www.hydraulic-cylinders.net\/lv\/wp-json\/wp\/v2\/media?parent=16797"}],"wp:term":[{"taxonomy":"product_brand","embeddable":true,"href":"https:\/\/www.hydraulic-cylinders.net\/lv\/wp-json\/wp\/v2\/product_brand?post=16797"},{"taxonomy":"product_cat","embeddable":true,"href":"https:\/\/www.hydraulic-cylinders.net\/lv\/wp-json\/wp\/v2\/product_cat?post=16797"},{"taxonomy":"product_tag","embeddable":true,"href":"https:\/\/www.hydraulic-cylinders.net\/lv\/wp-json\/wp\/v2\/product_tag?post=16797"}],"curies":[{"name":"wp","href":"https:\/\/api.w.org\/{rel}","templated":true}]}}