{"id":16810,"date":"2025-01-21T05:56:01","date_gmt":"2025-01-21T05:56:01","guid":{"rendered":"https:\/\/www.hydraulic-cylinders.net\/product\/arm-cylinder-for-volwa-small-excavator-dls880-8b\/"},"modified":"2025-01-21T05:56:03","modified_gmt":"2025-01-21T05:56:03","slug":"arm-cylinder-for-volwa-small-excavator-dls880-8b","status":"publish","type":"product","link":"https:\/\/www.hydraulic-cylinders.net\/lv\/products\/arm-cylinder-for-volwa-small-excavator-dls880-8b\/","title":{"rendered":"Volwa maz\u0101 ekskavatora DLS880-8B sviras cilindrs"},"content":{"rendered":"<h1>Volwa maz\u0101 ekskavatora DLS880-8B sviras cilindrs<\/h1>\n<h2>Ievads<\/h2>\n<p>Sviras cilindrs ir speci\u0101li izstr\u0101d\u0101ts hidrauliskais cilindrs, kas nodro\u0161ina line\u0101ru kust\u012bbu un jaudu da\u017e\u0101du veidu ma\u0161\u012bnu, piem\u0113ram, ekskavatoru, celt\u0146u un meh\u0101nisko sviru, svirai. Sviras cilindram ir iz\u0161\u0137iro\u0161a noz\u012bme hidrauliskaj\u0101s sist\u0113m\u0101s, nodro\u0161inot efekt\u012bvu agreg\u0101tu vai piederumu kust\u012bbu un vad\u012bbu. \u0160ie cilindri ne tikai pan\u0101k vienm\u0113r\u012bgu kust\u012bbu, bet ar\u012b iztur lielas slodzes, nodro\u0161inot ma\u0161\u012bnu efekt\u012bvu darb\u012bbu un uzticam\u012bbu da\u017e\u0101dos darba apst\u0101k\u013cos.<\/p>\n<p><img decoding=\"async\" src=\"https:\/\/www.hydraulic-cylinders.net\/wp-content\/uploads\/2025\/01\/songte-company-2.webp\" alt=\"Sviras cilindra att\u0113ls\"><\/p>\n<h2>Funkcijas<\/h2>\n<ul>\n<li>Efekt\u012bva jaudas p\u0101rvade: Sviras cilindrs nodro\u0161ina sp\u0113c\u012bgu line\u0101ru kust\u012bbu un sp\u0113ku, garant\u0113jot augstu veiktsp\u0113jas efektivit\u0101ti da\u017e\u0101d\u0101s darb\u012bb\u0101s.<\/li>\n<li>Prec\u012bza vad\u012bba: Izmantojot hidraulisko sist\u0113mu, sviras cilindrs nodro\u0161ina prec\u012bzu kust\u012bbas vad\u012bbu, padarot agreg\u0101tu darb\u012bbu elast\u012bg\u0101ku un prec\u012bz\u0101ku.<\/li>\n<li>Iztur\u012bba: Sviru cilindri parasti ir izgatavoti no augstas iztur\u012bbas materi\u0101liem ar izcilu nodilumiztur\u012bbu un korozijas iztur\u012bbu, padarot tos piem\u0113rotus ilgsto\u0161ai lieto\u0161anai skarbos apst\u0101k\u013cos.<\/li>\n<li>Daudzpus\u012bga piel\u0101go\u0161an\u0101s sp\u0113ja: \u0161os cilindrus var pla\u0161i pielietot da\u017e\u0101da veida ma\u0161\u012bn\u0101m, piem\u0113ram, ekskavatoriem, celt\u0146iem un meh\u0101niskaj\u0101m svir\u0101m, kas atbilst da\u017e\u0101d\u0101m darba pras\u012bb\u0101m.<\/li>\n<li>Vienk\u0101r\u0161a apkope: Projekt\u0113jot \u0146emta v\u0113r\u0101 apkopes un nomai\u0146as vienk\u0101r\u0161\u012bba, padarot regul\u0101ras p\u0101rbaudes un apkopi \u0113rt\u0101ku, k\u0101 ar\u012b samazinot iek\u0101rtu d\u012bkst\u0101ves laiku.<\/li>\n<\/ul>\n<p><img decoding=\"async\" src=\"https:\/\/www.hydraulic-cylinders.net\/wp-content\/uploads\/2025\/01\/songte-oil-pipes-and-spare-parts.webp\" alt=\"Hidraulisk\u0101 cilindra att\u0113ls\"><\/p>\n<h2>Pieteikumi<\/h2>\n<p>Sviras cilindrs tiek izmantots da\u017e\u0101d\u0101s nozar\u0113s:<\/p>\n<ul>\n<li>B\u016bvniec\u012bbas in\u017eenierija: Ekskavatoros un celt\u0146os sviras cilindrs kontrol\u0113 kausu vai str\u0113les kust\u012bbu zemes darbiem, materi\u0101lu apstr\u0101dei un konstrukciju uzst\u0101d\u012b\u0161anai.<\/li>\n<li>Ra\u017eo\u0161anas nozare: Automatiz\u0113t\u0101s ra\u017eo\u0161anas l\u012bnij\u0101s sviras cilindrs atvieglo meh\u0101nisko sviru kust\u012bbu t\u0101dos procesos k\u0101 mont\u0101\u017ea, metin\u0101\u0161ana un materi\u0101lu apstr\u0101de, uzlabojot ra\u017eo\u0161anas efektivit\u0101ti un precizit\u0101ti.<\/li>\n<li>Lauksaimniec\u012bbas tehnika: Lauksaimniec\u012bbas tehnik\u0101, piem\u0113ram, kombainos un s\u0113jma\u0161\u012bn\u0101s, sviras cilindrs kontrol\u0113 vad\u012bbas sviru kust\u012bbu t\u0101diem uzdevumiem k\u0101 s\u0113ja, m\u0113slo\u0161ana un ra\u017eas nov\u0101k\u0161ana.<\/li>\n<li>Kalnr\u016bpniec\u012bba: Kalnr\u016bpniec\u012bbas iek\u0101rt\u0101s rokas cilindrs kontrol\u0113 kalnr\u016bpniec\u012bbas ma\u0161\u012bnu rokas kust\u012bbu r\u016bdas ieguvei un transport\u0113\u0161anai.<\/li>\n<li>Lo\u0123istika un transports: Iekr\u0101v\u0113jos un apstr\u0101des robotos rokas cilindrs kontrol\u0113 dak\u0161u pacel\u0161anu un kust\u012bbu, nodro\u0161inot materi\u0101lu apstr\u0101di un sakrau\u0161anu.<\/li>\n<\/ul>\n<h2>Dizaina apsv\u0113rumi un atlases krit\u0113riji<\/h2>\n<p>Projekt\u0113jot sviras cilindru, j\u0101\u0146em v\u0113r\u0101 da\u017e\u0101di faktori un krit\u0113riji:<\/p>\n<ul>\n<li>Nestsp\u0113ja: Sviras cilindram j\u0101b\u016bt konstru\u0113tam t\u0101, lai tas iztur\u0113tu paredz\u0113to slodzi un nodro\u0161in\u0101tu uzticamu darb\u012bbu.<\/li>\n<li>Bl\u012bv\u0113jums: Lai nodro\u0161in\u0101tu pareizu bl\u012bv\u0113jumu, tiek izmantoti da\u017e\u0101di bl\u012bv\u0113\u0161anas komponenti, piem\u0113ram, virzu\u013ca bl\u012bvsl\u0113gi \u200b\u200bun stie\u0146a bl\u012bvsl\u0113gi. \u0160ie bl\u012bvsl\u0113gi \u200b\u200bir izgatavoti no nodilumiztur\u012bgiem materi\u0101liem, piem\u0113ram, poliuret\u0101na un nitrila gumijas.<\/li>\n<li>Iztur\u012bba: Cilindra korpuss un v\u012bt\u0146otie gali tiek r\u016bp\u012bgi apstr\u0101d\u0101ti, lai uzlabotu nodilumiztur\u012bbu.<\/li>\n<li>Dro\u0161\u012bba: Dro\u0161\u012bbas funkcijas, piem\u0113ram, spiediena samazin\u0101\u0161anas v\u0101rsti, nodro\u0161ina rokas cilindra dro\u0161u darb\u012bbu.<\/li>\n<li>Uzturam\u012bba: Regul\u0101ra e\u013c\u013co\u0161ana ar hidraulisko e\u013c\u013cu, k\u0101 ar\u012b periodiska p\u0101rbaude un apkope veicina sviras cilindra ilgtermi\u0146a darb\u012bbu un uzticam\u012bbu.<\/li>\n<\/ul>\n<p><img decoding=\"async\" src=\"https:\/\/www.hydraulic-cylinders.net\/wp-content\/uploads\/2025\/01\/songte-cylinder-head-with-all-kinds-excavator-models.webp\" alt=\"Cilindra galvas att\u0113ls\"><\/p>\n<h2>Bl\u012bv\u0113\u0161ana un e\u013c\u013co\u0161ana<\/h2>\n<p>Sviras cilindr\u0101 tiek izmantoti da\u017e\u0101di bl\u012bv\u0113\u0161anas komponenti, piem\u0113ram, virzu\u013ca bl\u012bvsl\u0113gi \u200b\u200bun stie\u0146a bl\u012bvsl\u0113gi, kas ir izgatavoti no nodilumiztur\u012bgiem materi\u0101liem, piem\u0113ram, poliuret\u0101na un nitrila gumijas. Cilindra korpuss un v\u012bt\u0146otie gali tiek r\u016bp\u012bgi apstr\u0101d\u0101ti, lai uzlabotu nodilumiztur\u012bbu. Lai nodro\u0161in\u0101tu pareizu e\u013c\u013co\u0161anu, ir nepiecie\u0161ama regul\u0101ra e\u013c\u013co\u0161ana ar atbilsto\u0161u hidraulisk\u0101s e\u013c\u013cas daudzumu.<\/p>\n<h2>Regul\u0101ra p\u0101rbaude un profilaktisk\u0101 apkope<\/h2>\n<p>Regul\u0101ra p\u0101rbaude un profilaktisk\u0101 apkope ir b\u016btiska, lai nodro\u0161in\u0101tu sviras cilindra optim\u0101lu darb\u012bbu un ilgm\u016b\u017e\u012bbu:<\/p>\n<ul>\n<li>P\u0101rbaudiet, vai bl\u012bv\u0113juma deta\u013c\u0101s nav nopl\u016b\u017eu vai boj\u0101jumu paz\u012bmju.<\/li>\n<li>P\u0101rbaudiet cilindra korpusu un v\u012bt\u0146otos galus, vai nav nodiluma vai korozijas.<\/li>\n<li>Uzraugiet hidraulisk\u0101s e\u013c\u013cas l\u012bmeni un kvalit\u0101ti un, ja nepiecie\u0161ams, pievienojiet nepiecie\u0161amo e\u013c\u013cas daudzumu.<\/li>\n<li>P\u0101rbaudiet dro\u0161\u012bbas elementu, piem\u0113ram, spiediena samazin\u0101\u0161anas v\u0101rstu, pareizu darb\u012bbu.<\/li>\n<li>Veiciet regul\u0101ru t\u012br\u012b\u0161anu un e\u013c\u013co\u0161anu saska\u0146\u0101 ar ra\u017eot\u0101ja nor\u0101d\u012bjumiem.<\/li>\n<\/ul>\n<h2>Produkta uzst\u0101d\u012b\u0161anas rokasgr\u0101mata<\/h2>\n<p>Pareiza sviras cilindra uzst\u0101d\u012b\u0161ana ir \u013coti svar\u012bga t\u0101 veiktsp\u0113jai un dro\u0161\u012bbai:<\/p>\n<ul>\n<li>Pirms cilindra uzst\u0101d\u012b\u0161anas p\u0101rliecinieties, vai iek\u0101rta ir izsl\u0113gta un hidrauliskaj\u0101 sist\u0113m\u0101 nav spiediena.<\/li>\n<li>Iev\u0113rojiet ra\u017eot\u0101ja nor\u0101d\u012bjumus par prec\u012bzu sviras cilindra mont\u0101\u017eas poz\u012bciju un izl\u012bdzin\u0101\u0161anu.<\/li>\n<li>Dro\u0161i pievienojiet hidraulisk\u0101s \u0161\u013c\u016btenes atbilsto\u0161aj\u0101m cilindra piesl\u0113gviet\u0101m.<\/li>\n<li>P\u0101rbaudiet, vai visos savienojuma punktos ir pareizs bl\u012bv\u0113jums.<\/li>\n<li>P\u0113c uzst\u0101d\u012b\u0161anas p\u0101rbaudiet sviras cilindra darb\u012bbu.<\/li>\n<\/ul>\n<p><img decoding=\"async\" src=\"https:\/\/www.hydraulic-cylinders.net\/wp-content\/uploads\/2025\/01\/songte-bushings-with-all-kinds-of-excavator-models.webp\" alt=\"Bukses att\u0113ls\"><\/p>\n<h2>Dro\u0161\u012bbas apsv\u0113rumi un vides faktori<\/h2>\n<p>Izmantojot rokas cilindru, dro\u0161\u012bbas pas\u0101kumu iev\u0113ro\u0161ana ir \u0101rk\u0101rt\u012bgi svar\u012bga. Svar\u012bga loma ir t\u0101diem atsl\u0113gv\u0101rdiem k\u0101 dro\u0161\u012bbas pas\u0101kumi:<\/p>\n<ul>\n<li>Iev\u0113rojiet visus ra\u017eot\u0101ja sniegtos dro\u0161\u012bbas nor\u0101d\u012bjumus un nor\u0101d\u012bjumus.<\/li>\n<li>Str\u0101d\u0101jot ar rokas cilindru vai t\u0101 tuvum\u0101, valk\u0101jiet atbilsto\u0161us individu\u0101los aizsardz\u012bbas l\u012bdzek\u013cus.<\/li>\n<li>Esiet inform\u0113ti par iesp\u0113jamiem apdraud\u0113jumiem, kas saist\u012bti ar hidrauliskaj\u0101m sist\u0113m\u0101m, piem\u0113ram, augstspiedienu un hidraulisk\u0101 \u0161\u0137idruma nopl\u016bd\u0113m.<\/li>\n<li>Pareizi utiliz\u0113jiet jebkuru izlietoto hidraulisko e\u013c\u013cu vai citus potenci\u0101li b\u012bstamus materi\u0101lus saska\u0146\u0101 ar vides aizsardz\u012bbas noteikumiem.<\/li>\n<\/ul>\n<h2>Probl\u0113mu nov\u0113r\u0161ana un bie\u017ei sastopamas probl\u0113mas<\/h2>\n<p>Ja rodas probl\u0113mas ar sviras cilindru, var b\u016bt noder\u012bgi izprast iesp\u0113jamos boj\u0101jumus un izmantot probl\u0113mu nov\u0113r\u0161anas metodes:<\/p>\n<ul>\n<li>Nopl\u016bde: p\u0101rbaudiet, vai nav boj\u0101tu vai nolietotu bl\u012bv\u0113jumu, va\u013c\u012bgu savienojumu vai p\u0101rm\u0113r\u012bga spiediena.<\/li>\n<li>Nepietiekama jauda: p\u0101rbaudiet hidraulisko sist\u0113mu, vai nav zema \u0161\u0137idruma l\u012bme\u0146a vai pl\u016bsmas ierobe\u017eojumu.<\/li>\n<li>Neparasts troksnis: p\u0101rbaudiet, vai sist\u0113m\u0101 nav va\u013c\u012bgu deta\u013cu, nolietotu deta\u013cu vai iespr\u016bdu\u0161a gaisa.<\/li>\n<li>Iestr\u0113g\u0161ana vai iespr\u016b\u0161ana: p\u0101rbaudiet, vai nav pies\u0101r\u0146ojuma, nolietotu bukses vai nepareizi novietotu deta\u013cu.<\/li>\n<\/ul>\n<p>Katrai probl\u0113mai j\u0101nodro\u0161ina t\u016bl\u012bt\u0113ji risin\u0101jumi un prevent\u012bvie pas\u0101kumi, lai pal\u012bdz\u0113tu las\u012bt\u0101jiem efekt\u012bvi diagnostic\u0113t un risin\u0101t probl\u0113mas.<\/p>\n<p><img decoding=\"async\" src=\"https:\/\/www.hydraulic-cylinders.net\/wp-content\/uploads\/2025\/01\/songte-chushion-collar.webp\" alt=\"\u010cusjona apkakles att\u0113ls\"><\/p>\n<p>Atcerieties lo\u0123iski sak\u0101rtot rakstu, izmantot apak\u0161virsrakstus \u0113rtai navig\u0101cijai, iek\u013caut atbilsto\u0161us att\u0113lus vai diagrammas lab\u0101kai izpratnei un nodro\u0161in\u0101t satura skaidr\u012bbu, kodol\u012bgumu un piem\u0113rot\u012bbu las\u012bt\u0101jiem ar da\u017e\u0101diem tehnisko zin\u0101\u0161anu l\u012bme\u0146iem.<\/p>\n<h2>Par m\u016bsu uz\u0146\u0113mumu<\/h2>\n<p>M\u0113s esam profesion\u0101ls rezerves hidraulisko cilindru ra\u017eot\u0101js ar pla\u0161u produktu kl\u0101stu. Esam k\u013cuvu\u0161i par vienu no vado\u0161ajiem hidraulisko cilindru ra\u017eot\u0101jiem un vairumtirdzniec\u012bbas izplat\u012bt\u0101jiem viet\u0113j\u0101 un starptautiskaj\u0101 tirg\u016b. Iev\u0113rojot izcilas kvalit\u0101tes principu, m\u0113s nep\u0101rtraukti uzlabojam savu tehnolo\u0123isko l\u012bmeni un ra\u017eo\u0161anas efektivit\u0101ti, izmantojot pilnveidotas ra\u017eo\u0161anas darbn\u012bcas un industrializ\u0113tas ra\u017eo\u0161anas vad\u012bbas strat\u0113\u0123ijas. Ievie\u0161ot augstas klases digit\u0101l\u0101s ra\u017eo\u0161anas iek\u0101rtas un profesion\u0101las test\u0113\u0161anas sist\u0113mas, m\u0113s optimiz\u0113jam savu ra\u017eo\u0161anas platformu, uzlabojam produktu kvalit\u0101tes kontroles procesus un mums ir sp\u0113c\u012bgas inov\u0101ciju iesp\u0113jas. M\u016bsu m\u0113r\u0137is ir apmierin\u0101t klientu da\u017e\u0101d\u0101s vajadz\u012bbas ar efektivit\u0101ti, precizit\u0101ti un augstiem kvalit\u0101tes standartiem.<\/p>\n<p><img decoding=\"async\" src=\"https:\/\/www.hydraulic-cylinders.net\/wp-content\/uploads\/2025\/01\/songte-company-4.webp\" alt=\"Uz\u0146\u0113muma att\u0113ls 1\"><br \/>\n<img decoding=\"async\" src=\"https:\/\/www.hydraulic-cylinders.net\/wp-content\/uploads\/2025\/01\/songte-company-3.webp\" alt=\"Uz\u0146\u0113muma att\u0113ls 2\"><\/p>\n<p>M\u0113s lepojamies ar:<\/p>\n<ul>\n<li>Profesionalit\u0101te: M\u016bsu komanda<br \/>","protected":false},"excerpt":{"rendered":"<p>Arm Cylinder For Volwa Small Excavator DLS880-8B Introduction The arm cylinder is a specially designed hydraulic cylinder that provides linear motion and power to the arm of various types of machinery, such as excavators, cranes, and mechanical arms. The arm cylinder plays a crucial role in hydraulic systems, enabling the effective movement and control of [&hellip;]<\/p>","protected":false},"featured_media":14777,"comment_status":"open","ping_status":"closed","template":"","meta":{"_et_pb_use_builder":"","_et_pb_old_content":"","_et_gb_content_width":""},"product_brand":[],"product_cat":[1497],"product_tag":[1498,1496],"class_list":{"0":"post-16810","1":"product","2":"type-product","3":"status-publish","4":"has-post-thumbnail","6":"product_cat-arm-cylinders","7":"product_tag-arm-cylinders","8":"product_tag-hydraulic-cylinders","10":"first","11":"instock","12":"shipping-taxable","13":"product-type-simple"},"amp_enabled":true,"_links":{"self":[{"href":"https:\/\/www.hydraulic-cylinders.net\/lv\/wp-json\/wp\/v2\/product\/16810","targetHints":{"allow":["GET"]}}],"collection":[{"href":"https:\/\/www.hydraulic-cylinders.net\/lv\/wp-json\/wp\/v2\/product"}],"about":[{"href":"https:\/\/www.hydraulic-cylinders.net\/lv\/wp-json\/wp\/v2\/types\/product"}],"replies":[{"embeddable":true,"href":"https:\/\/www.hydraulic-cylinders.net\/lv\/wp-json\/wp\/v2\/comments?post=16810"}],"wp:featuredmedia":[{"embeddable":true,"href":"https:\/\/www.hydraulic-cylinders.net\/lv\/wp-json\/wp\/v2\/media\/14777"}],"wp:attachment":[{"href":"https:\/\/www.hydraulic-cylinders.net\/lv\/wp-json\/wp\/v2\/media?parent=16810"}],"wp:term":[{"taxonomy":"product_brand","embeddable":true,"href":"https:\/\/www.hydraulic-cylinders.net\/lv\/wp-json\/wp\/v2\/product_brand?post=16810"},{"taxonomy":"product_cat","embeddable":true,"href":"https:\/\/www.hydraulic-cylinders.net\/lv\/wp-json\/wp\/v2\/product_cat?post=16810"},{"taxonomy":"product_tag","embeddable":true,"href":"https:\/\/www.hydraulic-cylinders.net\/lv\/wp-json\/wp\/v2\/product_tag?post=16810"}],"curies":[{"name":"wp","href":"https:\/\/api.w.org\/{rel}","templated":true}]}}