{"id":16824,"date":"2025-01-21T05:57:05","date_gmt":"2025-01-21T05:57:05","guid":{"rendered":"https:\/\/www.hydraulic-cylinders.net\/product\/arm-cylinder-for-volwa-large-excavator-dls450-8b\/"},"modified":"2025-01-21T05:57:07","modified_gmt":"2025-01-21T05:57:07","slug":"arm-cylinder-for-volwa-large-excavator-dls450-8b","status":"publish","type":"product","link":"https:\/\/www.hydraulic-cylinders.net\/lv\/products\/arm-cylinder-for-volwa-large-excavator-dls450-8b\/","title":{"rendered":"Volwa lielizm\u0113ra ekskavatora DLS450-8B sviras cilindrs"},"content":{"rendered":"<h2>Volwa lielizm\u0113ra ekskavatora DLS450-8B sviras cilindrs<\/h2>\n<h3>Ievads<\/h3>\n<p>Sviras cilindrs ir speci\u0101li izstr\u0101d\u0101ts hidrauliskais cilindrs, ko izmanto, lai nodro\u0161in\u0101tu line\u0101ru kust\u012bbu un jaudu da\u017e\u0101du veidu ma\u0161\u012bnu, piem\u0113ram, ekskavatoru, celt\u0146u un robotu roku, svir\u0101m. Sviras cilindriem ir b\u016btiska loma hidrauliskaj\u0101 sist\u0113m\u0101, nodro\u0161inot efekt\u012bvu pievienoto instrumentu vai piederumu kust\u012bbu un vad\u012bbu. \u0160ie cilindri ne tikai nodro\u0161ina vienm\u0113r\u012bgu kust\u012bbu, bet ar\u012b iztur lielas slodzes, nodro\u0161inot ma\u0161\u012bnu efekt\u012bvu darb\u012bbu un uzticam\u012bbu da\u017e\u0101dos ekspluat\u0101cijas apst\u0101k\u013cos.<\/p>\n<p><img decoding=\"async\" src=\"https:\/\/www.hydraulic-cylinders.net\/wp-content\/uploads\/2025\/01\/songte-company-2.webp\" alt=\"Sviras cilindra att\u0113ls\"><\/p>\n<h3>Funkcijas<\/h3>\n<p>Volwa liel\u0101 ekskavatora DLS450-8B sviras cilindram ir \u0161\u0101das \u012bpa\u0161\u012bbas:<\/p>\n<ul>\n<li>Augstas efektivit\u0101tes transmisija: Rokas cilindrs nodro\u0161ina jaud\u012bgu line\u0101ru kust\u012bbu un sp\u0113ku, garant\u0113jot robotiz\u0113t\u0101s rokas augstu efektivit\u0101ti da\u017e\u0101d\u0101s darb\u012bb\u0101s.<\/li>\n<li>Prec\u012bza vad\u012bba: Sviras cilindrs var pan\u0101kt prec\u012bzu kust\u012bbas vad\u012bbu, izmantojot hidraulisko sist\u0113mu, padarot pievienoto instrumentu darb\u012bbu elast\u012bg\u0101ku un prec\u012bz\u0101ku.<\/li>\n<li>Augsta iztur\u012bba: Sviru cilindri parasti ir izgatavoti no augstas iztur\u012bbas materi\u0101liem un tiem ir lieliska iztur\u012bba pret nodilumu un koroziju, padarot tos piem\u0113rotus ilgsto\u0161ai lieto\u0161anai skarbos apst\u0101k\u013cos.<\/li>\n<li>Daudzfunkcion\u0101la piel\u0101go\u0161an\u0101s sp\u0113ja: \u0161os cilindrus var pla\u0161i izmantot da\u017e\u0101d\u0101s meh\u0101nisk\u0101s iek\u0101rt\u0101s, piem\u0113ram, ekskavatoros, celt\u0146os un robotiz\u0113t\u0101s rok\u0101s, piel\u0101gojoties da\u017e\u0101d\u0101m darba pras\u012bb\u0101m.<\/li>\n<li>Vienk\u0101r\u0161a apkope: Sviras cilindra konstrukcija ir veidota, \u0146emot v\u0113r\u0101 apkopes un nomai\u0146as vienk\u0101r\u0161\u012bbu, padarot regul\u0101ru p\u0101rbaudi un apkopi \u0113rt\u0101ku un samazinot iek\u0101rtu d\u012bkst\u0101ves laiku.<\/li>\n<\/ul>\n<p>M\u0113s varam ra\u017eot \u0161o produktu, un tas var lieliski aizst\u0101t \u0161os hidrauliskos cilindrus.<\/p>\n<p><img decoding=\"async\" src=\"https:\/\/www.hydraulic-cylinders.net\/wp-content\/uploads\/2025\/01\/songte-oil-pipes-and-spare-parts.webp\" alt=\"Rezerves cilindra att\u0113ls\"><\/p>\n<h3>Pieteikumi<\/h3>\n<p>Sviras cilindru var izmantot da\u017e\u0101d\u0101s jom\u0101s, piem\u0113ram:<\/p>\n<ul>\n<li>B\u016bvniec\u012bbas in\u017eenierija: Ekskavatoros un celt\u0146os str\u0113les cilindrus izmanto, lai kontrol\u0113tu l\u0101pstu vai str\u0113les kust\u012bbu, veicot zemes darbus, materi\u0101lu apstr\u0101di un konstrukciju uzst\u0101d\u012b\u0161anu.<\/li>\n<li>Ra\u017eo\u0161ana: Automatiz\u0113t\u0101s ra\u017eo\u0161anas l\u012bnij\u0101s roku cilindri tiek izmantoti robotiz\u0113tu roku kust\u012bbai, veicot mont\u0101\u017eas, metin\u0101\u0161anas un apstr\u0101des procesus, uzlabojot ra\u017eo\u0161anas efektivit\u0101ti un precizit\u0101ti.<\/li>\n<li>Lauksaimniec\u012bbas tehnika: Lauksaimniec\u012bbas tehnik\u0101, piem\u0113ram, kombainos un s\u0113jma\u0161\u012bn\u0101s, sviru cilindri kontrol\u0113 darbin\u0101\u0161anas sviru kust\u012bbu, veicot t\u0101dus uzdevumus k\u0101 s\u0113\u0161ana, m\u0113slo\u0161ana un ra\u017eas nov\u0101k\u0161ana.<\/li>\n<li>Kalnr\u016bpniec\u012bba: Kalnr\u016bpniec\u012bbas iek\u0101rt\u0101s roku cilindrus izmanto, lai kontrol\u0113tu kalnr\u016bpniec\u012bbas iek\u0101rtu roku kust\u012bbu, veicot r\u016bdas ieguvi un transport\u0113\u0161anu.<\/li>\n<li>Lo\u0123istika un transport\u0113\u0161ana: Iekr\u0101v\u0113jos un apstr\u0101des robotos roku cilindri tiek izmantoti, lai kontrol\u0113tu dak\u0161u pacel\u0161anu un kust\u012bbu, realiz\u0113jot materi\u0101lu apstr\u0101di un sakrau\u0161anu.<\/li>\n<\/ul>\n<h3>Dizaina apsv\u0113rumi un atlases krit\u0113riji<\/h3>\n<p>Sviras cilindri ir kritiski svar\u012bgas hidraulisko sist\u0113mu sast\u0101vda\u013cas, un to konstrukcijas un izv\u0113les krit\u0113riji ir r\u016bp\u012bgi j\u0101apsver. J\u0101\u0146em v\u0113r\u0101 \u0161\u0101di projekt\u0113\u0161anas apsv\u0113rumi:<\/p>\n<h4>Nestsp\u0113ja<\/h4>\n<p>The arm cylinder must be able to withstand the loads placed on it during operation, which may vary depending on the application. The cylinder&#8217;s bore diameter and stroke length should be chosen based on the specific application&#8217;s load requirements.<\/p>\n<h4>Bl\u012bv\u0113\u0161ana<\/h4>\n<p>Sviras cilindram j\u0101b\u016bt efekt\u012bvi nosl\u0113gtam, lai nov\u0113rstu hidraulisk\u0101 \u0161\u0137idruma nopl\u016bdes, kas var saboj\u0101t citas sast\u0101vda\u013cas. Lai nodro\u0161in\u0101tu pareizu bl\u012bv\u0113jumu, j\u0101izmanto augstas kvalit\u0101tes virzu\u013ca un stie\u0146a bl\u012bves, kas izgatavotas no t\u0101diem materi\u0101liem k\u0101 poliuret\u0101ns vai nitrilgumija.<\/p>\n<h4>Iztur\u012bba<\/h4>\n<p>Sviras cilindram j\u0101b\u016bt pietiekami iztur\u012bgam, lai iztur\u0113tu skarbus ekspluat\u0101cijas apst\u0101k\u013cus, piem\u0113ram, augstu temperat\u016bru, mitrumu un koroziju. Lai nodro\u0161in\u0101tu iztur\u012bbu, cilindra konstrukcij\u0101 j\u0101izmanto augstas stipr\u012bbas materi\u0101li, piem\u0113ram, t\u0113rauds vai alum\u012bnija sakaus\u0113jums.<\/p>\n<h4>Dro\u0161\u012bba<\/h4>\n<p>Sviras cilindram j\u0101b\u016bt konstru\u0113tam, \u0146emot v\u0113r\u0101 dro\u0161\u012bbu, lai nov\u0113rstu negad\u012bjumus un traumas. Lai nodro\u0161in\u0101tu dro\u0161u darb\u012bbu, konstrukcij\u0101 j\u0101iek\u013cauj t\u0101das dro\u0161\u012bbas funkcijas k\u0101 spiediena samazin\u0101\u0161anas v\u0101rsti un av\u0101rijas aptur\u0113\u0161anas pogas.<\/p>\n<h4>Uzturam\u012bba<\/h4>\n<p>Sviras cilindram j\u0101b\u016bt viegli kopjamam un remont\u0113jamam, lai samazin\u0101tu d\u012bkst\u0101ves laiku un apkopes izmaksas. Lai vienk\u0101r\u0161otu apkopi, konstrukcij\u0101 j\u0101iek\u013cauj t\u0101das konstrukcijas iez\u012bmes k\u0101 no\u0146emami gala v\u0101ci\u0146i un viegli nomain\u0101mas bl\u012bves.<\/p>\n<p><img decoding=\"async\" src=\"https:\/\/www.hydraulic-cylinders.net\/wp-content\/uploads\/2025\/01\/songte-cylinder-head-with-all-kinds-excavator-models.webp\" alt=\"Cilindra dizaina att\u0113ls\"><\/p>\n<h3>Bl\u012bv\u0113\u0161ana un e\u013c\u013co\u0161ana<\/h3>\n<p>Lai nodro\u0161in\u0101tu dro\u0161u darb\u012bbu, sviras cilindram ir nepiecie\u0161ams atbilsto\u0161s bl\u012bv\u0113jums un e\u013c\u013co\u0161ana. Da\u017e\u0101di bl\u012bv\u0113\u0161anas komponenti, piem\u0113ram, virzu\u013ca bl\u012bv\u0113jumi un stie\u0146a bl\u012bv\u0113jumi, j\u0101izv\u0113las atkar\u012bb\u0101 no konkr\u0113t\u0101s pielietojuma pras\u012bb\u0101m. Cilindra urbumam un stie\u0146a virsmai j\u0101b\u016bt smalki apstr\u0101d\u0101tai, lai uzlabotu nodilumiztur\u012bbu. Lai uztur\u0113tu cilindra e\u013c\u013co\u0161anu un dzes\u0113\u0161anu, ir nepiecie\u0161ams regul\u0101ri pievienot atbilsto\u0161u hidraulisko e\u013c\u013cu.<\/p>\n<h3>Apkope un prevent\u012bvie pas\u0101kumi<\/h3>\n<p>Regul\u0101ras p\u0101rbaudes un profilaktisk\u0101 apkope var pal\u012bdz\u0113t pagarin\u0101t sviras cilindra kalpo\u0161anas laiku. J\u0101veic \u0161\u0101di pas\u0101kumi:<\/p>\n<ul>\n<li>Regul\u0101ri p\u0101rbaudiet cilindru, vai nav boj\u0101jumu vai nodiluma paz\u012bmju.<\/li>\n<li>Nomainiet visus boj\u0101tos vai nolietotos bl\u012bv\u0113jumus, lai nov\u0113rstu nopl\u016bdes.<\/li>\n<li>Nodro\u0161iniet pareizu cilindra e\u013c\u013co\u0161anu, lai samazin\u0101tu nodilumu.<\/li>\n<li>Lai nov\u0113rstu pies\u0101r\u0146ojumu, uzturiet cilindru un hidraulisko sist\u0113mu t\u012bru.<\/li>\n<\/ul>\n<p><img decoding=\"async\" src=\"https:\/\/www.hydraulic-cylinders.net\/wp-content\/uploads\/2025\/01\/songte-chushion-collar.webp\" alt=\"Apkopes att\u0113ls\"><\/p>\n<h3>Instal\u0101cijas rokasgr\u0101mata<\/h3>\n<p>Lai uzst\u0101d\u012btu sviras cilindru, j\u0101veic \u0161\u0101das darb\u012bbas:<\/p>\n<ol>\n<li>Novietojiet cilindru v\u0113lamaj\u0101 viet\u0101 un piestipriniet to, izmantojot skr\u016bves vai tapas.<\/li>\n<li>Connect the hydraulic lines to the cylinder&#8217;s ports.<\/li>\n<li>P\u0101rliecinieties, vai visi hidrauliskie savienojumi ir cie\u0161i un bez nopl\u016bd\u0113m.<\/li>\n<li>Test the cylinder&#8217;s operation and ensure that it is functioning correctly.<\/li>\n<\/ol>\n<p><img decoding=\"async\" src=\"https:\/\/www.hydraulic-cylinders.net\/wp-content\/uploads\/2025\/01\/songte-bushings-with-all-kinds-of-excavator-models.webp\" alt=\"Instal\u0101cijas att\u0113ls\"><\/p>\n<h3>Dro\u0161\u012bbas apsv\u0113rumi un vides faktori<\/h3>\n<p>Izmantojot rokas cilindru, ir svar\u012bgi iev\u0113rot nepiecie\u0161amos dro\u0161\u012bbas pas\u0101kumus, lai nov\u0113rstu negad\u012bjumus un traumas. Sist\u0113mas projekt\u0113\u0161an\u0101 j\u0101iek\u013cauj t\u0101das dro\u0161\u012bbas funkcijas k\u0101 spiediena samazin\u0101\u0161anas v\u0101rsti un av\u0101rijas aptur\u0113\u0161anas pogas, lai nodro\u0161in\u0101tu dro\u0161u darb\u012bbu. Lai nodro\u0161in\u0101tu uzticamu darb\u012bbu da\u017e\u0101dos apst\u0101k\u013cos, j\u0101\u0146em v\u0113r\u0101 ar\u012b t\u0101di vides faktori k\u0101 temperat\u016bra, mitrums un pies\u0101r\u0146ot\u0101ji.<\/p>\n<h3>Probl\u0113mu nov\u0113r\u0161ana un bie\u017ei sastopamas probl\u0113mas<\/h3>\n<p>\u0160\u012bs ir da\u017eas bie\u017ei sastopamas probl\u0113mas, kas var rasties, lietojot rokas cilindru:<\/p>\n<ul>\n<li>Hidraulisk\u0101 \u0161\u0137idruma nopl\u016bde<\/li>\n<li>Samazin\u0101ta veiktsp\u0113ja<\/li>\n<li>Trok\u0161\u0146aina darb\u012bba<\/li>\n<\/ul>\n<p>Lai diagnostic\u0113tu un nov\u0113rstu \u0161\u012bs probl\u0113mas, j\u0101iev\u0113ro \u0161\u0101di padomi:<\/p>\n<ul>\n<li>P\u0101rbaudiet cilindru un hidraulisk\u0101s l\u012bnijas, vai nav nopl\u016b\u017eu, un nepiecie\u0161am\u012bbas gad\u012bjum\u0101 salabojiet t\u0101s.<\/li>\n<li>P\u0101rbaudiet hidraulisk\u0101 \u0161\u0137idruma l\u012bmeni un kvalit\u0101ti un, ja nepiecie\u0161ams, pievienojiet vai nomainiet \u0161\u0137idrumu.<\/li>\n<li>P\u0101rbaudiet cilindru, vai nav boj\u0101jumu vai nodiluma paz\u012bmju, un nomainiet visas boj\u0101t\u0101s vai nolietot\u0101s deta\u013cas.<\/li>\n<\/ul>\n<p>Lai nov\u0113rstu iesp\u0113jam\u0101s probl\u0113mas, ir svar\u012bgi regul\u0101ri veikt cilindra apkopi un p\u0101rbaudi.<\/p>\n<p><img decoding=\"async\" src=\"https:\/\/www.hydraulic-cylinders.net\/wp-content\/uploads\/2025\/01\/songte-company-4.webp\" alt=\"Uz\u0146\u0113muma t\u0113ls\"><br \/>\n<img decoding=\"async\" src=\"https:\/\/www.hydraulic-cylinders.net\/wp-content\/uploads\/2025\/01\/songte-company-3.webp\" alt=\"Uz\u0146\u0113muma t\u0113ls\"><\/p>\n<h3>Par mums<\/h3>\n<p>M\u0113s esam profesion\u0101ls rezerves hidraulisko cilindru ra\u017eot\u0101js ar pla\u0161u produktu kl\u0101stu. Esam k\u013cuvu\u0161i par vienu no vado\u0161ajiem hidraulisko cilindru ra\u017eot\u0101jiem un vairumtirgot\u0101jiem gan viet\u0113j\u0101, gan starptautisk\u0101 m\u0113rog\u0101. M\u0113s vienm\u0113r iev\u0113rojam izcil\u012bbas kvalit\u0101tes principu un pa\u013caujamies uz izsmalcin\u0101tu ra\u017eo\u0161anas darbn\u012bcu ra\u017eo\u0161anas vad\u012bbas strat\u0113\u0123ij\u0101m, lai nep\u0101rtraukti uzlabotu savu tehnisko l\u012bmeni un ra\u017eo\u0161anas efektivit\u0101ti. Ievie\u0161ot augstas klases digit\u0101l\u0101s ra\u017eo\u0161anas iek\u0101rtas un profesion\u0101las test\u0113\u0161anas sist\u0113mas, m\u0113s nep\u0101rtraukti optimiz\u0113jam savu ra\u017eo\u0161anas platformu un uzlabojam produktu kvalit\u0101tes kontroles procesu, pateicoties sp\u0113c\u012bg\u0101m inov\u0101ciju sp\u0113j\u0101m. M\u016bsu m\u0113r\u0137is ir apmierin\u0101t m\u016bsu klientu da\u017e\u0101d\u0101s vajadz\u012bbas, izmantojot augstu efektivit\u0101ti, precizit\u0101ti un augstas kvalit\u0101tes principus.<\/p>\n<p>M\u0113s pied\u0101v\u0101jam profesion\u0101lus, starptautiski sertific\u0113tus, piel\u0101gotus pakalpojumus, k\u0101 ar\u012b modernas ra\u017eo\u0161anas iek\u0101rtas un visaptvero\u0161us p\u0113cp\u0101rdo\u0161anas pakalpojumus.<\/p>\n<p>Autors: Lails.<\/p>","protected":false},"excerpt":{"rendered":"<p>Arm Cylinder For Volwa Large Excavator DLS450-8B Introduction An arm cylinder is a specially designed hydraulic cylinder that is used to provide linear motion and power to the arms of various types of machinery such as excavators, cranes, and robotic arms. Arm cylinders play a vital role in the hydraulic system, enabling the efficient movement [&hellip;]<\/p>","protected":false},"featured_media":14766,"comment_status":"open","ping_status":"closed","template":"","meta":{"_et_pb_use_builder":"","_et_pb_old_content":"","_et_gb_content_width":""},"product_brand":[],"product_cat":[1497],"product_tag":[1498,1496],"class_list":{"0":"post-16824","1":"product","2":"type-product","3":"status-publish","4":"has-post-thumbnail","6":"product_cat-arm-cylinders","7":"product_tag-arm-cylinders","8":"product_tag-hydraulic-cylinders","10":"first","11":"instock","12":"shipping-taxable","13":"product-type-simple"},"amp_enabled":true,"_links":{"self":[{"href":"https:\/\/www.hydraulic-cylinders.net\/lv\/wp-json\/wp\/v2\/product\/16824","targetHints":{"allow":["GET"]}}],"collection":[{"href":"https:\/\/www.hydraulic-cylinders.net\/lv\/wp-json\/wp\/v2\/product"}],"about":[{"href":"https:\/\/www.hydraulic-cylinders.net\/lv\/wp-json\/wp\/v2\/types\/product"}],"replies":[{"embeddable":true,"href":"https:\/\/www.hydraulic-cylinders.net\/lv\/wp-json\/wp\/v2\/comments?post=16824"}],"wp:featuredmedia":[{"embeddable":true,"href":"https:\/\/www.hydraulic-cylinders.net\/lv\/wp-json\/wp\/v2\/media\/14766"}],"wp:attachment":[{"href":"https:\/\/www.hydraulic-cylinders.net\/lv\/wp-json\/wp\/v2\/media?parent=16824"}],"wp:term":[{"taxonomy":"product_brand","embeddable":true,"href":"https:\/\/www.hydraulic-cylinders.net\/lv\/wp-json\/wp\/v2\/product_brand?post=16824"},{"taxonomy":"product_cat","embeddable":true,"href":"https:\/\/www.hydraulic-cylinders.net\/lv\/wp-json\/wp\/v2\/product_cat?post=16824"},{"taxonomy":"product_tag","embeddable":true,"href":"https:\/\/www.hydraulic-cylinders.net\/lv\/wp-json\/wp\/v2\/product_tag?post=16824"}],"curies":[{"name":"wp","href":"https:\/\/api.w.org\/{rel}","templated":true}]}}