{"id":16827,"date":"2025-01-21T05:57:18","date_gmt":"2025-01-21T05:57:18","guid":{"rendered":"https:\/\/www.hydraulic-cylinders.net\/product\/arm-cylinder-for-volwa-cane-unloader-dls880-9a\/"},"modified":"2025-01-21T05:57:23","modified_gmt":"2025-01-21T05:57:23","slug":"arm-cylinder-for-volwa-cane-unloader-dls880-9a","status":"publish","type":"product","link":"https:\/\/www.hydraulic-cylinders.net\/lv\/products\/arm-cylinder-for-volwa-cane-unloader-dls880-9a\/","title":{"rendered":"Volwa niedru izkrau\u0161anas iek\u0101rtas DLS880-9A sviras cilindrs"},"content":{"rendered":"<h1>Volwa niedru izkrau\u0161anas iek\u0101rtas DLS880-9A sviras cilindrs<\/h1>\n<h2>Ievads<\/h2>\n<h3>Sviras cilindra defin\u0113\u0161ana<\/h3>\n<p>Sviras cilindrs ir speci\u0101li izstr\u0101d\u0101ts hidrauliskais cilindrs, ko izmanto, lai nodro\u0161in\u0101tu line\u0101ru kust\u012bbu un jaudu da\u017e\u0101du veidu ma\u0161\u012bnu, piem\u0113ram, ekskavatoru, celt\u0146u un meh\u0101nisko sviru, svir\u0101m. Sviras cilindriem ir iz\u0161\u0137iro\u0161a noz\u012bme hidrauliskaj\u0101s sist\u0113m\u0101s, \u013caujot pielikumiem vai piederumiem efekt\u012bvi p\u0101rvietoties un tikt vad\u012btiem. \u0160ie cilindri ne tikai nodro\u0161ina vienm\u0113r\u012bgu kust\u012bbu, bet ar\u012b iztur lielas slodzes, nodro\u0161inot ma\u0161\u012bnu efekt\u012bvu darb\u012bbu un uzticam\u012bbu da\u017e\u0101dos ekspluat\u0101cijas apst\u0101k\u013cos.<\/p>\n<p><img decoding=\"async\" src=\"https:\/\/www.hydraulic-cylinders.net\/wp-content\/uploads\/2025\/01\/songte-company-2.webp\" alt=\"Sviras cilindra att\u0113ls\"><\/p>\n<h3>Rokas cilindra \u012bpa\u0161\u012bbas<\/h3>\n<ul>\n<li><b>Augstas efektivit\u0101tes transmisija:<\/b> Roku cilindri nodro\u0161ina jaud\u012bgu line\u0101ru kust\u012bbu un sp\u0113ku, garant\u0113jot meh\u0101nisko roku augstu efektivit\u0101ti da\u017e\u0101d\u0101s darb\u012bb\u0101s.<\/li>\n<li><b>Prec\u012bza kontrole:<\/b> Sviru cilindri var pan\u0101kt prec\u012bzu kust\u012bbas vad\u012bbu, izmantojot hidraulisk\u0101s sist\u0113mas, padarot pielikumu darb\u012bbu elast\u012bg\u0101ku un prec\u012bz\u0101ku.<\/li>\n<li><b>Sp\u0113c\u012bga iztur\u012bba:<\/b> Roku cilindri parasti ir izgatavoti no augstas iztur\u012bbas materi\u0101liem, ar labu nodilumiztur\u012bbu un korozijas iztur\u012bbu, kas ir piem\u0113roti ilgsto\u0161ai lieto\u0161anai skarbos apst\u0101k\u013cos.<\/li>\n<li><b>Daudzfunkcion\u0101la piel\u0101go\u0161an\u0101s sp\u0113ja:<\/b> \u0160ie cilindri tiek pla\u0161i izmantoti da\u017e\u0101d\u0101s meh\u0101nisk\u0101s iek\u0101rt\u0101s, piem\u0113ram, ekskavatoros, celt\u0146os un meh\u0101niskaj\u0101s svir\u0101s, piel\u0101gojoties da\u017e\u0101d\u0101m darba pras\u012bb\u0101m.<\/li>\n<li><b>Vienk\u0101r\u0161a apkope:<\/b> Paredz\u0113ts vienk\u0101r\u0161ai apkopei un nomai\u0146ai, regul\u0101ras p\u0101rbaudes un apkope k\u013c\u016bst \u0113rt\u0101kas, samazinot iek\u0101rtu d\u012bkst\u0101ves laiku.<\/li>\n<\/ul>\n<p>M\u0113s varam ra\u017eot \u0161o produktu, kas var lieliski aizst\u0101t \u0161os hidrauliskos cilindrus.<\/p>\n<p><img decoding=\"async\" src=\"https:\/\/www.hydraulic-cylinders.net\/wp-content\/uploads\/2025\/01\/songte-oil-pipes-and-spare-parts.webp\" alt=\"Hidraulisk\u0101 cilindra deta\u013cu att\u0113ls\"><\/p>\n<h2>Rokas cilindra pielietojums<\/h2>\n<p>Sviras cilindrs tiek pla\u0161i izmantots da\u017e\u0101d\u0101s nozar\u0113s, tostarp:<\/p>\n<ul>\n<li><b>B\u016bvniec\u012bbas in\u017eenierija:<\/b> Ekskavatoros un celt\u0146os str\u0113les cilindrus izmanto, lai kontrol\u0113tu kausu vai str\u0113les sviru kust\u012bbu, veicot zemes darbus, materi\u0101lu apstr\u0101di un konstrukciju uzst\u0101d\u012b\u0161anu.<\/li>\n<li><b>Ra\u017eo\u0161ana:<\/b> Automatiz\u0113t\u0101s ra\u017eo\u0161anas l\u012bnij\u0101s roku cilindri tiek izmantoti meh\u0101nisko roku kust\u012bbai, mont\u0101\u017eas, metin\u0101\u0161anas un apstr\u0101des procesu veik\u0161anai, uzlabojot ra\u017eo\u0161anas efektivit\u0101ti un precizit\u0101ti.<\/li>\n<li><b>Lauksaimniec\u012bbas tehnika:<\/b> Lauksaimniec\u012bbas ma\u0161\u012bn\u0101s, piem\u0113ram, kombainos un s\u0113jma\u0161\u012bn\u0101s, sviru cilindri kontrol\u0113 darbin\u0101\u0161anas sviru kust\u012bbu, veicot s\u0113\u0161anas, m\u0113slo\u0161anas un ra\u017eas nov\u0101k\u0161anas uzdevumus.<\/li>\n<li><b>Kalnr\u016bpniec\u012bba:<\/b> Kalnr\u016bpniec\u012bbas iek\u0101rt\u0101s rokas cilindri tiek izmantoti, lai kontrol\u0113tu kalnr\u016bpniec\u012bbas iek\u0101rtu rokas kust\u012bbu, veicot r\u016bdas ieguvi un transport\u0113\u0161anu.<\/li>\n<li><b>Lo\u0123istika un transports:<\/b> Iekr\u0101v\u0113jos un apstr\u0101des robotos roku cilindri tiek izmantoti, lai kontrol\u0113tu dak\u0161u pacel\u0161anu un kust\u012bbu, realiz\u0113jot materi\u0101lu apstr\u0101di un krau\u0161anu.<\/li>\n<\/ul>\n<h2>Dizaina apsv\u0113rumi un atlases krit\u0113riji<\/h2>\n<h3>Kravnes\u012bba<\/h3>\n<p>Sviras cilindra nestsp\u0113ja ir \u013coti svar\u012bgs konstrukcijas apsv\u0113rums. Mums j\u0101nodro\u0161ina, lai cilindrs iztur\u0113tu pielikto slodzi bez boj\u0101jumiem vai izliekuma.<\/p>\n<h3>Bl\u012bv\u0113\u0161ana<\/h3>\n<p>Sviras cilindram ir nepiecie\u0161ams augstas kvalit\u0101tes bl\u012bv\u0113jums, lai nov\u0113rstu nopl\u016bdes. Lai nodro\u0161in\u0101tu cilindra ilgu kalpo\u0161anas laiku, m\u0113s izmantojam da\u017e\u0101dus bl\u012bv\u0113\u0161anas komponentus, piem\u0113ram, virzu\u013ca bl\u012bves un stie\u0146a bl\u012bves, kas izgatavotas no nodilumiztur\u012bgiem materi\u0101liem, piem\u0113ram, poliuret\u0101na un nitrila gumijas.<\/p>\n<h3>Iztur\u012bba<\/h3>\n<p>Sviras cilindram j\u0101b\u016bt iztur\u012bgam un notur\u012bgam pret nodilumu, koroziju un citiem boj\u0101jumiem, kas var rasties skarbos apst\u0101k\u013cos.<\/p>\n<h3>Dro\u0161\u012bba<\/h3>\n<p>Sviras cilindram j\u0101b\u016bt konstru\u0113tam, \u0146emot v\u0113r\u0101 dro\u0161\u012bbu. Lai nov\u0113rstu p\u0101rslodzi, j\u0101iek\u013cauj dro\u0161\u012bbas meh\u0101nismi, piem\u0113ram, spiediena samazin\u0101\u0161anas v\u0101rsti.<\/p>\n<h3>Uzturam\u012bba<\/h3>\n<p>Sviras cilindram j\u0101b\u016bt konstru\u0113tam t\u0101, lai to b\u016btu viegli apkopt un remont\u0113t, ar viegli pieejam\u0101m rezerves da\u013c\u0101m un skaidru apkopes grafiku.<\/p>\n<p><img decoding=\"async\" src=\"https:\/\/www.hydraulic-cylinders.net\/wp-content\/uploads\/2025\/01\/songte-cylinder-head-with-all-kinds-excavator-models.webp\" alt=\"Hidraulisk\u0101 cilindra galvas att\u0113ls\"><\/p>\n<h2>Bl\u012bv\u0113\u0161ana un e\u013c\u013co\u0161ana<\/h2>\n<p>Lai nov\u0113rstu nopl\u016bdes, tiek izmantoti da\u017e\u0101di bl\u012bv\u0113\u0161anas komponenti, piem\u0113ram, virzu\u013ca bl\u012bvsl\u0113gi \u200b\u200bun stie\u0146a bl\u012bvsl\u0113gi. \u0160ie bl\u012bv\u0113\u0161anas komponenti ir izgatavoti no nodilumiztur\u012bgiem materi\u0101liem, piem\u0113ram, poliuret\u0101na un nitrila gumijas. Cilindra galvas, virzu\u013ca un stie\u0146a virsmas ir smalki apstr\u0101d\u0101tas, lai uzlabotu nodilumiztur\u012bbu. Lai nodro\u0161in\u0101tu cilindra vienm\u0113r\u012bgu darb\u012bbu, ir nepiecie\u0161ama regul\u0101ra e\u013c\u013co\u0161ana ar hidraulisko e\u013c\u013cu.<\/p>\n<h2>Apkope un prevent\u012bvie pas\u0101kumi<\/h2>\n<ul>\n<li>Lai identific\u0113tu iesp\u0113jam\u0101s probl\u0113mas, pirms t\u0101s k\u013c\u016bst nopietnas, regul\u0101ri j\u0101veic sviras cilindra p\u0101rbaude un apkope.<\/li>\n<li>Nolietotu vai boj\u0101tu deta\u013cu nomai\u0146a j\u0101veic nekav\u0113joties, lai nov\u0113rstu turpm\u0101kus boj\u0101jumus.<\/li>\n<li>Izmantojiet atbilsto\u0161u hidraulisko e\u013c\u013cu un filtra elementus, lai nodro\u0161in\u0101tu pareizu e\u013c\u013co\u0161anu un nov\u0113rstu pies\u0101r\u0146ojumu.<\/li>\n<\/ul>\n<p><img decoding=\"async\" src=\"https:\/\/www.hydraulic-cylinders.net\/wp-content\/uploads\/2025\/01\/songte-chushion-collar.webp\" alt=\"Hidraulisk\u0101 cilindra apkakles att\u0113ls\"><\/p>\n<h2>Uzst\u0101d\u012b\u0161anas instrukcijas<\/h2>\n<p>Lai uzst\u0101d\u012btu sviras cilindru, veiciet t\u0101l\u0101k nor\u0101d\u012bt\u0101s darb\u012bbas.<\/p>\n<ol>\n<li>P\u0101rliecinieties, vai mont\u0101\u017eas virsmas ir t\u012bras un bez gru\u017eiem.<\/li>\n<li>Uz cilindra stie\u0146a uzkl\u0101jiet pl\u0101nu hidraulisk\u0101s e\u013c\u013cas k\u0101rtu.<\/li>\n<li>Uzst\u0101diet cilindru pareizaj\u0101 orient\u0101cij\u0101 un nostipriniet to viet\u0101.<\/li>\n<li>Pievienojiet hidraulisk\u0101s \u0161\u013c\u016btenes un savienojumus cilindram.<\/li>\n<li>P\u0101rbaudiet, vai nav nopl\u016b\u017eu, un k\u0101rt\u012bgi pievelciet visus savienojumus.<\/li>\n<\/ol>\n<p><img decoding=\"async\" src=\"https:\/\/www.hydraulic-cylinders.net\/wp-content\/uploads\/2025\/01\/songte-bushings-with-all-kinds-of-excavator-models.webp\" alt=\"Hidraulisko cilindru bukses att\u0113ls\"><\/p>\n<h2>Dro\u0161\u012bbas apsv\u0113rumi un vides faktori<\/h2>\n<p>Str\u0101d\u0101jot ar hidraulisko apr\u012bkojumu, dro\u0161\u012bbai ir j\u0101b\u016bt galvenajai priorit\u0101tei. J\u0101iev\u0113ro atbilsto\u0161a apm\u0101c\u012bba, aizsargapr\u012bkojums un dro\u0161\u012bbas protokoli.<\/p>\n<h2>Probl\u0113mu nov\u0113r\u0161ana un bie\u017ei sastopamas probl\u0113mas<\/h2>\n<p>Bie\u017ei sastopamas probl\u0113mas ar sviras cilindriem ir nopl\u016bdes, l\u0113na darb\u012bba un spiediena nenotur\u0113\u0161ana. \u0160\u012bs probl\u0113mas var izrais\u012bt nolietoti bl\u012bv\u0113jumi, pies\u0101r\u0146ots hidrauliskais \u0161\u0137idrums vai boj\u0101tas deta\u013cas. Probl\u0113mas nov\u0113r\u0161ana ietver c\u0113lo\u0146a noteik\u0161anu un atbilsto\u0161u korekt\u012bvu pas\u0101kumu veik\u0161anu.<\/p>\n<h2>Secin\u0101jums<\/h2>\n<p>M\u0113s esam profesion\u0101ls hidraulisko cilindru ra\u017eot\u0101js ar pla\u0161u produktu kl\u0101stu un atz\u012bts par vienu no vado\u0161ajiem hidraulisko cilindru ra\u017eot\u0101jiem un vairumtirgot\u0101jiem viet\u0113j\u0101 un starptautiskaj\u0101 tirg\u016b. M\u0113s vienm\u0113r iev\u0113rojam izcil\u012bbas kvalit\u0101tes principu, pa\u013caujoties uz prec\u012bz\u0101s ra\u017eo\u0161anas darbn\u012bcas industrializ\u0113to ra\u017eo\u0161anas vad\u012bbas strat\u0113\u0123iju, nep\u0101rtraukti uzlabojot savu tehnisko l\u012bmeni un ra\u017eo\u0161anas efektivit\u0101ti. M\u016bsu m\u0113r\u0137is ir apmierin\u0101t klientu daudzveid\u012bg\u0101s vajadz\u012bbas, iev\u0113rojot augstas efektivit\u0101tes, precizit\u0101tes un augstas kvalit\u0101tes principus.<\/p>\n<p><img decoding=\"async\" src=\"https:\/\/www.hydraulic-cylinders.net\/wp-content\/uploads\/2025\/01\/songte-company-4.webp\" alt=\"Hidraulisko cilindru uz\u0146\u0113muma att\u0113ls\"><br \/>\n<img decoding=\"async\" src=\"https:\/\/www.hydraulic-cylinders.net\/wp-content\/uploads\/2025\/01\/songte-company-3.webp\" alt=\"Hidraulisko cilindru uz\u0146\u0113muma att\u0113ls\"><\/p>\n<h2>Uz\u0146\u0113muma p\u0101rskats<\/h2>\n<ul>\n<li><b>Profesionalit\u0101te:<\/b> M\u016bsu komandu veido augsti kvalific\u0113ti un pieredz\u0113ju\u0161i speci\u0101listi, kas ir ap\u0146\u0113mu\u0161ies nodro\u0161in\u0101t augstas kvalit\u0101tes hidrauliskos cilindrus.<\/li>\n<li><b>Starptautisk\u0101s sertifik\u0101cijas:<\/b> M\u016bsu produkti ir ieguvu\u0161i da\u017e\u0101dus starptautiskus sertifik\u0101tus, piem\u0113ram, ISO9001, CE un TUV, kas apliecina to kvalit\u0101ti un uzticam\u012bbu.<\/li>\n<li><b>Piel\u0101go\u0161ana:<\/b> M\u0113s pied\u0101v\u0101jam piel\u0101gotus hidrauliskos cilindrus atbilsto\u0161i klientu pras\u012bb\u0101m, nodro\u0161inot, ka tiek apmierin\u0101tas vi\u0146u \u012bpa\u0161\u0101s vajadz\u012bbas.<\/li>\n<li><b>Ra\u017eo\u0161anas iek\u0101rtas:<\/b> M\u016bsu ra\u017eo\u0161anas iek\u0101rtas ietver augst\u0101k\u0101s klases digit\u0101l\u0101s ra\u017eo\u0161anas iek\u0101rtas un profesion\u0101las test\u0113\u0161anas sist\u0113mas, kas \u013cauj mums efekt\u012bvi ra\u017eot augstas kvalit\u0101tes produktus.<\/li>\n<li><b>P\u0113cp\u0101rdo\u0161anas serviss:<\/b> M\u0113s nodro\u0161in\u0101m p\u0113cp\u0101rdo\u0161anas atbalstu visu diennakti, lai nodro\u0161in\u0101tu, ka m\u016bsu klienti var sa\u0146emt savlaic\u012bgus un efekt\u012bvus risin\u0101jumus jebkur\u0101m probl\u0113m\u0101m, ar kur\u0101m vi\u0146i saskaras.<\/li>\n<\/ul>\n<p>Autors: lil<\/p>","protected":false},"excerpt":{"rendered":"<p>Arm Cylinder For Volwa Cane Unloader DLS880-9A Introduction Defining Arm Cylinder An arm cylinder is a specially designed hydraulic cylinder used to provide linear motion and power for arms of various types of machinery, such as excavators, cranes, and mechanical arms. Arm cylinders play a critical role in hydraulic systems, enabling attachments or accessories to [&hellip;]<\/p>","protected":false},"featured_media":14786,"comment_status":"open","ping_status":"closed","template":"","meta":{"_et_pb_use_builder":"","_et_pb_old_content":"","_et_gb_content_width":""},"product_brand":[],"product_cat":[1497],"product_tag":[1498,1496],"class_list":{"0":"post-16827","1":"product","2":"type-product","3":"status-publish","4":"has-post-thumbnail","6":"product_cat-arm-cylinders","7":"product_tag-arm-cylinders","8":"product_tag-hydraulic-cylinders","10":"first","11":"instock","12":"shipping-taxable","13":"product-type-simple"},"amp_enabled":true,"_links":{"self":[{"href":"https:\/\/www.hydraulic-cylinders.net\/lv\/wp-json\/wp\/v2\/product\/16827","targetHints":{"allow":["GET"]}}],"collection":[{"href":"https:\/\/www.hydraulic-cylinders.net\/lv\/wp-json\/wp\/v2\/product"}],"about":[{"href":"https:\/\/www.hydraulic-cylinders.net\/lv\/wp-json\/wp\/v2\/types\/product"}],"replies":[{"embeddable":true,"href":"https:\/\/www.hydraulic-cylinders.net\/lv\/wp-json\/wp\/v2\/comments?post=16827"}],"wp:featuredmedia":[{"embeddable":true,"href":"https:\/\/www.hydraulic-cylinders.net\/lv\/wp-json\/wp\/v2\/media\/14786"}],"wp:attachment":[{"href":"https:\/\/www.hydraulic-cylinders.net\/lv\/wp-json\/wp\/v2\/media?parent=16827"}],"wp:term":[{"taxonomy":"product_brand","embeddable":true,"href":"https:\/\/www.hydraulic-cylinders.net\/lv\/wp-json\/wp\/v2\/product_brand?post=16827"},{"taxonomy":"product_cat","embeddable":true,"href":"https:\/\/www.hydraulic-cylinders.net\/lv\/wp-json\/wp\/v2\/product_cat?post=16827"},{"taxonomy":"product_tag","embeddable":true,"href":"https:\/\/www.hydraulic-cylinders.net\/lv\/wp-json\/wp\/v2\/product_tag?post=16827"}],"curies":[{"name":"wp","href":"https:\/\/api.w.org\/{rel}","templated":true}]}}