{"id":16842,"date":"2025-01-21T05:58:32","date_gmt":"2025-01-21T05:58:32","guid":{"rendered":"https:\/\/www.hydraulic-cylinders.net\/product\/arm-cylinder-for-aotai-at60e-9\/"},"modified":"2025-01-21T05:58:33","modified_gmt":"2025-01-21T05:58:33","slug":"arm-cylinder-for-aotai-at60e-9","status":"publish","type":"product","link":"https:\/\/www.hydraulic-cylinders.net\/lv\/products\/arm-cylinder-for-aotai-at60e-9\/","title":{"rendered":"Aotai AT60E-9 rokas cilindrs"},"content":{"rendered":"<p><!DOCTYPE html><br \/>\n<html><br \/>\n<head><br \/>\n<title>Aotai AT60E-9 rokas cilindrs<\/title><br \/>\n<\/head><br \/>\n<body><\/p>\n<h1>Aotai AT60E-9 rokas cilindrs<\/h1>\n<h2>Ievads<\/h2>\n<p>Aotai AT60E-9 sviras cilindrs ir specializ\u0113ts hidrauliskais cilindrs, kas paredz\u0113ts, lai nodro\u0161in\u0101tu line\u0101ru kust\u012bbu un jaudu da\u017e\u0101du ma\u0161\u012bnu, piem\u0113ram, ekskavatoru, celt\u0146u un meh\u0101nisko sviru, svirai. Sviras cilindram ir iz\u0161\u0137iro\u0161a noz\u012bme hidrauliskaj\u0101s sist\u0113m\u0101s, nodro\u0161inot efekt\u012bvu papildu instrumentu vai stiprin\u0101jumu p\u0101rvieto\u0161anu un kontroli. \u0160ie cilindri ne tikai nodro\u0161ina vienm\u0113r\u012bgu kust\u012bbu, bet ar\u012b iztur lielas slodzes, nodro\u0161inot ma\u0161\u012bnas efekt\u012bvu darb\u012bbu un uzticam\u012bbu da\u017e\u0101dos darba apst\u0101k\u013cos.<\/p>\n<p><img decoding=\"async\" src=\"https:\/\/www.hydraulic-cylinders.net\/wp-content\/uploads\/2025\/01\/songte-company-2.webp\" alt=\"Sviras cilindra att\u0113ls\"><\/p>\n<h2>Funkcijas<\/h2>\n<ul>\n<li><strong>Augstas efektivit\u0101tes p\u0101rraide:<\/strong> Sviras cilindrs nodro\u0161ina jaud\u012bgu line\u0101ru kust\u012bbu un sp\u0113ku, garant\u0113jot augstu veiktsp\u0113ju da\u017e\u0101d\u0101s darb\u012bb\u0101s.<\/li>\n<li><strong>Prec\u012bza kontrole:<\/strong> Izmantojot hidraulisk\u0101s sist\u0113mas, rokas cilindrs nodro\u0161ina prec\u012bzu kust\u012bbas kontroli, padarot pievienoto instrumentu darb\u012bbu elast\u012bg\u0101ku un prec\u012bz\u0101ku.<\/li>\n<li><strong>Iztur\u012bba:<\/strong> Sviru cilindri parasti ir izgatavoti no augstas iztur\u012bbas materi\u0101liem, kas nodro\u0161ina izcilu nodilumiztur\u012bbu un korozijas iztur\u012bbu, t\u0101p\u0113c ir piem\u0113roti ilgsto\u0161ai lieto\u0161anai skarbos apst\u0101k\u013cos.<\/li>\n<li><strong>Daudzfunkcion\u0101la piel\u0101go\u0161an\u0101s sp\u0113ja:<\/strong> \u0160os cilindrus var pla\u0161i pielietot da\u017e\u0101d\u0101m ma\u0161\u012bn\u0101m, piem\u0113ram, ekskavatoriem, celt\u0146iem un meh\u0101niskaj\u0101m svir\u0101m, piel\u0101gojoties da\u017e\u0101d\u0101m darba pras\u012bb\u0101m.<\/li>\n<li><strong>Vienk\u0101r\u0161a apkope:<\/strong> Sviras cilindrs, kas paredz\u0113ts vienk\u0101r\u0161ai apkopei un nomai\u0146ai, atvieglo regul\u0101ras p\u0101rbaudes un apkopi, samazinot iek\u0101rtu d\u012bkst\u0101ves laiku.<\/li>\n<\/ul>\n<p><img decoding=\"async\" src=\"https:\/\/www.hydraulic-cylinders.net\/wp-content\/uploads\/2025\/01\/songte-oil-pipes-and-spare-parts.webp\" alt=\"Sviras cilindra rezerves da\u013cu att\u0113ls\"><\/p>\n<h2>Pieteikumi<\/h2>\n<p>Sviras cilindram ir da\u017e\u0101di pielietojumi da\u017e\u0101d\u0101s nozar\u0113s:<\/p>\n<ol>\n<li><strong>B\u016bvniec\u012bbas in\u017eenierija:<\/strong> Ekskavatoros un celt\u0146os sviras cilindrs kontrol\u0113 kausu vai str\u0113les kust\u012bbu zemes darbos, materi\u0101lu apstr\u0101d\u0113 un konstrukciju uzst\u0101d\u012b\u0161an\u0101.<\/li>\n<li><strong>Ra\u017eo\u0161ana:<\/strong> Automatiz\u0113t\u0101s ra\u017eo\u0161anas l\u012bnij\u0101s sviras cilindrs atvieglo meh\u0101nisko sviru kust\u012bbu t\u0101dos procesos k\u0101 mont\u0101\u017ea, metin\u0101\u0161ana un apstr\u0101de, uzlabojot ra\u017eo\u0161anas efektivit\u0101ti un precizit\u0101ti.<\/li>\n<li><strong>Lauksaimniec\u012bbas tehnika:<\/strong> Lauksaimniec\u012bbas ma\u0161\u012bn\u0101s, piem\u0113ram, kombainos un s\u0113jma\u0161\u012bn\u0101s, sviras cilindrs kontrol\u0113 vad\u012bbas sviru kust\u012bbu t\u0101diem uzdevumiem k\u0101 s\u0113\u0161ana, m\u0113slo\u0161ana un ra\u017eas nov\u0101k\u0161ana.<\/li>\n<li><strong>Kalnr\u016bpniec\u012bba:<\/strong> Kalnr\u016bpniec\u012bbas iek\u0101rt\u0101s rokas cilindrs kontrol\u0113 rokas kust\u012bbu ieguves un materi\u0101lu transport\u0113\u0161anas nol\u016bkos.<\/li>\n<li><strong>Lo\u0123istika un transports:<\/strong> Iekr\u0101v\u0113jos un apstr\u0101des robotos rokas cilindrs kontrol\u0113 dak\u0161u pacel\u0161anu un kust\u012bbu, nodro\u0161inot materi\u0101lu apstr\u0101di un sakrau\u0161anu.<\/li>\n<\/ol>\n<h2>Dizaina apsv\u0113rumi un atlases krit\u0113riji<\/h2>\n<p>Projekt\u0113jot cilindra sviru, tiek \u0146emti v\u0113r\u0101 vair\u0101ki faktori:<\/p>\n<ul>\n<li><strong>Nestsp\u0113ja:<\/strong> Sviras cilindrs ir konstru\u0113ts t\u0101, lai iztur\u0113tu paredz\u0113to slodzi un nodro\u0161in\u0101tu uzticamu darb\u012bbu da\u017e\u0101dos ekspluat\u0101cijas apst\u0101k\u013cos.<\/li>\n<li><strong>Bl\u012bv\u0113jums:<\/strong> Lai nodro\u0161in\u0101tu efekt\u012bvu bl\u012bv\u0113\u0161anu, tiek izmantoti da\u017e\u0101di bl\u012bv\u0113\u0161anas komponenti, piem\u0113ram, virzu\u013ca bl\u012bvsl\u0113gi \u200b\u200bun stie\u0146a bl\u012bvsl\u0113gi. \u0160ie bl\u012bvsl\u0113gi \u200b\u200bir izgatavoti no nodilumiztur\u012bgiem materi\u0101liem, piem\u0113ram, poliuret\u0101na un nitrila gumijas.<\/li>\n<li><strong>Iztur\u012bba:<\/strong> Cilindra korpuss un v\u012bt\u0146otie gali ir apstr\u0101d\u0101ti, lai uzlabotu nodilumiztur\u012bbu, nodro\u0161inot ilgsto\u0161u darb\u012bbu.<\/li>\n<li><strong>Dro\u0161\u012bba:<\/strong> Konstrukcij\u0101 ir iek\u013cautas dro\u0161\u012bbas funkcijas, lai nov\u0113rstu negad\u012bjumus un nodro\u0161in\u0101tu rokas cilindra dro\u0161u darb\u012bbu.<\/li>\n<li><strong>Uzturam\u012bba:<\/strong> Projekt\u0113jot ir \u0146emta v\u0113r\u0101 apkopes un nomai\u0146as vienk\u0101r\u0161\u012bba, padarot regul\u0101ras p\u0101rbaudes un apkopi \u0113rtas, t\u0101d\u0113j\u0101di samazinot d\u012bkst\u0101ves laiku.<\/li>\n<\/ul>\n<p><img decoding=\"async\" src=\"https:\/\/www.hydraulic-cylinders.net\/wp-content\/uploads\/2025\/01\/songte-cylinder-head-with-all-kinds-excavator-models.webp\" alt=\"Cilindra galvas att\u0113ls\"><\/p>\n<h2>Bl\u012bv\u0113\u0161ana un e\u013c\u013co\u0161ana<\/h2>\n<p>Sviras cilindr\u0101 tiek izmantoti da\u017e\u0101di bl\u012bv\u0113\u0161anas komponenti, piem\u0113ram, virzu\u013ca bl\u012bvsl\u0113gi \u200b\u200bun stie\u0146a bl\u012bvsl\u0113gi, kas izgatavoti no nodilumiztur\u012bgiem materi\u0101liem, piem\u0113ram, poliuret\u0101na un nitrila gumijas. Cilindra korpuss un v\u012bt\u0146otie gali ir smalki apstr\u0101d\u0101ti, lai uzlabotu nodilumiztur\u012bbu. Lai nodro\u0161in\u0101tu vienm\u0113r\u012bgu darb\u012bbu, ir nepiecie\u0161ama regul\u0101ra e\u013c\u013co\u0161ana ar atbilsto\u0161u hidraulisk\u0101s e\u013c\u013cas daudzumu.<\/p>\n<h2>Regul\u0101ra p\u0101rbaude un profilaktisk\u0101 apkope<\/h2>\n<p>Lai nodro\u0161in\u0101tu optim\u0101lu veiktsp\u0113ju un pagarin\u0101tu sviras cilindra kalpo\u0161anas laiku, ieteicams veikt regul\u0101ras p\u0101rbaudes un profilaktisko apkopi:<\/p>\n<ul>\n<li>P\u0101rbaudiet cilindru, vai nav nodiluma, nopl\u016bdes vai boj\u0101jumu paz\u012bmju.<\/li>\n<li>P\u0101rbaudiet un nomainiet bl\u012bves vai citas sast\u0101vda\u013cas p\u0113c nepiecie\u0161am\u012bbas.<\/li>\n<li>P\u0101rbaudiet pareizu e\u013c\u013co\u0161anu un, ja nepiecie\u0161ams, papildiniet hidraulisko e\u013c\u013cu.<\/li>\n<li>Perform routine cleaning to remove any dirt or debris that may affect the cylinder&#8217;s operation.<\/li>\n<\/ul>\n<p><img decoding=\"async\" src=\"https:\/\/www.hydraulic-cylinders.net\/wp-content\/uploads\/2025\/01\/songte-chushion-collar.webp\" alt=\"Spilvenu apkakles att\u0113ls\"><\/p>\n<h2>Produkta uzst\u0101d\u012b\u0161anas rokasgr\u0101mata<\/h2>\n<p>Lai pareizi uzst\u0101d\u012btu sviras cilindru, veiciet t\u0101l\u0101k nor\u0101d\u012bt\u0101s darb\u012bbas.<\/p>\n<ol>\n<li>P\u0101rliecinieties, vai ma\u0161\u012bna ir izsl\u0113gta un hidrauliskaj\u0101 sist\u0113m\u0101 nav spiediena.<\/li>\n<li>No\u0146emiet jebkuru veco vai boj\u0101to cilindru un sagatavojiet uzst\u0101d\u012b\u0161anas vietu.<\/li>\n<li>Ievietojiet jauno sviras cilindru paredz\u0113taj\u0101 mont\u0101\u017eas poz\u012bcij\u0101 un cie\u0161i nostipriniet to.<\/li>\n<li>Pievienojiet hidraulisk\u0101s \u0161\u013c\u016btenes un savienojumus saska\u0146\u0101 ar ra\u017eot\u0101ja nor\u0101d\u012bjumiem.<\/li>\n<li>P\u0101rbaudiet, vai nav nopl\u016b\u017eu, un p\u0101rliecinieties, vai visi savienojumi ir pareizi pievilkti.<\/li>\n<li>Test the arm cylinder&#8217;s functionality before resuming normal machine operation.<\/li>\n<\/ol>\n<p><img decoding=\"async\" src=\"https:\/\/www.hydraulic-cylinders.net\/wp-content\/uploads\/2025\/01\/songte-bushings-with-all-kinds-of-excavator-models.webp\" alt=\"Bukses att\u0113ls\"><\/p>\n<h2>Dro\u0161\u012bbas apsv\u0113rumi un vides faktori<\/h2>\n<p>Izmantojot sviras cilindru, ir svar\u012bgi priorit\u0101ri piev\u0113rsties dro\u0161\u012bbas pas\u0101kumiem. J\u0101iev\u0113ro atbilsto\u0161i dro\u0161\u012bbas pas\u0101kumi, piem\u0113ram, j\u0101valk\u0101 atbilsto\u0161s aizsargapr\u012bkojums un j\u0101iev\u0113ro visas attiec\u012bg\u0101s dro\u0161\u012bbas vadl\u012bnijas un noteikumi. Turkl\u0101t, lai nodro\u0161in\u0101tu sviras cilindra ilgm\u016b\u017e\u012bbu un veiktsp\u0113ju, j\u0101\u0146em v\u0113r\u0101 vides faktori, piem\u0113ram, temperat\u016bra un saskare ar kod\u012bg\u0101m viel\u0101m.<\/p>\n<h2>Probl\u0113mu nov\u0113r\u0161ana un bie\u017ei sastopamas probl\u0113mas<\/h2>\n<p>\u0160eit ir nor\u0101d\u012btas da\u017eas izplat\u012btas probl\u0113mu nov\u0113r\u0161anas metodes un risin\u0101jumi iesp\u0113jam\u0101m probl\u0113m\u0101m ar sviras cilindru:<\/p>\n<ul>\n<li>Ja cilindrs neizvirz\u0101s vai neievelkas, p\u0101rbaudiet, vai nav hidraulisk\u0101 \u0161\u0137idruma nopl\u016bdes, nepietiekama \u0161\u0137idruma l\u012bme\u0146a vai aizs\u0113r\u0113ju\u0161as hidraulisk\u0101s l\u012bnijas.<\/li>\n<li>Ja cilindra darb\u012bba ir l\u0113na vai gausa, p\u0101rbaudiet, vai nav nodilu\u0161as bl\u012bves, zems hidrauliskais spiediens vai boj\u0101tas iek\u0161\u0113j\u0101s deta\u013cas.<\/li>\n<li>Ja cilindra darb\u012bbas laik\u0101 ir p\u0101rm\u0113r\u012bgs troksnis, p\u0101rbaudiet, vai nav va\u013c\u012bgu savienojumu, boj\u0101tu amortizatoru vai nolietotu deta\u013cu.<\/li>\n<li>Lai nov\u0113rstu iesp\u0113jam\u0101s probl\u0113mas, regul\u0101ri p\u0101rbaudiet un apkopiet sviras cilindru, iev\u0113rojiet atbilsto\u0161as \u200b\u200be\u013c\u013co\u0161anas proced\u016bras un nekav\u0113joties nov\u0113rsiet visas novirzes.<\/li>\n<\/ul>\n<p><img decoding=\"async\" src=\"https:\/\/www.hydraulic-cylinders.net\/wp-content\/uploads\/2025\/01\/songte-chushion-collar.webp\" alt=\"Spilvenu apkakles att\u0113ls\"><\/p>\n<p><strong>Par mums<\/strong><\/p>\n<p>M\u0113s esam profesion\u0101ls rezerves hidraulisko cilindru ra\u017eot\u0101js, kas pied\u0101v\u0101 pla\u0161u produktu kl\u0101stu. Esam k\u013cuvu\u0161i par vienu no vado\u0161ajiem hidraulisko cilindru ra\u017eot\u0101jiem un vairumtirdzniec\u012bbas izplat\u012bt\u0101jiem gan viet\u0113j\u0101, gan starptautiskaj\u0101 tirg\u016b. Ap\u0146emoties sasniegt izcil\u012bbu, m\u0113s nep\u0101rtraukti uzlabojam savas tehnolo\u0123isk\u0101s iesp\u0113jas un ra\u017eo\u0161anas efektivit\u0101ti, izmantojot modernas ra\u017eo\u0161anas iek\u0101rtas un profesion\u0101las test\u0113\u0161anas sist\u0113mas. M\u016bsu m\u0113r\u0137is ir apmierin\u0101t da\u017e\u0101das klientu vajadz\u012bbas, iev\u0113rojot efektivit\u0101tes, precizit\u0101tes un augstu kvalit\u0101tes standartu principus.<\/p>\n<p><img decoding=\"async\" src=\"https:\/\/www.hydraulic-cylinders.net\/wp-content\/uploads\/2025\/01\/songte-company-4.webp\" alt=\"Uz\u0146\u0113muma t\u0113ls\"><br \/>\n<img decoding=\"async\" src=\"https:\/\/www.hydraulic-cylinders.net\/wp-content\/uploads\/2025\/01\/songte-company-3.webp\" alt=\"Uz\u0146\u0113muma t\u0113ls\"><\/p>\n<p><strong>Autors: lil<\/strong><\/p>\n<p><\/body><br \/>\n<\/html><\/p>","protected":false},"excerpt":{"rendered":"<p>Arm Cylinder For Aotai AT60E-9 Arm Cylinder For Aotai AT60E-9 Introduction The Arm Cylinder for Aotai AT60E-9 is a specialized hydraulic cylinder designed to provide linear motion and power to the arm of various machinery, such as excavators, cranes, and mechanical arms. The arm cylinder plays a crucial role in hydraulic systems, enabling the efficient [&hellip;]<\/p>","protected":false},"featured_media":14772,"comment_status":"open","ping_status":"closed","template":"","meta":{"_et_pb_use_builder":"","_et_pb_old_content":"","_et_gb_content_width":""},"product_brand":[],"product_cat":[1497],"product_tag":[1498,1496],"class_list":{"0":"post-16842","1":"product","2":"type-product","3":"status-publish","4":"has-post-thumbnail","6":"product_cat-arm-cylinders","7":"product_tag-arm-cylinders","8":"product_tag-hydraulic-cylinders","10":"first","11":"instock","12":"shipping-taxable","13":"product-type-simple"},"amp_enabled":true,"_links":{"self":[{"href":"https:\/\/www.hydraulic-cylinders.net\/lv\/wp-json\/wp\/v2\/product\/16842","targetHints":{"allow":["GET"]}}],"collection":[{"href":"https:\/\/www.hydraulic-cylinders.net\/lv\/wp-json\/wp\/v2\/product"}],"about":[{"href":"https:\/\/www.hydraulic-cylinders.net\/lv\/wp-json\/wp\/v2\/types\/product"}],"replies":[{"embeddable":true,"href":"https:\/\/www.hydraulic-cylinders.net\/lv\/wp-json\/wp\/v2\/comments?post=16842"}],"wp:featuredmedia":[{"embeddable":true,"href":"https:\/\/www.hydraulic-cylinders.net\/lv\/wp-json\/wp\/v2\/media\/14772"}],"wp:attachment":[{"href":"https:\/\/www.hydraulic-cylinders.net\/lv\/wp-json\/wp\/v2\/media?parent=16842"}],"wp:term":[{"taxonomy":"product_brand","embeddable":true,"href":"https:\/\/www.hydraulic-cylinders.net\/lv\/wp-json\/wp\/v2\/product_brand?post=16842"},{"taxonomy":"product_cat","embeddable":true,"href":"https:\/\/www.hydraulic-cylinders.net\/lv\/wp-json\/wp\/v2\/product_cat?post=16842"},{"taxonomy":"product_tag","embeddable":true,"href":"https:\/\/www.hydraulic-cylinders.net\/lv\/wp-json\/wp\/v2\/product_tag?post=16842"}],"curies":[{"name":"wp","href":"https:\/\/api.w.org\/{rel}","templated":true}]}}