{"id":16844,"date":"2025-01-21T05:58:40","date_gmt":"2025-01-21T05:58:40","guid":{"rendered":"https:\/\/www.hydraulic-cylinders.net\/product\/arm-cylinder-for-aotai-at90e-9\/"},"modified":"2025-01-21T05:58:42","modified_gmt":"2025-01-21T05:58:42","slug":"arm-cylinder-for-aotai-at90e-9","status":"publish","type":"product","link":"https:\/\/www.hydraulic-cylinders.net\/lv\/products\/arm-cylinder-for-aotai-at90e-9\/","title":{"rendered":"Aotai AT90E-9 rokas cilindrs"},"content":{"rendered":"<h1>Aotai AT90E-9 rokas cilindrs<\/h1>\n<h2>Ievads<\/h2>\n<p>Aotai AT90E-9 sviras cilindrs ir \u012bpa\u0161i izstr\u0101d\u0101ts hidrauliskais cilindrs, kas nodro\u0161ina line\u0101ru kust\u012bbu un jaudu da\u017e\u0101du veidu ma\u0161\u012bnu, piem\u0113ram, ekskavatoru, celt\u0146u un robotiz\u0113tu roku, svirai. Sviras cilindram ir iz\u0161\u0137iro\u0161a noz\u012bme hidrauliskaj\u0101s sist\u0113m\u0101s, nodro\u0161inot efekt\u012bvu papildu instrumentu vai stiprin\u0101jumu kust\u012bbu un vad\u012bbu. \u0160ie cilindri ne tikai nodro\u0161ina vienm\u0113r\u012bgu kust\u012bbu, bet ar\u012b iztur lielas slodzes, nodro\u0161inot ma\u0161\u012bnas efekt\u012bvu darb\u012bbu un uzticam\u012bbu da\u017e\u0101dos darba apst\u0101k\u013cos.<\/p>\n<p><img decoding=\"async\" src=\"https:\/\/www.hydraulic-cylinders.net\/wp-content\/uploads\/2025\/01\/songte-company-2.webp\" alt=\"Sviras cilindra att\u0113ls\"><\/p>\n<h2>Funkcijas<\/h2>\n<ul>\n<li><strong>Augstas efektivit\u0101tes jaudas p\u0101rvade:<\/strong> Sviras cilindrs nodro\u0161ina jaud\u012bgu line\u0101ru kust\u012bbu un sp\u0113ku, garant\u0113jot meh\u0101nisk\u0101s sviras augstas veiktsp\u0113jas iesp\u0113jas da\u017e\u0101d\u0101s darb\u012bb\u0101s.<\/li>\n<li><strong>Prec\u012bza kontrole:<\/strong> Izmantojot hidraulisko sist\u0113mu, rokas cilindrs nodro\u0161ina prec\u012bzu kust\u012bbas kontroli, padarot pievienoto instrumentu darb\u012bbu elast\u012bg\u0101ku un prec\u012bz\u0101ku.<\/li>\n<li><strong>Iztur\u012bba:<\/strong> Sviru cilindri parasti ir izgatavoti no augstas iztur\u012bbas materi\u0101liem, kas nodro\u0161ina izcilu nodilumiztur\u012bbu un iztur\u012bbu pret koroziju, padarot tos piem\u0113rotus ilgsto\u0161ai lieto\u0161anai skarbos apst\u0101k\u013cos.<\/li>\n<li><strong>Daudzfunkcion\u0101la piel\u0101go\u0161an\u0101s sp\u0113ja:<\/strong> \u0160os cilindrus var pla\u0161i pielietot da\u017e\u0101da veida ma\u0161\u012bn\u0101m, tostarp ekskavatoriem, celt\u0146iem un robotiz\u0113t\u0101m rok\u0101m, piel\u0101gojoties da\u017e\u0101d\u0101m darba pras\u012bb\u0101m.<\/li>\n<li><strong>Vienk\u0101r\u0161a apkope:<\/strong> Ar m\u0113r\u0137i atvieglot apkopi un nomai\u0146u, sviras cilindri atvieglo regul\u0101ras p\u0101rbaudes un apkopi, t\u0101d\u0113j\u0101di samazinot iek\u0101rtu d\u012bkst\u0101ves laiku.<\/li>\n<\/ul>\n<p><img decoding=\"async\" src=\"https:\/\/www.hydraulic-cylinders.net\/wp-content\/uploads\/2025\/01\/songte-oil-pipes-and-spare-parts.webp\" alt=\"Sviras cilindra rezerves da\u013cas\"><\/p>\n<h2>Pieteikumi<\/h2>\n<p>Sviras cilindrs tiek izmantots da\u017e\u0101d\u0101s nozar\u0113s un pielietojumos:<\/p>\n<ul>\n<li><strong>B\u016bvniec\u012bbas in\u017eenierija:<\/strong> Ekskavatoros un celt\u0146os sviras cilindrs kontrol\u0113 kausu vai str\u0113les kust\u012bbu zemes darbos, materi\u0101lu apstr\u0101d\u0113 un konstrukciju uzst\u0101d\u012b\u0161an\u0101.<\/li>\n<li><strong>Ra\u017eo\u0161anas nozare:<\/strong> Automatiz\u0113t\u0101s ra\u017eo\u0161anas l\u012bnij\u0101s rokas cilindrs nodro\u0161ina robotiz\u0113tu roku kust\u012bbu mont\u0101\u017eas, metin\u0101\u0161anas un materi\u0101lu apstr\u0101des procesos, uzlabojot ra\u017eo\u0161anas efektivit\u0101ti un precizit\u0101ti.<\/li>\n<li><strong>Lauksaimniec\u012bbas tehnika:<\/strong> Lauksaimniec\u012bbas tehnik\u0101, piem\u0113ram, kombainos un s\u0113jma\u0161\u012bn\u0101s, sviras cilindrs kontrol\u0113 vad\u012bbas sviru t\u0101diem uzdevumiem k\u0101 s\u0113\u0161ana, m\u0113slo\u0161ana un ra\u017eas nov\u0101k\u0161ana.<\/li>\n<li><strong>Kalnr\u016bpniec\u012bba:<\/strong> Kalnr\u016bpniec\u012bbas iek\u0101rt\u0101s rokas cilindrs kontrol\u0113 rokas kust\u012bbu ieguves un materi\u0101lu transport\u0113\u0161anas nol\u016bkos.<\/li>\n<li><strong>Lo\u0123istika un transports:<\/strong> Iekr\u0101v\u0113jos un apstr\u0101des robotos rokas cilindrs kontrol\u0113 dak\u0161u pacel\u0161anu un kust\u012bbu, atvieglojot materi\u0101lu apstr\u0101di un sakrau\u0161anu.<\/li>\n<\/ul>\n<h2>Projekt\u0113\u0161anas apsv\u0113rumi un atlases standarti<\/h2>\n<p>Run\u0101jot par sviras cilindru konstrukcijas apsv\u0113rumiem un izv\u0113les standartiem, iz\u0161\u0137iro\u0161a noz\u012bme ir vair\u0101kiem faktoriem:<\/p>\n<ul>\n<li><strong>Nestsp\u0113ja:<\/strong> Sviras cilindram j\u0101b\u016bt konstru\u0113tam t\u0101, lai tas iztur\u0113tu konkr\u0113t\u0101s slodzes pras\u012bbas ma\u0161\u012bn\u0101m, kur\u0101s tas tiek izmantots.<\/li>\n<li><strong>Bl\u012bv\u0113jums:<\/strong> Tiek izmantoti da\u017e\u0101di bl\u012bv\u0113\u0161anas komponenti, piem\u0113ram, virzu\u013ca bl\u012bvsl\u0113gi \u200b\u200bun stie\u0146u bl\u012bvsl\u0113gi, no nodilumiztur\u012bgiem materi\u0101liem, piem\u0113ram, poliuret\u0101na un nitrilgumijas. Cilindra korpuss un v\u012btnes gala virsma tiek r\u016bp\u012bgi apstr\u0101d\u0101ta, lai uzlabotu nodilumiztur\u012bbu.<\/li>\n<li><strong>Iztur\u012bba:<\/strong> Sviras cilindram j\u0101b\u016bt pietiekami iztur\u012bgam, lai iztur\u0113tu ekspluat\u0101cijas apst\u0101k\u013cus, ar kuriem tas saskarsies, tostarp iztur\u012bbu pret nodilumu un koroziju.<\/li>\n<li><strong>Dro\u0161\u012bba:<\/strong> Lai nodro\u0161in\u0101tu dro\u0161u ekspluat\u0101ciju, projekt\u0113\u0161an\u0101 j\u0101iek\u013cauj dro\u0161\u012bbas apsv\u0113rumi, piem\u0113ram, uzticami blo\u0137\u0113\u0161anas meh\u0101nismi un spiediena samazin\u0101\u0161anas v\u0101rsti.<\/li>\n<li><strong>Uzturam\u012bba:<\/strong> Projektam vajadz\u0113tu atvieglot komponentu apkopi un nomai\u0146u, samazinot d\u012bkst\u0101ves laiku un uzlabojot kop\u0113jo efektivit\u0101ti.<\/li>\n<\/ul>\n<p><img decoding=\"async\" src=\"https:\/\/www.hydraulic-cylinders.net\/wp-content\/uploads\/2025\/01\/songte-cylinder-head-with-all-kinds-excavator-models.webp\" alt=\"Sviras cilindra dizains\"><\/p>\n<h2>Bl\u012bv\u0113\u0161ana un e\u013c\u013co\u0161ana<\/h2>\n<p>Sviru cilindros tiek izmantoti da\u017e\u0101di bl\u012bv\u0113\u0161anas komponenti, piem\u0113ram, virzu\u013ca bl\u012bvsl\u0113gi \u200b\u200bun stie\u0146a bl\u012bvsl\u0113gi, kas izgatavoti no nodilumiztur\u012bgiem materi\u0101liem, piem\u0113ram, poliuret\u0101na un nitrila gumijas. Cilindra korpuss un v\u012btnes gala virsma tiek r\u016bp\u012bgi apstr\u0101d\u0101ta, lai uzlabotu nodilumiztur\u012bbu. Lai nodro\u0161in\u0101tu vienm\u0113r\u012bgu darb\u012bbu, ir nepiecie\u0161ama regul\u0101ra e\u013c\u013co\u0161ana ar atbilsto\u0161u hidraulisko e\u013c\u013cu.<\/p>\n<h2>Regul\u0101ra p\u0101rbaude un profilaktisk\u0101 apkope<\/h2>\n<p>Regul\u0101ra p\u0101rbaude un profilaktisk\u0101 apkope ir b\u016btiska, lai nodro\u0161in\u0101tu optim\u0101lu sviras cilindra darb\u012bbu un ilgm\u016b\u017e\u012bbu. Da\u017ei ieteicamie pas\u0101kumi ir \u0161\u0101di:<\/p>\n<ul>\n<li>Balona p\u0101rbaude, vai nav nodiluma vai boj\u0101jumu paz\u012bmju<\/li>\n<li>Hidraulisk\u0101 \u0161\u0137idruma l\u012bme\u0146a un kvalit\u0101tes p\u0101rbaude<\/li>\n<li>Va\u013c\u012bgu savienojumu pievilk\u0161ana<\/li>\n<li>Nodilu\u0161u bl\u012bv\u0113jumu vai deta\u013cu nomai\u0146a<\/li>\n<li>Funkcion\u0101lo testu veik\u0161ana, lai p\u0101rliecin\u0101tos par pareizu darb\u012bbu<\/li>\n<\/ul>\n<h2>Produkta uzst\u0101d\u012b\u0161anas rokasgr\u0101mata<\/h2>\n<p>Pareiza sviras cilindra uzst\u0101d\u012b\u0161ana ir \u013coti svar\u012bga t\u0101 optim\u0101lai darb\u012bbai. Veiciet \u0161\u012bs darb\u012bbas:<\/p>\n<ol>\n<li>Sagatavojiet mont\u0101\u017eas virsmu un p\u0101rliecinieties, ka t\u0101 ir t\u012bra un bez gru\u017eiem.<\/li>\n<li>Izl\u012bdziniet cilindru ar mont\u0101\u017eas caurumiem un nostipriniet to, izmantojot atbilsto\u0161us stiprin\u0101jumus.<\/li>\n<li>Pievienojiet hidraulisk\u0101s l\u012bnijas, piev\u0113r\u0161ot uzman\u012bbu pareizam bl\u012bv\u0113jumam un pievilk\u0161anai.<\/li>\n<li>Pirms darbin\u0101\u0161anas p\u0101rbaudiet sviras cilindra pareizu izl\u012bdzin\u0101jumu un kust\u012bbu.<\/li>\n<\/ol>\n<p><img decoding=\"async\" src=\"https:\/\/www.hydraulic-cylinders.net\/wp-content\/uploads\/2025\/01\/songte-bushings-with-all-kinds-of-excavator-models.webp\" alt=\"Sviras cilindra uzst\u0101d\u012b\u0161ana\"><\/p>\n<h2>Dro\u0161\u012bbas apsv\u0113rumi un vides faktori<\/h2>\n<p>Izmantojot rokas cilindru, ir svar\u012bgi noteikt dro\u0161\u012bbas pas\u0101kumu priorit\u0101ti. Tas ietver dro\u0161\u012bbas protokolu un vadl\u012bniju iev\u0113ro\u0161anu, atbilsto\u0161u individu\u0101lo aizsardz\u012bbas l\u012bdzek\u013cu lieto\u0161anu un regul\u0101ru cilindra p\u0101rbaudi, vai nav nodiluma vai boj\u0101jumu paz\u012bmju. Turkl\u0101t vides faktoru, piem\u0113ram, temperat\u016bras un mitruma, \u0146em\u0161ana v\u0113r\u0101 var pal\u012bdz\u0113t nodro\u0161in\u0101t cilindra optim\u0101lu darb\u012bbu un ilgm\u016b\u017e\u012bbu.<\/p>\n<h2>Probl\u0113mu nov\u0113r\u0161ana un bie\u017ei sastopamas probl\u0113mas<\/h2>\n<p>Bie\u017ei sastopamas probl\u0113mas, kas var rasties ar sviras cilindru, ir nopl\u016bdes, nepietiekama jauda un neregul\u0101ras kust\u012bbas. \u0160eit ir sniegti da\u017ei probl\u0113mu nov\u0113r\u0161anas padomi un risin\u0101jumi:<\/p>\n<ul>\n<li>Ja rodas nopl\u016bdes, p\u0101rbaudiet, vai nav boj\u0101tas bl\u012bves vai va\u013c\u012bgi savienojumi. Nomainiet bl\u012bves un pievelciet savienojumus, ja nepiecie\u0161ams.<\/li>\n<li>Ja \u0161\u0137iet, ka jauda nav pietiekama, p\u0101rbaudiet hidraulisko sist\u0113mu, vai taj\u0101 nav ierobe\u017eojumu vai aizsprostojumu. Not\u012briet vai nomainiet aizs\u0113r\u0113ju\u0161us filtrus un nodro\u0161iniet pareizu \u0161\u0137idruma pl\u016bsmu.<\/li>\n<li>Ja kust\u012bbas ir neregul\u0101ras, p\u0101rbaudiet, vai cilindrs nav boj\u0101ts vai nepareizi izl\u012bdzin\u0101ts. P\u0101rliecinieties par pareizu mont\u0101\u017eu un izl\u012bdzin\u0101\u0161anu un nomainiet visas boj\u0101t\u0101s deta\u013cas.<\/li>\n<\/ul>\n<p><img decoding=\"async\" src=\"https:\/\/www.hydraulic-cylinders.net\/wp-content\/uploads\/2025\/01\/songte-chushion-collar.webp\" alt=\"Sviras cilindra probl\u0113mu nov\u0113r\u0161ana\"><\/p>\n<p>Iev\u0113rojot \u0161\u012bs probl\u0113mu nov\u0113r\u0161anas darb\u012bbas un \u012bstenojot prevent\u012bvos pas\u0101kumus, las\u012bt\u0101ji var efekt\u012bvi diagnostic\u0113t un nov\u0113rst probl\u0113mas, samazinot iesp\u0113jam\u0101s probl\u0113mas un d\u012bkst\u0101ves laiku.<\/p>\n<h2>Par mums<\/h2>\n<p>M\u0113s esam profesion\u0101ls rezerves hidraulisko cilindru ra\u017eot\u0101js, kas pied\u0101v\u0101 pla\u0161u produktu kl\u0101stu. Esam k\u013cuvu\u0161i par vienu no vado\u0161ajiem hidraulisko cilindru ra\u017eot\u0101jiem un vairumtirdzniec\u012bbas izplat\u012bt\u0101jiem gan viet\u0113j\u0101, gan starptautiskaj\u0101 tirg\u016b. M\u016bsu ap\u0146em\u0161an\u0101s sasniegt izcil\u012bbu balst\u0101s uz izsmalcin\u0101tu ra\u017eo\u0161anas praksi, tehnolo\u0123iskiem sasniegumiem un nep\u0101rtrauktu ra\u017eo\u0161anas efektivit\u0101tes uzlabo\u0161anu. Izmantojot modern\u0101k\u0101s digit\u0101l\u0101s ra\u017eo\u0161anas iek\u0101rtas un profesion\u0101l\u0101s test\u0113\u0161anas sist\u0113mas, m\u0113s optimiz\u0113jam savu ra\u017eo\u0161anas platformu un nodro\u0161in\u0101m stingrus kvalit\u0101tes kontroles procesus. M\u016bsu m\u0113r\u0137is ir apmierin\u0101t da\u017e\u0101das klientu vajadz\u012bbas, iev\u0113rojot efektivit\u0101tes, precizit\u0101tes un augstas kvalit\u0101tes principus.<\/p>\n<p><img decoding=\"async\" src=\"https:\/\/www.hydraulic-cylinders.net\/wp-content\/uploads\/2025\/01\/songte-company-4.webp\" alt=\"Uz\u0146\u0113muma t\u0113ls\"><br \/>\n<img decoding=\"async\" src=\"https:\/\/www.hydraulic-cylinders.net\/wp-content\/uploads\/2025\/01\/songte-company-3.webp\" alt=\"Uz\u0146\u0113muma t\u0113ls\"><\/p>\n<p>M\u016bsu uz\u0146\u0113muma svar\u012bg\u0101kie elementi:<\/p>\n<ul>\n<li>Profesion\u0101l\u0101 kompetence<\/li>\n<li>Starptautisk\u0101s sertifik\u0101cijas<\/li>\n<li>Piel\u0101go\u0161anas pakalpojumi<\/li>\n<li>Uzlabotas ra\u017eo\u0161anas iek\u0101rtas<\/li>\n<li>Visaptvero\u0161s p\u0113cp\u0101rdo\u0161anas serviss<\/li>\n<\/ul>\n<p>Autors: lil<\/p>","protected":false},"excerpt":{"rendered":"<p>Arm Cylinder For Aotai AT90E-9 Introduction The Arm Cylinder for Aotai AT90E-9 is a specially designed hydraulic cylinder that provides linear motion and power to the arm of various types of machinery such as excavators, cranes, and robotic arms. The arm cylinder plays a crucial role in hydraulic systems, enabling effective movement and control of [&hellip;]<\/p>","protected":false},"featured_media":14766,"comment_status":"open","ping_status":"closed","template":"","meta":{"_et_pb_use_builder":"","_et_pb_old_content":"","_et_gb_content_width":""},"product_brand":[],"product_cat":[1497],"product_tag":[1498,1496],"class_list":{"0":"post-16844","1":"product","2":"type-product","3":"status-publish","4":"has-post-thumbnail","6":"product_cat-arm-cylinders","7":"product_tag-arm-cylinders","8":"product_tag-hydraulic-cylinders","10":"first","11":"instock","12":"shipping-taxable","13":"product-type-simple"},"amp_enabled":true,"_links":{"self":[{"href":"https:\/\/www.hydraulic-cylinders.net\/lv\/wp-json\/wp\/v2\/product\/16844","targetHints":{"allow":["GET"]}}],"collection":[{"href":"https:\/\/www.hydraulic-cylinders.net\/lv\/wp-json\/wp\/v2\/product"}],"about":[{"href":"https:\/\/www.hydraulic-cylinders.net\/lv\/wp-json\/wp\/v2\/types\/product"}],"replies":[{"embeddable":true,"href":"https:\/\/www.hydraulic-cylinders.net\/lv\/wp-json\/wp\/v2\/comments?post=16844"}],"wp:featuredmedia":[{"embeddable":true,"href":"https:\/\/www.hydraulic-cylinders.net\/lv\/wp-json\/wp\/v2\/media\/14766"}],"wp:attachment":[{"href":"https:\/\/www.hydraulic-cylinders.net\/lv\/wp-json\/wp\/v2\/media?parent=16844"}],"wp:term":[{"taxonomy":"product_brand","embeddable":true,"href":"https:\/\/www.hydraulic-cylinders.net\/lv\/wp-json\/wp\/v2\/product_brand?post=16844"},{"taxonomy":"product_cat","embeddable":true,"href":"https:\/\/www.hydraulic-cylinders.net\/lv\/wp-json\/wp\/v2\/product_cat?post=16844"},{"taxonomy":"product_tag","embeddable":true,"href":"https:\/\/www.hydraulic-cylinders.net\/lv\/wp-json\/wp\/v2\/product_tag?post=16844"}],"curies":[{"name":"wp","href":"https:\/\/api.w.org\/{rel}","templated":true}]}}