{"id":16845,"date":"2025-01-21T05:58:44","date_gmt":"2025-01-21T05:58:44","guid":{"rendered":"https:\/\/www.hydraulic-cylinders.net\/product\/arm-cylinder-for-aotai-at180e-9\/"},"modified":"2025-01-21T05:58:46","modified_gmt":"2025-01-21T05:58:46","slug":"arm-cylinder-for-aotai-at180e-9","status":"publish","type":"product","link":"https:\/\/www.hydraulic-cylinders.net\/lv\/products\/arm-cylinder-for-aotai-at180e-9\/","title":{"rendered":"Aotai AT180E-9 rokas cilindrs"},"content":{"rendered":"<h2>Aotai AT180E-9 rokas cilindrs<\/h2>\n<p>Aotai AT180E-9 sviras cilindrs ir \u012bpa\u0161i izstr\u0101d\u0101ts hidrauliskais cilindrs, kas nodro\u0161ina line\u0101ru kust\u012bbu un jaudu da\u017e\u0101du ma\u0161\u012bnu, piem\u0113ram, ekskavatoru, celt\u0146u un robotiz\u0113tu roku, svirai. Sviras cilindram ir iz\u0161\u0137iro\u0161a noz\u012bme hidrauliskaj\u0101s sist\u0113m\u0101s, nodro\u0161inot efekt\u012bvu papildu instrumentu vai stiprin\u0101jumu kust\u012bbu un vad\u012bbu. \u0160ie cilindri ne tikai nodro\u0161ina vienm\u0113r\u012bgu kust\u012bbu, bet ar\u012b iztur lielas slodzes, nodro\u0161inot ma\u0161\u012bnas efekt\u012bvu darb\u012bbu un uzticam\u012bbu da\u017e\u0101dos darba apst\u0101k\u013cos.<\/p>\n<p><img decoding=\"async\" src=\"https:\/\/www.hydraulic-cylinders.net\/wp-content\/uploads\/2025\/01\/songte-company-2.webp\"><\/p>\n<h2>Funkcijas<\/h2>\n<ul>\n<li><strong>Augstas efektivit\u0101tes p\u0101rraide:<\/strong> Sviras cilindrs nodro\u0161ina jaud\u012bgu line\u0101ru kust\u012bbu un sp\u0113ku, garant\u0113jot augstas veiktsp\u0113jas iesp\u0113jas da\u017e\u0101du darb\u012bbu laik\u0101.<\/li>\n<li><strong>Prec\u012bzijas kontrole:<\/strong> Izmantojot hidraulisko sist\u0113mu, rokas cilindrs nodro\u0161ina prec\u012bzu kust\u012bbas kontroli, uzlabojot instrumentu darb\u012bbu elast\u012bbu un precizit\u0101ti.<\/li>\n<li><strong>Iztur\u012bba:<\/strong> Sviru cilindri parasti tiek izgatavoti no augstas iztur\u012bbas materi\u0101liem, kas nodro\u0161ina izcilu iztur\u012bbu pret nodilumu un koroziju, padarot tos piem\u0113rotus ilgsto\u0161ai lieto\u0161anai skarbos apst\u0101k\u013cos.<\/li>\n<li><strong>Daudzfunkcion\u0101la piel\u0101go\u0161an\u0101s sp\u0113ja:<\/strong> \u0160ie cilindri ir pla\u0161i pielietojami da\u017e\u0101d\u0101s ma\u0161\u012bn\u0101s, tostarp ekskavatoros, celt\u0146os un robotiz\u0113t\u0101s rok\u0101s, kas atbilst da\u017e\u0101d\u0101m darba pras\u012bb\u0101m.<\/li>\n<li><strong>Vienk\u0101r\u0161a apkope:<\/strong> Vienk\u0101r\u0161as apkopes un nomai\u0146as apsv\u0113rumi padara regul\u0101ras p\u0101rbaudes un apkopi \u0113rtas, samazinot iek\u0101rtu d\u012bkst\u0101ves laiku.<\/li>\n<\/ul>\n<p><img decoding=\"async\" src=\"https:\/\/www.hydraulic-cylinders.net\/wp-content\/uploads\/2025\/01\/songte-oil-pipes-and-spare-parts.webp\"><\/p>\n<h2>Pieteikumi<\/h2>\n<p>Sviras cilindrs tiek izmantots \u0161\u0101d\u0101s nozar\u0113s:<\/p>\n<h3>1. B\u016bvniec\u012bbas in\u017eenierija<\/h3>\n<p>Ekskavatoros un celt\u0146os sviras cilindrs kontrol\u0113 kausu vai str\u0113les kust\u012bbu zemes darbos, materi\u0101lu apstr\u0101d\u0113 un konstrukciju uzst\u0101d\u012b\u0161an\u0101.<\/p>\n<h3>2. Ra\u017eo\u0161ana<\/h3>\n<p>Automatiz\u0113t\u0101s ra\u017eo\u0161anas l\u012bnij\u0101s rokas cilindrs atvieglo robotiz\u0113to roku kust\u012bbu mont\u0101\u017eas, metin\u0101\u0161anas un materi\u0101lu apstr\u0101des procesos, uzlabojot ra\u017eo\u0161anas efektivit\u0101ti un precizit\u0101ti.<\/p>\n<h3>3. Lauksaimniec\u012bbas tehnika<\/h3>\n<p>Lauksaimniec\u012bbas ma\u0161\u012bn\u0101s, piem\u0113ram, kombainos un s\u0113jma\u0161\u012bn\u0101s, sviras cilindrs kontrol\u0113 vad\u012bbas sviru kust\u012bbu t\u0101diem uzdevumiem k\u0101 s\u0113\u0161ana, m\u0113slo\u0161ana un ra\u017eas nov\u0101k\u0161ana.<\/p>\n<h3>4. Kalnr\u016bpniec\u012bba<\/h3>\n<p>Kalnr\u016bpniec\u012bbas iek\u0101rt\u0101s rokas cilindrs kontrol\u0113 kalnr\u016bpniec\u012bbas ma\u0161\u012bnu rokas kust\u012bbas r\u016bdas ieguvei un transport\u0113\u0161anai.<\/p>\n<h3>5. Lo\u0123istika un transports<\/h3>\n<p>Iekr\u0101v\u0113jos un apstr\u0101des robotos rokas cilindrs kontrol\u0113 dak\u0161u pacel\u0161anu un kust\u012bbu, nodro\u0161inot materi\u0101lu apstr\u0101di un sakrau\u0161anu.<\/p>\n<p><img decoding=\"async\" src=\"https:\/\/www.hydraulic-cylinders.net\/wp-content\/uploads\/2025\/01\/songte-cylinder-head-with-all-kinds-excavator-models.webp\"><\/p>\n<h2>Dizaina apsv\u0113rumi un atlases krit\u0113riji<\/h2>\n<p>Run\u0101jot par konstrukcijas apsv\u0113rumiem, iz\u0161\u0137iro\u0161a noz\u012bme ir sviras cilindra nestsp\u0113jai, bl\u012bv\u0113jumam, iztur\u012bbai, dro\u0161\u012bbai un apkopes iesp\u0113j\u0101m:<\/p>\n<h3>1. Kravnes\u012bba<\/h3>\n<p>Sviras cilindram j\u0101b\u016bt konstru\u0113tam t\u0101, lai tas iztur\u0113tu specifisk\u0101s slodzes, ar kur\u0101m tas saskarsies darb\u012bbas laik\u0101, nodro\u0161inot optim\u0101lu veiktsp\u0113ju un dro\u0161\u012bbu.<\/p>\n<h3>2. Bl\u012bv\u0113\u0161ana<\/h3>\n<p>Da\u017e\u0101di bl\u012bv\u0113\u0161anas komponenti, piem\u0113ram, virzu\u013ca bl\u012bvsl\u0113gi \u200b\u200bun stie\u0146u bl\u012bvsl\u0113gi, kas izgatavoti no nodilumiztur\u012bgiem materi\u0101liem, piem\u0113ram, poliuret\u0101na un nitrila gumijas, nodro\u0161ina efekt\u012bvu bl\u012bv\u0113\u0161anu. Cilindra korpuss un v\u012bt\u0146otie gali tiek r\u016bp\u012bgi apstr\u0101d\u0101ti, lai uzlabotu nodilumiztur\u012bbu.<\/p>\n<h3>3. Iztur\u012bba<\/h3>\n<p>Sviras cilindrs ir izgatavots, izmantojot augstas iztur\u012bbas materi\u0101lus, lai iztur\u0113tu t\u0101 lieto\u0161anas sare\u017e\u0123\u012btos apst\u0101k\u013cus, nodro\u0161inot ilgsto\u0161u veiktsp\u0113ju un uzticam\u012bbu.<\/p>\n<h3>4. Dro\u0161\u012bba<\/h3>\n<p>Dro\u0161\u012bbas funkciju un piesardz\u012bbas pas\u0101kumu, piem\u0113ram, spiediena samazin\u0101\u0161anas v\u0101rstu un av\u0101rijas aptur\u0113\u0161anas sist\u0113mu, apsv\u0113rumi ir b\u016btiski gan ma\u0161\u012bnu, gan operatoru aizsardz\u012bbai.<\/p>\n<h3>5. Uzturam\u012bba<\/h3>\n<p>Projektam j\u0101b\u016bt t\u0101dam, lai atvieglotu apkopi un nomai\u0146u, nodro\u0161inot \u0113rtas periodiskas p\u0101rbaudes un samazinot iek\u0101rtu d\u012bkst\u0101ves laiku.<\/p>\n<p><img decoding=\"async\" src=\"https:\/\/www.hydraulic-cylinders.net\/wp-content\/uploads\/2025\/01\/songte-chushion-collar.webp\"><\/p>\n<h2>Bl\u012bv\u0113\u0161ana un e\u013c\u013co\u0161ana<\/h2>\n<p>Sviras cilindram tiek izmantoti da\u017e\u0101di bl\u012bv\u0113\u0161anas komponenti, lai nodro\u0161in\u0101tu efekt\u012bvu darb\u012bbu. Tie ietver virzu\u013ca bl\u012bv\u0113jumus, stie\u0146a bl\u012bv\u0113jumus un citus bl\u012bv\u0113jumus, kas izgatavoti no nodilumiztur\u012bgiem materi\u0101liem, piem\u0113ram, poliuret\u0101na un nitrila gumijas. Cilindra korpuss un v\u012bt\u0146otie gali tiek pak\u013cauti prec\u012bzai virsmas apstr\u0101dei, lai uzlabotu nodilumiztur\u012bbu. Lai nodro\u0161in\u0101tu cilindra pareizu darb\u012bbu un ilgm\u016b\u017e\u012bbu, ir nepiecie\u0161ama regul\u0101ra e\u013c\u013co\u0161ana ar atbilsto\u0161u hidraulisko e\u013c\u013cu.<\/p>\n<h2>Regul\u0101ra p\u0101rbaude un profilaktisk\u0101 apkope<\/h2>\n<p>Lai uztur\u0113tu optim\u0101lu veiktsp\u0113ju, ir svar\u012bgi veikt regul\u0101ras p\u0101rbaudes un profilaktisk\u0101s apkopes pas\u0101kumus:<\/p>\n<ul>\n<li>P\u0101rbaudiet cilindru, vai nav nopl\u016b\u017eu, boj\u0101jumu vai nodiluma paz\u012bmju.<\/li>\n<li>P\u0101rbaudiet un nomainiet bl\u012bves p\u0113c nepiecie\u0161am\u012bbas.<\/li>\n<li>P\u0101rbaudiet pareizo \u0161\u0137idruma l\u012bmeni un, ja nepiecie\u0161ams, papildiniet hidraulisko e\u013c\u013cu.<\/li>\n<li>P\u0101rliecinieties, vai visi savienojumi un stiprin\u0101jumi ir dro\u0161i.<\/li>\n<li>Not\u012briet cilindru un apk\u0101rt\u0113j\u0101s zonas, lai nov\u0113rstu gru\u017eu uzkr\u0101\u0161anos.<\/li>\n<\/ul>\n<h2>Produkta uzst\u0101d\u012b\u0161anas rokasgr\u0101mata<\/h2>\n<p>Lai pareizi uzst\u0101d\u012btu sviras cilindru, veiciet t\u0101l\u0101k nor\u0101d\u012bt\u0101s darb\u012bbas.<\/p>\n<ol>\n<li>Sagatavojiet uzst\u0101d\u012b\u0161anas vietu, p\u0101rliecinoties, ka t\u0101 ir t\u012bra un bez gru\u017eiem.<\/li>\n<li>Pareizi novietojiet cilindru, izl\u012bdzinot to ar stiprin\u0101juma punktiem.<\/li>\n<li>Cie\u0161i pievelciet stiprin\u0101juma skr\u016bves l\u012bdz nor\u0101d\u012btajam griezes momentam.<\/li>\n<li>Pievienojiet hidraulisk\u0101s \u0161\u013c\u016btenes vai caurules atbilsto\u0161aj\u0101m piesl\u0113gviet\u0101m.<\/li>\n<li>P\u0101rbaudiet, vai nav nopl\u016b\u017eu, un p\u0101rliecinieties, vai visi savienojumi ir cie\u0161i.<\/li>\n<\/ol>\n<p><img decoding=\"async\" src=\"https:\/\/www.hydraulic-cylinders.net\/wp-content\/uploads\/2025\/01\/songte-bushings-with-all-kinds-of-excavator-models.webp\"><\/p>\n<h2>Dro\u0161\u012bbas apsv\u0113rumi un vides faktori<\/h2>\n<p>R\u012bkojoties ar sviras cilindru, ir \u013coti svar\u012bgi noteikt dro\u0161\u012bbas pas\u0101kumu priorit\u0101ti. Tie ietver:<\/p>\n<ul>\n<li>Iev\u0113rojot atbilsto\u0161as \u200b\u200bekspluat\u0101cijas proced\u016bras un dro\u0161\u012bbas nor\u0101d\u012bjumus.<\/li>\n<li>Vajadz\u012bbas gad\u012bjum\u0101 lietot atbilsto\u0161us individu\u0101los aizsardz\u012bbas l\u012bdzek\u013cus (IAL).<\/li>\n<li>Nodro\u0161in\u0101t, lai tehnika tiktu pien\u0101c\u012bgi uztur\u0113ta un p\u0101rbaud\u012bta attiec\u012bb\u0101 uz dro\u0161\u012bbas funkcij\u0101m.<\/li>\n<li>Iev\u0113rot vides aizsardz\u012bbas noteikumus un atbild\u012bgi utiliz\u0113t visus atkritumus.<\/li>\n<\/ul>\n<h2>Probl\u0113mu nov\u0113r\u0161ana un bie\u017ei sastopamas probl\u0113mas<\/h2>\n<p>\u0160eit ir da\u017ei bie\u017ei sastopami probl\u0113mu nov\u0113r\u0161anas padomi un risin\u0101jumi ar sviras cilindru saist\u012bt\u0101m probl\u0113m\u0101m:<\/p>\n<ul>\n<li>Ja ir hidraulisk\u0101 \u0161\u0137idruma nopl\u016bde, p\u0101rbaudiet un nomainiet boj\u0101t\u0101s bl\u012bves vai pievelciet savienojumus.<\/li>\n<li>Ja kust\u012bba ir nevienm\u0113r\u012bga vai saraust\u012bta, p\u0101rbaudiet, vai hidraulisk\u0101s l\u012bnijas nav aizs\u0113r\u0113ju\u0161as vai ierobe\u017eotas, un, ja nepiecie\u0161ams, not\u012briet vai nomainiet t\u0101s.<\/li>\n<li>Ja sviras cilindrs nedarbojas, k\u0101 paredz\u0113ts, p\u0101rbaudiet hidraulisk\u0101s sist\u0113mas spiedienu un pl\u016bsmas \u0101trumu, nepiecie\u0161am\u012bbas gad\u012bjum\u0101 tos piel\u0101gojot.<\/li>\n<\/ul>\n<p>Prevent\u012bvo pas\u0101kumu ievie\u0161ana var samazin\u0101t iesp\u0113jam\u0101s probl\u0113mas:<\/p>\n<ul>\n<li>Regul\u0101ri p\u0101rbaudiet un apkopiet sviras cilindru un hidraulisko sist\u0113mu.<\/li>\n<li>Iev\u0113rojiet pareizas ekspluat\u0101cijas proced\u016bras un izvairieties no cilindra p\u0101rslodzes.<\/li>\n<li>P\u0101rliecinieties, ka hidrauliskais \u0161\u0137idrums ir t\u012brs un pareiz\u0101 l\u012bmen\u012b.<\/li>\n<li>Uzturiet cilindru un apk\u0101rt\u0113jo virsmu t\u012bru, lai nov\u0113rstu gru\u017eu rad\u012btus boj\u0101jumus.<\/li>\n<\/ul>\n<p><img decoding=\"async\" src=\"https:\/\/www.hydraulic-cylinders.net\/wp-content\/uploads\/2025\/01\/songte-chushion-collar.webp\"><\/p>\n<p>Atcerieties lo\u0123iski sak\u0101rtot rakstu, izmantot apak\u0161virsrakstus \u0113rtai navig\u0101cijai, iek\u013caut atbilsto\u0161us att\u0113lus vai diagrammas lab\u0101kai izpratnei un nodro\u0161in\u0101t skaidru, kodol\u012bgu saturu, kas piem\u0113rots las\u012bt\u0101jiem ar da\u017e\u0101du tehnisko zin\u0101\u0161anu l\u012bmeni.<\/p>\n<h2>Par mums<\/h2>\n<p>M\u0113s esam profesion\u0101ls rezerves hidraulisko cilindru ra\u017eot\u0101js, kas pied\u0101v\u0101 pla\u0161u produktu kl\u0101stu. Esam k\u013cuvu\u0161i par vienu no vado\u0161ajiem hidraulisko cilindru ra\u017eot\u0101jiem un vairumtirgot\u0101jiem gan viet\u0113j\u0101, gan starptautiskaj\u0101 tirg\u016b. Iev\u0113rojot izcil\u012bbas principus, m\u0113s nep\u0101rtraukti uzlabojam savas tehnisk\u0101s iesp\u0113jas un ra\u017eo\u0161anas efektivit\u0101ti, izmantojot prec\u012bzi piel\u0101gotas ra\u017eo\u0161anas darbn\u012bcas un r\u016bpniecisk\u0101s ra\u017eo\u0161anas vad\u012bbas strat\u0113\u0123ijas. Ievie\u0161ot modernu digit\u0101lo ra\u017eo\u0161anas apr\u012bkojumu un profesion\u0101las test\u0113\u0161anas sist\u0113mas, m\u0113s optimiz\u0113jam savu ra\u017eo\u0161anas platformu un pilnveidojam produktu kvalit\u0101tes kontroles procesus, demonstr\u0113jot sp\u0113c\u012bgas inov\u0101ciju sp\u0113jas. M\u016bsu m\u0113r\u0137is ir apmierin\u0101t da\u017e\u0101das klientu pras\u012bbas ar augstu efektivit\u0101ti, precizit\u0101ti un kvalit\u0101ti.<\/p>\n<p><img decoding=\"async\" src=\"https:\/\/www.hydraulic-cylinders.net\/wp-content\/uploads\/2025\/01\/songte-company-4.webp\"><br \/>\n<img\n<\/p>","protected":false},"excerpt":{"rendered":"<p>Arm Cylinder For Aotai AT180E-9 The Arm Cylinder for Aotai AT180E-9 is a specially designed hydraulic cylinder that provides linear motion and power to the arm of various machinery, such as excavators, cranes, and robotic arms. The arm cylinder plays a crucial role in hydraulic systems, enabling the effective movement and control of additional tools [&hellip;]<\/p>","protected":false},"featured_media":14763,"comment_status":"open","ping_status":"closed","template":"","meta":{"_et_pb_use_builder":"","_et_pb_old_content":"","_et_gb_content_width":""},"product_brand":[],"product_cat":[1497],"product_tag":[1498,1496],"class_list":{"0":"post-16845","1":"product","2":"type-product","3":"status-publish","4":"has-post-thumbnail","6":"product_cat-arm-cylinders","7":"product_tag-arm-cylinders","8":"product_tag-hydraulic-cylinders","10":"first","11":"instock","12":"shipping-taxable","13":"product-type-simple"},"amp_enabled":true,"_links":{"self":[{"href":"https:\/\/www.hydraulic-cylinders.net\/lv\/wp-json\/wp\/v2\/product\/16845","targetHints":{"allow":["GET"]}}],"collection":[{"href":"https:\/\/www.hydraulic-cylinders.net\/lv\/wp-json\/wp\/v2\/product"}],"about":[{"href":"https:\/\/www.hydraulic-cylinders.net\/lv\/wp-json\/wp\/v2\/types\/product"}],"replies":[{"embeddable":true,"href":"https:\/\/www.hydraulic-cylinders.net\/lv\/wp-json\/wp\/v2\/comments?post=16845"}],"wp:featuredmedia":[{"embeddable":true,"href":"https:\/\/www.hydraulic-cylinders.net\/lv\/wp-json\/wp\/v2\/media\/14763"}],"wp:attachment":[{"href":"https:\/\/www.hydraulic-cylinders.net\/lv\/wp-json\/wp\/v2\/media?parent=16845"}],"wp:term":[{"taxonomy":"product_brand","embeddable":true,"href":"https:\/\/www.hydraulic-cylinders.net\/lv\/wp-json\/wp\/v2\/product_brand?post=16845"},{"taxonomy":"product_cat","embeddable":true,"href":"https:\/\/www.hydraulic-cylinders.net\/lv\/wp-json\/wp\/v2\/product_cat?post=16845"},{"taxonomy":"product_tag","embeddable":true,"href":"https:\/\/www.hydraulic-cylinders.net\/lv\/wp-json\/wp\/v2\/product_tag?post=16845"}],"curies":[{"name":"wp","href":"https:\/\/api.w.org\/{rel}","templated":true}]}}