{"id":16848,"date":"2025-01-21T06:07:46","date_gmt":"2025-01-21T06:07:46","guid":{"rendered":"https:\/\/www.hydraulic-cylinders.net\/product\/arm-cylinder-for-atlas-2006lc\/"},"modified":"2025-01-21T06:07:53","modified_gmt":"2025-01-21T06:07:53","slug":"arm-cylinder-for-atlas-2006lc","status":"publish","type":"product","link":"https:\/\/www.hydraulic-cylinders.net\/lv\/products\/arm-cylinder-for-atlas-2006lc\/","title":{"rendered":"Sviras cilindrs Atlas 2006LC"},"content":{"rendered":"<h2>Sviras cilindrs Atlas 2006LC<\/h2>\n<h3>Ievads<\/h3>\n<p>Sviras cilindrs ir speci\u0101li izstr\u0101d\u0101ts hidrauliskais cilindrs, ko izmanto, lai nodro\u0161in\u0101tu line\u0101ru kust\u012bbu un jaudu da\u017e\u0101du veidu ma\u0161\u012bnu, piem\u0113ram, ekskavatoru, celt\u0146u un meh\u0101nisko sviru, svir\u0101m. Sviras cilindram ir iz\u0161\u0137iro\u0161a noz\u012bme hidrauliskaj\u0101s sist\u0113m\u0101s, \u013caujot efekt\u012bvi p\u0101rvietot un kontrol\u0113t papildu instrumentus vai stiprin\u0101jumus. \u0160ie cilindri ne tikai nodro\u0161ina vienm\u0113r\u012bgu kust\u012bbu, bet ar\u012b iztur lielas slodzes, nodro\u0161inot ma\u0161\u012bnu efekt\u012bvu darb\u012bbu un uzticam\u012bbu da\u017e\u0101dos darba apst\u0101k\u013cos.<\/p>\n<p><img decoding=\"async\" src=\"https:\/\/www.hydraulic-cylinders.net\/wp-content\/uploads\/2025\/01\/songte-company-2.webp\"><\/p>\n<h3>Funkcijas<\/h3>\n<ul>\n<li><strong>Efekt\u012bva jaudas p\u0101rvade:<\/strong> Sviras cilindrs nodro\u0161ina jaud\u012bgu line\u0101ru kust\u012bbu un sp\u0113ku, garant\u0113jot meh\u0101nisk\u0101s sviras augstu veiktsp\u0113ju da\u017e\u0101d\u0101s darb\u012bb\u0101s.<\/li>\n<li><strong>Prec\u012bza kontrole:<\/strong> Izmantojot hidraulisko sist\u0113mu, rokas cilindrs var pan\u0101kt prec\u012bzu kust\u012bbas kontroli, padarot papildu instrumentu darb\u012bbu elast\u012bg\u0101ku un prec\u012bz\u0101ku.<\/li>\n<li><strong>Sp\u0113c\u012bga iztur\u012bba:<\/strong> Roku cilindri parasti ir izgatavoti no augstas iztur\u012bbas materi\u0101liem, ar labu nodilumiztur\u012bbu un korozijas iztur\u012bbu, kas ir piem\u0113roti ilgsto\u0161ai lieto\u0161anai skarbos apst\u0101k\u013cos.<\/li>\n<li><strong>Daudzfunkcion\u0101la piel\u0101go\u0161an\u0101s sp\u0113ja:<\/strong> \u0160os cilindrus var pla\u0161i pielietot da\u017e\u0101d\u0101m meh\u0101nisk\u0101m iek\u0101rt\u0101m, piem\u0113ram, ekskavatoriem, celt\u0146iem un meh\u0101niskaj\u0101m svir\u0101m, lai apmierin\u0101tu da\u017e\u0101das darba vajadz\u012bbas.<\/li>\n<li><strong>Vienk\u0101r\u0161a apkope:<\/strong> Izstr\u0101d\u0101ts vieglai apkopei un nomai\u0146ai, padarot regul\u0101ras p\u0101rbaudes un apkopi \u0113rt\u0101ku, samazinot iek\u0101rtu d\u012bkst\u0101ves laiku.<\/li>\n<\/ul>\n<p>M\u0113s varam ra\u017eot \u0161o produktu, un m\u016bsu produkts var lieliski aizst\u0101t \u0161os hidrauliskos cilindrus.<\/p>\n<p><img decoding=\"async\" src=\"https:\/\/www.hydraulic-cylinders.net\/wp-content\/uploads\/2025\/01\/songte-oil-pipes-and-spare-parts.webp\"><\/p>\n<h3>Pieteikumi<\/h3>\n<p>Sviras cilindrs tiek pla\u0161i izmantots da\u017e\u0101d\u0101s nozar\u0113s, tostarp:<\/p>\n<ul>\n<li><strong>B\u016bvniec\u012bba:<\/strong> Ekskavatoros un celt\u0146os sviras cilindrs tiek izmantots, lai kontrol\u0113tu kausu vai str\u0113les kust\u012bbu zemes p\u0101rvieto\u0161anas, materi\u0101lu apstr\u0101des un konstrukciju uzst\u0101d\u012b\u0161anas darbos.<\/li>\n<li><strong>Ra\u017eo\u0161ana:<\/strong> Automatiz\u0113t\u0101s ra\u017eo\u0161anas l\u012bnij\u0101s sviras cilindrs tiek izmantots meh\u0101nisko sviru kust\u012bbai mont\u0101\u017eas, metin\u0101\u0161anas un apstr\u0101des procesos, uzlabojot ra\u017eo\u0161anas efektivit\u0101ti un precizit\u0101ti.<\/li>\n<li><strong>Lauksaimniec\u012bbas tehnika:<\/strong> Lauksaimniec\u012bbas ma\u0161\u012bn\u0101s, piem\u0113ram, kombainos un s\u0113jma\u0161\u012bn\u0101s, sviras cilindrs kontrol\u0113 vad\u012bbas sviras kust\u012bbu t\u0101diem uzdevumiem k\u0101 s\u0113\u0161ana, m\u0113slo\u0161ana un ra\u017eas nov\u0101k\u0161ana.<\/li>\n<li><strong>Kalnr\u016bpniec\u012bba:<\/strong> In mining equipment, the arm cylinder is used to control the arm&#8217;s movement for mining and material handling.<\/li>\n<li><strong>Lo\u0123istika un transports:<\/strong> Iekr\u0101v\u0113jos un apstr\u0101des robotos sviras cilindrs tiek izmantots, lai kontrol\u0113tu dak\u0161u kust\u012bbu materi\u0101lu apstr\u0101dei un krau\u0161anai.<\/li>\n<\/ul>\n<h3>Dizaina apsv\u0113rumi un atlases krit\u0113riji<\/h3>\n<p>Projekt\u0113jot un izv\u0113loties cilindru pamatni, j\u0101\u0146em v\u0113r\u0101 vair\u0101ki faktori:<\/p>\n<ul>\n<li><strong>Nestsp\u0113ja:<\/strong> Sviras cilindram j\u0101sp\u0113j iztur\u0113t pievienot\u0101 instrumenta vai stiprin\u0101juma svaru un sp\u0113ku.<\/li>\n<li><strong>Bl\u012bv\u0113jums:<\/strong> Lai nov\u0113rstu \u0161\u0137idruma nopl\u016bdi, j\u0101izmanto da\u017e\u0101di bl\u012bv\u0113\u0161anas komponenti, piem\u0113ram, virzu\u013ca bl\u012bvsl\u0113gi \u200b\u200bun stie\u0146u bl\u012bvsl\u0113gi.<\/li>\n<li><strong>Iztur\u012bba:<\/strong> Lai nodro\u0161in\u0101tu nodilumiztur\u012bbu un iztur\u012bbu pret koroziju, \u012bpa\u0161i skarbos apst\u0101k\u013cos, j\u0101izmanto augstas stipr\u012bbas materi\u0101li un virsmas apstr\u0101de.<\/li>\n<li><strong>Dro\u0161\u012bba:<\/strong> Projekt\u0113jot j\u0101\u0146em v\u0113r\u0101 operatora un apk\u0101rt\u0113j\u0101s vides dro\u0161\u012bba, piem\u0113ram, j\u0101izvair\u0101s no p\u0113k\u0161\u0146\u0101m kust\u012bb\u0101m vai triecieniem.<\/li>\n<li><strong>Uzturam\u012bba:<\/strong> Dizainam j\u0101b\u016bt viegli izjaucamam un remont\u0113jamam, un, lai nodro\u0161in\u0101tu optim\u0101lu veiktsp\u0113ju, j\u0101veic regul\u0101ra apkope.<\/li>\n<\/ul>\n<p><img decoding=\"async\" src=\"https:\/\/www.hydraulic-cylinders.net\/wp-content\/uploads\/2025\/01\/songte-cylinder-head-with-all-kinds-excavator-models.webp\"><\/p>\n<h3>Bl\u012bv\u0113\u0161ana un e\u013c\u013co\u0161ana<\/h3>\n<p>Arm cylinders use various seals, such as piston seals and rod seals, which are made of wear-resistant materials such as polyurethane and nitrile rubber. The cylinder body and thread end surface are finely processed to improve wear resistance. Regular lubrication with hydraulic oil is necessary to reduce friction and wear, ensuring the cylinder&#8217;s smooth operation.<\/p>\n<h3>Apkope un profilakse<\/h3>\n<p>Regul\u0101ra p\u0101rbaude un profilaktisk\u0101 apkope ir b\u016btiska, lai nodro\u0161in\u0101tu pareizu sviru cilindru darb\u012bbu. J\u0101veic \u0161\u0101di pas\u0101kumi:<\/p>\n<ul>\n<li><strong>P\u0101rbaudiet bl\u012bves:<\/strong> Regul\u0101ri p\u0101rbaudiet bl\u012bves, lai p\u0101rliecin\u0101tos, ka nav nopl\u016b\u017eu.<\/li>\n<li><strong>P\u0101rbaudiet cilindra korpusu:<\/strong> P\u0101rbaudiet cilindra korpusu, vai nav boj\u0101jumu vai nodiluma paz\u012bmju.<\/li>\n<li><strong>P\u0101rbaudiet stiprin\u0101jumu:<\/strong> P\u0101rbaudiet stiprin\u0101juma skr\u016bves un uzgrie\u017e\u0146us, lai p\u0101rliecin\u0101tos, ka tie ir pareizi pievilkti.<\/li>\n<li><strong>Uzraudz\u012bt hidraulisko e\u013c\u013cu:<\/strong> Regul\u0101ri sekojiet l\u012bdzi hidraulisk\u0101s e\u013c\u013cas l\u012bmenim un kvalit\u0101tei, un nomainiet e\u013c\u013cu.<\/li>\n<\/ul>\n<p>Lai mazin\u0101tu iesp\u0113jam\u0101s probl\u0113mas, ir svar\u012bgi veikt prevent\u012bvus pas\u0101kumus, piem\u0113ram, izvair\u012bties no p\u0101rslodzes, izvair\u012bties no p\u0113k\u0161\u0146\u0101m kust\u012bb\u0101m vai triecieniem un nodro\u0161in\u0101t pareizu mont\u0101\u017eu.<\/p>\n<p><img decoding=\"async\" src=\"https:\/\/www.hydraulic-cylinders.net\/wp-content\/uploads\/2025\/01\/songte-chushion-collar.webp\"><\/p>\n<h3>Produkta uzst\u0101d\u012b\u0161anas rokasgr\u0101mata<\/h3>\n<p>Uzst\u0101dot cilindra rokturi, j\u0101veic \u0161\u0101das darb\u012bbas:<\/p>\n<ol>\n<li>No\u0146emiet veco cilindru un not\u012briet stiprin\u0101juma virsmu.<\/li>\n<li>Uzst\u0101diet jauno cilindru un pievelciet stiprin\u0101juma skr\u016bves un uzgrie\u017e\u0146us l\u012bdz nor\u0101d\u012btajam griezes momentam.<\/li>\n<li>Pievienojiet hidraulisk\u0101s \u0161\u013c\u016btenes un savienojumus.<\/li>\n<li>Piepildiet hidraulisko sist\u0113mu ar hidraulisko e\u013c\u013cu.<\/li>\n<\/ol>\n<p>Pirms iek\u0101rtas lieto\u0161anas p\u0101rbaudiet cilindra pareizu darb\u012bbu un vai nav nopl\u016b\u017eu.<\/p>\n<p><img decoding=\"async\" src=\"https:\/\/www.hydraulic-cylinders.net\/wp-content\/uploads\/2025\/01\/songte-bushings-with-all-kinds-of-excavator-models.webp\"><\/p>\n<h3>Dro\u0161\u012bbas un vides apsv\u0113rumi<\/h3>\n<p>Izmantojot sviras cilindrus, j\u0101veic dro\u0161\u012bbas pas\u0101kumi, lai nodro\u0161in\u0101tu operatora un apk\u0101rt\u0113j\u0101s vides dro\u0161\u012bbu. Operatoriem j\u0101sa\u0146em atbilsto\u0161a apm\u0101c\u012bba par ma\u0161\u012bnu dro\u0161u ekspluat\u0101ciju. Ir svar\u012bgi ar\u012b iev\u0113rot vides noteikumus attiec\u012bb\u0101 uz hidraulisk\u0101s e\u013c\u013cas un citu atkritumu utiliz\u0101ciju.<\/p>\n<h3>Probl\u0113mu nov\u0113r\u0161ana un bie\u017ei sastopamas probl\u0113mas<\/h3>\n<p>Bie\u017ei sastopamas probl\u0113mas, kas var rasties ar sviras cilindriem, ir bl\u012bv\u0113juma nopl\u016bde, cilindra boj\u0101jumi un stiprin\u0101juma probl\u0113mas. Ja rodas probl\u0113ma, j\u0101\u0146em v\u0113r\u0101 \u0161\u0101di padomi un risin\u0101jumi:<\/p>\n<ul>\n<li><strong>Nopl\u016bdu\u0161as bl\u012bves:<\/strong> Nomainiet bl\u012bves un p\u0101rliecinieties par pareizu uzst\u0101d\u012b\u0161anu.<\/li>\n<li><strong>Cilindra boj\u0101jums:<\/strong> Ja nepiecie\u0161ams, salabojiet vai nomainiet cilindru.<\/li>\n<li><strong>Mont\u0101\u017eas probl\u0113mas:<\/strong> P\u0101rbaudiet stiprin\u0101juma skr\u016bves un uzgrie\u017e\u0146us un p\u0101rliecinieties, vai tie ir pareizi pievilkti.<\/li>\n<\/ul>\n<p>Lai nov\u0113rstu iesp\u0113jam\u0101s probl\u0113mas, ir svar\u012bgi veikt prevent\u012bvus pas\u0101kumus, piem\u0113ram, izvair\u012bties no p\u0101rslodzes un p\u0113k\u0161\u0146\u0101m kust\u012bb\u0101m, k\u0101 ar\u012b nodro\u0161in\u0101t pareizu uzst\u0101d\u012b\u0161anu un apkopi.<\/p>\n<p><img decoding=\"async\" src=\"https:\/\/www.hydraulic-cylinders.net\/wp-content\/uploads\/2025\/01\/songte-company-4.webp\"><br \/>\n<img decoding=\"async\" src=\"https:\/\/www.hydraulic-cylinders.net\/wp-content\/uploads\/2025\/01\/songte-company-3.webp\"><\/p>\n<h3>Par mums<\/h3>\n<p>We are a professional manufacturer of replacement hydraulic cylinders with a wide range of products, and have become one of the leading hydraulic cylinder manufacturers and wholesale distributors in domestic and international markets. We always adhere to the principle of excellent quality, rely on the industrial production management strategy of the refined manufacturing workshop, and continuously improve our technical level and production efficiency. Through the introduction of advanced digital manufacturing equipment and professional testing systems, we continuously optimize the manufacturing platform, improve the quality control process of products, and have strong innovation capability. Our goal is to satisfy customers&#8217; diverse needs with the principles of efficiency, accuracy, and high quality.<\/p>\n<p>M\u016bsu uz\u0146\u0113mums ir paz\u012bstams ar savu profesionalit\u0101ti, starptautisko sertifik\u0101ciju, piel\u0101gotiem pakalpojumiem, augstas kvalit\u0101tes ra\u017eo\u0161anas iek\u0101rt\u0101m un izcilu p\u0113cp\u0101rdo\u0161anas apkalpo\u0161anu.<\/p>\n<p>Autors: Lails.<\/p>","protected":false},"excerpt":{"rendered":"<p>Arm Cylinder For Atlas 2006LC Introduction The arm cylinder is a specially designed hydraulic cylinder used to provide linear motion and power to the arms of various types of machinery, such as excavators, cranes, and mechanical arms. The arm cylinder plays a crucial role in hydraulic systems, allowing additional tools or attachments to move and [&hellip;]<\/p>","protected":false},"featured_media":14786,"comment_status":"open","ping_status":"closed","template":"","meta":{"_et_pb_use_builder":"","_et_pb_old_content":"","_et_gb_content_width":""},"product_brand":[],"product_cat":[1497],"product_tag":[1498,1496],"class_list":{"0":"post-16848","1":"product","2":"type-product","3":"status-publish","4":"has-post-thumbnail","6":"product_cat-arm-cylinders","7":"product_tag-arm-cylinders","8":"product_tag-hydraulic-cylinders","10":"first","11":"instock","12":"shipping-taxable","13":"product-type-simple"},"amp_enabled":true,"_links":{"self":[{"href":"https:\/\/www.hydraulic-cylinders.net\/lv\/wp-json\/wp\/v2\/product\/16848","targetHints":{"allow":["GET"]}}],"collection":[{"href":"https:\/\/www.hydraulic-cylinders.net\/lv\/wp-json\/wp\/v2\/product"}],"about":[{"href":"https:\/\/www.hydraulic-cylinders.net\/lv\/wp-json\/wp\/v2\/types\/product"}],"replies":[{"embeddable":true,"href":"https:\/\/www.hydraulic-cylinders.net\/lv\/wp-json\/wp\/v2\/comments?post=16848"}],"wp:featuredmedia":[{"embeddable":true,"href":"https:\/\/www.hydraulic-cylinders.net\/lv\/wp-json\/wp\/v2\/media\/14786"}],"wp:attachment":[{"href":"https:\/\/www.hydraulic-cylinders.net\/lv\/wp-json\/wp\/v2\/media?parent=16848"}],"wp:term":[{"taxonomy":"product_brand","embeddable":true,"href":"https:\/\/www.hydraulic-cylinders.net\/lv\/wp-json\/wp\/v2\/product_brand?post=16848"},{"taxonomy":"product_cat","embeddable":true,"href":"https:\/\/www.hydraulic-cylinders.net\/lv\/wp-json\/wp\/v2\/product_cat?post=16848"},{"taxonomy":"product_tag","embeddable":true,"href":"https:\/\/www.hydraulic-cylinders.net\/lv\/wp-json\/wp\/v2\/product_tag?post=16848"}],"curies":[{"name":"wp","href":"https:\/\/api.w.org\/{rel}","templated":true}]}}