{"id":16858,"date":"2025-01-21T06:08:30","date_gmt":"2025-01-21T06:08:30","guid":{"rendered":"https:\/\/www.hydraulic-cylinders.net\/product\/arm-cylinder-for-bonny-ce1000-7\/"},"modified":"2025-01-21T06:08:32","modified_gmt":"2025-01-21T06:08:32","slug":"arm-cylinder-for-bonny-ce1000-7","status":"publish","type":"product","link":"https:\/\/www.hydraulic-cylinders.net\/lv\/products\/arm-cylinder-for-bonny-ce1000-7\/","title":{"rendered":"Sviras cilindrs Bonny CE1000-7"},"content":{"rendered":"<h1>Sviras cilindrs Bonny CE1000-7<\/h1>\n<h2>Produkta p\u0101rskats<\/h2>\n<p>Sviras cilindrs ir specializ\u0113ts hidrauliskais cilindrs, kas paredz\u0113ts, lai nodro\u0161in\u0101tu line\u0101ru kust\u012bbu un jaudu da\u017e\u0101du ma\u0161\u012bnu, piem\u0113ram, ekskavatoru, celt\u0146u un meh\u0101nisko sviru, svir\u0101m. Tam ir iz\u0161\u0137iro\u0161a noz\u012bme hidrauliskaj\u0101s sist\u0113m\u0101s, nodro\u0161inot efekt\u012bvu agreg\u0101tu un piederumu kust\u012bbu un vad\u012bbu. \u0160ie cilindri ne tikai nodro\u0161ina vienm\u0113r\u012bgu kust\u012bbu, bet ar\u012b iztur lielas slodzes, nodro\u0161inot ma\u0161\u012bnas efekt\u012bvu darb\u012bbu un uzticam\u012bbu da\u017e\u0101dos ekspluat\u0101cijas apst\u0101k\u013cos.<\/p>\n<p><img decoding=\"async\" src=\"https:\/\/www.hydraulic-cylinders.net\/wp-content\/uploads\/2025\/01\/songte-company-2.webp\" alt=\"Sviras cilindra att\u0113ls\" \/><\/p>\n<h2>Produkta funkcijas<\/h2>\n<ul>\n<li>\n<h3>Augstas efektivit\u0101tes transmisija<\/h3>\n<p>Sviras cilindrs nodro\u0161ina sp\u0113c\u012bgu line\u0101ru kust\u012bbu un sp\u0113ku, garant\u0113jot augstu efektivit\u0101ti da\u017e\u0101d\u0101s meh\u0101nisk\u0101s sviras darb\u012bb\u0101s.<\/p>\n<\/li>\n<li>\n<h3>Prec\u012bzijas kontrole<\/h3>\n<p>Izmantojot hidraulisko sist\u0113mu, rokas cilindrs var pan\u0101kt prec\u012bzu kust\u012bbas vad\u012bbu, padarot stiprin\u0101juma darb\u012bbu elast\u012bg\u0101ku un prec\u012bz\u0101ku.<\/p>\n<\/li>\n<li>\n<h3>Sp\u0113c\u012bga iztur\u012bba<\/h3>\n<p>Sviras cilindrs parasti ir izgatavots no augstas stipr\u012bbas materi\u0101liem, kuriem ir laba nodilumiztur\u012bba un iztur\u012bba pret koroziju, kas ir piem\u0113roti ilgsto\u0161ai lieto\u0161anai skarbos apst\u0101k\u013cos.<\/p>\n<\/li>\n<li>\n<h3>Daudzfunkcion\u0101la piel\u0101go\u0161an\u0101s sp\u0113ja<\/h3>\n<p>\u0160os cilindrus var pla\u0161i izmantot da\u017e\u0101d\u0101s meh\u0101nisk\u0101s iek\u0101rt\u0101s, piem\u0113ram, ekskavatoros, celt\u0146os un meh\u0101niskaj\u0101s svir\u0101s, piel\u0101gojoties da\u017e\u0101d\u0101m darba vajadz\u012bb\u0101m.<\/p>\n<\/li>\n<li>\n<h3>Vienk\u0101r\u0161a apkope<\/h3>\n<p>Projekt\u0113\u0161anas apsv\u0113rumi ir v\u0113rsti uz apkopes un nomai\u0146as vienk\u0101r\u0161\u012bbu, padarot regul\u0101ru p\u0101rbaudi un apkopi \u0113rt\u0101ku un samazinot iek\u0101rtu d\u012bkst\u0101ves laiku.<\/p>\n<\/li>\n<\/ul>\n<p>M\u0113s varam ra\u017eot \u0161o produktu, un tas var lieliski aizst\u0101t \u0161os hidrauliskos cilindrus.<\/p>\n<p><img decoding=\"async\" src=\"https:\/\/www.hydraulic-cylinders.net\/wp-content\/uploads\/2025\/01\/songte-oil-pipes-and-spare-parts.webp\" alt=\"Hidraulisk\u0101 cilindra deta\u013cu att\u0113ls\" \/><\/p>\n<h2>Pieteikumi<\/h2>\n<p>Sviras cilindrs tiek pla\u0161i izmantots da\u017e\u0101d\u0101s nozar\u0113s, piem\u0113ram:<\/p>\n<ul>\n<li>\n<h3>B\u016bvniec\u012bbas in\u017eenierija<\/h3>\n<p>Izmanto ekskavatoros un celt\u0146os, lai kontrol\u0113tu l\u0101pstas vai str\u0113les kust\u012bbu, veicot zemes darbus, materi\u0101lu apstr\u0101di un konstrukciju uzst\u0101d\u012b\u0161anu.<\/p>\n<\/li>\n<li>\n<h3>Ra\u017eo\u0161anas nozare<\/h3>\n<p>Izmanto automatiz\u0113t\u0101s ra\u017eo\u0161anas l\u012bnij\u0101s, lai kontrol\u0113tu meh\u0101nisko roku kust\u012bbu, veicot mont\u0101\u017eas, metin\u0101\u0161anas un apstr\u0101des procesus, uzlabojot ra\u017eo\u0161anas efektivit\u0101ti un precizit\u0101ti.<\/p>\n<\/li>\n<li>\n<h3>Lauksaimniec\u012bbas tehnika<\/h3>\n<p>Izmanto lauksaimniec\u012bbas ma\u0161\u012bn\u0101s, piem\u0113ram, kombainos un s\u0113jma\u0161\u012bn\u0101s, lai kontrol\u0113tu vad\u012bbas rokas kust\u012bbu, veicot t\u0101dus uzdevumus k\u0101 st\u0101d\u012b\u0161ana, m\u0113slo\u0161ana un ra\u017eas nov\u0101k\u0161ana.<\/p>\n<\/li>\n<li>\n<h3>Kalnr\u016bpniec\u012bba<\/h3>\n<p>Used in mining equipment to control the movement of the mining equipment&#8217;s arm, performing ore mining and transportation.<\/p>\n<\/li>\n<li>\n<h3>Lo\u0123istika un transports<\/h3>\n<p>Izmanto iekr\u0101v\u0113jos un apstr\u0101des robotos, lai kontrol\u0113tu dak\u0161u pacel\u0161anu un kust\u012bbu, nodro\u0161inot materi\u0101lu apstr\u0101di un sakrau\u0161anu.<\/p>\n<\/li>\n<\/ul>\n<h2>Dizaina apsv\u0113rumi un atlases krit\u0113riji<\/h2>\n<p>Sviru cilindru projekt\u0113\u0161anas apsv\u0113rumi ietver nestsp\u0113ju, bl\u012bv\u0113jumu, iztur\u012bbu, dro\u0161\u012bbu un apkopes iesp\u0113jas.<\/p>\n<ul>\n<li>\n<h3>Nestsp\u0113ja<\/h3>\n<p>Sviras cilindra nestsp\u0113jai j\u0101sp\u0113j iztur\u0113t meh\u0101nisk\u0101s sviras maksim\u0101lo slodzi darb\u012bbas laik\u0101.<\/p>\n<\/li>\n<li>\n<h3>Bl\u012bv\u0113\u0161ana<\/h3>\n<p>Sviras cilindr\u0101 tiek izmantoti da\u017e\u0101di bl\u012bv\u0113\u0161anas elementi, piem\u0113ram, virzu\u013ca bl\u012bves, stie\u0146a bl\u012bves utt., kas ir izgatavoti no nodilumiztur\u012bgiem materi\u0101liem, piem\u0113ram, poliuret\u0101na un nitrila gumijas, un cilindra korpuss un v\u012bt\u0146ot\u0101s gala virsmas ir smalki apstr\u0101d\u0101tas, lai uzlabotu nodilumiztur\u012bbu.<\/p>\n<\/li>\n<li>\n<h3>Iztur\u012bba<\/h3>\n<p>Sviras cilindram j\u0101b\u016bt izgatavotam no augstas stipr\u012bbas materi\u0101liem, lai uzlabotu nodilumiztur\u012bbu, iztur\u012bbu pret koroziju un nodro\u0161in\u0101tu ilgsto\u0161u lieto\u0161anu skarbos apst\u0101k\u013cos.<\/p>\n<\/li>\n<li>\n<h3>Dro\u0161\u012bba<\/h3>\n<p>Sviras cilindram j\u0101b\u016bt apr\u012bkotam ar dro\u0161\u012bbas v\u0101rstiem un cit\u0101m aizsargier\u012bc\u0113m, lai nov\u0113rstu p\u0101rslodzi un nodro\u0161in\u0101tu dro\u0161u darb\u012bbu.<\/p>\n<\/li>\n<li>\n<h3>Uzturam\u012bba<\/h3>\n<p>Sviras cilindra konstrukcijai j\u0101b\u016bt viegli kopjamai un nomain\u0101mai, padarot regul\u0101ru p\u0101rbaudi un apkopi \u0113rt\u0101ku un samazinot iek\u0101rtu d\u012bkst\u0101ves laiku.<\/p>\n<\/li>\n<\/ul>\n<p><img decoding=\"async\" src=\"https:\/\/www.hydraulic-cylinders.net\/wp-content\/uploads\/2025\/01\/songte-cylinder-head-with-all-kinds-excavator-models.webp\" alt=\"Cilindra galvas att\u0113ls\" \/><\/p>\n<h2>Bl\u012bv\u0113\u0161ana un e\u013c\u013co\u0161ana<\/h2>\n<p>Sviras cilindr\u0101 tiek izmantoti da\u017e\u0101di bl\u012bv\u0113\u0161anas elementi, piem\u0113ram, virzu\u013ca bl\u012bves, stie\u0146a bl\u012bves utt., kas ir izgatavoti no nodilumiztur\u012bgiem materi\u0101liem, piem\u0113ram, poliuret\u0101na un nitrila gumijas. Cilindra korpuss un v\u012bt\u0146ot\u0101s gala virsmas ir smalki apstr\u0101d\u0101tas, lai uzlabotu nodilumiztur\u012bbu. E\u013c\u013co\u0161anai ir nepiecie\u0161ams regul\u0101ri pievienot atbilsto\u0161u hidraulisko e\u013c\u013cu.<\/p>\n<h2>Periodiskas p\u0101rbaudes un prevent\u012bv\u0101s apkopes pas\u0101kumi<\/h2>\n<ul>\n<li>\n<p>Regularly check the arm cylinder&#8217;s sealing performance and wear condition of the piston rod and cylinder liner.<\/p>\n<\/li>\n<li>\n<p>Regul\u0101ri t\u012briet sviras cilindru un no\u0146emiet piemais\u012bjumus un nogulsnes, piem\u0113ram, putek\u013cus un e\u013c\u013cas traipus.<\/p>\n<\/li>\n<li>\n<p>P\u0101rbaudiet hidraulisk\u0101s sist\u0113mas darba spiedienu un noregul\u0113jiet to atbilsto\u0161aj\u0101 diapazon\u0101.<\/p>\n<\/li>\n<li>\n<p>Savlaic\u012bgi nomainiet visas nolietot\u0101s vai boj\u0101t\u0101s deta\u013cas.<\/p>\n<\/li>\n<\/ul>\n<h2>Instal\u0101cijas rokasgr\u0101mata<\/h2>\n<p>Before installation, it is necessary to clean the hydraulic system and check the matching accuracy of the cylinder, seal, and piston rod. When installing, pay attention to the direction and position of the cylinder. Start the hydraulic system and check the cylinder&#8217;s performance and leakage.<\/p>\n<p><img decoding=\"async\" src=\"https:\/\/www.hydraulic-cylinders.net\/wp-content\/uploads\/2025\/01\/songte-bushings-with-all-kinds-of-excavator-models.webp\" alt=\"Bukses att\u0113ls\" \/><\/p>\n<h2>Dro\u0161\u012bbas apsv\u0113rumi un vides faktori<\/h2>\n<p>Lietojot rokas cilindru, ir stingri j\u0101iev\u0113ro ekspluat\u0101cijas proced\u016bras un dro\u0161\u012bbas nor\u0101d\u012bjumi, lai nov\u0113rstu negad\u012bjumus. P\u0101rliecinieties, vai hidrauliskaj\u0101 sist\u0113m\u0101 ir pietiekams spiediens un pl\u016bsma, un vai hidraulisk\u0101 e\u013c\u013ca ir t\u012bra un bez piemais\u012bjumiem. Piev\u0113rsiet uzman\u012bbu vides faktoriem, piem\u0113ram, temperat\u016brai un mitrumam, un izvairieties no lieto\u0161anas ekstrem\u0101los apst\u0101k\u013cos.<\/p>\n<h2>Probl\u0113mu nov\u0113r\u0161ana un bie\u017ei sastopamas probl\u0113mas<\/h2>\n<ul>\n<li>\n<p>Neparasts troksnis: p\u0101rbaudiet, vai cilindrs nav boj\u0101ts, vai hidraulisk\u0101 e\u013c\u013ca ir t\u012bra un vai spiediens ir norm\u0101ls.<\/p>\n<\/li>\n<li>\n<p>L\u0113na kust\u012bba: p\u0101rbaudiet, vai hidraulisk\u0101 e\u013c\u013ca nav p\u0101r\u0101k viskoza vai net\u012bra, un vai spiediens ir norm\u0101ls.<\/p>\n<\/li>\n<li>\n<p>Nopl\u016bde: p\u0101rbaudiet cilindra bl\u012bv\u0113juma veiktsp\u0113ju un hidraulisk\u0101s e\u013c\u013cas t\u012br\u012bbu.<\/p>\n<\/li>\n<li>\n<p>Nepietiekams izejas sp\u0113ks: p\u0101rbaudiet, vai hidrauliskaj\u0101 sist\u0113m\u0101 ir pietiekams spiediens un pl\u016bsma.<\/p>\n<\/li>\n<\/ul>\n<p>For troubleshooting, it is necessary to follow the manufacturer&#8217;s instructions and use appropriate tools and methods. For preventative measures, it is necessary to regularly check and maintain the arm cylinder and the hydraulic system, and replace any worn or damaged parts in a timely manner.<\/p>\n<p><img decoding=\"async\" src=\"https:\/\/www.hydraulic-cylinders.net\/wp-content\/uploads\/2025\/01\/songte-chushion-collar.webp\" alt=\"Spilvenu apkakles att\u0113ls\" \/><\/p>\n<h2>Par mums<\/h2>\n<p>M\u0113s esam profesion\u0101ls rezerves hidraulisko cilindru ra\u017eot\u0101js ar pla\u0161u produktu kl\u0101stu. Esam k\u013cuvu\u0161i par vienu no vado\u0161ajiem hidraulisko cilindru ra\u017eot\u0101jiem un vairumtirdzniec\u012bbas izplat\u012bt\u0101jiem viet\u0113j\u0101 un starptautiskaj\u0101 tirg\u016b. M\u0113s vienm\u0113r iev\u0113rojam izcilas kvalit\u0101tes principu, pa\u013caujoties uz industrializ\u0113tas ra\u017eo\u0161anas vad\u012bbas strat\u0113\u0123iju izsmalcin\u0101t\u0101 ra\u017eo\u0161anas darbn\u012bc\u0101, nep\u0101rtraukti uzlabojot savu tehnolo\u0123isko l\u012bmeni un ra\u017eo\u0161anas efektivit\u0101ti. Ievie\u0161ot augstas klases digit\u0101l\u0101s ra\u017eo\u0161anas iek\u0101rtas un profesion\u0101las test\u0113\u0161anas sist\u0113mas, m\u0113s optimiz\u0113jam ra\u017eo\u0161anas platformu, uzlabojam produktu kvalit\u0101tes kontroles procesu un mums ir sp\u0113c\u012bgas inovat\u012bvas sp\u0113jas. M\u016bsu m\u0113r\u0137is ir apmierin\u0101t klientu da\u017e\u0101d\u0101s vajadz\u012bbas ar augstu efektivit\u0101ti, precizit\u0101ti un augstas kvalit\u0101tes principiem.<\/p>\n<p><img decoding=\"async\" src=\"https:\/\/www.hydraulic-cylinders.net\/wp-content\/uploads\/2025\/01\/songte-company-4.webp\" alt=\"Uz\u0146\u0113muma t\u0113ls\" \/><\/p>\n<h2>M\u016bsu specialit\u0101tes<\/h2>\n<ul>\n<li>\n<p>Profesionalit\u0101te: Mums ir profesion\u0101\u013cu komanda ar bag\u0101tu pieredzi hidraulisko cilindru ra\u017eo\u0161an\u0101 un apkop\u0113, nodro\u0161inot klientiem profesion\u0101lus un efekt\u012bvus pakalpojumus.<\/p>\n<\/li>\n<li>\n<p>Starptautisk\u0101 sertifik\u0101cija: M\u016bsu produkti ir iztur\u0113ju\u0161i ISO9001 starptautisk\u0101s kvalit\u0101tes vad\u012bbas sist\u0113mas sertifik\u0101ciju un CE sertifik\u0101ciju, nodro\u0161inot produktu kvalit\u0101ti un dro\u0161\u012bbu.<\/p>\n<\/li>\n<li>\n<p>Piel\u0101go\u0161anas pakalpojumi: M\u0113s pied\u0101v\u0101jam piel\u0101gotus pakalpojumus atbilsto\u0161i klientu vajadz\u012bb\u0101m, tostarp cilindra izm\u0113ram, virzu\u013ca stie\u0146a garumam un cit\u0101m specifik\u0101cij\u0101m.<\/p>\n<\/li>\n<li>\n<p>Ra\u017eo\u0161anas iek\u0101rtas: Mums ir modernas ra\u017eo\u0161anas iek\u0101rtas, piem\u0113ram, CNC virpas, prec\u012bzijas fr\u0113zma\u0161\u012bnas un augstas precizit\u0101tes sl\u012bpma\u0161\u012bnas.<\/p>\n<\/li>\n<li>\n<p>P\u0113cp\u0101rdo\u0161anas serviss: M\u0113s pied\u0101v\u0101jam visaptvero\u0161us p\u0113cp\u0101rdo\u0161anas pakalpojumus, piem\u0113ram, uzst\u0101d\u012b\u0161anas nor\u0101d\u012bjumus, apkopi un remontu, lai nodro\u0161in\u0101tu klientu apmierin\u0101t\u012bbu.<\/p>\n<\/li>\n<\/ul>\n<p><img decoding=\"async\" src=\"https:\/\/www.hydraulic-cylinders.net\/wp-content\/uploads\/2025\/01\/songte-company-3.webp\" alt=\"Uz\u0146\u0113muma t\u0113ls\" \/><\/p>\n<p>Autors: Lails.<\/p>","protected":false},"excerpt":{"rendered":"<p>Arm Cylinder For Bonny CE1000-7 Product Overview The arm cylinder is a specialized hydraulic cylinder designed to provide linear motion and power to arms of various machinery such as excavators, cranes, and mechanical arms. It plays a crucial role in hydraulic systems, enabling the effective movement and control of attachments and accessories. These cylinders not [&hellip;]<\/p>","protected":false},"featured_media":14786,"comment_status":"open","ping_status":"closed","template":"","meta":{"_et_pb_use_builder":"","_et_pb_old_content":"","_et_gb_content_width":""},"product_brand":[],"product_cat":[1497],"product_tag":[1498,1496],"class_list":{"0":"post-16858","1":"product","2":"type-product","3":"status-publish","4":"has-post-thumbnail","6":"product_cat-arm-cylinders","7":"product_tag-arm-cylinders","8":"product_tag-hydraulic-cylinders","10":"first","11":"instock","12":"shipping-taxable","13":"product-type-simple"},"amp_enabled":true,"_links":{"self":[{"href":"https:\/\/www.hydraulic-cylinders.net\/lv\/wp-json\/wp\/v2\/product\/16858","targetHints":{"allow":["GET"]}}],"collection":[{"href":"https:\/\/www.hydraulic-cylinders.net\/lv\/wp-json\/wp\/v2\/product"}],"about":[{"href":"https:\/\/www.hydraulic-cylinders.net\/lv\/wp-json\/wp\/v2\/types\/product"}],"replies":[{"embeddable":true,"href":"https:\/\/www.hydraulic-cylinders.net\/lv\/wp-json\/wp\/v2\/comments?post=16858"}],"wp:featuredmedia":[{"embeddable":true,"href":"https:\/\/www.hydraulic-cylinders.net\/lv\/wp-json\/wp\/v2\/media\/14786"}],"wp:attachment":[{"href":"https:\/\/www.hydraulic-cylinders.net\/lv\/wp-json\/wp\/v2\/media?parent=16858"}],"wp:term":[{"taxonomy":"product_brand","embeddable":true,"href":"https:\/\/www.hydraulic-cylinders.net\/lv\/wp-json\/wp\/v2\/product_brand?post=16858"},{"taxonomy":"product_cat","embeddable":true,"href":"https:\/\/www.hydraulic-cylinders.net\/lv\/wp-json\/wp\/v2\/product_cat?post=16858"},{"taxonomy":"product_tag","embeddable":true,"href":"https:\/\/www.hydraulic-cylinders.net\/lv\/wp-json\/wp\/v2\/product_tag?post=16858"}],"curies":[{"name":"wp","href":"https:\/\/api.w.org\/{rel}","templated":true}]}}