{"id":16862,"date":"2025-01-21T06:08:47","date_gmt":"2025-01-21T06:08:47","guid":{"rendered":"https:\/\/www.hydraulic-cylinders.net\/product\/arm-cylinder-for-bonny-ce2200-7\/"},"modified":"2025-01-21T06:08:54","modified_gmt":"2025-01-21T06:08:54","slug":"arm-cylinder-for-bonny-ce2200-7","status":"publish","type":"product","link":"https:\/\/www.hydraulic-cylinders.net\/lv\/products\/arm-cylinder-for-bonny-ce2200-7\/","title":{"rendered":"Sviras cilindrs Bonny CE2200-7"},"content":{"rendered":"<p>Sviras cilindrs Bonny CE2200-7<\/p>\n<p>Sviras cilindrs ir speci\u0101li izstr\u0101d\u0101ts hidrauliskais cilindrs, ko galvenok\u0101rt izmanto, lai nodro\u0161in\u0101tu line\u0101ru kust\u012bbu un jaudu da\u017e\u0101du veidu ma\u0161\u012bnu, piem\u0113ram, ekskavatoru, celt\u0146u un meh\u0101nisko sviru, svir\u0101m. Sviras cilindriem ir iz\u0161\u0137iro\u0161a noz\u012bme hidrauliskaj\u0101s sist\u0113m\u0101s, \u013caujot efekt\u012bvi p\u0101rvietot un kontrol\u0113t papildu instrumentus vai stiprin\u0101jumus. \u0160ie cilindri ne tikai nodro\u0161ina vienm\u0113r\u012bgu kust\u012bbu, bet ar\u012b iztur lielas slodzes, t\u0101d\u0113j\u0101di nodro\u0161inot ma\u0161\u012bnu efekt\u012bvu darb\u012bbu un uzticam\u012bbu da\u017e\u0101dos ekspluat\u0101cijas apst\u0101k\u013cos.<\/p>\n<p>Defin\u012bcija un skaidrojums<\/p>\n<p>Sviru cilindri ir b\u016btiska hidraulisko sist\u0113mu sast\u0101vda\u013ca, kas nodro\u0161ina line\u0101ru kust\u012bbu da\u017e\u0101du veidu ma\u0161\u012bnu svir\u0101m. Tie ir paredz\u0113ti, lai iztur\u0113tu lielas slodzes un nodro\u0161in\u0101tu efekt\u012bvu ma\u0161\u012bnu darb\u012bbu. Sviru cilindri ir izgatavoti no augstas stipr\u012bbas materi\u0101liem, kas ir \u013coti iztur\u012bgi pret nodilumu un koroziju, padarot tos piem\u0113rotus lieto\u0161anai skarbos apst\u0101k\u013cos. Sviru cilindrs ir kritiska hidraulisko sist\u0113mu sast\u0101vda\u013ca, un tam ir galven\u0101 loma ma\u0161\u012bnu efekt\u012bvas darb\u012bbas nodro\u0161in\u0101\u0161an\u0101.<\/p>\n<p><img decoding=\"async\" src=\"https:\/\/www.hydraulic-cylinders.net\/wp-content\/uploads\/2025\/01\/songte-company-2.webp\"> <\/p>\n<p>Funkcijas<\/p>\n<p>Sviru cilindriem ir vair\u0101kas \u012bpa\u0161\u012bbas, kas padara tos ide\u0101li piem\u0113rotus lieto\u0161anai da\u017e\u0101da veida ma\u0161\u012bn\u0101s. Da\u017eas no \u0161\u012bm \u012bpa\u0161\u012bb\u0101m ir \u0161\u0101das:<\/p>\n<p>1. Augstas efektivit\u0101tes transmisija: Sviras cilindri nodro\u0161ina jaud\u012bgu line\u0101ru kust\u012bbu un sp\u0113ku, garant\u0113jot augstu efektivit\u0101ti ma\u0161\u012bnu darb\u012bb\u0101.<\/p>\n<p>2. Prec\u012bza vad\u012bba: Sviru cilindri var pan\u0101kt prec\u012bzu kust\u012bbas vad\u012bbu, izmantojot hidraulisk\u0101s sist\u0113mas, padarot instrumentu darb\u012bbu elast\u012bg\u0101ku un prec\u012bz\u0101ku.<\/p>\n<p>3. Iztur\u012bba: Sviru cilindri parasti ir izgatavoti no augstas iztur\u012bbas materi\u0101liem, kas nodro\u0161ina labu nodilumiztur\u012bbu un iztur\u012bbu pret koroziju, padarot tos piem\u0113rotus ilgsto\u0161ai lieto\u0161anai skarbos apst\u0101k\u013cos.<\/p>\n<p>4. Daudzfunkcion\u0101la piel\u0101go\u0161an\u0101s sp\u0113ja: \u0161os cilindrus var pla\u0161i izmantot da\u017e\u0101da veida meh\u0101nisk\u0101s iek\u0101rt\u0101s, piem\u0113ram, ekskavatoros, celt\u0146os un meh\u0101niskaj\u0101s svir\u0101s, lai piel\u0101gotos da\u017e\u0101d\u0101m darba pras\u012bb\u0101m.<\/p>\n<p>5. Vienk\u0101r\u0161a apkope: Sviru cilindru konstrukcija ir veidota, \u0146emot v\u0113r\u0101 apkopes un nomai\u0146as vienk\u0101r\u0161\u012bbu, padarot regul\u0101ru p\u0101rbaudi un apkopi \u0113rt\u0101ku un samazinot iek\u0101rtu d\u012bkst\u0101ves laiku.<\/p>\n<p>M\u0113s varam ra\u017eot \u0161o produktu, un m\u016bsu produkts var lieliski aizst\u0101t \u0161os hidrauliskos cilindrus.<\/p>\n<p><img decoding=\"async\" src=\"https:\/\/www.hydraulic-cylinders.net\/wp-content\/uploads\/2025\/01\/songte-oil-pipes-and-spare-parts.webp\"><\/p>\n<p>Pieteikumi<\/p>\n<p>Sviru cilindri tiek pla\u0161i izmantoti da\u017e\u0101d\u0101s nozar\u0113s, tostarp:<\/p>\n<p>1. B\u016bvniec\u012bbas in\u017eenierija: Ekskavatoros un celt\u0146os str\u0113les cilindri kontrol\u0113 kausa vai str\u0113les kust\u012bbu zemes darbu, materi\u0101lu apstr\u0101des un konstrukciju uzst\u0101d\u012b\u0161anas laik\u0101.<\/p>\n<p>2. Ra\u017eo\u0161ana: Automatiz\u0113t\u0101s ra\u017eo\u0161anas l\u012bnij\u0101s sviru cilindri kontrol\u0113 meh\u0101nisk\u0101s sviras kust\u012bbu mont\u0101\u017eas, metin\u0101\u0161anas un apstr\u0101des laik\u0101, uzlabojot ra\u017eo\u0161anas efektivit\u0101ti un precizit\u0101ti.<\/p>\n<p>3. Lauksaimniec\u012bbas tehnika: Lauksaimniec\u012bbas tehnik\u0101, piem\u0113ram, kombainos un s\u0113jma\u0161\u012bn\u0101s, sviras cilindri kontrol\u0113 vad\u012bbas sviras kust\u012bbu, veicot t\u0101dus uzdevumus k\u0101 st\u0101d\u012b\u0161ana, m\u0113slo\u0161ana un ra\u017eas nov\u0101k\u0161ana.<\/p>\n<p>4. Kalnr\u016bpniec\u012bba: Kalnr\u016bpniec\u012bbas iek\u0101rt\u0101s sviras cilindri kontrol\u0113 kalnr\u016bpniec\u012bbas iek\u0101rtas sviras kust\u012bbu, veicot t\u0101dus uzdevumus k\u0101 kalnr\u016bpniec\u012bba un materi\u0101lu apstr\u0101de.<\/p>\n<p>5. Lo\u0123istika un transport\u0113\u0161ana: Iekr\u0101v\u0113jos un apstr\u0101des robotos roku cilindri kontrol\u0113 kravas pacel\u0161anu un p\u0101rvieto\u0161anu, realiz\u0113jot materi\u0101lu apstr\u0101di un sakrau\u0161anu.<\/p>\n<p>Dizaina apsv\u0113rumi un atlases krit\u0113riji<\/p>\n<p>Sviru cilindri ir konstru\u0113ti t\u0101, lai iztur\u0113tu lielas slodzes un nodro\u0161in\u0101tu efekt\u012bvu ma\u0161\u012bnu darb\u012bbu. Vair\u0101ki galvenie projekt\u0113\u0161anas apsv\u0113rumi un izv\u0113les krit\u0113riji ietver:<\/p>\n<p>1. Nestsp\u0113ja: Sviru cilindriem j\u0101sp\u0113j iztur\u0113t to ma\u0161\u012bnu slodzes, kur\u0101s tie tiek izmantoti.<\/p>\n<p>2. Bl\u012bv\u0113jums: Sviru cilindriem ir j\u0101b\u016bt ar labu bl\u012bv\u0113juma veiktsp\u0113ju, lai nov\u0113rstu hidraulisk\u0101s e\u013c\u013cas nopl\u016bdi un uzlabotu darb\u012bbas efektivit\u0101ti.<\/p>\n<p>3. Iztur\u012bba: Sviru cilindriem j\u0101b\u016bt iztur\u012bgiem, izgatavotiem no augstas stipr\u012bbas materi\u0101liem, kas ir iztur\u012bgi pret nodilumu un koroziju.<\/p>\n<p>4. Dro\u0161\u012bba: Sviru cilindriem j\u0101b\u016bt konstru\u0113tiem, \u0146emot v\u0113r\u0101 dro\u0161\u012bbu, tostarp t\u0101d\u0101m funkcij\u0101m k\u0101 spiediena samazin\u0101\u0161anas v\u0101rsti un poz\u012bcijas ierobe\u017eojuma sl\u0113d\u017ei.<\/p>\n<p>5. Apkope: Sviru cilindriem j\u0101b\u016bt viegli kopjamiem, ar t\u0101d\u0101m funkcij\u0101m k\u0101 no\u0146emami gala v\u0101ci\u0146i un viegli nomain\u0101mas deta\u013cas.<\/p>\n<p><img decoding=\"async\" src=\"https:\/\/www.hydraulic-cylinders.net\/wp-content\/uploads\/2025\/01\/songte-cylinder-head-with-all-kinds-excavator-models.webp\"><\/p>\n<p>Bl\u012bv\u0113\u0161ana un e\u013c\u013co\u0161ana<\/p>\n<p>Sviru cilindros tiek izmantoti da\u017e\u0101di bl\u012bv\u0113\u0161anas komponenti, piem\u0113ram, virzu\u013ca bl\u012bvsl\u0113gi \u200b\u200bun stie\u0146u bl\u012bvsl\u0113gi, kas ir izgatavoti no nodilumiztur\u012bgiem materi\u0101liem, piem\u0113ram, poliuret\u0101na un nitrila gumijas. Cilindra korpuss un v\u012btnes gala virsmas ir smalki apstr\u0101d\u0101tas, lai uzlabotu nodilumiztur\u012bbu. Sviru cilindriem nepiecie\u0161ama regul\u0101ra e\u013c\u013co\u0161ana ar hidraulisko e\u013c\u013cu, lai nodro\u0161in\u0101tu vienm\u0113r\u012bgu darb\u012bbu un nov\u0113rstu bl\u012bv\u0113jumu boj\u0101jumus.<\/p>\n<p>Regul\u0101ra p\u0101rbaude un profilaktisk\u0101 apkope<\/p>\n<p>Lai nodro\u0161in\u0101tu pareizu sviru cilindru darb\u012bbu, nepiecie\u0161ama regul\u0101ra p\u0101rbaude un profilaktisk\u0101 apkope. P\u0101rbaud\u0113 j\u0101iek\u013cauj nopl\u016b\u017eu, bl\u012bv\u0113jumu boj\u0101jumu un virzu\u013cu stie\u0146u nodiluma p\u0101rbaude. Prevent\u012bv\u0101s apkopes pas\u0101kumi ietver cilindra t\u012br\u012bbas uztur\u0113\u0161anu, atbilsto\u0161as \u200b\u200bsm\u0113rvielas izmanto\u0161anu un nodilu\u0161o deta\u013cu nomai\u0146u.<\/p>\n<p>Pareiza produkta uzst\u0101d\u012b\u0161ana<\/p>\n<p>Pareiza uzst\u0101d\u012b\u0161ana ir \u013coti svar\u012bga, lai nodro\u0161in\u0101tu pareizu sviras cilindru darb\u012bbu. Uzst\u0101d\u012b\u0161anai j\u0101atbilst ra\u017eot\u0101ja nor\u0101d\u012bjumiem un j\u0101ietver cilindra pareiza izl\u012bdzin\u0101\u0161ana, dro\u0161a mont\u0101\u017ea un pareizi savienojumi.<\/p>\n<p><img decoding=\"async\" src=\"https:\/\/www.hydraulic-cylinders.net\/wp-content\/uploads\/2025\/01\/songte-bushings-with-all-kinds-of-excavator-models.webp\"><\/p>\n<p>Dro\u0161\u012bbas apsv\u0113rumi un vides faktori<\/p>\n<p>Dro\u0161\u012bbas apsv\u0113rumi ir \u013coti svar\u012bgi, lietojot sviras cilindrus, tostarp dro\u0161\u012bbas funkciju, piem\u0113ram, spiediena samazin\u0101\u0161anas v\u0101rstu un poz\u012bcijas ierobe\u017eojuma sl\u0113d\u017eu, izmanto\u0161ana. Vides faktori, piem\u0113ram, temperat\u016bra un mitrums, var ietekm\u0113t sviras cilindru darb\u012bbu, un tie j\u0101\u0146em v\u0113r\u0101 uzst\u0101d\u012b\u0161anas un lieto\u0161anas laik\u0101.<\/p>\n<p>Probl\u0113mu nov\u0113r\u0161ana un bie\u017ei sastopamas probl\u0113mas<\/p>\n<p>Bie\u017ei sastopamas probl\u0113mas ar sviru cilindriem ir nopl\u016bdes, kust\u012bbas trauc\u0113jumi un bl\u012bv\u0113jumu vai virzu\u013ca stie\u0146u boj\u0101jumi. Probl\u0113mu nov\u0113r\u0161anas pas\u0101kumi ietver nopl\u016b\u017eu p\u0101rbaudi, bl\u012bv\u0113jumu un virzu\u013ca stie\u0146u apskati un pareizas e\u013c\u013co\u0161anas nodro\u0161in\u0101\u0161anu.<\/p>\n<p>Produkta ra\u017eot\u0101js<\/p>\n<p>M\u0113s esam profesion\u0101ls rezerves hidraulisko cilindru ra\u017eot\u0101js, kas pied\u0101v\u0101 pla\u0161u produktu kl\u0101stu un ir k\u013cuvis par vienu no vado\u0161ajiem hidraulisko cilindru ra\u017eot\u0101jiem un vairumtirgot\u0101jiem viet\u0113j\u0101 un \u0101rvalstu tirgos. M\u0113s vienm\u0113r iev\u0113rojam izcilas kvalit\u0101tes principu un pa\u013caujamies uz industrializ\u0113t\u0101m ra\u017eo\u0161anas vad\u012bbas strat\u0113\u0123ij\u0101m, izmantojot izsmalcin\u0101tas ra\u017eo\u0161anas darbn\u012bcas, lai nep\u0101rtraukti uzlabotu m\u016bsu tehnolo\u0123ijas un ra\u017eo\u0161anas efektivit\u0101ti. M\u016bsu m\u0113r\u0137is ir apmierin\u0101t klientu vajadz\u012bbas ar augstu efektivit\u0101ti, precizit\u0101ti un augstu kvalit\u0101ti.<\/p>\n<p>M\u0113s pied\u0101v\u0101jam profesion\u0101lus un piel\u0101gotus pakalpojumus, starptautiskus sertifik\u0101tus, modernu ra\u017eo\u0161anas apr\u012bkojumu un visaptvero\u0161us p\u0113cp\u0101rdo\u0161anas pakalpojumus.<\/p>\n<p><img decoding=\"async\" src=\"https:\/\/www.hydraulic-cylinders.net\/wp-content\/uploads\/2025\/01\/songte-company-4.webp\"> <\/p>\n<p>Autors: lil<\/p>","protected":false},"excerpt":{"rendered":"<p>Arm Cylinder For Bonny CE2200-7 The arm cylinder is a specially designed hydraulic cylinder that is primarily used to provide linear motion and power to the arms of various types of machinery, such as excavators, cranes, and mechanical arms. Arm cylinders play a crucial role in hydraulic systems, enabling additional tools or attachments to move [&hellip;]<\/p>","protected":false},"featured_media":14774,"comment_status":"open","ping_status":"closed","template":"","meta":{"_et_pb_use_builder":"","_et_pb_old_content":"","_et_gb_content_width":""},"product_brand":[],"product_cat":[1497],"product_tag":[1498,1496],"class_list":{"0":"post-16862","1":"product","2":"type-product","3":"status-publish","4":"has-post-thumbnail","6":"product_cat-arm-cylinders","7":"product_tag-arm-cylinders","8":"product_tag-hydraulic-cylinders","10":"first","11":"instock","12":"shipping-taxable","13":"product-type-simple"},"amp_enabled":true,"_links":{"self":[{"href":"https:\/\/www.hydraulic-cylinders.net\/lv\/wp-json\/wp\/v2\/product\/16862","targetHints":{"allow":["GET"]}}],"collection":[{"href":"https:\/\/www.hydraulic-cylinders.net\/lv\/wp-json\/wp\/v2\/product"}],"about":[{"href":"https:\/\/www.hydraulic-cylinders.net\/lv\/wp-json\/wp\/v2\/types\/product"}],"replies":[{"embeddable":true,"href":"https:\/\/www.hydraulic-cylinders.net\/lv\/wp-json\/wp\/v2\/comments?post=16862"}],"wp:featuredmedia":[{"embeddable":true,"href":"https:\/\/www.hydraulic-cylinders.net\/lv\/wp-json\/wp\/v2\/media\/14774"}],"wp:attachment":[{"href":"https:\/\/www.hydraulic-cylinders.net\/lv\/wp-json\/wp\/v2\/media?parent=16862"}],"wp:term":[{"taxonomy":"product_brand","embeddable":true,"href":"https:\/\/www.hydraulic-cylinders.net\/lv\/wp-json\/wp\/v2\/product_brand?post=16862"},{"taxonomy":"product_cat","embeddable":true,"href":"https:\/\/www.hydraulic-cylinders.net\/lv\/wp-json\/wp\/v2\/product_cat?post=16862"},{"taxonomy":"product_tag","embeddable":true,"href":"https:\/\/www.hydraulic-cylinders.net\/lv\/wp-json\/wp\/v2\/product_tag?post=16862"}],"curies":[{"name":"wp","href":"https:\/\/api.w.org\/{rel}","templated":true}]}}