{"id":16865,"date":"2025-01-21T06:09:03","date_gmt":"2025-01-21T06:09:03","guid":{"rendered":"https:\/\/www.hydraulic-cylinders.net\/product\/arm-cylinder-for-bonny-ced1250-7\/"},"modified":"2025-01-21T06:09:05","modified_gmt":"2025-01-21T06:09:05","slug":"arm-cylinder-for-bonny-ced1250-7","status":"publish","type":"product","link":"https:\/\/www.hydraulic-cylinders.net\/lv\/products\/arm-cylinder-for-bonny-ced1250-7\/","title":{"rendered":"Sviras cilindrs Bonny CED1250-7"},"content":{"rendered":"<h1>Sviras cilindrs Bonny CED1250-7<\/h1>\n<h2>Ievads<\/h2>\n<p>Sviras cilindrs ir speci\u0101li izstr\u0101d\u0101ts hidrauliskais cilindrs, kas nodro\u0161ina line\u0101ru kust\u012bbu un jaudu da\u017e\u0101du veidu ma\u0161\u012bnu, piem\u0113ram, ekskavatoru, celt\u0146u un robotiz\u0113tu roku, svirai. Tam ir iz\u0161\u0137iro\u0161a noz\u012bme hidrauliskaj\u0101s sist\u0113m\u0101s, \u013caujot efekt\u012bvi p\u0101rvietot un kontrol\u0113t pielikumus vai piederumus. \u0160ie cilindri ne tikai nodro\u0161ina vienm\u0113r\u012bgu kust\u012bbu, bet ar\u012b iztur lielas slodzes, nodro\u0161inot ma\u0161\u012bnu efekt\u012bvu darb\u012bbu un uzticam\u012bbu da\u017e\u0101dos darba apst\u0101k\u013cos.<\/p>\n<p><img decoding=\"async\" src=\"https:\/\/www.hydraulic-cylinders.net\/wp-content\/uploads\/2025\/01\/songte-company-2.webp\"><\/p>\n<h2>Funkcijas<\/h2>\n<ul>\n<li><strong>Augstas efektivit\u0101tes transmisija:<\/strong> Rokas cilindrs nodro\u0161ina jaud\u012bgu line\u0101ru kust\u012bbu un sp\u0113ku, garant\u0113jot robotiz\u0113t\u0101s rokas augstas veiktsp\u0113jas iesp\u0113jas da\u017e\u0101d\u0101s oper\u0101cij\u0101s.<\/li>\n<li><strong>Prec\u012bza kontrole:<\/strong> Izmantojot hidraulisko sist\u0113mu, sviras cilindrs nodro\u0161ina prec\u012bzu kust\u012bbas vad\u012bbu, padarot agreg\u0101tu darb\u012bbu elast\u012bg\u0101ku un prec\u012bz\u0101ku.<\/li>\n<li><strong>Iztur\u012bba:<\/strong> Sviru cilindri parasti ir izgatavoti no augstas iztur\u012bbas materi\u0101liem, kas nodro\u0161ina izcilu nodilumiztur\u012bbu un korozijas iztur\u012bbu, t\u0101p\u0113c ir piem\u0113roti ilgsto\u0161ai lieto\u0161anai skarbos apst\u0101k\u013cos.<\/li>\n<li><strong>Daudzpus\u012bga piel\u0101go\u0161an\u0101s sp\u0113ja:<\/strong> \u0160os cilindrus var pla\u0161i pielietot da\u017e\u0101d\u0101m ma\u0161\u012bn\u0101m, piem\u0113ram, ekskavatoriem, celt\u0146iem un robotiz\u0113t\u0101m rok\u0101m, piel\u0101gojoties da\u017e\u0101d\u0101m darba pras\u012bb\u0101m.<\/li>\n<li><strong>Vienk\u0101r\u0161a apkope:<\/strong> Izstr\u0101d\u0101ts, \u0146emot v\u0113r\u0101 apkopes un nomai\u0146as vienk\u0101r\u0161\u012bbu, regul\u0101ras p\u0101rbaudes un apkope ir \u0113rtas, samazinot iek\u0101rtu d\u012bkst\u0101ves laiku.<\/li>\n<\/ul>\n<p><img decoding=\"async\" src=\"https:\/\/www.hydraulic-cylinders.net\/wp-content\/uploads\/2025\/01\/songte-oil-pipes-and-spare-parts.webp\"><\/p>\n<h2>Pieteikumi<\/h2>\n<p>Sviras cilindrs tiek izmantots da\u017e\u0101d\u0101s nozar\u0113s:<\/p>\n<ul>\n<li><strong>B\u016bvniec\u012bbas in\u017eenierija:<\/strong> Ekskavatoros un celt\u0146os sviras cilindrs kontrol\u0113 kausu vai str\u0113les kust\u012bbu zemes darbos, materi\u0101lu apstr\u0101d\u0113 un konstrukciju uzst\u0101d\u012b\u0161an\u0101.<\/li>\n<li><strong>Ra\u017eo\u0161ana:<\/strong> Automatiz\u0113t\u0101s ra\u017eo\u0161anas l\u012bnij\u0101s rokas cilindrs nodro\u0161ina robotiz\u0113to roku kust\u012bbu t\u0101dos procesos k\u0101 mont\u0101\u017ea, metin\u0101\u0161ana un apstr\u0101de, palielinot ra\u017eo\u0161anas efektivit\u0101ti un precizit\u0101ti.<\/li>\n<li><strong>Lauksaimniec\u012bbas tehnika:<\/strong> Lauksaimniec\u012bbas tehnik\u0101, piem\u0113ram, kombainos un s\u0113jma\u0161\u012bn\u0101s, sviras cilindrs kontrol\u0113 vad\u012bbas sviru kust\u012bbu t\u0101diem uzdevumiem k\u0101 st\u0101d\u012b\u0161ana, m\u0113slo\u0161ana un ra\u017eas nov\u0101k\u0161ana.<\/li>\n<li><strong>Kalnr\u016bpniec\u012bba:<\/strong> Kalnr\u016bpniec\u012bbas iek\u0101rt\u0101s rokas cilindrs kontrol\u0113 kalnr\u016bpniec\u012bbas ma\u0161\u012bnu rokas kust\u012bbu r\u016bdas ieguvei un transport\u0113\u0161anai.<\/li>\n<li><strong>Lo\u0123istika un transports:<\/strong> Iekr\u0101v\u0113jos un apstr\u0101des robotos rokas cilindrs kontrol\u0113 dak\u0161u pacel\u0161anu un kust\u012bbu, atvieglojot materi\u0101lu apstr\u0101di un sakrau\u0161anu.<\/li>\n<\/ul>\n<h2>Dizaina apsv\u0113rumi un atlases krit\u0113riji<\/h2>\n<p>Projekt\u0113jot sviras cilindru, tiek \u0146emti v\u0113r\u0101 vair\u0101ki faktori un izv\u0113les krit\u0113riji:<\/p>\n<ul>\n<li><strong>Nestsp\u0113ja:<\/strong> Sviras cilindrs ir konstru\u0113ts t\u0101, lai iztur\u0113tu nepiecie\u0161amo slodzi un nodro\u0161in\u0101tu nepiecie\u0161amo jaudu konkr\u0113tajam pielietojumam.<\/li>\n<li><strong>Bl\u012bv\u0113jums:<\/strong> Lai nodro\u0161in\u0101tu efekt\u012bvu bl\u012bv\u0113\u0161anu, tiek izmantoti da\u017e\u0101di bl\u012bv\u0113\u0161anas komponenti, piem\u0113ram, virzu\u013ca bl\u012bvsl\u0113gi \u200b\u200bun stie\u0146a bl\u012bvsl\u0113gi. \u0160ie bl\u012bvsl\u0113gi \u200b\u200bir izgatavoti no nodilumiztur\u012bgiem materi\u0101liem, piem\u0113ram, poliuret\u0101na un nitrila gumijas.<\/li>\n<li><strong>Iztur\u012bba:<\/strong> Cilindra korpuss un v\u012bt\u0146otie gali tiek r\u016bp\u012bgi apstr\u0101d\u0101ti, lai uzlabotu nodilumiztur\u012bbu.<\/li>\n<li><strong>Dro\u0161\u012bba:<\/strong> Projekt\u0113\u0161an\u0101 ir iek\u013cauti dro\u0161\u012bbas apsv\u0113rumi, lai nov\u0113rstu negad\u012bjumus un nodro\u0161in\u0101tu operatoru un apk\u0101rt\u0113j\u0101 person\u0101la dro\u0161\u012bbu.<\/li>\n<li><strong>Uzturam\u012bba:<\/strong> Sviras cilindrs ir konstru\u0113ts t\u0101, lai atvieglotu apkopi un nomai\u0146u, samazinot d\u012bkst\u0101ves laiku regul\u0101ru p\u0101rbau\u017eu un apkopes laik\u0101.<\/li>\n<\/ul>\n<p><img decoding=\"async\" src=\"https:\/\/www.hydraulic-cylinders.net\/wp-content\/uploads\/2025\/01\/songte-cylinder-head-with-all-kinds-excavator-models.webp\"><\/p>\n<h2>Bl\u012bv\u0113\u0161ana un e\u013c\u013co\u0161ana<\/h2>\n<p>Lai uztur\u0113tu efekt\u012bvu bl\u012bv\u0113jumu sviras cilindr\u0101, tiek izmantoti da\u017e\u0101di bl\u012bv\u0113\u0161anas komponenti, piem\u0113ram, virzu\u013ca bl\u012bvsl\u0113gi \u200b\u200bun stie\u0146a bl\u012bvsl\u0113gi. \u0160ie bl\u012bvsl\u0113gi \u200b\u200bir izgatavoti no nodilumiztur\u012bgiem materi\u0101liem, piem\u0113ram, poliuret\u0101na un nitrila gumijas. Cilindra korpuss un v\u012bt\u0146otie gali tiek r\u016bp\u012bgi apstr\u0101d\u0101ti, lai uzlabotu nodilumiztur\u012bbu. Lai nodro\u0161in\u0101tu vienm\u0113r\u012bgu darb\u012bbu un pagarin\u0101tu cilindra kalpo\u0161anas laiku, ir nepiecie\u0161ama regul\u0101ra e\u013c\u013co\u0161ana ar atbilsto\u0161u hidraulisko e\u013c\u013cu.<\/p>\n<h2>Apkope un prevent\u012bvie pas\u0101kumi<\/h2>\n<p>Lai nodro\u0161in\u0101tu optim\u0101lu rokas cilindra darb\u012bbu un ilgm\u016b\u017e\u012bbu, j\u0101veic regul\u0101ras p\u0101rbaudes un profilaktisk\u0101 apkope. Da\u017ei pas\u0101kumi, kas j\u0101apsver, ir \u0161\u0101di:<\/p>\n<ul>\n<li>Regul\u0101ri p\u0101rbaudiet, vai bl\u012bv\u0113juma komponentiem nav nopl\u016b\u017eu, boj\u0101jumu vai nodiluma.<\/li>\n<li>Uzraudz\u012bt un uztur\u0113t atbilsto\u0161u hidraulisk\u0101s e\u013c\u013cas l\u012bmeni un kvalit\u0101ti.<\/li>\n<li>P\u0101rbaudiet un not\u012briet cilindra korpusu un v\u012bt\u0146otos galus, lai nov\u0113rstu pies\u0101r\u0146ojumu.<\/li>\n<li>Pievelciet visus va\u013c\u012bgos savienojumus vai stiprin\u0101jumus.<\/li>\n<li>Iev\u0113rojiet ra\u017eot\u0101ja vadl\u012bnijas un ieteikumus attiec\u012bb\u0101 uz apkopes grafikiem un proced\u016br\u0101m.<\/li>\n<\/ul>\n<h2>Uzst\u0101d\u012b\u0161anas vadl\u012bnijas<\/h2>\n<p>Pareiza sviras cilindra uzst\u0101d\u012b\u0161ana ir \u013coti svar\u012bga t\u0101 veiktsp\u0113jai un dro\u0161\u012bbai. Iev\u0113rojiet \u0161\u012bs vadl\u012bnijas:<\/p>\n<ul>\n<li>P\u0101rliecinieties, vai cilindrs ir pareizi izl\u012bdzin\u0101ts un dro\u0161i nostiprin\u0101ts.<\/li>\n<li>Izmantojiet atbilsto\u0161us mont\u0101\u017eas kron\u0161teinus un stiprin\u0101jumus.<\/li>\n<li>P\u0101rliecinieties, vai visi savienojumi ir k\u0101rt\u012bgi pievilkti.<\/li>\n<li>Instal\u0113\u0161anas laik\u0101 p\u0101rbaudiet, vai nav nek\u0101du trauc\u0113jumu vai atstarpes probl\u0113mu.<\/li>\n<li>S\u012bk\u0101ku inform\u0101ciju skatiet ra\u017eot\u0101ja uzst\u0101d\u012b\u0161anas instrukcij\u0101s.<\/li>\n<\/ul>\n<p><img decoding=\"async\" src=\"https:\/\/www.hydraulic-cylinders.net\/wp-content\/uploads\/2025\/01\/songte-bushings-with-all-kinds-of-excavator-models.webp\"><\/p>\n<h2>Dro\u0161\u012bbas apsv\u0113rumi un vides faktori<\/h2>\n<p>Str\u0101d\u0101jot ar sviras cilindriem, dro\u0161\u012bbas pas\u0101kumu noz\u012bmi nevar p\u0101rv\u0113rt\u0113t. Atbilsto\u0161u dro\u0161\u012bbas protokolu un atbilsto\u0161a aizsargapr\u012bkojuma lieto\u0161ana ir b\u016btiska, lai nov\u0113rstu negad\u012bjumus un nodro\u0161in\u0101tu person\u0101la labsaj\u016btu. Turkl\u0101t ir svar\u012bgi \u0146emt v\u0113r\u0101 vides faktorus un iev\u0113rot noteikumus, kas saist\u012bti ar hidraulisko sist\u0113mu un iek\u0101rtu lieto\u0161anu.<\/p>\n<h2>K\u013c\u016bmju diagnostika un bie\u017e\u0101k sastopam\u0101s probl\u0113mas<\/h2>\n<p>Da\u017eas bie\u017ei sastopamas probl\u0113mas un probl\u0113mu nov\u0113r\u0161anas padomi, kas saist\u012bti ar sviru cilindriem, ir \u0161\u0101di:<\/p>\n<ul>\n<li>Nopl\u016bde: P\u0101rbaudiet, vai nav boj\u0101tu bl\u012bv\u0113jumu vai va\u013c\u012bgu savienojumu. Nomainiet vai pievelciet, ja nepiecie\u0161ams.<\/li>\n<li>Nepietiekama jauda: P\u0101rliecinieties, vai hidrauliskaj\u0101 sist\u0113m\u0101 ir atbilsto\u0161s spiediens. P\u0101rbaudiet, vai sist\u0113m\u0101 nav aizsprostojumu vai ierobe\u017eojumu.<\/li>\n<li>Neparasts troksnis: Izp\u0113tiet iesp\u0113jam\u0101s probl\u0113mas ar virzuli, stieni vai cit\u0101m kust\u012bg\u0101m sast\u0101vda\u013c\u0101m. Iee\u013c\u013cojiet p\u0113c nepiecie\u0161am\u012bbas.<\/li>\n<li>L\u0113na kust\u012bba: p\u0101rbaudiet, vai nav boj\u0101tas bl\u012bves, zems hidraulisk\u0101s e\u013c\u013cas l\u012bmenis vai nepietiekams hidrauliskais spiediens.<\/li>\n<\/ul>\n<p>Iev\u0113rojot \u0161os probl\u0113mu nov\u0113r\u0161anas padomus un prevent\u012bvos pas\u0101kumus, las\u012bt\u0101ji var efekt\u012bvi diagnostic\u0113t un nov\u0113rst bie\u017ei sastopamas probl\u0113mas, samazinot iesp\u0113jam\u0101s probl\u0113mas un to ietekmi.<\/p>\n<p><img decoding=\"async\" src=\"https:\/\/www.hydraulic-cylinders.net\/wp-content\/uploads\/2025\/01\/songte-chushion-collar.webp\"><\/p>\n<h2>Par mums<\/h2>\n<p>M\u0113s esam profesion\u0101ls rezerves hidraulisko cilindru ra\u017eot\u0101js, kas pied\u0101v\u0101 pla\u0161u produktu kl\u0101stu. Esam k\u013cuvu\u0161i par vienu no vado\u0161ajiem hidraulisko cilindru ra\u017eot\u0101jiem un vairumtirdzniec\u012bbas izplat\u012bt\u0101jiem viet\u0113j\u0101 un starptautiskaj\u0101 tirg\u016b. M\u016bsu ap\u0146em\u0161an\u0101s nodro\u0161in\u0101t izcil\u012bbu kvalit\u0101t\u0113 atspogu\u013cojas m\u016bsu industrializ\u0113taj\u0101s ra\u017eo\u0161anas vad\u012bbas strat\u0113\u0123ij\u0101s un modern\u0101kaj\u0101s ra\u017eo\u0161anas darbn\u012bc\u0101s. Ievie\u0161ot modernu digit\u0101lo ra\u017eo\u0161anas apr\u012bkojumu un profesion\u0101las test\u0113\u0161anas sist\u0113mas, m\u0113s nep\u0101rtraukti optimiz\u0113jam savu ra\u017eo\u0161anas platformu un uzlabojam produktu kvalit\u0101tes kontroles procesus. Mums piem\u012bt sp\u0113c\u012bgas inov\u0101ciju sp\u0113jas, un m\u0113s cen\u0161amies apmierin\u0101t m\u016bsu klientu da\u017e\u0101d\u0101s vajadz\u012bbas ar efektivit\u0101ti, precizit\u0101ti un augstas kvalit\u0101tes produktiem.<\/p>\n<p><img decoding=\"async\" src=\"https:\/\/www.hydraulic-cylinders.net\/wp-content\/uploads\/2025\/01\/songte-company-4.webp\"><br \/>\n<img decoding=\"async\" src=\"https:\/\/www.hydraulic-cylinders.net\/wp-content\/uploads\/2025\/01\/songte-company-3.webp\"><\/p>\n<p>K\u0101 uz\u0146\u0113mums m\u0113s lepojamies ar savu profesionalit\u0101ti, starptautiskajiem sertifik\u0101tiem, pas\u016bt\u012bjuma pakalpojumiem, ra\u017eo\u0161anas apr\u012bkojumu un p\u0113cp\u0101rdo\u0161anas atbalstu. M\u0113s esam ap\u0146\u0113mu\u0161ies nodro\u0161in\u0101t izcilu klientu apmierin\u0101t\u012bbu, pied\u0101v\u0101jot uzticamus un augstas kvalit\u0101tes hidrauliskos cilindrus, kas atbilst augst\u0101kajiem nozares standartiem.<\/p>\n<p>Autors: lil<\/p>","protected":false},"excerpt":{"rendered":"<p>Arm Cylinder For Bonny CED1250-7 Introduction The arm cylinder is a specially designed hydraulic cylinder that provides linear motion and power to the arm of various types of machinery, such as excavators, cranes, and robotic arms. It plays a crucial role in hydraulic systems, allowing for the efficient movement and control of attachments or accessories. [&hellip;]<\/p>","protected":false},"featured_media":14766,"comment_status":"open","ping_status":"closed","template":"","meta":{"_et_pb_use_builder":"","_et_pb_old_content":"","_et_gb_content_width":""},"product_brand":[],"product_cat":[1497],"product_tag":[1498,1496],"class_list":{"0":"post-16865","1":"product","2":"type-product","3":"status-publish","4":"has-post-thumbnail","6":"product_cat-arm-cylinders","7":"product_tag-arm-cylinders","8":"product_tag-hydraulic-cylinders","10":"first","11":"instock","12":"shipping-taxable","13":"product-type-simple"},"amp_enabled":true,"_links":{"self":[{"href":"https:\/\/www.hydraulic-cylinders.net\/lv\/wp-json\/wp\/v2\/product\/16865","targetHints":{"allow":["GET"]}}],"collection":[{"href":"https:\/\/www.hydraulic-cylinders.net\/lv\/wp-json\/wp\/v2\/product"}],"about":[{"href":"https:\/\/www.hydraulic-cylinders.net\/lv\/wp-json\/wp\/v2\/types\/product"}],"replies":[{"embeddable":true,"href":"https:\/\/www.hydraulic-cylinders.net\/lv\/wp-json\/wp\/v2\/comments?post=16865"}],"wp:featuredmedia":[{"embeddable":true,"href":"https:\/\/www.hydraulic-cylinders.net\/lv\/wp-json\/wp\/v2\/media\/14766"}],"wp:attachment":[{"href":"https:\/\/www.hydraulic-cylinders.net\/lv\/wp-json\/wp\/v2\/media?parent=16865"}],"wp:term":[{"taxonomy":"product_brand","embeddable":true,"href":"https:\/\/www.hydraulic-cylinders.net\/lv\/wp-json\/wp\/v2\/product_brand?post=16865"},{"taxonomy":"product_cat","embeddable":true,"href":"https:\/\/www.hydraulic-cylinders.net\/lv\/wp-json\/wp\/v2\/product_cat?post=16865"},{"taxonomy":"product_tag","embeddable":true,"href":"https:\/\/www.hydraulic-cylinders.net\/lv\/wp-json\/wp\/v2\/product_tag?post=16865"}],"curies":[{"name":"wp","href":"https:\/\/api.w.org\/{rel}","templated":true}]}}