{"id":16868,"date":"2025-01-21T06:09:15","date_gmt":"2025-01-21T06:09:15","guid":{"rendered":"https:\/\/www.hydraulic-cylinders.net\/product\/arm-cylinder-for-bonny-ctd460-6\/"},"modified":"2025-01-21T06:09:17","modified_gmt":"2025-01-21T06:09:17","slug":"arm-cylinder-for-bonny-ctd460-6","status":"publish","type":"product","link":"https:\/\/www.hydraulic-cylinders.net\/lv\/products\/arm-cylinder-for-bonny-ctd460-6\/","title":{"rendered":"Sviras cilindrs Bonny CTD460-6"},"content":{"rendered":"<h1>Sviras cilindrs Bonny CTD460-6<\/h1>\n<h2>Ievads<\/h2>\n<p>Sviras cilindrs ir specializ\u0113ts hidrauliskais cilindrs, ko galvenok\u0101rt izmanto, lai nodro\u0161in\u0101tu line\u0101ru kust\u012bbu un jaudu da\u017e\u0101du veidu ma\u0161\u012bnu, piem\u0113ram, ekskavatoru, celt\u0146u un robotu roku, svir\u0101m. Sviras cilindram ir iz\u0161\u0137iro\u0161a noz\u012bme hidrauliskaj\u0101s sist\u0113m\u0101s, \u013caujot efekt\u012bvi p\u0101rvietot un kontrol\u0113t pievienotos instrumentus vai piederumus. \u0160ie cilindri ne tikai nodro\u0161ina vienm\u0113r\u012bgu kust\u012bbu, bet ar\u012b iztur lielas slodzes, nodro\u0161inot ma\u0161\u012bnu efekt\u012bvu darb\u012bbu un uzticam\u012bbu da\u017e\u0101dos darba apst\u0101k\u013cos.<\/p>\n<p><img decoding=\"async\" src=\"https:\/\/www.hydraulic-cylinders.net\/wp-content\/uploads\/2025\/01\/songte-company-2.webp\"><\/p>\n<h2>Funkcijas<\/h2>\n<ul>\n<li>\n<h3>Efekt\u012bva jaudas p\u0101rvade:<\/h3>\n<p> Sviras cilindrs nodro\u0161ina sp\u0113c\u012bgu line\u0101ru kust\u012bbu un jaudu, garant\u0113jot tehnikas augstu efektivit\u0101ti.<\/li>\n<li>\n<h3>Prec\u012bza kontrole:<\/h3>\n<p> Izmantojot hidraulisko sist\u0113mu, rokas cilindrs var pan\u0101kt prec\u012bzu kust\u012bbas kontroli, padarot pievienoto instrumentu darb\u012bbu elast\u012bg\u0101ku un prec\u012bz\u0101ku.<\/li>\n<li>\n<h3>Augsta iztur\u012bba:<\/h3>\n<p> Roku cilindri parasti ir izgatavoti no augstas iztur\u012bbas materi\u0101liem, kuriem ir laba nodilumiztur\u012bba un iztur\u012bba pret koroziju, padarot tos piem\u0113rotus ilgsto\u0161ai lieto\u0161anai skarbos apst\u0101k\u013cos.<\/li>\n<li>\n<h3>Daudzfunkcion\u0101la piel\u0101go\u0161an\u0101s sp\u0113ja:<\/h3>\n<p> \u0160os cilindrus var pla\u0161i izmantot da\u017e\u0101da veida ma\u0161\u012bn\u0101s, piem\u0113ram, ekskavatoros, celt\u0146os un robotiz\u0113t\u0101s rok\u0101s, piel\u0101gojoties da\u017e\u0101d\u0101m darba pras\u012bb\u0101m.<\/li>\n<li>\n<h3>Vienk\u0101r\u0161a apkope:<\/h3>\n<p> Projekt\u0113jot \u0146emta v\u0113r\u0101 apkopes un nomai\u0146as vienk\u0101r\u0161\u012bba, padarot regul\u0101ru p\u0101rbaudi un apkopi \u0113rt\u0101ku un samazinot iek\u0101rtu d\u012bkst\u0101ves laiku.<\/li>\n<\/ul>\n<p>M\u0113s varam ra\u017eot \u0161o produktu, un m\u016bsu produkti var lieliski aizst\u0101t \u0161os hidrauliskos cilindrus.<\/p>\n<p><img decoding=\"async\" src=\"https:\/\/www.hydraulic-cylinders.net\/wp-content\/uploads\/2025\/01\/songte-oil-pipes-and-spare-parts.webp\"><\/p>\n<h2>Pieteikumi<\/h2>\n<p>Sviru cilindri tiek izmantoti da\u017e\u0101d\u0101s nozar\u0113s un pielietojumos, tostarp:<\/p>\n<ul>\n<li>\n<h3>B\u016bvniec\u012bba:<\/h3>\n<p> Ekskavatoros un celt\u0146os str\u0113les cilindri tiek izmantoti, lai kontrol\u0113tu kausu vai str\u0113les kust\u012bbu zemes p\u0101rvieto\u0161anas, materi\u0101lu apstr\u0101des un konstrukciju uzst\u0101d\u012b\u0161anas darbos.<\/li>\n<li>\n<h3>Ra\u017eo\u0161ana:<\/h3>\n<p> Automatiz\u0113t\u0101s ra\u017eo\u0161anas l\u012bnij\u0101s roku cilindri tiek izmantoti robotiz\u0113tu roku kust\u012bbai mont\u0101\u017eas, metin\u0101\u0161anas un apstr\u0101des procesos, uzlabojot ra\u017eo\u0161anas efektivit\u0101ti un precizit\u0101ti.<\/li>\n<li>\n<h3>Lauksaimniec\u012bbas tehnika:<\/h3>\n<p> Lauksaimniec\u012bbas ma\u0161\u012bn\u0101s, piem\u0113ram, kombainos un s\u0113jma\u0161\u012bn\u0101s, sviru cilindri kontrol\u0113 darbin\u0101\u0161anas sviru kust\u012bbu, veicot t\u0101dus uzdevumus k\u0101 s\u0113\u0161ana, m\u0113slo\u0161ana un ra\u017eas nov\u0101k\u0161ana.<\/li>\n<li>\n<h3>Kalnr\u016bpniec\u012bba:<\/h3>\n<p> Kalnr\u016bpniec\u012bbas iek\u0101rt\u0101s sviru cilindrus izmanto, lai kontrol\u0113tu kalnr\u016bpniec\u012bbas iek\u0101rtu sviru kust\u012bbu r\u016bdas ieguvei un apstr\u0101dei.<\/li>\n<li>\n<h3>Lo\u0123istika un transports:<\/h3>\n<p> Iekr\u0101v\u0113jos un apstr\u0101des robotos roku cilindri tiek izmantoti, lai kontrol\u0113tu dak\u0161u pacel\u0161anu un kust\u012bbu, nodro\u0161inot materi\u0101lu apstr\u0101di un sakrau\u0161anu.<\/li>\n<\/ul>\n<h2>Dizaina apsv\u0113rumi un atlases krit\u0113riji<\/h2>\n<p>Sviras cilindra konstrukcij\u0101 tiek \u0146emti v\u0113r\u0101 t\u0101di galvenie faktori k\u0101 nestsp\u0113ja, bl\u012bv\u0113jums, iztur\u012bba, dro\u0161\u012bba un apkopes vieglums. <\/p>\n<ul>\n<li>\n<h3>Nestsp\u0113ja:<\/h3>\n<p> Sviras cilindram j\u0101sp\u0113j iztur\u0113t slodzes, kas tam tiek rad\u012btas ekspluat\u0101cijas laik\u0101, nodro\u0161inot t\u0101 vienm\u0113r\u012bgu un efekt\u012bvu darb\u012bbu.<\/li>\n<li>\n<h3>Bl\u012bv\u0113jums:<\/h3>\n<p> Cilindram j\u0101b\u016bt efekt\u012bvi nosl\u0113gtam, lai nov\u0113rstu hidraulisk\u0101 \u0161\u0137idruma nopl\u016bdi un pies\u0101r\u0146ojumu no \u0101r\u0113jiem gru\u017eiem.<\/li>\n<li>\n<h3>Iztur\u012bba:<\/h3>\n<p> Sviras cilindram j\u0101b\u016bt izgatavotam no augstas kvalit\u0101tes materi\u0101liem, kas sp\u0113j iztur\u0113t skarbos darba apst\u0101k\u013cus.<\/li>\n<li>\n<h3>Dro\u0161\u012bba:<\/h3>\n<p> Sviras cilindram j\u0101b\u016bt konstru\u0113tam t\u0101, lai nov\u0113rstu negad\u012bjumus un traumas person\u0101lam un iek\u0101rt\u0101m.<\/li>\n<li>\n<h3>Uzturam\u012bba:<\/h3>\n<p> Projekt\u0113jot j\u0101\u0146em v\u0113r\u0101 apkopes un nomai\u0146as vienk\u0101r\u0161\u012bba, d\u012bkst\u0101ves laika samazin\u0101\u0161ana un produktivit\u0101tes palielin\u0101\u0161ana.<\/li>\n<\/ul>\n<p><img decoding=\"async\" src=\"https:\/\/www.hydraulic-cylinders.net\/wp-content\/uploads\/2025\/01\/songte-cylinder-head-with-all-kinds-excavator-models.webp\"><\/p>\n<h2>Bl\u012bv\u0113\u0161ana un e\u013c\u013co\u0161ana<\/h2>\n<p>Sviru cilindros, kas izgatavoti no nodilumiztur\u012bgiem materi\u0101liem, piem\u0113ram, poliuret\u0101na un nitrila gumijas, tiek izmantoti da\u017e\u0101di bl\u012bv\u0113\u0161anas komponenti, piem\u0113ram, virzu\u013ca bl\u012bvsl\u0113gi \u200b\u200bun stie\u0146a bl\u012bvsl\u0113gi. Cilindra korpuss un v\u012bt\u0146ot\u0101s gala virsmas ir smalki apstr\u0101d\u0101tas, lai uzlabotu nodilumiztur\u012bbu. Regul\u0101ra apkope ietver atbilsto\u0161a daudzuma hidraulisk\u0101s e\u013c\u013cas pievieno\u0161anu e\u013c\u013co\u0161anai.<\/p>\n<h2>Profilaktisk\u0101 apkope un probl\u0113mu nov\u0113r\u0161ana<\/h2>\n<p>Regul\u0101ra p\u0101rbaude un profilaktisk\u0101 apkope ir b\u016btiska, lai nodro\u0161in\u0101tu sviras cilindra nevainojamu darb\u012bbu. Bie\u017ei sastopamas probl\u0113mas, piem\u0113ram, hidraulisk\u0101 \u0161\u0137idruma nopl\u016bde, cilindra nob\u012bde un samazin\u0101ta efektivit\u0101te, var diagnostic\u0113t un risin\u0101t, izmantojot atbilsto\u0161as \u200b\u200bprobl\u0113mu nov\u0113r\u0161anas metodes. Pas\u0101kumi potenci\u0101lu probl\u0113mu nov\u0113r\u0161anai ietver cilindra t\u012br\u012bbas uztur\u0113\u0161anu, pareizas uzst\u0101d\u012b\u0161anas un stiprin\u0101juma nodro\u0161in\u0101\u0161anu, k\u0101 ar\u012b ieteicamo apkopes grafiku iev\u0113ro\u0161anu.<\/p>\n<p><img decoding=\"async\" src=\"https:\/\/www.hydraulic-cylinders.net\/wp-content\/uploads\/2025\/01\/songte-chushion-collar.webp\"><\/p>\n<h2>Instal\u0101cijas rokasgr\u0101mata<\/h2>\n<p>Lai pareizi uzst\u0101d\u012btu sviras cilindru, iev\u0113rojiet ra\u017eot\u0101ja nor\u0101d\u012bjumus un iev\u0113rojiet attiec\u012bgos dro\u0161\u012bbas pas\u0101kumus. P\u0101rbaudiet apr\u012bkojuma sader\u012bbu un p\u0101rliecinieties, vai visi stiprin\u0101juma punkti ir dro\u0161i un lab\u0101 st\u0101vokl\u012b. Pirms lieto\u0161anas veiciet funkcion\u0101lo p\u0101rbaudi, lai nodro\u0161in\u0101tu cilindra pareizu darb\u012bbu.<\/p>\n<h2>Par mums<\/h2>\n<p>M\u0113s esam profesion\u0101ls rezerves hidraulisko cilindru ra\u017eot\u0101js ar pla\u0161u produktu kl\u0101stu un viens no vado\u0161ajiem hidraulisko cilindru ra\u017eot\u0101jiem un vairumtirdzniec\u012bbas izplat\u012bt\u0101jiem viet\u0113j\u0101 un starptautiskaj\u0101 tirg\u016b. M\u0113s vienm\u0113r iev\u0113rojam izcil\u012bbas principu, pa\u013caujoties uz industrializ\u0113t\u0101m ra\u017eo\u0161anas vad\u012bbas strat\u0113\u0123ij\u0101m smalki ra\u017eot\u0101s darbn\u012bc\u0101s, lai nep\u0101rtraukti uzlabotu savu tehnisko l\u012bmeni un ra\u017eo\u0161anas efektivit\u0101ti. Ievie\u0161ot augstas klases digit\u0101l\u0101s ra\u017eo\u0161anas iek\u0101rtas un profesion\u0101las test\u0113\u0161anas sist\u0113mas, m\u0113s optimiz\u0113jam ra\u017eo\u0161anas platformu un uzlabojam produktu kvalit\u0101tes kontroles procesu, apveltot sp\u0113c\u012bgas inov\u0101ciju iesp\u0113jas. M\u016bsu m\u0113r\u0137is ir apmierin\u0101t klientu daudzveid\u012bg\u0101s vajadz\u012bbas ar efektivit\u0101ti, precizit\u0101ti un augstu kvalit\u0101ti.<\/p>\n<ul>\n<li>\n<h3>Profesionalit\u0101te:<\/h3>\n<p> Mums ir pieredz\u0113ju\u0161u un profesion\u0101lu in\u017eenieru un tehni\u0137u komanda, kas specializ\u0113jas hidraulisko cilindru projekt\u0113\u0161an\u0101, ra\u017eo\u0161an\u0101 un kvalit\u0101tes kontrol\u0113.<\/li>\n<li>\n<h3>Starptautisk\u0101 sertifik\u0101cija:<\/h3>\n<p> M\u016bsu produkti ir iztur\u0113ju\u0161i da\u017e\u0101dus nacion\u0101los un starptautiskos kvalit\u0101tes sertifik\u0101tus, piem\u0113ram, ISO9001:2015, CE un SGS.<\/li>\n<li>\n<h3>Piel\u0101go\u0161anas pakalpojumi:<\/h3>\n<p> M\u0113s pied\u0101v\u0101jam piel\u0101gotus pakalpojumus, lai apmierin\u0101tu klientu \u012bpa\u0161\u0101s pras\u012bbas.<\/li>\n<li>\n<h3>Ra\u017eo\u0161anas iek\u0101rtas:<\/h3>\n<p> M\u0113s izmantojam modernas un augstas klases digit\u0101l\u0101s ra\u017eo\u0161anas iek\u0101rtas, piem\u0113ram, CNC virpas un apstr\u0101des centrus, lai nodro\u0161in\u0101tu augstu precizit\u0101ti un konsekvenci m\u016bsu produktos.<\/li>\n<li>\n<h3>P\u0113cp\u0101rdo\u0161anas serviss:<\/h3>\n<p> M\u0113s pied\u0101v\u0101jam visaptvero\u0161us un profesion\u0101lus p\u0113cp\u0101rdo\u0161anas pakalpojumus, piem\u0113ram, tehnisko atbalstu, produktu apkopi un garantiju.<\/li>\n<\/ul>\n<p><img decoding=\"async\" src=\"https:\/\/www.hydraulic-cylinders.net\/wp-content\/uploads\/2025\/01\/songte-company-4.webp\"><\/p>\n<p><img decoding=\"async\" src=\"https:\/\/www.hydraulic-cylinders.net\/wp-content\/uploads\/2025\/01\/songte-company-3.webp\"><\/p>\n<footer>Autors: Lails.<\/footer>","protected":false},"excerpt":{"rendered":"<p>Arm Cylinder For Bonny CTD460-6 Introduction An arm cylinder is a specialized hydraulic cylinder that is primarily used to provide linear motion and power to the arms of various types of machinery such as excavators, cranes, and robotic arms. The arm cylinder plays a critical role in hydraulic systems, allowing for effective movement and control [&hellip;]<\/p>","protected":false},"featured_media":14786,"comment_status":"open","ping_status":"closed","template":"","meta":{"_et_pb_use_builder":"","_et_pb_old_content":"","_et_gb_content_width":""},"product_brand":[],"product_cat":[1497],"product_tag":[1498,1496],"class_list":{"0":"post-16868","1":"product","2":"type-product","3":"status-publish","4":"has-post-thumbnail","6":"product_cat-arm-cylinders","7":"product_tag-arm-cylinders","8":"product_tag-hydraulic-cylinders","10":"first","11":"instock","12":"shipping-taxable","13":"product-type-simple"},"amp_enabled":true,"_links":{"self":[{"href":"https:\/\/www.hydraulic-cylinders.net\/lv\/wp-json\/wp\/v2\/product\/16868","targetHints":{"allow":["GET"]}}],"collection":[{"href":"https:\/\/www.hydraulic-cylinders.net\/lv\/wp-json\/wp\/v2\/product"}],"about":[{"href":"https:\/\/www.hydraulic-cylinders.net\/lv\/wp-json\/wp\/v2\/types\/product"}],"replies":[{"embeddable":true,"href":"https:\/\/www.hydraulic-cylinders.net\/lv\/wp-json\/wp\/v2\/comments?post=16868"}],"wp:featuredmedia":[{"embeddable":true,"href":"https:\/\/www.hydraulic-cylinders.net\/lv\/wp-json\/wp\/v2\/media\/14786"}],"wp:attachment":[{"href":"https:\/\/www.hydraulic-cylinders.net\/lv\/wp-json\/wp\/v2\/media?parent=16868"}],"wp:term":[{"taxonomy":"product_brand","embeddable":true,"href":"https:\/\/www.hydraulic-cylinders.net\/lv\/wp-json\/wp\/v2\/product_brand?post=16868"},{"taxonomy":"product_cat","embeddable":true,"href":"https:\/\/www.hydraulic-cylinders.net\/lv\/wp-json\/wp\/v2\/product_cat?post=16868"},{"taxonomy":"product_tag","embeddable":true,"href":"https:\/\/www.hydraulic-cylinders.net\/lv\/wp-json\/wp\/v2\/product_tag?post=16868"}],"curies":[{"name":"wp","href":"https:\/\/api.w.org\/{rel}","templated":true}]}}