{"id":16871,"date":"2025-01-21T06:09:27","date_gmt":"2025-01-21T06:09:27","guid":{"rendered":"https:\/\/www.hydraulic-cylinders.net\/product\/arm-cylinder-for-bonny-waydq50-5\/"},"modified":"2025-01-21T06:09:29","modified_gmt":"2025-01-21T06:09:29","slug":"arm-cylinder-for-bonny-waydq50-5","status":"publish","type":"product","link":"https:\/\/www.hydraulic-cylinders.net\/lv\/products\/arm-cylinder-for-bonny-waydq50-5\/","title":{"rendered":"Sviras cilindrs Bonny WAYDQ50-5"},"content":{"rendered":"<h1>Sviras cilindrs Bonny WAYDQ50-5<\/h1>\n<h2>Ievads<\/h2>\n<p>Sviras cilindrs ir speci\u0101li izstr\u0101d\u0101ts hidrauliskais cilindrs, ko izmanto, lai nodro\u0161in\u0101tu line\u0101ru kust\u012bbu un jaudu da\u017e\u0101du veidu ma\u0161\u012bnu svir\u0101m, piem\u0113ram, ekskavatoriem, celt\u0146iem un meh\u0101niskaj\u0101m svir\u0101m. Sviras cilindram ir iz\u0161\u0137iro\u0161a noz\u012bme hidrauliskaj\u0101 sist\u0113m\u0101, \u013caujot efekt\u012bvi p\u0101rvietot un vad\u012bt papildu instrumentus vai stiprin\u0101jumus. \u0160ie cilindri ne tikai nodro\u0161ina vienm\u0113r\u012bgu kust\u012bbu, bet ar\u012b iztur lielas slodzes, nodro\u0161inot ma\u0161\u012bnas efekt\u012bvu darb\u012bbu un uzticam\u012bbu da\u017e\u0101dos ekspluat\u0101cijas apst\u0101k\u013cos.<\/p>\n<p><img decoding=\"async\" src=\"https:\/\/www.hydraulic-cylinders.net\/wp-content\/uploads\/2025\/01\/songte-company-2.webp\" alt=\"Sviras cilindrs\" \/><\/p>\n<h2>Funkcijas<\/h2>\n<ul>\n<li>Efekt\u012bva jaudas p\u0101rvade: Sviras cilindrs nodro\u0161ina jaud\u012bgu line\u0101ru kust\u012bbu un sp\u0113ku, lai garant\u0113tu meh\u0101nisk\u0101s sviras augstu efektivit\u0101ti da\u017e\u0101d\u0101s darb\u012bb\u0101s.<\/li>\n<li>Prec\u012bza vad\u012bba: Izmantojot hidraulisko sist\u0113mu, rokas cilindrs var pan\u0101kt prec\u012bzu kust\u012bbas vad\u012bbu, padarot papildu instrumentu darb\u012bbu elast\u012bg\u0101ku un prec\u012bz\u0101ku.<\/li>\n<li>Augsta iztur\u012bba: Sviru cilindri parasti ir izgatavoti no augstas iztur\u012bbas materi\u0101liem, tiem ir laba nodilumiztur\u012bba un iztur\u012bba pret koroziju, un tie ir piem\u0113roti ilgsto\u0161ai lieto\u0161anai skarbos apst\u0101k\u013cos.<\/li>\n<li>Daudzfunkcion\u0101la piel\u0101go\u0161an\u0101s sp\u0113ja: \u0161os cilindrus var pla\u0161i izmantot da\u017e\u0101d\u0101s meh\u0101nisk\u0101s iek\u0101rt\u0101s, piem\u0113ram, ekskavatoros, celt\u0146os un meh\u0101niskaj\u0101s svir\u0101s, lai apmierin\u0101tu da\u017e\u0101das darba pras\u012bbas.<\/li>\n<li>Vienk\u0101r\u0161a apkope: paredz\u0113ts vienk\u0101r\u0161ai apkopei un nomai\u0146ai, regul\u0101ras p\u0101rbaudes un apkope ir k\u013cuvu\u0161as \u0113rt\u0101kas, samazinot iek\u0101rtu d\u012bkst\u0101ves laiku.<\/li>\n<\/ul>\n<p>M\u0113s varam ra\u017eot \u0161o produktu, un tas var lieliski aizst\u0101t \u0161os hidrauliskos cilindrus.<\/p>\n<p><img decoding=\"async\" src=\"https:\/\/www.hydraulic-cylinders.net\/wp-content\/uploads\/2025\/01\/songte-oil-pipes-and-spare-parts.webp\" alt=\"Cilindru deta\u013cas\" \/><\/p>\n<h2>Pieteikumi<\/h2>\n<p>Sviras cilindrs tiek pla\u0161i izmantots da\u017e\u0101d\u0101s nozar\u0113s da\u017e\u0101diem pielietojumiem:<\/p>\n<h3>B\u016bvniec\u012bba<\/h3>\n<p>Ekskavatoros un celt\u0146os sviras cilindrs tiek izmantots, lai kontrol\u0113tu kausa vai str\u0113les kust\u012bbu zemes p\u0101rvieto\u0161anas, materi\u0101lu apstr\u0101des un konstrukciju uzst\u0101d\u012b\u0161anas darbos.<\/p>\n<h3>Ra\u017eo\u0161ana<\/h3>\n<p>Automatiz\u0113t\u0101s ra\u017eo\u0161anas l\u012bnij\u0101s sviras cilindrs tiek izmantots meh\u0101nisko sviru p\u0101rvieto\u0161anai, mont\u0101\u017eai, metin\u0101\u0161anai un apstr\u0101des darb\u012bb\u0101m, lai uzlabotu ra\u017eo\u0161anas efektivit\u0101ti un precizit\u0101ti.<\/p>\n<h3>Lauksaimniec\u012bbas tehnika<\/h3>\n<p>Lauksaimniec\u012bbas ma\u0161\u012bn\u0101s, piem\u0113ram, kombainos un s\u0113jma\u0161\u012bn\u0101s, sviras cilindrs kontrol\u0113 vad\u012bbas sviras kust\u012bbu, lai veiktu t\u0101dus uzdevumus k\u0101 s\u0113\u0161ana, m\u0113slo\u0161ana un ra\u017eas nov\u0101k\u0161ana.<\/p>\n<h3>Kalnr\u016bpniec\u012bba<\/h3>\n<p>Kalnr\u016bpniec\u012bbas iek\u0101rt\u0101s sviras cilindrs kontrol\u0113 kalnr\u016bpniec\u012bbas iek\u0101rtas sviras kust\u012bbu, lai veiktu kalnr\u016bpniec\u012bbas un materi\u0101lu apstr\u0101des darb\u012bbas.<\/p>\n<h3>Lo\u0123istika un transports<\/h3>\n<p>Iekr\u0101v\u0113jos un apstr\u0101des robotos rokas cilindrs tiek izmantots, lai kontrol\u0113tu dak\u0161as pacel\u0161anu un kust\u012bbu, realiz\u0113jot materi\u0101lu apstr\u0101di un sakrau\u0161anu.<\/p>\n<p><img decoding=\"async\" src=\"https:\/\/www.hydraulic-cylinders.net\/wp-content\/uploads\/2025\/01\/songte-chushion-collar.webp\" alt=\"Cilindru deta\u013cas\" \/><\/p>\n<h2>Dizaina apsv\u0113rumi un atlases krit\u0113riji<\/h2>\n<ul>\n<li>Nestsp\u0113ja: Sviras cilindram j\u0101sp\u0113j iztur\u0113t ma\u0161\u012bnas sviras maksim\u0101lo slodzi.<\/li>\n<li>Bl\u012bv\u0113jums: Lai nodro\u0161in\u0101tu bl\u012bv\u0113juma veiktsp\u0113ju, tiek izmantoti da\u017e\u0101di bl\u012bv\u0113\u0161anas elementi, piem\u0113ram, virzu\u013ca bl\u012bv\u0113jumi un stie\u0146u bl\u012bv\u0113jumi, kas izgatavoti no nodilumiztur\u012bgiem materi\u0101liem, piem\u0113ram, poliuret\u0101na un nitrila gumijas.<\/li>\n<li>Iztur\u012bba: Cilindra korpuss un v\u012bt\u0146ot\u0101 gala virsma ir smalki apstr\u0101d\u0101ti, lai uzlabotu nodilumiztur\u012bbu.<\/li>\n<li>Dro\u0161\u012bba: Balonam j\u0101b\u016bt konstru\u0113tam ar dro\u0161\u012bbas funkcij\u0101m, piem\u0113ram, spiediena samazin\u0101\u0161anas v\u0101rstiem, lai nov\u0113rstu boj\u0101jumus p\u0101rspiediena vai p\u0101rslodzes d\u0113\u013c.<\/li>\n<li>Apkope: Balona konstrukcijai j\u0101\u0146em v\u0113r\u0101 vienk\u0101r\u0161a apkope un nomai\u0146a, lai samazin\u0101tu iek\u0101rtu d\u012bkst\u0101ves laiku.<\/li>\n<\/ul>\n<p><img decoding=\"async\" src=\"https:\/\/www.hydraulic-cylinders.net\/wp-content\/uploads\/2025\/01\/songte-cylinder-head-with-all-kinds-excavator-models.webp\" alt=\"Cilindru deta\u013cas\" \/><\/p>\n<h2>Bl\u012bv\u0113\u0161ana un e\u013c\u013co\u0161ana<\/h2>\n<p>Lai nodro\u0161in\u0101tu bl\u012bv\u0113juma veiktsp\u0113ju, tiek izmantoti da\u017e\u0101di bl\u012bv\u0113\u0161anas elementi, piem\u0113ram, virzu\u013ca bl\u012bvsl\u0113gi \u200b\u200bun stie\u0146a bl\u012bvsl\u0113gi, kas izgatavoti no nodilumiztur\u012bgiem materi\u0101liem, piem\u0113ram, poliuret\u0101na un nitrila gumijas. Cilindra korpuss un v\u012bt\u0146ot\u0101 gala virsma ir smalki apstr\u0101d\u0101ta, lai uzlabotu nodilumiztur\u012bbu. Cilindra e\u013c\u013co\u0161anai un aizsardz\u012bbai ir nepiecie\u0161ama regul\u0101ra atbilsto\u0161as \u200b\u200bhidraulisk\u0101s e\u013c\u013cas uzpilde.<\/p>\n<h2>Apkope un remonts<\/h2>\n<ul>\n<li>Lai nodro\u0161in\u0101tu pareizu darb\u012bbu un identific\u0113tu iesp\u0113jam\u0101s probl\u0113mas, ir nepiecie\u0161ama regul\u0101ra cilindru un hidraulisko sist\u0113mu p\u0101rbaude.<\/li>\n<li>Prevent\u012bva apkope, piem\u0113ram, t\u012br\u012b\u0161ana un e\u013c\u013co\u0161ana, var pal\u012bdz\u0113t samazin\u0101t iek\u0101rtu boj\u0101jumus un pagarin\u0101t to kalpo\u0161anas laiku.<\/li>\n<li>Boj\u0101juma gad\u012bjum\u0101 var veikt savlaic\u012bgu diagnostiku un remontu, lai samazin\u0101tu d\u012bkst\u0101ves laiku un apkopes izmaksas.<\/li>\n<\/ul>\n<p><img decoding=\"async\" src=\"https:\/\/www.hydraulic-cylinders.net\/wp-content\/uploads\/2025\/01\/songte-bushings-with-all-kinds-of-excavator-models.webp\" alt=\"Cilindru deta\u013cas\" \/><\/p>\n<h2>Instal\u0101cijas rokasgr\u0101mata<\/h2>\n<p>Pirms uzst\u0101d\u012b\u0161anas p\u0101rliecinieties, ka visas deta\u013cas ir t\u012bras un nav konstat\u0113ti boj\u0101jumi vai deform\u0101cijas. Uzst\u0101diet cilindru saska\u0146\u0101 ar ra\u017eot\u0101ja sniegtaj\u0101m uzst\u0101d\u012b\u0161anas instrukcij\u0101m. Savienojums j\u0101pievelk l\u012bdz nor\u0101d\u012btajam griezes momentam. P\u0113c uzst\u0101d\u012b\u0161anas p\u0101rbaudiet, vai sist\u0113m\u0101 nav nopl\u016b\u017eu un vai t\u0101 darbojas pareizi.<\/p>\n<h2>Dro\u0161\u012bbas apsv\u0113rumi un vides faktori<\/h2>\n<p>Lai izvair\u012btos no negad\u012bjumiem, rokas cilindrs j\u0101darbina stingri saska\u0146\u0101 ar ra\u017eot\u0101ja nor\u0101d\u012bjumiem. T\u0101pat, lai nodro\u0161in\u0101tu dro\u0161u darb\u012bbu, j\u0101uzst\u0101da dro\u0161\u012bbas pas\u0101kumi, piem\u0113ram, spiediena samazin\u0101\u0161anas v\u0101rsti. Run\u0101jot par vides faktoriem, cilindri ir pareizi j\u0101izn\u012bcina un j\u0101p\u0101rstr\u0101d\u0101, lai samazin\u0101tu vides pies\u0101r\u0146ojumu.<\/p>\n<h2>Probl\u0113mu nov\u0113r\u0161ana un bie\u017ei sastopamas probl\u0113mas<\/h2>\n<ul>\n<li>Nopl\u016bde: Nopl\u016bdi var izrais\u012bt boj\u0101ti bl\u012bv\u0113jumi vai va\u013c\u012bgi savienojumi. Ja nepiecie\u0161ams, pievelciet savienojumu vai nomainiet bl\u012bvi.<\/li>\n<li>Nepietiekama jauda: Tas var\u0113tu b\u016bt saist\u012bts ar zemu hidraulisko spiedienu, nepietiekamu e\u013c\u013cas padevi vai boj\u0101tu cilindru. P\u0101rbaudiet un salabojiet hidraulisko sist\u0113mu vai, ja nepiecie\u0161ams, nomainiet cilindru.<\/li>\n<li>Neparasts troksnis: Neparastu troksni var izrais\u012bt boj\u0101tas deta\u013cas vai nepietiekama e\u013c\u013co\u0161ana. P\u0101rbaudiet un nomainiet boj\u0101t\u0101s deta\u013cas vai, ja nepiecie\u0161ams, pievienojiet e\u013c\u013co\u0161anu.<\/li>\n<\/ul>\n<p>S\u012bk\u0101ku inform\u0101ciju par probl\u0113mu nov\u0113r\u0161anu un remonta metod\u0113m skatiet ra\u017eot\u0101ja nor\u0101d\u012bjumos.<\/p>\n<p><img decoding=\"async\" src=\"https:\/\/www.hydraulic-cylinders.net\/wp-content\/uploads\/2025\/01\/songte-company-4.webp\" alt=\"Uz\u0146\u0113mums\" \/><br \/>\n<img decoding=\"async\" src=\"https:\/\/www.hydraulic-cylinders.net\/wp-content\/uploads\/2025\/01\/songte-company-3.webp\" alt=\"Uz\u0146\u0113mums\" \/><\/p>\n<h2>Par m\u016bsu uz\u0146\u0113mumu<\/h2>\n<p>M\u0113s esam profesion\u0101ls rezerves hidraulisko cilindru ra\u017eot\u0101js ar pla\u0161u produktu kl\u0101stu un esam k\u013cuvu\u0161i par vienu no vado\u0161ajiem hidraulisko cilindru ra\u017eot\u0101jiem un vairumtirgot\u0101jiem viet\u0113j\u0101 un \u0101rvalstu tirgos. M\u0113s vienm\u0113r iev\u0113rojam izcilas kvalit\u0101tes principu un pa\u013caujamies uz prec\u012bzu ra\u017eo\u0161anas darbn\u012bcu industrializ\u0113tu ra\u017eo\u0161anas vad\u012bbas strat\u0113\u0123iju, lai nep\u0101rtraukti uzlabotu m\u016bsu tehnolo\u0123ijas un ra\u017eo\u0161anas efektivit\u0101ti. Mums ir sp\u0113c\u012bgas inov\u0101ciju iesp\u0113jas, ievie\u0161ot augstas klases digit\u0101l\u0101s ra\u017eo\u0161anas iek\u0101rtas un profesion\u0101las test\u0113\u0161anas sist\u0113mas. M\u016bsu m\u0113r\u0137is ir apmierin\u0101t klientu daudzveid\u012bg\u0101s vajadz\u012bbas ar augstu efektivit\u0101ti, precizit\u0101ti un augstas kvalit\u0101tes principiem.<\/p>\n<h3>Profesionalit\u0101te<\/h3>\n<p>M\u016bsu uz\u0146\u0113mum\u0101 ir profesion\u0101la komanda ar bag\u0101tu pieredzi p\u0113tniec\u012bb\u0101 un att\u012bst\u012bb\u0101, projekt\u0113\u0161an\u0101, ra\u017eo\u0161an\u0101 un apkalpo\u0161an\u0101, lai nodro\u0161in\u0101tu, ka m\u016bsu klienti sa\u0146em visprofesion\u0101l\u0101ko apkalpo\u0161anu un atbalstu.<\/p>\n<h3>Starptautisk\u0101 sertifik\u0101cija<\/h3>\n<p>M\u016bsu produkti ir iztur\u0113ju\u0161i starptautiskus sertifik\u0101tus, piem\u0113ram, ISO9001 un CE, kas apliecina m\u016bsu augstos kvalit\u0101tes standartus un produktu uzticam\u012bbu.<\/p>\n<h3>Piel\u0101go\u0161anas pakalpojums<\/h3>\n<p>M\u0113s pied\u0101v\u0101jam piel\u0101gotus pakalpojumus, lai apmierin\u0101tu da\u017e\u0101das klientu pras\u012bbas, tostarp izm\u0113ru, spiedienu, materi\u0101lu, virsmas apstr\u0101di un citus parametrus.<\/p>\n<h3>Ra\u017eo\u0161anas iek\u0101rtas<\/h3>\n<p>M\u016bsu uz\u0146\u0113mumam ir modernas ra\u017eo\u0161anas iek\u0101rtas, tostarp CNC virpas, apstr\u0101des centri, urb\u0161anas iek\u0101rtas, sl\u012bpma\u0161\u012bnas un citas specializ\u0113tas iek\u0101rtas.<\/p>\n<h3>P\u0113cp\u0101rdo\u0161anas serviss<\/h3>\n<p>M\u0113s pied\u0101v\u0101jam visaptvero\u0161u p\u0113cp\u0101rdo\u0161anas servisu un tehnisko atbalstu, lai nodro\u0161in\u0101tu, ka klienti var atrisin\u0101t visas probl\u0113mas, kas rodas m\u016bsu produktu lieto\u0161anas laik\u0101.<\/p>\n<p><img decoding=\"async\" src=\"https:\/\/www.hydraulic-cylinders.net\/wp-content\/uploads\/2025\/01\/songte-company-4.webp\" alt=\"Uz\u0146\u0113mums\" \/><\/p>\n<p>Autors: lil<\/p>","protected":false},"excerpt":{"rendered":"<p>Arm Cylinder For Bonny WAYDQ50-5 Introduction The arm cylinder is a specially designed hydraulic cylinder used to provide linear motion and power to various types of machine arms, such as excavators, cranes, and mechanical arms. The arm cylinder plays a crucial role in the hydraulic system, allowing additional tools or attachments to move and control [&hellip;]<\/p>","protected":false},"featured_media":14777,"comment_status":"open","ping_status":"closed","template":"","meta":{"_et_pb_use_builder":"","_et_pb_old_content":"","_et_gb_content_width":""},"product_brand":[],"product_cat":[1497],"product_tag":[1498,1496],"class_list":{"0":"post-16871","1":"product","2":"type-product","3":"status-publish","4":"has-post-thumbnail","6":"product_cat-arm-cylinders","7":"product_tag-arm-cylinders","8":"product_tag-hydraulic-cylinders","10":"first","11":"instock","12":"shipping-taxable","13":"product-type-simple"},"amp_enabled":true,"_links":{"self":[{"href":"https:\/\/www.hydraulic-cylinders.net\/lv\/wp-json\/wp\/v2\/product\/16871","targetHints":{"allow":["GET"]}}],"collection":[{"href":"https:\/\/www.hydraulic-cylinders.net\/lv\/wp-json\/wp\/v2\/product"}],"about":[{"href":"https:\/\/www.hydraulic-cylinders.net\/lv\/wp-json\/wp\/v2\/types\/product"}],"replies":[{"embeddable":true,"href":"https:\/\/www.hydraulic-cylinders.net\/lv\/wp-json\/wp\/v2\/comments?post=16871"}],"wp:featuredmedia":[{"embeddable":true,"href":"https:\/\/www.hydraulic-cylinders.net\/lv\/wp-json\/wp\/v2\/media\/14777"}],"wp:attachment":[{"href":"https:\/\/www.hydraulic-cylinders.net\/lv\/wp-json\/wp\/v2\/media?parent=16871"}],"wp:term":[{"taxonomy":"product_brand","embeddable":true,"href":"https:\/\/www.hydraulic-cylinders.net\/lv\/wp-json\/wp\/v2\/product_brand?post=16871"},{"taxonomy":"product_cat","embeddable":true,"href":"https:\/\/www.hydraulic-cylinders.net\/lv\/wp-json\/wp\/v2\/product_cat?post=16871"},{"taxonomy":"product_tag","embeddable":true,"href":"https:\/\/www.hydraulic-cylinders.net\/lv\/wp-json\/wp\/v2\/product_tag?post=16871"}],"curies":[{"name":"wp","href":"https:\/\/api.w.org\/{rel}","templated":true}]}}