{"id":16882,"date":"2025-01-21T06:10:17","date_gmt":"2025-01-21T06:10:17","guid":{"rendered":"https:\/\/www.hydraulic-cylinders.net\/product\/arm-cylinder-for-baoding-wy65-6\/"},"modified":"2025-01-21T06:10:19","modified_gmt":"2025-01-21T06:10:19","slug":"arm-cylinder-for-baoding-wy65-6","status":"publish","type":"product","link":"https:\/\/www.hydraulic-cylinders.net\/lv\/products\/arm-cylinder-for-baoding-wy65-6\/","title":{"rendered":"Sviras cilindrs Baoding WY65-6"},"content":{"rendered":"<h1>Sviras cilindrs Baoding WY65-6<\/h1>\n<h2>Ievads<\/h2>\n<p>Sviras cilindrs ir speci\u0101li izstr\u0101d\u0101ts hidrauliskais cilindrs, ko galvenok\u0101rt izmanto, lai nodro\u0161in\u0101tu line\u0101ru kust\u012bbu un jaudu da\u017e\u0101du veidu ma\u0161\u012bnu, piem\u0113ram, ekskavatoru, celt\u0146u un meh\u0101nisko sviru, svir\u0101m. Sviras cilindram ir iz\u0161\u0137iro\u0161a noz\u012bme hidrauliskaj\u0101s sist\u0113m\u0101s, \u013caujot efekt\u012bvi p\u0101rvietot un kontrol\u0113t papildu instrumentus vai stiprin\u0101jumus. \u0160ie cilindri ne tikai nodro\u0161ina vienm\u0113r\u012bgu kust\u012bbu, bet ar\u012b iztur lielas slodzes, nodro\u0161inot ma\u0161\u012bnas efekt\u012bvu darb\u012bbu un uzticam\u012bbu da\u017e\u0101dos ekspluat\u0101cijas apst\u0101k\u013cos.<\/p>\n<p><img decoding=\"async\" src=\"https:\/\/www.hydraulic-cylinders.net\/wp-content\/uploads\/2025\/01\/songte-company-2.webp\"><\/p>\n<h2>Funkcijas<\/h2>\n<ul>\n<li>Efekt\u012bva jaudas p\u0101rvade: Sviras cilindrs nodro\u0161ina jaud\u012bgu line\u0101ru kust\u012bbu un sp\u0113ku, garant\u0113jot meh\u0101nisk\u0101s sviras augstu veiktsp\u0113ju da\u017e\u0101d\u0101s darb\u012bb\u0101s.<\/li>\n<li>Prec\u012bza vad\u012bba: Izmantojot hidraulisko sist\u0113mu, rokas cilindrs var pan\u0101kt prec\u012bzu kust\u012bbas vad\u012bbu, padarot papildu instrumentu darb\u012bbu elast\u012bg\u0101ku un prec\u012bz\u0101ku.<\/li>\n<li>Iztur\u012bba: Sviras cilindrs parasti tiek ra\u017eots, izmantojot augstas stipr\u012bbas materi\u0101lus, kuriem ir laba nodilumiztur\u012bba un iztur\u012bba pret koroziju, padarot to piem\u0113rotu ilgsto\u0161ai lieto\u0161anai skarbos apst\u0101k\u013cos.<\/li>\n<li>Daudzfunkcion\u0101la piel\u0101go\u0161an\u0101s sp\u0113ja: \u0161os cilindrus var pla\u0161i izmantot da\u017e\u0101da veida ma\u0161\u012bn\u0101s, piem\u0113ram, ekskavatoros, celt\u0146os un meh\u0101niskaj\u0101s svir\u0101s, piel\u0101gojoties da\u017e\u0101d\u0101m darba pras\u012bb\u0101m.<\/li>\n<li>Vienk\u0101r\u0161a apkope: Projekt\u0113jot \u0146emta v\u0113r\u0101 apkopes un nomai\u0146as vienk\u0101r\u0161\u012bba, padarot regul\u0101ru p\u0101rbaudi un apkopi \u0113rt\u0101ku un samazinot iek\u0101rtu d\u012bkst\u0101ves laiku.<\/li>\n<\/ul>\n<p>M\u016bsu produkts var lieliski aizst\u0101t \u0161os hidrauliskos cilindrus.<\/p>\n<p><img decoding=\"async\" src=\"https:\/\/www.hydraulic-cylinders.net\/wp-content\/uploads\/2025\/01\/songte-oil-pipes-and-spare-parts.webp\"><\/p>\n<h2>Pieteikumi<\/h2>\n<ul>\n<li>B\u016bvniec\u012bba: Ekskavatoros un celt\u0146os sviras cilindrs tiek izmantots, lai kontrol\u0113tu kausa vai str\u0113les kust\u012bbu zemes darbos, materi\u0101lu apstr\u0101d\u0113 un konstrukciju uzst\u0101d\u012b\u0161an\u0101.<\/li>\n<li>Ra\u017eo\u0161ana: Automatiz\u0113t\u0101s ra\u017eo\u0161anas l\u012bnij\u0101s sviras cilindrs tiek izmantots meh\u0101nisko sviru kust\u012bbai mont\u0101\u017eas, metin\u0101\u0161anas un apstr\u0101des procesos, uzlabojot ra\u017eo\u0161anas efektivit\u0101ti un precizit\u0101ti.<\/li>\n<li>Lauksaimniec\u012bbas tehnika: Lauksaimniec\u012bbas tehnik\u0101, piem\u0113ram, kombainos un s\u0113jma\u0161\u012bn\u0101s, sviras cilindrs kontrol\u0113 vad\u012bbas sviras kust\u012bbu, lai veiktu t\u0101dus uzdevumus k\u0101 s\u0113\u0161ana, m\u0113slo\u0161ana un ra\u017eas nov\u0101k\u0161ana.<\/li>\n<li>Ieguve: Ieguves iek\u0101rt\u0101s rokas cilindrs tiek izmantots, lai kontrol\u0113tu ieguves iek\u0101rtas rokas kust\u012bbu r\u016bdas ieguvei un apstr\u0101dei.<\/li>\n<li>Lo\u0123istika un transport\u0113\u0161ana: Iekr\u0101v\u0113jos un transporta robotos rokas cilindrs tiek izmantots, lai kontrol\u0113tu dak\u0161as pacel\u0161anu un kust\u012bbu, realiz\u0113jot materi\u0101lu apstr\u0101di un sakrau\u0161anu.<\/li>\n<\/ul>\n<h2>Dizaina apsv\u0113rumi un atlases krit\u0113riji<\/h2>\n<h3>Nestsp\u0113ja<\/h3>\n<p>Sviras cilindram ir j\u0101b\u016bt pietiekamai nestsp\u0113jai, lai atbilstu da\u017e\u0101du darb\u012bbu pras\u012bb\u0101m, kas ir saist\u012btas ar t\u0101 izm\u0113ru un tipu. Jo liel\u0101ks cilindrs, jo liel\u0101ka nestsp\u0113ja, bet tas noz\u012bm\u0113 ar\u012b augst\u0101kas izmaksas. T\u0101p\u0113c ir j\u0101izv\u0113las atbilsto\u0161s cilindra izm\u0113rs un tips atbilsto\u0161i konkr\u0113taj\u0101m pielietojuma pras\u012bb\u0101m.<\/p>\n<h3>Bl\u012bv\u0113\u0161ana<\/h3>\n<p>Balona bl\u012bv\u0113juma veiktsp\u0113ja tie\u0161i ietekm\u0113 t\u0101 kalpo\u0161anas laiku un veiktsp\u0113ju. T\u0101p\u0113c atbilsto\u0161i konkr\u0113tajiem darba apst\u0101k\u013ciem j\u0101izv\u0113las da\u017e\u0101di bl\u012bv\u0113juma komponenti, piem\u0113ram, virzu\u013ca bl\u012bv\u0113jums un stie\u0146a bl\u012bv\u0113jums, un, lai nodro\u0161in\u0101tu labu bl\u012bv\u0113juma veiktsp\u0113ju, j\u0101izmanto nodilumiztur\u012bgi materi\u0101li, piem\u0113ram, poliuret\u0101ns un nitrilgumija.<\/p>\n<h3>Iztur\u012bba<\/h3>\n<p>Sviras cilindrs parasti tiek izmantots skarbos apst\u0101k\u013cos, t\u0101p\u0113c tam ir j\u0101b\u016bt labai nodilumiztur\u012bbai un korozijas iztur\u012bbai. Ra\u017eot\u0101jiem j\u0101izmanto augstas iztur\u012bbas materi\u0101li un j\u0101pielieto uzlabotas virsmas apstr\u0101des tehnolo\u0123ijas, lai uzlabotu cilindra iztur\u012bbu.<\/p>\n<h3>Dro\u0161\u012bba<\/h3>\n<p>Projekt\u0113jot sviras cilindru, dro\u0161\u012bbai j\u0101b\u016bt galvenajai priorit\u0101tei. Cilindram j\u0101b\u016bt apr\u012bkotam ar dro\u0161\u012bbas ier\u012bc\u0113m, piem\u0113ram, dro\u0161\u012bbas v\u0101rstiem un pretv\u0101rstiem, lai nov\u0113rstu p\u0101rslodzi un nodro\u0161in\u0101tu dro\u0161u darb\u012bbu.<\/p>\n<h3>Apkope<\/h3>\n<p>Svar\u012bgs apsv\u0113rums ir ar\u012b cilindra projekt\u0113\u0161ana, lai to b\u016btu viegli apkopt. Cilindram j\u0101b\u016bt projekt\u0113tam ar \u0113rtu piek\u013cuvi t\u0101 sast\u0101vda\u013c\u0101m, un tam j\u0101b\u016bt viegli izjaucamam un saliekamam, samazinot iek\u0101rtu d\u012bkst\u0101ves laiku un apkopes izmaksas.<\/p>\n<p><img decoding=\"async\" src=\"https:\/\/www.hydraulic-cylinders.net\/wp-content\/uploads\/2025\/01\/songte-cylinder-head-with-all-kinds-excavator-models.webp\"><\/p>\n<h2>Bl\u012bv\u0113\u0161ana un e\u013c\u013co\u0161ana<\/h2>\n<p>Lai nodro\u0161in\u0101tu labu bl\u012bv\u0113juma veiktsp\u0113ju, sviras cilindram ir nepiecie\u0161ami da\u017e\u0101di bl\u012bv\u0113juma komponenti. Virzu\u013ca bl\u012bv\u0113jums un stie\u0146a bl\u012bv\u0113jums regul\u0101ri j\u0101p\u0101rbauda, \u200b\u200bvai nav boj\u0101jumu un nodiluma, un nepiecie\u0161am\u012bbas gad\u012bjum\u0101 j\u0101nomaina. Cilindra korpuss un v\u012bt\u0146ot\u0101 gala virsma ir r\u016bp\u012bgi j\u0101apstr\u0101d\u0101, lai uzlabotu nodilumiztur\u012bbu. J\u0101izv\u0113las atbilsto\u0161a hidraulisk\u0101 e\u013c\u013ca, lai nodro\u0161in\u0101tu cilindra e\u013c\u013co\u0161anu un nov\u0113rstu nodilumu. Nepiecie\u0161ama ar\u012b regul\u0101ra e\u013c\u013cas mai\u0146a un e\u013c\u013cas l\u012bme\u0146a p\u0101rbaude.<\/p>\n<h2>Apkope un probl\u0113mu nov\u0113r\u0161ana<\/h2>\n<p>Lai nodro\u0161in\u0101tu stabilu darb\u012bbu, sviras cilindram nepiecie\u0161ama regul\u0101ra p\u0101rbaude un profilaktisk\u0101 apkope. Regul\u0101ri j\u0101p\u0101rbauda, \u200b\u200bvai cilindram nav nopl\u016b\u017eu, trok\u0161\u0146a un nodiluma. Ja tiek konstat\u0113tas k\u0101das probl\u0113mas, savlaic\u012bgi j\u0101veic remonts vai nomai\u0146a. Bie\u017ei sastopamas probl\u0113mas ir cilindra nob\u012bde, vibr\u0101cija un noguruma boj\u0101jumi. \u0160\u012bs probl\u0113mas var b\u016bt saist\u012btas ar da\u017e\u0101diem faktoriem, piem\u0113ram, gaisa iek\u013c\u016b\u0161anu, e\u013c\u013cas pies\u0101r\u0146ojumu un nepareizu uzst\u0101d\u012b\u0161anu. T\u0101p\u0113c stingri j\u0101iev\u0113ro pareiza uzst\u0101d\u012b\u0161ana un darb\u012bba, lai nov\u0113rstu iesp\u0113jam\u0101s probl\u0113mas.<\/p>\n<p><img decoding=\"async\" src=\"https:\/\/www.hydraulic-cylinders.net\/wp-content\/uploads\/2025\/01\/songte-chushion-collar.webp\"><\/p>\n<h2>Instal\u0101cijas rokasgr\u0101mata<\/h2>\n<p>Pirms uzst\u0101d\u012b\u0161anas cilindrs un t\u0101 sast\u0101vda\u013cas j\u0101p\u0101rbauda, \u200b\u200bvai nav boj\u0101jumu vai defektu. Cilindra un ma\u0161\u012bnas mont\u0101\u017eas virsma ir j\u0101not\u012bra un j\u0101izl\u012bdzina, un mont\u0101\u017eas skr\u016bves j\u0101pievelk atbilsto\u0161i nor\u0101d\u012btajam griezes momentam. Cilindrs un hidraulisk\u0101 sist\u0113ma ir j\u0101izskalo, lai no\u0146emtu visus pies\u0101r\u0146ot\u0101jus. Darb\u012bbas laik\u0101 cilindrs periodiski j\u0101p\u0101rbauda, \u200b\u200bvai nav nopl\u016b\u017eu, vibr\u0101cijas vai trok\u0161\u0146a. Ja tiek konstat\u0113tas k\u0101das probl\u0113mas, savlaic\u012bgi j\u0101veic remonts vai nomai\u0146a.<\/p>\n<h2>Par mums<\/h2>\n<p>M\u0113s esam profesion\u0101ls rezerves hidraulisko cilindru ra\u017eot\u0101js ar pla\u0161u produktu kl\u0101stu un esam k\u013cuvu\u0161i par vienu no vado\u0161ajiem hidraulisko cilindru ra\u017eot\u0101jiem un vairumtirdzniec\u012bbas izplat\u012bt\u0101jiem gan viet\u0113j\u0101, gan starptautiskaj\u0101 tirg\u016b. M\u0113s vienm\u0113r iev\u0113rojam izcilas kvalit\u0101tes principu un pa\u013caujamies uz smalku ra\u017eo\u0161anas darbn\u012bcu industrializ\u0113to ra\u017eo\u0161anas vad\u012bbas strat\u0113\u0123iju, lai past\u0101v\u012bgi uzlabotu m\u016bsu tehnolo\u0123ijas un ra\u017eo\u0161anas efektivit\u0101ti. Ievie\u0161ot modernu digit\u0101lo ra\u017eo\u0161anas apr\u012bkojumu un profesion\u0101las test\u0113\u0161anas sist\u0113mas, m\u0113s nep\u0101rtraukti optimiz\u0113jam savu ra\u017eo\u0161anas platformu un uzlabojam produktu kvalit\u0101tes kontroles procesus, lepojoties ar sp\u0113c\u012bg\u0101m inov\u0101ciju sp\u0113j\u0101m. M\u016bsu m\u0113r\u0137is ir apmierin\u0101t m\u016bsu klientu da\u017e\u0101d\u0101s vajadz\u012bbas ar augstu efektivit\u0101ti, precizit\u0101ti un augstu kvalit\u0101ti.<\/p>\n<h3>Profesionalit\u0101te<\/h3>\n<p>M\u016bsu komandu veido pieredz\u0113ju\u0161i in\u017eenieri, tehni\u0137i un p\u0101rdo\u0161anas person\u0101ls ar pla\u0161\u0101m zin\u0101\u0161an\u0101m hidraulisko cilindru nozar\u0113, kas nodro\u0161ina profesion\u0101lus un uzticamus pakalpojumus m\u016bsu klientiem.<\/p>\n<h3>Starptautisk\u0101 sertifik\u0101cija<\/h3>\n<p>M\u016bsu produkti ir iztur\u0113ju\u0161i da\u017e\u0101dus starptautiskus sertifik\u0101tus, piem\u0113ram, ISO9001 un CE, kas apliecina to augsto kvalit\u0101ti un uzticam\u012bbu.<\/p>\n<h3>Piel\u0101go\u0161anas pakalpojumi<\/h3>\n<p>M\u0113s pied\u0101v\u0101jam piel\u0101gotus risin\u0101jumus atbilsto\u0161i klientu \u012bpa\u0161aj\u0101m pras\u012bb\u0101m, nodro\u0161inot, ka m\u016bsu produkti piln\u012bb\u0101 atbilst vi\u0146u vajadz\u012bb\u0101m.<\/p>\n<h3>Ra\u017eo\u0161anas iek\u0101rtas<\/h3>\n<p>Mums ir pieejams pla\u0161s modernu ra\u017eo\u0161anas iek\u0101rtu kl\u0101sts, piem\u0113ram, CNC virpas, fr\u0113zma\u0161\u012bnas un metin\u0101\u0161anas iek\u0101rtas, kas nodro\u0161ina efekt\u012bvu un augstas kvalit\u0101tes ra\u017eo\u0161anu.<\/p>\n<h3>P\u0113cp\u0101rdo\u0161anas serviss<\/h3>\n<p>M\u0113s pied\u0101v\u0101jam visaptvero\u0161us p\u0113cp\u0101rdo\u0161anas pakalpojumus, piem\u0113ram, tehnisko atbalstu, apkopi un remontu, nodro\u0161inot klientu apmierin\u0101t\u012bbu un p\u0101rliec\u012bbu par m\u016bsu produktiem.<\/p>\n<p><img decoding=\"async\" src=\"https:\/\/www.hydraulic-cylinders.net\/wp-content\/uploads\/2025\/01\/songte-company-4.webp\"><br \/>\n<img decoding=\"async\" src=\"https:\/\/www.hydraulic-cylinders.net\/wp-content\/uploads\/2025\/01\/songte-company-3.webp\"><\/p>\n<p>Autors: Lails.<\/p>","protected":false},"excerpt":{"rendered":"<p>Arm Cylinder For Baoding WY65-6 Introduction The arm cylinder is a specially designed hydraulic cylinder that is primarily used to provide linear motion and power to the arms of various types of machinery such as excavators, cranes, and mechanical arms. The arm cylinder plays a crucial role in hydraulic systems, enabling additional tools or attachments [&hellip;]<\/p>","protected":false},"featured_media":14774,"comment_status":"open","ping_status":"closed","template":"","meta":{"_et_pb_use_builder":"","_et_pb_old_content":"","_et_gb_content_width":""},"product_brand":[],"product_cat":[1497],"product_tag":[1498,1496],"class_list":{"0":"post-16882","1":"product","2":"type-product","3":"status-publish","4":"has-post-thumbnail","6":"product_cat-arm-cylinders","7":"product_tag-arm-cylinders","8":"product_tag-hydraulic-cylinders","10":"first","11":"instock","12":"shipping-taxable","13":"product-type-simple"},"amp_enabled":true,"_links":{"self":[{"href":"https:\/\/www.hydraulic-cylinders.net\/lv\/wp-json\/wp\/v2\/product\/16882","targetHints":{"allow":["GET"]}}],"collection":[{"href":"https:\/\/www.hydraulic-cylinders.net\/lv\/wp-json\/wp\/v2\/product"}],"about":[{"href":"https:\/\/www.hydraulic-cylinders.net\/lv\/wp-json\/wp\/v2\/types\/product"}],"replies":[{"embeddable":true,"href":"https:\/\/www.hydraulic-cylinders.net\/lv\/wp-json\/wp\/v2\/comments?post=16882"}],"wp:featuredmedia":[{"embeddable":true,"href":"https:\/\/www.hydraulic-cylinders.net\/lv\/wp-json\/wp\/v2\/media\/14774"}],"wp:attachment":[{"href":"https:\/\/www.hydraulic-cylinders.net\/lv\/wp-json\/wp\/v2\/media?parent=16882"}],"wp:term":[{"taxonomy":"product_brand","embeddable":true,"href":"https:\/\/www.hydraulic-cylinders.net\/lv\/wp-json\/wp\/v2\/product_brand?post=16882"},{"taxonomy":"product_cat","embeddable":true,"href":"https:\/\/www.hydraulic-cylinders.net\/lv\/wp-json\/wp\/v2\/product_cat?post=16882"},{"taxonomy":"product_tag","embeddable":true,"href":"https:\/\/www.hydraulic-cylinders.net\/lv\/wp-json\/wp\/v2\/product_tag?post=16882"}],"curies":[{"name":"wp","href":"https:\/\/api.w.org\/{rel}","templated":true}]}}