{"id":16886,"date":"2025-01-21T06:10:32","date_gmt":"2025-01-21T06:10:32","guid":{"rendered":"https:\/\/www.hydraulic-cylinders.net\/product\/arm-cylinder-for-baoding-wy80-6\/"},"modified":"2025-01-21T06:10:34","modified_gmt":"2025-01-21T06:10:34","slug":"arm-cylinder-for-baoding-wy80-6","status":"publish","type":"product","link":"https:\/\/www.hydraulic-cylinders.net\/lv\/products\/arm-cylinder-for-baoding-wy80-6\/","title":{"rendered":"Sviras cilindrs Baoding WY80-6"},"content":{"rendered":"<h1>Sviras cilindrs Baoding WY80-6<\/h1>\n<h2>Ievads<\/h2>\n<p>Baoding WY80-6 sviras cilindrs ir specializ\u0113ts hidrauliskais cilindrs, kas paredz\u0113ts, lai nodro\u0161in\u0101tu line\u0101ru kust\u012bbu un jaudu da\u017e\u0101du veidu ma\u0161\u012bnu, piem\u0113ram, ekskavatoru, celt\u0146u un robotiz\u0113tu roku, svirai. Sviras cilindram ir iz\u0161\u0137iro\u0161a noz\u012bme hidrauliskaj\u0101s sist\u0113m\u0101s, \u013caujot efekt\u012bvi p\u0101rvietot un kontrol\u0113t papildu instrumentus vai stiprin\u0101jumus. \u0160ie cilindri ne tikai nodro\u0161ina vienm\u0113r\u012bgu kust\u012bbu, bet ar\u012b iztur lielas slodzes, nodro\u0161inot ma\u0161\u012bnas efekt\u012bvu darb\u012bbu un uzticam\u012bbu da\u017e\u0101dos darba apst\u0101k\u013cos.<\/p>\n<p><img decoding=\"async\" src=\"https:\/\/www.hydraulic-cylinders.net\/wp-content\/uploads\/2025\/01\/songte-company-2.webp\" alt=\"Sviras cilindra att\u0113ls\"><\/p>\n<h2>Funkcijas<\/h2>\n<ul>\n<li>\n<h3>Augstas efektivit\u0101tes p\u0101rraide<\/h3>\n<p>Rokas cilindrs nodro\u0161ina jaud\u012bgu line\u0101ru kust\u012bbu un sp\u0113ku, garant\u0113jot robotiz\u0113t\u0101s rokas augstu veiktsp\u0113ju da\u017e\u0101d\u0101s oper\u0101cij\u0101s.<\/p>\n<\/li>\n<li>\n<h3>Prec\u012bza kontrole<\/h3>\n<p>Izmantojot hidraulisko sist\u0113mu, rokas cilindrs nodro\u0161ina prec\u012bzu kust\u012bbas kontroli, padarot pievienoto instrumentu darb\u012bbu elast\u012bg\u0101ku un prec\u012bz\u0101ku.<\/p>\n<\/li>\n<li>\n<h3>Iztur\u012bba<\/h3>\n<p>Sviras cilindrs parasti tiek izgatavots, izmantojot augstas stipr\u012bbas materi\u0101lus, kas nodro\u0161ina izcilu nodilumiztur\u012bbu un korozijas iztur\u012bbu, t\u0101p\u0113c ir piem\u0113rots ilgsto\u0161ai lieto\u0161anai skarbos apst\u0101k\u013cos.<\/p>\n<\/li>\n<li>\n<h3>Daudzpus\u012bga piel\u0101go\u0161an\u0101s sp\u0113ja<\/h3>\n<p>\u0160os cilindrus var pla\u0161i pielietot da\u017e\u0101d\u0101s meh\u0101nisk\u0101s iek\u0101rt\u0101s, piem\u0113ram, ekskavatoros, celt\u0146os un robotiz\u0113t\u0101s rok\u0101s, lai piel\u0101gotos da\u017e\u0101d\u0101m darba pras\u012bb\u0101m.<\/p>\n<\/li>\n<li>\n<h3>Vienk\u0101r\u0161a apkope<\/h3>\n<p>Sviras cilindrs ir izstr\u0101d\u0101ts, \u0146emot v\u0113r\u0101 vienk\u0101r\u0161u apkopi un nomai\u0146u, un tas atvieglo regul\u0101ras p\u0101rbaudes un apkopi, samazinot iek\u0101rtu d\u012bkst\u0101ves laiku.<\/p>\n<\/li>\n<\/ul>\n<p><img decoding=\"async\" src=\"https:\/\/www.hydraulic-cylinders.net\/wp-content\/uploads\/2025\/01\/songte-oil-pipes-and-spare-parts.webp\" alt=\"Hidraulisk\u0101 cilindra att\u0113ls\"><\/p>\n<h2>Pieteikumi<\/h2>\n<p>Baoding WY80-6 rokas cilindrs tiek izmantots da\u017e\u0101d\u0101s nozar\u0113s:<\/p>\n<ul>\n<li>\n<h3>B\u016bvniec\u012bbas in\u017eenierija<\/h3>\n<p>Ekskavatoros un celt\u0146os sviras cilindrs kontrol\u0113 kausu vai str\u0113les kust\u012bbu zemes darbos, materi\u0101lu apstr\u0101d\u0113 un konstrukciju uzst\u0101d\u012b\u0161an\u0101.<\/p>\n<\/li>\n<li>\n<h3>Ra\u017eo\u0161ana<\/h3>\n<p>Automatiz\u0113t\u0101s ra\u017eo\u0161anas l\u012bnij\u0101s rokas cilindrs nodro\u0161ina robotiz\u0113to roku kust\u012bbu mont\u0101\u017eas, metin\u0101\u0161anas un apstr\u0101des procesos, uzlabojot ra\u017eo\u0161anas efektivit\u0101ti un precizit\u0101ti.<\/p>\n<\/li>\n<li>\n<h3>Lauksaimniec\u012bbas tehnika<\/h3>\n<p>Lauksaimniec\u012bbas ma\u0161\u012bn\u0101s, piem\u0113ram, kombainos un s\u0113jma\u0161\u012bn\u0101s, sviras cilindrs kontrol\u0113 vad\u012bbas sviru kust\u012bbu t\u0101diem uzdevumiem k\u0101 st\u0101d\u012b\u0161ana, m\u0113slo\u0161ana un ra\u017eas nov\u0101k\u0161ana.<\/p>\n<\/li>\n<li>\n<h3>Kalnr\u016bpniec\u012bba<\/h3>\n<p>Kalnr\u016bpniec\u012bbas iek\u0101rt\u0101s rokas cilindrs kontrol\u0113 kalnr\u016bpniec\u012bbas ma\u0161\u012bnu rokas kust\u012bbu r\u016bdas ieguvei un transport\u0113\u0161anai.<\/p>\n<\/li>\n<li>\n<h3>Lo\u0123istika un transports<\/h3>\n<p>Iekr\u0101v\u0113jos un apstr\u0101des robotos rokas cilindrs kontrol\u0113 dak\u0161u pacel\u0161anu un kust\u012bbu, nodro\u0161inot materi\u0101lu apstr\u0101di un sakrau\u0161anu.<\/p>\n<\/li>\n<\/ul>\n<h2>Dizaina apsv\u0113rumi un atlases krit\u0113riji<\/h2>\n<p>Run\u0101jot par sviras cilindra konstrukciju un izv\u0113li, tiek \u0146emti v\u0113r\u0101 vair\u0101ki galvenie faktori:<\/p>\n<ul>\n<li>\n<h3>Nestsp\u0113ja<\/h3>\n<p>Sviras cilindram j\u0101sp\u0113j iztur\u0113t nepiecie\u0161amo slodzi, neapdraudot veiktsp\u0113ju un dro\u0161\u012bbu.<\/p>\n<\/li>\n<li>\n<h3>Bl\u012bv\u0113\u0161ana<\/h3>\n<p>Tiek izmantoti da\u017e\u0101di bl\u012bv\u0113\u0161anas komponenti, piem\u0113ram, virzu\u013ca bl\u012bvsl\u0113gi \u200b\u200bun stie\u0146a bl\u012bvsl\u0113gi. \u0160ie bl\u012bvsl\u0113gi \u200b\u200bir izgatavoti no nodilumiztur\u012bgiem materi\u0101liem, piem\u0113ram, poliuret\u0101na un nitrila gumijas. Cilindra korpuss un v\u012bt\u0146otie gali tiek r\u016bp\u012bgi apstr\u0101d\u0101ti, lai uzlabotu nodilumiztur\u012bbu. Lai nodro\u0161in\u0101tu vienm\u0113r\u012bgu darb\u012bbu, ir nepiecie\u0161ama regul\u0101ra e\u013c\u013co\u0161ana ar piem\u0113rotu hidraulisko e\u013c\u013cu.<\/p>\n<\/li>\n<li>\n<h3>Iztur\u012bba<\/h3>\n<p>Sviras cilindrs ir izgatavots no augstas kvalit\u0101tes materi\u0101liem un tiek pak\u013cauts stingriem ra\u017eo\u0161anas procesiem, lai nodro\u0161in\u0101tu iztur\u012bbu un ilgm\u016b\u017e\u012bbu sare\u017e\u0123\u012btos apst\u0101k\u013cos.<\/p>\n<\/li>\n<li>\n<h3>Dro\u0161\u012bba<\/h3>\n<p>Projekt\u0113\u0161anas apsv\u0113rumi ietver dro\u0161\u012bbas meh\u0101nismus negad\u012bjumu nov\u0113r\u0161anai, piem\u0113ram, spiediena samazin\u0101\u0161anas v\u0101rstus un av\u0101rijas aptur\u0113\u0161anas funkcijas.<\/p>\n<\/li>\n<li>\n<h3>Uzturam\u012bba<\/h3>\n<p>Sviras cilindrs ir paredz\u0113ts vienk\u0101r\u0161ai apkopei un remontam, ar pieejam\u0101m sast\u0101vda\u013c\u0101m un skaidr\u0101m instrukcij\u0101m.<\/p>\n<\/li>\n<\/ul>\n<p><img decoding=\"async\" src=\"https:\/\/www.hydraulic-cylinders.net\/wp-content\/uploads\/2025\/01\/songte-cylinder-head-with-all-kinds-excavator-models.webp\" alt=\"Sviras cilindra deta\u013cu att\u0113ls\"><\/p>\n<h2>Regul\u0101ra p\u0101rbaude un profilaktisk\u0101 apkope<\/h2>\n<p>Lai nodro\u0161in\u0101tu optim\u0101lu sviras cilindra darb\u012bbu un ilgm\u016b\u017e\u012bbu, j\u0101veic regul\u0101ras p\u0101rbaudes un profilaktisk\u0101s apkopes pas\u0101kumi:<\/p>\n<ul>\n<li>\n<h3>Regul\u0101ras p\u0101rbaudes<\/h3>\n<p>P\u0101rbaudiet cilindru, vai nav nopl\u016b\u017eu, nodiluma vai boj\u0101jumu paz\u012bmju. P\u0101rbaudiet hidraulisk\u0101 \u0161\u0137idruma l\u012bmeni un kvalit\u0101ti, k\u0101 ar\u012b p\u0101rliecinieties, vai visi savienojumi ir dro\u0161i.<\/p>\n<\/li>\n<li>\n<h3>Prevent\u012bv\u0101 apkope<\/h3>\n<p>Perform scheduled maintenance tasks, such as cleaning, lubrication, and replacement of worn-out seals or components. Follow the manufacturer&#8217;s guidelines for maintenance intervals.<\/p>\n<\/li>\n<\/ul>\n<h2>Produkta uzst\u0101d\u012b\u0161anas rokasgr\u0101mata<\/h2>\n<p>Pareiza sviras cilindra uzst\u0101d\u012b\u0161ana ir \u013coti svar\u012bga t\u0101 veiktsp\u0113jai un dro\u0161\u012bbai. Veiciet \u0161\u012bs darb\u012bbas:<\/p>\n<ol>\n<li>Sagatavojiet mont\u0101\u017eas virsmu un p\u0101rliecinieties, ka t\u0101 ir t\u012bra un bez gru\u017eiem.<\/li>\n<li>Novietojiet cilindru ar mont\u0101\u017eas caurumiem un nostipriniet to, izmantojot atbilsto\u0161as \u200b\u200bskr\u016bves un stiprin\u0101jumus.<\/li>\n<li>Pievienojiet hidraulisk\u0101s \u0161\u013c\u016btenes vai caurules, nodro\u0161inot pareizu bl\u012bv\u0113jumu un cie\u0161us savienojumus.<\/li>\n<li>P\u0101rbaudiet, vai nav nopl\u016b\u017eu, un veiciet darb\u012bbas p\u0101rbaudi, lai nodro\u0161in\u0101tu nevainojamu darb\u012bbu.<\/li>\n<\/ol>\n<p><img decoding=\"async\" src=\"https:\/\/www.hydraulic-cylinders.net\/wp-content\/uploads\/2025\/01\/songte-bushings-with-all-kinds-of-excavator-models.webp\" alt=\"Sviras cilindra uzst\u0101d\u012b\u0161anas att\u0113ls\"><\/p>\n<h2>Dro\u0161\u012bbas apsv\u0113rumi un vides faktori<\/h2>\n<p>Izmantojot rokas cilindru, ir svar\u012bgi iev\u0113rot dro\u0161\u012bbas pas\u0101kumus. J\u0101iev\u0113ro dro\u0161\u012bbas pas\u0101kumi, lai nov\u0113rstu negad\u012bjumus un nodro\u0161in\u0101tu operatoru un apk\u0101rt\u0113j\u0101 person\u0101la labkl\u0101j\u012bbu.<\/p>\n<p>Vides faktori, piem\u0113ram, temperat\u016bra, mitrums un pies\u0101r\u0146ot\u0101ji, var ietekm\u0113t sviras cilindra veiktsp\u0113ju un kalpo\u0161anas laiku. Ieteicams iek\u0101rtu darbin\u0101t ieteicamajos vides apst\u0101k\u013cos un veikt atbilsto\u0161us pas\u0101kumus, lai aizsarg\u0101tu cilindru no nelabv\u0113l\u012bgas ietekmes.<\/p>\n<h2>K\u013c\u016bmju diagnostika un bie\u017e\u0101k sastopam\u0101s probl\u0113mas<\/h2>\n<p>Reiz\u0113m var rasties probl\u0113mas ar sviras cilindru. \u0160eit ir da\u017eas bie\u017ei sastopamas probl\u0113mas un probl\u0113mu nov\u0113r\u0161anas padomi:<\/p>\n<ul>\n<li>\n<h3>K\u013c\u016bmju diagnostika<\/h3>\n<p>Analiz\u0113jiet simptomus un nosakiet iesp\u0113jamo probl\u0113mas c\u0113loni, piem\u0113ram, nopl\u016bdi, l\u0113nu kust\u012bbu vai neparastu troksni.<\/p>\n<\/li>\n<li>\n<h3>Probl\u0113mu risin\u0101\u0161ana<\/h3>\n<p>Pamatojoties uz diagnozi, ieviesiet atbilsto\u0161u risin\u0101jumu, piem\u0113ram, nomainiet bl\u012bves, p\u0101rbaudiet hidraulisk\u0101 \u0161\u0137idruma l\u012bmeni vai piel\u0101gojiet spiediena iestat\u012bjumus.<\/p>\n<\/li>\n<li>\n<h3>Prevent\u012bvie pas\u0101kumi<\/h3>\n<p>To minimize potential problems, regularly inspect and maintain the arm cylinder according to the manufacturer&#8217;s recommendations, and follow proper operating procedures.<\/p>\n<\/li>\n<\/ul>\n<p><img decoding=\"async\" src=\"https:\/\/www.hydraulic-cylinders.net\/wp-content\/uploads\/2025\/01\/songte-chushion-collar.webp\" alt=\"Sviras cilindra probl\u0113mu nov\u0113r\u0161anas att\u0113ls\"><\/p>\n<p>Atcerieties lo\u0123iski sak\u0101rtot rakstu, izmantot apak\u0161virsrakstus \u0113rtai navig\u0101cijai, iek\u013caut atbilsto\u0161us att\u0113lus vai diagrammas lab\u0101kai izpratnei un nodro\u0161in\u0101t satura skaidr\u012bbu, kodol\u012bgumu un piem\u0113rot\u012bbu las\u012bt\u0101jiem ar da\u017e\u0101diem tehnisko zin\u0101\u0161anu l\u012bme\u0146iem.<\/p>\n<h2>Par m\u016bsu uz\u0146\u0113mumu<\/h2>\n<p>M\u0113s esam profesion\u0101ls rezerves hidraulisko cilindru ra\u017eot\u0101js, kas pied\u0101v\u0101 pla\u0161u kl\u0101stu<\/p>","protected":false},"excerpt":{"rendered":"<p>Arm Cylinder For Baoding WY80-6 Introduction The Arm Cylinder for Baoding WY80-6 is a specialized hydraulic cylinder designed to provide linear motion and power to the arm of various types of machinery, such as excavators, cranes, and robotic arms. The arm cylinder plays a critical role in hydraulic systems, allowing for the efficient movement and [&hellip;]<\/p>","protected":false},"featured_media":14763,"comment_status":"open","ping_status":"closed","template":"","meta":{"_et_pb_use_builder":"","_et_pb_old_content":"","_et_gb_content_width":""},"product_brand":[],"product_cat":[1497],"product_tag":[1498,1496],"class_list":{"0":"post-16886","1":"product","2":"type-product","3":"status-publish","4":"has-post-thumbnail","6":"product_cat-arm-cylinders","7":"product_tag-arm-cylinders","8":"product_tag-hydraulic-cylinders","10":"first","11":"instock","12":"shipping-taxable","13":"product-type-simple"},"amp_enabled":true,"_links":{"self":[{"href":"https:\/\/www.hydraulic-cylinders.net\/lv\/wp-json\/wp\/v2\/product\/16886","targetHints":{"allow":["GET"]}}],"collection":[{"href":"https:\/\/www.hydraulic-cylinders.net\/lv\/wp-json\/wp\/v2\/product"}],"about":[{"href":"https:\/\/www.hydraulic-cylinders.net\/lv\/wp-json\/wp\/v2\/types\/product"}],"replies":[{"embeddable":true,"href":"https:\/\/www.hydraulic-cylinders.net\/lv\/wp-json\/wp\/v2\/comments?post=16886"}],"wp:featuredmedia":[{"embeddable":true,"href":"https:\/\/www.hydraulic-cylinders.net\/lv\/wp-json\/wp\/v2\/media\/14763"}],"wp:attachment":[{"href":"https:\/\/www.hydraulic-cylinders.net\/lv\/wp-json\/wp\/v2\/media?parent=16886"}],"wp:term":[{"taxonomy":"product_brand","embeddable":true,"href":"https:\/\/www.hydraulic-cylinders.net\/lv\/wp-json\/wp\/v2\/product_brand?post=16886"},{"taxonomy":"product_cat","embeddable":true,"href":"https:\/\/www.hydraulic-cylinders.net\/lv\/wp-json\/wp\/v2\/product_cat?post=16886"},{"taxonomy":"product_tag","embeddable":true,"href":"https:\/\/www.hydraulic-cylinders.net\/lv\/wp-json\/wp\/v2\/product_tag?post=16886"}],"curies":[{"name":"wp","href":"https:\/\/api.w.org\/{rel}","templated":true}]}}