{"id":16887,"date":"2025-01-21T06:10:37","date_gmt":"2025-01-21T06:10:37","guid":{"rendered":"https:\/\/www.hydraulic-cylinders.net\/product\/arm-cylinder-for-baoding-wy90-7\/"},"modified":"2025-01-21T06:10:38","modified_gmt":"2025-01-21T06:10:38","slug":"arm-cylinder-for-baoding-wy90-7","status":"publish","type":"product","link":"https:\/\/www.hydraulic-cylinders.net\/lv\/products\/arm-cylinder-for-baoding-wy90-7\/","title":{"rendered":"Sviras cilindrs Baoding WY90-7"},"content":{"rendered":"<h1>Sviras cilindrs Baoding WY90-7<\/h1>\n<h2>Ievads<\/h2>\n<p>Sviras cilindrs ir speci\u0101li izstr\u0101d\u0101ts hidrauliskais cilindrs, kas nodro\u0161ina line\u0101ru kust\u012bbu un jaudu da\u017e\u0101du ma\u0161\u012bnu, piem\u0113ram, ekskavatoru, celt\u0146u un meh\u0101nisko sviru, svirai. Tam ir iz\u0161\u0137iro\u0161a noz\u012bme hidrauliskaj\u0101s sist\u0113m\u0101s, nodro\u0161inot efekt\u012bvu papildu instrumentu vai stiprin\u0101jumu p\u0101rvieto\u0161anu un vad\u012bbu. \u0160ie cilindri ne tikai nodro\u0161ina vienm\u0113r\u012bgu kust\u012bbu, bet ar\u012b iztur lielas slodzes, nodro\u0161inot ma\u0161\u012bnu efekt\u012bvu darb\u012bbu un uzticam\u012bbu da\u017e\u0101dos darba apst\u0101k\u013cos.<\/p>\n<p><img decoding=\"async\" src=\"https:\/\/www.hydraulic-cylinders.net\/wp-content\/uploads\/2025\/01\/songte-company-2.webp\" alt=\"Sviras cilindra att\u0113ls\"><\/p>\n<h2>Funkcijas<\/h2>\n<ul>\n<li><strong>Augstas efektivit\u0101tes transmisija:<\/strong> Sviras cilindrs nodro\u0161ina jaud\u012bgu line\u0101ru kust\u012bbu un sp\u0113ku, garant\u0113jot meh\u0101nisk\u0101s sviras augstas veiktsp\u0113jas iesp\u0113jas da\u017e\u0101d\u0101s darb\u012bb\u0101s.<\/li>\n<li><strong>Prec\u012bzijas kontrole:<\/strong> Izmantojot hidraulisko sist\u0113mu, rokas cilindrs nodro\u0161ina prec\u012bzu kust\u012bbas kontroli, padarot pievienoto instrumentu darb\u012bbu elast\u012bg\u0101ku un prec\u012bz\u0101ku.<\/li>\n<li><strong>Iztur\u012bba:<\/strong> Sviru cilindri parasti tiek ra\u017eoti, izmantojot augstas iztur\u012bbas materi\u0101lus, kas nodro\u0161ina izcilu iztur\u012bbu pret nodilumu un koroziju, un ir piem\u0113roti ilgsto\u0161ai lieto\u0161anai skarbos apst\u0101k\u013cos.<\/li>\n<li><strong>Daudzfunkcion\u0101la piel\u0101go\u0161an\u0101s sp\u0113ja:<\/strong> \u0160os cilindrus var pla\u0161i pielietot da\u017e\u0101d\u0101m ma\u0161\u012bn\u0101m, piem\u0113ram, ekskavatoriem, celt\u0146iem un meh\u0101niskaj\u0101m svir\u0101m, piel\u0101gojoties da\u017e\u0101d\u0101m darba pras\u012bb\u0101m.<\/li>\n<li><strong>Apkopes vienk\u0101r\u0161\u012bba:<\/strong> Izstr\u0101d\u0101ti, lai atvieglotu apkopi un nomai\u0146u, regul\u0101ras p\u0101rbaudes un apkope ir \u0113rtas, samazinot iek\u0101rtu d\u012bkst\u0101ves laiku.<\/li>\n<\/ul>\n<p><img decoding=\"async\" src=\"https:\/\/www.hydraulic-cylinders.net\/wp-content\/uploads\/2025\/01\/songte-oil-pipes-and-spare-parts.webp\" alt=\"Papildu produktu att\u0113ls\"><\/p>\n<h2>Pieteikumi<\/h2>\n<p>Sviras cilindrs tiek izmantots da\u017e\u0101d\u0101s nozar\u0113s:<\/p>\n<ul>\n<li><strong>B\u016bvniec\u012bbas in\u017eenierija:<\/strong> Ekskavatoros un celt\u0146os sviras cilindrs tiek izmantots, lai kontrol\u0113tu kausa vai str\u0113les kust\u012bbu, atvieglojot zemes darbus, materi\u0101lu apstr\u0101di un konstrukciju uzst\u0101d\u012b\u0161anu.<\/li>\n<li><strong>Ra\u017eo\u0161anas nozare:<\/strong> Automatiz\u0113t\u0101s ra\u017eo\u0161anas l\u012bnij\u0101s sviras cilindrs nodro\u0161ina meh\u0101nisko sviru kust\u012bbu mont\u0101\u017eas, metin\u0101\u0161anas un apstr\u0101des procesos, uzlabojot ra\u017eo\u0161anas efektivit\u0101ti un precizit\u0101ti.<\/li>\n<li><strong>Lauksaimniec\u012bbas tehnika:<\/strong> Lauksaimniec\u012bbas ma\u0161\u012bn\u0101s, piem\u0113ram, kombainos un s\u0113jma\u0161\u012bn\u0101s, sviras cilindrs kontrol\u0113 vad\u012bbas sviras kust\u012bbu, veicot t\u0101dus uzdevumus k\u0101 s\u0113\u0161ana, m\u0113slo\u0161ana un ra\u017eas nov\u0101k\u0161ana.<\/li>\n<li><strong>Kalnr\u016bpniec\u012bbas nozare:<\/strong> Kalnr\u016bpniec\u012bbas iek\u0101rt\u0101s rokas cilindrs kontrol\u0113 kalnr\u016bpniec\u012bbas ma\u0161\u012bnu rokas kust\u012bbu, atvieglojot r\u016bdas ieguvi un transport\u0113\u0161anu.<\/li>\n<li><strong>Lo\u0123istika un transports:<\/strong> Iekr\u0101v\u0113jos un apstr\u0101des robotos rokas cilindrs kontrol\u0113 dak\u0161u pacel\u0161anu un kust\u012bbu, nodro\u0161inot materi\u0101lu apstr\u0101di un sakrau\u0161anu.<\/li>\n<\/ul>\n<h2>Dizaina apsv\u0113rumi un atlases krit\u0113riji<\/h2>\n<p>Izv\u0113loties un izv\u0113loties cilindru, j\u0101\u0146em v\u0113r\u0101 vair\u0101ki faktori:<\/p>\n<ul>\n<li><strong>Nestsp\u0113ja:<\/strong> Sviras cilindram j\u0101sp\u0113j iztur\u0113t paredzam\u0101s slodzes un sp\u0113kus, ar kuriem tas saskarsies darb\u012bbas laik\u0101.<\/li>\n<li><strong>Bl\u012bv\u0113jums:<\/strong> Lai nov\u0113rstu nopl\u016bdes un nodro\u0161in\u0101tu pareizu darb\u012bbu, j\u0101izmanto da\u017e\u0101di bl\u012bv\u0113\u0161anas komponenti, piem\u0113ram, virzu\u013ca bl\u012bvsl\u0113gi \u200b\u200bun stie\u0146a bl\u012bvsl\u0113gi. \u0160ie bl\u012bvsl\u0113gi \u200b\u200bbie\u017ei ir izgatavoti no nodilumiztur\u012bgiem materi\u0101liem, piem\u0113ram, poliuret\u0101na un nitrila gumijas.<\/li>\n<li><strong>Iztur\u012bba:<\/strong> Cilindra korpusam un v\u012bt\u0146otajiem galiem j\u0101veic smalka apstr\u0101de, lai uzlabotu nodilumiztur\u012bbu un ilgm\u016b\u017e\u012bbu.<\/li>\n<li><strong>Dro\u0161\u012bba:<\/strong> Projekt\u0113jot, j\u0101\u0146em v\u0113r\u0101 dro\u0161\u012bbas apsv\u0113rumi, nodro\u0161inot dro\u0161u darb\u012bbu un samazinot iesp\u0113jamos apdraud\u0113jumus.<\/li>\n<li><strong>Uzturam\u012bba:<\/strong> J\u0101apsver regul\u0101ra e\u013c\u013co\u0161ana ar atbilsto\u0161u hidraulisk\u0101s e\u013c\u013cas daudzumu un \u0113rta piek\u013cuve apkopei un remontam.<\/li>\n<\/ul>\n<p><img decoding=\"async\" src=\"https:\/\/www.hydraulic-cylinders.net\/wp-content\/uploads\/2025\/01\/songte-cylinder-head-with-all-kinds-excavator-models.webp\" alt=\"Cilindra galvas att\u0113ls\"><\/p>\n<h2>Bl\u012bv\u0113\u0161ana un e\u013c\u013co\u0161ana<\/h2>\n<p>Sviras cilindr\u0101 tiek izmantoti da\u017e\u0101di bl\u012bv\u0113\u0161anas komponenti, piem\u0113ram, virzu\u013ca bl\u012bvsl\u0113gi \u200b\u200bun stie\u0146a bl\u012bvsl\u0113gi, kas izgatavoti no nodilumiztur\u012bgiem materi\u0101liem, piem\u0113ram, poliuret\u0101na un nitrila gumijas. Cilindra korpuss un v\u012bt\u0146otie gali tiek r\u016bp\u012bgi apstr\u0101d\u0101ti, lai uzlabotu nodilumiztur\u012bbu. Lai nodro\u0161in\u0101tu vienm\u0113r\u012bgu darb\u012bbu, ir nepiecie\u0161ama regul\u0101ra e\u013c\u013co\u0161ana ar atbilsto\u0161u hidraulisk\u0101s e\u013c\u013cas daudzumu.<\/p>\n<h2>Regul\u0101ra p\u0101rbaude un profilaktisk\u0101 apkope<\/h2>\n<p>Lai uztur\u0113tu optim\u0101lu veiktsp\u0113ju, ir \u013coti svar\u012bgas regul\u0101ras p\u0101rbaudes un profilaktisk\u0101 apkope. J\u0101veic \u0161\u0101di pas\u0101kumi:<\/p>\n<ul>\n<li>P\u0101rbaudiet cilindru, vai nav nodiluma vai boj\u0101jumu paz\u012bmju.<\/li>\n<li>P\u0101rbaudiet un nomainiet visas nolietot\u0101s vai boj\u0101t\u0101s bl\u012bves.<\/li>\n<li>Nodro\u0161iniet atbilsto\u0161u e\u013c\u013co\u0161anu un p\u0113c nepiecie\u0161am\u012bbas papildiniet hidraulisko e\u013c\u013cu.<\/li>\n<li>P\u0101rbaudiet visus savienojumus un veidgabalus, vai nav nopl\u016b\u017eu.<\/li>\n<li>P\u0101rbaudiet vad\u012bbas v\u0101rstu un citu hidraulisko komponentu darb\u012bbu.<\/li>\n<\/ul>\n<h2>Instal\u0101cijas rokasgr\u0101mata<\/h2>\n<p>Pareiza sviras cilindra uzst\u0101d\u012b\u0161ana ir b\u016btiska optim\u0101lai veiktsp\u0113jai. Veiciet \u0161\u012bs darb\u012bbas:<\/p>\n<ol>\n<li>P\u0101rliecinieties, vai ma\u0161\u012bna ir izsl\u0113gta un viss hidrauliskais spiediens ir atbr\u012bvots.<\/li>\n<li>Novietojiet sviras cilindru v\u0113lamaj\u0101 viet\u0101, izl\u012bdzinot mont\u0101\u017eas caurumus.<\/li>\n<li>Dro\u0161i piestipriniet cilindru, izmantojot atbilsto\u0161as \u200b\u200bskr\u016bves un stiprin\u0101jumus.<\/li>\n<li>Connect the hydraulic hoses according to the machine&#8217;s hydraulic system.<\/li>\n<li>V\u0113lreiz p\u0101rbaudiet visu savienojumu stingr\u012bbu un pareizu izl\u012bdzin\u0101\u0161anu.<\/li>\n<\/ol>\n<p><img decoding=\"async\" src=\"https:\/\/www.hydraulic-cylinders.net\/wp-content\/uploads\/2025\/01\/songte-bushings-with-all-kinds-of-excavator-models.webp\" alt=\"Bukses att\u0113ls\"><\/p>\n<h2>Dro\u0161\u012bbas apsv\u0113rumi un vides faktori<\/h2>\n<p>Izmantojot rokas cilindru, dro\u0161\u012bbas pas\u0101kumi ir \u0101rk\u0101rt\u012bgi svar\u012bgi. Dro\u0161\u012bbas protokolu iev\u0113ro\u0161ana nodro\u0161ina negad\u012bjumu nov\u0113r\u0161anu un aizsarg\u0101 person\u0101lu un apr\u012bkojumu. \u0145emiet v\u0113r\u0101 sekojo\u0161o:<\/p>\n<ul>\n<li>Atbilsto\u0161a apm\u0101c\u012bba un sertifik\u0101cija operatoriem un apkopes person\u0101lam.<\/li>\n<li>Regul\u0101ras dro\u0161\u012bbas p\u0101rbaudes un riska nov\u0113rt\u0113jumi.<\/li>\n<li>Dro\u0161\u012bbas vadl\u012bniju un noteikumu iev\u0113ro\u0161ana.<\/li>\n<li>Pareiza individu\u0101lo aizsardz\u012bbas l\u012bdzek\u013cu (IAL) lieto\u0161ana.<\/li>\n<li>Ietekmes uz vidi \u0146em\u0161ana v\u0113r\u0101 un vides aizsardz\u012bbas noteikumu iev\u0113ro\u0161ana.<\/li>\n<\/ul>\n<h2>Probl\u0113mu nov\u0113r\u0161ana un bie\u017ei sastopamas probl\u0113mas<\/h2>\n<p>Neskatoties uz uzticamu veiktsp\u0113ju, sviras cilindriem var rasties probl\u0113mas. \u0160eit ir da\u017eas bie\u017ei sastopamas probl\u0113mas un to risin\u0101jumi:<\/p>\n<ul>\n<li><strong>Nopl\u016bde:<\/strong> P\u0101rbaudiet un nomainiet visus nodilu\u0161us vai boj\u0101tus bl\u012bv\u0113jumus. P\u0101rliecinieties, vai visi savienojumi ir pareizi uzst\u0101d\u012bti un pievilkti.<\/li>\n<li><strong>L\u0113na vai nekonsekventa kust\u012bba:<\/strong> P\u0101rbaudiet, vai nav zems hidraulisk\u0101s e\u013c\u013cas l\u012bmenis, un, ja nepiecie\u0161ams, uzpildiet. P\u0101rbaudiet vad\u012bbas v\u0101rstus, vai tie darbojas pareizi, un noregul\u0113jiet tos p\u0113c nepiecie\u0161am\u012bbas.<\/li>\n<li><strong>Troksnis vai vibr\u0101cija:<\/strong> P\u0101rbaudiet, vai nav va\u013c\u012bgu vai nolietotu deta\u013cu, piem\u0113ram, mont\u0101\u017eas skr\u016bvju vai bukses. Pievelciet vai nomainiet t\u0101s p\u0113c nepiecie\u0161am\u012bbas.<\/li>\n<\/ul>\n<p>Regul\u0101ra p\u0101rbaude, profilaktisk\u0101 apkope un \u0101tra probl\u0113mu nov\u0113r\u0161ana var samazin\u0101t iesp\u0113jam\u0101s probl\u0113mas un nodro\u0161in\u0101t sviras cilindra optim\u0101lu darb\u012bbu.<\/p>\n<p><img decoding=\"async\" src=\"https:\/\/www.hydraulic-cylinders.net\/wp-content\/uploads\/2025\/01\/songte-chushion-collar.webp\" alt=\"\u010cusjona apkakles att\u0113ls\"><\/p>\n<p>Atcerieties lo\u0123iski sak\u0101rtot rakstu, izmantot apak\u0161virsrakstus \u0113rtai navig\u0101cijai, iek\u013caut atbilsto\u0161us att\u0113lus vai diagrammas, lai uzlabotu izpratni, un nodro\u0161in\u0101t satura skaidr\u012bbu, kodol\u012bgumu un piem\u0113rot\u012bbu las\u012bt\u0101jiem ar da\u017e\u0101diem tehnisko zin\u0101\u0161anu l\u012bme\u0146iem.<\/p>\n<h2>Par m\u016bsu uz\u0146\u0113mumu<\/h2>\n<p>M\u0113s esam profesion\u0101ls hidraulisko cilindru ra\u017eot\u0101js, kas pied\u0101v\u0101 pla\u0161u produktu kl\u0101stu. K\u0101 viens no vado\u0161ajiem hidraulisko cilindru ra\u017eot\u0101jiem un vairumtirdzniec\u012bbas izplat\u012bt\u0101jiem gan viet\u0113j\u0101, gan starptautiskaj\u0101 tirg\u016b, m\u0113s priorit\u0101ti pie\u0161\u0137iram izcil\u012bbai kvalit\u0101t\u0113.<\/p>\n<ul>\n<li><strong>Specializ\u0101cija:<\/strong> M\u0113s specializ\u0113jamies sviru cilindru un citu hidraulisko komponentu ra\u017eo\u0161an\u0101.<\/li>\n<li><strong>Starptautisk\u0101s sertifik\u0101cijas:<\/strong> M\u016bsu produkti atbilst starptautiskajiem kvalit\u0101tes un dro\u0161\u012bbas standartiem, nodro\u0161inot uzticam\u012bbu un klientu apmierin\u0101t\u012bbu.<\/li>\n<li><strong>Piel\u0101go\u0161anas pakalpojumi:<\/strong> M\u0113s pied\u0101v\u0101jam piel\u0101gotus risin\u0101jumus, lai apmierin\u0101tu \u012bpa\u0161as klientu pras\u012bbas.<\/li>\n<li><strong>Uzlabots ra\u017eo\u0161anas apr\u012bkojums:<\/strong> M\u016bsu ra\u017eo\u0161anas iek\u0101rtas ir apr\u012bkotas ar modernu digit\u0101lo apr\u012bkojumu, kas nodro\u0161ina augstu precizit\u0101ti un efektivit\u0101ti.<\/li>\n<li><strong>P\u0113cp\u0101rdo\u0161anas serviss:<\/strong>","protected":false},"excerpt":{"rendered":"<p>Arm Cylinder For Baoding WY90-7 Introduction The arm cylinder is a specially designed hydraulic cylinder that provides linear motion and power to the arm of various machinery, such as excavators, cranes, and mechanical arms. It plays a crucial role in hydraulic systems, enabling the efficient movement and control of additional tools or attachments. These cylinders [&hellip;]<\/p>","protected":false},"featured_media":14759,"comment_status":"open","ping_status":"closed","template":"","meta":{"_et_pb_use_builder":"","_et_pb_old_content":"","_et_gb_content_width":""},"product_brand":[],"product_cat":[1497],"product_tag":[1498,1496],"class_list":{"0":"post-16887","1":"product","2":"type-product","3":"status-publish","4":"has-post-thumbnail","6":"product_cat-arm-cylinders","7":"product_tag-arm-cylinders","8":"product_tag-hydraulic-cylinders","10":"first","11":"instock","12":"shipping-taxable","13":"product-type-simple"},"amp_enabled":true,"_links":{"self":[{"href":"https:\/\/www.hydraulic-cylinders.net\/lv\/wp-json\/wp\/v2\/product\/16887","targetHints":{"allow":["GET"]}}],"collection":[{"href":"https:\/\/www.hydraulic-cylinders.net\/lv\/wp-json\/wp\/v2\/product"}],"about":[{"href":"https:\/\/www.hydraulic-cylinders.net\/lv\/wp-json\/wp\/v2\/types\/product"}],"replies":[{"embeddable":true,"href":"https:\/\/www.hydraulic-cylinders.net\/lv\/wp-json\/wp\/v2\/comments?post=16887"}],"wp:featuredmedia":[{"embeddable":true,"href":"https:\/\/www.hydraulic-cylinders.net\/lv\/wp-json\/wp\/v2\/media\/14759"}],"wp:attachment":[{"href":"https:\/\/www.hydraulic-cylinders.net\/lv\/wp-json\/wp\/v2\/media?parent=16887"}],"wp:term":[{"taxonomy":"product_brand","embeddable":true,"href":"https:\/\/www.hydraulic-cylinders.net\/lv\/wp-json\/wp\/v2\/product_brand?post=16887"},{"taxonomy":"product_cat","embeddable":true,"href":"https:\/\/www.hydraulic-cylinders.net\/lv\/wp-json\/wp\/v2\/product_cat?post=16887"},{"taxonomy":"product_tag","embeddable":true,"href":"https:\/\/www.hydraulic-cylinders.net\/lv\/wp-json\/wp\/v2\/product_tag?post=16887"}],"curies":[{"name":"wp","href":"https:\/\/api.w.org\/{rel}","templated":true}]}}