{"id":16888,"date":"2025-01-21T06:10:42","date_gmt":"2025-01-21T06:10:42","guid":{"rendered":"https:\/\/www.hydraulic-cylinders.net\/product\/arm-cylinder-for-baoding-sc240sd-8\/"},"modified":"2025-01-21T06:10:44","modified_gmt":"2025-01-21T06:10:44","slug":"arm-cylinder-for-baoding-sc240sd-8","status":"publish","type":"product","link":"https:\/\/www.hydraulic-cylinders.net\/lv\/products\/arm-cylinder-for-baoding-sc240sd-8\/","title":{"rendered":"Sviras cilindrs Baoding SC240SD.8"},"content":{"rendered":"<h1>Sviras cilindrs Baoding SC240SD.8<\/h1>\n<h2>Ievads<\/h2>\n<p>Sviras cilindrs ir speci\u0101li izstr\u0101d\u0101ts hidrauliskais cilindrs, ko galvenok\u0101rt izmanto, lai nodro\u0161in\u0101tu line\u0101ru kust\u012bbu un jaudu da\u017e\u0101du veidu ma\u0161\u012bnu, piem\u0113ram, ekskavatoru, celt\u0146u un meh\u0101nisko sviru, svir\u0101m. Sviras cilindram ir iz\u0161\u0137iro\u0161a noz\u012bme hidrauliskaj\u0101s sist\u0113m\u0101s, \u013caujot pielikumiem vai piederumiem efekt\u012bvi p\u0101rvietoties un vad\u012bties. \u0160ie cilindri ne tikai nodro\u0161ina vienm\u0113r\u012bgu kust\u012bbu, bet ar\u012b iztur lielas slodzes, nodro\u0161inot ma\u0161\u012bnas efekt\u012bvu darb\u012bbu un uzticam\u012bbu da\u017e\u0101dos darba apst\u0101k\u013cos.<\/p>\n<p><img decoding=\"async\" src=\"https:\/\/www.hydraulic-cylinders.net\/wp-content\/uploads\/2025\/01\/songte-company-2.webp\"><\/p>\n<h2>Funkcijas<\/h2>\n<ul>\n<li>Efekt\u012bva jaudas p\u0101rvade: Sviras cilindrs var nodro\u0161in\u0101t sp\u0113c\u012bgu line\u0101ru kust\u012bbu un sp\u0113ku, garant\u0113jot meh\u0101nisk\u0101s sviras augstu efektivit\u0101ti da\u017e\u0101d\u0101s darb\u012bb\u0101s.<\/li>\n<li>Prec\u012bza vad\u012bba: Izmantojot hidraulisk\u0101s sist\u0113mas, rokas cilindrs var pan\u0101kt prec\u012bzu kust\u012bbas vad\u012bbu, padarot pielikumu darb\u012bbu elast\u012bg\u0101ku un prec\u012bz\u0101ku.<\/li>\n<li>Sp\u0113c\u012bga iztur\u012bba: Sviras cilindrs parasti ir izgatavots no augstas iztur\u012bbas materi\u0101liem, tam ir laba nodilumiztur\u012bba un iztur\u012bba pret koroziju, kas ir piem\u0113rota ilgsto\u0161ai lieto\u0161anai skarbos apst\u0101k\u013cos.<\/li>\n<li>Daudzfunkcion\u0101la piel\u0101go\u0161an\u0101s sp\u0113ja: \u0161os cilindrus var pla\u0161i izmantot da\u017e\u0101d\u0101s meh\u0101nisk\u0101s iek\u0101rt\u0101s, piem\u0113ram, ekskavatoros, celt\u0146os un meh\u0101niskaj\u0101s svir\u0101s, piel\u0101gojoties da\u017e\u0101d\u0101m darba pras\u012bb\u0101m.<\/li>\n<li>Vienk\u0101r\u0161a apkope: Projekt\u0113jot \u0146emta v\u0113r\u0101 apkopes un nomai\u0146as vienk\u0101r\u0161\u012bba, padarot regul\u0101ru p\u0101rbaudi un apkopi \u0113rt\u0101ku un samazinot iek\u0101rtu d\u012bkst\u0101ves laiku.<\/li>\n<\/ul>\n<p>M\u0113s varam ra\u017eot \u0161o produktu, un m\u016bsu produkti var lieliski aizst\u0101t \u0161os hidrauliskos cilindrus.<\/p>\n<p><img decoding=\"async\" src=\"https:\/\/www.hydraulic-cylinders.net\/wp-content\/uploads\/2025\/01\/songte-oil-pipes-and-spare-parts.webp\"><\/p>\n<h2>Pieteikumi<\/h2>\n<p>Sviras cilindrs tiek pla\u0161i izmantots da\u017e\u0101d\u0101s nozar\u0113s, piem\u0113ram:<\/p>\n<ul>\n<li>Konstrukcija: Ekskavatoros un celt\u0146os sviras cilindrs tiek izmantots, lai kontrol\u0113tu kausa vai str\u0113les kust\u012bbu zemes p\u0101rvieto\u0161anas, materi\u0101lu apstr\u0101des un konstrukciju uzst\u0101d\u012b\u0161anas darbos.<\/li>\n<li>Ra\u017eo\u0161ana: Automatiz\u0113t\u0101s ra\u017eo\u0161anas l\u012bnij\u0101s sviras cilindrs tiek izmantots meh\u0101nisko sviru p\u0101rvieto\u0161anai, mont\u0101\u017eas, metin\u0101\u0161anas un apstr\u0101des procesos, uzlabojot ra\u017eo\u0161anas efektivit\u0101ti un precizit\u0101ti.<\/li>\n<li>Lauksaimniec\u012bbas tehnika: Lauksaimniec\u012bbas tehnik\u0101, piem\u0113ram, kombainos un s\u0113jma\u0161\u012bn\u0101s, sviras cilindrs kontrol\u0113 vad\u012bbas sviras kust\u012bbu, veicot t\u0101dus uzdevumus k\u0101 s\u0113\u0161ana, m\u0113slo\u0161ana un ra\u017eas nov\u0101k\u0161ana.<\/li>\n<li>Kalnr\u016bpniec\u012bba: Kalnr\u016bpniec\u012bbas iek\u0101rt\u0101s rokas cilindru izmanto, lai kontrol\u0113tu kalnr\u016bpniec\u012bbas iek\u0101rtu rokas kust\u012bbu r\u016bdas ieguvei un p\u0101rvad\u0101\u0161anai.<\/li>\n<li>Lo\u0123istika un transport\u0113\u0161ana: Iekr\u0101v\u0113jos un apstr\u0101des robotos rokas cilindrs tiek izmantots, lai kontrol\u0113tu dak\u0161as pacel\u0161anu un kust\u012bbu, nodro\u0161inot materi\u0101lu apstr\u0101di un sakrau\u0161anu.<\/li>\n<\/ul>\n<h2>Dizaina apsv\u0113rumi un atlases krit\u0113riji<\/h2>\n<p>No konstrukcijas viedok\u013ca, sviras cilindram j\u0101\u0146em v\u0113r\u0101 sekojo\u0161ais:<\/p>\n<h3>Kravnes\u012bba<\/h3>\n<p>Sviras cilindram ir j\u0101sp\u0113j nest slodzi un nodro\u0161in\u0101t darb\u012bbai nepiecie\u0161amo sp\u0113ku. Izv\u0113loties cilindru, j\u0101\u0146em v\u0113r\u0101 cilindra diametrs un g\u0101jiena garums.<\/p>\n<h3>Bl\u012bv\u0113\u0161ana<\/h3>\n<p>Sviras cilindram ir j\u0101b\u016bt labai bl\u012bv\u0113juma veiktsp\u0113jai, lai nov\u0113rstu nopl\u016bdes. Bl\u012bv\u0113juma veiktsp\u0113jas nodro\u0161in\u0101\u0161anai tiek izmantoti da\u017e\u0101di bl\u012bv\u0113juma komponenti, piem\u0113ram, virzu\u013ca bl\u012bv\u0113jumi un stie\u0146a bl\u012bv\u0113jumi. Bl\u012bv\u0113juma komponenti ir izgatavoti no nodilumiztur\u012bgiem materi\u0101liem, piem\u0113ram, poliuret\u0101na un nitrila gumijas.<\/p>\n<h3>Iztur\u012bba<\/h3>\n<p>Sviras cilindram ir j\u0101b\u016bt iztur\u012bgam un ar labu nodilumiztur\u012bbu un korozijas iztur\u012bbu. Lai uzlabotu iztur\u012bbu, var izmantot augstas stipr\u012bbas materi\u0101lus, virsmas apstr\u0101di un p\u0101rkl\u0101jumus.<\/p>\n<h3>Dro\u0161\u012bba<\/h3>\n<p>Sviras cilindram ir j\u0101b\u016bt dro\u0161am un uzticamam, ar t\u0101d\u0101m funkcij\u0101m k\u0101 p\u0101rslodzes aizsardz\u012bba un av\u0101rijas aptur\u0113\u0161anas funkcijas.<\/p>\n<h3>Uzturam\u012bba<\/h3>\n<p>Sviras cilindram j\u0101b\u016bt viegli kopjamam un remont\u0113jamam. Cilindra konstrukcijai j\u0101b\u016bt viegli izjaucamai un saliekamai, un deta\u013cu nomai\u0146ai j\u0101b\u016bt vienk\u0101r\u0161ai.<\/p>\n<p><img decoding=\"async\" src=\"https:\/\/www.hydraulic-cylinders.net\/wp-content\/uploads\/2025\/01\/songte-cylinder-head-with-all-kinds-excavator-models.webp\"><\/p>\n<h2>Bl\u012bv\u0113\u0161ana un e\u013c\u013co\u0161ana<\/h2>\n<p>Sviras cilindr\u0101 tiek izmantoti da\u017e\u0101di bl\u012bv\u0113\u0161anas komponenti, piem\u0113ram, virzu\u013ca bl\u012bv\u0113jumi un stie\u0146a bl\u012bv\u0113jumi, lai nodro\u0161in\u0101tu bl\u012bv\u0113juma veiktsp\u0113ju. Bl\u012bv\u0113\u0161anas komponenti ir izgatavoti no nodilumiztur\u012bgiem materi\u0101liem, piem\u0113ram, poliuret\u0101na un nitrila gumijas. Cilindra korpuss un v\u012btnes gala virsma ir smalki apstr\u0101d\u0101ta, lai uzlabotu nodilumiztur\u012bbu. Lai nodro\u0161in\u0101tu cilindra vienm\u0113r\u012bgu darb\u012bbu, ir nepiecie\u0161ama regul\u0101ra e\u013c\u013co\u0161ana ar hidraulisko e\u013c\u013cu.<\/p>\n<h2>Regul\u0101ra p\u0101rbaude un profilaktisk\u0101 apkope<\/h2>\n<p>Lai nodro\u0161in\u0101tu sviras cilindra ilgtermi\u0146a uzticam\u012bbu un dro\u0161\u012bbu, ir svar\u012bgi veikt regul\u0101ras p\u0101rbaudes un profilaktisko apkopi. J\u0101veic \u0161\u0101di pas\u0101kumi:<\/p>\n<ul>\n<li>Regul\u0101ri p\u0101rbaudiet cilindra korpusu, virzu\u013ca stieni un bl\u012bv\u0113juma komponentus, vai tie nav nodilu\u0161i vai boj\u0101ti.<\/li>\n<li>Regul\u0101ri nomainiet bl\u012bv\u0113juma komponentus, lai nodro\u0161in\u0101tu herm\u0113tiskuma veiktsp\u0113ju.<\/li>\n<li>Regul\u0101ri p\u0101rbaudiet un nomainiet hidraulisko e\u013c\u013cu.<\/li>\n<li>Regul\u0101ri p\u0101rbaudiet un pievelciet stiprin\u0101jumus.<\/li>\n<li>Regul\u0101ri p\u0101rbaudiet un nomainiet filtra elementu.<\/li>\n<\/ul>\n<p><img decoding=\"async\" src=\"https:\/\/www.hydraulic-cylinders.net\/wp-content\/uploads\/2025\/01\/songte-chushion-collar.webp\"><\/p>\n<h2>Instal\u0101cijas rokasgr\u0101mata<\/h2>\n<p>Sviras cilindra uzst\u0101d\u012b\u0161ana j\u0101veic saska\u0146\u0101 ar instrukcij\u0101m:<\/p>\n<ol>\n<li>P\u0101rliecinieties, vai uzst\u0101d\u012b\u0161anas virsma ir l\u012bdzena un t\u012bra.<\/li>\n<li>Uzst\u0101diet cilindru atbilsto\u0161i bulti\u0146as virzienam uz cilindra korpusa.<\/li>\n<li>Piev\u0113rsiet uzman\u012bbu cilindra uzst\u0101d\u012b\u0161anas poz\u012bcijai un izvairieties no virzu\u013ca stie\u0146a trieciena ar \u0101r\u0113jiem priek\u0161metiem.<\/li>\n<li>P\u0101rliecinieties, vai stiprin\u0101jumi ir pievilkti l\u012bdz nor\u0101d\u012btajam griezes momentam.<\/li>\n<li>P\u0113c uzst\u0101d\u012b\u0161anas p\u0101rbaudiet cilindra darb\u012bbu, lai p\u0101rliecin\u0101tos, ka cilindrs darbojas vienm\u0113r\u012bgi un pareizi.<\/li>\n<\/ol>\n<p><img decoding=\"async\" src=\"https:\/\/www.hydraulic-cylinders.net\/wp-content\/uploads\/2025\/01\/songte-bushings-with-all-kinds-of-excavator-models.webp\"><\/p>\n<h2>Dro\u0161\u012bbas apsv\u0113rumi un vides faktori<\/h2>\n<p>Izmantojot rokas cilindru, j\u0101veic dro\u0161\u012bbas pas\u0101kumi, lai nov\u0113rstu negad\u012bjumus. J\u0101\u0146em v\u0113r\u0101 \u0161\u0101di dro\u0161\u012bbas pas\u0101kumi:<\/p>\n<ul>\n<li>P\u0101rliecinieties, ka cilindrs ir uzst\u0101d\u012bts un lietots saska\u0146\u0101 ar instrukcij\u0101m.<\/li>\n<li>Piev\u0113rsiet uzman\u012bbu cilindra slodzes iztur\u012bbai un nep\u0101rsniedziet nor\u0101d\u012bto ierobe\u017eojumu.<\/li>\n<li>Regul\u0101ri p\u0101rbaudiet cilindru, vai nav nodiluma vai boj\u0101jumu, un savlaic\u012bgi nomainiet deta\u013cas.<\/li>\n<li>Izmantojiet aizsargl\u012bdzek\u013cus, lai nov\u0113rstu negad\u012bjumus, ko izraisa e\u013c\u013cas nopl\u016bdes.<\/li>\n<\/ul>\n<h2>Probl\u0113mu nov\u0113r\u0161ana un bie\u017ei sastopamas probl\u0113mas<\/h2>\n<p>Bie\u017ei sastopamas probl\u0113mas ar sviras cilindru ir e\u013c\u013cas nopl\u016bde, nepietiekama jauda un neparasts troksnis. \u0160ie padomi un risin\u0101jumi var pal\u012bdz\u0113t diagnostic\u0113t un nov\u0113rst probl\u0113mas:<\/p>\n<ul>\n<li>Ja cilindra korpus\u0101 ir e\u013c\u013cas nopl\u016bde, p\u0101rbaudiet bl\u012bv\u0113juma deta\u013cas un, ja nepiecie\u0161ams, nomainiet t\u0101s.<\/li>\n<li>Ja jauda nav pietiekama, p\u0101rbaudiet celtsp\u0113ju un attiec\u012bgi noregul\u0113jiet hidraulisko sist\u0113mu.<\/li>\n<li>Ja ir dzirdams neparasts troksnis, p\u0101rbaudiet stiprin\u0101jumus un bl\u012bv\u0113juma deta\u013cas un, ja nepiecie\u0161ams, pievelciet tos.<\/li>\n<\/ul>\n<p>Prevent\u012bvie pas\u0101kumi, piem\u0113ram, regul\u0101ra p\u0101rbaude, apkope un deta\u013cu nomai\u0146a, var samazin\u0101t iesp\u0113jam\u0101s probl\u0113mas un nodro\u0161in\u0101t sviras cilindra ilgtermi\u0146a uzticam\u012bbu.<\/p>\n<p><img decoding=\"async\" src=\"https:\/\/www.hydraulic-cylinders.net\/wp-content\/uploads\/2025\/01\/songte-company-4.webp\"><br \/>\n<img decoding=\"async\" src=\"https:\/\/www.hydraulic-cylinders.net\/wp-content\/uploads\/2025\/01\/songte-company-3.webp\"><\/p>\n<h2>Par mums<\/h2>\n<p>M\u0113s esam profesion\u0101ls rezerves hidraulisko cilindru ra\u017eot\u0101js ar pla\u0161u produktu kl\u0101stu. Esam k\u013cuvu\u0161i par vienu no vado\u0161ajiem hidraulisko cilindru ra\u017eot\u0101jiem un vairumtirgot\u0101jiem viet\u0113j\u0101 un starptautiskaj\u0101 tirg\u016b. M\u0113s vienm\u0113r iev\u0113rojam izcilas kvalit\u0101tes principu, pa\u013caujoties uz r\u016bpniecisk\u0101s ra\u017eo\u0161anas vad\u012bbas strat\u0113\u0123ij\u0101m prec\u012bz\u0101s ra\u017eo\u0161anas darbn\u012bc\u0101s, lai nep\u0101rtraukti uzlabotu tehnisko l\u012bmeni un ra\u017eo\u0161anas efektivit\u0101ti. Ievie\u0161ot augstas klases digit\u0101l\u0101s ra\u017eo\u0161anas iek\u0101rtas un profesion\u0101las test\u0113\u0161anas sist\u0113mas, m\u0113s nep\u0101rtraukti optimiz\u0113jam ra\u017eo\u0161anas platformu, uzlabojam produktu kvalit\u0101tes kontroles procesu un mums ir sp\u0113c\u012bgas inov\u0101ciju iesp\u0113jas. M\u016bsu m\u0113r\u0137is ir apmierin\u0101t klientu da\u017e\u0101d\u0101s vajadz\u012bbas, izmantojot efekt\u012bvus, prec\u012bzus un augstas kvalit\u0101tes principus.<\/p>\n<h3>Profesionalit\u0101te<\/h3>\n<p>M\u0113s esam pieredz\u0113ju\u0161u profesion\u0101\u013cu komanda, kas ir ap\u0146\u0113musies nodro\u0161in\u0101t m\u016bsu klientiem vislab\u0101k\u0101s kvalit\u0101tes produktus un pakalpojumus. Mums ir padzi\u013cin\u0101tas zin\u0101\u0161anas par hidrauliskajiem cilindriem un m\u0113s varam sniegt profesion\u0101las konsult\u0101cijas un risin\u0101jumus, lai apmierin\u0101tu da\u017e\u0101du klientu vajadz\u012bbas.<\/p>\n<h3>Starptautisk\u0101 sertifik\u0101cija<\/h3>\n<p>M\u016bsu produkti ir iztur\u0113ju\u0161i da\u017e\u0101dus starptautiskus sertifik\u0101tus, piem\u0113ram, ISO9001, CE un SGS, un m\u0113s stingri kontrol\u0113jam produktu kvalit\u0101ti saska\u0146\u0101 ar starptautiskajiem standartiem.<\/p>\n<h3>Piel\u0101go\u0161anas pakalpojumi<\/h3>\n<p>M\u0113s varam nodro\u0161in\u0101t piel\u0101go\u0161anas pakalpojumus atbilsto\u0161i klientu \u012bpa\u0161aj\u0101m vajadz\u012bb\u0101m, piem\u0113ram, \u012bpa\u0161iem izm\u0113riem, form\u0101m un materi\u0101liem.<\/p>\n<h3>Ra\u017eo\u0161anas iek\u0101rtas<\/h3>\n<p>Mums ir uzlabotas ra\u017eo\u0161anas iek\u0101rtas, piem\u0113ram, CNC apstr\u0101des centri, prec\u012bzijas sl\u012bpma\u0161\u012bnas un autom\u0101tisk\u0101s metin\u0101\u0161anas iek\u0101rtas, lai nodro\u0161in\u0101tu augstu ra\u017eo\u0161anas precizit\u0101ti un automatiz\u0101ciju.<\/p>\n<h3>P\u0113cp\u0101rdo\u0161anas serviss<\/h3>\n<p>M\u0113s pied\u0101v\u0101jam visaptvero\u0161u p\u0113cp\u0101rdo\u0161anas servisu, tostarp tehnisko atbalstu, apkopi un remonta pakalpojumus, lai nodro\u0161in\u0101tu, ka klienti var dro\u0161i lietot m\u016bsu produktus.<\/p>\n<p>Autors: lil<\/p>","protected":false},"excerpt":{"rendered":"<p>Arm Cylinder For Baoding SC240SD.8 Introduction The arm cylinder is a specially designed hydraulic cylinder that is primarily used to provide linear motion and power to the arms of various types of machinery such as excavators, cranes, and mechanical arms. The arm cylinder plays a crucial role in hydraulic systems, enabling attachments or accessories to [&hellip;]<\/p>","protected":false},"featured_media":14786,"comment_status":"open","ping_status":"closed","template":"","meta":{"_et_pb_use_builder":"","_et_pb_old_content":"","_et_gb_content_width":""},"product_brand":[],"product_cat":[1497],"product_tag":[1498,1496],"class_list":{"0":"post-16888","1":"product","2":"type-product","3":"status-publish","4":"has-post-thumbnail","6":"product_cat-arm-cylinders","7":"product_tag-arm-cylinders","8":"product_tag-hydraulic-cylinders","10":"first","11":"instock","12":"shipping-taxable","13":"product-type-simple"},"amp_enabled":true,"_links":{"self":[{"href":"https:\/\/www.hydraulic-cylinders.net\/lv\/wp-json\/wp\/v2\/product\/16888","targetHints":{"allow":["GET"]}}],"collection":[{"href":"https:\/\/www.hydraulic-cylinders.net\/lv\/wp-json\/wp\/v2\/product"}],"about":[{"href":"https:\/\/www.hydraulic-cylinders.net\/lv\/wp-json\/wp\/v2\/types\/product"}],"replies":[{"embeddable":true,"href":"https:\/\/www.hydraulic-cylinders.net\/lv\/wp-json\/wp\/v2\/comments?post=16888"}],"wp:featuredmedia":[{"embeddable":true,"href":"https:\/\/www.hydraulic-cylinders.net\/lv\/wp-json\/wp\/v2\/media\/14786"}],"wp:attachment":[{"href":"https:\/\/www.hydraulic-cylinders.net\/lv\/wp-json\/wp\/v2\/media?parent=16888"}],"wp:term":[{"taxonomy":"product_brand","embeddable":true,"href":"https:\/\/www.hydraulic-cylinders.net\/lv\/wp-json\/wp\/v2\/product_brand?post=16888"},{"taxonomy":"product_cat","embeddable":true,"href":"https:\/\/www.hydraulic-cylinders.net\/lv\/wp-json\/wp\/v2\/product_cat?post=16888"},{"taxonomy":"product_tag","embeddable":true,"href":"https:\/\/www.hydraulic-cylinders.net\/lv\/wp-json\/wp\/v2\/product_tag?post=16888"}],"curies":[{"name":"wp","href":"https:\/\/api.w.org\/{rel}","templated":true}]}}