{"id":16901,"date":"2025-01-21T06:11:37","date_gmt":"2025-01-21T06:11:37","guid":{"rendered":"https:\/\/www.hydraulic-cylinders.net\/product\/arm-cylinder-for-dasin-ds50-7\/"},"modified":"2025-01-21T06:11:39","modified_gmt":"2025-01-21T06:11:39","slug":"arm-cylinder-for-dasin-ds50-7","status":"publish","type":"product","link":"https:\/\/www.hydraulic-cylinders.net\/lv\/products\/arm-cylinder-for-dasin-ds50-7\/","title":{"rendered":"Sviras cilindrs Dasin DS50-7"},"content":{"rendered":"<h1>Sviras cilindrs Dasin DS50-7<\/h1>\n<h2>Ievads<\/h2>\n<p>Sviras cilindrs ir speci\u0101li izstr\u0101d\u0101ts hidrauliskais cilindrs, ko izmanto, lai nodro\u0161in\u0101tu line\u0101ru kust\u012bbu un jaudu da\u017e\u0101du veidu ma\u0161\u012bnu, piem\u0113ram, ekskavatoru, celt\u0146u un robotiz\u0113tu roku, svir\u0101m. Sviras cilindram ir galven\u0101 loma hidrauliskaj\u0101s sist\u0113m\u0101s, \u013caujot pielikumiem vai piederumiem efekt\u012bvi p\u0101rvietoties un tikt vad\u012btiem. \u0160ie cilindri ne tikai nodro\u0161ina vienm\u0113r\u012bgu kust\u012bbu, bet ar\u012b iztur lielas slodzes, nodro\u0161inot ma\u0161\u012bnu efekt\u012bvu darb\u012bbu un uzticam\u012bbu da\u017e\u0101dos ekspluat\u0101cijas apst\u0101k\u013cos.<\/p>\n<p><img decoding=\"async\" src=\"https:\/\/www.hydraulic-cylinders.net\/wp-content\/uploads\/2025\/01\/songte-company-2.webp\" alt=\"Sviras cilindrs\"><\/p>\n<h2>Funkcijas<\/h2>\n<ul>\n<li>Augstas efektivit\u0101tes transmisija: Rokas cilindrs nodro\u0161ina jaud\u012bgu line\u0101ru kust\u012bbu un sp\u0113ku, garant\u0113jot robotiz\u0113t\u0101s rokas augstu efektivit\u0101ti da\u017e\u0101du darb\u012bbu laik\u0101.<\/li>\n<li>Prec\u012bza vad\u012bba: Izmantojot hidraulisko sist\u0113mu, rokas cilindrs var pan\u0101kt prec\u012bzu kust\u012bbas vad\u012bbu, padarot pielikumu darb\u012bbu elast\u012bg\u0101ku un prec\u012bz\u0101ku.<\/li>\n<li>Sp\u0113c\u012bga iztur\u012bba: Sviru cilindri parasti ir izgatavoti no augstas iztur\u012bbas materi\u0101liem, ar labu nodilumiztur\u012bbu un iztur\u012bbu pret koroziju, piem\u0113roti ilgsto\u0161ai lieto\u0161anai skarbos apst\u0101k\u013cos.<\/li>\n<li>Daudzfunkcion\u0101la piel\u0101go\u0161an\u0101s sp\u0113ja: \u0161os cilindrus var pla\u0161i izmantot da\u017e\u0101d\u0101s meh\u0101nisk\u0101s iek\u0101rt\u0101s, piem\u0113ram, ekskavatoros, celt\u0146os un robotiz\u0113t\u0101s rok\u0101s, lai apmierin\u0101tu da\u017e\u0101das darba pras\u012bbas.<\/li>\n<li>Vienk\u0101r\u0161a apkope: Projekt\u0113jot \u0146emta v\u0113r\u0101 apkopes un nomai\u0146as vienk\u0101r\u0161\u012bba, padarot regul\u0101ru p\u0101rbaudi un apkopi \u0113rt\u0101ku un samazinot iek\u0101rtu d\u012bkst\u0101ves laiku.<\/li>\n<\/ul>\n<p>M\u016bsu produkts var lieliski aizst\u0101t \u0161os hidrauliskos cilindrus.<\/p>\n<p><img decoding=\"async\" src=\"https:\/\/www.hydraulic-cylinders.net\/wp-content\/uploads\/2025\/01\/songte-oil-pipes-and-spare-parts.webp\" alt=\"Hidraulisko cilindru deta\u013cas\"><\/p>\n<h2>Pieteikumi<\/h2>\n<p>Sviras cilindrs tiek izmantots da\u017e\u0101d\u0101s nozar\u0113s un pielietojumos, piem\u0113ram:<\/p>\n<ul>\n<li>Konstrukcija: Ekskavatoros un celt\u0146os sviras cilindrs tiek izmantots, lai kontrol\u0113tu kausa vai str\u0113les kust\u012bbu zemes p\u0101rvieto\u0161anas, materi\u0101lu apstr\u0101des un konstrukciju uzst\u0101d\u012b\u0161anas laik\u0101.<\/li>\n<li>Ra\u017eo\u0161ana: Automatiz\u0113t\u0101s ra\u017eo\u0161anas l\u012bnij\u0101s rokas cilindrs tiek izmantots robotiz\u0113tu roku kust\u012bbai mont\u0101\u017e\u0101, metin\u0101\u0161an\u0101 un materi\u0101lu apstr\u0101d\u0113, uzlabojot ra\u017eo\u0161anas efektivit\u0101ti un precizit\u0101ti.<\/li>\n<li>Lauksaimniec\u012bbas tehnika: Lauksaimniec\u012bbas tehnik\u0101, piem\u0113ram, kombainos un s\u0113jma\u0161\u012bn\u0101s, sviras cilindrs kontrol\u0113 vad\u012bbas sviras kust\u012bbu, veicot t\u0101dus uzdevumus k\u0101 st\u0101d\u012b\u0161ana, m\u0113slo\u0161ana un ra\u017eas nov\u0101k\u0161ana.<\/li>\n<li>Kalnr\u016bpniec\u012bba: Kalnr\u016bpniec\u012bbas iek\u0101rt\u0101s sviras cilindrs tiek izmantots, lai kontrol\u0113tu kalnr\u016bpniec\u012bbas iek\u0101rtu sviru kust\u012bbu r\u016bdas ieguvei un apstr\u0101dei.<\/li>\n<li>Lo\u0123istika un transport\u0113\u0161ana: Iekr\u0101v\u0113jos un materi\u0101lu apstr\u0101des robotos rokas cilindrs tiek izmantots, lai kontrol\u0113tu dak\u0161u pacel\u0161anu un kust\u012bbu, nodro\u0161inot materi\u0101lu apstr\u0101di un sakrau\u0161anu.<\/li>\n<\/ul>\n<h2>Dizaina apsv\u0113rumi un atlases krit\u0113riji<\/h2>\n<p>Run\u0101jot par konstrukcijas apsv\u0113rumiem, sviras cilindriem ir j\u0101b\u016bt ar augstu nestsp\u0113ju, labu bl\u012bv\u0113jumu, iztur\u012bbu, dro\u0161\u012bbu un vieglu apkopi. Var apspriest \u0161\u0101dus punktus:<\/p>\n<ul>\n<li>Nestsp\u0113ja: Sviras cilindram ir j\u0101iztur lielas slodzes un j\u0101nodro\u0161ina jaud\u012bga line\u0101ra kust\u012bba, lai nodro\u0161in\u0101tu efekt\u012bvu tehnikas darb\u012bbu.<\/li>\n<li>Bl\u012bv\u0113jums: Lai nodro\u0161in\u0101tu labu cilindra bl\u012bv\u0113juma veiktsp\u0113ju, tiek izmantoti da\u017e\u0101di bl\u012bv\u0113\u0161anas elementi, piem\u0113ram, virzu\u013ca bl\u012bv\u0113jumi un stie\u0146a bl\u012bv\u0113jumi, kas izgatavoti no nodilumiztur\u012bgiem materi\u0101liem, piem\u0113ram, poliuret\u0101na un nitrila gumijas.<\/li>\n<li>Iztur\u012bba: Sviru cilindri parasti ir izgatavoti no augstas iztur\u012bbas materi\u0101liem, ar labu nodilumiztur\u012bbu un iztur\u012bbu pret koroziju, kas ir piem\u0113roti ilgsto\u0161ai lieto\u0161anai skarbos apst\u0101k\u013cos.<\/li>\n<li>Dro\u0161\u012bba: Balonam j\u0101b\u016bt konstru\u0113tam ar dro\u0161\u012bbas funkcij\u0101m, piem\u0113ram, spiediena samazin\u0101\u0161anas v\u0101rstiem, p\u0101rslodzes aizsardz\u012bbu un blo\u0137\u0113\u0161anas meh\u0101nismiem, lai nov\u0113rstu negad\u012bjumus.<\/li>\n<li>Apkope: Projekt\u0113jot j\u0101\u0146em v\u0113r\u0101 apkopes un nomai\u0146as vienk\u0101r\u0161\u012bba, lai regul\u0101ra p\u0101rbaude un apkope b\u016btu \u0113rt\u0101ka un samazin\u0101ts iek\u0101rtu d\u012bkst\u0101ves laiks.<\/li>\n<\/ul>\n<p><img decoding=\"async\" src=\"https:\/\/www.hydraulic-cylinders.net\/wp-content\/uploads\/2025\/01\/songte-cylinder-head-with-all-kinds-excavator-models.webp\" alt=\"Cilindra galva\"><\/p>\n<h2>Bl\u012bv\u0113\u0161ana un e\u013c\u013co\u0161ana<\/h2>\n<p>Sviras cilindr\u0101 tiek izmantoti da\u017e\u0101di bl\u012bv\u0113\u0161anas elementi, piem\u0113ram, virzu\u013ca bl\u012bv\u0113jumi un stie\u0146a bl\u012bv\u0113jumi, kas izgatavoti no nodilumiztur\u012bgiem materi\u0101liem, piem\u0113ram, poliuret\u0101na un nitrila gumijas, lai nodro\u0161in\u0101tu labu cilindra bl\u012bv\u0113\u0161anas veiktsp\u0113ju. Cilindra korpuss un v\u012btnes gala virsma ir smalki apstr\u0101d\u0101ta, lai uzlabotu nodilumiztur\u012bbu. Cilindra e\u013c\u013co\u0161anai ir nepiecie\u0161ams regul\u0101ri pievienot piem\u0113rotu hidraulisko e\u013c\u013cu.<\/p>\n<h2>Apkope un prevent\u012bvie pas\u0101kumi<\/h2>\n<p>Regul\u0101ra p\u0101rbaude un profilaktisk\u0101 apkope var efekt\u012bvi pagarin\u0101t sviras cilindra kalpo\u0161anas laiku. Var veikt \u0161\u0101dus pas\u0101kumus:<\/p>\n<ul>\n<li>Regul\u0101ri p\u0101rbaudiet un nomainiet bl\u012bves, lai nodro\u0161in\u0101tu labu bl\u012bv\u0113juma veiktsp\u0113ju.<\/li>\n<li>P\u0101rbaudiet cilindra korpusu un v\u012btnes gala virsmu, vai taj\u0101 nav nodiluma vai boj\u0101jumu, un, ja nepiecie\u0161ams, nomainiet tos.<\/li>\n<li>Regul\u0101ri nomainiet hidraulisko e\u013c\u013cu un uzturiet to t\u012bru, lai nodro\u0161in\u0101tu pareizu cilindra e\u013c\u013co\u0161anu.<\/li>\n<li>P\u0101rbaudiet balona dro\u0161\u012bbas funkcijas, piem\u0113ram, spiediena samazin\u0101\u0161anas v\u0101rstus, p\u0101rslodzes aizsardz\u012bbu un blo\u0137\u0113\u0161anas meh\u0101nismus, un p\u0101rliecinieties, ka tie darbojas pareizi.<\/li>\n<\/ul>\n<p><img decoding=\"async\" src=\"https:\/\/www.hydraulic-cylinders.net\/wp-content\/uploads\/2025\/01\/songte-chushion-collar.webp\" alt=\"Spilvenu apkakle\"><\/p>\n<h2>Instal\u0101cijas rokasgr\u0101mata<\/h2>\n<p>Pirms uzst\u0101d\u012b\u0161anas r\u016bp\u012bgi izlasiet un izprotiet uzst\u0101d\u012b\u0161anas instrukcijas un p\u0101rliecinieties, vai sviras cilindrs un t\u0101 sast\u0101vda\u013cas ir lab\u0101 st\u0101vokl\u012b. Veiciet \u0161\u0101das darb\u012bbas:<\/p>\n<ol>\n<li>Uzst\u0101diet cilindru atbilsto\u0161i bulti\u0146as virzienam uz cilindra korpusa.<\/li>\n<li>P\u0101rliecinieties, vai cilindra savienojuma virsma un ma\u0161\u012bnas uzst\u0101d\u012b\u0161anas virsma ir t\u012bras un bez boj\u0101jumiem.<\/li>\n<li>Uz cilindra un saskares virsmas uzkl\u0101jiet atbilsto\u0161u daudzumu sm\u0113rvielas.<\/li>\n<li>Uzst\u0101diet cilindru atbilsto\u0161i nor\u0101d\u012btajam griezes momentam un pievilk\u0161anas sec\u012bbai.<\/li>\n<li>P\u0101rbaudiet uzst\u0101d\u012b\u0161anu, vai nav nopl\u016b\u017eu un vai t\u0101 darbojas pareizi.<\/li>\n<\/ol>\n<h2>Dro\u0161\u012bbas apsv\u0113rumi un vides faktori<\/h2>\n<p>Lietojot svircilindrus, ir svar\u012bgi iev\u0113rot dro\u0161\u012bbas pas\u0101kumus. Balonu ekspluat\u0101cija saska\u0146\u0101 ar ra\u017eot\u0101ja nor\u0101d\u012bjumiem, apr\u012bkojuma apkope un dro\u0161\u012bbas funkciju pareizas darb\u012bbas nodro\u0161in\u0101\u0161ana var pal\u012bdz\u0113t nov\u0113rst negad\u012bjumus. Vides faktori, piem\u0113ram, temperat\u016bra, mitrums un \u0137\u012bmiskais pies\u0101r\u0146ojums, var ietekm\u0113t balonu darb\u012bbu un kalpo\u0161anas laiku.<\/p>\n<h2>Probl\u0113mu nov\u0113r\u0161ana un bie\u017ei sastopamas probl\u0113mas<\/h2>\n<p>Bie\u017ei sastopamas probl\u0113mas ar sviras cilindriem ir nopl\u016bdes, l\u0113na darb\u012bba un neparasts troksnis. \u0160ie padomi un risin\u0101jumi var pal\u012bdz\u0113t diagnostic\u0113t un nov\u0113rst \u0161\u012bs probl\u0113mas:<\/p>\n<ul>\n<li>Nopl\u016bde: P\u0101rbaudiet bl\u012bv\u0113juma elementus un saskares virsmas, vai tie nav boj\u0101ti vai nodilu\u0161i, un nepiecie\u0161am\u012bbas gad\u012bjum\u0101 nomainiet tos.<\/li>\n<li>L\u0113na darb\u012bba: p\u0101rbaudiet hidraulisk\u0101s e\u013c\u013cas l\u012bmeni un kvalit\u0101ti un, ja nepiecie\u0161ams, nomainiet to.<\/li>\n<li>Neparasts troksnis: p\u0101rbaudiet cilindra korpusa un v\u012btnes gala virsmas nodilumu vai boj\u0101jumus un, ja nepiecie\u0161ams, nomainiet t\u0101s.<\/li>\n<\/ul>\n<p>Var veikt ar\u012b prevent\u012bvus pas\u0101kumus, lai mazin\u0101tu iesp\u0113jam\u0101s probl\u0113mas, piem\u0113ram, regul\u0101ru p\u0101rbaudi un apkopi, k\u0101 ar\u012b pareizu balonu lieto\u0161anu un uzglab\u0101\u0161anu.<\/p>\n<p><img decoding=\"async\" src=\"https:\/\/www.hydraulic-cylinders.net\/wp-content\/uploads\/2025\/01\/songte-bushings-with-all-kinds-of-excavator-models.webp\" alt=\"Bukses\"><\/p>\n<h2>Par mums<\/h2>\n<p>M\u0113s esam profesion\u0101ls rezerves hidraulisko cilindru ra\u017eot\u0101js ar pla\u0161u produktu kl\u0101stu un esam k\u013cuvu\u0161i par vienu no vado\u0161ajiem hidraulisko cilindru ra\u017eot\u0101jiem un vairumtirdzniec\u012bbas izplat\u012bt\u0101jiem viet\u0113j\u0101 un starptautiskaj\u0101 tirg\u016b. M\u0113s vienm\u0113r iev\u0113rojam izcilas kvalit\u0101tes principu, pa\u013caujamies uz r\u016bpniecisk\u0101s ra\u017eo\u0161anas vad\u012bbas strat\u0113\u0123ij\u0101m r\u016bp\u012bg\u0101m ra\u017eo\u0161anas darbn\u012bc\u0101m, nep\u0101rtraukti uzlabojam tehnolo\u0123ijas un ra\u017eo\u0161anas efektivit\u0101ti. Ievie\u0161ot augstas klases digit\u0101l\u0101s ra\u017eo\u0161anas iek\u0101rtas un profesion\u0101las p\u0101rbaudes sist\u0113mas, m\u0113s past\u0101v\u012bgi optimiz\u0113jam ra\u017eo\u0161anas platformu, uzlabojam produktu kvalit\u0101tes kontroles procesus un mums ir sp\u0113c\u012bgas inov\u0101ciju iesp\u0113jas. M\u016bsu m\u0113r\u0137is ir apmierin\u0101t klientu da\u017e\u0101d\u0101s vajadz\u012bbas ar augstu efektivit\u0101ti, precizit\u0101ti un augstas kvalit\u0101tes principiem.<\/p>\n<p>M\u0113s saviem klientiem pied\u0101v\u0101jam profesion\u0101lus pakalpojumus, starptautisku sertifik\u0101ciju, piel\u0101gotus pakalpojumus, ra\u017eo\u0161anas iek\u0101rtas un p\u0113cp\u0101rdo\u0161anas apkalpo\u0161anu.<\/p>\n<p><img decoding=\"async\" src=\"https:\/\/www.hydraulic-cylinders.net\/wp-content\/uploads\/2025\/01\/songte-company-4.webp\" alt=\"Uz\u0146\u0113muma t\u0113ls\"><br \/>\n<img decoding=\"async\" src=\"https:\/\/www.hydraulic-cylinders.net\/wp-content\/uploads\/2025\/01\/songte-company-3.webp\" alt=\"Uz\u0146\u0113muma t\u0113ls\"><\/p>\n<p>Autors: lil<\/p>","protected":false},"excerpt":{"rendered":"<p>Arm Cylinder For Dasin DS50-7 Introduction An arm cylinder is a specially designed hydraulic cylinder used to provide linear motion and power to the arms of various types of machinery, such as excavators, cranes, and robotic arms. The arm cylinder plays a key role in hydraulic systems, allowing attachments or accessories to move and be [&hellip;]<\/p>","protected":false},"featured_media":14777,"comment_status":"open","ping_status":"closed","template":"","meta":{"_et_pb_use_builder":"","_et_pb_old_content":"","_et_gb_content_width":""},"product_brand":[],"product_cat":[1497],"product_tag":[1498,1496],"class_list":{"0":"post-16901","1":"product","2":"type-product","3":"status-publish","4":"has-post-thumbnail","6":"product_cat-arm-cylinders","7":"product_tag-arm-cylinders","8":"product_tag-hydraulic-cylinders","10":"first","11":"instock","12":"shipping-taxable","13":"product-type-simple"},"amp_enabled":true,"_links":{"self":[{"href":"https:\/\/www.hydraulic-cylinders.net\/lv\/wp-json\/wp\/v2\/product\/16901","targetHints":{"allow":["GET"]}}],"collection":[{"href":"https:\/\/www.hydraulic-cylinders.net\/lv\/wp-json\/wp\/v2\/product"}],"about":[{"href":"https:\/\/www.hydraulic-cylinders.net\/lv\/wp-json\/wp\/v2\/types\/product"}],"replies":[{"embeddable":true,"href":"https:\/\/www.hydraulic-cylinders.net\/lv\/wp-json\/wp\/v2\/comments?post=16901"}],"wp:featuredmedia":[{"embeddable":true,"href":"https:\/\/www.hydraulic-cylinders.net\/lv\/wp-json\/wp\/v2\/media\/14777"}],"wp:attachment":[{"href":"https:\/\/www.hydraulic-cylinders.net\/lv\/wp-json\/wp\/v2\/media?parent=16901"}],"wp:term":[{"taxonomy":"product_brand","embeddable":true,"href":"https:\/\/www.hydraulic-cylinders.net\/lv\/wp-json\/wp\/v2\/product_brand?post=16901"},{"taxonomy":"product_cat","embeddable":true,"href":"https:\/\/www.hydraulic-cylinders.net\/lv\/wp-json\/wp\/v2\/product_cat?post=16901"},{"taxonomy":"product_tag","embeddable":true,"href":"https:\/\/www.hydraulic-cylinders.net\/lv\/wp-json\/wp\/v2\/product_tag?post=16901"}],"curies":[{"name":"wp","href":"https:\/\/api.w.org\/{rel}","templated":true}]}}