{"id":16903,"date":"2025-01-21T06:11:45","date_gmt":"2025-01-21T06:11:45","guid":{"rendered":"https:\/\/www.hydraulic-cylinders.net\/product\/arm-cylinder-for-dasin-ds15\/"},"modified":"2025-01-21T06:11:47","modified_gmt":"2025-01-21T06:11:47","slug":"arm-cylinder-for-dasin-ds15","status":"publish","type":"product","link":"https:\/\/www.hydraulic-cylinders.net\/lv\/products\/arm-cylinder-for-dasin-ds15\/","title":{"rendered":"Sviras cilindrs Dasin DS15"},"content":{"rendered":"<p><html><\/p>\n<h2>Sviras cilindrs Dasin DS15<\/h2>\n<p>Dasin DS15 sviras cilindrs ir \u012bpa\u0161i izstr\u0101d\u0101ts hidrauliskais cilindrs, kas nodro\u0161ina line\u0101ru kust\u012bbu un jaudu da\u017e\u0101du ma\u0161\u012bnu, piem\u0113ram, ekskavatoru, celt\u0146u un robotiz\u0113tu roku, svir\u0101m. Sviras cilindram ir iz\u0161\u0137iro\u0161a noz\u012bme hidrauliskaj\u0101s sist\u0113m\u0101s, \u013caujot efekt\u012bvi p\u0101rvietot un kontrol\u0113t pielikumus vai piederumus. \u0160ie cilindri ne tikai nodro\u0161ina vienm\u0113r\u012bgu kust\u012bbu, bet ar\u012b iztur lielas slodzes, nodro\u0161inot ma\u0161\u012bnas efekt\u012bvu darb\u012bbu un uzticam\u012bbu da\u017e\u0101dos darba apst\u0101k\u013cos.<\/p>\n<p><img decoding=\"async\" src=\"https:\/\/www.hydraulic-cylinders.net\/wp-content\/uploads\/2025\/01\/songte-company-2.webp\" alt=\"Sviras cilindrs Dasin DS15\" \/><\/p>\n<h2>Funkcijas<\/h2>\n<ul>\n<li>Augstas efektivit\u0101tes transmisija: Rokas cilindrs nodro\u0161ina jaud\u012bgu line\u0101ru kust\u012bbu un sp\u0113ku, garant\u0113jot robotiz\u0113t\u0101s rokas augstas veiktsp\u0113jas iesp\u0113jas da\u017e\u0101d\u0101s oper\u0101cij\u0101s.<\/li>\n<li>Prec\u012bza vad\u012bba: Izmantojot hidraulisko sist\u0113mu, rokas cilindrs nodro\u0161ina prec\u012bzu kust\u012bbas vad\u012bbu, padarot pievienoto instrumentu darb\u012bbu elast\u012bg\u0101ku un prec\u012bz\u0101ku.<\/li>\n<li>Iztur\u012bba: Sviru cilindri parasti tiek ra\u017eoti, izmantojot augstas iztur\u012bbas materi\u0101lus, kas nodro\u0161ina izcilu iztur\u012bbu pret nodilumu un koroziju, padarot tos piem\u0113rotus ilgsto\u0161ai lieto\u0161anai skarbos apst\u0101k\u013cos.<\/li>\n<li>Daudzfunkcion\u0101la piel\u0101go\u0161an\u0101s sp\u0113ja: \u0161os cilindrus var pla\u0161i pielietot da\u017e\u0101d\u0101m meh\u0101nisk\u0101m iek\u0101rt\u0101m, piem\u0113ram, ekskavatoriem, celt\u0146iem un robotiz\u0113t\u0101m rok\u0101m, piel\u0101gojoties da\u017e\u0101d\u0101m darba pras\u012bb\u0101m.<\/li>\n<li>Vienk\u0101r\u0161a apkope: Projekt\u0113jot \u0146emta v\u0113r\u0101 apkopes un nomai\u0146as vienk\u0101r\u0161\u012bba, padarot regul\u0101ras p\u0101rbaudes un apkopi \u0113rtas, t\u0101d\u0113j\u0101di samazinot iek\u0101rtu d\u012bkst\u0101ves laiku.<\/li>\n<\/ul>\n<p><img decoding=\"async\" src=\"https:\/\/www.hydraulic-cylinders.net\/wp-content\/uploads\/2025\/01\/songte-oil-pipes-and-spare-parts.webp\" alt=\"Sviras cilindra rezerves da\u013cas\" \/><\/p>\n<h2>Pieteikumi<\/h2>\n<ul>\n<li>B\u016bvniec\u012bbas in\u017eenierija: Ekskavatoros un celt\u0146os str\u0113les cilindri kontrol\u0113 kausu vai str\u0113les kust\u012bbu zemes p\u0101rvieto\u0161anas, materi\u0101lu apstr\u0101des un konstrukciju uzst\u0101d\u012b\u0161anas laik\u0101.<\/li>\n<li>Ra\u017eo\u0161anas nozare: Automatiz\u0113t\u0101s ra\u017eo\u0161anas l\u012bnij\u0101s roku cilindri nodro\u0161ina robotiz\u0113tu roku kust\u012bbu mont\u0101\u017eas, metin\u0101\u0161anas un apstr\u0101des procesos, uzlabojot ra\u017eo\u0161anas efektivit\u0101ti un precizit\u0101ti.<\/li>\n<li>Lauksaimniec\u012bbas tehnika: Lauksaimniec\u012bbas tehnik\u0101, piem\u0113ram, kombainos un s\u0113jma\u0161\u012bn\u0101s, sviru cilindri kontrol\u0113 vad\u012bbas sviru kust\u012bbu t\u0101diem uzdevumiem k\u0101 s\u0113\u0161ana, m\u0113slo\u0161ana un ra\u017eas nov\u0101k\u0161ana.<\/li>\n<li>Kalnr\u016bpniec\u012bba: Kalnr\u016bpniec\u012bbas iek\u0101rt\u0101s sviru cilindri kontrol\u0113 kalnr\u016bpniec\u012bbas ma\u0161\u012bnu sviru kust\u012bbu r\u016bdas ieguvei un transport\u0113\u0161anai.<\/li>\n<li>Lo\u0123istika un transports: Iekr\u0101v\u0113jos un apstr\u0101des robotos roku cilindri kontrol\u0113 dak\u0161u pacel\u0161anu un kust\u012bbu, atvieglojot materi\u0101lu apstr\u0101di un sakrau\u0161anu.<\/li>\n<\/ul>\n<h2>Dizaina apsv\u0113rumi un atlases krit\u0113riji<\/h2>\n<ul>\n<li>Nestsp\u0113ja: Apspriediet sviras cilindra nestsp\u0113jas noz\u012bmi.<\/li>\n<li>Bl\u012bv\u0113jums: Aprakstiet da\u017e\u0101du bl\u012bv\u0113\u0161anas elementu, piem\u0113ram, virzu\u013ca bl\u012bv\u0113jumu un stie\u0146a bl\u012bv\u0113jumu, izmanto\u0161anu un iztur\u012bgu materi\u0101lu, piem\u0113ram, poliuret\u0101na un nitrila gumijas, izv\u0113li.<\/li>\n<li>Iztur\u012bba: Apspriediet pas\u0101kumus, kas veikti, lai uzlabotu cilindra nodilumiztur\u012bbu, piem\u0113ram, cilindra korpusa un v\u012bt\u0146oto galu virsmas apstr\u0101di.<\/li>\n<li>Dro\u0161\u012bba: \u0146emiet v\u0113r\u0101 dro\u0161\u012bbas apsv\u0113rumus projekt\u0113\u0161an\u0101, nodro\u0161inot dro\u0161u ekspluat\u0101ciju un nov\u0113r\u0161ot negad\u012bjumus.<\/li>\n<li>Uzturam\u012bba: Apspriediet apkopes vienk\u0101r\u0161\u012bbu un nepiecie\u0161am\u012bbu regul\u0101ri e\u013c\u013cot ar atbilsto\u0161u hidraulisko e\u013c\u013cu.<\/li>\n<\/ul>\n<p><img decoding=\"async\" src=\"https:\/\/www.hydraulic-cylinders.net\/wp-content\/uploads\/2025\/01\/songte-cylinder-head-with-all-kinds-excavator-models.webp\" alt=\"Cilindra galva\" \/><\/p>\n<h2>P\u0101rbaude, profilaktisk\u0101 apkope un uzst\u0101d\u012b\u0161ana<\/h2>\n<ul>\n<li>Apspriediet regul\u0101ru p\u0101rbau\u017eu noz\u012bmi un prevent\u012bvo apkopes pas\u0101kumu ievie\u0161anu.<\/li>\n<li>Sniedziet padomus un risin\u0101jumus bie\u017ei sastopamu probl\u0113mu nov\u0113r\u0161anai, pal\u012bdzot las\u012bt\u0101jiem efekt\u012bvi diagnostic\u0113t un nov\u0113rst probl\u0113mas.<\/li>\n<li>Pied\u0101v\u0101jiet prevent\u012bvus pas\u0101kumus, lai samazin\u0101tu iesp\u0113jam\u0101s probl\u0113mas un nodro\u0161in\u0101tu optim\u0101lu veiktsp\u0113ju.<\/li>\n<\/ul>\n<p><img decoding=\"async\" src=\"https:\/\/www.hydraulic-cylinders.net\/wp-content\/uploads\/2025\/01\/songte-chushion-collar.webp\" alt=\"\u010cemod\u0101na apkakle\" \/><\/p>\n<h2>Dro\u0161\u012bbas apsv\u0113rumi un vides faktori<\/h2>\n<p>Apspriediet dro\u0161\u012bbas pas\u0101kumu noz\u012bmi, lietojot rokas cilindru, un to, k\u0101 atsl\u0113gv\u0101rdi veicina dro\u0161u darb\u012bbu. Apspriediet ar produktu saist\u012btos vides apsv\u0113rumus.<\/p>\n<h2>K\u013c\u016bmju diagnostika un bie\u017e\u0101k sastopam\u0101s probl\u0113mas<\/h2>\n<ul>\n<li>Nor\u0101diet uz bie\u017ei sastopam\u0101m probl\u0113m\u0101m, kas var rasties saist\u012bb\u0101 ar sviras cilindru, un sniedziet probl\u0113mu nov\u0113r\u0161anas padomus un risin\u0101jumus.<\/li>\n<li>Pied\u0101v\u0101jiet prevent\u012bvus pas\u0101kumus, lai samazin\u0101tu iesp\u0113jam\u0101s probl\u0113mas un nodro\u0161in\u0101tu optim\u0101lu veiktsp\u0113ju.<\/li>\n<\/ul>\n<p><img decoding=\"async\" src=\"https:\/\/www.hydraulic-cylinders.net\/wp-content\/uploads\/2025\/01\/songte-company-4.webp\" alt=\"Uz\u0146\u0113muma t\u0113ls\" \/><br \/>\n<img decoding=\"async\" src=\"https:\/\/www.hydraulic-cylinders.net\/wp-content\/uploads\/2025\/01\/songte-company-3.webp\" alt=\"Uz\u0146\u0113muma t\u0113ls\" \/><\/p>\n<p>M\u0113s esam profesion\u0101ls rezerves hidraulisko cilindru ra\u017eot\u0101js ar pla\u0161u produktu kl\u0101stu. Esam k\u013cuvu\u0161i par vienu no vado\u0161ajiem hidraulisko cilindru ra\u017eot\u0101jiem un vairumtirdzniec\u012bbas izplat\u012bt\u0101jiem viet\u0113j\u0101 un starptautiskaj\u0101 tirg\u016b. M\u0113s vienm\u0113r iev\u0113rojam izcilas kvalit\u0101tes principu un nep\u0101rtraukti uzlabojam savu tehnisko kompetenci un ra\u017eo\u0161anas efektivit\u0101ti. Ievie\u0161ot modernu digit\u0101lo ra\u017eo\u0161anas apr\u012bkojumu un profesion\u0101las test\u0113\u0161anas sist\u0113mas, m\u0113s optimiz\u0113jam savu ra\u017eo\u0161anas platformu un uzlabojam produktu kvalit\u0101tes kontroles procesus, demonstr\u0113jot sp\u0113c\u012bgas inov\u0101ciju sp\u0113jas. M\u016bsu m\u0113r\u0137is ir apmierin\u0101t da\u017e\u0101das klientu vajadz\u012bbas ar efektivit\u0101ti, precizit\u0101ti un augstas kvalit\u0101tes produktiem.<\/p>\n<p>M\u016bsu uz\u0146\u0113mums izce\u013cas ar profesionalit\u0101ti, starptautiskiem sertifik\u0101tiem, piel\u0101gotiem pakalpojumiem, ra\u017eo\u0161anas iek\u0101rt\u0101m un p\u0113cp\u0101rdo\u0161anas pakalpojumiem.<\/p>\n<p>Autors: lil<\/p>\n<p><\/html><\/p>","protected":false},"excerpt":{"rendered":"<p>Arm Cylinder For Dasin DS15 Arm Cylinder For Dasin DS15 is a specially designed hydraulic cylinder that provides linear motion and power to the arms of various machinery such as excavators, cranes, and robotic arms. The arm cylinder plays a critical role in hydraulic systems, allowing for efficient movement and control of attachments or accessories. [&hellip;]<\/p>","protected":false},"featured_media":14772,"comment_status":"open","ping_status":"closed","template":"","meta":{"_et_pb_use_builder":"","_et_pb_old_content":"","_et_gb_content_width":""},"product_brand":[],"product_cat":[1497],"product_tag":[1498,1496],"class_list":{"0":"post-16903","1":"product","2":"type-product","3":"status-publish","4":"has-post-thumbnail","6":"product_cat-arm-cylinders","7":"product_tag-arm-cylinders","8":"product_tag-hydraulic-cylinders","10":"first","11":"instock","12":"shipping-taxable","13":"product-type-simple"},"amp_enabled":true,"_links":{"self":[{"href":"https:\/\/www.hydraulic-cylinders.net\/lv\/wp-json\/wp\/v2\/product\/16903","targetHints":{"allow":["GET"]}}],"collection":[{"href":"https:\/\/www.hydraulic-cylinders.net\/lv\/wp-json\/wp\/v2\/product"}],"about":[{"href":"https:\/\/www.hydraulic-cylinders.net\/lv\/wp-json\/wp\/v2\/types\/product"}],"replies":[{"embeddable":true,"href":"https:\/\/www.hydraulic-cylinders.net\/lv\/wp-json\/wp\/v2\/comments?post=16903"}],"wp:featuredmedia":[{"embeddable":true,"href":"https:\/\/www.hydraulic-cylinders.net\/lv\/wp-json\/wp\/v2\/media\/14772"}],"wp:attachment":[{"href":"https:\/\/www.hydraulic-cylinders.net\/lv\/wp-json\/wp\/v2\/media?parent=16903"}],"wp:term":[{"taxonomy":"product_brand","embeddable":true,"href":"https:\/\/www.hydraulic-cylinders.net\/lv\/wp-json\/wp\/v2\/product_brand?post=16903"},{"taxonomy":"product_cat","embeddable":true,"href":"https:\/\/www.hydraulic-cylinders.net\/lv\/wp-json\/wp\/v2\/product_cat?post=16903"},{"taxonomy":"product_tag","embeddable":true,"href":"https:\/\/www.hydraulic-cylinders.net\/lv\/wp-json\/wp\/v2\/product_tag?post=16903"}],"curies":[{"name":"wp","href":"https:\/\/api.w.org\/{rel}","templated":true}]}}