{"id":16923,"date":"2025-01-21T06:13:12","date_gmt":"2025-01-21T06:13:12","guid":{"rendered":"https:\/\/www.hydraulic-cylinders.net\/product\/arm-cylinder-for-hengte-wheel-excavator-htl135\/"},"modified":"2025-01-21T06:13:14","modified_gmt":"2025-01-21T06:13:14","slug":"arm-cylinder-for-hengte-wheel-excavator-htl135","status":"publish","type":"product","link":"https:\/\/www.hydraulic-cylinders.net\/lv\/products\/arm-cylinder-for-hengte-wheel-excavator-htl135\/","title":{"rendered":"Hengte rite\u0146u ekskavatora HTL135 rokas cilindrs"},"content":{"rendered":"<h1>Hengte rite\u0146u ekskavatora HTL135 rokas cilindrs<\/h1>\n<h2>Ievads<\/h2>\n<p>Sviras cilindrs ir specializ\u0113ts hidrauliskais cilindrs, kas paredz\u0113ts, lai nodro\u0161in\u0101tu line\u0101ru kust\u012bbu un jaudu da\u017e\u0101du ma\u0161\u012bnu, piem\u0113ram, ekskavatoru, celt\u0146u un robotiz\u0113tu roku, svir\u0101m. Tam ir iz\u0161\u0137iro\u0161a noz\u012bme hidrauliskaj\u0101 sist\u0113m\u0101, \u013caujot papildu instrumentiem vai stiprin\u0101jumiem efekt\u012bvi p\u0101rvietoties un tikt vad\u012btiem. \u0160ie cilindri ne tikai nodro\u0161ina vienm\u0113r\u012bgas kust\u012bbas, bet ar\u012b iztur lielas slodzes, nodro\u0161inot ma\u0161\u012bnu efekt\u012bvu darb\u012bbu un uzticam\u012bbu da\u017e\u0101dos ekspluat\u0101cijas apst\u0101k\u013cos.<\/p>\n<p><img decoding=\"async\" src=\"https:\/\/www.hydraulic-cylinders.net\/wp-content\/uploads\/2025\/01\/songte-company-2.webp\" alt=\"Sviras cilindrs\"><\/p>\n<h3>Defin\u012bcija un skaidrojums<\/h3>\n<p>Sviras cilindrs ir hidraulisk\u0101 cilindra veids, kas ir \u012bpa\u0161i paredz\u0113ts, lai nodro\u0161in\u0101tu line\u0101ru kust\u012bbu un jaudu da\u017e\u0101du ma\u0161\u012bnu svir\u0101m. Tas sast\u0101v no virzu\u013ca un cilindra, kas ir savienoti ar stieni. Kad hidrauliskais \u0161\u0137idrums tiek ies\u016bkn\u0113ts cilindr\u0101, tas rada spiedienu, kas p\u0101rvieto virzuli, izraisot sviras kust\u012bbu. Sviras cilindrs ir b\u016btiska hidraulisk\u0101s sist\u0113mas sast\u0101vda\u013ca un \u013cauj ma\u0161\u012bnai veikt da\u017e\u0101dus uzdevumus.<\/p>\n<h2>Funkcijas<\/h2>\n<p>Sviras cilindram ir vair\u0101kas funkcijas, kas padara to par b\u016btisku sast\u0101vda\u013cu da\u017e\u0101d\u0101s ma\u0161\u012bn\u0101s:<\/p>\n<h3>1. Augstas efektivit\u0101tes transmisija<\/h3>\n<p>Sviras cilindrs var nodro\u0161in\u0101t sp\u0113c\u012bgu line\u0101ru kust\u012bbu un sp\u0113ku, t\u0101d\u0113j\u0101di garant\u0113jot augstu efektivit\u0101ti tehnikas darb\u012bb\u0101.<\/p>\n<h3>2. Prec\u012bza vad\u012bba<\/h3>\n<p>Izmantojot hidraulisko sist\u0113mu, rokas cilindrs var pan\u0101kt prec\u012bzu kust\u012bbas kontroli, padarot papildu instrumentu darb\u012bbu elast\u012bg\u0101ku un prec\u012bz\u0101ku.<\/p>\n<h3>3. Sp\u0113c\u012bga iztur\u012bba<\/h3>\n<p>Sviras cilindrs parasti ir izgatavots no augstas iztur\u012bbas materi\u0101liem ar labu nodilumiztur\u012bbu un korozijas iztur\u012bbu, padarot to piem\u0113rotu ilgsto\u0161ai lieto\u0161anai skarbos apst\u0101k\u013cos.<\/p>\n<h3>4. Daudzfunkcion\u0101la piel\u0101go\u0161an\u0101s sp\u0113ja<\/h3>\n<p>\u0160os cilindrus var pla\u0161i izmantot da\u017e\u0101d\u0101s ma\u0161\u012bn\u0101s, piem\u0113ram, ekskavatoros, celt\u0146os un robotiz\u0113t\u0101s rok\u0101s, piel\u0101gojoties da\u017e\u0101d\u0101m darba pras\u012bb\u0101m.<\/p>\n<h3>5. Vienk\u0101r\u0161a apkope<\/h3>\n<p>Projekt\u0113jot \u0146emta v\u0113r\u0101 apkopes un nomai\u0146as vienk\u0101r\u0161\u012bba, padarot regul\u0101ru p\u0101rbaudi un apkopi \u0113rt\u0101ku un samazinot iek\u0101rtu d\u012bkst\u0101ves laiku.<\/p>\n<p><img decoding=\"async\" src=\"https:\/\/www.hydraulic-cylinders.net\/wp-content\/uploads\/2025\/01\/songte-oil-pipes-and-spare-parts.webp\" alt=\"Sviras cilindra rezerves da\u013cas\"><\/p>\n<h2>Pieteikumi<\/h2>\n<p>Sviras cilindrs tiek izmantots da\u017e\u0101d\u0101s nozar\u0113s, tostarp:<\/p>\n<h3>1. B\u016bvniec\u012bba<\/h3>\n<p>Ekskavatoros un celt\u0146os sviras cilindrs tiek izmantots, lai kontrol\u0113tu kausa vai str\u0113les kust\u012bbu zemes p\u0101rvieto\u0161anas, materi\u0101lu apstr\u0101des un konstrukciju uzst\u0101d\u012b\u0161anas laik\u0101.<\/p>\n<h3>2. Ra\u017eo\u0161ana<\/h3>\n<p>Automatiz\u0113t\u0101s ra\u017eo\u0161anas l\u012bnij\u0101s rokas cilindrs tiek izmantots robotiz\u0113tu roku p\u0101rvieto\u0161anai mont\u0101\u017eas, metin\u0101\u0161anas un apstr\u0101des procesos, uzlabojot ra\u017eo\u0161anas efektivit\u0101ti un precizit\u0101ti.<\/p>\n<h3>3. Lauksaimniec\u012bbas tehnika<\/h3>\n<p>Lauksaimniec\u012bbas ma\u0161\u012bn\u0101s, piem\u0113ram, kombainos un s\u0113jma\u0161\u012bn\u0101s, sviras cilindrs kontrol\u0113 vad\u012bbas sviras kust\u012bbu, lai veiktu t\u0101dus uzdevumus k\u0101 st\u0101d\u012b\u0161ana, m\u0113slo\u0161ana un ra\u017eas nov\u0101k\u0161ana.<\/p>\n<h3>4. Kalnr\u016bpniec\u012bba<\/h3>\n<p>Kalnr\u016bpniec\u012bbas iek\u0101rt\u0101s sviras cilindrs tiek izmantots, lai kontrol\u0113tu kalnr\u016bpniec\u012bbas iek\u0101rtas sviras kust\u012bbu, nodro\u0161inot r\u016bdas ieguvi un transport\u0113\u0161anu.<\/p>\n<h3>5. Lo\u0123istika un transports<\/h3>\n<p>Iekr\u0101v\u0113jos un apstr\u0101des robotos rokas cilindrs tiek izmantots, lai kontrol\u0113tu dak\u0161as pacel\u0161anu un kust\u012bbu, nodro\u0161inot materi\u0101lu apstr\u0101di un sakrau\u0161anu.<\/p>\n<h2>Dizaina apsv\u0113rumi un atlases krit\u0113riji<\/h2>\n<p>Sviras cilindra konstrukcij\u0101 tiek \u0146emti v\u0113r\u0101 da\u017e\u0101di faktori, piem\u0113ram, nestsp\u0113ja, bl\u012bv\u0113jums, iztur\u012bba, dro\u0161\u012bba un apkope. T\u0101l\u0101k ir min\u0113ti da\u017ei no svar\u012bg\u0101kajiem konstrukcijas apsv\u0113rumiem:<\/p>\n<h3>1. Nestsp\u0113ja<\/h3>\n<p>Sviras cilindram j\u0101b\u016bt konstru\u0113tam t\u0101, lai iztur\u0113tu maksim\u0101lo slodzi, ar ko tas saskarsies ekspluat\u0101cijas laik\u0101, nodro\u0161inot dro\u0161u un efekt\u012bvu ma\u0161\u012bnas darb\u012bbu.<\/p>\n<h3>2. Bl\u012bv\u0113\u0161ana<\/h3>\n<p>Sviras cilindr\u0101 tiek izmantoti da\u017e\u0101di bl\u012bv\u0113\u0161anas komponenti, piem\u0113ram, virzu\u013ca bl\u012bv\u0113jumi un stie\u0146a bl\u012bv\u0113jumi, lai nov\u0113rstu hidraulisk\u0101 \u0161\u0137idruma nopl\u016bdi, nodro\u0161inot efekt\u012bvu darb\u012bbu un nov\u0113r\u0161ot vides pies\u0101r\u0146ojumu.<\/p>\n<h3>3. Iztur\u012bba<\/h3>\n<p>Sviras cilindram j\u0101b\u016bt izgatavotam no augstas kvalit\u0101tes materi\u0101liem un tam j\u0101veic atbilsto\u0161a virsmas apstr\u0101de, lai uzlabotu nodilumiztur\u012bbu un korozijas iztur\u012bbu, nodro\u0161inot ilgsto\u0161u lieto\u0161anu skarbos apst\u0101k\u013cos.<\/p>\n<h3>4. Dro\u0161\u012bba<\/h3>\n<p>Sviras cilindram j\u0101b\u016bt konstru\u0113tam t\u0101, lai nov\u0113rstu negad\u012bjumus darb\u012bbas laik\u0101, piem\u0113ram, p\u0101rslodzi vai p\u0113k\u0161\u0146u triecienu, nodro\u0161inot tehnikas un person\u0101la dro\u0161\u012bbu.<\/p>\n<h3>5. Apkope<\/h3>\n<p>Projekt\u0113jot j\u0101\u0146em v\u0113r\u0101 apkopes un nomai\u0146as vienk\u0101r\u0161\u012bba, piem\u0113ram, viegla piek\u013cuve cilindra iek\u0161pusei un bl\u012bv\u0113juma komponentu nomai\u0146a, samazinot iek\u0101rtu d\u012bkst\u0101ves laiku un apkopes izmaksas.<\/p>\n<p><img decoding=\"async\" src=\"https:\/\/www.hydraulic-cylinders.net\/wp-content\/uploads\/2025\/01\/songte-cylinder-head-with-all-kinds-excavator-models.webp\" alt=\"Sviras cilindra galva\"><\/p>\n<h2>Bl\u012bv\u0113\u0161ana un e\u013c\u013co\u0161ana<\/h2>\n<p>Sviras cilindr\u0101 tiek izmantoti da\u017e\u0101di bl\u012bv\u0113\u0161anas komponenti, piem\u0113ram, virzu\u013ca bl\u012bv\u0113jumi un stie\u0146a bl\u012bv\u0113jumi, lai nov\u0113rstu hidraulisk\u0101 \u0161\u0137idruma nopl\u016bdi. \u0160ie bl\u012bv\u0113\u0161anas komponenti ir izgatavoti no nodilumiztur\u012bgiem materi\u0101liem, piem\u0113ram, poliuret\u0101na un nitrilgumijas, un tie regul\u0101ri j\u0101maina, lai uztur\u0113tu efekt\u012bvu darb\u012bbu.<\/p>\n<p>Cilindra korpuss un v\u012btnes tiek r\u016bp\u012bgi apstr\u0101d\u0101tas, lai uzlabotu nodilumiztur\u012bbu, un e\u013c\u013co\u0161anai regul\u0101ri j\u0101pievieno atbilsto\u0161s daudzums hidraulisk\u0101s e\u013c\u013cas.<\/p>\n<h2>Apkope un prevent\u012bvie pas\u0101kumi<\/h2>\n<p>Lai nodro\u0161in\u0101tu efekt\u012bvu darb\u012bbu un pagarin\u0101tu t\u0101 kalpo\u0161anas laiku, sviras cilindram nepiecie\u0161ama regul\u0101ra apkope un p\u0101rbaude. T\u0101l\u0101k ir nor\u0101d\u012bti da\u017ei prevent\u012bvie pas\u0101kumi:<\/p>\n<h3>1. Regul\u0101ra p\u0101rbaude<\/h3>\n<p>Sviras cilindra iek\u0161puse regul\u0101ri j\u0101p\u0101rbauda, \u200b\u200bvai nav nodiluma vai boj\u0101jumu paz\u012bmju, un bl\u012bv\u0113juma komponenti j\u0101nomaina p\u0113c nepiecie\u0161am\u012bbas. Ar\u012b cilindra \u0101rpuse j\u0101p\u0101rbauda, \u200b\u200bvai nav boj\u0101jumu vai pies\u0101r\u0146ojuma paz\u012bmju.<\/p>\n<h3>2. Prevent\u012bv\u0101 apkope<\/h3>\n<p>Lai nodro\u0161in\u0101tu efekt\u012bvu darb\u012bbu un nov\u0113rstu balona pies\u0101r\u0146o\u0161anu vai boj\u0101jumus, j\u0101veic regul\u0101ra apkope, piem\u0113ram, t\u012br\u012b\u0161ana un e\u013c\u013co\u0161ana.<\/p>\n<h3>3. Pareiza lieto\u0161ana<\/h3>\n<p>Sviras cilindrs j\u0101izmanto t\u0101 nestsp\u0113jas robe\u017e\u0101s, izvairoties no p\u0101rslodzes vai p\u0113k\u0161\u0146iem triecieniem un nodro\u0161inot dro\u0161u un efekt\u012bvu darb\u012bbu.<\/p>\n<p><img decoding=\"async\" src=\"https:\/\/www.hydraulic-cylinders.net\/wp-content\/uploads\/2025\/01\/songte-chushion-collar.webp\" alt=\"Rokas cilindra apkakle\"><\/p>\n<h2>Instal\u0101cijas rokasgr\u0101mata<\/h2>\n<p>Sviras cilindra uzst\u0101d\u012b\u0161anai j\u0101atbilst ra\u017eot\u0101ja nor\u0101d\u012bjumiem, kas ietver:<\/p>\n<h3>1. Sader\u012bbas p\u0101rbaude<\/h3>\n<p>P\u0101rliecinieties, vai sviras cilindrs ir sader\u012bgs ar iek\u0101rtu un vai cilindra izm\u0113ri atbilst iek\u0101rtas izm\u0113riem.<\/p>\n<h3>2. Cilindra uzst\u0101d\u012b\u0161ana<\/h3>\n<p>Dro\u0161i piestipriniet cilindru, izmantojot atbilsto\u0161us stiprin\u0101juma elementus, un p\u0101rliecinieties, ka tas ir pareizi izl\u012bdzin\u0101ts.<\/p>\n<h3>3. \u0160\u013c\u016bte\u0146u pievieno\u0161ana<\/h3>\n<p>Pievienojiet hidraulisk\u0101s \u0161\u013c\u016btenes cilindram un p\u0101rliecinieties, vai t\u0101s ir dro\u0161i piestiprin\u0101tas un savienotas ar ma\u0161\u012bnas hidraulisko sist\u0113mu.<\/p>\n<h2>Dro\u0161\u012bbas apsv\u0113rumi un vides faktori<\/h2>\n<p>Sviras cilindra darb\u012bbai j\u0101atbilst dro\u0161\u012bbas vadl\u012bnij\u0101m, tostarp:<\/p>\n<h3>1. Dro\u0161as ekspluat\u0101cijas prakse<\/h3>\n<p>Ma\u0161\u012bnu operatoram j\u0101iev\u0113ro dro\u0161as ekspluat\u0101cijas prakse un j\u0101nodro\u0161ina, ka ma\u0161\u012bnas tiek darbin\u0101tas sviras cilindra nestsp\u0113jas robe\u017e\u0101s, izvairoties no p\u0101rslodzes vai p\u0113k\u0161\u0146iem triecieniem.<\/p>\n<h3>2. Vides aizsardz\u012bba<\/h3>\n<p>Sviras cilindra darb\u012bba var izrais\u012bt hidraulisk\u0101 \u0161\u0137idruma nopl\u016bdes, kas var pies\u0101r\u0146ot vidi. Lai nov\u0113rstu vides pies\u0101r\u0146ojumu, j\u0101veic atbilsto\u0161i pas\u0101kumi, piem\u0113ram, regul\u0101ra bl\u012bv\u0113juma deta\u013cu p\u0101rbaude un nomai\u0146a.<\/p>\n<h2>Probl\u0113mu nov\u0113r\u0161ana un bie\u017ei sastopamas probl\u0113mas<\/h2>\n<p>T\u0101l\u0101k ir nor\u0101d\u012btas da\u017eas bie\u017ei sastopamas probl\u0113mas, kas var rasties ar sviras cilindru, un to iesp\u0113jamie risin\u0101jumi:<\/p>\n<h3>1. Hidraulisk\u0101 \u0161\u0137idruma nopl\u016bde<\/h3>\n<p>Virzu\u013ca vai stie\u0146a bl\u012bves var b\u016bt boj\u0101tas vai nodilu\u0161as, izraisot hidraulisk\u0101 \u0161\u0137idruma nopl\u016bdi. Bl\u012bv\u0113juma komponenti j\u0101nomaina, lai nov\u0113rstu turpm\u0101ku nopl\u016bdi.<\/p>\n<h3>2. Nepietiekama roku kust\u012bba<\/h3>\n<p>Hidraulisk\u0101 \u0161\u0137idruma l\u012bmenis var b\u016bt zems vai hidrauliskais s\u016bknis var nedarboties pareizi. J\u0101p\u0101rbauda hidraulisk\u0101 sist\u0113ma un j\u0101nov\u0113r\u0161 visas probl\u0113mas.<\/p>\n<h3>3. P\u0101rkar\u0161ana<\/h3>\n<p>Hidraulisk\u0101 \u0161\u0137idruma l\u012bmenis var b\u016bt zems vai hidraulisk\u0101 sist\u0113ma var b\u016bt aizs\u0113r\u0113jusi. Hidraulisk\u0101 sist\u0113ma ir j\u0101p\u0101rbauda un visas probl\u0113mas ir j\u0101nov\u0113r\u0161.<\/p>\n<p><img decoding=\"async\" src=\"https:\/\/www.hydraulic-cylinders.net\/wp-content\/uploads\/2025\/01\/songte-bushings-with-all-kinds-of-excavator-models.webp\" alt=\"Sviras cilindra bukses\"><\/p>\n<h2>Par mums<\/h2>\n<p>M\u0113s esam profesion\u0101ls rezerves hidraulisko cilindru ra\u017eot\u0101js, kas pied\u0101v\u0101 pla\u0161u produktu kl\u0101stu un ir k\u013cuvis par vienu no vado\u0161ajiem hidraulisko cilindru ra\u017eot\u0101jiem un vairumtirdzniec\u012bbas izplat\u012bt\u0101jiem viet\u0113j\u0101 un starptautiskaj\u0101 tirg\u016b. M\u0113s iev\u0113rojam izcil\u012bbas principu un pa\u013caujamies uz m\u016bsu smalk\u0101s ra\u017eo\u0161anas darbn\u012bcas industrializ\u0113to ra\u017eo\u0161anas vad\u012bbas strat\u0113\u0123iju, lai nep\u0101rtraukti uzlabotu m\u016bsu tehnolo\u0123ijas un ra\u017eo\u0161anas efektivit\u0101ti. Mums ir sp\u0113c\u012bgas inov\u0101ciju sp\u0113jas, ievie\u0161ot augstas klases digit\u0101l\u0101s ra\u017eo\u0161anas iek\u0101rtas un profesion\u0101las test\u0113\u0161anas sist\u0113mas. M\u016bsu m\u0113r\u0137is ir apmierin\u0101t klientu da\u017e\u0101d\u0101s vajadz\u012bbas ar augstu efektivit\u0101ti, precizit\u0101ti un augstas kvalit\u0101tes principiem.<\/p>\n<p>M\u0113s pied\u0101v\u0101jam profesion\u0101lu un starptautisku sertifik\u0101ciju, piel\u0101go\u0161anas pakalpojumus, ra\u017eo\u0161anas iek\u0101rtas un p\u0113cp\u0101rdo\u0161anas pakalpojumus.<\/p>\n<p><img decoding=\"async\" src=\"https:\/\/www.hydraulic-cylinders.net\/wp-content\/uploads\/2025\/01\/songte-company-4.webp\" alt=\"Uz\u0146\u0113muma t\u0113ls\"><br \/>\n<img decoding=\"async\" src=\"https:\/\/www.hydraulic-cylinders.net\/wp-content\/uploads\/2025\/01\/songte-company-3.webp\" alt=\"Uz\u0146\u0113muma t\u0113ls\"><\/p>\n<p>Autors: Lails.<\/p>","protected":false},"excerpt":{"rendered":"<p>Arm Cylinder For Hengte Wheel Excavator HTL135 Introduction Arm cylinder is a specialized hydraulic cylinder that is designed to provide linear motion and power to the arms of various machines such as excavators, cranes, and robotic arms. It plays a crucial role in the hydraulic system, allowing the additional tools or attachments to move and [&hellip;]<\/p>","protected":false},"featured_media":14772,"comment_status":"open","ping_status":"closed","template":"","meta":{"_et_pb_use_builder":"","_et_pb_old_content":"","_et_gb_content_width":""},"product_brand":[],"product_cat":[1497],"product_tag":[1498,1496],"class_list":{"0":"post-16923","1":"product","2":"type-product","3":"status-publish","4":"has-post-thumbnail","6":"product_cat-arm-cylinders","7":"product_tag-arm-cylinders","8":"product_tag-hydraulic-cylinders","10":"first","11":"instock","12":"shipping-taxable","13":"product-type-simple"},"amp_enabled":true,"_links":{"self":[{"href":"https:\/\/www.hydraulic-cylinders.net\/lv\/wp-json\/wp\/v2\/product\/16923","targetHints":{"allow":["GET"]}}],"collection":[{"href":"https:\/\/www.hydraulic-cylinders.net\/lv\/wp-json\/wp\/v2\/product"}],"about":[{"href":"https:\/\/www.hydraulic-cylinders.net\/lv\/wp-json\/wp\/v2\/types\/product"}],"replies":[{"embeddable":true,"href":"https:\/\/www.hydraulic-cylinders.net\/lv\/wp-json\/wp\/v2\/comments?post=16923"}],"wp:featuredmedia":[{"embeddable":true,"href":"https:\/\/www.hydraulic-cylinders.net\/lv\/wp-json\/wp\/v2\/media\/14772"}],"wp:attachment":[{"href":"https:\/\/www.hydraulic-cylinders.net\/lv\/wp-json\/wp\/v2\/media?parent=16923"}],"wp:term":[{"taxonomy":"product_brand","embeddable":true,"href":"https:\/\/www.hydraulic-cylinders.net\/lv\/wp-json\/wp\/v2\/product_brand?post=16923"},{"taxonomy":"product_cat","embeddable":true,"href":"https:\/\/www.hydraulic-cylinders.net\/lv\/wp-json\/wp\/v2\/product_cat?post=16923"},{"taxonomy":"product_tag","embeddable":true,"href":"https:\/\/www.hydraulic-cylinders.net\/lv\/wp-json\/wp\/v2\/product_tag?post=16923"}],"curies":[{"name":"wp","href":"https:\/\/api.w.org\/{rel}","templated":true}]}}