{"id":16926,"date":"2025-01-21T06:13:23","date_gmt":"2025-01-21T06:13:23","guid":{"rendered":"https:\/\/www.hydraulic-cylinders.net\/product\/arm-cylinder-for-yigong-cy8150\/"},"modified":"2025-01-21T06:13:25","modified_gmt":"2025-01-21T06:13:25","slug":"arm-cylinder-for-yigong-cy8150","status":"publish","type":"product","link":"https:\/\/www.hydraulic-cylinders.net\/lv\/products\/arm-cylinder-for-yigong-cy8150\/","title":{"rendered":"Yigong CY8150 rokas cilindrs"},"content":{"rendered":"<h2>Yigong CY8150 rokas cilindrs<\/h2>\n<p>Sviras cilindrs ir \u012bpa\u0161i izstr\u0101d\u0101ts hidrauliskais cilindrs, kas nodro\u0161ina line\u0101ru kust\u012bbu un jaudu da\u017e\u0101du veidu ma\u0161\u012bnu, piem\u0113ram, ekskavatoru, celt\u0146u un robotiz\u0113tu roku, svir\u0101m. Sviras cilindram ir iz\u0161\u0137iro\u0161a noz\u012bme hidrauliskaj\u0101s sist\u0113m\u0101s, nodro\u0161inot papildu instrumentu vai stiprin\u0101jumu efekt\u012bvu kust\u012bbu un vad\u012bbu. \u0160ie cilindri ne tikai nodro\u0161ina vienm\u0113r\u012bgu kust\u012bbu, bet ar\u012b iztur lielas slodzes, nodro\u0161inot ma\u0161\u012bnu efekt\u012bvu darb\u012bbu un uzticam\u012bbu da\u017e\u0101dos ekspluat\u0101cijas apst\u0101k\u013cos.<\/p>\n<p><img decoding=\"async\" src=\"https:\/\/www.hydraulic-cylinders.net\/wp-content\/uploads\/2025\/01\/songte-company-2.webp\" alt=\"Sviras cilindra att\u0113ls\"><\/p>\n<h2>Rokas cilindra \u012bpa\u0161\u012bbas<\/h2>\n<ul>\n<li>\n<h3>Augstas efektivit\u0101tes transmisija<\/h3>\n<p>Rokas cilindrs nodro\u0161ina jaud\u012bgu line\u0101ru kust\u012bbu un sp\u0113ku, garant\u0113jot robotiz\u0113t\u0101s rokas augstu efektivit\u0101ti da\u017e\u0101du darb\u012bbu laik\u0101.<\/p>\n<\/li>\n<li>\n<h3>Prec\u012bza kontrole<\/h3>\n<p>Sviras cilindrs var pan\u0101kt prec\u012bzu kust\u012bbas vad\u012bbu, izmantojot hidraulisko sist\u0113mu, padarot instrumentu darb\u012bbu elast\u012bg\u0101ku un prec\u012bz\u0101ku.<\/p>\n<\/li>\n<li>\n<h3>Sp\u0113c\u012bga iztur\u012bba<\/h3>\n<p>Sviras cilindrs parasti ir izgatavots no augstas iztur\u012bbas materi\u0101liem, un tam ir laba nodilumiztur\u012bba un iztur\u012bba pret koroziju, padarot to piem\u0113rotu ilgsto\u0161ai lieto\u0161anai skarbos apst\u0101k\u013cos.<\/p>\n<\/li>\n<li>\n<h3>Daudzfunkcion\u0101la piel\u0101go\u0161an\u0101s sp\u0113ja<\/h3>\n<p>\u0160os cilindrus var pla\u0161i izmantot da\u017e\u0101d\u0101s meh\u0101nisk\u0101s iek\u0101rt\u0101s, piem\u0113ram, ekskavatoros, celt\u0146os un robotiz\u0113t\u0101s rok\u0101s, piel\u0101gojoties da\u017e\u0101d\u0101m darba vajadz\u012bb\u0101m.<\/p>\n<\/li>\n<li>\n<h3>Vienk\u0101r\u0161a apkope<\/h3>\n<p>Dizainu ir viegli uztur\u0113t un nomain\u012bt, padarot regul\u0101ru p\u0101rbaudi un apkopi \u0113rt\u0101ku un samazinot iek\u0101rtu d\u012bkst\u0101ves laiku.<\/p>\n<\/li>\n<\/ul>\n<p>M\u0113s varam ra\u017eot \u0161o produktu, un tas ir ide\u0101ls aizvietot\u0101js \u0161iem hidrauliskajiem cilindriem.<\/p>\n<p><img decoding=\"async\" src=\"https:\/\/www.hydraulic-cylinders.net\/wp-content\/uploads\/2025\/01\/songte-oil-pipes-and-spare-parts.webp\" alt=\"Hidraulisk\u0101 cilindra att\u0113ls\"><\/p>\n<h2>Rokas cilindra pielietojums<\/h2>\n<ul>\n<li>\n<h3>B\u016bvniec\u012bbas in\u017eenierija<\/h3>\n<p>Sviras cilindrs tiek izmantots ekskavatoros un celt\u0146os, lai kontrol\u0113tu kausa vai str\u0113les kust\u012bbu zemes darbos, materi\u0101lu apstr\u0101d\u0113 un konstrukciju uzst\u0101d\u012b\u0161an\u0101.<\/p>\n<\/li>\n<li>\n<h3>Ra\u017eo\u0161anas nozare<\/h3>\n<p>Rokas cilindrs tiek izmantots automatiz\u0113t\u0101s ra\u017eo\u0161anas l\u012bnij\u0101s robotiz\u0113tu roku p\u0101rvieto\u0161anai mont\u0101\u017eas, metin\u0101\u0161anas un apstr\u0101des procesu laik\u0101, uzlabojot ra\u017eo\u0161anas efektivit\u0101ti un precizit\u0101ti.<\/p>\n<\/li>\n<li>\n<h3>Lauksaimniec\u012bbas tehnika<\/h3>\n<p>Sviras cilindrs kontrol\u0113 vad\u012bbas sviras kust\u012bbu lauksaimniec\u012bbas ma\u0161\u012bn\u0101s, piem\u0113ram, kombainos un s\u0113jma\u0161\u012bn\u0101s, veicot t\u0101dus uzdevumus k\u0101 s\u0113\u0161ana, m\u0113slo\u0161ana un ra\u017eas nov\u0101k\u0161ana.<\/p>\n<\/li>\n<li>\n<h3>Kalnr\u016bpniec\u012bba<\/h3>\n<p>Sviras cilindrs tiek izmantots, lai kontrol\u0113tu kalnr\u016bpniec\u012bbas iek\u0101rtu sviras kust\u012bbu r\u016bdu ieguvei un transport\u0113\u0161anai kalnr\u016bpniec\u012bbas nozar\u0113.<\/p>\n<\/li>\n<li>\n<h3>Lo\u0123istika un transports<\/h3>\n<p>Rokas cilindrs tiek izmantots, lai kontrol\u0113tu dak\u0161u pacel\u0161anu un kust\u012bbu iekr\u0101v\u0113jos un apstr\u0101des robotos, nodro\u0161inot materi\u0101lu apstr\u0101di un sakrau\u0161anu.<\/p>\n<\/li>\n<\/ul>\n<h2>Dizaina apsv\u0113rumi un atlases krit\u0113riji<\/h2>\n<ul>\n<li>\n<h3>Nestsp\u0113ja<\/h3>\n<p>Sviras cilindra nestsp\u0113ja ir svar\u012bgs konstrukcijas apsv\u0113rums, un tam j\u0101sp\u0113j iztur\u0113t tehnikas un stiprin\u0101jumu maksim\u0101lo slodzi.<\/p>\n<\/li>\n<li>\n<h3>Bl\u012bv\u0113\u0161ana<\/h3>\n<p>Sviras cilindram ir nepiecie\u0161ams atbilsto\u0161s bl\u012bv\u0113jums, lai nov\u0113rstu nopl\u016bdes un nodro\u0161in\u0101tu pareizu darb\u012bbu. Taj\u0101 tiek izmantoti da\u017e\u0101di bl\u012bv\u0113\u0161anas komponenti, piem\u0113ram, virzu\u013ca bl\u012bvsl\u0113gi \u200b\u200bun stie\u0146a bl\u012bvsl\u0113gi, kas izgatavoti no nodilumiztur\u012bgiem materi\u0101liem, piem\u0113ram, poliuret\u0101na un nitrila gumijas.<\/p>\n<\/li>\n<li>\n<h3>Iztur\u012bba<\/h3>\n<p>Sviras cilindrs ir izgatavots no augstas stipr\u012bbas materi\u0101liem, lai nodro\u0161in\u0101tu iztur\u012bbu un uzticam\u012bbu, un cilindra galva un virzu\u013ca stienis ir smalki apstr\u0101d\u0101ti, lai uzlabotu nodilumiztur\u012bbu.<\/p>\n<\/li>\n<li>\n<h3>Dro\u0161\u012bba<\/h3>\n<p>Sviras cilindra konstrukcij\u0101 j\u0101\u0146em v\u0113r\u0101 atbilsto\u0161i dro\u0161\u012bbas pas\u0101kumi, piem\u0113ram, aizsargu un dro\u0161\u012bbas v\u0101rstu nodro\u0161in\u0101\u0161ana, lai nov\u0113rstu p\u0101rslodzi un nodro\u0161in\u0101tu dro\u0161u darb\u012bbu.<\/p>\n<\/li>\n<li>\n<h3>Uzturam\u012bba<\/h3>\n<p>Sviras cilindra konstrukciju ir viegli uztur\u0113t un nomain\u012bt, un tai nepiecie\u0161ama regul\u0101ra p\u0101rbaude un apkope, tostarp atbilsto\u0161as \u200b\u200bhidraulisk\u0101s e\u013c\u013cas pievieno\u0161ana e\u013c\u013co\u0161anai.<\/p>\n<\/li>\n<\/ul>\n<p><img decoding=\"async\" src=\"https:\/\/www.hydraulic-cylinders.net\/wp-content\/uploads\/2025\/01\/songte-cylinder-head-with-all-kinds-excavator-models.webp\" alt=\"Cilindra galvas att\u0113ls\"><\/p>\n<h2>Sviras cilindra bl\u012bv\u0113\u0161ana un e\u013c\u013co\u0161ana<\/h2>\n<p>Sviras cilindr\u0101 tiek izmantoti da\u017e\u0101di bl\u012bv\u0113\u0161anas komponenti, piem\u0113ram, virzu\u013ca bl\u012bvsl\u0113gi \u200b\u200bun stie\u0146a bl\u012bvsl\u0113gi, kas izgatavoti no nodilumiztur\u012bgiem materi\u0101liem, piem\u0113ram, poliuret\u0101na un nitrila gumijas. Cilindra galva un virzu\u013ca stienis ir smalki apstr\u0101d\u0101ti, lai uzlabotu nodilumiztur\u012bbu. Turkl\u0101t, lai sviras cilindrs darbotos pareizi, ir nepiecie\u0161ama regul\u0101ra e\u013c\u013co\u0161ana ar atbilsto\u0161u hidraulisko e\u013c\u013cu.<\/p>\n<p><img decoding=\"async\" src=\"https:\/\/www.hydraulic-cylinders.net\/wp-content\/uploads\/2025\/01\/songte-chushion-collar.webp\" alt=\"\u010cusjona apkakles att\u0113ls\"><\/p>\n<h2>Regul\u0101ras p\u0101rbaudes un profilakses pas\u0101kumi<\/h2>\n<ul>\n<li>\n<h3>Regul\u0101ra p\u0101rbaude<\/h3>\n<p>Sviras cilindram nepiecie\u0161ama regul\u0101ra p\u0101rbaude, lai noteiktu nopl\u016bdes, nodilumu un bl\u012bv\u0113juma deta\u013cu un cilindra galvas boj\u0101jumus. Turkl\u0101t regul\u0101ri j\u0101p\u0101rbauda hidraulisk\u0101s e\u013c\u013cas l\u012bmenis un kvalit\u0101te.<\/p>\n<\/li>\n<li>\n<h3>Prevent\u012bv\u0101 apkope<\/h3>\n<p>Lai nodro\u0161in\u0101tu pareizu sviras cilindra darb\u012bbu, ir nepiecie\u0161ama profilaktisk\u0101 apkope, piem\u0113ram, t\u012br\u012b\u0161ana un e\u013c\u013co\u0161ana. Turkl\u0101t ir svar\u012bgi iev\u0113rot ra\u017eot\u0101ja apkopes grafiku un ieteikumus.<\/p>\n<\/li>\n<\/ul>\n<h2>Instal\u0101cijas rokasgr\u0101mata<\/h2>\n<p>Sviras cilindru j\u0101uzst\u0101da profesion\u0101lam tehni\u0137im saska\u0146\u0101 ar ra\u017eot\u0101ja uzst\u0101d\u012b\u0161anas instrukcij\u0101m. Uzst\u0101d\u012b\u0161anas process ietver cilindra izl\u012bdzin\u0101\u0161anu ar mont\u0101\u017eas virsmu, hidraulisko \u0161\u013c\u016bte\u0146u pievieno\u0161anu un nopl\u016b\u017eu p\u0101rbaudi. Turkl\u0101t pirms uzst\u0101d\u012b\u0161anas hidraulisk\u0101 sist\u0113ma ir j\u0101izskalo, lai no\u0146emtu visus gru\u017eus vai pies\u0101r\u0146ot\u0101jus.<\/p>\n<p><img decoding=\"async\" src=\"https:\/\/www.hydraulic-cylinders.net\/wp-content\/uploads\/2025\/01\/songte-bushings-with-all-kinds-of-excavator-models.webp\" alt=\"Bukses att\u0113ls\"><\/p>\n<h2>Dro\u0161\u012bbas un vides apsv\u0113rumi<\/h2>\n<p>Str\u0113les cilindra darb\u012bbas laik\u0101 j\u0101veic atbilsto\u0161i dro\u0161\u012bbas pas\u0101kumi, tostarp j\u0101nodro\u0161ina aizsargi un dro\u0161\u012bbas v\u0101rsti, lai nov\u0113rstu p\u0101rslodzi un nodro\u0161in\u0101tu dro\u0161u darb\u012bbu. Turkl\u0101t j\u0101\u0146em v\u0113r\u0101 vides apsv\u0113rumi, piem\u0113ram, hidraulisk\u0101s e\u013c\u013cas un sast\u0101vda\u013cu pareiza utiliz\u0101cija.<\/p>\n<h2>Probl\u0113mu nov\u0113r\u0161ana un bie\u017ei sastopamas probl\u0113mas<\/h2>\n<ul>\n<li>\n<h3>Nopl\u016bde<\/h3>\n<p>Nopl\u016bde ir bie\u017ei sastopama probl\u0113ma ar sviras cilindru, un to var izrais\u012bt nodilu\u0161as vai boj\u0101tas bl\u012bv\u0113\u0161anas deta\u013cas vai boj\u0101ta cilindra galva. Risin\u0101jums ir nomain\u012bt boj\u0101t\u0101s deta\u013cas vai galvu.<\/p>\n<\/li>\n<li>\n<h3>P\u0101rkar\u0161ana<\/h3>\n<p>P\u0101rkar\u0161anu var izrais\u012bt nepareiza darb\u012bba vai nepietiekama e\u013c\u013co\u0161ana. Risin\u0101jums ir iev\u0113rot ra\u017eot\u0101ja ieteikumus par pareizu darb\u012bbu un e\u013c\u013co\u0161anu.<\/p>\n<\/li>\n<li>\n<h3>Zems spiediens<\/h3>\n<p>Zemu spiedienu var izrais\u012bt nolietots vai boj\u0101ts s\u016bknis vai nepareiza uzst\u0101d\u012b\u0161ana. Risin\u0101jums ir nomain\u012bt s\u016bkni vai labot uzst\u0101d\u012b\u0161anu.<\/p>\n<\/li>\n<\/ul>\n<h2>Secin\u0101jums<\/h2>\n<p>M\u0113s esam profesion\u0101ls rezerves hidraulisko cilindru ra\u017eot\u0101js, kas pied\u0101v\u0101 pla\u0161u produktu kl\u0101stu un k\u013c\u016bst par vienu no vado\u0161ajiem hidraulisko cilindru ra\u017eot\u0101jiem un vairumtirdzniec\u012bbas izplat\u012bt\u0101jiem viet\u0113j\u0101 un starptautiskaj\u0101 tirg\u016b. M\u0113s vienm\u0113r iev\u0113rojam izcilas kvalit\u0101tes principu un nep\u0101rtraukti uzlabojam savas tehnolo\u0123ijas un ra\u017eo\u0161anas efektivit\u0101ti, izmantojot augst\u0101k\u0101s klases digit\u0101l\u0101s ra\u017eo\u0161anas iek\u0101rtas un profesion\u0101las test\u0113\u0161anas sist\u0113mas. M\u016bsu m\u0113r\u0137is ir apmierin\u0101t m\u016bsu klientu da\u017e\u0101d\u0101s vajadz\u012bbas ar efektivit\u0101ti, precizit\u0101ti un augstu kvalit\u0101ti.<\/p>\n<p><img decoding=\"async\" src=\"https:\/\/www.hydraulic-cylinders.net\/wp-content\/uploads\/2025\/01\/songte-company-4.webp\" alt=\"Uz\u0146\u0113muma t\u0113ls\"><br \/>\n<img decoding=\"async\" src=\"https:\/\/www.hydraulic-cylinders.net\/wp-content\/uploads\/2025\/01\/songte-company-3.webp\" alt=\"Uz\u0146\u0113muma t\u0113ls\"><\/p>\n<p>M\u016bsu uz\u0146\u0113mums nodro\u0161ina profesion\u0101lus, starptautiski sertific\u0113tus, piel\u0101gotus pakalpojumus, modernu ra\u017eo\u0161anas apr\u012bkojumu un izcilu p\u0113cp\u0101rdo\u0161anas apkalpo\u0161anu, lai apmierin\u0101tu m\u016bsu klientu da\u017e\u0101d\u0101s vajadz\u012bbas.<\/p>\n<p>Autors: lil<\/p>","protected":false},"excerpt":{"rendered":"<p>Arm Cylinder For Yigong CY8150 Arm cylinder is a specially designed hydraulic cylinder that provides linear motion and power to the arms of various types of machinery such as excavators, cranes, and robotic arms. The arm cylinder plays a critical role in hydraulic systems by enabling the effective movement and control of additional tools or [&hellip;]<\/p>","protected":false},"featured_media":14763,"comment_status":"open","ping_status":"closed","template":"","meta":{"_et_pb_use_builder":"","_et_pb_old_content":"","_et_gb_content_width":""},"product_brand":[],"product_cat":[1497],"product_tag":[1498,1496],"class_list":{"0":"post-16926","1":"product","2":"type-product","3":"status-publish","4":"has-post-thumbnail","6":"product_cat-arm-cylinders","7":"product_tag-arm-cylinders","8":"product_tag-hydraulic-cylinders","10":"first","11":"instock","12":"shipping-taxable","13":"product-type-simple"},"amp_enabled":true,"_links":{"self":[{"href":"https:\/\/www.hydraulic-cylinders.net\/lv\/wp-json\/wp\/v2\/product\/16926","targetHints":{"allow":["GET"]}}],"collection":[{"href":"https:\/\/www.hydraulic-cylinders.net\/lv\/wp-json\/wp\/v2\/product"}],"about":[{"href":"https:\/\/www.hydraulic-cylinders.net\/lv\/wp-json\/wp\/v2\/types\/product"}],"replies":[{"embeddable":true,"href":"https:\/\/www.hydraulic-cylinders.net\/lv\/wp-json\/wp\/v2\/comments?post=16926"}],"wp:featuredmedia":[{"embeddable":true,"href":"https:\/\/www.hydraulic-cylinders.net\/lv\/wp-json\/wp\/v2\/media\/14763"}],"wp:attachment":[{"href":"https:\/\/www.hydraulic-cylinders.net\/lv\/wp-json\/wp\/v2\/media?parent=16926"}],"wp:term":[{"taxonomy":"product_brand","embeddable":true,"href":"https:\/\/www.hydraulic-cylinders.net\/lv\/wp-json\/wp\/v2\/product_brand?post=16926"},{"taxonomy":"product_cat","embeddable":true,"href":"https:\/\/www.hydraulic-cylinders.net\/lv\/wp-json\/wp\/v2\/product_cat?post=16926"},{"taxonomy":"product_tag","embeddable":true,"href":"https:\/\/www.hydraulic-cylinders.net\/lv\/wp-json\/wp\/v2\/product_tag?post=16926"}],"curies":[{"name":"wp","href":"https:\/\/api.w.org\/{rel}","templated":true}]}}