{"id":16929,"date":"2025-01-21T06:13:34","date_gmt":"2025-01-21T06:13:34","guid":{"rendered":"https:\/\/www.hydraulic-cylinders.net\/product\/arm-cylinder-for-yigong-cy210\/"},"modified":"2025-01-21T06:13:36","modified_gmt":"2025-01-21T06:13:36","slug":"arm-cylinder-for-yigong-cy210","status":"publish","type":"product","link":"https:\/\/www.hydraulic-cylinders.net\/lv\/products\/arm-cylinder-for-yigong-cy210\/","title":{"rendered":"Yigong CY210 rokas cilindrs"},"content":{"rendered":"<h2>Yigong CY210 rokas cilindrs<\/h2>\n<h3>Ievads<\/h3>\n<p>Sviras cilindrs ir specializ\u0113ts hidrauliskais cilindrs, kas paredz\u0113ts line\u0101ras kust\u012bbas un jaudas nodro\u0161in\u0101\u0161anai da\u017e\u0101du veidu ma\u0161\u012bn\u0101m, piem\u0113ram, ekskavatoriem, celt\u0146iem un meh\u0101niskaj\u0101m svir\u0101m. Sviras cilindram ir iz\u0161\u0137iro\u0161a noz\u012bme hidrauliskaj\u0101s sist\u0113m\u0101s, nodro\u0161inot efekt\u012bvu papildu instrumentu vai stiprin\u0101jumu kust\u012bbu un vad\u012bbu. \u0160ie cilindri ne tikai nodro\u0161ina vienm\u0113r\u012bgu kust\u012bbu, bet ar\u012b iztur lielas slodzes, nodro\u0161inot ma\u0161\u012bnu efekt\u012bvu darb\u012bbu un uzticam\u012bbu da\u017e\u0101dos ekspluat\u0101cijas apst\u0101k\u013cos.<\/p>\n<p><img decoding=\"async\" src=\"https:\/\/www.hydraulic-cylinders.net\/wp-content\/uploads\/2025\/01\/songte-company-2.webp\" alt=\"Sviras cilindra att\u0113ls\"><\/p>\n<h3>Funkcijas<\/h3>\n<ul>\n<li><strong>Efekt\u012bva jaudas p\u0101rvade:<\/strong> Sviras cilindrs nodro\u0161ina jaud\u012bgu line\u0101ru kust\u012bbu un sp\u0113ku, garant\u0113jot meh\u0101nisk\u0101s sviras augstu efektivit\u0101ti da\u017e\u0101d\u0101s darb\u012bb\u0101s.<\/li>\n<li><strong>Prec\u012bza kontrole:<\/strong> Sviras cilindrs var pan\u0101kt prec\u012bzu kust\u012bbas vad\u012bbu, izmantojot hidraulisk\u0101s sist\u0113mas, padarot papildu instrumentu darb\u012bbu elast\u012bg\u0101ku un prec\u012bz\u0101ku.<\/li>\n<li><strong>Iztur\u012bgs:<\/strong> Sviras cilindrs parasti ir izgatavots no augstas iztur\u012bbas materi\u0101liem, kuriem ir laba nodilumiztur\u012bba un iztur\u012bba pret koroziju, padarot to piem\u0113rotu ilgsto\u0161ai lieto\u0161anai skarbos apst\u0101k\u013cos.<\/li>\n<li><strong>Daudzfunkcion\u0101la piel\u0101go\u0161an\u0101s sp\u0113ja:<\/strong> \u0160os cilindrus var pla\u0161i izmantot da\u017e\u0101da veida ma\u0161\u012bn\u0101s, piem\u0113ram, ekskavatoros, celt\u0146os un meh\u0101niskaj\u0101s svir\u0101s, piel\u0101gojoties da\u017e\u0101d\u0101m darba vajadz\u012bb\u0101m.<\/li>\n<li><strong>Vienk\u0101r\u0161a apkope:<\/strong> Projekt\u0113jot \u0146emta v\u0113r\u0101 apkopes un nomai\u0146as vienk\u0101r\u0161\u012bba, padarot regul\u0101ru p\u0101rbaudi un apkopi \u0113rt\u0101ku un samazinot iek\u0101rtu d\u012bkst\u0101ves laiku.<\/li>\n<\/ul>\n<p>M\u0113s varam ra\u017eot \u0161o produktu, un m\u016bsu produkts var lieliski aizst\u0101t \u0161os hidrauliskos cilindrus.<\/p>\n<p><img decoding=\"async\" src=\"https:\/\/www.hydraulic-cylinders.net\/wp-content\/uploads\/2025\/01\/songte-oil-pipes-and-spare-parts.webp\" alt=\"Hidraulisk\u0101 cilindra deta\u013cu att\u0113ls\"><\/p>\n<h3>Pieteikumi<\/h3>\n<p>Sviras cilindram ir da\u017e\u0101di pielietojumi da\u017e\u0101d\u0101s nozar\u0113s. \u0160eit ir da\u017ei piem\u0113ri:<\/p>\n<ul>\n<li><strong>B\u016bvniec\u012bba:<\/strong> Ekskavatoros un celt\u0146os sviras cilindrs tiek izmantots, lai kontrol\u0113tu kausa vai str\u0113les kust\u012bbu zemes p\u0101rvieto\u0161anas, materi\u0101lu apstr\u0101des un konstrukciju uzst\u0101d\u012b\u0161anas laik\u0101.<\/li>\n<li><strong>Ra\u017eo\u0161ana:<\/strong> Automatiz\u0113t\u0101s ra\u017eo\u0161anas l\u012bnij\u0101s sviras cilindrs tiek izmantots meh\u0101nisko sviru p\u0101rvieto\u0161anai t\u0101dos procesos k\u0101 mont\u0101\u017ea, metin\u0101\u0161ana un materi\u0101lu apstr\u0101de, uzlabojot ra\u017eo\u0161anas efektivit\u0101ti un precizit\u0101ti.<\/li>\n<li><strong>Lauksaimniec\u012bbas tehnika:<\/strong> Lauksaimniec\u012bbas ma\u0161\u012bn\u0101s, piem\u0113ram, kombainos un s\u0113jma\u0161\u012bn\u0101s, sviras cilindrs kontrol\u0113 vad\u012bbas sviras kust\u012bbu, veicot t\u0101dus uzdevumus k\u0101 s\u0113\u0161ana, m\u0113slo\u0161ana un ra\u017eas nov\u0101k\u0161ana.<\/li>\n<li><strong>Kalnr\u016bpniec\u012bba:<\/strong> Kalnr\u016bpniec\u012bbas iek\u0101rt\u0101s sviras cilindrs kontrol\u0113 kalnr\u016bpniec\u012bbas iek\u0101rtas sviras kust\u012bbu, veicot t\u0101dus uzdevumus k\u0101 r\u016bdas ieguve un transport\u0113\u0161ana.<\/li>\n<li><strong>Lo\u0123istika un transports:<\/strong> Iekr\u0101v\u0113jos un apstr\u0101des robotos rokas cilindrs tiek izmantots, lai kontrol\u0113tu dak\u0161as pacel\u0161anu un kust\u012bbu, nodro\u0161inot materi\u0101lu apstr\u0101di un sakrau\u0161anu.<\/li>\n<\/ul>\n<h3>Dizaina apsv\u0113rumi un atlases krit\u0113riji<\/h3>\n<p>From a design perspective, the arm cylinder&#8217;s load-bearing capacity, sealing performance, durability, safety, and maintainability are essential considerations. Here are some points to discuss:<\/p>\n<ul>\n<li><strong>Nestsp\u0113ja:<\/strong> Sviras cilindram j\u0101sp\u0113j iztur\u0113t maksim\u0101lo slodzi ma\u0161\u012bn\u0101m, kur\u0101s tas tiek izmantots.<\/li>\n<li><strong>Bl\u012bv\u0113juma veiktsp\u0113ja:<\/strong> Lai nodro\u0161in\u0101tu uzticamu un ilgsto\u0161u bl\u012bv\u0113jumu, samazinot \u0161\u0137idruma nopl\u016bdes risku, j\u0101izv\u0113las da\u017e\u0101di bl\u012bv\u0113jumi, piem\u0113ram, virzu\u013ca un stie\u0146a bl\u012bv\u0113jumi.<\/li>\n<li><strong>Iztur\u012bba:<\/strong> High-strength materials and surface treatments should be selected to improve the cylinder&#8217;s wear resistance and corrosion resistance, ensuring long-term use in harsh environments.<\/li>\n<li><strong>Dro\u0161\u012bba:<\/strong> Sviras cilindram j\u0101b\u016bt konstru\u0113tam t\u0101, lai nov\u0113rstu p\u0113k\u0161\u0146as k\u013c\u016bmes vai negad\u012bjumus, nodro\u0161inot operatoru un ma\u0161\u012bnu dro\u0161\u012bbu.<\/li>\n<li><strong>Uzturam\u012bba:<\/strong> Projekt\u0113jot j\u0101\u0146em v\u0113r\u0101 apkopes un nomai\u0146as vienk\u0101r\u0161\u012bba, samazinot iek\u0101rtu d\u012bkst\u0101ves laiku un apkopes izmaksas.<\/li>\n<\/ul>\n<p><img decoding=\"async\" src=\"https:\/\/www.hydraulic-cylinders.net\/wp-content\/uploads\/2025\/01\/songte-cylinder-head-with-all-kinds-excavator-models.webp\" alt=\"Hidraulisk\u0101 cilindra dizaina att\u0113ls\"><\/p>\n<h3>Bl\u012bv\u0113\u0161ana un e\u013c\u013co\u0161ana<\/h3>\n<p>Lai nodro\u0161in\u0101tu uzticamu un ilgsto\u0161u bl\u012bv\u0113\u0161anas veiktsp\u0113ju, j\u0101izv\u0113las da\u017e\u0101di bl\u012bv\u0113jumi, piem\u0113ram, virzu\u013ca bl\u012bv\u0113jumi un stie\u0146a bl\u012bv\u0113jumi. Ieteicams izmantot bl\u012bv\u0113jumus, kas izgatavoti no nodilumiztur\u012bgiem materi\u0101liem, piem\u0113ram, poliuret\u0101na un nitrila gumijas. Cilindra korpusa un v\u012bt\u0146ot\u0101 gala virsma ir r\u016bp\u012bgi j\u0101apstr\u0101d\u0101, lai uzlabotu nodilumiztur\u012bbu. Lai uztur\u0113tu atbilsto\u0161u e\u013c\u013co\u0161anu, ir nepiecie\u0161ama regul\u0101ra e\u013c\u013co\u0161ana ar piem\u0113rotu hidraulisko e\u013c\u013cu.<\/p>\n<h3>Apkope un prevent\u012bvie pas\u0101kumi<\/h3>\n<p>Regul\u0101ra sviras cilindra p\u0101rbaude un apkope ir \u013coti svar\u012bga, lai nodro\u0161in\u0101tu t\u0101 pareizu darb\u012bbu un pagarin\u0101tu t\u0101 kalpo\u0161anas laiku. \u0160eit ir da\u017ei pas\u0101kumi, kas j\u0101\u0146em v\u0113r\u0101:<\/p>\n<ul>\n<li><strong>Regul\u0101ra p\u0101rbaude:<\/strong> Regul\u0101ri p\u0101rbaudiet cilindra, bl\u012bv\u0113jumu un stiprin\u0101juma punktu st\u0101vokli un nekav\u0113joties nomainiet nolietot\u0101s vai boj\u0101t\u0101s deta\u013cas.<\/li>\n<li><strong>T\u012br\u012bba:<\/strong> Uzturiet cilindru un t\u0101 apk\u0101rtni t\u012bru, lai nov\u0113rstu sve\u0161\u0137erme\u0146u iek\u013c\u016b\u0161anu, kas var saboj\u0101t bl\u012bves vai citas sast\u0101vda\u013cas.<\/li>\n<li><strong>Pareiza uzglab\u0101\u0161ana:<\/strong> Uzglab\u0101jiet cilindru saus\u0101 un t\u012br\u0101 vid\u0113, lai nov\u0113rstu koroziju vai boj\u0101jumus.<\/li>\n<\/ul>\n<p><img decoding=\"async\" src=\"https:\/\/www.hydraulic-cylinders.net\/wp-content\/uploads\/2025\/01\/songte-chushion-collar.webp\" alt=\"Hidraulisk\u0101 cilindra apkopes att\u0113ls\"><\/p>\n<h3>Instal\u0101cijas rokasgr\u0101mata<\/h3>\n<p>Uzst\u0101dot sviras cilindru, j\u0101iev\u0113ro da\u017ei so\u013ci:<\/p>\n<ul>\n<li><strong>Izv\u0113le:<\/strong> Izv\u0113lieties atbilsto\u0161u cilindru nepiecie\u0161amajai iek\u0101rtai un darb\u012bbai.<\/li>\n<li><strong>Mont\u0101\u017ea:<\/strong> Mount the cylinder securely using suitable hardware and in accordance with the manufacturer&#8217;s instructions.<\/li>\n<li><strong>Savienojumi:<\/strong> Pievienojiet cilindru hidrauliskajai sist\u0113mai, nodro\u0161inot pareizu bl\u012bv\u0113jumu un savienojumu.<\/li>\n<li><strong>Test\u0113\u0161ana:<\/strong> Pirms darba uzs\u0101k\u0161anas p\u0101rbaudiet cilindru un sist\u0113mu, vai tie darbojas pareizi.<\/li>\n<\/ul>\n<p><img decoding=\"async\" src=\"https:\/\/www.hydraulic-cylinders.net\/wp-content\/uploads\/2025\/01\/songte-bushings-with-all-kinds-of-excavator-models.webp\" alt=\"Hidraulisk\u0101 cilindra uzst\u0101d\u012b\u0161anas att\u0113ls\"><\/p>\n<h3>Dro\u0161\u012bbas apsv\u0113rumi un vides faktori<\/h3>\n<p>Proper safety measures should be observed when operating machinery with the arm cylinder. The cylinder should be regularly inspected and maintained to prevent sudden failures or accidents that may harm operators or machinery. Environmental factors such as temperature, humidity, and corrosive substances should also be considered to ensure the cylinder&#8217;s proper function and longevity.<\/p>\n<h3>Probl\u0113mu nov\u0113r\u0161ana un bie\u017ei sastopamas probl\u0113mas<\/h3>\n<p>\u0160eit ir da\u017eas bie\u017ei sastopamas probl\u0113mas, kas var rasties ar sviras cilindru:<\/p>\n<ul>\n<li><strong>\u0160\u0137idruma nopl\u016bde:<\/strong> To var izrais\u012bt nolietotas vai boj\u0101tas bl\u012bves vai va\u013c\u012bgi savienojumi.<\/li>\n<li><strong>Samazin\u0101ta veiktsp\u0113ja:<\/strong> To var izrais\u012bt zems \u0161\u0137idruma l\u012bmenis, nolietotas deta\u013cas vai nepareiza uzst\u0101d\u012b\u0161ana.<\/li>\n<li><strong>Neparasts troksnis:<\/strong> To var izrais\u012bt boj\u0101tas vai nepareizi novietotas deta\u013cas vai nepareiza e\u013c\u013co\u0161ana.<\/li>\n<\/ul>\n<p>\u0160eit ir da\u017ei padomi \u0161o probl\u0113mu nov\u0113r\u0161anai un risin\u0101\u0161anai:<\/p>\n<ul>\n<li><strong>\u0160\u0137idruma nopl\u016bde:<\/strong> Nomainiet nolietot\u0101s vai boj\u0101t\u0101s bl\u012bves vai pievelciet savienojumus p\u0113c nepiecie\u0161am\u012bbas.<\/li>\n<li><strong>Samazin\u0101ta veiktsp\u0113ja:<\/strong> P\u0101rbaudiet \u0161\u0137idruma l\u012bmeni, apskatiet un nomainiet nolietot\u0101s deta\u013cas un p\u0101rliecinieties par pareizu uzst\u0101d\u012b\u0161anu.<\/li>\n<li><strong>Neparasts troksnis:<\/strong> P\u0101rbaudiet un nomainiet boj\u0101tas vai nepareizi izl\u012bdzin\u0101tas deta\u013cas un nodro\u0161iniet pareizu e\u013c\u013co\u0161anu.<\/li>\n<\/ul>\n<p>Prevent\u012bvie pas\u0101kumi, piem\u0113ram, regul\u0101ra p\u0101rbaude un apkope, var pal\u012bdz\u0113t samazin\u0101t \u0161o probl\u0113mu ra\u0161an\u0101s risku.<\/p>\n<p><img decoding=\"async\" src=\"https:\/\/www.hydraulic-cylinders.net\/wp-content\/uploads\/2025\/01\/songte-company-4.webp\" alt=\"Songte uz\u0146\u0113muma att\u0113ls\"><\/p>\n<h3>Par m\u016bsu uz\u0146\u0113mumu<\/h3>\n<p>M\u0113s esam profesion\u0101ls rezerves hidraulisko cilindru ra\u017eot\u0101js ar pla\u0161u produktu kl\u0101stu. Esam k\u013cuvu\u0161i par vienu no vado\u0161ajiem hidraulisko cilindru ra\u017eot\u0101jiem un vairumtirdzniec\u012bbas izplat\u012bt\u0101jiem viet\u0113j\u0101 un starptautiskaj\u0101 tirg\u016b. M\u0113s vienm\u0113r iev\u0113rojam izcilas kvalit\u0101tes principu, pa\u013caujamies uz industrializ\u0113tu ra\u017eo\u0161anas vad\u012bbas strat\u0113\u0123iju, ko \u012bsteno izsmalcin\u0101tas ra\u017eo\u0161anas darbn\u012bcas, past\u0101v\u012bgi uzlabojam savu tehnisko l\u012bmeni un ra\u017eo\u0161anas efektivit\u0101ti. Ievie\u0161ot modernu digit\u0101lo ra\u017eo\u0161anas apr\u012bkojumu un profesion\u0101las test\u0113\u0161anas sist\u0113mas, m\u0113s nep\u0101rtraukti optimiz\u0113jam savu ra\u017eo\u0161anas platformu un uzlabojam produktu kvalit\u0101tes kontroles procesu, ar sp\u0113c\u012bg\u0101m inov\u0101ciju iesp\u0113j\u0101m. M\u016bsu m\u0113r\u0137is ir apmierin\u0101t klientu da\u017e\u0101d\u0101s vajadz\u012bbas, iev\u0113rojot augstu efektivit\u0101ti, precizit\u0101ti un augstas kvalit\u0101tes principus.<\/p>\n<h3>Profesionalit\u0101te, starptautisk\u0101 sertifik\u0101cija, piel\u0101go\u0161anas pakalpojumi, ra\u017eo\u0161anas iek\u0101rtas un p\u0113cp\u0101rdo\u0161anas pakalpojumi<\/h3>\n<p>M\u0113s esam profesion\u0101ls ra\u017eot\u0101js ar daudzu gadu pieredzi hidraulisko cilindru ra\u017eo\u0161an\u0101. Esam ieguvu\u0161i da\u017e\u0101dus starptautiskus sertifik\u0101tus, piem\u0113ram, ISO9001 un CE. M\u0113s pied\u0101v\u0101jam piel\u0101go\u0161anas pakalpojumus, lai apmierin\u0101tu \u012bpa\u0161as klientu pras\u012bbas. M\u0113s izmantojam modernu digit\u0101lo ra\u017eo\u0161anas apr\u012bkojumu, lai uzlabotu ra\u017eo\u0161anas efektivit\u0101ti un produktu kvalit\u0101ti. M\u0113s pied\u0101v\u0101jam ar\u012b profesion\u0101lus p\u0113cp\u0101rdo\u0161anas pakalpojumus, tostarp tehnisko atbalstu un remonta pakalpojumus.<\/p>\n<p><img decoding=\"async\" src=\"https:\/\/www.hydraulic-cylinders.net\/wp-content\/uploads\/2025\/01\/songte-company-3.webp\" alt=\"Songte uz\u0146\u0113muma att\u0113ls\"><\/p>\n<p>Autors: lil<\/p>","protected":false},"excerpt":{"rendered":"<p>Arm Cylinder For Yigong CY210 Introduction The arm cylinder is a specialized hydraulic cylinder designed to provide linear motion and power for various types of machinery such as excavators, cranes, and mechanical arms. The arm cylinder plays a critical role in hydraulic systems, enabling the effective movement and control of additional tools or attachments. These [&hellip;]<\/p>","protected":false},"featured_media":14783,"comment_status":"open","ping_status":"closed","template":"","meta":{"_et_pb_use_builder":"","_et_pb_old_content":"","_et_gb_content_width":""},"product_brand":[],"product_cat":[1497],"product_tag":[1498,1496],"class_list":{"0":"post-16929","1":"product","2":"type-product","3":"status-publish","4":"has-post-thumbnail","6":"product_cat-arm-cylinders","7":"product_tag-arm-cylinders","8":"product_tag-hydraulic-cylinders","10":"first","11":"instock","12":"shipping-taxable","13":"product-type-simple"},"amp_enabled":true,"_links":{"self":[{"href":"https:\/\/www.hydraulic-cylinders.net\/lv\/wp-json\/wp\/v2\/product\/16929","targetHints":{"allow":["GET"]}}],"collection":[{"href":"https:\/\/www.hydraulic-cylinders.net\/lv\/wp-json\/wp\/v2\/product"}],"about":[{"href":"https:\/\/www.hydraulic-cylinders.net\/lv\/wp-json\/wp\/v2\/types\/product"}],"replies":[{"embeddable":true,"href":"https:\/\/www.hydraulic-cylinders.net\/lv\/wp-json\/wp\/v2\/comments?post=16929"}],"wp:featuredmedia":[{"embeddable":true,"href":"https:\/\/www.hydraulic-cylinders.net\/lv\/wp-json\/wp\/v2\/media\/14783"}],"wp:attachment":[{"href":"https:\/\/www.hydraulic-cylinders.net\/lv\/wp-json\/wp\/v2\/media?parent=16929"}],"wp:term":[{"taxonomy":"product_brand","embeddable":true,"href":"https:\/\/www.hydraulic-cylinders.net\/lv\/wp-json\/wp\/v2\/product_brand?post=16929"},{"taxonomy":"product_cat","embeddable":true,"href":"https:\/\/www.hydraulic-cylinders.net\/lv\/wp-json\/wp\/v2\/product_cat?post=16929"},{"taxonomy":"product_tag","embeddable":true,"href":"https:\/\/www.hydraulic-cylinders.net\/lv\/wp-json\/wp\/v2\/product_tag?post=16929"}],"curies":[{"name":"wp","href":"https:\/\/api.w.org\/{rel}","templated":true}]}}