{"id":16937,"date":"2025-01-21T06:14:10","date_gmt":"2025-01-21T06:14:10","guid":{"rendered":"https:\/\/www.hydraulic-cylinders.net\/product\/arm-cylinder-for-xiniu-xn120-l\/"},"modified":"2025-01-21T06:14:12","modified_gmt":"2025-01-21T06:14:12","slug":"arm-cylinder-for-xiniu-xn120-l","status":"publish","type":"product","link":"https:\/\/www.hydraulic-cylinders.net\/lv\/products\/arm-cylinder-for-xiniu-xn120-l\/","title":{"rendered":"Sviras cilindrs Xiniu XN120-L"},"content":{"rendered":"<h2>Sviras cilindrs Xiniu XN120-L<\/h2>\n<p>Sviras cilindrs, kas paz\u012bstams ar\u012b k\u0101 hidrauliskais cilindrs, ir specializ\u0113ts cilindrs, kas paredz\u0113ts, lai nodro\u0161in\u0101tu line\u0101ru kust\u012bbu un jaudu da\u017e\u0101du ma\u0161\u012bnu, piem\u0113ram, ekskavatoru, celt\u0146u un robotu roku, svirai. Hidrauliskaj\u0101s sist\u0113m\u0101s sviras cilindram ir iz\u0161\u0137iro\u0161a noz\u012bme, lai nodro\u0161in\u0101tu pievienoto instrumentu vai piederumu vienm\u0113r\u012bgu kust\u012bbu un vad\u012bbu. \u0160ie cilindri ne tikai nodro\u0161ina vienm\u0113r\u012bgu kust\u012bbu, bet ar\u012b iztur lielas slodzes, nodro\u0161inot ma\u0161\u012bnu efekt\u012bvu darb\u012bbu un uzticam\u012bbu da\u017e\u0101dos darba apst\u0101k\u013cos.<\/p>\n<p><img decoding=\"async\" src=\"https:\/\/www.hydraulic-cylinders.net\/wp-content\/uploads\/2025\/01\/songte-company-2.webp\" alt=\"Sviras cilindra att\u0113ls\" \/><\/p>\n<h2>Xiniu XN120-L rokas cilindra \u012bpa\u0161\u012bbas<\/h2>\n<ul>\n<li><strong>Augstas efektivit\u0101tes transmisija:<\/strong> Sviras cilindrs nodro\u0161ina jaud\u012bgu line\u0101ru kust\u012bbu un sp\u0113ku, garant\u0113jot meh\u0101nisk\u0101s sviras augstas veiktsp\u0113jas iesp\u0113jas da\u017e\u0101d\u0101s darb\u012bb\u0101s.<\/li>\n<li><strong>Prec\u012bzijas kontrole:<\/strong> Izmantojot hidraulisko sist\u0113mu, rokas cilindrs nodro\u0161ina prec\u012bzu kust\u012bbas kontroli, padarot pievienoto instrumentu darb\u012bbu elast\u012bg\u0101ku un prec\u012bz\u0101ku.<\/li>\n<li><strong>Iztur\u012bba:<\/strong> Sviru cilindri parasti tiek ra\u017eoti, izmantojot augstas iztur\u012bbas materi\u0101lus, kas nodro\u0161ina izcilu iztur\u012bbu pret nodilumu un koroziju, padarot tos piem\u0113rotus ilgsto\u0161ai lieto\u0161anai skarbos apst\u0101k\u013cos.<\/li>\n<li><strong>Daudzfunkcion\u0101la piel\u0101go\u0161an\u0101s sp\u0113ja:<\/strong> \u0160ie cilindri tiek pla\u0161i izmantoti da\u017e\u0101d\u0101s ma\u0161\u012bn\u0101s, tostarp ekskavatoros, celt\u0146os un robotiz\u0113t\u0101s rok\u0101s, padarot tos piel\u0101gojamus da\u017e\u0101d\u0101m darba pras\u012bb\u0101m.<\/li>\n<li><strong>Vienk\u0101r\u0161a apkope:<\/strong> Sviru cilindri ir izstr\u0101d\u0101ti, \u0146emot v\u0113r\u0101 vienk\u0101r\u0161u apkopi un nomai\u0146u, un tie atvieglo regul\u0101ru p\u0101rbaudi un apkopi, t\u0101d\u0113j\u0101di samazinot iek\u0101rtu d\u012bkst\u0101ves laiku.<\/li>\n<\/ul>\n<p><img decoding=\"async\" src=\"https:\/\/www.hydraulic-cylinders.net\/wp-content\/uploads\/2025\/01\/songte-oil-pipes-and-spare-parts.webp\" alt=\"Sviras cilindra rezerves da\u013cas\" \/><\/p>\n<h2>Rokas cilindra pielietojums<\/h2>\n<p>Sviru cilindriem ir daudzveid\u012bgs pielietojums da\u017e\u0101d\u0101s nozar\u0113s:<\/p>\n<ul>\n<li><strong>B\u016bvniec\u012bbas in\u017eenierija:<\/strong> Ekskavatoros un celt\u0146os str\u0113les cilindri kontrol\u0113 kausu vai str\u0113les kust\u012bbu zemes darbos, materi\u0101lu apstr\u0101d\u0113 un konstrukciju uzst\u0101d\u012b\u0161an\u0101.<\/li>\n<li><strong>Ra\u017eo\u0161anas nozare:<\/strong> Automatiz\u0113t\u0101s ra\u017eo\u0161anas l\u012bnij\u0101s roku cilindri nodro\u0161ina robotiz\u0113tu roku kust\u012bbu t\u0101dos procesos k\u0101 mont\u0101\u017ea, metin\u0101\u0161ana un materi\u0101lu apstr\u0101de, uzlabojot produktivit\u0101ti un precizit\u0101ti.<\/li>\n<li><strong>Lauksaimniec\u012bbas tehnika:<\/strong> Lauksaimniec\u012bbas ma\u0161\u012bn\u0101s, piem\u0113ram, kombainos un s\u0113jma\u0161\u012bn\u0101s, sviru cilindri kontrol\u0113 vad\u012bbas sviru kust\u012bbu t\u0101diem uzdevumiem k\u0101 s\u0113\u0161ana, m\u0113slo\u0161ana un ra\u017eas nov\u0101k\u0161ana.<\/li>\n<li><strong>Kalnr\u016bpniec\u012bba:<\/strong> Kalnr\u016bpniec\u012bbas iek\u0101rt\u0101s sviru cilindri kontrol\u0113 kalnr\u016bpniec\u012bbas ma\u0161\u012bnu sviru kust\u012bbu r\u016bdas ieguvei un transport\u0113\u0161anai.<\/li>\n<li><strong>Lo\u0123istika un transports:<\/strong> Iekr\u0101v\u0113jos un apstr\u0101des robotos roku cilindri kontrol\u0113 dak\u0161u pacel\u0161anu un kust\u012bbu, nodro\u0161inot materi\u0101lu apstr\u0101di un sakrau\u0161anu.<\/li>\n<\/ul>\n<h2>Dizaina apsv\u0113rumi un atlases krit\u0113riji<\/h2>\n<p>Projekt\u0113jot cilindra sviras, j\u0101\u0146em v\u0113r\u0101 vair\u0101ki galvenie faktori:<\/p>\n<ul>\n<li><strong>Nestsp\u0113ja:<\/strong> Sviras cilindram j\u0101b\u016bt konstru\u0113tam t\u0101, lai tas iztur\u0113tu paredzam\u0101s slodzes un sp\u0113kus, ar kuriem saskarsies konkr\u0113taj\u0101 pielietojum\u0101.<\/li>\n<li><strong>Bl\u012bv\u0113jums:<\/strong> Lai nodro\u0161in\u0101tu optim\u0101lu bl\u012bv\u0113juma veiktsp\u0113ju, tiek izmantoti da\u017e\u0101di bl\u012bv\u0113\u0161anas elementi, piem\u0113ram, virzu\u013ca bl\u012bvsl\u0113gi \u200b\u200bun stie\u0146u bl\u012bvsl\u0113gi, kas izgatavoti no nodilumiztur\u012bgiem materi\u0101liem, piem\u0113ram, poliuret\u0101na un nitrila gumijas.<\/li>\n<li><strong>Iztur\u012bba:<\/strong> Cilindra korpuss un v\u012bt\u0146otie gali tiek prec\u012bzi apstr\u0101d\u0101ti, lai uzlabotu nodilumiztur\u012bbu, nodro\u0161inot ilgsto\u0161u veiktsp\u0113ju.<\/li>\n<li><strong>Dro\u0161\u012bba:<\/strong> Projekt\u0113\u0161anas proces\u0101 tiek \u0146emti v\u0113r\u0101 dro\u0161\u012bbas aspekti, lai nov\u0113rstu negad\u012bjumus vai darb\u012bbas trauc\u0113jumus, kas var\u0113tu apdraud\u0113t person\u0101lu vai iek\u0101rtas.<\/li>\n<li><strong>Uzturam\u012bba:<\/strong> Konstrukcij\u0101 ir iek\u013cautas vienk\u0101r\u0161as apkopes un remonta iesp\u0113jas, kas padara regul\u0101ras p\u0101rbaudes un apkopi \u0113rtas, samazinot d\u012bkst\u0101ves laiku.<\/li>\n<\/ul>\n<p><img decoding=\"async\" src=\"https:\/\/www.hydraulic-cylinders.net\/wp-content\/uploads\/2025\/01\/songte-cylinder-head-with-all-kinds-excavator-models.webp\" alt=\"Sviras cilindra galva\" \/><\/p>\n<h2>Sviras cilindra bl\u012bv\u0113\u0161ana un e\u013c\u013co\u0161ana<\/h2>\n<p>Sviras cilindram ir da\u017e\u0101di bl\u012bv\u0113jumi, un tam ir nepiecie\u0161ama periodiska e\u013c\u013co\u0161ana:<\/p>\n<ul>\n<li>Bl\u012bv\u0113jumi: Lai uztur\u0113tu optim\u0101lu hidraulisko veiktsp\u0113ju, tiek izmantoti virzu\u013ca bl\u012bv\u0113jumi, stie\u0146u bl\u012bv\u0113jumi un citi bl\u012bv\u0113\u0161anas komponenti, kas izgatavoti no nodilumiztur\u012bgiem materi\u0101liem.<\/li>\n<li>E\u013c\u013co\u0161ana: Regul\u0101ra e\u013c\u013co\u0161ana ar atbilsto\u0161u hidraulisko e\u013c\u013cu nodro\u0161ina vienm\u0113r\u012bgu darb\u012bbu un pagarina cilindra kalpo\u0161anas laiku.<\/li>\n<\/ul>\n<h2>Regul\u0101ras p\u0101rbaudes un profilaktisk\u0101s apkopes pas\u0101kumi<\/h2>\n<p>Lai nodro\u0161in\u0101tu optim\u0101lu cilindra veiktsp\u0113ju un ilgm\u016b\u017e\u012bbu, j\u0101veic \u0161\u0101di pas\u0101kumi:<\/p>\n<ul>\n<li>Regul\u0101ri p\u0101rbaudiet cilindru, vai nav nodiluma, nopl\u016bdes vai boj\u0101jumu paz\u012bmju.<\/li>\n<li>P\u0101rbaudiet hidraulisk\u0101s e\u013c\u013cas l\u012bmeni un kvalit\u0101ti, lai nodro\u0161in\u0101tu pareizu e\u013c\u013co\u0161anu un nov\u0113rstu pies\u0101r\u0146ojumu.<\/li>\n<li>Pievelciet visus va\u013c\u012bgos savienojumus vai stiprin\u0101jumus, lai saglab\u0101tu hidraulisk\u0101s sist\u0113mas integrit\u0101ti.<\/li>\n<li>Nekav\u0113joties nomainiet nolietot\u0101s bl\u012bves vai deta\u013cas, lai nov\u0113rstu turpm\u0101kus boj\u0101jumus vai atteici.<\/li>\n<\/ul>\n<h2>Produkta uzst\u0101d\u012b\u0161anas vadl\u012bnijas<\/h2>\n<p>Pareiza sviras cilindra uzst\u0101d\u012b\u0161ana ir \u013coti svar\u012bga t\u0101 optim\u0101lai darb\u012bbai. Iev\u0113rojiet \u0161\u012bs vadl\u012bnijas:<\/p>\n<ul>\n<li>Uzst\u0101d\u012b\u0161anas laik\u0101 p\u0101rliecinieties par pareizu cilindra novietojumu un orient\u0101ciju.<\/li>\n<li>Dro\u0161i nostipriniet visus savienojumus, nodro\u0161inot pareizu bl\u012bv\u0113jumu un nov\u0113r\u0161ot nopl\u016bdes.<\/li>\n<li>P\u0101rbaudiet un noregul\u0113jiet hidraulisk\u0101s sist\u0113mas spiedienu un pl\u016bsmas \u0101trumu atbilsto\u0161i ra\u017eot\u0101ja specifik\u0101cij\u0101m.<\/li>\n<li>P\u0113c uzst\u0101d\u012b\u0161anas veiciet r\u016bp\u012bgu p\u0101rbaudi, lai p\u0101rliecin\u0101tos par pareizu darb\u012bbu.<\/li>\n<\/ul>\n<p><img decoding=\"async\" src=\"https:\/\/www.hydraulic-cylinders.net\/wp-content\/uploads\/2025\/01\/songte-bushings-with-all-kinds-of-excavator-models.webp\" alt=\"Sviras cilindra bukses\" \/><\/p>\n<h2>Dro\u0161\u012bbas apsv\u0113rumi un vides faktori<\/h2>\n<p>Izmantojot sviras cilindrus, ir svar\u012bgi noteikt dro\u0161\u012bbas pas\u0101kumu priorit\u0101ti to kritisk\u0101s lomas d\u0113\u013c. J\u0101ievie\u0161 dro\u0161\u012bbas funkcijas un piesardz\u012bbas pas\u0101kumi, lai nov\u0113rstu negad\u012bjumus vai traumas person\u0101lam un iek\u0101rt\u0101m. Turkl\u0101t ir svar\u012bgi \u0146emt v\u0113r\u0101 vides faktorus, piem\u0113ram, pareizu atkritumu utiliz\u0101ciju un nodro\u0161in\u0101t atbilst\u012bbu attiec\u012bgajiem noteikumiem.<\/p>\n<h2>Probl\u0113mu nov\u0113r\u0161ana un bie\u017ei sastopamas probl\u0113mas<\/h2>\n<p>Sviras cilindra trauc\u0113jummekl\u0113\u0161ana un bie\u017ei sastopamo probl\u0113mu risin\u0101\u0161ana var ietvert:<\/p>\n<ul>\n<li>Probl\u0113mu, piem\u0113ram, nopl\u016bdes, neregul\u0101ras kust\u012bbas vai nepietiekama sp\u0113ka, identific\u0113\u0161ana un diagnostic\u0113\u0161ana.<\/li>\n<li>Hidraulisk\u0101s sist\u0113mas parametru, tostarp spiediena un pl\u016bsmas \u0101truma, p\u0101rbaude un regul\u0113\u0161ana.<\/li>\n<li>Bl\u012bvju un deta\u013cu p\u0101rbaude, vai nav nodiluma vai boj\u0101jumu, un nepiecie\u0161am\u012bbas gad\u012bjum\u0101 to nomai\u0146a.<\/li>\n<\/ul>\n<p>Pareiza apkope un prevent\u012bvie pas\u0101kumi var pal\u012bdz\u0113t samazin\u0101t iesp\u0113jam\u0101s probl\u0113mas un nodro\u0161in\u0101t sviras cilindra nep\u0101rtrauktu darb\u012bbu.<\/p>\n<p><img decoding=\"async\" src=\"https:\/\/www.hydraulic-cylinders.net\/wp-content\/uploads\/2025\/01\/songte-chushion-collar.webp\" alt=\"Rokas cilindra amortiz\u0101cijas apkakle\" \/><\/p>\n<p>Nosl\u0113gum\u0101 j\u0101saka, ka m\u0113s esam profesion\u0101ls ra\u017eot\u0101js, kas specializ\u0113jas rezerves sviru cilindru ra\u017eo\u0161an\u0101. Ar pla\u0161u produktu kl\u0101stu esam k\u013cuvu\u0161i par vienu no vado\u0161ajiem hidraulisko cilindru ra\u017eot\u0101jiem un vairumtirdzniec\u012bbas izplat\u012bt\u0101jiem gan viet\u0113j\u0101, gan starptautiskaj\u0101 tirg\u016b. M\u016bsu ap\u0146em\u0161an\u0101s nodro\u0161in\u0101t izcil\u012bbu un industrializ\u0113tu ra\u017eo\u0161anas vad\u012bbu, ko atbalsta modernas ra\u017eo\u0161anas iek\u0101rtas un profesion\u0101las test\u0113\u0161anas sist\u0113mas, \u013cauj mums nep\u0101rtraukti uzlabot m\u016bsu tehnisk\u0101s iesp\u0113jas un ra\u017eo\u0161anas efektivit\u0101ti. M\u0113s lepojamies ar sav\u0101m inovat\u012bvaj\u0101m sp\u0113j\u0101m, kuru m\u0113r\u0137is ir apmierin\u0101t da\u017e\u0101das klientu vajadz\u012bbas ar efektivit\u0101ti, precizit\u0101ti un augstas kvalit\u0101tes produktiem.<\/p>\n<p><img decoding=\"async\" src=\"https:\/\/www.hydraulic-cylinders.net\/wp-content\/uploads\/2025\/01\/songte-company-4.webp\" alt=\"Uz\u0146\u0113muma t\u0113ls\" \/><br \/>\n<img decoding=\"async\" src=\"https:\/\/www.hydraulic-cylinders.net\/wp-content\/uploads\/2025\/01\/songte-company-3.webp\" alt=\"Uz\u0146\u0113muma t\u0113ls\" \/><\/p>\n<p>K\u0101 uz\u0146\u0113mums m\u0113s uzsveram savu profesionalit\u0101ti, starptautiskos sertifik\u0101tus, piel\u0101gotus pakalpojumus, ra\u017eo\u0161anas iek\u0101rtas un p\u0113cp\u0101rdo\u0161anas apkalpo\u0161anu. M\u0113s cen\u0161amies sniegt m\u016bsu klientiem lab\u0101kos risin\u0101jumus un uztur\u0113t ilgtermi\u0146a partnerattiec\u012bbas.<\/p>\n<p>Autors: lil<\/p>","protected":false},"excerpt":{"rendered":"<p>Arm Cylinder For Xiniu XN120-L The arm cylinder, also known as the hydraulic cylinder, is a specialized cylinder designed to provide linear motion and power to the arm of various machinery such as excavators, cranes, and robotic arms. In hydraulic systems, the arm cylinder plays a crucial role in enabling the smooth movement and control [&hellip;]<\/p>","protected":false},"featured_media":14759,"comment_status":"open","ping_status":"closed","template":"","meta":{"_et_pb_use_builder":"","_et_pb_old_content":"","_et_gb_content_width":""},"product_brand":[],"product_cat":[1497],"product_tag":[1498,1496],"class_list":{"0":"post-16937","1":"product","2":"type-product","3":"status-publish","4":"has-post-thumbnail","6":"product_cat-arm-cylinders","7":"product_tag-arm-cylinders","8":"product_tag-hydraulic-cylinders","10":"first","11":"instock","12":"shipping-taxable","13":"product-type-simple"},"amp_enabled":true,"_links":{"self":[{"href":"https:\/\/www.hydraulic-cylinders.net\/lv\/wp-json\/wp\/v2\/product\/16937","targetHints":{"allow":["GET"]}}],"collection":[{"href":"https:\/\/www.hydraulic-cylinders.net\/lv\/wp-json\/wp\/v2\/product"}],"about":[{"href":"https:\/\/www.hydraulic-cylinders.net\/lv\/wp-json\/wp\/v2\/types\/product"}],"replies":[{"embeddable":true,"href":"https:\/\/www.hydraulic-cylinders.net\/lv\/wp-json\/wp\/v2\/comments?post=16937"}],"wp:featuredmedia":[{"embeddable":true,"href":"https:\/\/www.hydraulic-cylinders.net\/lv\/wp-json\/wp\/v2\/media\/14759"}],"wp:attachment":[{"href":"https:\/\/www.hydraulic-cylinders.net\/lv\/wp-json\/wp\/v2\/media?parent=16937"}],"wp:term":[{"taxonomy":"product_brand","embeddable":true,"href":"https:\/\/www.hydraulic-cylinders.net\/lv\/wp-json\/wp\/v2\/product_brand?post=16937"},{"taxonomy":"product_cat","embeddable":true,"href":"https:\/\/www.hydraulic-cylinders.net\/lv\/wp-json\/wp\/v2\/product_cat?post=16937"},{"taxonomy":"product_tag","embeddable":true,"href":"https:\/\/www.hydraulic-cylinders.net\/lv\/wp-json\/wp\/v2\/product_tag?post=16937"}],"curies":[{"name":"wp","href":"https:\/\/api.w.org\/{rel}","templated":true}]}}