{"id":16941,"date":"2025-01-21T06:14:25","date_gmt":"2025-01-21T06:14:25","guid":{"rendered":"https:\/\/www.hydraulic-cylinders.net\/product\/arm-cylinder-for-kato-small-excavator-hd550-1-7\/"},"modified":"2025-01-21T06:14:27","modified_gmt":"2025-01-21T06:14:27","slug":"arm-cylinder-for-kato-small-excavator-hd550-1-7","status":"publish","type":"product","link":"https:\/\/www.hydraulic-cylinders.net\/lv\/products\/arm-cylinder-for-kato-small-excavator-hd550-1-7\/","title":{"rendered":"Sviras cilindrs Kato mazajam ekskavatoram HD550-1-7"},"content":{"rendered":"<h1>Sviras cilindrs Kato mazajam ekskavatoram HD550-1-7<\/h1>\n<h2>Ievads<\/h2>\n<p>Sviras cilindrs ir specializ\u0113ta hidraulisk\u0101 cilindra veids, kas nodro\u0161ina line\u0101ru kust\u012bbu un jaudu da\u017e\u0101du ma\u0161\u012bnu, piem\u0113ram, ekskavatoru, celt\u0146u un robotu roku, svir\u0101m. Sviras cilindram ir iz\u0161\u0137iro\u0161a noz\u012bme hidrauliskaj\u0101 sist\u0113m\u0101, \u013caujot efekt\u012bvi p\u0101rvietot un kontrol\u0113t pielikumus vai piederumus. \u0160ie cilindri ne tikai nodro\u0161ina vienm\u0113r\u012bgu kust\u012bbu, bet ar\u012b iztur lielas slodzes, nodro\u0161inot ma\u0161\u012bnu efekt\u012bvu darb\u012bbu un uzticam\u012bbu da\u017e\u0101dos darba apst\u0101k\u013cos.<\/p>\n<p><img decoding=\"async\" src=\"https:\/\/www.hydraulic-cylinders.net\/wp-content\/uploads\/2025\/01\/songte-company-2.webp\"><\/p>\n<h2>Funkcijas<\/h2>\n<h3>Augstas efektivit\u0101tes p\u0101rraide<\/h3>\n<p>Sviras cilindrs nodro\u0161ina jaud\u012bgu line\u0101ru kust\u012bbu un sp\u0113ku, garant\u0113jot meh\u0101nisk\u0101s sviras augstu efektivit\u0101ti da\u017e\u0101d\u0101s darb\u012bb\u0101s.<\/p>\n<h3>Prec\u012bza kontrole<\/h3>\n<p>Sviras cilindrs var pan\u0101kt prec\u012bzu kust\u012bbas vad\u012bbu, izmantojot hidraulisko sist\u0113mu, padarot pielikumu darb\u012bbu elast\u012bg\u0101ku un prec\u012bz\u0101ku.<\/p>\n<h3>Sp\u0113c\u012bga iztur\u012bba<\/h3>\n<p>Sviras cilindrs parasti ir izgatavots no augstas iztur\u012bbas materi\u0101liem, un tam ir laba nodilumiztur\u012bba un iztur\u012bba pret koroziju, padarot to piem\u0113rotu ilgsto\u0161ai lieto\u0161anai skarbos apst\u0101k\u013cos.<\/p>\n<h3>Daudzfunkcion\u0101la piel\u0101go\u0161an\u0101s sp\u0113ja<\/h3>\n<p>\u0160os cilindrus var pla\u0161i izmantot da\u017e\u0101d\u0101s meh\u0101nisk\u0101s iek\u0101rt\u0101s, piem\u0113ram, ekskavatoros, celt\u0146os un robotiz\u0113t\u0101s rok\u0101s, lai apmierin\u0101tu da\u017e\u0101das darba pras\u012bbas.<\/p>\n<h3>Vienk\u0101r\u0161a apkope<\/h3>\n<p>Balons, kas paredz\u0113ts vienk\u0101r\u0161ai apkopei un nomai\u0146ai, padara regul\u0101ru p\u0101rbaudi un apkopi \u0113rt\u0101ku, samazinot iek\u0101rtu d\u012bkst\u0101ves laiku.<\/p>\n<p><img decoding=\"async\" src=\"https:\/\/www.hydraulic-cylinders.net\/wp-content\/uploads\/2025\/01\/songte-oil-pipes-and-spare-parts.webp\"><\/p>\n<h2>Pieteikumi<\/h2>\n<p>Sviras cilindrs tiek pla\u0161i izmantots da\u017e\u0101d\u0101s nozar\u0113s, tostarp:<\/p>\n<h3>B\u016bvniec\u012bbas in\u017eenierija<\/h3>\n<p>Ekskavatoros un celt\u0146os sviras cilindrs tiek izmantots, lai kontrol\u0113tu kausa vai str\u0113les kust\u012bbu zemes p\u0101rvieto\u0161anas, materi\u0101lu apstr\u0101des un konstrukciju uzst\u0101d\u012b\u0161anas laik\u0101.<\/p>\n<h3>Ra\u017eo\u0161ana<\/h3>\n<p>Automatiz\u0113t\u0101s ra\u017eo\u0161anas l\u012bnij\u0101s rokas cilindrs tiek izmantots, lai kontrol\u0113tu robotiz\u0113to roku kust\u012bbu mont\u0101\u017eas, metin\u0101\u0161anas un apstr\u0101des procesos, uzlabojot ra\u017eo\u0161anas efektivit\u0101ti un precizit\u0101ti.<\/p>\n<h3>Lauksaimniec\u012bbas tehnika<\/h3>\n<p>Lauksaimniec\u012bbas ma\u0161\u012bn\u0101s, piem\u0113ram, kombainos un s\u0113jma\u0161\u012bn\u0101s, sviras cilindrs kontrol\u0113 vad\u012bbas sviras kust\u012bbu t\u0101diem uzdevumiem k\u0101 s\u0113\u0161ana, m\u0113slo\u0161ana un ra\u017eas nov\u0101k\u0161ana.<\/p>\n<h3>Kalnr\u016bpniec\u012bba<\/h3>\n<p>Kalnr\u016bpniec\u012bbas iek\u0101rt\u0101s rokas cilindrs tiek izmantots, lai kontrol\u0113tu kalnr\u016bpniec\u012bbas iek\u0101rtu rokas kust\u012bbu kalnr\u016bpniec\u012bb\u0101 un materi\u0101lu apstr\u0101d\u0113.<\/p>\n<h3>Lo\u0123istika un transports<\/h3>\n<p>Iekr\u0101v\u0113jos un apstr\u0101des robotos rokas cilindrs tiek izmantots, lai kontrol\u0113tu dak\u0161as pacel\u0161anu un kust\u012bbu, realiz\u0113jot materi\u0101lu apstr\u0101di un sakrau\u0161anu.<\/p>\n<p><img decoding=\"async\" src=\"https:\/\/www.hydraulic-cylinders.net\/wp-content\/uploads\/2025\/01\/songte-chushion-collar.webp\"><\/p>\n<h2>Projekt\u0113\u0161anas apsv\u0113rumi un atlases standarti<\/h2>\n<p>The arm cylinder&#8217;s design considers its load-bearing capacity, sealing, durability, safety, and maintainability.<\/p>\n<h3>Nestsp\u0113ja<\/h3>\n<p>Sviras cilindrs ir paredz\u0113ts da\u017e\u0101du meh\u0101nisku iek\u0101rtu slodzes iztur\u0113\u0161anai, nodro\u0161inot stabilu un efekt\u012bvu ma\u0161\u012bnu darb\u012bbu.<\/p>\n<h3>Bl\u012bv\u0113\u0161ana<\/h3>\n<p>Sviras cilindr\u0101 tiek izmantotas da\u017e\u0101das bl\u012bv\u0113\u0161anas ier\u012bces, piem\u0113ram, virzu\u013ca bl\u012bves un stie\u0146a bl\u012bves, kas izgatavotas no nodilumiztur\u012bgiem materi\u0101liem, piem\u0113ram, poliuret\u0101na un nitrila gumijas. Cilindra korpuss un v\u012btnes gala virsmas ir prec\u012bzi apstr\u0101d\u0101tas, lai uzlabotu nodilumiztur\u012bbu. E\u013c\u013co\u0161anai ir nepiecie\u0161ama regul\u0101ra hidraulisk\u0101s e\u013c\u013cas uzpild\u012b\u0161ana.<\/p>\n<h3>Iztur\u012bba<\/h3>\n<p>Sviras cilindrs ir izgatavots no augstas stipr\u012bbas materi\u0101liem, piem\u0113ram, le\u0123\u0113t\u0101 t\u0113rauda, \u200b\u200blai nodro\u0161in\u0101tu t\u0101 iztur\u012bbu un iztur\u012bbu pret koroziju skarbos apst\u0101k\u013cos.<\/p>\n<h3>Dro\u0161\u012bba<\/h3>\n<p>Ra\u017eo\u0161anas laik\u0101 tiek veikta stingra kvalit\u0101tes kontrole un test\u0113\u0161ana, lai nodro\u0161in\u0101tu rokas cilindra dro\u0161\u012bbu lieto\u0161anas laik\u0101. Turkl\u0101t iek\u0101rt\u0101m ir uzst\u0101d\u012bti dro\u0161\u012bbas pas\u0101kumi, piem\u0113ram, p\u0101rslodzes aizsardz\u012bba un av\u0101rijas aptur\u0113\u0161anas pogas.<\/p>\n<h3>Uzturam\u012bba<\/h3>\n<p>Sviras cilindrs ir konstru\u0113ts t\u0101, lai to b\u016btu viegli uztur\u0113t un nomain\u012bt, t\u0101d\u0113j\u0101di samazinot d\u012bkst\u0101ves laiku un apkopes izmaksas.<\/p>\n<p><img decoding=\"async\" src=\"https:\/\/www.hydraulic-cylinders.net\/wp-content\/uploads\/2025\/01\/songte-cylinder-head-with-all-kinds-excavator-models.webp\"><\/p>\n<h2>Uzst\u0101d\u012b\u0161anas vadl\u012bnijas<\/h2>\n<p>Pirms instal\u0113\u0161anas, l\u016bdzu, iepaz\u012bstieties ar t\u0101l\u0101k sniegtaj\u0101m vadl\u012bnij\u0101m:<\/p>\n<ul>\n<li>Noteikti izmantojiet atbilsto\u0161us instrumentus un apr\u012bkojumu.<\/li>\n<li>Not\u012briet uzst\u0101d\u012b\u0161anas vietu un p\u0101rliecinieties, ka t\u0101 ir l\u012bdzena un stabila.<\/li>\n<li>P\u0101rbaudiet visas deta\u013cas, vai nav boj\u0101jumu vai deform\u0101cijas.<\/li>\n<li>Uzst\u0101diet sviras cilindru saska\u0146\u0101 ar instrukcij\u0101m un p\u0101rliecinieties, vai visi savienojumi ir dro\u0161i un pareizi pievilkti.<\/li>\n<li>Uzpildiet hidraulisko e\u013c\u013cu un p\u0101rbaudiet, vai nav nopl\u016b\u017eu.<\/li>\n<li>Pirms lieto\u0161anas p\u0101rbaudiet rokas cilindra pareizu darb\u012bbu.<\/li>\n<\/ul>\n<p><img decoding=\"async\" src=\"https:\/\/www.hydraulic-cylinders.net\/wp-content\/uploads\/2025\/01\/songte-bushings-with-all-kinds-of-excavator-models.webp\"><\/p>\n<h2>Dro\u0161\u012bbas apsv\u0113rumi un vides faktori<\/h2>\n<p>Izmantojot sviras cilindru, ir svar\u012bgi iev\u0113rot dro\u0161\u012bbas pas\u0101kumus, piem\u0113ram, valk\u0101t aizsargl\u012bdzek\u013cus, p\u0101rbaud\u012bt, vai nav nopl\u016b\u017eu, un izvair\u012bties no p\u0101rslodzes. Turkl\u0101t ir svar\u012bgi \u0146emt v\u0113r\u0101 vides faktorus, piem\u0113ram, temperat\u016bru un mitrumu, kas var ietekm\u0113t cilindra darb\u012bbu.<\/p>\n<h2>Probl\u0113mu nov\u0113r\u0161ana un bie\u017ei sastopamas probl\u0113mas<\/h2>\n<p>Bie\u017ei sastopamas probl\u0113mas ar sviras cilindru ir nopl\u016bdes, neparasts troksnis un nepietiekama jauda. Ja rodas \u0161\u012bs probl\u0113mas, l\u016bdzu, veiciet t\u0101l\u0101k nor\u0101d\u012bt\u0101s darb\u012bbas.<\/p>\n<ul>\n<li>P\u0101rbaudiet, vai nav hidraulisk\u0101s e\u013c\u013cas nopl\u016b\u017eu, un nomainiet nolietot\u0101s bl\u012bves.<\/li>\n<li>P\u0101rbaudiet, vai virzu\u013ca stienis vai cilindra korpuss nav boj\u0101ts, un, ja nepiecie\u0161ams, nomainiet.<\/li>\n<li>P\u0101rbaudiet, vai hidrauliskais s\u016bknis vai v\u0101rsts nav boj\u0101ts, un, ja nepiecie\u0161ams, nomainiet.<\/li>\n<\/ul>\n<p>Lai nov\u0113rstu probl\u0113mas, ir svar\u012bgi veikt regul\u0101ru apkopi un p\u0101rbaudes, piem\u0113ram, p\u0101rbaud\u012bt hidraulisk\u0101s e\u013c\u013cas l\u012bmeni un iee\u013c\u013cot cilindru.<\/p>\n<p><img decoding=\"async\" src=\"https:\/\/www.hydraulic-cylinders.net\/wp-content\/uploads\/2025\/01\/songte-company-4.webp\"><br \/>\n<img decoding=\"async\" src=\"https:\/\/www.hydraulic-cylinders.net\/wp-content\/uploads\/2025\/01\/songte-company-3.webp\"><\/p>\n<h2>Par mums<\/h2>\n<p>We are a professional manufacturer of replacement hydraulic cylinders, offering a wide range of products and services. We have become one of the leading hydraulic cylinder manufacturers and wholesale distributors in the domestic and international markets. We adhere to the principle of excellent quality, relying on the industrialized production management strategy of the refined manufacturing workshop, and constantly improve our technology and production efficiency. Through the introduction of high-end digital manufacturing equipment and professional testing systems, we optimize the manufacturing platform, improve the quality control process of products, and have strong innovation capabilities. Our goal is to meet customers&#8217; diverse needs with the principles of efficiency, accuracy, and high quality.<\/p>\n<p>M\u0113s pied\u0101v\u0101jam profesion\u0101lus pakalpojumus, starptautisku sertifik\u0101ciju, piel\u0101gotus pakalpojumus, modernu ra\u017eo\u0161anas apr\u012bkojumu un p\u0113cp\u0101rdo\u0161anas apkalpo\u0161anu, k\u0101 ar\u012b citas lietas.<\/p>\n<h3>Profesionalit\u0101te<\/h3>\n<p>Our team consists of experienced and skilled professionals who provide high-quality and efficient services to meet customers&#8217; needs.<\/p>\n<h3>Starptautisk\u0101 sertifik\u0101cija<\/h3>\n<p>Esam ieguvu\u0161i ISO 9001:2015 sertifik\u0101tu, CE sertifik\u0101tu un citus starptautiskus sertifik\u0101tus, kas garant\u0113 m\u016bsu produktu kvalit\u0101ti un uzticam\u012bbu.<\/p>\n<h3>Piel\u0101goti pakalpojumi<\/h3>\n<p>We provide customized services to meet customers&#8217; unique requirements, such as product design and development, and OEM services.<\/p>\n<h3>Uzlabots ra\u017eo\u0161anas apr\u012bkojums<\/h3>\n<p>Esam ieviesu\u0161i modernas digit\u0101l\u0101s ra\u017eo\u0161anas iek\u0101rtas un test\u0113\u0161anas sist\u0113mas, lai uzlabotu ra\u017eo\u0161anas efektivit\u0101ti un produktu kvalit\u0101ti.<\/p>\n<h3>P\u0113cp\u0101rdo\u0161anas serviss<\/h3>\n<p>M\u0113s pied\u0101v\u0101jam visaptvero\u0161us p\u0113cp\u0101rdo\u0161anas pakalpojumus, piem\u0113ram, tehnisko atbalstu, apkopi un remontu, lai nodro\u0161in\u0101tu klientu apmierin\u0101t\u012bbu.<\/p>\n<p>Autors: lil<\/p>","protected":false},"excerpt":{"rendered":"<p>Arm Cylinder For Kato Small Excavator HD550-1-7 Introduction Arm cylinder is a type of specialized hydraulic cylinder that provides linear motion and power to the arms of various machinery, such as excavators, cranes, and robotic arms. The arm cylinder plays a crucial role in the hydraulic system, allowing for effective movement and control of attachments [&hellip;]<\/p>","protected":false},"featured_media":14777,"comment_status":"open","ping_status":"closed","template":"","meta":{"_et_pb_use_builder":"","_et_pb_old_content":"","_et_gb_content_width":""},"product_brand":[],"product_cat":[1497],"product_tag":[1498,1496],"class_list":{"0":"post-16941","1":"product","2":"type-product","3":"status-publish","4":"has-post-thumbnail","6":"product_cat-arm-cylinders","7":"product_tag-arm-cylinders","8":"product_tag-hydraulic-cylinders","10":"first","11":"instock","12":"shipping-taxable","13":"product-type-simple"},"amp_enabled":true,"_links":{"self":[{"href":"https:\/\/www.hydraulic-cylinders.net\/lv\/wp-json\/wp\/v2\/product\/16941","targetHints":{"allow":["GET"]}}],"collection":[{"href":"https:\/\/www.hydraulic-cylinders.net\/lv\/wp-json\/wp\/v2\/product"}],"about":[{"href":"https:\/\/www.hydraulic-cylinders.net\/lv\/wp-json\/wp\/v2\/types\/product"}],"replies":[{"embeddable":true,"href":"https:\/\/www.hydraulic-cylinders.net\/lv\/wp-json\/wp\/v2\/comments?post=16941"}],"wp:featuredmedia":[{"embeddable":true,"href":"https:\/\/www.hydraulic-cylinders.net\/lv\/wp-json\/wp\/v2\/media\/14777"}],"wp:attachment":[{"href":"https:\/\/www.hydraulic-cylinders.net\/lv\/wp-json\/wp\/v2\/media?parent=16941"}],"wp:term":[{"taxonomy":"product_brand","embeddable":true,"href":"https:\/\/www.hydraulic-cylinders.net\/lv\/wp-json\/wp\/v2\/product_brand?post=16941"},{"taxonomy":"product_cat","embeddable":true,"href":"https:\/\/www.hydraulic-cylinders.net\/lv\/wp-json\/wp\/v2\/product_cat?post=16941"},{"taxonomy":"product_tag","embeddable":true,"href":"https:\/\/www.hydraulic-cylinders.net\/lv\/wp-json\/wp\/v2\/product_tag?post=16941"}],"curies":[{"name":"wp","href":"https:\/\/api.w.org\/{rel}","templated":true}]}}