{"id":16943,"date":"2025-01-21T06:14:33","date_gmt":"2025-01-21T06:14:33","guid":{"rendered":"https:\/\/www.hydraulic-cylinders.net\/product\/arm-cylinder-for-kato-small-excavator-hd900-5-7\/"},"modified":"2025-01-21T06:14:35","modified_gmt":"2025-01-21T06:14:35","slug":"arm-cylinder-for-kato-small-excavator-hd900-5-7","status":"publish","type":"product","link":"https:\/\/www.hydraulic-cylinders.net\/lv\/products\/arm-cylinder-for-kato-small-excavator-hd900-5-7\/","title":{"rendered":"Sviras cilindrs Kato mazajam ekskavatoram HD900-5-7"},"content":{"rendered":"<p>Sviras cilindrs Kato mazajam ekskavatoram HD900-5-7<\/p>\n<p>Sviras cilindrs ir \u012bpa\u0161i izstr\u0101d\u0101ts hidrauliskais cilindrs, kas nodro\u0161ina line\u0101ru kust\u012bbu un jaudu da\u017e\u0101du veidu ma\u0161\u012bnu, piem\u0113ram, ekskavatoru, celt\u0146u un manipulatoru, svirai. Sviras cilindriem ir iz\u0161\u0137iro\u0161a noz\u012bme hidrauliskaj\u0101s sist\u0113m\u0101s, \u013caujot efekt\u012bvi p\u0101rvietot un kontrol\u0113t papildu instrumentus vai stiprin\u0101jumus. \u0160ie cilindri ne tikai nodro\u0161ina vienm\u0113r\u012bgu kust\u012bbu, bet ar\u012b iztur lielas slodzes, nodro\u0161inot ma\u0161\u012bnas efekt\u012bvu darb\u012bbu un uzticam\u012bbu da\u017e\u0101dos darba apst\u0101k\u013cos.<\/p>\n<p><img decoding=\"async\" src=\"https:\/\/www.hydraulic-cylinders.net\/wp-content\/uploads\/2025\/01\/songte-company-2.webp\"><\/p>\n<p>Sviras cilindra \u012bpa\u0161\u012bbas:<\/p>\n<p>1. Augstas efektivit\u0101tes transmisija: Sviras cilindrs nodro\u0161ina jaud\u012bgu line\u0101ru kust\u012bbu un sp\u0113ku, garant\u0113jot ma\u0161\u012bnu sviru augstu efektivit\u0101ti da\u017e\u0101du darb\u012bbu laik\u0101.<\/p>\n<p>2. Prec\u012bza vad\u012bba: Izmantojot hidraulisko sist\u0113mu, rokas cilindri var pan\u0101kt prec\u012bzu kust\u012bbas vad\u012bbu, padarot papildu instrumentu darb\u012bbu elast\u012bg\u0101ku un prec\u012bz\u0101ku.<\/p>\n<p>3. Sp\u0113c\u012bga iztur\u012bba: Roku cilindri parasti ir izgatavoti no augstas iztur\u012bbas materi\u0101liem, ar labu nodilumiztur\u012bbu un iztur\u012bbu pret koroziju, piem\u0113roti ilgsto\u0161ai lieto\u0161anai skarbos apst\u0101k\u013cos.<\/p>\n<p>4. Daudzpus\u012bga piel\u0101go\u0161an\u0101s sp\u0113ja: \u0161os cilindrus var pla\u0161i izmantot da\u017e\u0101d\u0101s meh\u0101nisk\u0101s iek\u0101rt\u0101s, piem\u0113ram, ekskavatoros, celt\u0146os un manipulatoros, lai apmierin\u0101tu da\u017e\u0101das darba pras\u012bbas.<\/p>\n<p>5. Vienk\u0101r\u0161a apkope: Projekt\u0113jot \u0146emta v\u0113r\u0101 apkopes un nomai\u0146as vienk\u0101r\u0161\u012bba, padarot regul\u0101ru p\u0101rbaudi un apkopi \u0113rt\u0101ku, k\u0101 ar\u012b samazinot iek\u0101rtu d\u012bkst\u0101ves laiku.<\/p>\n<p>M\u016bsu produkts var lieliski aizst\u0101t \u0161os hidrauliskos cilindrus.<\/p>\n<p><img decoding=\"async\" src=\"https:\/\/www.hydraulic-cylinders.net\/wp-content\/uploads\/2025\/01\/songte-oil-pipes-and-spare-parts.webp\"><\/p>\n<p>Rokas cilindra pielietojums:<\/p>\n<p>1. B\u016bvniec\u012bbas in\u017eenierija: Ekskavatoros un celt\u0146os str\u0113les cilindri tiek izmantoti, lai kontrol\u0113tu kausu vai str\u0113les kust\u012bbu, veicot zemes darbus, materi\u0101lu apstr\u0101di un konstrukciju uzst\u0101d\u012b\u0161anu.<\/p>\n<p>2. Ra\u017eo\u0161anas nozare: Automatiz\u0113t\u0101s ra\u017eo\u0161anas l\u012bnij\u0101s manipulatoru p\u0101rvieto\u0161anai, piem\u0113ram, mont\u0101\u017eai, metin\u0101\u0161anai un apstr\u0101dei, tiek izmantoti roku cilindri, lai uzlabotu ra\u017eo\u0161anas efektivit\u0101ti un precizit\u0101ti.<\/p>\n<p>3. Lauksaimniec\u012bbas tehnika: Lauksaimniec\u012bbas tehnik\u0101, piem\u0113ram, kombainos un s\u0113jma\u0161\u012bn\u0101s, sviras cilindri kontrol\u0113 vad\u012bbas sviras kust\u012bbu, veicot t\u0101dus uzdevumus k\u0101 s\u0113\u0161ana, m\u0113slo\u0161ana un ra\u017eas nov\u0101k\u0161ana.<\/p>\n<p>4. Kalnr\u016bpniec\u012bba: Kalnr\u016bpniec\u012bbas iek\u0101rt\u0101s rokas cilindrus izmanto, lai kontrol\u0113tu kalnr\u016bpniec\u012bbas iek\u0101rtu rokas kust\u012bbu, veicot r\u016bdu ieguvi un transport\u0113\u0161anu.<\/p>\n<p>5. Lo\u0123istika un transport\u0113\u0161ana: Iekr\u0101v\u0113jos un apstr\u0101des robotos roku cilindri tiek izmantoti, lai kontrol\u0113tu dak\u0161u pacel\u0161anu un kust\u012bbu, lai nodro\u0161in\u0101tu materi\u0101lu apstr\u0101di un sakrau\u0161anu.<\/p>\n<p>Sviras cilindra projekt\u0113\u0161anas apsv\u0113rumi un izv\u0113les krit\u0113riji:<\/p>\n<p>1. Gult\u0146u kapacit\u0101te: Sviras cilindra konstrukcij\u0101 tiek \u0146emta v\u0113r\u0101 cilindra gult\u0146u kapacit\u0101te, kas nosaka maksim\u0101lo slodzi, ko tas var iztur\u0113t.<\/p>\n<p>2. Bl\u012bv\u0113jums: Cilindr\u0101 tiek izmantoti da\u017e\u0101di bl\u012bv\u0113\u0161anas elementi, piem\u0113ram, virzu\u013ca bl\u012bvsl\u0113gi \u200b\u200bun stie\u0146a bl\u012bvsl\u0113gi, kas ir izgatavoti no nodilumiztur\u012bgiem materi\u0101liem, piem\u0113ram, poliuret\u0101na un nitrila gumijas.<\/p>\n<p>3. Iztur\u012bba: Cilindra korpuss un v\u012btnes gala virsma ir smalki apstr\u0101d\u0101ta, lai uzlabotu nodilumiztur\u012bbu, un cilindrs parasti ir izgatavots no augstas stipr\u012bbas materi\u0101liem, lai nodro\u0161in\u0101tu iztur\u012bbu.<\/p>\n<p>4. Dro\u0161\u012bba: Sviras cilindra konstrukcij\u0101 ir \u0146emta v\u0113r\u0101 t\u0101 darb\u012bbas dro\u0161\u012bba, piem\u0113ram, bufera ier\u012b\u010du izmanto\u0161ana, lai nov\u0113rstu trieciena rad\u012btos boj\u0101jumus.<\/p>\n<p>5. Apkope: Sviras cilindra konstrukcija ir veidota, \u0146emot v\u0113r\u0101 t\u0101 sast\u0101vda\u013cu apkopi un nomai\u0146u, nodro\u0161inot \u0113rtu piek\u013cuvi cilindra galvai un virzulim.<\/p>\n<p><img decoding=\"async\" src=\"https:\/\/www.hydraulic-cylinders.net\/wp-content\/uploads\/2025\/01\/songte-cylinder-head-with-all-kinds-excavator-models.webp\"><\/p>\n<p>Sviras cilindra bl\u012bv\u0113\u0161ana un e\u013c\u013co\u0161ana:<\/p>\n<p>Sviru cilindros tiek izmantoti da\u017e\u0101di bl\u012bv\u0113\u0161anas elementi, piem\u0113ram, virzu\u013ca bl\u012bvsl\u0113gi \u200b\u200bun stie\u0146a bl\u012bvsl\u0113gi, kas izgatavoti no nodilumiztur\u012bgiem materi\u0101liem, piem\u0113ram, poliuret\u0101na un nitrila gumijas. Cilindra korpuss un v\u012btnes gala virsma ir smalki apstr\u0101d\u0101ta, lai uzlabotu nodilumiztur\u012bbu. Lai nodro\u0161in\u0101tu cilindra vienm\u0113r\u012bgu darb\u012bbu, ir nepiecie\u0161ams regul\u0101ri pievienot hidraulisko e\u013c\u013cu e\u013c\u013co\u0161anai.<\/p>\n<p>Regul\u0101ras p\u0101rbaudes un profilaktisk\u0101s apkopes pas\u0101kumi:<\/p>\n<p>Regul\u0101ra cilindra p\u0101rbaude var pal\u012bdz\u0113t atkl\u0101t potenci\u0101las probl\u0113mas un nov\u0113rst to p\u0101rv\u0113r\u0161anos nopietn\u0101k\u0101s probl\u0113m\u0101s. Da\u017eas bie\u017ei sastopamas probl\u0113mas, kas var rasties ar sviras cilindru, ir cilindra nopl\u016bde un stie\u0146a bl\u012bv\u0113juma boj\u0101jumi. Regul\u0101ra bl\u012bv\u0113jumu apkope un nomai\u0146a var pal\u012bdz\u0113t nov\u0113rst \u0161\u012bs probl\u0113mas.<\/p>\n<p>Sviras cilindra uzst\u0101d\u012b\u0161anas rokasgr\u0101mata:<\/p>\n<p>1. P\u0101rliecinieties, vai hidraulisk\u0101 sist\u0113ma ir izsl\u0113gta un spiediens ir izlaists.<\/p>\n<p>2. Uzst\u0101diet cilindru saska\u0146\u0101 ar ra\u017eot\u0101ja sniegtaj\u0101m uzst\u0101d\u012b\u0161anas instrukcij\u0101m.<\/p>\n<p>3. Pievienojiet hidraulisk\u0101s caurules atbilsto\u0161i cauru\u013cu mar\u0137\u0113jumiem.<\/p>\n<p>4. P\u0101rbaudiet, vai cilindram nav nopl\u016b\u017eu, un p\u0101rliecinieties par pareizu darb\u012bbu.<\/p>\n<p><img decoding=\"async\" src=\"https:\/\/www.hydraulic-cylinders.net\/wp-content\/uploads\/2025\/01\/songte-bushings-with-all-kinds-of-excavator-models.webp\"><\/p>\n<p>Sviras cilindra dro\u0161\u012bbas apsv\u0113rumi un vides faktori:<\/p>\n<p>Sviras cilindra darb\u012bba prasa stingrus dro\u0161\u012bbas pas\u0101kumus, lai nov\u0113rstu negad\u012bjumus. Operatoriem j\u0101b\u016bt apm\u0101c\u012btiem dro\u0161i un efekt\u012bvi vad\u012bt ma\u0161\u012bnu. Darb\u012bbas laik\u0101 j\u0101\u0146em v\u0113r\u0101 ar\u012b vides faktori, piem\u0113ram, temperat\u016bra un mitrums, lai nodro\u0161in\u0101tu hidraulisk\u0101s sist\u0113mas pareizu darb\u012bbu.<\/p>\n<p>Sviras cilindra probl\u0113mu nov\u0113r\u0161ana un bie\u017ei sastopam\u0101s probl\u0113mas:<\/p>\n<p>Bie\u017ei sastopamas probl\u0113mas ar sviras cilindru ir cilindra nopl\u016bde, stie\u0146a bl\u012bv\u0113juma boj\u0101jumi un neparasts troksnis darb\u012bbas laik\u0101. Lai nov\u0113rstu \u0161\u012bs probl\u0113mas, p\u0101rbaudiet, vai cilindrs nav boj\u0101ts, un nepiecie\u0161am\u012bbas gad\u012bjum\u0101 nomainiet bl\u012bves vai citas sast\u0101vda\u013cas. Regul\u0101ra apkope un p\u0101rbaudes var pal\u012bdz\u0113t nov\u0113rst \u0161o probl\u0113mu ra\u0161anos.<\/p>\n<p><img decoding=\"async\" src=\"https:\/\/www.hydraulic-cylinders.net\/wp-content\/uploads\/2025\/01\/songte-chushion-collar.webp\"><\/p>\n<p>M\u0113s esam profesion\u0101ls rezerves hidraulisko cilindru ra\u017eot\u0101js ar pla\u0161u produktu kl\u0101stu un esam k\u013cuvu\u0161i par vienu no vado\u0161ajiem hidraulisko cilindru ra\u017eot\u0101jiem un vairumtirgot\u0101jiem viet\u0113j\u0101 un \u0101rvalstu tirgos. M\u0113s vienm\u0113r iev\u0113rojam izcilas kvalit\u0101tes principu, pa\u013caujoties uz industrializ\u0113tu ra\u017eo\u0161anas vad\u012bbas strat\u0113\u0123iju smalk\u0101s ra\u017eo\u0161anas darbn\u012bc\u0101s, lai nep\u0101rtraukti uzlabotu savu tehnisko l\u012bmeni un ra\u017eo\u0161anas efektivit\u0101ti. Ievie\u0161ot augstas klases digit\u0101l\u0101s ra\u017eo\u0161anas iek\u0101rtas un profesion\u0101las p\u0101rbaudes sist\u0113mas, m\u0113s nep\u0101rtraukti optimiz\u0113jam savu ra\u017eo\u0161anas platformu, uzlabojam produktu kvalit\u0101tes kontroles procesu un mums ir sp\u0113c\u012bgas inov\u0101ciju iesp\u0113jas. M\u016bsu m\u0113r\u0137is ir apmierin\u0101t klientu da\u017e\u0101d\u0101s vajadz\u012bbas ar efektivit\u0101ti, precizit\u0101ti un augstu kvalit\u0101ti.<\/p>\n<p>M\u0113s pied\u0101v\u0101jam profesion\u0101lus pakalpojumus, starptautisku sertifik\u0101ciju, piel\u0101gotus pakalpojumus, ra\u017eo\u0161anas iek\u0101rtas un p\u0113cp\u0101rdo\u0161anas pakalpojumus. <\/p>\n<p><img decoding=\"async\" src=\"https:\/\/www.hydraulic-cylinders.net\/wp-content\/uploads\/2025\/01\/songte-company-4.webp\"> <img decoding=\"async\" src=\"https:\/\/www.hydraulic-cylinders.net\/wp-content\/uploads\/2025\/01\/songte-company-3.webp\"><\/p>\n<p>Autors: lil<\/p>","protected":false},"excerpt":{"rendered":"<p>Arm Cylinder For Kato Small Excavator HD900-5-7 Arm cylinder is a specifically designed hydraulic cylinder that provides linear motion and power to the arm of various types of machinery, such as excavators, cranes, and manipulators. Arm cylinders play a crucial role in hydraulic systems, allowing for effective movement and control of additional tools or attachments. [&hellip;]<\/p>","protected":false},"featured_media":14772,"comment_status":"open","ping_status":"closed","template":"","meta":{"_et_pb_use_builder":"","_et_pb_old_content":"","_et_gb_content_width":""},"product_brand":[],"product_cat":[1497],"product_tag":[1498,1496],"class_list":{"0":"post-16943","1":"product","2":"type-product","3":"status-publish","4":"has-post-thumbnail","6":"product_cat-arm-cylinders","7":"product_tag-arm-cylinders","8":"product_tag-hydraulic-cylinders","10":"first","11":"instock","12":"shipping-taxable","13":"product-type-simple"},"amp_enabled":true,"_links":{"self":[{"href":"https:\/\/www.hydraulic-cylinders.net\/lv\/wp-json\/wp\/v2\/product\/16943","targetHints":{"allow":["GET"]}}],"collection":[{"href":"https:\/\/www.hydraulic-cylinders.net\/lv\/wp-json\/wp\/v2\/product"}],"about":[{"href":"https:\/\/www.hydraulic-cylinders.net\/lv\/wp-json\/wp\/v2\/types\/product"}],"replies":[{"embeddable":true,"href":"https:\/\/www.hydraulic-cylinders.net\/lv\/wp-json\/wp\/v2\/comments?post=16943"}],"wp:featuredmedia":[{"embeddable":true,"href":"https:\/\/www.hydraulic-cylinders.net\/lv\/wp-json\/wp\/v2\/media\/14772"}],"wp:attachment":[{"href":"https:\/\/www.hydraulic-cylinders.net\/lv\/wp-json\/wp\/v2\/media?parent=16943"}],"wp:term":[{"taxonomy":"product_brand","embeddable":true,"href":"https:\/\/www.hydraulic-cylinders.net\/lv\/wp-json\/wp\/v2\/product_brand?post=16943"},{"taxonomy":"product_cat","embeddable":true,"href":"https:\/\/www.hydraulic-cylinders.net\/lv\/wp-json\/wp\/v2\/product_cat?post=16943"},{"taxonomy":"product_tag","embeddable":true,"href":"https:\/\/www.hydraulic-cylinders.net\/lv\/wp-json\/wp\/v2\/product_tag?post=16943"}],"curies":[{"name":"wp","href":"https:\/\/api.w.org\/{rel}","templated":true}]}}