{"id":16945,"date":"2025-01-21T06:14:41","date_gmt":"2025-01-21T06:14:41","guid":{"rendered":"https:\/\/www.hydraulic-cylinders.net\/product\/arm-cylinder-for-kato-small-excavator-hd250-7\/"},"modified":"2025-01-21T06:14:42","modified_gmt":"2025-01-21T06:14:42","slug":"arm-cylinder-for-kato-small-excavator-hd250-7","status":"publish","type":"product","link":"https:\/\/www.hydraulic-cylinders.net\/lv\/products\/arm-cylinder-for-kato-small-excavator-hd250-7\/","title":{"rendered":"Kato maz\u0101 ekskavatora HD250-7 rokas cilindrs"},"content":{"rendered":"<h1>Kato maz\u0101 ekskavatora HD250-7 rokas cilindrs<\/h1>\n<h2>Ievads<\/h2>\n<h3>Defin\u012bcija un skaidrojums<\/h3>\n<p>Sviras cilindrs ir speci\u0101li izstr\u0101d\u0101ts hidrauliskais cilindrs, kas nodro\u0161ina line\u0101ru kust\u012bbu un jaudu da\u017e\u0101du veidu ma\u0161\u012bnu, piem\u0113ram, ekskavatoru, celt\u0146u un robotiz\u0113tu roku, svirai. Sviras cilindram ir iz\u0161\u0137iro\u0161a noz\u012bme hidrauliskaj\u0101 sist\u0113m\u0101, \u013caujot pielikumiem vai piederumiem efekt\u012bvi p\u0101rvietoties un tikt vad\u012btiem. \u0160ie cilindri ne tikai nodro\u0161ina vienm\u0113r\u012bgu kust\u012bbu, bet ar\u012b iztur lielas slodzes, nodro\u0161inot ma\u0161\u012bnu efekt\u012bvu darb\u012bbu un uzticam\u012bbu da\u017e\u0101dos darba apst\u0101k\u013cos.<\/p>\n<p><img decoding=\"async\" src=\"https:\/\/www.hydraulic-cylinders.net\/wp-content\/uploads\/2025\/01\/songte-company-2.webp\" alt=\"Sviras cilindra att\u0113ls\"><\/p>\n<h2>Funkcijas<\/h2>\n<ul>\n<li><strong>Efekt\u012bva jaudas p\u0101rvade:<\/strong> Sviras cilindrs nodro\u0161ina sp\u0113c\u012bgu line\u0101ru kust\u012bbu un sp\u0113ku, garant\u0113jot ma\u0161\u012bnas sviras augstu efektivit\u0101ti da\u017e\u0101d\u0101s darb\u012bb\u0101s.<\/li>\n<li><strong>Prec\u012bzijas kontrole:<\/strong> Izmantojot hidraulisko sist\u0113mu, rokas cilindrs var pan\u0101kt prec\u012bzu kust\u012bbas vad\u012bbu, padarot pielikumu darb\u012bbu elast\u012bg\u0101ku un prec\u012bz\u0101ku.<\/li>\n<li><strong>Sp\u0113c\u012bga iztur\u012bba:<\/strong> Sviras cilindrs parasti ir izgatavots no augstas iztur\u012bbas materi\u0101liem, ar labu nodilumiztur\u012bbu un iztur\u012bbu pret koroziju, kas ir piem\u0113rots ilgsto\u0161ai lieto\u0161anai skarbos apst\u0101k\u013cos.<\/li>\n<li><strong>Daudzfunkcion\u0101la piel\u0101go\u0161an\u0101s sp\u0113ja:<\/strong> \u0160os cilindrus var pla\u0161i pielietot da\u017e\u0101d\u0101m meh\u0101nisk\u0101m iek\u0101rt\u0101m, piem\u0113ram, ekskavatoriem, celt\u0146iem un robotiz\u0113t\u0101m rok\u0101m, lai apmierin\u0101tu da\u017e\u0101das darba vajadz\u012bbas.<\/li>\n<li><strong>Vienk\u0101r\u0161a apkope:<\/strong> Projekt\u0113jot \u0146emta v\u0113r\u0101 apkopes un nomai\u0146as vienk\u0101r\u0161\u012bba, padarot regul\u0101ru p\u0101rbaudi un apkopi \u0113rt\u0101ku un samazinot iek\u0101rtu d\u012bkst\u0101ves laiku.<\/li>\n<\/ul>\n<p><img decoding=\"async\" src=\"https:\/\/www.hydraulic-cylinders.net\/wp-content\/uploads\/2025\/01\/songte-oil-pipes-and-spare-parts.webp\" alt=\"Sviras cilindra rezerves da\u013cu att\u0113ls\"><\/p>\n<h2>Pieteikumi<\/h2>\n<p>Sviras cilindram ir da\u017e\u0101di pielietojumi da\u017e\u0101d\u0101s nozar\u0113s un jom\u0101s:<\/p>\n<ul>\n<li><strong>B\u016bvniec\u012bba:<\/strong> Ekskavatoros un celt\u0146os sviras cilindrs tiek izmantots, lai kontrol\u0113tu kausu vai str\u0113les kust\u012bbu zemes p\u0101rvieto\u0161anas, materi\u0101lu apstr\u0101des un konstrukciju uzst\u0101d\u012b\u0161anas darbos.<\/li>\n<li><strong>Ra\u017eo\u0161ana:<\/strong> Automatiz\u0113t\u0101s ra\u017eo\u0161anas l\u012bnij\u0101s rokas cilindrs tiek izmantots robotiz\u0113tu roku kust\u012bbai mont\u0101\u017eas, metin\u0101\u0161anas un apstr\u0101des procesos, uzlabojot ra\u017eo\u0161anas efektivit\u0101ti un precizit\u0101ti.<\/li>\n<li><strong>Lauksaimniec\u012bbas tehnika:<\/strong> Lauksaimniec\u012bbas ma\u0161\u012bn\u0101s, piem\u0113ram, kombainos un s\u0113jma\u0161\u012bn\u0101s, sviras cilindrs kontrol\u0113 vad\u012bbas sviru kust\u012bbu t\u0101diem uzdevumiem k\u0101 s\u0113\u0161ana, m\u0113slo\u0161ana un ra\u017eas nov\u0101k\u0161ana.<\/li>\n<li><strong>Kalnr\u016bpniec\u012bba:<\/strong> Kalnr\u016bpniec\u012bbas iek\u0101rt\u0101s sviras cilindrs tiek izmantots, lai kontrol\u0113tu kalnr\u016bpniec\u012bbas iek\u0101rtu sviru kust\u012bbu r\u016bdas ieguvei un transport\u0113\u0161anai.<\/li>\n<li><strong>Lo\u0123istika un transports:<\/strong> Iekr\u0101v\u0113jos un apstr\u0101des robotos rokas cilindrs tiek izmantots, lai kontrol\u0113tu dak\u0161u pacel\u0161anu un kust\u012bbu, realiz\u0113jot materi\u0101lu apstr\u0101di un sakrau\u0161anu.<\/li>\n<\/ul>\n<h2>Dizaina apsv\u0113rumi un atlases krit\u0113riji<\/h2>\n<p>Attiec\u012bb\u0101 uz konstrukcijas apsv\u0113rumiem t\u0101l\u0101k ir apl\u016bkota sviras cilindra nestsp\u0113ja, bl\u012bv\u0113jums, iztur\u012bba, dro\u0161\u012bba un apkopes iesp\u0113jas:<\/p>\n<ul>\n<li><strong>Kravnes\u012bba:<\/strong> Sviras cilindram j\u0101b\u016bt ar pietiekamu nestsp\u0113ju, lai atbalst\u012btu ma\u0161\u012bnas darb\u012bbu un stiprin\u0101jumus.<\/li>\n<li><strong>Bl\u012bv\u0113jums:<\/strong> Sviras cilindr\u0101 tiek izmantoti da\u017e\u0101di bl\u012bv\u0113jumi, piem\u0113ram, virzu\u013ca bl\u012bv\u0113jumi un stie\u0146a bl\u012bv\u0113jumi, lai nov\u0113rstu \u0161\u0137idruma nopl\u016bdi un nodro\u0161in\u0101tu cilindra vienm\u0113r\u012bgu darb\u012bbu. Bl\u012bv\u0113jumi ir izgatavoti no nodilumiztur\u012bgiem materi\u0101liem, piem\u0113ram, poliuret\u0101na un nitrila gumijas.<\/li>\n<li><strong>Iztur\u012bba:<\/strong> Sviras cilindrs parasti ir izgatavots no augstas stipr\u012bbas materi\u0101liem, piem\u0113ram, t\u0113rauda, \u200b\u200bun tiek prec\u012bzi apstr\u0101d\u0101ts, lai uzlabotu nodilumiztur\u012bbu un iztur\u012bbu pret koroziju, nodro\u0161inot ilgsto\u0161u lieto\u0161anu skarbos apst\u0101k\u013cos.<\/li>\n<li><strong>Dro\u0161\u012bba:<\/strong> Sviras cilindram j\u0101b\u016bt konstru\u0113tam t\u0101, lai nov\u0113rstu potenci\u0101lus apdraud\u0113jumus, piem\u0113ram, p\u0101rslodzi vai p\u0113k\u0161\u0146u atteici, un nodro\u0161in\u0101tu dro\u0161u ma\u0161\u012bnas un t\u0101s operatoru darb\u012bbu.<\/li>\n<li><strong>Uzturam\u012bba:<\/strong> Sviras cilindra konstrukcijai j\u0101\u0146em v\u0113r\u0101 deta\u013cu, piem\u0113ram, bl\u012bv\u0113jumu, apkopes un nomai\u0146as vienk\u0101r\u0161\u012bba, lai samazin\u0101tu d\u012bkst\u0101ves laiku un apkopes izmaksas.<\/li>\n<\/ul>\n<p><img decoding=\"async\" src=\"https:\/\/www.hydraulic-cylinders.net\/wp-content\/uploads\/2025\/01\/songte-cylinder-head-with-all-kinds-excavator-models.webp\" alt=\"Sviras cilindra galvas att\u0113ls\"><\/p>\n<h2>Bl\u012bv\u0113\u0161ana un e\u013c\u013co\u0161ana<\/h2>\n<p>Sviras cilindr\u0101 tiek izmantoti da\u017e\u0101di bl\u012bv\u0113\u0161anas komponenti, piem\u0113ram, virzu\u013ca bl\u012bv\u0113jumi, stie\u0146a bl\u012bv\u0113jumi un stikla t\u012br\u012bt\u0101ju bl\u012bv\u0113jumi, lai nov\u0113rstu \u0161\u0137idruma nopl\u016bdi un nodro\u0161in\u0101tu vienm\u0113r\u012bgu darb\u012bbu. Bl\u012bv\u0113jumi ir izgatavoti no nodilumiztur\u012bgiem materi\u0101liem, piem\u0113ram, poliuret\u0101na un nitrila gumijas.<\/p>\n<p>Cilindra korpuss un v\u012btnes gala virsma tiek prec\u012bzi apstr\u0101d\u0101ta, lai uzlabotu nodilumiztur\u012bbu, un, lai nodro\u0161in\u0101tu e\u013c\u013co\u0161anu un pagarin\u0101tu cilindra kalpo\u0161anas laiku, ir nepiecie\u0161ama regul\u0101ra e\u013c\u013cas uzpild\u012b\u0161ana.<\/p>\n<h2>P\u0101rbaude un apkope<\/h2>\n<p>Lai nodro\u0161in\u0101tu optim\u0101lu rokas cilindra darb\u012bbu un pagarin\u0101tu t\u0101 kalpo\u0161anas laiku, nepiecie\u0161ama regul\u0101ra p\u0101rbaude un apkope. Ieteicams veikt \u0161\u0101dus pas\u0101kumus:<\/p>\n<ul>\n<li><strong>Regul\u0101ri p\u0101rbaudiet un noregul\u0113jiet hidraulisk\u0101s e\u013c\u013cas l\u012bmeni.<\/strong><\/li>\n<li><strong>Periodiski p\u0101rbaudiet un nomainiet bl\u012bves.<\/strong><\/li>\n<li><strong>Laic\u012bgi p\u0101rbaudiet un nomainiet nolietot\u0101s deta\u013cas.<\/strong><\/li>\n<li><strong>Regul\u0101ri p\u0101rbaudiet un apkopiet hidraulisko sist\u0113mu.<\/strong><\/li>\n<li><strong>Uzturiet cilindru t\u012bru un ne\u013caujiet taj\u0101 iek\u013c\u016bt piemais\u012bjumiem vai sve\u0161\u0137erme\u0146iem.<\/strong><\/li>\n<\/ul>\n<p><img decoding=\"async\" src=\"https:\/\/www.hydraulic-cylinders.net\/wp-content\/uploads\/2025\/01\/songte-chushion-collar.webp\" alt=\"Rokas cilindra spilvena apkakles att\u0113ls\"><\/p>\n<h2>Instal\u0101cijas rokasgr\u0101mata<\/h2>\n<p>Lai nodro\u0161in\u0101tu optim\u0101lu veiktsp\u0113ju un dro\u0161\u012bbu, sviras cilindrs ir j\u0101uzst\u0101da pareizi. Uzst\u0101d\u012b\u0161anas darb\u012bbas ir \u0161\u0101das:<\/p>\n<ul>\n<li><strong>Sagatavojiet nepiecie\u0161amos instrumentus un apr\u012bkojumu.<\/strong><\/li>\n<li><strong>No\u0146emiet veco cilindru un not\u012briet stiprin\u0101juma virsmu.<\/strong><\/li>\n<li><strong>Uzst\u0101diet jauno cilindru un p\u0101rliecinieties, vai tas ir pareizi izl\u012bdzin\u0101ts.<\/strong><\/li>\n<li><strong>Pievienojiet hidraulisk\u0101s l\u012bnijas un p\u0101rbaudiet, vai nav nopl\u016b\u017eu.<\/strong><\/li>\n<li><strong>P\u0101rbaudiet cilindra darb\u012bbu un p\u0101rbaudiet, vai nav dzirdamas neparastas ska\u0146as vai kust\u012bbas.<\/strong><\/li>\n<\/ul>\n<p><img decoding=\"async\" src=\"https:\/\/www.hydraulic-cylinders.net\/wp-content\/uploads\/2025\/01\/songte-bushings-with-all-kinds-of-excavator-models.webp\" alt=\"Sviras cilindra bukses att\u0113ls\"><\/p>\n<h2>Dro\u0161\u012bbas un vides apsv\u0113rumi<\/h2>\n<p>Izmantojot sviras cilindru, j\u0101veic dro\u0161\u012bbas pas\u0101kumi, lai nov\u0113rstu iesp\u0113jamus apdraud\u0113jumus, piem\u0113ram, p\u0101rslodzi vai p\u0113k\u0161\u0146u boj\u0101jumu. Lai samazin\u0101tu ietekmi uz vidi, ir nepiecie\u0161ams pareizi utiliz\u0113t lietotus vai boj\u0101tus cilindrus. <\/p>\n<h2>Probl\u0113mu nov\u0113r\u0161ana un bie\u017ei sastopamas probl\u0113mas<\/h2>\n<p>Darb\u012bbas laik\u0101 sviras cilindram var rasties da\u017e\u0101das probl\u0113mas, piem\u0113ram, nopl\u016bde, neparasta ska\u0146a vai l\u0113na kust\u012bba. \u0160ie padomi un risin\u0101jumi var pal\u012bdz\u0113t diagnostic\u0113t un nov\u0113rst probl\u0113mas:<\/p>\n<ul>\n<li><strong>Nopl\u016bde:<\/strong> P\u0101rbaudiet bl\u012bves un, ja nepiecie\u0161ams, pievelciet skr\u016bves vai uzgrie\u017e\u0146us.<\/li>\n<li><strong>Neparasta ska\u0146a:<\/strong> P\u0101rbaudiet hidraulisk\u0101s e\u013c\u013cas l\u012bmeni un cilindra izl\u012bdzin\u0101jumu.<\/li>\n<li><strong>L\u0113na kust\u012bba:<\/strong> P\u0101rbaudiet hidraulisk\u0101s sist\u0113mas spiedienu un pl\u016bsmu.<\/li>\n<\/ul>\n<p>Prevent\u012bvie pas\u0101kumi, piem\u0113ram, regul\u0101ra p\u0101rbaude un apkope, var samazin\u0101t iesp\u0113jam\u0101s probl\u0113mas un nodro\u0161in\u0101t sviras cilindra optim\u0101lu darb\u012bbu.<\/p>\n<p><img decoding=\"async\" src=\"https:\/\/www.hydraulic-cylinders.net\/wp-content\/uploads\/2025\/01\/songte-company-4.webp\" alt=\"Songte uz\u0146\u0113muma att\u0113ls\"><\/p>\n<h2>Par mums<\/h2>\n<p>M\u0113s esam profesion\u0101ls rezerves hidraulisko cilindru ra\u017eot\u0101js, kas pied\u0101v\u0101 pla\u0161u produktu kl\u0101stu un k\u013c\u016bst par vienu no vado\u0161ajiem hidraulisko cilindru ra\u017eot\u0101jiem un vairumtirdzniec\u012bbas izplat\u012bt\u0101jiem viet\u0113j\u0101 un starptautiskaj\u0101 tirg\u016b. M\u0113s iev\u0113rojam izcilas kvalit\u0101tes principu, pa\u013caujamies uz industrializ\u0113t\u0101m ra\u017eo\u0161anas vad\u012bbas strat\u0113\u0123ij\u0101m prec\u012bzi apstr\u0101d\u0101t\u0101s darbn\u012bc\u0101s un nep\u0101rtraukti uzlabojam savas tehnolo\u0123ijas un ra\u017eo\u0161anas efektivit\u0101ti. Ar augstas efektivit\u0101tes, precizit\u0101tes un augstas kvalit\u0101tes principiem m\u0113s tiecamies apmierin\u0101t klientu da\u017e\u0101d\u0101s vajadz\u012bbas.<\/p>\n<p>M\u0113s pied\u0101v\u0101jam profesion\u0101lus pakalpojumus, starptautiskas sertifik\u0101cijas, piel\u0101gotus pakalpojumus, modernu ra\u017eo\u0161anas apr\u012bkojumu un p\u0113cp\u0101rdo\u0161anas pakalpojumus.<\/p>\n<p><img decoding=\"async\" src=\"https:\/\/www.hydraulic-cylinders.net\/wp-content\/uploads\/2025\/01\/songte-company-3.webp\" alt=\"Songte uz\u0146\u0113muma darbn\u012bcas att\u0113ls\"><\/p>\n<p>Autors: Lails.<\/p>","protected":false},"excerpt":{"rendered":"<p>Arm Cylinder For Kato Small Excavator HD250-7 Introduction Definition and Explanation The arm cylinder is a specially designed hydraulic cylinder that provides linear motion and power to the arm of various types of machinery, such as excavators, cranes, and robotic arms. The arm cylinder plays a critical role in the hydraulic system, enabling attachments or [&hellip;]<\/p>","protected":false},"featured_media":14766,"comment_status":"open","ping_status":"closed","template":"","meta":{"_et_pb_use_builder":"","_et_pb_old_content":"","_et_gb_content_width":""},"product_brand":[],"product_cat":[1497],"product_tag":[1498,1496],"class_list":{"0":"post-16945","1":"product","2":"type-product","3":"status-publish","4":"has-post-thumbnail","6":"product_cat-arm-cylinders","7":"product_tag-arm-cylinders","8":"product_tag-hydraulic-cylinders","10":"first","11":"instock","12":"shipping-taxable","13":"product-type-simple"},"amp_enabled":true,"_links":{"self":[{"href":"https:\/\/www.hydraulic-cylinders.net\/lv\/wp-json\/wp\/v2\/product\/16945","targetHints":{"allow":["GET"]}}],"collection":[{"href":"https:\/\/www.hydraulic-cylinders.net\/lv\/wp-json\/wp\/v2\/product"}],"about":[{"href":"https:\/\/www.hydraulic-cylinders.net\/lv\/wp-json\/wp\/v2\/types\/product"}],"replies":[{"embeddable":true,"href":"https:\/\/www.hydraulic-cylinders.net\/lv\/wp-json\/wp\/v2\/comments?post=16945"}],"wp:featuredmedia":[{"embeddable":true,"href":"https:\/\/www.hydraulic-cylinders.net\/lv\/wp-json\/wp\/v2\/media\/14766"}],"wp:attachment":[{"href":"https:\/\/www.hydraulic-cylinders.net\/lv\/wp-json\/wp\/v2\/media?parent=16945"}],"wp:term":[{"taxonomy":"product_brand","embeddable":true,"href":"https:\/\/www.hydraulic-cylinders.net\/lv\/wp-json\/wp\/v2\/product_brand?post=16945"},{"taxonomy":"product_cat","embeddable":true,"href":"https:\/\/www.hydraulic-cylinders.net\/lv\/wp-json\/wp\/v2\/product_cat?post=16945"},{"taxonomy":"product_tag","embeddable":true,"href":"https:\/\/www.hydraulic-cylinders.net\/lv\/wp-json\/wp\/v2\/product_tag?post=16945"}],"curies":[{"name":"wp","href":"https:\/\/api.w.org\/{rel}","templated":true}]}}