{"id":16959,"date":"2025-01-21T06:15:46","date_gmt":"2025-01-21T06:15:46","guid":{"rendered":"https:\/\/www.hydraulic-cylinders.net\/product\/arm-cylinder-for-kato-small-excavator-hd512r\/"},"modified":"2025-01-21T06:15:48","modified_gmt":"2025-01-21T06:15:48","slug":"arm-cylinder-for-kato-small-excavator-hd512r","status":"publish","type":"product","link":"https:\/\/www.hydraulic-cylinders.net\/lv\/products\/arm-cylinder-for-kato-small-excavator-hd512r\/","title":{"rendered":"Sviras cilindrs Kato mazajam ekskavatoram HD512R"},"content":{"rendered":"<h1>Sviras cilindrs Kato mazajam ekskavatoram HD512R<\/h1>\n<h2>Ievads<\/h2>\n<p>Sviras cilindrs ir specializ\u0113ts hidrauliskais cilindrs, ko izmanto, lai nodro\u0161in\u0101tu line\u0101ru kust\u012bbu un jaudu da\u017e\u0101du veidu ma\u0161\u012bnu, piem\u0113ram, ekskavatoru, celt\u0146u un robotiz\u0113tu roku, svirai. Sviras cilindram ir iz\u0161\u0137iro\u0161a noz\u012bme hidrauliskaj\u0101s sist\u0113m\u0101s, nodro\u0161inot efekt\u012bvu piederumu vai stiprin\u0101jumu kust\u012bbu un vad\u012bbu. \u0160ie cilindri ne tikai nodro\u0161ina vienm\u0113r\u012bgu kust\u012bbu, bet ar\u012b iztur lielas slodzes, nodro\u0161inot ma\u0161\u012bnu efekt\u012bvu darb\u012bbu un uzticam\u012bbu da\u017e\u0101dos ekspluat\u0101cijas apst\u0101k\u013cos.<\/p>\n<p><img decoding=\"async\" src=\"https:\/\/www.hydraulic-cylinders.net\/wp-content\/uploads\/2025\/01\/songte-company-2.webp\" alt=\"Sviras cilindra att\u0113ls\"><\/p>\n<h3>Defin\u012bcija un skaidrojums<\/h3>\n<p>Sviras cilindrs ir hidraulisk\u0101 cilindra veids, kas paredz\u0113ts, lai nodro\u0161in\u0101tu sp\u0113c\u012bgu line\u0101ru kust\u012bbu un sp\u0113ku ma\u0161\u012bnas svirai. Tas ir b\u016btisks, lai kontrol\u0113tu pielikumu vai piederumu, piem\u0113ram, kausu vai str\u0113les, kust\u012bbu da\u017e\u0101dos ekspluat\u0101cijas scen\u0101rijos. Sviras cilindrs parasti ir izgatavots no augstas iztur\u012bbas materi\u0101liem un konstru\u0113ts t\u0101, lai iztur\u0113tu skarbus vides apst\u0101k\u013cus, nodro\u0161inot ilgtermi\u0146a iztur\u012bbu un uzticam\u012bbu.<\/p>\n<h2>Funkcijas<\/h2>\n<p>Sviras cilindram ir da\u017e\u0101das funkcijas, kas uzlabo t\u0101 efektivit\u0101ti un piel\u0101go\u0161an\u0101s sp\u0113ju da\u017e\u0101d\u0101m iek\u0101rt\u0101m un ekspluat\u0101cijas scen\u0101rijiem. Da\u017eas no galvenaj\u0101m funkcij\u0101m ir \u0161\u0101das:<\/p>\n<ul>\n<li>\n<h3>Augstas efektivit\u0101tes transmisija:<\/h3>\n<p> Sviras cilindrs nodro\u0161ina jaud\u012bgu line\u0101ru kust\u012bbu un sp\u0113ku, lai garant\u0113tu ma\u0161\u012bnu sviru augstas veiktsp\u0113jas darb\u012bbu da\u017e\u0101dos scen\u0101rijos.<\/li>\n<li>\n<h3>Prec\u012bza kontrole:<\/h3>\n<p> Hidraulisk\u0101 sist\u0113ma nodro\u0161ina prec\u012bzu rokas cilindra kust\u012bbas kontroli, padarot agreg\u0101tu vai piederumu darb\u012bbu elast\u012bg\u0101ku un prec\u012bz\u0101ku.<\/li>\n<li>\n<h3>Sp\u0113c\u012bga iztur\u012bba:<\/h3>\n<p> Sviras cilindrs ir izgatavots no augstas iztur\u012bbas materi\u0101liem un tam ir lieliska nodilumiztur\u012bba un iztur\u012bba pret koroziju, padarot to piem\u0113rotu ilgsto\u0161ai lieto\u0161anai skarbos apst\u0101k\u013cos.<\/li>\n<li>\n<h3>Daudzfunkcion\u0101la piel\u0101go\u0161an\u0101s sp\u0113ja:<\/h3>\n<p> Cilindrs ir pla\u0161i pielietojams da\u017e\u0101du veidu ma\u0161\u012bn\u0101m, piem\u0113ram, ekskavatoriem, celt\u0146iem un robotiz\u0113t\u0101m rok\u0101m, lai apmierin\u0101tu da\u017e\u0101das ekspluat\u0101cijas vajadz\u012bbas.<\/li>\n<li>\n<h3>Vienk\u0101r\u0161a apkope:<\/h3>\n<p> Konstrukcija nodro\u0161ina \u0113rtu apkopi un nomai\u0146u, padarot regul\u0101ras p\u0101rbaudes un apkopi \u0113rt\u0101ku un samazinot iek\u0101rtu d\u012bkst\u0101ves laiku.<\/li>\n<\/ul>\n<p><img decoding=\"async\" src=\"https:\/\/www.hydraulic-cylinders.net\/wp-content\/uploads\/2025\/01\/songte-oil-pipes-and-spare-parts.webp\" alt=\"Rezerves da\u013cu att\u0113ls\"><\/p>\n<h2>Pieteikumi<\/h2>\n<p>Sviras cilindrs tiek pla\u0161i izmantots da\u017e\u0101d\u0101s nozar\u0113s un ma\u0161\u012bn\u0101s, piem\u0113ram:<\/p>\n<ul>\n<li>\n<h3>B\u016bvniec\u012bbas in\u017eenierija:<\/h3>\n<p> Sviru cilindri tiek izmantoti, lai kontrol\u0113tu kausu vai str\u0113les kust\u012bbu ekskavatoros un celt\u0146os zemes p\u0101rvieto\u0161anai, materi\u0101lu apstr\u0101dei un konstrukciju uzst\u0101d\u012b\u0161anai.<\/li>\n<li>\n<h3>Ra\u017eo\u0161ana:<\/h3>\n<p> Tos izmanto automatiz\u0113t\u0101s ra\u017eo\u0161anas l\u012bnij\u0101s, lai kontrol\u0113tu robotiz\u0113to roku kust\u012bbu mont\u0101\u017eas, metin\u0101\u0161anas un apstr\u0101des procesos, uzlabojot ra\u017eo\u0161anas efektivit\u0101ti un precizit\u0101ti.<\/li>\n<li>\n<h3>Lauksaimniec\u012bba:<\/h3>\n<p> Lauksaimniec\u012bbas ma\u0161\u012bn\u0101s, piem\u0113ram, kombainos un s\u0113jma\u0161\u012bn\u0101s, sviru cilindri kontrol\u0113 vad\u012bbas sviru kust\u012bbu s\u0113\u0161anas, m\u0113slo\u0161anas un ra\u017eas nov\u0101k\u0161anas darbos.<\/li>\n<li>\n<h3>Kalnr\u016bpniec\u012bba:<\/h3>\n<p> Sviras cilindri tiek izmantoti, lai kontrol\u0113tu kalnr\u016bpniec\u012bbas iek\u0101rtu sviras kust\u012bbu kalnr\u016bpniec\u012bb\u0101 un materi\u0101lu apstr\u0101d\u0113.<\/li>\n<li>\n<h3>Lo\u0123istika un transports:<\/h3>\n<p> Iekr\u0101v\u0113jos un apstr\u0101des robotos roku cilindri tiek izmantoti, lai kontrol\u0113tu kravas dak\u0161u kust\u012bbu materi\u0101lu apstr\u0101dei un krau\u0161anai.<\/li>\n<\/ul>\n<h2>Projekt\u0113\u0161anas apsv\u0113rumi un atlases standarti<\/h2>\n<p>Sviras cilindra konstrukcija un izv\u0113le ir \u013coti svar\u012bga, lai nodro\u0161in\u0101tu optim\u0101lu veiktsp\u0113ju un dro\u0161\u012bbu. Da\u017ei galvenie konstrukcijas apsv\u0113rumi ir \u0161\u0101di:<\/p>\n<ul>\n<li>\n<h3>Nestsp\u0113ja:<\/h3>\n<p> Cilindra nestsp\u0113jai j\u0101atbilst ma\u0161\u012bnas svaram un ekspluat\u0101cijas pras\u012bb\u0101m.<\/li>\n<li>\n<h3>Bl\u012bv\u0113jums:<\/h3>\n<p> Sviras cilindram j\u0101b\u016bt apr\u012bkotam ar augstas kvalit\u0101tes bl\u012bv\u0113juma komponentiem, piem\u0113ram, virzu\u013ca bl\u012bv\u0113m un stie\u0146a bl\u012bv\u0113m, kas izgatavotas no iztur\u012bgiem materi\u0101liem, piem\u0113ram, poliuret\u0101na un nitrila gumijas, lai nov\u0113rstu e\u013c\u013cas nopl\u016bdi un samazin\u0101tu nodilumu.<\/li>\n<li>\n<h3>Iztur\u012bba:<\/h3>\n<p> Balonam j\u0101b\u016bt izgatavotam no augstas stipr\u012bbas materi\u0101liem un konstru\u0113tam t\u0101, lai tas iztur\u0113tu skarbus vides apst\u0101k\u013cus.<\/li>\n<li>\n<h3>Dro\u0161\u012bba:<\/h3>\n<p> Balonam j\u0101b\u016bt konstru\u0113tam ar dro\u0161\u012bbas funkcij\u0101m, piem\u0113ram, av\u0101rijas samazin\u0101\u0161anas v\u0101rstiem un spiediena samazin\u0101\u0161anas v\u0101rstiem, lai nov\u0113rstu p\u0101rspiediena izrais\u012btus boj\u0101jumus vai negad\u012bjumus.<\/li>\n<li>\n<h3>Apkope:<\/h3>\n<p> Cilindram j\u0101b\u016bt konstru\u0113tam t\u0101, lai b\u016btu viegli veikt apkopi un nomain\u012bt deta\u013cas, piem\u0113ram, bl\u012bv\u0113juma komplektu un hidraulisko e\u013c\u013cu, lai samazin\u0101tu d\u012bkst\u0101ves laiku un remonta izmaksas.<\/li>\n<\/ul>\n<p><img decoding=\"async\" src=\"https:\/\/www.hydraulic-cylinders.net\/wp-content\/uploads\/2025\/01\/songte-cylinder-head-with-all-kinds-excavator-models.webp\" alt=\"Cilindra galvas att\u0113ls\"><\/p>\n<h2>Bl\u012bv\u0113\u0161ana un e\u013c\u013co\u0161ana<\/h2>\n<p>Lai nodro\u0161in\u0101tu optim\u0101lu veiktsp\u0113ju un iztur\u012bbu, sviras cilindram ir nepiecie\u0161ama atbilsto\u0161a bl\u012bv\u0113\u0161ana un e\u013c\u013co\u0161ana. Da\u017ei galvenie apsv\u0113rumi ir \u0161\u0101di:<\/p>\n<ul>\n<li>\n<h3>Bl\u012bv\u0113jums:<\/h3>\n<p> Da\u017e\u0101diem bl\u012bv\u0113juma komponentiem, piem\u0113ram, virzu\u013ca bl\u012bv\u0113m un stie\u0146a bl\u012bv\u0113m, j\u0101b\u016bt izgatavotiem no augstas kvalit\u0101tes materi\u0101liem, piem\u0113ram, poliuret\u0101na un nitrila gumijas, lai nodro\u0161in\u0101tu e\u013c\u013cas herm\u0113tiskumu un samazin\u0101tu nodilumu. Ar\u012b cilindra korpuss un v\u012btnes virsma ir r\u016bp\u012bgi j\u0101apstr\u0101d\u0101, lai uzlabotu nodilumiztur\u012bbu.<\/li>\n<li>\n<h3>E\u013c\u013co\u0161ana:<\/h3>\n<p> Cilindrs j\u0101iee\u013c\u013co ar piem\u0113rotu hidraulisko e\u013c\u013cu, lai nodro\u0161in\u0101tu vienm\u0113r\u012bgu darb\u012bbu un nov\u0113rstu bl\u012bv\u0113juma deta\u013cu nodilumu. Regul\u0101ra e\u013c\u013cas mai\u0146a un t\u012br\u012b\u0161ana ir nepiecie\u0161ama, lai nov\u0113rstu pies\u0101r\u0146ojumu un pagarin\u0101tu cilindra kalpo\u0161anas laiku.<\/li>\n<\/ul>\n<p><img decoding=\"async\" src=\"https:\/\/www.hydraulic-cylinders.net\/wp-content\/uploads\/2025\/01\/songte-bushings-with-all-kinds-of-excavator-models.webp\" alt=\"Bukses att\u0113ls\"><\/p>\n<h2>Prevent\u012bv\u0101 apkope<\/h2>\n<p>Regul\u0101ras p\u0101rbaudes un apkope ir \u013coti svar\u012bgas, lai nodro\u0161in\u0101tu optim\u0101lu veiktsp\u0113ju un pagarin\u0101tu sviras cilindra kalpo\u0161anas laiku. Da\u017ei galvenie prevent\u012bvie apkopes pas\u0101kumi ietver:<\/p>\n<ul>\n<li>\n<h3>Regul\u0101ras p\u0101rbaudes:<\/h3>\n<p> Regul\u0101ras cilindra korpusa, bl\u012bv\u0113jumu un e\u013c\u013cas l\u012bme\u0146a p\u0101rbaudes var identific\u0113t potenci\u0101las probl\u0113mas un nov\u0113rst d\u0101rgas d\u012bkst\u0101ves.<\/li>\n<li>\n<h3>T\u012br\u012b\u0161ana:<\/h3>\n<p> Regul\u0101ra cilindra korpusa un v\u012btnes virsmas t\u012br\u012b\u0161ana var nov\u0113rst pies\u0101r\u0146ojumu un samazin\u0101t bl\u012bv\u0113juma deta\u013cu nodilumu.<\/li>\n<li>\n<h3>E\u013c\u013cas nomai\u0146a:<\/h3>\n<p> Regul\u0101ra e\u013c\u013cas mai\u0146a var nodro\u0161in\u0101t nevainojamu darb\u012bbu un nov\u0113rst bl\u012bv\u0113juma deta\u013cu nodilumu.<\/li>\n<li>\n<h3>Remonts:<\/h3>\n<p> Nelielu defektu vai boj\u0101jumu savlaic\u012bga nov\u0113r\u0161ana var nov\u0113rst turpm\u0101kus boj\u0101jumus un nodro\u0161in\u0101t optim\u0101lu veiktsp\u0113ju.<\/li>\n<\/ul>\n<p><img decoding=\"async\" src=\"https:\/\/www.hydraulic-cylinders.net\/wp-content\/uploads\/2025\/01\/songte-chushion-collar.webp\" alt=\"Apkakles att\u0113ls\"><\/p>\n<h2>Instal\u0101cijas rokasgr\u0101mata<\/h2>\n<p>Sviras cilindra uzst\u0101d\u012b\u0161anai j\u0101veic \u0161\u0101das darb\u012bbas:<\/p>\n<ol>\n<li>P\u0101rliecinieties, ka uzst\u0101d\u012b\u0161anas vieta ir t\u012bra un bez gru\u017eiem.<\/li>\n<li>P\u0101rliecinieties, vai cilindrs un ar to saist\u012bt\u0101s sast\u0101vda\u013cas, piem\u0113ram, stiprin\u0101juma kron\u0161teins un \u0161\u013c\u016btenes, ir dro\u0161i nostiprin\u0101tas.<\/li>\n<li>Pievienojiet \u0161\u013c\u016btenes saska\u0146\u0101 ar ra\u017eot\u0101ja nor\u0101d\u012bjumiem.<\/li>\n<li>Pirms darba uzs\u0101k\u0161anas p\u0101rbaudiet visus savienojumus, vai nav nopl\u016b\u017eu un vai tie darbojas pareizi.<\/li>\n<\/ol>\n<p><img decoding=\"async\" src=\"https:\/\/www.hydraulic-cylinders.net\/wp-content\/uploads\/2025\/01\/songte-company-4.webp\" alt=\"Uz\u0146\u0113muma t\u0113ls\"><br \/>\n<img decoding=\"async\" src=\"https:\/\/www.hydraulic-cylinders.net\/wp-content\/uploads\/2025\/01\/songte-company-3.webp\" alt=\"Uz\u0146\u0113muma t\u0113ls\"><\/p>\n<h2>Par mums<\/h2>\n<p>M\u0113s esam vado\u0161ais hidraulisko cilindru ra\u017eot\u0101js un vairumtirgot\u0101js, kas pied\u0101v\u0101 pla\u0161u produktu kl\u0101stu, kas ir k\u013cuvis par tirgus l\u012bderi gan viet\u0113j\u0101, gan starptautiskaj\u0101 tirg\u016b. M\u0113s esam ap\u0146\u0113mu\u0161ies nodro\u0161in\u0101t izcilu kvalit\u0101ti un sav\u0101s pilnveidotaj\u0101s ra\u017eo\u0161anas darbn\u012bc\u0101s pa\u013caujamies uz industrializ\u0113t\u0101m ra\u017eo\u0161anas vad\u012bbas strat\u0113\u0123ij\u0101m, lai nep\u0101rtraukti uzlabotu savas tehnisk\u0101s iesp\u0113jas un ra\u017eo\u0161anas efektivit\u0101ti. Esam ieviesu\u0161i augstas klases digit\u0101l\u0101s ra\u017eo\u0161anas iek\u0101rtas un profesion\u0101las test\u0113\u0161anas sist\u0113mas, lai optimiz\u0113tu savu ra\u017eo\u0161anas platformu un uzlabotu produktu kvalit\u0101tes kontroles procesus, kas dod mums sp\u0113c\u012bgas inov\u0101ciju iesp\u0113jas. M\u016bsu m\u0113r\u0137is ir apmierin\u0101t m\u016bsu klientu da\u017e\u0101d\u0101s vajadz\u012bbas ar augstu efektivit\u0101ti, precizit\u0101ti un augstas kvalit\u0101tes produktiem.<\/p>\n<p>M\u0113s pied\u0101v\u0101jam pilnu pakalpojumu kl\u0101stu, tostarp profesion\u0101lu ekspert\u012bzi, starptautiskus sertifik\u0101tus, piel\u0101gotus pakalpojumus, ra\u017eo\u0161anas iek\u0101rtas un p\u0113cp\u0101rdo\u0161anas apkalpo\u0161anu, k\u0101 ar\u012b citus.<\/p>\n<p>Autors: lil<\/p>","protected":false},"excerpt":{"rendered":"<p>Arm Cylinder For Kato Small Excavator HD512R Introduction An arm cylinder is a specialized hydraulic cylinder used for providing linear motion and power to the arm of various types of machinery such as excavators, cranes, and robotic arms. The arm cylinder plays a critical role in hydraulic systems, enabling the effective movement and control of [&hellip;]<\/p>","protected":false},"featured_media":14783,"comment_status":"open","ping_status":"closed","template":"","meta":{"_et_pb_use_builder":"","_et_pb_old_content":"","_et_gb_content_width":""},"product_brand":[],"product_cat":[1497],"product_tag":[1498,1496],"class_list":{"0":"post-16959","1":"product","2":"type-product","3":"status-publish","4":"has-post-thumbnail","6":"product_cat-arm-cylinders","7":"product_tag-arm-cylinders","8":"product_tag-hydraulic-cylinders","10":"first","11":"instock","12":"shipping-taxable","13":"product-type-simple"},"amp_enabled":true,"_links":{"self":[{"href":"https:\/\/www.hydraulic-cylinders.net\/lv\/wp-json\/wp\/v2\/product\/16959","targetHints":{"allow":["GET"]}}],"collection":[{"href":"https:\/\/www.hydraulic-cylinders.net\/lv\/wp-json\/wp\/v2\/product"}],"about":[{"href":"https:\/\/www.hydraulic-cylinders.net\/lv\/wp-json\/wp\/v2\/types\/product"}],"replies":[{"embeddable":true,"href":"https:\/\/www.hydraulic-cylinders.net\/lv\/wp-json\/wp\/v2\/comments?post=16959"}],"wp:featuredmedia":[{"embeddable":true,"href":"https:\/\/www.hydraulic-cylinders.net\/lv\/wp-json\/wp\/v2\/media\/14783"}],"wp:attachment":[{"href":"https:\/\/www.hydraulic-cylinders.net\/lv\/wp-json\/wp\/v2\/media?parent=16959"}],"wp:term":[{"taxonomy":"product_brand","embeddable":true,"href":"https:\/\/www.hydraulic-cylinders.net\/lv\/wp-json\/wp\/v2\/product_brand?post=16959"},{"taxonomy":"product_cat","embeddable":true,"href":"https:\/\/www.hydraulic-cylinders.net\/lv\/wp-json\/wp\/v2\/product_cat?post=16959"},{"taxonomy":"product_tag","embeddable":true,"href":"https:\/\/www.hydraulic-cylinders.net\/lv\/wp-json\/wp\/v2\/product_tag?post=16959"}],"curies":[{"name":"wp","href":"https:\/\/api.w.org\/{rel}","templated":true}]}}