{"id":16960,"date":"2025-01-21T08:27:32","date_gmt":"2025-01-21T08:27:32","guid":{"rendered":"https:\/\/www.hydraulic-cylinders.net\/?post_type=product&#038;p=16960"},"modified":"2025-04-11T01:44:58","modified_gmt":"2025-04-11T01:44:58","slug":"hcyy11112000-forklift-lifting-cylinder","status":"publish","type":"product","link":"https:\/\/www.hydraulic-cylinders.net\/lv\/products\/hcyy11112000-forklift-lifting-cylinder\/","title":{"rendered":"HCYY11112000 Iekr\u0101v\u0113ja pacel\u0161anas cilindrs"},"content":{"rendered":"<h1 style=\"text-align: center;\"><strong>HCYY11112000 Iekr\u0101v\u0113ja pacel\u0161anas cilindrs<\/strong><\/h1>\n<p><img loading=\"lazy\" decoding=\"async\" class=\"alignnone wp-image-16964\" src=\"https:\/\/www.hydraulic-cylinders.net\/wp-content\/uploads\/2025\/01\/hcyy11112000-forklift-lifting-cylinder-1.webp\" alt=\"\" width=\"1000\" height=\"345\" srcset=\"https:\/\/www.hydraulic-cylinders.net\/wp-content\/uploads\/2025\/01\/hcyy11112000-forklift-lifting-cylinder-1-980x338.webp 980w, https:\/\/www.hydraulic-cylinders.net\/wp-content\/uploads\/2025\/01\/hcyy11112000-forklift-lifting-cylinder-1-480x166.webp 480w\" sizes=\"(min-width: 0px) and (max-width: 480px) 480px, (min-width: 481px) and (max-width: 980px) 980px, (min-width: 981px) 1000px, 100vw\" \/><\/p>\n<p>HCYY11112000 autoiekr\u0101v\u0113ja pacel\u0161anas cilindrs ir b\u016btiska sast\u0101vda\u013ca autoiekr\u0101v\u0113ja darb\u012bb\u0101, kas atvieglo smagu kravu efekt\u012bvu cel\u0161anu un nolai\u0161anu. \u0160is hidrauliskais cilindrs, kas izstr\u0101d\u0101ts iztur\u012bbai un augstai veiktsp\u0113jai, iev\u0113rojami palielina produktivit\u0101ti da\u017e\u0101d\u0101s r\u016bpniecisk\u0101s vid\u0113s.<\/p>\n<p>K\u0101 b\u016btisks l\u012bdzeklis jebkurai iekr\u0101v\u0113ja darb\u012bbai, HCYY11112000 ir iztur\u012bgs dizains un liela kravnes\u012bba, padarot to par ide\u0101lu izv\u0113li t\u0101d\u0101m nozar\u0113m k\u0101 noliktavu saimniec\u012bba un b\u016bvniec\u012bba. Iepaz\u012bstoties ar t\u0101 funkcij\u0101m, pareizu lieto\u0161anu un apkopes pras\u012bb\u0101m, operatori var p\u0101rliecin\u0101ties, ka \u0161is hidrauliskais cilindrs nodro\u0161in\u0101s uzticamu servisu un uzlabos produktivit\u0101ti gadiem ilgi.<\/p>\n<h2><strong>HCYY11112000 Iekr\u0101v\u0113ja pacel\u0161anas cilindra parametrs:<\/strong><\/h2>\n<h2><img loading=\"lazy\" decoding=\"async\" class=\"alignnone size-full wp-image-16968\" src=\"https:\/\/www.hydraulic-cylinders.net\/wp-content\/uploads\/2025\/01\/hcyy11112000-forklift-lifting-cylinder-5.webp\" alt=\"\" width=\"1517\" height=\"144\" srcset=\"https:\/\/www.hydraulic-cylinders.net\/wp-content\/uploads\/2025\/01\/hcyy11112000-forklift-lifting-cylinder-5.webp 1517w, https:\/\/www.hydraulic-cylinders.net\/wp-content\/uploads\/2025\/01\/hcyy11112000-forklift-lifting-cylinder-5-1280x122.webp 1280w, https:\/\/www.hydraulic-cylinders.net\/wp-content\/uploads\/2025\/01\/hcyy11112000-forklift-lifting-cylinder-5-980x93.webp 980w, https:\/\/www.hydraulic-cylinders.net\/wp-content\/uploads\/2025\/01\/hcyy11112000-forklift-lifting-cylinder-5-480x46.webp 480w\" sizes=\"(min-width: 0px) and (max-width: 480px) 480px, (min-width: 481px) and (max-width: 980px) 980px, (min-width: 981px) and (max-width: 1280px) 1280px, (min-width: 1281px) 1517px, 100vw\" \/><img loading=\"lazy\" decoding=\"async\" class=\"alignnone wp-image-16965\" style=\"color: #666666; font-size: 14px;\" src=\"https:\/\/www.hydraulic-cylinders.net\/wp-content\/uploads\/2025\/01\/hcyy11112000-forklift-lifting-cylinder-2.webp\" alt=\"\" width=\"1000\" height=\"482\" srcset=\"https:\/\/www.hydraulic-cylinders.net\/wp-content\/uploads\/2025\/01\/hcyy11112000-forklift-lifting-cylinder-2-980x472.webp 980w, https:\/\/www.hydraulic-cylinders.net\/wp-content\/uploads\/2025\/01\/hcyy11112000-forklift-lifting-cylinder-2-480x231.webp 480w\" sizes=\"(min-width: 0px) and (max-width: 480px) 480px, (min-width: 481px) and (max-width: 980px) 980px, (min-width: 981px) 1000px, 100vw\" \/><span style=\"color: #666666; font-size: 14px;\">\u00a0<\/span><img loading=\"lazy\" decoding=\"async\" class=\"alignnone wp-image-16966\" style=\"color: #666666; font-size: 14px;\" src=\"https:\/\/www.hydraulic-cylinders.net\/wp-content\/uploads\/2025\/01\/hcyy11112000-forklift-lifting-cylinder-3.webp\" alt=\"\" width=\"1000\" height=\"482\" srcset=\"https:\/\/www.hydraulic-cylinders.net\/wp-content\/uploads\/2025\/01\/hcyy11112000-forklift-lifting-cylinder-3-980x473.webp 980w, https:\/\/www.hydraulic-cylinders.net\/wp-content\/uploads\/2025\/01\/hcyy11112000-forklift-lifting-cylinder-3-480x232.webp 480w\" sizes=\"(min-width: 0px) and (max-width: 480px) 480px, (min-width: 481px) and (max-width: 980px) 980px, (min-width: 981px) 1000px, 100vw\" \/><img loading=\"lazy\" decoding=\"async\" class=\"alignnone size-full wp-image-16967\" src=\"https:\/\/www.hydraulic-cylinders.net\/wp-content\/uploads\/2025\/01\/hcyy11112000-forklift-lifting-cylinder-4.webp\" alt=\"\" width=\"1496\" height=\"774\" srcset=\"https:\/\/www.hydraulic-cylinders.net\/wp-content\/uploads\/2025\/01\/hcyy11112000-forklift-lifting-cylinder-4.webp 1496w, https:\/\/www.hydraulic-cylinders.net\/wp-content\/uploads\/2025\/01\/hcyy11112000-forklift-lifting-cylinder-4-1280x662.webp 1280w, https:\/\/www.hydraulic-cylinders.net\/wp-content\/uploads\/2025\/01\/hcyy11112000-forklift-lifting-cylinder-4-980x507.webp 980w, https:\/\/www.hydraulic-cylinders.net\/wp-content\/uploads\/2025\/01\/hcyy11112000-forklift-lifting-cylinder-4-480x248.webp 480w\" sizes=\"(min-width: 0px) and (max-width: 480px) 480px, (min-width: 481px) and (max-width: 980px) 980px, (min-width: 981px) and (max-width: 1280px) 1280px, (min-width: 1281px) 1496px, 100vw\" \/><\/h2>\n<h2><strong>Iekr\u0101v\u0113ja cilindru s\u0113rija:\u00a0<\/strong><\/h2>\n<h2><img loading=\"lazy\" decoding=\"async\" class=\"alignnone size-full wp-image-16971\" src=\"https:\/\/www.hydraulic-cylinders.net\/wp-content\/uploads\/2025\/01\/fork-lift-cylinder.webp\" alt=\"\" width=\"2004\" height=\"2529\" srcset=\"https:\/\/www.hydraulic-cylinders.net\/wp-content\/uploads\/2025\/01\/fork-lift-cylinder.webp 2004w, https:\/\/www.hydraulic-cylinders.net\/wp-content\/uploads\/2025\/01\/fork-lift-cylinder-1280x1615.webp 1280w, https:\/\/www.hydraulic-cylinders.net\/wp-content\/uploads\/2025\/01\/fork-lift-cylinder-980x1237.webp 980w, https:\/\/www.hydraulic-cylinders.net\/wp-content\/uploads\/2025\/01\/fork-lift-cylinder-480x606.webp 480w\" sizes=\"(min-width: 0px) and (max-width: 480px) 480px, (min-width: 481px) and (max-width: 980px) 980px, (min-width: 981px) and (max-width: 1280px) 1280px, (min-width: 1281px) 2004px, 100vw\" \/><\/h2>\n<h2><strong>HCYY11112000 iekr\u0101v\u0113ja pacel\u0161anas cilindra galven\u0101s iez\u012bmes:<\/strong><\/h2>\n<p>HCYY11112000 iekr\u0101v\u0113ja pacel\u0161anas cilindrs ir izstr\u0101d\u0101ts ar vair\u0101k\u0101m izcil\u0101m funkcij\u0101m, kas uzlabo t\u0101 veiktsp\u0113ju un uzticam\u012bbu pras\u012bgos r\u016bpnieciskos apst\u0101k\u013cos.<\/p>\n<h4><strong>Augsta kravnes\u012bba<\/strong><\/h4>\n<p>HCYY11112000, kas izstr\u0101d\u0101ts lieljaudas lietojumiem, var bez piep\u016bles tikt gal\u0101 ar iev\u0113rojamu svaru. \u0160\u012b augst\u0101 kravnes\u012bba nodro\u0161ina, ka operatori var p\u0101rliecino\u0161i pacelt un transport\u0113t lielus materi\u0101lus, padarot to par nenov\u0113rt\u0113jamu instrumentu noliktav\u0101s, b\u016bvlaukumos un ra\u017eo\u0161anas r\u016bpn\u012bc\u0101s.<\/p>\n<h4><strong>Iztur\u012bga konstrukcija<\/strong><\/h4>\n<p>Izgatavots no augstas iztur\u012bbas materi\u0101liem, \u0161is cilindrs lepojas ar izcilu iztur\u012bbu. T\u0101 robust\u0101 konstrukcija ir iztur\u012bga pret nodilumu, \u013caujot tam iztur\u0113t ikdienas lieto\u0161anas slodzi. \u0160\u012b iztur\u012bba noz\u012bm\u0113 ilg\u0101ku kalpo\u0161anas laiku, samazinot nepiecie\u0161am\u012bbu p\u0113c bie\u017eas nomai\u0146as un samazinot ekspluat\u0101cijas izmaksas.<\/p>\n<h4><strong>Prec\u012bzijas in\u017eenierija<\/strong><\/h4>\n<p>HCYY11112000 ir inovat\u012bvs dizains, kas veicina vienm\u0113r\u012bgu un prec\u012bzu cel\u0161anu. \u0160\u012b prec\u012bz\u0101 in\u017eenierija samazina kravas nob\u012bdes risku, uzlabojot dro\u0161\u012bbu darb\u012bbas laik\u0101. Operatori var pa\u013cauties uz \u0161o cilindru, lai saglab\u0101tu stabilit\u0101ti pat tad, ja tiek celtas nel\u012bdzenas vai lielgabar\u012bta kravas.<\/p>\n<h4><strong>Korozijas iztur\u012bba<\/strong><\/h4>\n<p>Sare\u017e\u0123\u012btos apst\u0101k\u013cos mitruma un sp\u0113c\u012bgu \u0137\u012bmisku vielu iedarb\u012bba var izrais\u012bt priek\u0161laic\u012bgu nolieto\u0161anos. HCYY11112000 ir apr\u012bkots ar \u012bpa\u0161iem p\u0101rkl\u0101jumiem, kas nodro\u0161ina efekt\u012bvu aizsardz\u012bbu pret r\u016bsu un koroziju. \u0160\u012b funkcija nodro\u0161ina uzticamu darb\u012bbu un pagarina cilindra kalpo\u0161anas laiku neatkar\u012bgi no apst\u0101k\u013ciem, k\u0101dos tas non\u0101k.<\/p>\n<h4><strong>Efekt\u012bva darb\u012bba<\/strong><\/h4>\n<p>Optimiz\u0113ta hidraulisk\u0101s pl\u016bsmas konstrukcija uzlabo HCYY11112000 cel\u0161anas \u0101trumu un efektivit\u0101ti. \u0160\u012b p\u0101rdom\u0101t\u0101 in\u017eenierija samazina d\u012bkst\u0101ves laiku, \u013caujot operatoriem veikt uzdevumus \u0101tr\u0101k un efekt\u012bv\u0101k. Uzlabot\u0101 veiktsp\u0113ja ne tikai ietaupa laiku, bet ar\u012b uzlabo kop\u0113jo produktivit\u0101ti strauji main\u012bg\u0101 darba vid\u0113.<\/p>\n<h4><strong>Daudzpus\u012bgs pielietojums<\/strong><\/h4>\n<p>HCYY11112000 ir pietiekami daudzpus\u012bgs, lai to izmantotu da\u017e\u0101dos pielietojumos, s\u0101kot no smagu r\u016bpniecisko komponentu cel\u0161anas l\u012bdz pale\u0161u apstr\u0101dei noliktav\u0101. T\u0101 piel\u0101gojam\u012bba padara to par iecien\u012btu izv\u0113li vair\u0101k\u0101s nozar\u0113s, nodro\u0161inot, ka tas atbilst operatoru da\u017e\u0101daj\u0101m vajadz\u012bb\u0101m.<\/p>\n<h4><strong>Vienk\u0101r\u0161a uzst\u0101d\u012b\u0161ana un apkope<\/strong><\/h4>\n<p>HCYY11112000 ir izstr\u0101d\u0101ts, dom\u0101jot par lietot\u0101jam draudz\u012bgumu, un to ir viegli uzst\u0101d\u012bt un apkopt. Operatori to var \u0101tri iestat\u012bt un veikt regul\u0101ras p\u0101rbaudes, t\u0101d\u0113j\u0101di nodro\u0161inot nevainojamu darb\u012bbu bez ilgsto\u0161as \u200b\u200bd\u012bkst\u0101ves.<\/p>\n<p>Ar sav\u0101m iespaid\u012bgaj\u0101m funkcij\u0101m HCYY11112000 iekr\u0101v\u0113ja pacel\u0161anas cilindrs ne tikai uzlabo cel\u0161anas efektivit\u0101ti, bet ar\u012b paaugstina dro\u0161\u012bbas un iztur\u012bbas standartus. Invest\u0113jot \u0161aj\u0101 augstas veiktsp\u0113jas cilindr\u0101, nozares var palielin\u0101t produktivit\u0101ti un nodro\u0161in\u0101t uzticamu darb\u012bbu gadiem ilgi.<\/p>\n<h2><strong>K\u0101das galven\u0101s apkopes prakses pal\u012bdz pagarin\u0101t iekr\u0101v\u0113ja pacel\u0161anas cilindra kalpo\u0161anas laiku?<\/strong><\/h2>\n<p>Lai iev\u0113rojami pagarin\u0101tu iekr\u0101v\u0113ja pacel\u0161anas cilindra kalpo\u0161anas laiku, ir svar\u012bgi ieviest proakt\u012bvu apkopes pieeju. \u0160eit ir da\u017ei galvenie pa\u0146\u0113mieni, kas ne tikai uzlabo kalpo\u0161anas laiku, bet ar\u012b nodro\u0161ina dro\u0161u un efekt\u012bvu darb\u012bbu:<\/p>\n<h4><strong>1. Regul\u0101ras p\u0101rbaudes<\/strong><\/h4>\n<ul>\n<li><strong>K\u0101p\u0113c tas ir svar\u012bgi<\/strong>Regul\u0101ras p\u0101rbaudes ir \u013coti svar\u012bgas, lai laikus identific\u0113tu nodilumu, nopl\u016bdes vai boj\u0101jumus. \u0160o probl\u0113mu atkl\u0101\u0161ana pirms to saasin\u0101\u0161an\u0101s var ietaup\u012bt d\u0101rgus remontdarbus un d\u012bkst\u0101ves laiku.<\/li>\n<li><strong>Padoms<\/strong>Izveidojiet kontrolsarakstu, lai sistem\u0101tiski p\u0101rbaud\u012btu visas sast\u0101vda\u013cas, tostarp \u0161\u013c\u016btenes, bl\u012bves un pa\u0161u cilindru.<\/li>\n<\/ul>\n<h4><strong>2. Hidraulisk\u0101 \u0161\u0137idruma p\u0101rbaudes<\/strong><\/h4>\n<ul>\n<li><strong>K\u0101p\u0113c tas ir svar\u012bgi<\/strong>Hidrauliskais \u0161\u0137idrums darbojas k\u0101 pacel\u0161anas cilindra dz\u012bv\u012bbas sp\u0113ks, nodro\u0161inot vienm\u0113r\u012bgu darb\u012bbu. Optim\u0101lai veiktsp\u0113jai ir svar\u012bgi uztur\u0113t atbilsto\u0161u \u0161\u0137idruma l\u012bmeni un kvalit\u0101ti.<\/li>\n<li><strong>Padoms<\/strong>Regul\u0101ri p\u0101rbaudiet, vai nav pies\u0101r\u0146ojuma, un nomainiet \u0161\u0137idrumu saska\u0146\u0101 ar ra\u017eot\u0101ja ieteikumiem.<\/li>\n<\/ul>\n<h4><strong>3. Bl\u012bv\u0113juma apkope<\/strong><\/h4>\n<ul>\n<li><strong>K\u0101p\u0113c tas ir svar\u012bgi<\/strong>Bl\u012bv\u0113jumiem ir iz\u0161\u0137iro\u0161a noz\u012bme nopl\u016b\u017eu nov\u0113r\u0161an\u0101 un spiediena uztur\u0113\u0161an\u0101 cilindr\u0101. Nodilu\u0161i vai boj\u0101ti bl\u012bv\u0113jumi var rad\u012bt veiktsp\u0113jas probl\u0113mas un dro\u0161\u012bbas apdraud\u0113jumus.<\/li>\n<li><strong>Padoms<\/strong>Regul\u0101ro p\u0101rbau\u017eu laik\u0101 p\u0101rbaudiet bl\u012bves un nekav\u0113joties nomainiet t\u0101s, lai izvair\u012btos no nopietn\u0101k\u0101m probl\u0113m\u0101m.<\/li>\n<\/ul>\n<h4><strong>4. T\u012br\u012b\u0161ana<\/strong><\/h4>\n<ul>\n<li><strong>K\u0101p\u0113c tas ir svar\u012bgi<\/strong>Ir svar\u012bgi uztur\u0113t cilindru un apk\u0101rt\u0113j\u0101s virsmas t\u012bras no net\u012brumiem un gru\u017eiem, lai nov\u0113rstu pies\u0101r\u0146ojumu un nodro\u0161in\u0101tu nevainojamu darb\u012bbu.<\/li>\n<li><strong>Padoms<\/strong>Izmantojiet m\u012bkstu dr\u0101nu un atbilsto\u0161us t\u012br\u012b\u0161anas l\u012bdzek\u013cus, lai nesaboj\u0101tu virsmu, vienlaikus nodro\u0161inot, ka virsma paliek t\u012bra.<\/li>\n<\/ul>\n<h4><strong>5. E\u013c\u013co\u0161ana<\/strong><\/h4>\n<ul>\n<li><strong>K\u0101p\u0113c tas ir svar\u012bgi<\/strong>Pareiza kust\u012bgo da\u013cu e\u013c\u013co\u0161ana samazina berzi un nodilumu, kas var pagarin\u0101t cilindra kalpo\u0161anas laiku.<\/li>\n<li><strong>Padoms<\/strong>Iev\u0113rojiet ra\u017eot\u0101ja nor\u0101d\u012bjumus par sm\u0113rviel\u0101m un p\u0101rliecinieties, ka visas kust\u012bg\u0101s da\u013cas ir pien\u0101c\u012bgi apkalpotas.<\/li>\n<\/ul>\n<h4><strong>6. Slodzes p\u0101rvald\u012bba<\/strong><\/h4>\n<ul>\n<li><strong>K\u0101p\u0113c tas ir svar\u012bgi<\/strong>Darb\u012bba nor\u0101d\u012bt\u0101s slodzes robe\u017e\u0101s ir \u013coti svar\u012bga dro\u0161\u012bbai un efektivit\u0101tei. P\u0101rslodze var izrais\u012bt meh\u0101niskus boj\u0101jumus un palielin\u0101tu nodilumu.<\/li>\n<li><strong>Padoms<\/strong>Vienm\u0113r \u0146emiet v\u0113r\u0101 slodzes ierobe\u017eojumus un apm\u0101ciet operatorus apzin\u0101ties to iev\u0113ro\u0161anas noz\u012bmi.<\/li>\n<\/ul>\n<h4><strong>7. Profesion\u0101la apkalpo\u0161ana<\/strong><\/h4>\n<ul>\n<li><strong>K\u0101p\u0113c tas ir svar\u012bgi<\/strong>Profesion\u0101\u013cu iesaist\u012b\u0161ana regul\u0101r\u0101m apkopes p\u0101rbaud\u0113m var pal\u012bdz\u0113t identific\u0113t potenci\u0101las probl\u0113mas, kas var neb\u016bt paman\u0101mas regul\u0101ru p\u0101rbau\u017eu laik\u0101.<\/li>\n<li><strong>Padoms<\/strong>Sadarbojoties ar sertific\u0113tu tehni\u0137i, izstr\u0101d\u0101jiet apkopes grafiku, lai nodro\u0161in\u0101tu, ka visas sast\u0101vda\u013cas ir lab\u0101kaj\u0101 st\u0101vokl\u012b.<\/li>\n<\/ul>\n<p>Integr\u0113jot \u0161\u012bs b\u016btisk\u0101s apkopes prakses sav\u0101 ikdienas rut\u012bn\u0101, j\u016bs palielin\u0101t sava iekr\u0101v\u0113ja pacel\u0161anas cilindra kalpo\u0161anas laiku un uzlabot dro\u0161\u012bbu un efektivit\u0101ti vis\u0101s darb\u012bb\u0101s. Labi uztur\u0113ts pacel\u0161anas cilindrs var palielin\u0101t produktivit\u0101ti, samazin\u0101t ekspluat\u0101cijas izmaksas un padar\u012bt darba vietu dro\u0161\u0101ku, padarot \u0161\u012bs prakses par p\u016b\u013cu v\u0113rtu!<\/p>\n<h2><strong>Iekr\u0101v\u0113ja cilindru ra\u017eo\u0161anas zona:<\/strong><\/h2>\n<h2><img loading=\"lazy\" decoding=\"async\" class=\"alignnone size-full wp-image-16972\" src=\"https:\/\/www.hydraulic-cylinders.net\/wp-content\/uploads\/2025\/01\/hydraulic-cylinder-factory-1-scaled.webp\" alt=\"\" width=\"2016\" height=\"2560\" srcset=\"https:\/\/www.hydraulic-cylinders.net\/wp-content\/uploads\/2025\/01\/hydraulic-cylinder-factory-1-scaled.webp 2016w, https:\/\/www.hydraulic-cylinders.net\/wp-content\/uploads\/2025\/01\/hydraulic-cylinder-factory-1-1280x1625.webp 1280w, https:\/\/www.hydraulic-cylinders.net\/wp-content\/uploads\/2025\/01\/hydraulic-cylinder-factory-1-980x1244.webp 980w, https:\/\/www.hydraulic-cylinders.net\/wp-content\/uploads\/2025\/01\/hydraulic-cylinder-factory-1-480x610.webp 480w\" sizes=\"(min-width: 0px) and (max-width: 480px) 480px, (min-width: 481px) and (max-width: 980px) 980px, (min-width: 981px) and (max-width: 1280px) 1280px, (min-width: 1281px) 2016px, 100vw\" \/><\/h2>\n<p>Mums ir pirmklas\u012bga neatkar\u012bga p\u0113tniec\u012bbas un att\u012bst\u012bbas platforma mont\u0101\u017eai. Iekr\u0101v\u0113ju cilindru ra\u017eo\u0161anas ceh\u0101 ir \u010detras pusautom\u0101tiskas pacel\u0161anas cilindru mont\u0101\u017eas l\u012bnijas un piln\u012bb\u0101 autom\u0101tiska noliecamo cilindru mont\u0101\u017eas l\u012bnija ar projekt\u0113to gada ra\u017eo\u0161anas jaudu miljons vien\u012bbu. Speci\u0101laj\u0101 cilindru ceh\u0101 ir da\u017e\u0101du specifik\u0101ciju pusautom\u0101tiskas t\u012br\u012b\u0161anas un mont\u0101\u017eas sist\u0113mas ar projekt\u0113to gada ra\u017eo\u0161anas jaudu 200\u00a0000 vien\u012bbu. T\u0101 ir apr\u012bkota ar slavenu z\u012bmolu CNC apstr\u0101des iek\u0101rt\u0101m, apstr\u0101des centriem, speci\u0101lu apr\u012bkojumu augstas precizit\u0101tes cilindru apstr\u0101dei, robotiz\u0113t\u0101m metin\u0101\u0161anas iek\u0101rt\u0101m, autom\u0101tisk\u0101m t\u012br\u012b\u0161anas iek\u0101rt\u0101m, autom\u0101tisk\u0101m cilindru mont\u0101\u017eas iek\u0101rt\u0101m un autom\u0101tisk\u0101m kr\u0101so\u0161anas ra\u017eo\u0161anas l\u012bnij\u0101m. Mums darbojas vair\u0101k nek\u0101 300 galveno iek\u0101rtu komplekti. Optimiz\u0113ta iek\u0101rtu resursu sadale un efekt\u012bva izmanto\u0161ana nodro\u0161ina produktu precizit\u0101tes pras\u012bbas un atbilst\u012bbu augstaj\u0101m produktu kvalit\u0101tes pras\u012bb\u0101m.<\/p>\n<p>Apstr\u0101des cehs ir apr\u012bkots ar p\u0113c pas\u016bt\u012bjuma izgatavotiem sl\u012bpuma vadot\u0146u slie\u017eu virpo\u0161anas centriem, apstr\u0101des centriem, \u0101trgaitas asin\u0101\u0161anas ma\u0161\u012bn\u0101m, metin\u0101\u0161anas robotiem un citu atbilsto\u0161u apr\u012bkojumu, kas var apstr\u0101d\u0101t cilindriskas caurules ar maksim\u0101lo iek\u0161\u0113jo diametru 400 mm un maksim\u0101lo garumu 6 metri.<\/p>\n<h2><img loading=\"lazy\" decoding=\"async\" class=\"alignnone size-full wp-image-16973\" src=\"https:\/\/www.hydraulic-cylinders.net\/wp-content\/uploads\/2025\/01\/hydraulic-cylinder-factory-2-scaled.webp\" alt=\"\" width=\"2011\" height=\"2560\" srcset=\"https:\/\/www.hydraulic-cylinders.net\/wp-content\/uploads\/2025\/01\/hydraulic-cylinder-factory-2-scaled.webp 2011w, https:\/\/www.hydraulic-cylinders.net\/wp-content\/uploads\/2025\/01\/hydraulic-cylinder-factory-2-1280x1629.webp 1280w, https:\/\/www.hydraulic-cylinders.net\/wp-content\/uploads\/2025\/01\/hydraulic-cylinder-factory-2-980x1248.webp 980w, https:\/\/www.hydraulic-cylinders.net\/wp-content\/uploads\/2025\/01\/hydraulic-cylinder-factory-2-480x611.webp 480w\" sizes=\"(min-width: 0px) and (max-width: 480px) 480px, (min-width: 481px) and (max-width: 980px) 980px, (min-width: 981px) and (max-width: 1280px) 1280px, (min-width: 1281px) 2011px, 100vw\" \/><\/h2>\n<p>Mums ir piln\u012bb\u0101 autom\u0101tiska \u016bdens b\u0101zes kr\u0101so\u0161anas l\u012bnija maziem un vid\u0113jiem cilindriem, kas realiz\u0113 autom\u0101tiskus iekrau\u0161anas un izkrau\u0161anas, k\u0101 ar\u012b autom\u0101tiskos izsmidzin\u0101\u0161anas robotus ar projekt\u0113to ra\u017eo\u0161anas jaudu 4000 vietas mai\u0146\u0101. Mums ir v\u0113l viena pusautom\u0101tiska kr\u0101so\u0161anas l\u012bnija lielizm\u0113ra cilindriem, ko darbina sp\u0113ka \u0137\u0113de, un projekt\u0113t\u0101 jauda ir 60 kastes mai\u0146\u0101.<\/p>\n<p>Lai v\u0113l vair\u0101k uzlabotu produktu veiktsp\u0113ju un nostiprin\u0101tu m\u016bsu hidraulisko cilindru vado\u0161o poz\u012bciju nozar\u0113, m\u016bsu uz\u0146\u0113mums un zjimee kop\u012bgi izveidoja visaptvero\u0161u hidraulisko cilindru, hidraulisko v\u0101rstu un hidraulisko s\u016bk\u0146u veiktsp\u0113jas laboratoriju; laboratorij\u0101 tiek veikta datoriz\u0113ta test\u0113\u0161ana, izmantojot elektrohidraulisko tehnolo\u0123iju, testa apst\u0101k\u013cus iepriek\u0161 iestata dators, kas uzlabo testa precizit\u0101ti un sist\u0113mas daudzpus\u012bbu, k\u0101 ar\u012b eksperiment\u0101los datus.<\/p>\n<p>Autom\u0101tisk\u0101 datu v\u0101k\u0161ana tiek realiz\u0113ta, izmantojot sensorus, un izejas dati, piem\u0113ram, cilindra vai v\u0101rsta iek\u0161\u0113j\u0101 nopl\u016bde un slodzes efektivit\u0101te, tiek tie\u0161i apstr\u0101d\u0101ti dator\u0101 un konvert\u0113ti standarta m\u0113rvien\u012bb\u0101s (ml\/min\u00b3TP\u00b3T). Vienlaikus, lai nodro\u0161in\u0101tu hidraulisk\u0101s sist\u0113mas darba dro\u0161\u012bbu, tiek veikta st\u0101vok\u013ca uzraudz\u012bbas funkcija galvenajiem veiktsp\u0113jas parametriem, piem\u0113ram, \"e\u013c\u013cas temperat\u016bras uzraudz\u012bbai, \u0161\u0137idruma l\u012bme\u0146a uzraudz\u012bbai, filtra ier\u012bces uzraudz\u012bbai\" utt. Hidraulisk\u0101 cilindra testa stends var p\u0101rbaud\u012bt \"slodzes\" veiktsp\u0113ju.<br \/>\nefektivit\u0101te \"un\" iek\u0161\u0113j\u0101 nopl\u016bde\" p\u0113c nolas\u012bjumiem. Vienlaikus tas ir apr\u012bkots ar re\u017e\u0123a line\u0101la m\u0113rinstrumentu, kas atbilst visu hidraulisko cilindru izstr\u0101d\u0101jumu testa vien\u012bbu pras\u012bb\u0101m saska\u0146\u0101 ar valsts standartu.<\/p>","protected":false},"excerpt":{"rendered":"<p>HCYY11112000 Forklift Lifting Cylinder The HCYY11112000 Forklift Lifting Cylinder is a crucial component for forklift operations, facilitating the efficient lifting and lowering of heavy loads. Engineered for durability and high performance, this hydraulic cylinder significantly boosts productivity across various industrial environments. As an essential asset for any forklift operation, the HCYY11112000 features a robust design [&hellip;]<\/p>","protected":false},"featured_media":16974,"comment_status":"open","ping_status":"closed","template":"","meta":{"_et_pb_use_builder":"","_et_pb_old_content":"","_et_gb_content_width":""},"product_brand":[],"product_cat":[1484,1549],"product_tag":[],"class_list":{"0":"post-16960","1":"product","2":"type-product","3":"status-publish","4":"has-post-thumbnail","6":"product_cat-forklift-hydraulic-cylinders","7":"product_cat-single-acting-hydraulic-cylinder","9":"first","10":"instock","11":"shipping-taxable","12":"product-type-simple"},"amp_enabled":true,"_links":{"self":[{"href":"https:\/\/www.hydraulic-cylinders.net\/lv\/wp-json\/wp\/v2\/product\/16960","targetHints":{"allow":["GET"]}}],"collection":[{"href":"https:\/\/www.hydraulic-cylinders.net\/lv\/wp-json\/wp\/v2\/product"}],"about":[{"href":"https:\/\/www.hydraulic-cylinders.net\/lv\/wp-json\/wp\/v2\/types\/product"}],"replies":[{"embeddable":true,"href":"https:\/\/www.hydraulic-cylinders.net\/lv\/wp-json\/wp\/v2\/comments?post=16960"}],"wp:featuredmedia":[{"embeddable":true,"href":"https:\/\/www.hydraulic-cylinders.net\/lv\/wp-json\/wp\/v2\/media\/16974"}],"wp:attachment":[{"href":"https:\/\/www.hydraulic-cylinders.net\/lv\/wp-json\/wp\/v2\/media?parent=16960"}],"wp:term":[{"taxonomy":"product_brand","embeddable":true,"href":"https:\/\/www.hydraulic-cylinders.net\/lv\/wp-json\/wp\/v2\/product_brand?post=16960"},{"taxonomy":"product_cat","embeddable":true,"href":"https:\/\/www.hydraulic-cylinders.net\/lv\/wp-json\/wp\/v2\/product_cat?post=16960"},{"taxonomy":"product_tag","embeddable":true,"href":"https:\/\/www.hydraulic-cylinders.net\/lv\/wp-json\/wp\/v2\/product_tag?post=16960"}],"curies":[{"name":"wp","href":"https:\/\/api.w.org\/{rel}","templated":true}]}}