{"id":16975,"date":"2025-01-21T08:40:18","date_gmt":"2025-01-21T08:40:18","guid":{"rendered":"https:\/\/www.hydraulic-cylinders.net\/?post_type=product&#038;p=16975"},"modified":"2025-04-11T03:15:42","modified_gmt":"2025-04-11T03:15:42","slug":"hcyy11112001-forklift-tilt-cylinder","status":"publish","type":"product","link":"https:\/\/www.hydraulic-cylinders.net\/lv\/products\/hcyy11112001-forklift-tilt-cylinder\/","title":{"rendered":"HCYY11112001 Iekr\u0101v\u0113ja sl\u012bpuma cilindrs"},"content":{"rendered":"<h1 style=\"text-align: center;\"><strong>HCYY11112001 Iekr\u0101v\u0113ja sl\u012bpuma cilindrs<\/strong><\/h1>\n<h1 style=\"text-align: center;\"><strong><img loading=\"lazy\" decoding=\"async\" class=\"alignnone size-full wp-image-16977\" src=\"https:\/\/www.hydraulic-cylinders.net\/wp-content\/uploads\/2025\/01\/hcyy11112001-forklift-lifting-cylinder-2.webp\" alt=\"\" width=\"1500\" height=\"517\" srcset=\"https:\/\/www.hydraulic-cylinders.net\/wp-content\/uploads\/2025\/01\/hcyy11112001-forklift-lifting-cylinder-2.webp 1500w, https:\/\/www.hydraulic-cylinders.net\/wp-content\/uploads\/2025\/01\/hcyy11112001-forklift-lifting-cylinder-2-1280x441.webp 1280w, https:\/\/www.hydraulic-cylinders.net\/wp-content\/uploads\/2025\/01\/hcyy11112001-forklift-lifting-cylinder-2-980x338.webp 980w, https:\/\/www.hydraulic-cylinders.net\/wp-content\/uploads\/2025\/01\/hcyy11112001-forklift-lifting-cylinder-2-480x165.webp 480w\" sizes=\"(min-width: 0px) and (max-width: 480px) 480px, (min-width: 481px) and (max-width: 980px) 980px, (min-width: 981px) and (max-width: 1280px) 1280px, (min-width: 1281px) 1500px, 100vw\" \/><\/strong><\/h1>\n<p>HCYY11112001 iekr\u0101v\u0113ja noliek\u0161anas cilindrs ir b\u016btiska jebkura iekr\u0101v\u0113ja sp\u0113ka iek\u0101rta, kas iev\u0113rojami palielina darb\u012bbas efektivit\u0101ti. \u0160is augstas veiktsp\u0113jas noliek\u0161anas cilindrs nodro\u0161ina vienm\u0113r\u012bgu un prec\u012bzu dak\u0161u sviru noliek\u0161anu, \u013caujot operatoriem bez piep\u016bles un prec\u012bzi manevr\u0113t kravas. Neatkar\u012bgi no t\u0101, vai atrodaties ros\u012bg\u0101 noliktav\u0101, b\u016bvlaukum\u0101 vai p\u0101rvald\u0101t izplat\u012b\u0161anas centru, \u0161is noliek\u0161anas cilindrs ir galvenais faktors neman\u0101m\u0101m cel\u0161anas un krau\u0161anas darb\u012bb\u0101m.<\/p>\n<p>HCYY11112001 iekr\u0101v\u0113ja noliek\u0161anas cilindrs, kas izstr\u0101d\u0101ts, dom\u0101jot par iztur\u012bbu, izce\u013cas ar iespaid\u012bgo kravnes\u012bbu un uzticamo veiktsp\u0113ju. T\u0101 nav tikai sast\u0101vda\u013ca; t\u0101 maina sp\u0113les noteikumus produktivit\u0101tei da\u017e\u0101dos pielietojumos. Iev\u0113rojot pareizas lieto\u0161anas metodes un apkopes praksi, j\u016bs varat uztur\u0113t \u0161o noliek\u0161anas cilindru vislab\u0101kaj\u0101 darb\u012bb\u0101, uzlabojot gan dro\u0161\u012bbu, gan efektivit\u0101ti j\u016bsu iekr\u0101v\u0113ja darb\u012bb\u0101.<\/p>\n<p>Invest\u012bcijas augst\u0101k\u0101s klases komponentos, piem\u0113ram, HCYY11112001, ne tikai uzlabo j\u016bsu iekr\u0101v\u0113ja veiktsp\u0113ju, bet ar\u012b pagarina t\u0101 kalpo\u0161anas laiku. Izbaudiet at\u0161\u0137ir\u012bbu, ko rada kvalit\u0101te, un nodro\u0161iniet savu darb\u012bbu nevainojamu norisi ar \u0161o neaizst\u0101jamo sasv\u0113r\u0161anas cilindru pie st\u016bres!<\/p>\n<h2><strong> HCYY11112001 Iekr\u0101v\u0113ja sl\u012bpuma cilindra parametrs:<\/strong><\/h2>\n<h1 style=\"text-align: center;\"><strong><img loading=\"lazy\" decoding=\"async\" class=\"alignnone size-full wp-image-16976\" src=\"https:\/\/www.hydraulic-cylinders.net\/wp-content\/uploads\/2025\/01\/hcyy11112001-forklift-lifting-cylinder-1.webp\" alt=\"\" width=\"1512\" height=\"145\" srcset=\"https:\/\/www.hydraulic-cylinders.net\/wp-content\/uploads\/2025\/01\/hcyy11112001-forklift-lifting-cylinder-1.webp 1512w, https:\/\/www.hydraulic-cylinders.net\/wp-content\/uploads\/2025\/01\/hcyy11112001-forklift-lifting-cylinder-1-1280x123.webp 1280w, https:\/\/www.hydraulic-cylinders.net\/wp-content\/uploads\/2025\/01\/hcyy11112001-forklift-lifting-cylinder-1-980x94.webp 980w, https:\/\/www.hydraulic-cylinders.net\/wp-content\/uploads\/2025\/01\/hcyy11112001-forklift-lifting-cylinder-1-480x46.webp 480w\" sizes=\"(min-width: 0px) and (max-width: 480px) 480px, (min-width: 481px) and (max-width: 980px) 980px, (min-width: 981px) and (max-width: 1280px) 1280px, (min-width: 1281px) 1512px, 100vw\" \/><\/strong><\/h1>\n<h1 style=\"text-align: center;\"><strong><img loading=\"lazy\" decoding=\"async\" class=\"alignnone size-full wp-image-16978\" src=\"https:\/\/www.hydraulic-cylinders.net\/wp-content\/uploads\/2025\/01\/hcyy11112001-forklift-lifting-cylinder-3.webp\" alt=\"\" width=\"1480\" height=\"709\" srcset=\"https:\/\/www.hydraulic-cylinders.net\/wp-content\/uploads\/2025\/01\/hcyy11112001-forklift-lifting-cylinder-3.webp 1480w, https:\/\/www.hydraulic-cylinders.net\/wp-content\/uploads\/2025\/01\/hcyy11112001-forklift-lifting-cylinder-3-1280x613.webp 1280w, https:\/\/www.hydraulic-cylinders.net\/wp-content\/uploads\/2025\/01\/hcyy11112001-forklift-lifting-cylinder-3-980x469.webp 980w, https:\/\/www.hydraulic-cylinders.net\/wp-content\/uploads\/2025\/01\/hcyy11112001-forklift-lifting-cylinder-3-480x230.webp 480w\" sizes=\"(min-width: 0px) and (max-width: 480px) 480px, (min-width: 481px) and (max-width: 980px) 980px, (min-width: 981px) and (max-width: 1280px) 1280px, (min-width: 1281px) 1480px, 100vw\" \/> <img loading=\"lazy\" decoding=\"async\" class=\"alignnone size-full wp-image-16979\" src=\"https:\/\/www.hydraulic-cylinders.net\/wp-content\/uploads\/2025\/01\/hcyy11112001-forklift-lifting-cylinder-4.webp\" alt=\"\" width=\"1480\" height=\"711\" srcset=\"https:\/\/www.hydraulic-cylinders.net\/wp-content\/uploads\/2025\/01\/hcyy11112001-forklift-lifting-cylinder-4.webp 1480w, https:\/\/www.hydraulic-cylinders.net\/wp-content\/uploads\/2025\/01\/hcyy11112001-forklift-lifting-cylinder-4-1280x615.webp 1280w, https:\/\/www.hydraulic-cylinders.net\/wp-content\/uploads\/2025\/01\/hcyy11112001-forklift-lifting-cylinder-4-980x471.webp 980w, https:\/\/www.hydraulic-cylinders.net\/wp-content\/uploads\/2025\/01\/hcyy11112001-forklift-lifting-cylinder-4-480x231.webp 480w\" sizes=\"(min-width: 0px) and (max-width: 480px) 480px, (min-width: 481px) and (max-width: 980px) 980px, (min-width: 981px) and (max-width: 1280px) 1280px, (min-width: 1281px) 1480px, 100vw\" \/> <img loading=\"lazy\" decoding=\"async\" class=\"alignnone size-full wp-image-16980\" src=\"https:\/\/www.hydraulic-cylinders.net\/wp-content\/uploads\/2025\/01\/hcyy11112001-forklift-lifting-cylinder-5.webp\" alt=\"\" width=\"1496\" height=\"772\" srcset=\"https:\/\/www.hydraulic-cylinders.net\/wp-content\/uploads\/2025\/01\/hcyy11112001-forklift-lifting-cylinder-5.webp 1496w, https:\/\/www.hydraulic-cylinders.net\/wp-content\/uploads\/2025\/01\/hcyy11112001-forklift-lifting-cylinder-5-1280x661.webp 1280w, https:\/\/www.hydraulic-cylinders.net\/wp-content\/uploads\/2025\/01\/hcyy11112001-forklift-lifting-cylinder-5-980x506.webp 980w, https:\/\/www.hydraulic-cylinders.net\/wp-content\/uploads\/2025\/01\/hcyy11112001-forklift-lifting-cylinder-5-480x248.webp 480w\" sizes=\"(min-width: 0px) and (max-width: 480px) 480px, (min-width: 481px) and (max-width: 980px) 980px, (min-width: 981px) and (max-width: 1280px) 1280px, (min-width: 1281px) 1496px, 100vw\" \/><\/strong><\/h1>\n<h2><\/h2>\n<h2><strong>Iekr\u0101v\u0113ja cilindru s\u0113rija:\u00a0<\/strong><\/h2>\n<h2><img loading=\"lazy\" decoding=\"async\" class=\"alignnone size-full wp-image-16971\" src=\"https:\/\/www.hydraulic-cylinders.net\/wp-content\/uploads\/2025\/01\/fork-lift-cylinder.webp\" alt=\"\" width=\"2004\" height=\"2529\" srcset=\"https:\/\/www.hydraulic-cylinders.net\/wp-content\/uploads\/2025\/01\/fork-lift-cylinder.webp 2004w, https:\/\/www.hydraulic-cylinders.net\/wp-content\/uploads\/2025\/01\/fork-lift-cylinder-1280x1615.webp 1280w, https:\/\/www.hydraulic-cylinders.net\/wp-content\/uploads\/2025\/01\/fork-lift-cylinder-980x1237.webp 980w, https:\/\/www.hydraulic-cylinders.net\/wp-content\/uploads\/2025\/01\/fork-lift-cylinder-480x606.webp 480w\" sizes=\"(min-width: 0px) and (max-width: 480px) 480px, (min-width: 481px) and (max-width: 980px) 980px, (min-width: 981px) and (max-width: 1280px) 1280px, (min-width: 1281px) 2004px, 100vw\" \/><\/h2>\n<h1><strong>HCYY11112001 iekr\u0101v\u0113ja sl\u012bpuma cilindra galven\u0101s iez\u012bmes:<\/strong><\/h1>\n<h4><strong>1. Iztur\u012bga konstrukcija<\/strong><\/h4>\n<p>Izgatavots no augst\u0101k\u0101s kvalit\u0101tes materi\u0101liem, HCYY11112001 iekr\u0101v\u0113ja nolieces cilindrs ir paredz\u0113ts, lai iztur\u0113tu intens\u012bvas lieto\u0161anas un sare\u017e\u0123\u012btu vides apst\u0101k\u013cu rad\u012bt\u0101s gr\u016bt\u012bbas. \u0160\u012b iztur\u012bg\u0101 konstrukcija nodro\u0161ina, ka cilindrs var iztur\u0113t triecienus, vibr\u0101cijas un ekstrem\u0101lus apst\u0101k\u013cus, padarot to par uzticamu izv\u0113li jebkurai ekspluat\u0101cijas videi.<\/p>\n<h4><strong>2. Augsta kravnes\u012bba<\/strong><\/h4>\n<p>\u0160is sasv\u0113r\u0161anas cilindrs ir konstru\u0113ts ar iespaid\u012bgu nestsp\u0113ju un nodro\u0161ina maksim\u0101lu stabilit\u0101ti un dro\u0161\u012bbu cel\u0161anas oper\u0101ciju laik\u0101. T\u0101 sp\u0113ja apstr\u0101d\u0101t iev\u0113rojamas slodzes noz\u012bm\u0113, ka varat pa\u013cauties uz t\u0101 uzticamu darb\u012bbu, neatkar\u012bgi no t\u0101, vai tas ir pale\u0161u sakrau\u0161ana noliktav\u0101 vai materi\u0101lu cel\u0161ana b\u016bvlaukum\u0101.<\/p>\n<h4><strong>3. Vienm\u0113r\u012bga darb\u012bba<\/strong><\/h4>\n<p>HCYY11112001 ir apr\u012bkots ar uzlabotu hidraulisko konstrukciju, kas nodro\u0161ina vienm\u0113r\u012bgu noliek\u0161anu. \u0160\u012b vienm\u0113r\u012bg\u0101 darb\u012bba uzlabo precizit\u0101ti kravas izvieto\u0161an\u0101 un veicina kop\u0113j\u0101s produktivit\u0101tes pieaugumu. Operatori var bez piep\u016bles piel\u0101got noliek\u0161anas le\u0146\u0137i, \u013caujot efekt\u012bv\u0101k apstr\u0101d\u0101t da\u017e\u0101dus materi\u0101lus.<\/p>\n<h4><strong>4. Iztur\u012bba pret koroziju<\/strong><\/h4>\n<p>Pateicoties \u012bpa\u0161i apstr\u0101d\u0101taj\u0101m virsm\u0101m, HCYY11112001 ir izstr\u0101d\u0101ts t\u0101, lai iztur\u0113tu pret r\u016bsu un boj\u0101jumiem. \u0160\u012b iztur\u012bba pret koroziju iev\u0113rojami pagarina cilindra kalpo\u0161anas laiku, nodro\u0161inot optim\u0101lu veiktsp\u0113ju pat mitr\u0101 vai \u0137\u012bmiski agres\u012bv\u0101 vid\u0113. J\u016bs varat pa\u013cauties uz \u0161o komponentu, kas darbosies uzticami v\u0113l gadiem ilgi.<\/p>\n<h4><strong>5. Vienk\u0101r\u0161a uzst\u0101d\u012b\u0161ana<\/strong><\/h4>\n<p>HCYY11112001 ir izstr\u0101d\u0101ts vienk\u0101r\u0161ai uzst\u0101d\u012b\u0161anai, lai samazin\u0101tu d\u012bkst\u0101ves laiku un apkopes izmaksas. Intuit\u012bvais dizains nodro\u0161ina \u0101tru uzst\u0101d\u012b\u0161anu, lai j\u016bs var\u0113tu atkal s\u0101kt darbu ar iekr\u0101v\u0113ju bez liekas kav\u0113\u0161an\u0101s. \u0160\u012b vienk\u0101r\u0161\u0101 uzst\u0101d\u012b\u0161ana noz\u012bm\u0113 maz\u0101k probl\u0113mu un liel\u0101ku produktivit\u0101ti j\u016bsu darb\u012bb\u0101.<\/p>\n<h4><strong>6. Daudzpus\u012bga sader\u012bba<\/strong><\/h4>\n<p>HCYY11112001 ir izstr\u0101d\u0101ts t\u0101, lai b\u016btu sader\u012bgs ar pla\u0161u iekr\u0101v\u0113ju mode\u013cu kl\u0101stu, padarot to par daudzpus\u012bgu izv\u0113li da\u017e\u0101diem pielietojumiem. \u0160\u012b piel\u0101gojam\u012bba \u013cauj uz\u0146\u0113mumiem uzlabot eso\u0161o apr\u012bkojumu, neuztraucoties par sader\u012bbas probl\u0113m\u0101m, nodro\u0161inot neman\u0101mu integr\u0101ciju j\u016bsu autopark\u0101.<\/p>\n<h4><strong>7. Uzlabotas dro\u0161\u012bbas funkcijas<\/strong><\/h4>\n<p>\u0160is noliecamais cilindrs, kas apr\u012bkots ar ieb\u016bv\u0113tiem dro\u0161\u012bbas meh\u0101nismiem, nodro\u0161ina sirdsmieru darb\u012bbas laik\u0101. T\u0101 konstrukcija nov\u0113r\u0161 negaid\u012btas kust\u012bbas, samazinot negad\u012bjumu risku un nodro\u0161inot kravu dro\u0161\u012bbu. Dro\u0161\u012bbas priorit\u0101te pal\u012bdz rad\u012bt uzticam\u0101ku darba vidi.<\/p>\n<p>Izv\u0113loties HCYY11112001 iekr\u0101v\u0113ja noliek\u0161anas cilindru, j\u016bs g\u016bstat labumu no produkta, kas apvieno iztur\u012bbu, efektivit\u0101ti un dro\u0161\u012bbu, nodro\u0161inot, ka j\u016bsu iekr\u0101v\u0113ja darb\u012bba norit nevainojami un efekt\u012bvi.<\/p>\n<h2><strong>K\u0101 iekr\u0101v\u0113ja noliek\u0161anas cilindrs uzlabo kravas apstr\u0101di un darb\u012bbas efektivit\u0101ti?<\/strong><\/h2>\n<p>Iekr\u0101v\u0113ja noliek\u0161anas cilindrs p\u0101rveido kravu apstr\u0101di un palielina darb\u012bbas efektivit\u0101ti. L\u016bk, k\u0101 tas tiek pan\u0101kts:<\/p>\n<h4>1. <strong>Prec\u012bzijas kontrole<\/strong><\/h4>\n<p>Sasv\u0113r\u0161anas cilindrs \u013cauj operatoriem prec\u012bzi piel\u0101got dak\u0161u le\u0146\u0137i, nodro\u0161inot prec\u012bzu kravu pozicion\u0113\u0161anu. \u0160\u012b precizit\u0101te ir b\u016btiska, lai nov\u0113rstu nokri\u0161anu vai nepareizu novietojumu, \u012bpa\u0161i str\u0101d\u0101jot ar smagiem vai trausliem priek\u0161metiem. Iedom\u0101jieties, ka krava tiek novietota tie\u0161i tur, kur tai j\u0101non\u0101k \u2014 \u0161\u012b vad\u012bba uzlabo dro\u0161\u012bbu un samazina d\u0101rgu boj\u0101jumu risku.<\/p>\n<h4>2. <strong>Uzlabota stabilit\u0101te<\/strong><\/h4>\n<p>Cilindrs pal\u012bdz uztur\u0113t zem\u0101ku kravas smaguma centru, \u013caujot operatoriem noliekt dak\u0161as. \u0160\u012b paaugstin\u0101t\u0101 stabilit\u0101te ir \u013coti svar\u012bga cel\u0161anas un transport\u0113\u0161anas laik\u0101, \u012bpa\u0161i noslogot\u0101 vid\u0113 vai uz nel\u012bdzen\u0101m virsm\u0101m. Pateicoties lab\u0101kai stabilit\u0101tei, apg\u0101\u0161an\u0101s vai \u0161\u016bpo\u0161an\u0101s iesp\u0113jam\u012bba ir iev\u0113rojami samazin\u0101ta, sniedzot operatoriem p\u0101rliec\u012bbu par katru manevru.<\/p>\n<h4>3. <strong>Efekt\u012bva krau\u0161ana<\/strong><\/h4>\n<p>Iesp\u0113ja noliekt dak\u0161as atvieglo pale\u0161u un materi\u0101lu efekt\u012bv\u0101ku sakrau\u0161anu. \u0160\u012b iesp\u0113ja ir \u012bpa\u0161i noder\u012bga, lai maksim\u0101li palielin\u0101tu vertik\u0101lo uzglab\u0101\u0161anas vietu noliktav\u0101s vai izplat\u012b\u0161anas centros. Operatori var viegli p\u0101rvietot kravas \u0161aur\u0101s viet\u0101s, maksim\u0101li izmantojot katru pieejamo telpas centimetru un uzlabojot kop\u0113jo noliktavas organiz\u0101ciju.<\/p>\n<h4>4. <strong>Samazin\u0101ta operatora slodze<\/strong><\/h4>\n<p>Labi izstr\u0101d\u0101ts sl\u012bpuma cilindrs samazina operatora fizisko piep\u016bli, nodro\u0161inot optim\u0101lu kravu pozicion\u0113\u0161anu ar minim\u0101lu manu\u0101lu iejauk\u0161anos. \u0160\u012b ergonomisk\u0101 priek\u0161roc\u012bba ne tikai samazina operatora nogurumu, bet ar\u012b iev\u0113rojami samazina traumu risku darba viet\u0101. Uzlabojot komfortu, tas \u013cauj operatoriem koncentr\u0113ties uz veicamo uzdevumu, t\u0101d\u0113j\u0101di palielinot produktivit\u0101ti.<\/p>\n<h4>5. <strong>Pa\u0101trin\u0101tas darb\u012bbas<\/strong><\/h4>\n<p>Pateicoties vienm\u0113r\u012bgajai un \u0101trajai regul\u0113\u0161anai, ko nodro\u0161ina sl\u012bpuma cilindri, iekrau\u0161anas un izkrau\u0161anas procesi k\u013c\u016bst iev\u0113rojami \u0101tr\u0101ki. \u0160\u012b efektivit\u0101te noz\u012bm\u0113 \u012bs\u0101kus apgroz\u012bjuma laikus, kas ir \u013coti svar\u012bgi vid\u0113 ar lielu piepras\u012bjumu. Iedom\u0101jieties, cik daudz vair\u0101k var\u0113tu paveikt mai\u0146\u0101, kad katra sekunde ir tik svar\u012bga!<\/p>\n<h4>6. <strong>Daudzpus\u012bba lieto\u0161an\u0101<\/strong><\/h4>\n<p>Noliecamie cilindri \u013cauj iekr\u0101v\u0113jiem apstr\u0101d\u0101t pla\u0161u kravu kl\u0101stu, tostarp t\u0101s, kur\u0101m ir unik\u0101la forma vai izm\u0113rs. \u0160\u012b daudzpus\u012bba nov\u0113r\u0161 nepiecie\u0161am\u012bbu p\u0113c specializ\u0113ta apr\u012bkojuma da\u017e\u0101diem uzdevumiem, \u013caujot uz\u0146\u0113mumiem \u0101tri piel\u0101goties main\u012bgaj\u0101m pras\u012bb\u0101m. Neatkar\u012bgi no t\u0101, vai tiek celtas paletes, konteineri vai neparastas formas materi\u0101li, noliecamais cilindrs nodro\u0161ina nevainojamu darb\u012bbu.<\/p>\n<h4>7. <strong>Uzlabotas dro\u0161\u012bbas funkcijas<\/strong><\/h4>\n<p>Daudzi m\u016bsdien\u012bgi pacel\u0161anas cilindri ir apr\u012bkoti ar ieb\u016bv\u0113tiem dro\u0161\u012bbas meh\u0101nismiem, kas nov\u0113r\u0161 negaid\u012btas kust\u012bbas. \u0160is papildu dro\u0161\u012bbas l\u012bmenis sniedz operatoriem sirdsmieru, zinot, ka kravas transport\u0113\u0161anas laik\u0101 paliek dro\u0161as. Dro\u0161\u0101ka darba vide uzlabo komandas kop\u0113jo mor\u0101li un palielina darb\u012bbas efektivit\u0101ti.<\/p>\n<p>Rezum\u0113jot, iekr\u0101v\u0113ja noliek\u0161anas cilindrs nav tikai sast\u0101vda\u013ca; tas maina sp\u0113les noteikumus materi\u0101lu apstr\u0101des oper\u0101cij\u0101s. Uzlabojot precizit\u0101ti, stabilit\u0101ti un daudzpus\u012bbu, tas dod operatoriem iesp\u0113ju veikt savus uzdevumus efekt\u012bv\u0101k un dro\u0161\u0101k. Invest\u012bcijas augstas kvalit\u0101tes noliek\u0161anas cilindros, piem\u0113ram, HCYY11112001, var iev\u0113rojami uzlabot produktivit\u0101ti un darba vietas dro\u0161\u012bbu, padarot tos par nenov\u0113rt\u0113jamu akt\u012bvu jebkur\u0101 darb\u012bb\u0101.<\/p>\n<h2><strong>Iekr\u0101v\u0113ja cilindru ra\u017eo\u0161anas zona:<\/strong><\/h2>\n<h2><img loading=\"lazy\" decoding=\"async\" class=\"alignnone size-full wp-image-16972\" src=\"https:\/\/www.hydraulic-cylinders.net\/wp-content\/uploads\/2025\/01\/hydraulic-cylinder-factory-1-scaled.webp\" alt=\"\" width=\"2016\" height=\"2560\" srcset=\"https:\/\/www.hydraulic-cylinders.net\/wp-content\/uploads\/2025\/01\/hydraulic-cylinder-factory-1-scaled.webp 2016w, https:\/\/www.hydraulic-cylinders.net\/wp-content\/uploads\/2025\/01\/hydraulic-cylinder-factory-1-1280x1625.webp 1280w, https:\/\/www.hydraulic-cylinders.net\/wp-content\/uploads\/2025\/01\/hydraulic-cylinder-factory-1-980x1244.webp 980w, https:\/\/www.hydraulic-cylinders.net\/wp-content\/uploads\/2025\/01\/hydraulic-cylinder-factory-1-480x610.webp 480w\" sizes=\"(min-width: 0px) and (max-width: 480px) 480px, (min-width: 481px) and (max-width: 980px) 980px, (min-width: 981px) and (max-width: 1280px) 1280px, (min-width: 1281px) 2016px, 100vw\" \/><\/h2>\n<p>Mums ir pirmklas\u012bga neatkar\u012bga p\u0113tniec\u012bbas un att\u012bst\u012bbas platforma mont\u0101\u017eai. Iekr\u0101v\u0113ju cilindru ra\u017eo\u0161anas ceh\u0101 ir \u010detras pusautom\u0101tiskas pacel\u0161anas cilindru mont\u0101\u017eas l\u012bnijas un piln\u012bb\u0101 autom\u0101tiska noliecamo cilindru mont\u0101\u017eas l\u012bnija ar projekt\u0113to gada ra\u017eo\u0161anas jaudu miljons vien\u012bbu. Speci\u0101laj\u0101 cilindru ceh\u0101 ir da\u017e\u0101du specifik\u0101ciju pusautom\u0101tiskas t\u012br\u012b\u0161anas un mont\u0101\u017eas sist\u0113mas ar projekt\u0113to gada ra\u017eo\u0161anas jaudu 200\u00a0000 vien\u012bbu. T\u0101 ir apr\u012bkota ar slavenu z\u012bmolu CNC apstr\u0101des iek\u0101rt\u0101m, apstr\u0101des centriem, speci\u0101lu apr\u012bkojumu augstas precizit\u0101tes cilindru apstr\u0101dei, robotiz\u0113t\u0101m metin\u0101\u0161anas iek\u0101rt\u0101m, autom\u0101tisk\u0101m t\u012br\u012b\u0161anas iek\u0101rt\u0101m, autom\u0101tisk\u0101m cilindru mont\u0101\u017eas iek\u0101rt\u0101m un autom\u0101tisk\u0101m kr\u0101so\u0161anas ra\u017eo\u0161anas l\u012bnij\u0101m. Mums darbojas vair\u0101k nek\u0101 300 galveno iek\u0101rtu komplekti. Optimiz\u0113ta iek\u0101rtu resursu sadale un efekt\u012bva izmanto\u0161ana nodro\u0161ina produktu precizit\u0101tes pras\u012bbas un atbilst\u012bbu augstaj\u0101m produktu kvalit\u0101tes pras\u012bb\u0101m.<\/p>\n<p>Apstr\u0101des cehs ir apr\u012bkots ar p\u0113c pas\u016bt\u012bjuma izgatavotiem sl\u012bpuma vadot\u0146u slie\u017eu virpo\u0161anas centriem, apstr\u0101des centriem, \u0101trgaitas asin\u0101\u0161anas ma\u0161\u012bn\u0101m, metin\u0101\u0161anas robotiem un citu atbilsto\u0161u apr\u012bkojumu, kas var apstr\u0101d\u0101t cilindriskas caurules ar maksim\u0101lo iek\u0161\u0113jo diametru 400 mm un maksim\u0101lo garumu 6 metri.<\/p>\n<h2><img loading=\"lazy\" decoding=\"async\" class=\"alignnone size-full wp-image-16973\" src=\"https:\/\/www.hydraulic-cylinders.net\/wp-content\/uploads\/2025\/01\/hydraulic-cylinder-factory-2-scaled.webp\" alt=\"\" width=\"2011\" height=\"2560\" srcset=\"https:\/\/www.hydraulic-cylinders.net\/wp-content\/uploads\/2025\/01\/hydraulic-cylinder-factory-2-scaled.webp 2011w, https:\/\/www.hydraulic-cylinders.net\/wp-content\/uploads\/2025\/01\/hydraulic-cylinder-factory-2-1280x1629.webp 1280w, https:\/\/www.hydraulic-cylinders.net\/wp-content\/uploads\/2025\/01\/hydraulic-cylinder-factory-2-980x1248.webp 980w, https:\/\/www.hydraulic-cylinders.net\/wp-content\/uploads\/2025\/01\/hydraulic-cylinder-factory-2-480x611.webp 480w\" sizes=\"(min-width: 0px) and (max-width: 480px) 480px, (min-width: 481px) and (max-width: 980px) 980px, (min-width: 981px) and (max-width: 1280px) 1280px, (min-width: 1281px) 2011px, 100vw\" \/><\/h2>\n<p>Mums ir piln\u012bb\u0101 autom\u0101tiska \u016bdens b\u0101zes kr\u0101so\u0161anas l\u012bnija maziem un vid\u0113jiem cilindriem, kas realiz\u0113 autom\u0101tiskus iekrau\u0161anas un izkrau\u0161anas, k\u0101 ar\u012b autom\u0101tiskos izsmidzin\u0101\u0161anas robotus ar projekt\u0113to ra\u017eo\u0161anas jaudu 4000 vietas mai\u0146\u0101. Mums ir v\u0113l viena pusautom\u0101tiska kr\u0101so\u0161anas l\u012bnija lielizm\u0113ra cilindriem, ko darbina sp\u0113ka \u0137\u0113de, un projekt\u0113t\u0101 jauda ir 60 kastes mai\u0146\u0101.<\/p>\n<p>Lai v\u0113l vair\u0101k uzlabotu produktu veiktsp\u0113ju un nostiprin\u0101tu m\u016bsu hidraulisko cilindru vado\u0161o poz\u012bciju nozar\u0113, m\u016bsu uz\u0146\u0113mums un zjimee kop\u012bgi izveidoja visaptvero\u0161u hidraulisko cilindru, hidraulisko v\u0101rstu un hidraulisko s\u016bk\u0146u veiktsp\u0113jas laboratoriju; laboratorij\u0101 tiek veikta datoriz\u0113ta test\u0113\u0161ana, izmantojot elektrohidraulisko tehnolo\u0123iju, testa apst\u0101k\u013cus iepriek\u0161 iestata dators, kas uzlabo testa precizit\u0101ti un sist\u0113mas daudzpus\u012bbu, k\u0101 ar\u012b eksperiment\u0101los datus.<\/p>\n<p>Autom\u0101tisk\u0101 datu v\u0101k\u0161ana tiek realiz\u0113ta, izmantojot sensorus, un izejas dati, piem\u0113ram, cilindra vai v\u0101rsta iek\u0161\u0113j\u0101 nopl\u016bde un slodzes efektivit\u0101te, tiek tie\u0161i apstr\u0101d\u0101ti dator\u0101 un konvert\u0113ti standarta m\u0113rvien\u012bb\u0101s (ml\/min\u00b3TP\u00b3T). Vienlaikus, lai nodro\u0161in\u0101tu hidraulisk\u0101s sist\u0113mas darba dro\u0161\u012bbu, tiek veikta st\u0101vok\u013ca uzraudz\u012bbas funkcija galvenajiem veiktsp\u0113jas parametriem, piem\u0113ram, \"e\u013c\u013cas temperat\u016bras uzraudz\u012bbai, \u0161\u0137idruma l\u012bme\u0146a uzraudz\u012bbai, filtra ier\u012bces uzraudz\u012bbai\" utt. Hidraulisk\u0101 cilindra testa stends var p\u0101rbaud\u012bt \"slodzes\" veiktsp\u0113ju.<br \/>\nefektivit\u0101te \"un\" iek\u0161\u0113j\u0101 nopl\u016bde\" p\u0113c nolas\u012bjumiem. Vienlaikus tas ir apr\u012bkots ar re\u017e\u0123a line\u0101la m\u0113rinstrumentu, kas atbilst visu hidraulisko cilindru izstr\u0101d\u0101jumu testa vien\u012bbu pras\u012bb\u0101m saska\u0146\u0101 ar valsts standartu.<\/p>","protected":false},"excerpt":{"rendered":"<p>HCYY11112001 Forklift Tilt Cylinder The HCYY11112001 Forklift Tilt Cylinder is an essential powerhouse for any forklift, significantly boosting operational efficiency. This high-performance tilt cylinder ensures smooth and precise tilting of the fork arms, allowing operators to maneuver loads effortlessly and accurately. Whether you&#8217;re in a bustling warehouse, on a construction site, or managing a distribution [&hellip;]<\/p>","protected":false},"featured_media":16981,"comment_status":"open","ping_status":"closed","template":"","meta":{"_et_pb_use_builder":"","_et_pb_old_content":"","_et_gb_content_width":""},"product_brand":[],"product_cat":[1550,1484,1376],"product_tag":[],"class_list":{"0":"post-16975","1":"product","2":"type-product","3":"status-publish","4":"has-post-thumbnail","6":"product_cat-double-acting-hydraulic-cylinder","7":"product_cat-forklift-hydraulic-cylinders","8":"product_cat-hydraulic-cylinder","10":"first","11":"instock","12":"shipping-taxable","13":"product-type-simple"},"amp_enabled":true,"_links":{"self":[{"href":"https:\/\/www.hydraulic-cylinders.net\/lv\/wp-json\/wp\/v2\/product\/16975","targetHints":{"allow":["GET"]}}],"collection":[{"href":"https:\/\/www.hydraulic-cylinders.net\/lv\/wp-json\/wp\/v2\/product"}],"about":[{"href":"https:\/\/www.hydraulic-cylinders.net\/lv\/wp-json\/wp\/v2\/types\/product"}],"replies":[{"embeddable":true,"href":"https:\/\/www.hydraulic-cylinders.net\/lv\/wp-json\/wp\/v2\/comments?post=16975"}],"wp:featuredmedia":[{"embeddable":true,"href":"https:\/\/www.hydraulic-cylinders.net\/lv\/wp-json\/wp\/v2\/media\/16981"}],"wp:attachment":[{"href":"https:\/\/www.hydraulic-cylinders.net\/lv\/wp-json\/wp\/v2\/media?parent=16975"}],"wp:term":[{"taxonomy":"product_brand","embeddable":true,"href":"https:\/\/www.hydraulic-cylinders.net\/lv\/wp-json\/wp\/v2\/product_brand?post=16975"},{"taxonomy":"product_cat","embeddable":true,"href":"https:\/\/www.hydraulic-cylinders.net\/lv\/wp-json\/wp\/v2\/product_cat?post=16975"},{"taxonomy":"product_tag","embeddable":true,"href":"https:\/\/www.hydraulic-cylinders.net\/lv\/wp-json\/wp\/v2\/product_tag?post=16975"}],"curies":[{"name":"wp","href":"https:\/\/api.w.org\/{rel}","templated":true}]}}