{"id":16982,"date":"2025-01-21T08:46:17","date_gmt":"2025-01-21T08:46:17","guid":{"rendered":"https:\/\/www.hydraulic-cylinders.net\/?post_type=product&#038;p=16982"},"modified":"2025-04-11T03:15:39","modified_gmt":"2025-04-11T03:15:39","slug":"hcyy11112002-forklift-steering-cylinder","status":"publish","type":"product","link":"https:\/\/www.hydraulic-cylinders.net\/lv\/products\/hcyy11112002-forklift-steering-cylinder\/","title":{"rendered":"HCYY11112002 Iekr\u0101v\u0113ja st\u016bres cilindrs"},"content":{"rendered":"<h1 style=\"text-align: center;\"><strong>HCYY11112002 Iekr\u0101v\u0113ja st\u016bres cilindrs\u00a0<\/strong><\/h1>\n<h1 style=\"text-align: center;\"><strong><img loading=\"lazy\" decoding=\"async\" class=\"alignnone size-full wp-image-16984\" src=\"https:\/\/www.hydraulic-cylinders.net\/wp-content\/uploads\/2025\/01\/hcyy11112002-forklift-lifting-cylinder-2.webp\" alt=\"\" width=\"1496\" height=\"517\" srcset=\"https:\/\/www.hydraulic-cylinders.net\/wp-content\/uploads\/2025\/01\/hcyy11112002-forklift-lifting-cylinder-2.webp 1496w, https:\/\/www.hydraulic-cylinders.net\/wp-content\/uploads\/2025\/01\/hcyy11112002-forklift-lifting-cylinder-2-1280x442.webp 1280w, https:\/\/www.hydraulic-cylinders.net\/wp-content\/uploads\/2025\/01\/hcyy11112002-forklift-lifting-cylinder-2-980x339.webp 980w, https:\/\/www.hydraulic-cylinders.net\/wp-content\/uploads\/2025\/01\/hcyy11112002-forklift-lifting-cylinder-2-480x166.webp 480w\" sizes=\"(min-width: 0px) and (max-width: 480px) 480px, (min-width: 481px) and (max-width: 980px) 980px, (min-width: 981px) and (max-width: 1280px) 1280px, (min-width: 1281px) 1496px, 100vw\" \/> <\/strong><\/h1>\n<p>HCYY11112002 autoiekr\u0101v\u0113ja st\u016bres cilindrs ir b\u016btiska sast\u0101vda\u013ca, kas iev\u0113rojami uzlabo iekr\u0101v\u0113ju manevr\u0113tsp\u0113ju un vad\u012bbu da\u017e\u0101d\u0101s ekspluat\u0101cijas vid\u0113s. \u0160is st\u016bres cilindrs, kas izstr\u0101d\u0101ts gan efektivit\u0101tei, gan uzticam\u012bbai, \u013cauj operatoriem p\u0101rvietoties \u0161aur\u0101s telp\u0101s un bez piep\u016bles p\u0101rvald\u012bt smagas kravas.<\/p>\n<p>K\u0101 b\u016btiska jebkura iekr\u0101v\u0113ja darb\u012bbas sast\u0101vda\u013ca, HCYY11112002 pied\u0101v\u0101 iztur\u012bgu konstrukciju, izcilu atsauc\u012bbu un vienk\u0101r\u0161u apkopi, padarot to par ide\u0101lu izv\u0113li uz\u0146\u0113mumiem, kas v\u0113las uzlabot savu materi\u0101lu apstr\u0101des iesp\u0113jas. Iev\u0113rojot pareizu lieto\u0161anas un apkopes praksi, j\u016bs varat nodro\u0161in\u0101t st\u016bres cilindra vienm\u0113r\u012bgu un efekt\u012bvu darb\u012bbu, t\u0101d\u0113j\u0101di nodro\u0161inot dro\u0161\u0101ku un efekt\u012bv\u0101ku darb\u012bbu.<\/p>\n<p>Ieguld\u012bjumi augstas kvalit\u0101tes komponentos, piem\u0113ram, HCYY11112002, ne tikai paaugstina produktivit\u0101ti, bet ar\u012b uzlabo j\u016bsu darbasp\u0113ka visp\u0101r\u0113jo dro\u0161\u012bbu. Izbaudiet at\u0161\u0137ir\u012bbu, ko var rad\u012bt uzticama st\u016br\u0113\u0161ana, un p\u0101rveidojiet savu darb\u012bbas efektivit\u0101ti jau \u0161odien!<\/p>\n<h2><strong>HCYY11112002 Iekr\u0101v\u0113ja st\u016bres cilindra parametrs:<\/strong><\/h2>\n<h1 style=\"text-align: center;\"><strong><img loading=\"lazy\" decoding=\"async\" class=\"alignnone size-full wp-image-16983\" src=\"https:\/\/www.hydraulic-cylinders.net\/wp-content\/uploads\/2025\/01\/hcyy11112002-forklift-lifting-cylinder-1.webp\" alt=\"\" width=\"1514\" height=\"142\" srcset=\"https:\/\/www.hydraulic-cylinders.net\/wp-content\/uploads\/2025\/01\/hcyy11112002-forklift-lifting-cylinder-1.webp 1514w, https:\/\/www.hydraulic-cylinders.net\/wp-content\/uploads\/2025\/01\/hcyy11112002-forklift-lifting-cylinder-1-1280x120.webp 1280w, https:\/\/www.hydraulic-cylinders.net\/wp-content\/uploads\/2025\/01\/hcyy11112002-forklift-lifting-cylinder-1-980x92.webp 980w, https:\/\/www.hydraulic-cylinders.net\/wp-content\/uploads\/2025\/01\/hcyy11112002-forklift-lifting-cylinder-1-480x45.webp 480w\" sizes=\"(min-width: 0px) and (max-width: 480px) 480px, (min-width: 481px) and (max-width: 980px) 980px, (min-width: 981px) and (max-width: 1280px) 1280px, (min-width: 1281px) 1514px, 100vw\" \/><\/strong><\/h1>\n<h1 style=\"text-align: center;\"><strong><img loading=\"lazy\" decoding=\"async\" class=\"alignnone size-full wp-image-16985\" src=\"https:\/\/www.hydraulic-cylinders.net\/wp-content\/uploads\/2025\/01\/hcyy11112002-forklift-lifting-cylinder-3.webp\" alt=\"\" width=\"1479\" height=\"707\" srcset=\"https:\/\/www.hydraulic-cylinders.net\/wp-content\/uploads\/2025\/01\/hcyy11112002-forklift-lifting-cylinder-3.webp 1479w, https:\/\/www.hydraulic-cylinders.net\/wp-content\/uploads\/2025\/01\/hcyy11112002-forklift-lifting-cylinder-3-1280x612.webp 1280w, https:\/\/www.hydraulic-cylinders.net\/wp-content\/uploads\/2025\/01\/hcyy11112002-forklift-lifting-cylinder-3-980x468.webp 980w, https:\/\/www.hydraulic-cylinders.net\/wp-content\/uploads\/2025\/01\/hcyy11112002-forklift-lifting-cylinder-3-480x229.webp 480w\" sizes=\"(min-width: 0px) and (max-width: 480px) 480px, (min-width: 481px) and (max-width: 980px) 980px, (min-width: 981px) and (max-width: 1280px) 1280px, (min-width: 1281px) 1479px, 100vw\" \/> <img loading=\"lazy\" decoding=\"async\" class=\"alignnone size-full wp-image-16986\" src=\"https:\/\/www.hydraulic-cylinders.net\/wp-content\/uploads\/2025\/01\/hcyy11112002-forklift-lifting-cylinder-4.webp\" alt=\"\" width=\"1477\" height=\"710\" srcset=\"https:\/\/www.hydraulic-cylinders.net\/wp-content\/uploads\/2025\/01\/hcyy11112002-forklift-lifting-cylinder-4.webp 1477w, https:\/\/www.hydraulic-cylinders.net\/wp-content\/uploads\/2025\/01\/hcyy11112002-forklift-lifting-cylinder-4-1280x615.webp 1280w, https:\/\/www.hydraulic-cylinders.net\/wp-content\/uploads\/2025\/01\/hcyy11112002-forklift-lifting-cylinder-4-980x471.webp 980w, https:\/\/www.hydraulic-cylinders.net\/wp-content\/uploads\/2025\/01\/hcyy11112002-forklift-lifting-cylinder-4-480x231.webp 480w\" sizes=\"(min-width: 0px) and (max-width: 480px) 480px, (min-width: 481px) and (max-width: 980px) 980px, (min-width: 981px) and (max-width: 1280px) 1280px, (min-width: 1281px) 1477px, 100vw\" \/> <img loading=\"lazy\" decoding=\"async\" class=\"alignnone size-full wp-image-16987\" src=\"https:\/\/www.hydraulic-cylinders.net\/wp-content\/uploads\/2025\/01\/hcyy11112002-forklift-lifting-cylinder-5.webp\" alt=\"\" width=\"1495\" height=\"730\" srcset=\"https:\/\/www.hydraulic-cylinders.net\/wp-content\/uploads\/2025\/01\/hcyy11112002-forklift-lifting-cylinder-5.webp 1495w, https:\/\/www.hydraulic-cylinders.net\/wp-content\/uploads\/2025\/01\/hcyy11112002-forklift-lifting-cylinder-5-1280x625.webp 1280w, https:\/\/www.hydraulic-cylinders.net\/wp-content\/uploads\/2025\/01\/hcyy11112002-forklift-lifting-cylinder-5-980x479.webp 980w, https:\/\/www.hydraulic-cylinders.net\/wp-content\/uploads\/2025\/01\/hcyy11112002-forklift-lifting-cylinder-5-480x234.webp 480w\" sizes=\"(min-width: 0px) and (max-width: 480px) 480px, (min-width: 481px) and (max-width: 980px) 980px, (min-width: 981px) and (max-width: 1280px) 1280px, (min-width: 1281px) 1495px, 100vw\" \/><\/strong><\/h1>\n<h1 style=\"text-align: center;\"><\/h1>\n<h2>\u00a0<strong>Iekr\u0101v\u0113ja cilindru s\u0113rija:\u00a0<\/strong><\/h2>\n<h2><img loading=\"lazy\" decoding=\"async\" class=\"alignnone size-full wp-image-16971\" src=\"https:\/\/www.hydraulic-cylinders.net\/wp-content\/uploads\/2025\/01\/fork-lift-cylinder.webp\" alt=\"\" width=\"2004\" height=\"2529\" srcset=\"https:\/\/www.hydraulic-cylinders.net\/wp-content\/uploads\/2025\/01\/fork-lift-cylinder.webp 2004w, https:\/\/www.hydraulic-cylinders.net\/wp-content\/uploads\/2025\/01\/fork-lift-cylinder-1280x1615.webp 1280w, https:\/\/www.hydraulic-cylinders.net\/wp-content\/uploads\/2025\/01\/fork-lift-cylinder-980x1237.webp 980w, https:\/\/www.hydraulic-cylinders.net\/wp-content\/uploads\/2025\/01\/fork-lift-cylinder-480x606.webp 480w\" sizes=\"(min-width: 0px) and (max-width: 480px) 480px, (min-width: 481px) and (max-width: 980px) 980px, (min-width: 981px) and (max-width: 1280px) 1280px, (min-width: 1281px) 2004px, 100vw\" \/><\/h2>\n<h2><strong>HCYY11112002 autoiekr\u0101v\u0113ja st\u016bres cilindra galven\u0101s iez\u012bmes:<\/strong><\/h2>\n<ul>\n<li><strong>Iztur\u012bga konstrukcija<\/strong>Izgatavots no augst\u0101k\u0101s kvalit\u0101tes materi\u0101liem, HCYY11112002 ir paredz\u0113ts, lai iztur\u0113tu intens\u012bvas darb\u012bbas un skarbus darba apst\u0101k\u013cus. T\u0101 iztur\u012bg\u0101 konstrukcija nodro\u0161ina izcilu ilgm\u016b\u017e\u012bbu un uzticam\u012bbu, samazinot nepiecie\u0161am\u012bbu p\u0113c bie\u017eas nomai\u0146as.<\/li>\n<li><strong>Augsta atsauc\u012bba<\/strong>Izbaudiet nep\u0101rsp\u0113jamu kontroli ar \u0161o st\u016bres cilindru, kas nodro\u0161ina \u0101tru un prec\u012bzu st\u016br\u0113\u0161anas reakciju. Operatori var bez piep\u016bles p\u0101rvietoties pa asu pagriezienu un sare\u017e\u0123\u012btiem izk\u0101rtojumiem, k\u0101 rezult\u0101t\u0101 pagriezieni ir vienm\u0113r\u012bg\u0101ki un uzlabota kravu apstr\u0101de. \u0160\u012b atsauc\u012bba ne tikai uzlabo efektivit\u0101ti, bet ar\u012b kop\u0113jo dro\u0161\u012bbu.<\/li>\n<li><strong>Korozijas iztur\u012bba<\/strong>: The HCYY11112002 features specially treated surfaces that resist rust and deterioration. This corrosion-resistant property extends the cylinder&#8217;s lifespan and maintains optimal performance, even in environments exposed to moisture or harsh chemicals.<\/li>\n<li><strong>Vienk\u0101r\u0161a uzst\u0101d\u012b\u0161ana<\/strong>HCYY11112002 ir izstr\u0101d\u0101ts lietot\u0101ja \u0113rt\u012bb\u0101m un nodro\u0161ina vienk\u0101r\u0161u uzst\u0101d\u012b\u0161anu. T\u0101 intuit\u012bvais iestat\u012b\u0161anas process samazina d\u012bkst\u0101ves laiku, nodro\u0161inot \u0101tru nomai\u0146u un remontu. \u0160\u012b funkcija noz\u012bm\u0113 maz\u0101k trauc\u0113jumu j\u016bsu darb\u012bb\u0101 un vair\u0101k laika produktivit\u0101tei.<\/li>\n<li><strong>Pla\u0161a sader\u012bba<\/strong>Daudzpus\u012bba ir HCYY11112002 rakstur\u012bga iez\u012bme. \u0160is st\u016bres cilindrs, kas ir izstr\u0101d\u0101ts, lai atbilstu da\u017e\u0101diem iekr\u0101v\u0113ju mode\u013ciem, neman\u0101mi piel\u0101gojas da\u017e\u0101d\u0101m sist\u0113m\u0101m, padarot to par ide\u0101lu izv\u0113li da\u017e\u0101diem uz\u0146\u0113mumiem. Neatkar\u012bgi no t\u0101, vai j\u016bs vad\u0101t viena veida iekr\u0101v\u0113ju vai visu autoparku, \u0161\u012b sast\u0101vda\u013ca viegli apmierin\u0101s j\u016bsu da\u017e\u0101d\u0101s vajadz\u012bbas.<\/li>\n<li><strong>Uzlabotas dro\u0161\u012bbas funkcijas<\/strong>Iek\u013caujot uzlabotus dro\u0161\u012bbas meh\u0101nismus, HCYY11112002 nodro\u0161ina stabilu darb\u012bbu da\u017e\u0101dos apst\u0101k\u013cos. \u0160is papildu dro\u0161\u012bbas sl\u0101nis aizsarg\u0101 gan operatorus, gan kravas, v\u0113l vair\u0101k uzlabojot kop\u0113jo darba vidi.<\/li>\n<li><strong>Zemas apkopes pras\u012bbas<\/strong>HCYY11112002 ir izstr\u0101d\u0101ts iztur\u012bbai un efektivit\u0101tei, un tam ir nepiecie\u0161ama minim\u0101la apkope. Regul\u0101ras p\u0101rbaudes un neregul\u0101ra e\u013c\u013co\u0161ana nodro\u0161ina t\u0101 vislab\u0101ko veiktsp\u0113ju, \u013caujot j\u016bsu komandai koncentr\u0113ties uz saviem uzdevumiem, neuztraucoties par bie\u017eu apkopi.<\/li>\n<\/ul>\n<p>Izv\u0113loties HCYY11112002 iekr\u0101v\u0113ja st\u016bres cilindru, j\u016bs ieguld\u0101t produkt\u0101, kas uzlabo darb\u012bbas efektivit\u0101ti un veicina dro\u0161\u0101ku, produkt\u012bv\u0101ku darba vietu. Izbaudiet at\u0161\u0137ir\u012bbu, ko \u0161\u012bs uzlabot\u0101s funkcijas var rad\u012bt j\u016bsu materi\u0101lu apstr\u0101des oper\u0101cij\u0101s!<\/p>\n<h2><strong>K\u0101das ir paz\u012bmes, ka iekr\u0101v\u0113ja st\u016bres cilindrs ir j\u0101nomaina?<\/strong><\/h2>\n<p>Labi funkcion\u0113jo\u0161s st\u016bres cilindrs ir \u013coti svar\u012bgs j\u016bsu iekr\u0101v\u0113ja dro\u0161ai darb\u012bbai. \u0160eit ir da\u017eas paz\u012bmes, kas liecina, ka, iesp\u0113jams, ir pien\u0101cis laiks to nomain\u012bt:<\/p>\n<ol>\n<li><strong>Hidraulisk\u0101 \u0161\u0137idruma nopl\u016bdes<\/strong><br \/>\nIf you notice puddles of hydraulic fluid beneath your forklift, it\u2019s a red flag. Leaks indicate that the seals within the steering cylinder may be worn or damaged, compromising the system&#8217;s integrity.<\/li>\n<li><strong>St\u016br\u0113\u0161anas gr\u016bt\u012bbas<\/strong><br \/>\nGr\u016bt\u012bbas pagriezt st\u016bri vai sp\u0113c\u012bga pretest\u012bba var liecin\u0101t par sl\u0113pt\u0101m probl\u0113m\u0101m. Rea\u0123\u0113jo\u0161a st\u016bres sist\u0113ma ir b\u016btiska efektivit\u0101tei un dro\u0161\u012bbai, t\u0101p\u0113c neignor\u0113jiet \u0161os simptomus.<\/li>\n<li><strong>Neparastas ska\u0146as<\/strong><br \/>\nDarb\u012bbas laik\u0101 piev\u0113rsiet uzman\u012bbu jebk\u0101d\u0101m sl\u012bp\u0113\u0161anas, \u010d\u012bkst\u0113\u0161anas vai klab\u0113\u0161anas ska\u0146\u0101m. \u0160\u012bs ska\u0146as var liecin\u0101t par meh\u0101nisku nodilumu vai nepareizu noregul\u0113jumu st\u016bres cilindr\u0101, kas, ja netiek nov\u0113rstas, var rad\u012bt nopietn\u0101kas probl\u0113mas.<\/li>\n<li><strong>Nodilu\u0161as bl\u012bves un bukses<\/strong><br \/>\nRegul\u0101ri p\u0101rbaudiet bl\u012bves un bukses, vai nav nodiluma paz\u012bmju. Plaisas vai nodilums var izrais\u012bt nopl\u016bdes un samazin\u0101t veiktsp\u0113ju, t\u0101p\u0113c savlaic\u012bga nomai\u0146a ir kritiski svar\u012bga.<\/li>\n<li><strong>Nekonsekventa kust\u012bba<\/strong><br \/>\nIf your forklift&#8217;s steering feels jerky or unsteady, it may indicate hydraulic issues within the cylinder. Smooth steering is vital for precise maneuvering, especially in tight spaces.<\/li>\n<li><strong>P\u0101rm\u0113r\u012bga sp\u0113le<\/strong><br \/>\nIev\u0113rojams st\u016bres rata br\u012bvkust\u012bbas vai va\u013c\u012bguma pieaugums var liecin\u0101t par st\u016bres cilindra boj\u0101jumu. Tas var ietekm\u0113t j\u016bsu kontroli un palielin\u0101t negad\u012bjumu risku.<\/li>\n<li><strong>Br\u012bdin\u0101juma gaismas<\/strong><br \/>\nDaudziem m\u016bsdienu iekr\u0101v\u0113jiem ir diagnostikas sist\u0113mas, kas br\u012bdina par iesp\u0113jam\u0101m probl\u0113m\u0101m. Ja redzat ar st\u016br\u0113\u0161anu saist\u012btu br\u012bdin\u0101juma gaismu, uztveriet to nopietni un nekav\u0113joties izmekl\u0113jiet.<\/li>\n<\/ol>\n<p>Prevent\u012bvi rea\u0123\u0113jot uz \u0161\u012bm paz\u012bm\u0113m, j\u016bs varat izvair\u012bties no d\u0101rgiem remontiem un nedro\u0161iem ekspluat\u0101cijas apst\u0101k\u013ciem. Regul\u0101ra apkope un savlaic\u012bga nomai\u0146a nodro\u0161ina, ka j\u016bsu iekr\u0101v\u0113js saglab\u0101 uzticam\u012bbu un efektivit\u0101ti. Ja paman\u0101t k\u0101du no \u0161iem simptomiem, konsult\u0113jieties ar speci\u0101listu, lai nov\u0113rt\u0113tu situ\u0101ciju un apsv\u0113rtu st\u016bres cilindra nomai\u0146u, lai nodro\u0161in\u0101tu optim\u0101lu veiktsp\u0113ju. No t\u0101 ir atkar\u012bga j\u016bsu dro\u0161\u012bba un produktivit\u0101te!<\/p>\n<h2><strong>Iekr\u0101v\u0113ja cilindru ra\u017eo\u0161anas zona:<\/strong><\/h2>\n<h2><img loading=\"lazy\" decoding=\"async\" class=\"alignnone size-full wp-image-16972\" src=\"https:\/\/www.hydraulic-cylinders.net\/wp-content\/uploads\/2025\/01\/hydraulic-cylinder-factory-1-scaled.webp\" alt=\"\" width=\"2016\" height=\"2560\" srcset=\"https:\/\/www.hydraulic-cylinders.net\/wp-content\/uploads\/2025\/01\/hydraulic-cylinder-factory-1-scaled.webp 2016w, https:\/\/www.hydraulic-cylinders.net\/wp-content\/uploads\/2025\/01\/hydraulic-cylinder-factory-1-1280x1625.webp 1280w, https:\/\/www.hydraulic-cylinders.net\/wp-content\/uploads\/2025\/01\/hydraulic-cylinder-factory-1-980x1244.webp 980w, https:\/\/www.hydraulic-cylinders.net\/wp-content\/uploads\/2025\/01\/hydraulic-cylinder-factory-1-480x610.webp 480w\" sizes=\"(min-width: 0px) and (max-width: 480px) 480px, (min-width: 481px) and (max-width: 980px) 980px, (min-width: 981px) and (max-width: 1280px) 1280px, (min-width: 1281px) 2016px, 100vw\" \/><\/h2>\n<p>Mums ir pirmklas\u012bga neatkar\u012bga p\u0113tniec\u012bbas un att\u012bst\u012bbas platforma mont\u0101\u017eai. Iekr\u0101v\u0113ju cilindru ra\u017eo\u0161anas ceh\u0101 ir \u010detras pusautom\u0101tiskas pacel\u0161anas cilindru mont\u0101\u017eas l\u012bnijas un piln\u012bb\u0101 autom\u0101tiska noliecamo cilindru mont\u0101\u017eas l\u012bnija ar projekt\u0113to gada ra\u017eo\u0161anas jaudu miljons vien\u012bbu. Speci\u0101laj\u0101 cilindru ceh\u0101 ir da\u017e\u0101du specifik\u0101ciju pusautom\u0101tiskas t\u012br\u012b\u0161anas un mont\u0101\u017eas sist\u0113mas ar projekt\u0113to gada ra\u017eo\u0161anas jaudu 200\u00a0000 vien\u012bbu. T\u0101 ir apr\u012bkota ar slavenu z\u012bmolu CNC apstr\u0101des iek\u0101rt\u0101m, apstr\u0101des centriem, speci\u0101lu apr\u012bkojumu augstas precizit\u0101tes cilindru apstr\u0101dei, robotiz\u0113t\u0101m metin\u0101\u0161anas iek\u0101rt\u0101m, autom\u0101tisk\u0101m t\u012br\u012b\u0161anas iek\u0101rt\u0101m, autom\u0101tisk\u0101m cilindru mont\u0101\u017eas iek\u0101rt\u0101m un autom\u0101tisk\u0101m kr\u0101so\u0161anas ra\u017eo\u0161anas l\u012bnij\u0101m. Mums darbojas vair\u0101k nek\u0101 300 galveno iek\u0101rtu komplekti. Optimiz\u0113ta iek\u0101rtu resursu sadale un efekt\u012bva izmanto\u0161ana nodro\u0161ina produktu precizit\u0101tes pras\u012bbas un atbilst\u012bbu augstaj\u0101m produktu kvalit\u0101tes pras\u012bb\u0101m.<\/p>\n<p>Apstr\u0101des cehs ir apr\u012bkots ar p\u0113c pas\u016bt\u012bjuma izgatavotiem sl\u012bpuma vadot\u0146u slie\u017eu virpo\u0161anas centriem, apstr\u0101des centriem, \u0101trgaitas asin\u0101\u0161anas ma\u0161\u012bn\u0101m, metin\u0101\u0161anas robotiem un citu atbilsto\u0161u apr\u012bkojumu, kas var apstr\u0101d\u0101t cilindriskas caurules ar maksim\u0101lo iek\u0161\u0113jo diametru 400 mm un maksim\u0101lo garumu 6 metri.<\/p>\n<h2><img loading=\"lazy\" decoding=\"async\" class=\"alignnone size-full wp-image-16973\" src=\"https:\/\/www.hydraulic-cylinders.net\/wp-content\/uploads\/2025\/01\/hydraulic-cylinder-factory-2-scaled.webp\" alt=\"\" width=\"2011\" height=\"2560\" srcset=\"https:\/\/www.hydraulic-cylinders.net\/wp-content\/uploads\/2025\/01\/hydraulic-cylinder-factory-2-scaled.webp 2011w, https:\/\/www.hydraulic-cylinders.net\/wp-content\/uploads\/2025\/01\/hydraulic-cylinder-factory-2-1280x1629.webp 1280w, https:\/\/www.hydraulic-cylinders.net\/wp-content\/uploads\/2025\/01\/hydraulic-cylinder-factory-2-980x1248.webp 980w, https:\/\/www.hydraulic-cylinders.net\/wp-content\/uploads\/2025\/01\/hydraulic-cylinder-factory-2-480x611.webp 480w\" sizes=\"(min-width: 0px) and (max-width: 480px) 480px, (min-width: 481px) and (max-width: 980px) 980px, (min-width: 981px) and (max-width: 1280px) 1280px, (min-width: 1281px) 2011px, 100vw\" \/><\/h2>\n<p>Mums ir piln\u012bb\u0101 autom\u0101tiska \u016bdens b\u0101zes kr\u0101so\u0161anas l\u012bnija maziem un vid\u0113jiem cilindriem, kas realiz\u0113 autom\u0101tiskus iekrau\u0161anas un izkrau\u0161anas, k\u0101 ar\u012b autom\u0101tiskos izsmidzin\u0101\u0161anas robotus ar projekt\u0113to ra\u017eo\u0161anas jaudu 4000 vietas mai\u0146\u0101. Mums ir v\u0113l viena pusautom\u0101tiska kr\u0101so\u0161anas l\u012bnija lielizm\u0113ra cilindriem, ko darbina sp\u0113ka \u0137\u0113de, un projekt\u0113t\u0101 jauda ir 60 kastes mai\u0146\u0101.<\/p>\n<p>Lai v\u0113l vair\u0101k uzlabotu produktu veiktsp\u0113ju un nostiprin\u0101tu m\u016bsu hidraulisko cilindru vado\u0161o poz\u012bciju nozar\u0113, m\u016bsu uz\u0146\u0113mums un zjimee kop\u012bgi izveidoja visaptvero\u0161u hidraulisko cilindru, hidraulisko v\u0101rstu un hidraulisko s\u016bk\u0146u veiktsp\u0113jas laboratoriju; laboratorij\u0101 tiek veikta datoriz\u0113ta test\u0113\u0161ana, izmantojot elektrohidraulisko tehnolo\u0123iju, testa apst\u0101k\u013cus iepriek\u0161 iestata dators, kas uzlabo testa precizit\u0101ti un sist\u0113mas daudzpus\u012bbu, k\u0101 ar\u012b eksperiment\u0101los datus.<\/p>\n<p>Autom\u0101tisk\u0101 datu v\u0101k\u0161ana tiek realiz\u0113ta, izmantojot sensorus, un izejas dati, piem\u0113ram, cilindra vai v\u0101rsta iek\u0161\u0113j\u0101 nopl\u016bde un slodzes efektivit\u0101te, tiek tie\u0161i apstr\u0101d\u0101ti dator\u0101 un konvert\u0113ti standarta m\u0113rvien\u012bb\u0101s (ml\/min\u00b3TP\u00b3T). Vienlaikus, lai nodro\u0161in\u0101tu hidraulisk\u0101s sist\u0113mas darba dro\u0161\u012bbu, tiek veikta st\u0101vok\u013ca uzraudz\u012bbas funkcija galvenajiem veiktsp\u0113jas parametriem, piem\u0113ram, \"e\u013c\u013cas temperat\u016bras uzraudz\u012bbai, \u0161\u0137idruma l\u012bme\u0146a uzraudz\u012bbai, filtra ier\u012bces uzraudz\u012bbai\" utt. Hidraulisk\u0101 cilindra testa stends var p\u0101rbaud\u012bt \"slodzes\" veiktsp\u0113ju.<br \/>\nefektivit\u0101te \"un\" iek\u0161\u0113j\u0101 nopl\u016bde\" p\u0113c nolas\u012bjumiem. Vienlaikus tas ir apr\u012bkots ar re\u017e\u0123a line\u0101la m\u0113rinstrumentu, kas atbilst visu hidraulisko cilindru izstr\u0101d\u0101jumu testa vien\u012bbu pras\u012bb\u0101m saska\u0146\u0101 ar valsts standartu.<\/p>","protected":false},"excerpt":{"rendered":"<p>HCYY11112002 Forklift Steering Cylinder\u00a0 The HCYY11112002 Forklift Steering Cylinder stands as a vital component that significantly boosts the maneuverability and control of forklifts across diverse operational environments. Crafted for both efficiency and reliability, this steering cylinder empowers operators to navigate tight spaces and manage heavy loads effortlessly. As an essential part of any forklift operation, [&hellip;]<\/p>","protected":false},"featured_media":16988,"comment_status":"open","ping_status":"closed","template":"","meta":{"_et_pb_use_builder":"","_et_pb_old_content":"","_et_gb_content_width":""},"product_brand":[],"product_cat":[1550,1484,1376],"product_tag":[],"class_list":{"0":"post-16982","1":"product","2":"type-product","3":"status-publish","4":"has-post-thumbnail","6":"product_cat-double-acting-hydraulic-cylinder","7":"product_cat-forklift-hydraulic-cylinders","8":"product_cat-hydraulic-cylinder","10":"first","11":"instock","12":"shipping-taxable","13":"product-type-simple"},"amp_enabled":true,"_links":{"self":[{"href":"https:\/\/www.hydraulic-cylinders.net\/lv\/wp-json\/wp\/v2\/product\/16982","targetHints":{"allow":["GET"]}}],"collection":[{"href":"https:\/\/www.hydraulic-cylinders.net\/lv\/wp-json\/wp\/v2\/product"}],"about":[{"href":"https:\/\/www.hydraulic-cylinders.net\/lv\/wp-json\/wp\/v2\/types\/product"}],"replies":[{"embeddable":true,"href":"https:\/\/www.hydraulic-cylinders.net\/lv\/wp-json\/wp\/v2\/comments?post=16982"}],"wp:featuredmedia":[{"embeddable":true,"href":"https:\/\/www.hydraulic-cylinders.net\/lv\/wp-json\/wp\/v2\/media\/16988"}],"wp:attachment":[{"href":"https:\/\/www.hydraulic-cylinders.net\/lv\/wp-json\/wp\/v2\/media?parent=16982"}],"wp:term":[{"taxonomy":"product_brand","embeddable":true,"href":"https:\/\/www.hydraulic-cylinders.net\/lv\/wp-json\/wp\/v2\/product_brand?post=16982"},{"taxonomy":"product_cat","embeddable":true,"href":"https:\/\/www.hydraulic-cylinders.net\/lv\/wp-json\/wp\/v2\/product_cat?post=16982"},{"taxonomy":"product_tag","embeddable":true,"href":"https:\/\/www.hydraulic-cylinders.net\/lv\/wp-json\/wp\/v2\/product_tag?post=16982"}],"curies":[{"name":"wp","href":"https:\/\/api.w.org\/{rel}","templated":true}]}}