{"id":17024,"date":"2025-01-23T07:47:37","date_gmt":"2025-01-23T07:47:37","guid":{"rendered":"https:\/\/www.hydraulic-cylinders.net\/?post_type=product&#038;p=17024"},"modified":"2025-04-15T05:47:55","modified_gmt":"2025-04-15T05:47:55","slug":"hcyy11112013-locking-cylinder-for-environmental-protection","status":"publish","type":"product","link":"https:\/\/www.hydraulic-cylinders.net\/lv\/products\/hcyy11112013-locking-cylinder-for-environmental-protection\/","title":{"rendered":"HCYY11112013 Blo\u0137\u0113\u0161anas cilindrs vides aizsardz\u012bbai"},"content":{"rendered":"<h1 style=\"text-align: center;\"><strong>HCYY11112013 Blo\u0137\u0113\u0161anas cilindrs vides aizsardz\u012bbai<\/strong><\/h1>\n<h1 style=\"text-align: center;\"><img loading=\"lazy\" decoding=\"async\" class=\"alignnone size-full wp-image-17026\" src=\"https:\/\/www.hydraulic-cylinders.net\/wp-content\/uploads\/2025\/01\/hcyy11112013-locking-cylinder-2.webp\" alt=\"\" width=\"1499\" height=\"516\" srcset=\"https:\/\/www.hydraulic-cylinders.net\/wp-content\/uploads\/2025\/01\/hcyy11112013-locking-cylinder-2.webp 1499w, https:\/\/www.hydraulic-cylinders.net\/wp-content\/uploads\/2025\/01\/hcyy11112013-locking-cylinder-2-1280x441.webp 1280w, https:\/\/www.hydraulic-cylinders.net\/wp-content\/uploads\/2025\/01\/hcyy11112013-locking-cylinder-2-980x337.webp 980w, https:\/\/www.hydraulic-cylinders.net\/wp-content\/uploads\/2025\/01\/hcyy11112013-locking-cylinder-2-480x165.webp 480w\" sizes=\"(min-width: 0px) and (max-width: 480px) 480px, (min-width: 481px) and (max-width: 980px) 980px, (min-width: 981px) and (max-width: 1280px) 1280px, (min-width: 1281px) 1499px, 100vw\" \/><\/h1>\n<p>HCYY11112013 sl\u0113dzenes cilindrs ir revolucion\u0101rs sasniegums dro\u0161\u012bbas un efektivit\u0101tes jom\u0101, \u012bpa\u0161i nozar\u0113s, kas velt\u012btas vides aizsardz\u012bbai. \u0160\u012b inovat\u012bv\u0101 sast\u0101vda\u013ca garant\u0113 dro\u0161u ma\u0161\u012bnu darb\u012bbu, vienlaikus iev\u0113rojami samazinot vides apdraud\u0113jumu risku.<\/p>\n<p>HCYY11112013 sl\u0113dzenes cilindru at\u0161\u0137ir t\u0101 iev\u0113rojam\u0101 uzticam\u012bba un efektivit\u0101te. T\u0101 iztur\u012bgais dizains un uzlabot\u0101s dro\u0161\u012bbas funkcijas padara to par neaizst\u0101jamu instrumentu m\u016bsdienu industri\u0101laj\u0101 vid\u0113. Iev\u0113rojot pareizu lieto\u0161anas un apkopes praksi, lietot\u0101ji var maksim\u0101li palielin\u0101t \u0161\u012b svar\u012bg\u0101 produkta ilgm\u016b\u017e\u012bbu un veiktsp\u0113ju. Tas veicina dro\u0161\u0101ku darb\u012bbu un ilgtsp\u0113j\u012bg\u0101ku n\u0101kotni. Izmantojiet HCYY11112013 sl\u0113dzenes cilindra jaudu un palieliniet savu ap\u0146em\u0161anos nodro\u0161in\u0101t dro\u0161\u012bbu un vides aizsardz\u012bbu!<\/p>\n<h2><strong>HCYY11112013 Blo\u0137\u0113\u0161anas cilindrs vides aizsardz\u012bbas parametram:<\/strong><\/h2>\n<h1 style=\"text-align: center;\"><img loading=\"lazy\" decoding=\"async\" class=\"alignnone size-full wp-image-17025\" src=\"https:\/\/www.hydraulic-cylinders.net\/wp-content\/uploads\/2025\/01\/hcyy11112013-locking-cylinder-1.webp\" alt=\"\" width=\"1511\" height=\"147\" srcset=\"https:\/\/www.hydraulic-cylinders.net\/wp-content\/uploads\/2025\/01\/hcyy11112013-locking-cylinder-1.webp 1511w, https:\/\/www.hydraulic-cylinders.net\/wp-content\/uploads\/2025\/01\/hcyy11112013-locking-cylinder-1-1280x125.webp 1280w, https:\/\/www.hydraulic-cylinders.net\/wp-content\/uploads\/2025\/01\/hcyy11112013-locking-cylinder-1-980x95.webp 980w, https:\/\/www.hydraulic-cylinders.net\/wp-content\/uploads\/2025\/01\/hcyy11112013-locking-cylinder-1-480x47.webp 480w\" sizes=\"(min-width: 0px) and (max-width: 480px) 480px, (min-width: 481px) and (max-width: 980px) 980px, (min-width: 981px) and (max-width: 1280px) 1280px, (min-width: 1281px) 1511px, 100vw\" \/><\/h1>\n<h1 style=\"text-align: center;\"><img loading=\"lazy\" decoding=\"async\" class=\"alignnone size-full wp-image-17027\" src=\"https:\/\/www.hydraulic-cylinders.net\/wp-content\/uploads\/2025\/01\/hcyy11112013-locking-cylinder-3.webp\" alt=\"\" width=\"1475\" height=\"710\" srcset=\"https:\/\/www.hydraulic-cylinders.net\/wp-content\/uploads\/2025\/01\/hcyy11112013-locking-cylinder-3.webp 1475w, https:\/\/www.hydraulic-cylinders.net\/wp-content\/uploads\/2025\/01\/hcyy11112013-locking-cylinder-3-1280x616.webp 1280w, https:\/\/www.hydraulic-cylinders.net\/wp-content\/uploads\/2025\/01\/hcyy11112013-locking-cylinder-3-980x472.webp 980w, https:\/\/www.hydraulic-cylinders.net\/wp-content\/uploads\/2025\/01\/hcyy11112013-locking-cylinder-3-480x231.webp 480w\" sizes=\"(min-width: 0px) and (max-width: 480px) 480px, (min-width: 481px) and (max-width: 980px) 980px, (min-width: 981px) and (max-width: 1280px) 1280px, (min-width: 1281px) 1475px, 100vw\" \/> <img loading=\"lazy\" decoding=\"async\" class=\"alignnone size-full wp-image-17028\" src=\"https:\/\/www.hydraulic-cylinders.net\/wp-content\/uploads\/2025\/01\/hcyy11112013-locking-cylinder-4.webp\" alt=\"\" width=\"1474\" height=\"710\" srcset=\"https:\/\/www.hydraulic-cylinders.net\/wp-content\/uploads\/2025\/01\/hcyy11112013-locking-cylinder-4.webp 1474w, https:\/\/www.hydraulic-cylinders.net\/wp-content\/uploads\/2025\/01\/hcyy11112013-locking-cylinder-4-1280x617.webp 1280w, https:\/\/www.hydraulic-cylinders.net\/wp-content\/uploads\/2025\/01\/hcyy11112013-locking-cylinder-4-980x472.webp 980w, https:\/\/www.hydraulic-cylinders.net\/wp-content\/uploads\/2025\/01\/hcyy11112013-locking-cylinder-4-480x231.webp 480w\" sizes=\"(min-width: 0px) and (max-width: 480px) 480px, (min-width: 481px) and (max-width: 980px) 980px, (min-width: 981px) and (max-width: 1280px) 1280px, (min-width: 1281px) 1474px, 100vw\" \/> <img loading=\"lazy\" decoding=\"async\" class=\"alignnone size-full wp-image-17029\" src=\"https:\/\/www.hydraulic-cylinders.net\/wp-content\/uploads\/2025\/01\/hcyy11112013-locking-cylinder-5.webp\" alt=\"\" width=\"1487\" height=\"669\" srcset=\"https:\/\/www.hydraulic-cylinders.net\/wp-content\/uploads\/2025\/01\/hcyy11112013-locking-cylinder-5.webp 1487w, https:\/\/www.hydraulic-cylinders.net\/wp-content\/uploads\/2025\/01\/hcyy11112013-locking-cylinder-5-1280x576.webp 1280w, https:\/\/www.hydraulic-cylinders.net\/wp-content\/uploads\/2025\/01\/hcyy11112013-locking-cylinder-5-980x441.webp 980w, https:\/\/www.hydraulic-cylinders.net\/wp-content\/uploads\/2025\/01\/hcyy11112013-locking-cylinder-5-480x216.webp 480w\" sizes=\"(min-width: 0px) and (max-width: 480px) 480px, (min-width: 481px) and (max-width: 980px) 980px, (min-width: 981px) and (max-width: 1280px) 1280px, (min-width: 1281px) 1487px, 100vw\" \/><\/h1>\n<h2><strong style=\"font-size: 30px; text-align: center;\">\u00a0<\/strong><\/h2>\n<p>&nbsp;<\/p>\n<h2><strong>Cilindru s\u0113rija vides aizsardz\u012bbai:<\/strong><\/h2>\n<h2><img loading=\"lazy\" decoding=\"async\" class=\"alignnone size-full wp-image-17030\" src=\"https:\/\/www.hydraulic-cylinders.net\/wp-content\/uploads\/2025\/01\/cylinder-series-for-environmental-protection-scaled.webp\" alt=\"\" width=\"2044\" height=\"2560\" srcset=\"https:\/\/www.hydraulic-cylinders.net\/wp-content\/uploads\/2025\/01\/cylinder-series-for-environmental-protection-scaled.webp 2044w, https:\/\/www.hydraulic-cylinders.net\/wp-content\/uploads\/2025\/01\/cylinder-series-for-environmental-protection-1280x1603.webp 1280w, https:\/\/www.hydraulic-cylinders.net\/wp-content\/uploads\/2025\/01\/cylinder-series-for-environmental-protection-980x1227.webp 980w, https:\/\/www.hydraulic-cylinders.net\/wp-content\/uploads\/2025\/01\/cylinder-series-for-environmental-protection-480x601.webp 480w\" sizes=\"(min-width: 0px) and (max-width: 480px) 480px, (min-width: 481px) and (max-width: 980px) 980px, (min-width: 981px) and (max-width: 1280px) 1280px, (min-width: 1281px) 2044px, 100vw\" \/><\/h2>\n<h2><strong>HCYY11112013 sl\u0113dzenes cilindra galven\u0101s iez\u012bmes:<\/strong><\/h2>\n<div id=\"message-333463148293\" class=\"ChatMessage_chatMessage__xkgHx\" data-complete=\"true\">\n<div class=\"ChatMessage_messageRow__DHlnq\">\n<div class=\"ChatMessage_messageWrapper__4Ugd6\">\n<div class=\"Message_rowWithFooter__FShU6\">\n<div class=\"Message_row__ug_UU\">\n<div class=\"Message_messageBubbleWrapper__sEq8z\">\n<div class=\"Message_leftSideMessageBubble__VPdk6\">\n<div class=\"Message_messageTextContainer__w64Sc\">\n<div class=\"Markdown_markdownContainer__Tz3HQ\">\n<h4><strong>Iztur\u012bga konstrukcija<\/strong><\/h4>\n<p>Izgatavots no augst\u0101k\u0101s kvalit\u0101tes materi\u0101liem, HCYY11112013 sl\u0113dzenes cilindrs ir paredz\u0113ts pat visskarb\u0101kajiem apst\u0101k\u013ciem. T\u0101 iztur\u012bba nodro\u0161ina, ka tas var iztur\u0113t sare\u017e\u0123\u012btu vidi, pagarinot produkta kalpo\u0161anas laiku un samazinot nepiecie\u0161am\u012bbu p\u0113c bie\u017eas nomai\u0146as. \u0160\u012b iztur\u012bg\u0101 konstrukcija uzlabo uzticam\u012bbu un laika gait\u0101 nodro\u0161ina iev\u0113rojamu izmaksu ietaup\u012bjumu.<\/p>\n<h4><strong>Uzlabots dro\u0161\u012bbas meh\u0101nisms<\/strong><\/h4>\n<p>Dro\u0161\u012bba ir \u0101rk\u0101rt\u012bgi svar\u012bga jebkur\u0101 r\u016bpniecisk\u0101 pielietojum\u0101, un HCYY11112013 \u0161aj\u0101 jom\u0101 izce\u013cas ar savu modern\u0101ko blo\u0137\u0113\u0161anas sist\u0113mu. \u0160is uzticamais meh\u0101nisms efekt\u012bvi nov\u0113r\u0161 nejau\u0161u kust\u012bbu, nodro\u0161inot sirdsmieru darb\u012bbas laik\u0101. Lietot\u0101ji var str\u0101d\u0101t p\u0101rliecino\u0161i, zinot, ka vi\u0146u iek\u0101rtas paliek dro\u0161i sav\u0101s viet\u0101s, iev\u0113rojami samazinot negad\u012bjumu risku un uzlabojot dro\u0161\u012bbu darba viet\u0101.<\/p>\n<h4><strong>Videi draudz\u012bgs dizains<\/strong><\/h4>\n<p>M\u016bsdienu videi draudz\u012bgaj\u0101 pasaul\u0113 HCYY11112013 sl\u0113dzenes cilindrs izce\u013cas k\u0101 ilgtsp\u0113j\u012bbas \u010dempions. T\u0101 dizains samazina nopl\u016bdes un atkritumus, iev\u0113rojot videi draudz\u012bgas prakses. Izv\u0113loties \u0161o cilindru, lietot\u0101ji veicina za\u013c\u0101ku n\u0101kotni, vienlaikus nodro\u0161inot, ka vi\u0146u darb\u012bba atbilst stingriem vides standartiem.<\/p>\n<h4><strong>Daudzpus\u012bgi pielietojumi<\/strong><\/h4>\n<p>HCYY11112013 daudzpus\u012bba padara to par ide\u0101lu izv\u0113li pla\u0161am tehnikas kl\u0101stam. \u0160is blo\u0137\u0113\u0161anas cilindrs neman\u0101mi piel\u0101gojas da\u017e\u0101diem pielietojumiem, s\u0101kot no b\u016bvniec\u012bbas, atkritumu apsaimnieko\u0161anas vai atjaunojam\u0101s ener\u0123ijas hidrauliskaj\u0101m sist\u0113m\u0101m. T\u0101 sp\u0113ja darboties vair\u0101k\u0101s nozar\u0113s uzlabo darb\u012bbas elast\u012bbu, padarot to par v\u0113rt\u012bgu akt\u012bvu jebkuram autoparkam.<\/p>\n<h4><strong>Augsta veiktsp\u0113ja zem spiediena<\/strong><\/h4>\n<p>Run\u0101jot par veiktsp\u0113ju, HCYY11112013 blo\u0137\u0113\u0161anas cilindrs nepievi\u013c. Tas efekt\u012bvi darbojas da\u017e\u0101dos spiedienos, nodro\u0161inot optim\u0101lu funkcionalit\u0101ti da\u017e\u0101d\u0101s vid\u0113s. \u0160\u012b augst\u0101 veiktsp\u0113ja \u013cauj lietot\u0101jiem viegli tikt gal\u0101 pat ar vispras\u012bg\u0101kajiem uzdevumiem, uzlabojot produktivit\u0101ti un darb\u012bbas efektivit\u0101ti.<\/p>\n<p>HCYY11112013 sl\u0113dzenes cilindrs nav tikai sast\u0101vda\u013ca; tas ir visaptvero\u0161s risin\u0101jums tiem, kas mekl\u0113 dro\u0161\u012bbu, efektivit\u0101ti un ilgtsp\u0113j\u012bbu. Ar savu iztur\u012bgo konstrukciju, uzlabotaj\u0101m dro\u0161\u012bbas funkcij\u0101m, videi draudz\u012bgo dizainu un daudzpus\u012bbu \u0161is cilindrs ir b\u016btisks papildin\u0101jums jebkurai r\u016bpnieciskai darb\u012bbai. Izbaudiet at\u0161\u0137ir\u012bbu, ko rada kvalit\u0101te, un uzlabojiet savu darb\u012bbu ar HCYY11112013 sl\u0113dzenes cilindru!<\/p>\n<\/div>\n<\/div>\n<\/div>\n<\/div>\n<\/div>\n<\/div>\n<\/div>\n<\/div>\n<\/div>\n<h2><strong>Kas padara Hcyy11112013 sl\u0113dzenes cilindru videi draudz\u012bgu?<\/strong><\/h2>\n<p>HCYY11112013 sl\u0113dzenes cilindrs izce\u013cas videi draudz\u012bgu tehnolo\u0123iju jom\u0101, un l\u016bk, k\u0101p\u0113c tas ir peln\u012bjis j\u016bsu uzman\u012bbu:<\/p>\n<h4><strong>1. Ilgtsp\u0113j\u012bgi materi\u0101li<\/strong><\/h4>\n<p>Izgatavots no augstas kvalit\u0101tes, p\u0101rstr\u0101d\u0101jamiem materi\u0101liem, HCYY11112013 ne tikai atbilst dro\u0161\u012bbas standartiem, bet ar\u012b nodro\u0161ina ilgtsp\u0113j\u012bbu. Izv\u0113loties materi\u0101lus, kurus var p\u0101rstr\u0101d\u0101t, tas pal\u012bdz samazin\u0101t atkritumus un atbalsta aprites ekonomiku, kas ir iz\u0161\u0137iro\u0161s faktors m\u016bsdienu videi draudz\u012bg\u0101 pasaul\u0113.<\/p>\n<h4><strong>2. Zema emisiju l\u012bme\u0146a konstrukcija<\/strong><\/h4>\n<p>\u0160is sl\u0113dzenes cilindrs ir izstr\u0101d\u0101ts, \u0146emot v\u0113r\u0101 emisijas. T\u0101 inovat\u012bvais dizains samazina kait\u012bgo vielu izdal\u012b\u0161anos darb\u012bbas laik\u0101, t\u0101d\u0113j\u0101di veicinot t\u012br\u0101ku gaisu un vesel\u012bg\u0101ku vidi. \u0160is aspekts ir \u012bpa\u0161i svar\u012bgs lietojumos jut\u012bgu ekolo\u0123isko zonu tuvum\u0101, nodro\u0161inot minim\u0101lus trauc\u0113jumus.<\/p>\n<h4><strong>3. Energoefektivit\u0101te<\/strong><\/h4>\n<p>Laikmet\u0101, kad ener\u0123ijas taup\u012b\u0161ana ir vissvar\u012bg\u0101k\u0101, HCYY11112013 izce\u013cas. Tas darbojas ar zemu ener\u0123ijas pat\u0113ri\u0146u, kas ne tikai samazina ekspluat\u0101cijas izmaksas, bet ar\u012b b\u016btiski ietekm\u0113 oglek\u013ca p\u0113das nospieduma samazin\u0101\u0161anu. \u0160\u012b efektivit\u0101te padara to par ide\u0101lu izv\u0113li organiz\u0101cij\u0101m, kas v\u0113las sasniegt savus ilgtsp\u0113j\u012bbas m\u0113r\u0137us.<\/p>\n<h4><strong>4. Nopl\u016b\u017eu nov\u0113r\u0161anas tehnolo\u0123ija<\/strong><\/h4>\n<p>Viena no \u0161\u012b cilindra izcil\u0101kaj\u0101m iez\u012bm\u0113m ir t\u0101 uzlabotie bl\u012bv\u0113\u0161anas meh\u0101nismi. Tie nodro\u0161ina, ka nav potenci\u0101li kait\u012bgu vielu nopl\u016b\u017eu, t\u0101d\u0113j\u0101di aizsarg\u0101jot gan vidi, gan kopienas, kas no t\u0101 ir atkar\u012bgas. \u0160is aizsardz\u012bbas pas\u0101kums ir b\u016btisks nozar\u0113s, kur\u0101s tiek pla\u0161i izmantota \u0137\u012bmisk\u0101 apstr\u0101de.<\/p>\n<h4><strong>5. Ilgm\u016b\u017e\u012bba un iztur\u012bba<\/strong><\/h4>\n<p>HCYY11112013 sl\u0113dzenes cilindrs ir rad\u012bts ilgam kalpo\u0161anas laikam, kas noz\u012bm\u0113 ret\u0101ku nomai\u0146u un samazin\u0101tu resursu pat\u0113ri\u0146u laika gait\u0101. \u0160\u012b iztur\u012bba ne tikai ilgtermi\u0146\u0101 ietaupa naudu, bet ar\u012b samazina ar ra\u017eo\u0161anu un utiliz\u0101ciju saist\u012bto ietekmi uz vidi.<\/p>\n<p>Rezum\u0113jot, HCYY11112013 sl\u0113dzenes cilindrs ir vair\u0101k nek\u0101 tikai meh\u0101niska sast\u0101vda\u013ca; t\u0101 ir ap\u0146em\u0161an\u0101s iev\u0113rot vides aizsardz\u012bbas pras\u012bbas. Integr\u0113jot ilgtsp\u0113j\u012bbu sav\u0101 dizain\u0101 un funkcionalit\u0101t\u0113, tas paver ce\u013cu dro\u0161\u0101kai un videi draudz\u012bg\u0101kai r\u016bpnieciskajai praksei. Neatkar\u012bgi no t\u0101, vai str\u0101d\u0101jat ra\u017eo\u0161an\u0101, b\u016bvniec\u012bb\u0101 vai jebkur\u0101 cit\u0101 jom\u0101, kur\u0101 tiek v\u0113rt\u0113ta atbild\u012bba par vidi, \u0161is sl\u0113dzenes cilindrs ir gudra izv\u0113le, kas atbilst j\u016bsu m\u0113r\u0137iem attiec\u012bb\u0101 uz ilgtsp\u0113j\u012bgu n\u0101kotni.<\/p>\n<h2><strong>Iekr\u0101v\u0113ja cilindru ra\u017eo\u0161anas zona:<\/strong><\/h2>\n<h2><img loading=\"lazy\" decoding=\"async\" class=\"alignnone size-full wp-image-16972\" src=\"https:\/\/www.hydraulic-cylinders.net\/wp-content\/uploads\/2025\/01\/hydraulic-cylinder-factory-1-scaled.webp\" alt=\"\" width=\"2016\" height=\"2560\" srcset=\"https:\/\/www.hydraulic-cylinders.net\/wp-content\/uploads\/2025\/01\/hydraulic-cylinder-factory-1-scaled.webp 2016w, https:\/\/www.hydraulic-cylinders.net\/wp-content\/uploads\/2025\/01\/hydraulic-cylinder-factory-1-1280x1625.webp 1280w, https:\/\/www.hydraulic-cylinders.net\/wp-content\/uploads\/2025\/01\/hydraulic-cylinder-factory-1-980x1244.webp 980w, https:\/\/www.hydraulic-cylinders.net\/wp-content\/uploads\/2025\/01\/hydraulic-cylinder-factory-1-480x610.webp 480w\" sizes=\"(min-width: 0px) and (max-width: 480px) 480px, (min-width: 481px) and (max-width: 980px) 980px, (min-width: 981px) and (max-width: 1280px) 1280px, (min-width: 1281px) 2016px, 100vw\" \/><\/h2>\n<p>M\u0113s lepojamies ar modernu neatkar\u012bgu p\u0113tniec\u012bbas un att\u012bst\u012bbas platformu, kas velt\u012bta mont\u0101\u017eai, nodro\u0161inot augst\u0101k\u0101 l\u012bme\u0146a inov\u0101cijas un kvalit\u0101ti m\u016bsu ra\u017eo\u0161anas procesos. M\u016bsu iekr\u0101v\u0113ju cilindru ra\u017eo\u0161anas darbn\u012bc\u0101 ir \u010detras pusautom\u0101tiskas pacel\u0161anas cilindru mont\u0101\u017eas l\u012bnijas un piln\u012bb\u0101 autom\u0101tiska noliecamo cilindru mont\u0101\u017eas l\u012bnija, kas kop\u0101 ir paredz\u0113tas, lai sara\u017eotu l\u012bdz pat vienam miljonam vien\u012bbu gad\u0101.<\/p>\n<p>Turkl\u0101t m\u016bsu specializ\u0113t\u0101 cilindru darbn\u012bca ir apr\u012bkota ar pusautom\u0101tisk\u0101m t\u012br\u012b\u0161anas un mont\u0101\u017eas sist\u0113m\u0101m, kas piel\u0101gotas da\u017e\u0101d\u0101m specifik\u0101cij\u0101m, ar gada ra\u017eo\u0161anas jaudu 200\u00a0000 vien\u012bbu. M\u0113s izmantojam atz\u012btas CNC iek\u0101rtas, apstr\u0101des centrus un specializ\u0113tus instrumentus augstas precizit\u0101tes cilindru apstr\u0101dei. M\u016bsu iek\u0101rt\u0101s ir ar\u012b modernas robotiz\u0113tas metin\u0101\u0161anas iek\u0101rtas, autom\u0101tisk\u0101s t\u012br\u012b\u0161anas sist\u0113mas un piln\u012bb\u0101 automatiz\u0113tas cilindru mont\u0101\u017eas un kr\u0101so\u0161anas l\u012bnijas. Ar vair\u0101k nek\u0101 300 galvenaj\u0101m iek\u0101rt\u0101m, kas darbojas, m\u0113s optimiz\u0113jam resursu sadali un nodro\u0161in\u0101m efekt\u012bvu izmanto\u0161anu, iev\u0113rojot stingrus precizit\u0101tes un kvalit\u0101tes standartus.<\/p>\n<p>M\u016bsu apstr\u0101des ceh\u0101 ir piel\u0101goti sl\u012bpo vadot\u0146u slie\u017eu virpo\u0161anas centri, apstr\u0101des centri, \u0101trgaitas asin\u0101\u0161anas ma\u0161\u012bnas, metin\u0101\u0161anas roboti un cits svar\u012bgs apr\u012bkojums. \u0160\u012b iek\u0101rta \u013cauj mums apstr\u0101d\u0101t cilindriskas caurules ar maksim\u0101lo iek\u0161\u0113jo diametru 400 mm un garumu l\u012bdz 6 metriem, v\u0113l vair\u0101k uzlabojot m\u016bsu ra\u017eo\u0161anas jaudas.<\/p>\n<h2><img loading=\"lazy\" decoding=\"async\" class=\"alignnone size-full wp-image-16973\" src=\"https:\/\/www.hydraulic-cylinders.net\/wp-content\/uploads\/2025\/01\/hydraulic-cylinder-factory-2-scaled.webp\" alt=\"\" width=\"2011\" height=\"2560\" srcset=\"https:\/\/www.hydraulic-cylinders.net\/wp-content\/uploads\/2025\/01\/hydraulic-cylinder-factory-2-scaled.webp 2011w, https:\/\/www.hydraulic-cylinders.net\/wp-content\/uploads\/2025\/01\/hydraulic-cylinder-factory-2-1280x1629.webp 1280w, https:\/\/www.hydraulic-cylinders.net\/wp-content\/uploads\/2025\/01\/hydraulic-cylinder-factory-2-980x1248.webp 980w, https:\/\/www.hydraulic-cylinders.net\/wp-content\/uploads\/2025\/01\/hydraulic-cylinder-factory-2-480x611.webp 480w\" sizes=\"(min-width: 0px) and (max-width: 480px) 480px, (min-width: 481px) and (max-width: 980px) 980px, (min-width: 981px) and (max-width: 1280px) 1280px, (min-width: 1281px) 2011px, 100vw\" \/><\/h2>\n<p>M\u0113s izmantojam piln\u012bb\u0101 autom\u0101tisku \u016bdens b\u0101zes kr\u0101so\u0161anas l\u012bniju, kas \u012bpa\u0161i paredz\u0113ta maziem un vid\u0113jiem baloniem, ar automatiz\u0113tiem iekrau\u0161anas, izkrau\u0161anas un izsmidzin\u0101\u0161anas robotiem. \u0160\u012b modern\u0101 sist\u0113ma lepojas ar ra\u017eo\u0161anas jaudu 4000 vien\u012bbu mai\u0146\u0101. Turkl\u0101t mums ir pusautom\u0101tiska kr\u0101so\u0161anas l\u012bnija lielizm\u0113ra baloniem, ko darbina \u0137\u0113des piedzi\u0146a, ar projekt\u0113to jaudu 60 kastes mai\u0146\u0101.<\/p>\n<p>Lai uzlabotu produktu veiktsp\u0113ju un nostiprin\u0101tu m\u016bsu l\u012bderpoz\u012bcijas hidraulisko cilindru nozar\u0113, m\u0113s sadarbojamies ar ZJIMEE, lai izveidotu visaptvero\u0161u veiktsp\u0113jas laboratoriju, kas velt\u012bta hidrauliskajiem cilindriem, v\u0101rstiem un s\u016bk\u0146iem. \u0160\u012b modern\u0101 laboratorija izmanto datoriz\u0113tu test\u0113\u0161anu ar elektrohidraulisko tehnolo\u0123iju, \u013caujot izmantot iepriek\u0161 iestat\u012btus testa apst\u0101k\u013cus, kas uzlabo precizit\u0101ti un sist\u0113mas daudzpus\u012bbu. Automatiz\u0113taj\u0101 datu v\u0101k\u0161anas proces\u0101 tiek izmantoti sensori, lai apkopotu izejas datus, piem\u0113ram, iek\u0161\u0113jo nopl\u016bdi un slodzes efektivit\u0101ti, kurus p\u0113c tam apstr\u0101d\u0101 dators un konvert\u0113 standarta m\u0113rvien\u012bb\u0101s (ml\/min%).<\/p>\n<p>Turkl\u0101t, lai nodro\u0161in\u0101tu m\u016bsu hidraulisko sist\u0113mu dro\u0161\u012bbu, m\u0113s ievie\u0161am galveno veiktsp\u0113jas parametru, tostarp e\u013c\u013cas temperat\u016bras, \u0161\u0137idruma l\u012bme\u0146a un filtra ier\u012bces st\u0101vok\u013ca, uzraudz\u012bbu. M\u016bsu hidraulisko cilindru testa stends sp\u0113j nov\u0113rt\u0113t \u201cslodzes efektivit\u0101ti\u201d un \u201ciek\u0161\u0113jo nopl\u016bdi\u201d, izmantojot prec\u012bzus r\u0101d\u012bjumus. Tas ir apr\u012bkots ar\u012b ar re\u017e\u0123veida m\u0113rinstrumentu, kas atbilst valsts standartiem, nodro\u0161inot atbilst\u012bbu vis\u0101m hidraulisko cilindru izstr\u0101d\u0101jumu test\u0113\u0161anas pras\u012bb\u0101m.<\/p>\n<p>&nbsp;<\/p>","protected":false},"excerpt":{"rendered":"<p>HCYY11112013 Locking Cylinder For Environmental Protection The HCYY11112013 Locking Cylinder represents a revolutionary advancement in safety and efficiency, particularly for industries dedicated to environmental protection. This innovative component guarantees secure machinery operation while significantly reducing the risk of environmental hazards. What sets the HCYY11112013 Locking Cylinder apart is its remarkable reliability and efficiency. Its robust [&hellip;]<\/p>","protected":false},"featured_media":17031,"comment_status":"open","ping_status":"closed","template":"","meta":{"_et_pb_use_builder":"","_et_pb_old_content":"","_et_gb_content_width":""},"product_brand":[],"product_cat":[1486,1549,1552,1376],"product_tag":[],"class_list":{"0":"post-17024","1":"product","2":"type-product","3":"status-publish","4":"has-post-thumbnail","6":"product_cat-sanitation-machinery-hydraulic-cylinders","7":"product_cat-single-acting-hydraulic-cylinder","8":"product_cat-stainless-steel-hydraulic-cylinder","9":"product_cat-hydraulic-cylinder","11":"first","12":"instock","13":"shipping-taxable","14":"product-type-simple"},"amp_enabled":true,"_links":{"self":[{"href":"https:\/\/www.hydraulic-cylinders.net\/lv\/wp-json\/wp\/v2\/product\/17024","targetHints":{"allow":["GET"]}}],"collection":[{"href":"https:\/\/www.hydraulic-cylinders.net\/lv\/wp-json\/wp\/v2\/product"}],"about":[{"href":"https:\/\/www.hydraulic-cylinders.net\/lv\/wp-json\/wp\/v2\/types\/product"}],"replies":[{"embeddable":true,"href":"https:\/\/www.hydraulic-cylinders.net\/lv\/wp-json\/wp\/v2\/comments?post=17024"}],"wp:featuredmedia":[{"embeddable":true,"href":"https:\/\/www.hydraulic-cylinders.net\/lv\/wp-json\/wp\/v2\/media\/17031"}],"wp:attachment":[{"href":"https:\/\/www.hydraulic-cylinders.net\/lv\/wp-json\/wp\/v2\/media?parent=17024"}],"wp:term":[{"taxonomy":"product_brand","embeddable":true,"href":"https:\/\/www.hydraulic-cylinders.net\/lv\/wp-json\/wp\/v2\/product_brand?post=17024"},{"taxonomy":"product_cat","embeddable":true,"href":"https:\/\/www.hydraulic-cylinders.net\/lv\/wp-json\/wp\/v2\/product_cat?post=17024"},{"taxonomy":"product_tag","embeddable":true,"href":"https:\/\/www.hydraulic-cylinders.net\/lv\/wp-json\/wp\/v2\/product_tag?post=17024"}],"curies":[{"name":"wp","href":"https:\/\/api.w.org\/{rel}","templated":true}]}}