{"id":17032,"date":"2025-01-23T08:17:40","date_gmt":"2025-01-23T08:17:40","guid":{"rendered":"https:\/\/www.hydraulic-cylinders.net\/?post_type=product&#038;p=17032"},"modified":"2025-04-15T05:47:52","modified_gmt":"2025-04-15T05:47:52","slug":"hcyy11112014-swing-arm-cylinder-for-environmental-protection","status":"publish","type":"product","link":"https:\/\/www.hydraulic-cylinders.net\/lv\/products\/hcyy11112014-swing-arm-cylinder-for-environmental-protection\/","title":{"rendered":"HCYY11112014 \u0160arn\u012brsavienojuma cilindrs vides aizsardz\u012bbai"},"content":{"rendered":"<h1 style=\"text-align: center;\"><strong>HCYY11112014 \u0160arn\u012brsavienojuma cilindrs vides aizsardz\u012bbai<\/strong><\/h1>\n<h1 style=\"text-align: center;\"><img loading=\"lazy\" decoding=\"async\" class=\"alignnone size-full wp-image-17034\" src=\"https:\/\/www.hydraulic-cylinders.net\/wp-content\/uploads\/2025\/01\/hcyy11112014-swing-arm-cylinder-2.webp\" alt=\"\" width=\"1495\" height=\"516\" srcset=\"https:\/\/www.hydraulic-cylinders.net\/wp-content\/uploads\/2025\/01\/hcyy11112014-swing-arm-cylinder-2.webp 1495w, https:\/\/www.hydraulic-cylinders.net\/wp-content\/uploads\/2025\/01\/hcyy11112014-swing-arm-cylinder-2-1280x442.webp 1280w, https:\/\/www.hydraulic-cylinders.net\/wp-content\/uploads\/2025\/01\/hcyy11112014-swing-arm-cylinder-2-980x338.webp 980w, https:\/\/www.hydraulic-cylinders.net\/wp-content\/uploads\/2025\/01\/hcyy11112014-swing-arm-cylinder-2-480x166.webp 480w\" sizes=\"(min-width: 0px) and (max-width: 480px) 480px, (min-width: 481px) and (max-width: 980px) 980px, (min-width: 981px) and (max-width: 1280px) 1280px, (min-width: 1281px) 1495px, 100vw\" \/><\/h1>\n<p>HCYY11112014 groz\u0101m\u0101s sviras cilindrs ir moderns risin\u0101jums, kas uzlabo darb\u012bbas efektivit\u0101ti, vienlaikus pie\u0161\u0137irot priorit\u0101ti vides ilgtsp\u0113j\u012bbai. \u0160is inovat\u012bvais produkts kalpo da\u017e\u0101d\u0101m nozar\u0113m, nodro\u0161inot uzticamu veiktsp\u0113ju ar minim\u0101lu ietekmi uz vidi.<\/p>\n<p>K\u0101 iev\u0113rojams sasniegums videi draudz\u012bg\u0101s tehnolo\u0123ij\u0101s, HCYY11112014 \u0161\u016bpoles sviras cilindrs iemieso iztur\u012bbu un efektivit\u0101ti, padarot to par ide\u0101lu izv\u0113li uz\u0146\u0113mumiem, kas ap\u0146\u0113mu\u0161ies nodro\u0161in\u0101t ilgtsp\u0113j\u012bbu. Iek\u013caujot \u0161o produktu sav\u0101 darb\u012bb\u0101, j\u016bs ne tikai palielin\u0101t produktivit\u0101ti, bet ar\u012b veicin\u0101t vesel\u012bg\u0101ku plan\u0113tu. Izdariet gudru izv\u0113li jau \u0161odien, ieguldot HCYY11112014 un izbaudiet jaun\u0101k\u0101s tehnolo\u0123ijas priek\u0161roc\u012bbas, kas izstr\u0101d\u0101tas, pamatojoties uz vides aizsardz\u012bbu.<\/p>\n<h2><strong>HCYY11112014 \u0160arn\u012brsavienojuma cilindrs vides aizsardz\u012bbas parametram:<\/strong><\/h2>\n<h1 style=\"text-align: center;\"><img loading=\"lazy\" decoding=\"async\" class=\"alignnone size-full wp-image-17033\" src=\"https:\/\/www.hydraulic-cylinders.net\/wp-content\/uploads\/2025\/01\/hcyy11112014-swing-arm-cylinder-1.webp\" alt=\"\" width=\"1515\" height=\"142\" srcset=\"https:\/\/www.hydraulic-cylinders.net\/wp-content\/uploads\/2025\/01\/hcyy11112014-swing-arm-cylinder-1.webp 1515w, https:\/\/www.hydraulic-cylinders.net\/wp-content\/uploads\/2025\/01\/hcyy11112014-swing-arm-cylinder-1-1280x120.webp 1280w, https:\/\/www.hydraulic-cylinders.net\/wp-content\/uploads\/2025\/01\/hcyy11112014-swing-arm-cylinder-1-980x92.webp 980w, https:\/\/www.hydraulic-cylinders.net\/wp-content\/uploads\/2025\/01\/hcyy11112014-swing-arm-cylinder-1-480x45.webp 480w\" sizes=\"(min-width: 0px) and (max-width: 480px) 480px, (min-width: 481px) and (max-width: 980px) 980px, (min-width: 981px) and (max-width: 1280px) 1280px, (min-width: 1281px) 1515px, 100vw\" \/><\/h1>\n<h1 style=\"text-align: center;\"><img loading=\"lazy\" decoding=\"async\" class=\"alignnone size-full wp-image-17035\" src=\"https:\/\/www.hydraulic-cylinders.net\/wp-content\/uploads\/2025\/01\/hcyy11112014-swing-arm-cylinder-3.webp\" alt=\"\" width=\"1480\" height=\"710\" srcset=\"https:\/\/www.hydraulic-cylinders.net\/wp-content\/uploads\/2025\/01\/hcyy11112014-swing-arm-cylinder-3.webp 1480w, https:\/\/www.hydraulic-cylinders.net\/wp-content\/uploads\/2025\/01\/hcyy11112014-swing-arm-cylinder-3-1280x614.webp 1280w, https:\/\/www.hydraulic-cylinders.net\/wp-content\/uploads\/2025\/01\/hcyy11112014-swing-arm-cylinder-3-980x470.webp 980w, https:\/\/www.hydraulic-cylinders.net\/wp-content\/uploads\/2025\/01\/hcyy11112014-swing-arm-cylinder-3-480x230.webp 480w\" sizes=\"(min-width: 0px) and (max-width: 480px) 480px, (min-width: 481px) and (max-width: 980px) 980px, (min-width: 981px) and (max-width: 1280px) 1280px, (min-width: 1281px) 1480px, 100vw\" \/> <img loading=\"lazy\" decoding=\"async\" class=\"alignnone size-full wp-image-17036\" src=\"https:\/\/www.hydraulic-cylinders.net\/wp-content\/uploads\/2025\/01\/hcyy11112014-swing-arm-cylinder-4.webp\" alt=\"\" width=\"1476\" height=\"707\" srcset=\"https:\/\/www.hydraulic-cylinders.net\/wp-content\/uploads\/2025\/01\/hcyy11112014-swing-arm-cylinder-4.webp 1476w, https:\/\/www.hydraulic-cylinders.net\/wp-content\/uploads\/2025\/01\/hcyy11112014-swing-arm-cylinder-4-1280x613.webp 1280w, https:\/\/www.hydraulic-cylinders.net\/wp-content\/uploads\/2025\/01\/hcyy11112014-swing-arm-cylinder-4-980x469.webp 980w, https:\/\/www.hydraulic-cylinders.net\/wp-content\/uploads\/2025\/01\/hcyy11112014-swing-arm-cylinder-4-480x230.webp 480w\" sizes=\"(min-width: 0px) and (max-width: 480px) 480px, (min-width: 481px) and (max-width: 980px) 980px, (min-width: 981px) and (max-width: 1280px) 1280px, (min-width: 1281px) 1476px, 100vw\" \/> <img loading=\"lazy\" decoding=\"async\" class=\"alignnone size-full wp-image-17037\" src=\"https:\/\/www.hydraulic-cylinders.net\/wp-content\/uploads\/2025\/01\/hcyy11112014-swing-arm-cylinder-5.webp\" alt=\"\" width=\"1411\" height=\"704\" srcset=\"https:\/\/www.hydraulic-cylinders.net\/wp-content\/uploads\/2025\/01\/hcyy11112014-swing-arm-cylinder-5.webp 1411w, https:\/\/www.hydraulic-cylinders.net\/wp-content\/uploads\/2025\/01\/hcyy11112014-swing-arm-cylinder-5-1280x639.webp 1280w, https:\/\/www.hydraulic-cylinders.net\/wp-content\/uploads\/2025\/01\/hcyy11112014-swing-arm-cylinder-5-980x489.webp 980w, https:\/\/www.hydraulic-cylinders.net\/wp-content\/uploads\/2025\/01\/hcyy11112014-swing-arm-cylinder-5-480x239.webp 480w\" sizes=\"(min-width: 0px) and (max-width: 480px) 480px, (min-width: 481px) and (max-width: 980px) 980px, (min-width: 981px) and (max-width: 1280px) 1280px, (min-width: 1281px) 1411px, 100vw\" \/><\/h1>\n<h2><strong>Cilindru s\u0113rija vides aizsardz\u012bbai:<\/strong><\/h2>\n<h2><img loading=\"lazy\" decoding=\"async\" class=\"alignnone size-full wp-image-17030\" src=\"https:\/\/www.hydraulic-cylinders.net\/wp-content\/uploads\/2025\/01\/cylinder-series-for-environmental-protection-scaled.webp\" alt=\"\" width=\"2044\" height=\"2560\" srcset=\"https:\/\/www.hydraulic-cylinders.net\/wp-content\/uploads\/2025\/01\/cylinder-series-for-environmental-protection-scaled.webp 2044w, https:\/\/www.hydraulic-cylinders.net\/wp-content\/uploads\/2025\/01\/cylinder-series-for-environmental-protection-1280x1603.webp 1280w, https:\/\/www.hydraulic-cylinders.net\/wp-content\/uploads\/2025\/01\/cylinder-series-for-environmental-protection-980x1227.webp 980w, https:\/\/www.hydraulic-cylinders.net\/wp-content\/uploads\/2025\/01\/cylinder-series-for-environmental-protection-480x601.webp 480w\" sizes=\"(min-width: 0px) and (max-width: 480px) 480px, (min-width: 481px) and (max-width: 980px) 980px, (min-width: 981px) and (max-width: 1280px) 1280px, (min-width: 1281px) 2044px, 100vw\" \/><\/h2>\n<h2><strong>HCYY11112014 groz\u0101m\u0101s rokas cilindra galven\u0101s iez\u012bmes vides aizsardz\u012bbai:<\/strong><\/h2>\n<h4><strong>Videi draudz\u012bgi materi\u0101li<\/strong><\/h4>\n<p>HCYY11112014 groz\u0101m\u0101s sviras cilindrs ir izgatavots no augstas kvalit\u0101tes, p\u0101rstr\u0101d\u0101jamiem un ilgtsp\u0113j\u012bgiem materi\u0101liem. \u0160\u012b ap\u0146em\u0161an\u0101s atbild\u012bgai ra\u017eo\u0161anai samazina ietekmi uz vidi un atbalsta aprites ekonomiku. Izv\u0113loties \u0161o cilindru, j\u016bs sniedzat savu ieguld\u012bjumu n\u0101kotn\u0113, kur\u0101 tiek samazin\u0101ts atkritumu daudzums un maksim\u0101li izmantoti resursi.<\/p>\n<h4><strong>Zems ener\u0123ijas pat\u0113ri\u0146\u0161<\/strong><\/h4>\n<p>Designed with energy efficiency in mind, the HCYY11112014 significantly lowers operational costs. Its innovative engineering reduces energy usage, leading to decreased carbon emissions. This means that not only do you save on expenses, but you also play a vital role in combating climate change. It&#8217;s a win-win for your business and the planet.<\/p>\n<h4><strong>Uzlabota bl\u012bv\u0113\u0161anas tehnolo\u0123ija<\/strong><\/h4>\n<p>Dro\u0161\u012bba un vides aizsardz\u012bba ir \u0101rk\u0101rt\u012bgi svar\u012bgas, t\u0101p\u0113c HCYY11112014 ir apr\u012bkots ar modern\u0101kajiem bl\u012bv\u0113\u0161anas meh\u0101nismiem. \u0160ie uzlabotie bl\u012bv\u0113jumi efekt\u012bvi nov\u0113r\u0161 b\u012bstamu vielu nopl\u016bdes, nodro\u0161inot, ka j\u016bsu darb\u012bbas neapdraud apk\u0101rt\u0113jo ekosist\u0113mu. \u0160\u012b tehnolo\u0123ija uzlabo dro\u0161\u012bbu un veicina uztic\u0113\u0161anos starp ieinteres\u0113taj\u0101m person\u0101m un sabiedr\u012bbu.<\/p>\n<h4><strong>Iztur\u012bga konstrukcija<\/strong><\/h4>\n<p>HCYY11112014 ir rad\u012bts, lai iztur\u0113tu vissare\u017e\u0123\u012bt\u0101kos apst\u0101k\u013cus, un tam piem\u012bt izcila iztur\u012bba. T\u0101 iztur\u012bg\u0101 konstrukcija nodro\u0161ina ilgu kalpo\u0161anas laiku, samazinot nepiecie\u0161am\u012bbu p\u0113c bie\u017eas nomai\u0146as. \u0160\u012b iztur\u012bba noz\u012bm\u0113 uzticam\u012bbu, \u013caujot j\u016bsu darb\u012bbai norit\u0113t nevainojami bez p\u0101rtraukumiem un samazinot kop\u0113j\u0101s apkopes izmaksas.<\/p>\n<h4><strong>Kompakts dizains<\/strong><\/h4>\n<p>The HCYY11112014&#8217;s innovative compact design makes it a versatile choice for various applications. Its space-saving profile allows for seamless integration into existing systems without sacrificing performance. This adaptability enables you to optimize your workspace, maximizing efficiency and productivity in your operations.<\/p>\n<p>Izv\u0113loties HCYY11112014 groz\u0101m\u0101s sviras cilindru, j\u016bs ieg\u0101d\u0101jaties produktu, kas iemieso ilgtsp\u0113j\u012bbu, efektivit\u0101ti un inov\u0101cijas. Izbaudiet at\u0161\u0137ir\u012bbu, ko videi draudz\u012bga in\u017eenierija var rad\u012bt j\u016bsu uz\u0146\u0113mumam un m\u016bsu plan\u0113tas n\u0101kotnei.<\/p>\n<h2><strong>Kas padara Hcyy11112014 \u0161\u016bpoles sviras cilindru videi draudz\u012bgu?<\/strong><\/h2>\n<p>HCYY11112014 groz\u0101m\u0101s sviras cilindrs izce\u013cas k\u0101 videi draudz\u012bga izv\u0113le vair\u0101ku p\u0101rliecino\u0161u iemeslu d\u0113\u013c:<\/p>\n<h4><strong>1. Ilgtsp\u0113j\u012bgi materi\u0101li<\/strong><\/h4>\n<p>\u0160is cilindrs ir izgatavots no p\u0101rstr\u0101d\u0101jamiem un ilgtsp\u0113j\u012bgiem materi\u0101liem, un tas atspogu\u013co ap\u0146em\u0161anos atbild\u012bgi ra\u017eot. Izv\u0113loties \u0161o produktu, j\u016bs atbalst\u0101t aprites ekonomiku, kur\u0101 priorit\u0101te ir resursu taup\u012b\u0161ana un atkritumu samazin\u0101\u0161ana.<\/p>\n<h4><strong>2. Energoefektivit\u0101te<\/strong><\/h4>\n<p>HCYY11112014, kas izstr\u0101d\u0101ts ar zemu ener\u0123ijas pat\u0113ri\u0146u, iev\u0113rojami samazina ekspluat\u0101cijas izmaksas. T\u0101 energoefekt\u012bv\u0101 tehnolo\u0123ija ietaupa j\u016bsu naudu un samazina oglek\u013ca emisijas, sp\u0113l\u0113jot iz\u0161\u0137iro\u0161u lomu c\u012b\u0146\u0101 pret klimata p\u0101rmai\u0146\u0101m. Tas noz\u012bm\u0113, ka j\u016bs varat uzlabot produktivit\u0101ti, vienlaikus saudz\u0113jot plan\u0113tu.<\/p>\n<h4><strong>3. Uzlabota bl\u012bv\u0113\u0161anas tehnolo\u0123ija<\/strong><\/h4>\n<p>Dro\u0161\u012bba ir vissvar\u012bg\u0101k\u0101, un HCYY11112014 \u0161aj\u0101 jom\u0101 izce\u013cas. T\u0101 modern\u0101kie bl\u012bv\u0113\u0161anas meh\u0101nismi efekt\u012bvi nov\u0113r\u0161 b\u012bstamu vielu nopl\u016bdes, aizsarg\u0101jot vidi un nodro\u0161inot atbilst\u012bbu dro\u0161\u012bbas standartiem. \u0160\u012b tehnolo\u0123ija veicina uztic\u0113\u0161anos ieinteres\u0113to personu vid\u016b un apliecina ap\u0146em\u0161anos r\u016bp\u0113ties par vidi.<\/p>\n<h4><strong>4. Izcila iztur\u012bba<\/strong><\/h4>\n<p>HCYY11112014 ir rad\u012bts, lai iztur\u0113tu skarbus apst\u0101k\u013cus, un tam ir ilgs kalpo\u0161anas laiks. \u0160\u012b iztur\u012bba samazina nepiecie\u0161am\u012bbu p\u0113c bie\u017eas nomai\u0146as, samazinot atkritumus un veicinot ilgtsp\u0113j\u012bg\u0101ku darb\u012bbas modeli. Ar \u0161o cilindru j\u016bs g\u016bstat labumu no uzticam\u012bbas un sirdsmiera.<\/p>\n<h4><strong>5. Vietu taupo\u0161s dizains<\/strong><\/h4>\n<p>T\u0101 kompaktais dizains \u013cauj to viegli integr\u0113t eso\u0161aj\u0101s sist\u0113m\u0101s, nezaud\u0113jot veiktsp\u0113ju. \u0160\u012b piel\u0101gojam\u012bba optimiz\u0113 j\u016bsu darba vietu un uzlabo kop\u0113jo efektivit\u0101ti, padarot to par daudzpus\u012bgu risin\u0101jumu da\u017e\u0101diem lietojumiem.<\/p>\n<p>In summary, the HCYY11112014 Swing Arm Cylinder is more than just a functional component; it\u2019s a forward-thinking investment in sustainability. By choosing this eco-friendly option, you&#8217;re making a positive impact on both your operations and the environment, paving the way for a greener future.<\/p>\n<h2><strong>Iekr\u0101v\u0113ja cilindru ra\u017eo\u0161anas zona:<\/strong><\/h2>\n<h2><img loading=\"lazy\" decoding=\"async\" class=\"alignnone size-full wp-image-16972\" src=\"https:\/\/www.hydraulic-cylinders.net\/wp-content\/uploads\/2025\/01\/hydraulic-cylinder-factory-1-scaled.webp\" alt=\"\" width=\"2016\" height=\"2560\" srcset=\"https:\/\/www.hydraulic-cylinders.net\/wp-content\/uploads\/2025\/01\/hydraulic-cylinder-factory-1-scaled.webp 2016w, https:\/\/www.hydraulic-cylinders.net\/wp-content\/uploads\/2025\/01\/hydraulic-cylinder-factory-1-1280x1625.webp 1280w, https:\/\/www.hydraulic-cylinders.net\/wp-content\/uploads\/2025\/01\/hydraulic-cylinder-factory-1-980x1244.webp 980w, https:\/\/www.hydraulic-cylinders.net\/wp-content\/uploads\/2025\/01\/hydraulic-cylinder-factory-1-480x610.webp 480w\" sizes=\"(min-width: 0px) and (max-width: 480px) 480px, (min-width: 481px) and (max-width: 980px) 980px, (min-width: 981px) and (max-width: 1280px) 1280px, (min-width: 1281px) 2016px, 100vw\" \/><\/h2>\n<p>M\u0113s lepojamies ar modernu neatkar\u012bgu p\u0113tniec\u012bbas un att\u012bst\u012bbas platformu, kas velt\u012bta mont\u0101\u017eai, nodro\u0161inot augst\u0101k\u0101 l\u012bme\u0146a inov\u0101cijas un kvalit\u0101ti m\u016bsu ra\u017eo\u0161anas procesos. M\u016bsu iekr\u0101v\u0113ju cilindru ra\u017eo\u0161anas darbn\u012bc\u0101 ir \u010detras pusautom\u0101tiskas pacel\u0161anas cilindru mont\u0101\u017eas l\u012bnijas un piln\u012bb\u0101 autom\u0101tiska noliecamo cilindru mont\u0101\u017eas l\u012bnija, kas kop\u0101 ir paredz\u0113tas, lai sara\u017eotu l\u012bdz pat vienam miljonam vien\u012bbu gad\u0101.<\/p>\n<p>Turkl\u0101t m\u016bsu specializ\u0113t\u0101 cilindru darbn\u012bca ir apr\u012bkota ar pusautom\u0101tisk\u0101m t\u012br\u012b\u0161anas un mont\u0101\u017eas sist\u0113m\u0101m, kas piel\u0101gotas da\u017e\u0101d\u0101m specifik\u0101cij\u0101m, ar gada ra\u017eo\u0161anas jaudu 200\u00a0000 vien\u012bbu. M\u0113s izmantojam atz\u012btas CNC iek\u0101rtas, apstr\u0101des centrus un specializ\u0113tus instrumentus augstas precizit\u0101tes cilindru apstr\u0101dei. M\u016bsu iek\u0101rt\u0101s ir ar\u012b modernas robotiz\u0113tas metin\u0101\u0161anas iek\u0101rtas, autom\u0101tisk\u0101s t\u012br\u012b\u0161anas sist\u0113mas un piln\u012bb\u0101 automatiz\u0113tas cilindru mont\u0101\u017eas un kr\u0101so\u0161anas l\u012bnijas. Ar vair\u0101k nek\u0101 300 galvenaj\u0101m iek\u0101rt\u0101m, kas darbojas, m\u0113s optimiz\u0113jam resursu sadali un nodro\u0161in\u0101m efekt\u012bvu izmanto\u0161anu, iev\u0113rojot stingrus precizit\u0101tes un kvalit\u0101tes standartus.<\/p>\n<p>M\u016bsu apstr\u0101des ceh\u0101 ir piel\u0101goti sl\u012bpo vadot\u0146u slie\u017eu virpo\u0161anas centri, apstr\u0101des centri, \u0101trgaitas asin\u0101\u0161anas ma\u0161\u012bnas, metin\u0101\u0161anas roboti un cits svar\u012bgs apr\u012bkojums. \u0160\u012b iek\u0101rta \u013cauj mums apstr\u0101d\u0101t cilindriskas caurules ar maksim\u0101lo iek\u0161\u0113jo diametru 400 mm un garumu l\u012bdz 6 metriem, v\u0113l vair\u0101k uzlabojot m\u016bsu ra\u017eo\u0161anas jaudas.<\/p>\n<h2><img loading=\"lazy\" decoding=\"async\" class=\"alignnone size-full wp-image-16973\" src=\"https:\/\/www.hydraulic-cylinders.net\/wp-content\/uploads\/2025\/01\/hydraulic-cylinder-factory-2-scaled.webp\" alt=\"\" width=\"2011\" height=\"2560\" srcset=\"https:\/\/www.hydraulic-cylinders.net\/wp-content\/uploads\/2025\/01\/hydraulic-cylinder-factory-2-scaled.webp 2011w, https:\/\/www.hydraulic-cylinders.net\/wp-content\/uploads\/2025\/01\/hydraulic-cylinder-factory-2-1280x1629.webp 1280w, https:\/\/www.hydraulic-cylinders.net\/wp-content\/uploads\/2025\/01\/hydraulic-cylinder-factory-2-980x1248.webp 980w, https:\/\/www.hydraulic-cylinders.net\/wp-content\/uploads\/2025\/01\/hydraulic-cylinder-factory-2-480x611.webp 480w\" sizes=\"(min-width: 0px) and (max-width: 480px) 480px, (min-width: 481px) and (max-width: 980px) 980px, (min-width: 981px) and (max-width: 1280px) 1280px, (min-width: 1281px) 2011px, 100vw\" \/><\/h2>\n<p>M\u0113s izmantojam piln\u012bb\u0101 autom\u0101tisku \u016bdens b\u0101zes kr\u0101so\u0161anas l\u012bniju, kas \u012bpa\u0161i paredz\u0113ta maziem un vid\u0113jiem baloniem, ar automatiz\u0113tiem iekrau\u0161anas, izkrau\u0161anas un izsmidzin\u0101\u0161anas robotiem. \u0160\u012b modern\u0101 sist\u0113ma lepojas ar ra\u017eo\u0161anas jaudu 4000 vien\u012bbu mai\u0146\u0101. Turkl\u0101t mums ir pusautom\u0101tiska kr\u0101so\u0161anas l\u012bnija lielizm\u0113ra baloniem, ko darbina \u0137\u0113des piedzi\u0146a, ar projekt\u0113to jaudu 60 kastes mai\u0146\u0101.<\/p>\n<p>Lai uzlabotu produktu veiktsp\u0113ju un nostiprin\u0101tu m\u016bsu l\u012bderpoz\u012bcijas hidraulisko cilindru nozar\u0113, m\u0113s sadarbojamies ar ZJIMEE, lai izveidotu visaptvero\u0161u veiktsp\u0113jas laboratoriju, kas velt\u012bta hidrauliskajiem cilindriem, v\u0101rstiem un s\u016bk\u0146iem. \u0160\u012b modern\u0101 laboratorija izmanto datoriz\u0113tu test\u0113\u0161anu ar elektrohidraulisko tehnolo\u0123iju, \u013caujot izmantot iepriek\u0161 iestat\u012btus testa apst\u0101k\u013cus, kas uzlabo precizit\u0101ti un sist\u0113mas daudzpus\u012bbu. Automatiz\u0113taj\u0101 datu v\u0101k\u0161anas proces\u0101 tiek izmantoti sensori, lai apkopotu izejas datus, piem\u0113ram, iek\u0161\u0113jo nopl\u016bdi un slodzes efektivit\u0101ti, kurus p\u0113c tam apstr\u0101d\u0101 dators un konvert\u0113 standarta m\u0113rvien\u012bb\u0101s (ml\/min%).<\/p>\n<p>Turkl\u0101t, lai nodro\u0161in\u0101tu m\u016bsu hidraulisko sist\u0113mu dro\u0161\u012bbu, m\u0113s ievie\u0161am galveno veiktsp\u0113jas parametru, tostarp e\u013c\u013cas temperat\u016bras, \u0161\u0137idruma l\u012bme\u0146a un filtra ier\u012bces st\u0101vok\u013ca, uzraudz\u012bbu. M\u016bsu hidraulisko cilindru testa stends sp\u0113j nov\u0113rt\u0113t \u201cslodzes efektivit\u0101ti\u201d un \u201ciek\u0161\u0113jo nopl\u016bdi\u201d, izmantojot prec\u012bzus r\u0101d\u012bjumus. Tas ir apr\u012bkots ar\u012b ar re\u017e\u0123veida m\u0113rinstrumentu, kas atbilst valsts standartiem, nodro\u0161inot atbilst\u012bbu vis\u0101m hidraulisko cilindru izstr\u0101d\u0101jumu test\u0113\u0161anas pras\u012bb\u0101m.<\/p>\n<p>&nbsp;<\/p>","protected":false},"excerpt":{"rendered":"<p>HCYY11112014 Swing Arm Cylinder For Environmental Protection The HCYY11112014 Swing Arm Cylinder is a state-of-the-art solution that boosts operational efficiency while prioritizing environmental sustainability. This innovative product serves various industries, delivering reliable performance with minimal ecological impact. As a significant advancement in eco-friendly technology, the HCYY11112014 Swing Arm Cylinder embodies durability and efficiency, making it [&hellip;]<\/p>","protected":false},"featured_media":17044,"comment_status":"open","ping_status":"closed","template":"","meta":{"_et_pb_use_builder":"","_et_pb_old_content":"","_et_gb_content_width":""},"product_brand":[],"product_cat":[1550,1486,1552,1376],"product_tag":[],"class_list":{"0":"post-17032","1":"product","2":"type-product","3":"status-publish","4":"has-post-thumbnail","6":"product_cat-double-acting-hydraulic-cylinder","7":"product_cat-sanitation-machinery-hydraulic-cylinders","8":"product_cat-stainless-steel-hydraulic-cylinder","9":"product_cat-hydraulic-cylinder","11":"first","12":"instock","13":"shipping-taxable","14":"product-type-simple"},"amp_enabled":true,"_links":{"self":[{"href":"https:\/\/www.hydraulic-cylinders.net\/lv\/wp-json\/wp\/v2\/product\/17032","targetHints":{"allow":["GET"]}}],"collection":[{"href":"https:\/\/www.hydraulic-cylinders.net\/lv\/wp-json\/wp\/v2\/product"}],"about":[{"href":"https:\/\/www.hydraulic-cylinders.net\/lv\/wp-json\/wp\/v2\/types\/product"}],"replies":[{"embeddable":true,"href":"https:\/\/www.hydraulic-cylinders.net\/lv\/wp-json\/wp\/v2\/comments?post=17032"}],"wp:featuredmedia":[{"embeddable":true,"href":"https:\/\/www.hydraulic-cylinders.net\/lv\/wp-json\/wp\/v2\/media\/17044"}],"wp:attachment":[{"href":"https:\/\/www.hydraulic-cylinders.net\/lv\/wp-json\/wp\/v2\/media?parent=17032"}],"wp:term":[{"taxonomy":"product_brand","embeddable":true,"href":"https:\/\/www.hydraulic-cylinders.net\/lv\/wp-json\/wp\/v2\/product_brand?post=17032"},{"taxonomy":"product_cat","embeddable":true,"href":"https:\/\/www.hydraulic-cylinders.net\/lv\/wp-json\/wp\/v2\/product_cat?post=17032"},{"taxonomy":"product_tag","embeddable":true,"href":"https:\/\/www.hydraulic-cylinders.net\/lv\/wp-json\/wp\/v2\/product_tag?post=17032"}],"curies":[{"name":"wp","href":"https:\/\/api.w.org\/{rel}","templated":true}]}}