{"id":17038,"date":"2025-01-23T08:39:26","date_gmt":"2025-01-23T08:39:26","guid":{"rendered":"https:\/\/www.hydraulic-cylinders.net\/?post_type=product&#038;p=17038"},"modified":"2025-04-15T05:47:49","modified_gmt":"2025-04-15T05:47:49","slug":"hcyy11112015-telescopic-cylinder-for-environmental-protection","status":"publish","type":"product","link":"https:\/\/www.hydraulic-cylinders.net\/lv\/products\/hcyy11112015-telescopic-cylinder-for-environmental-protection\/","title":{"rendered":"HCYY11112015 Teleskopiskais cilindrs vides aizsardz\u012bbai"},"content":{"rendered":"<h1 style=\"text-align: center;\"><strong>HCYY11112015 Teleskopiskais cilindrs vides aizsardz\u012bbai<\/strong><\/h1>\n<h1 style=\"text-align: center;\"><img loading=\"lazy\" decoding=\"async\" class=\"alignnone size-full wp-image-17040\" src=\"https:\/\/www.hydraulic-cylinders.net\/wp-content\/uploads\/2025\/01\/hcyy11112015-telescopic-cylinder-2.webp\" alt=\"\" width=\"1497\" height=\"514\" srcset=\"https:\/\/www.hydraulic-cylinders.net\/wp-content\/uploads\/2025\/01\/hcyy11112015-telescopic-cylinder-2.webp 1497w, https:\/\/www.hydraulic-cylinders.net\/wp-content\/uploads\/2025\/01\/hcyy11112015-telescopic-cylinder-2-1280x439.webp 1280w, https:\/\/www.hydraulic-cylinders.net\/wp-content\/uploads\/2025\/01\/hcyy11112015-telescopic-cylinder-2-980x336.webp 980w, https:\/\/www.hydraulic-cylinders.net\/wp-content\/uploads\/2025\/01\/hcyy11112015-telescopic-cylinder-2-480x165.webp 480w\" sizes=\"(min-width: 0px) and (max-width: 480px) 480px, (min-width: 481px) and (max-width: 980px) 980px, (min-width: 981px) and (max-width: 1280px) 1280px, (min-width: 1281px) 1497px, 100vw\" \/><\/h1>\n<p>Teleskopiskais cilindrs HCYY11112015 ir profesion\u0101li izstr\u0101d\u0101ts nozar\u0113m, kur\u0101m nepiecie\u0161ama gan augsta efektivit\u0101te, gan ap\u0146em\u0161an\u0101s iev\u0113rot vides ilgtsp\u0113j\u012bbu. \u0160is modern\u0101kais cilindrs nodro\u0161ina izcilu veiktsp\u0113ju, vienlaikus iek\u013caujot videi draudz\u012bgas funkcijas, padarot to par ide\u0101lu risin\u0101jumu pla\u0161am pielietojumu kl\u0101stam, tostarp b\u016bvniec\u012bbai, ra\u017eo\u0161anai un atkritumu apsaimnieko\u0161anai.<\/p>\n<p>Iedom\u0101jieties produktu, kas ne tikai atbilst j\u016bsu darb\u012bbas stingraj\u0101m pras\u012bb\u0101m, bet ar\u012b veicina vesel\u012bg\u0101ku plan\u0113tu. HCYY11112015 \u0161o l\u012bdzsvaru pan\u0101k bez piep\u016bles. T\u0101 inovat\u012bvais dizains nodro\u0161ina maksim\u0101lu iztur\u012bbu un ilgm\u016b\u017e\u012bbu, nodro\u0161inot, ka tas var viegli tikt gal\u0101 ar smag\u0101m slodz\u0113m un sare\u017e\u0123\u012btiem apst\u0101k\u013ciem.<\/p>\n<p>Whether you&#8217;re lifting materials on a construction site, streamlining processes in a manufacturing facility, or managing waste effectively, this telescopic cylinder stands out as the top choice. It empowers industries to operate efficiently while minimizing their carbon footprint, aligning perfectly with today\u2019s green initiatives.<\/p>\n<p>Izv\u0113lieties teleskopisko cilindru HCYY11112015 un izbaudiet perfektu jaudas un ilgtsp\u0113j\u012bbas apvienojumu, kas revolucioniz\u0113 j\u016bsu pieeju r\u016bpnieciskajiem izaicin\u0101jumiem. Izbaudiet n\u0101kotni, kur\u0101 veiktsp\u0113ja un atbild\u012bba par vidi iet roku rok\u0101.<\/p>\n<h2><strong>HCYY11112015 Teleskopiskais cilindrs vides aizsardz\u012bbas parametram:<\/strong><\/h2>\n<h1 style=\"text-align: center;\"><img loading=\"lazy\" decoding=\"async\" class=\"alignnone size-full wp-image-17039\" src=\"https:\/\/www.hydraulic-cylinders.net\/wp-content\/uploads\/2025\/01\/hcyy11112015-telescopic-cylinder-1.webp\" alt=\"\" width=\"1512\" height=\"142\" srcset=\"https:\/\/www.hydraulic-cylinders.net\/wp-content\/uploads\/2025\/01\/hcyy11112015-telescopic-cylinder-1.webp 1512w, https:\/\/www.hydraulic-cylinders.net\/wp-content\/uploads\/2025\/01\/hcyy11112015-telescopic-cylinder-1-1280x120.webp 1280w, https:\/\/www.hydraulic-cylinders.net\/wp-content\/uploads\/2025\/01\/hcyy11112015-telescopic-cylinder-1-980x92.webp 980w, https:\/\/www.hydraulic-cylinders.net\/wp-content\/uploads\/2025\/01\/hcyy11112015-telescopic-cylinder-1-480x45.webp 480w\" sizes=\"(min-width: 0px) and (max-width: 480px) 480px, (min-width: 481px) and (max-width: 980px) 980px, (min-width: 981px) and (max-width: 1280px) 1280px, (min-width: 1281px) 1512px, 100vw\" \/><\/h1>\n<h1 style=\"text-align: center;\"><img loading=\"lazy\" decoding=\"async\" class=\"alignnone size-full wp-image-17041\" src=\"https:\/\/www.hydraulic-cylinders.net\/wp-content\/uploads\/2025\/01\/hcyy11112015-telescopic-cylinder-3.webp\" alt=\"\" width=\"1477\" height=\"711\" srcset=\"https:\/\/www.hydraulic-cylinders.net\/wp-content\/uploads\/2025\/01\/hcyy11112015-telescopic-cylinder-3.webp 1477w, https:\/\/www.hydraulic-cylinders.net\/wp-content\/uploads\/2025\/01\/hcyy11112015-telescopic-cylinder-3-1280x616.webp 1280w, https:\/\/www.hydraulic-cylinders.net\/wp-content\/uploads\/2025\/01\/hcyy11112015-telescopic-cylinder-3-980x472.webp 980w, https:\/\/www.hydraulic-cylinders.net\/wp-content\/uploads\/2025\/01\/hcyy11112015-telescopic-cylinder-3-480x231.webp 480w\" sizes=\"(min-width: 0px) and (max-width: 480px) 480px, (min-width: 481px) and (max-width: 980px) 980px, (min-width: 981px) and (max-width: 1280px) 1280px, (min-width: 1281px) 1477px, 100vw\" \/> <img loading=\"lazy\" decoding=\"async\" class=\"alignnone size-full wp-image-17042\" src=\"https:\/\/www.hydraulic-cylinders.net\/wp-content\/uploads\/2025\/01\/hcyy11112015-telescopic-cylinder-4.webp\" alt=\"\" width=\"1479\" height=\"707\" srcset=\"https:\/\/www.hydraulic-cylinders.net\/wp-content\/uploads\/2025\/01\/hcyy11112015-telescopic-cylinder-4.webp 1479w, https:\/\/www.hydraulic-cylinders.net\/wp-content\/uploads\/2025\/01\/hcyy11112015-telescopic-cylinder-4-1280x612.webp 1280w, https:\/\/www.hydraulic-cylinders.net\/wp-content\/uploads\/2025\/01\/hcyy11112015-telescopic-cylinder-4-980x468.webp 980w, https:\/\/www.hydraulic-cylinders.net\/wp-content\/uploads\/2025\/01\/hcyy11112015-telescopic-cylinder-4-480x229.webp 480w\" sizes=\"(min-width: 0px) and (max-width: 480px) 480px, (min-width: 481px) and (max-width: 980px) 980px, (min-width: 981px) and (max-width: 1280px) 1280px, (min-width: 1281px) 1479px, 100vw\" \/> <img loading=\"lazy\" decoding=\"async\" class=\"alignnone size-full wp-image-17043\" src=\"https:\/\/www.hydraulic-cylinders.net\/wp-content\/uploads\/2025\/01\/hcyy11112015-telescopic-cylinder-5.webp\" alt=\"\" width=\"1465\" height=\"754\" srcset=\"https:\/\/www.hydraulic-cylinders.net\/wp-content\/uploads\/2025\/01\/hcyy11112015-telescopic-cylinder-5.webp 1465w, https:\/\/www.hydraulic-cylinders.net\/wp-content\/uploads\/2025\/01\/hcyy11112015-telescopic-cylinder-5-1280x659.webp 1280w, https:\/\/www.hydraulic-cylinders.net\/wp-content\/uploads\/2025\/01\/hcyy11112015-telescopic-cylinder-5-980x504.webp 980w, https:\/\/www.hydraulic-cylinders.net\/wp-content\/uploads\/2025\/01\/hcyy11112015-telescopic-cylinder-5-480x247.webp 480w\" sizes=\"(min-width: 0px) and (max-width: 480px) 480px, (min-width: 481px) and (max-width: 980px) 980px, (min-width: 981px) and (max-width: 1280px) 1280px, (min-width: 1281px) 1465px, 100vw\" \/><\/h1>\n<h2><strong>Cilindru s\u0113rija vides aizsardz\u012bbai:<\/strong><\/h2>\n<h2><img loading=\"lazy\" decoding=\"async\" class=\"alignnone size-full wp-image-17030\" src=\"https:\/\/www.hydraulic-cylinders.net\/wp-content\/uploads\/2025\/01\/cylinder-series-for-environmental-protection-scaled.webp\" alt=\"\" width=\"2044\" height=\"2560\" srcset=\"https:\/\/www.hydraulic-cylinders.net\/wp-content\/uploads\/2025\/01\/cylinder-series-for-environmental-protection-scaled.webp 2044w, https:\/\/www.hydraulic-cylinders.net\/wp-content\/uploads\/2025\/01\/cylinder-series-for-environmental-protection-1280x1603.webp 1280w, https:\/\/www.hydraulic-cylinders.net\/wp-content\/uploads\/2025\/01\/cylinder-series-for-environmental-protection-980x1227.webp 980w, https:\/\/www.hydraulic-cylinders.net\/wp-content\/uploads\/2025\/01\/cylinder-series-for-environmental-protection-480x601.webp 480w\" sizes=\"(min-width: 0px) and (max-width: 480px) 480px, (min-width: 481px) and (max-width: 980px) 980px, (min-width: 981px) and (max-width: 1280px) 1280px, (min-width: 1281px) 2044px, 100vw\" \/><\/h2>\n<h2><strong>HCYY11112015 teleskopisk\u0101 cilindra vides aizsardz\u012bbai galven\u0101s iez\u012bmes:<\/strong><\/h2>\n<h4><strong>Videi draudz\u012bgi materi\u0101li<\/strong><\/h4>\n<p>The HCYY11112015 Telescopic Cylinder is constructed from high-quality, recyclable components. This thoughtful design not only significantly reduces environmental impact but also supports a circular economy. By choosing this cylinder, you&#8217;re consciously choosing to utilize materials that can be repurposed, contributing to a sustainable future.<\/p>\n<h4><strong>Energoefektivit\u0101te<\/strong><\/h4>\n<p>Darbojoties ar iev\u0113rojami zemu ener\u0123ijas pat\u0113ri\u0146u, HCYY11112015 pal\u012bdz uz\u0146\u0113mumiem samazin\u0101t ekspluat\u0101cijas izmaksas, vienlaikus samazinot oglek\u013ca p\u0113das nospiedumu. \u0160is energoefekt\u012bvais dizains \u013cauj uzlabot produktivit\u0101ti, neupur\u0113jot ekolo\u0123isko atbild\u012bbu, padarot to par ide\u0101lu izv\u0113li uz\u0146\u0113mumiem, kas v\u0113las optimiz\u0113t savu darb\u012bbu, vienlaikus saglab\u0101jot uztic\u012bbu saviem ilgtsp\u0113j\u012bbas m\u0113r\u0137iem.<\/p>\n<h4><strong>Uzlabota bl\u012bv\u0113\u0161anas tehnolo\u0123ija<\/strong><\/h4>\n<p>Dro\u0161\u012bba un atbilst\u012bba r\u016bpnieciskaj\u0101s darb\u012bb\u0101s ir \u0101rk\u0101rt\u012bgi svar\u012bgas. HCYY11112015 ir apr\u012bkots ar uzlabotu bl\u012bv\u0113\u0161anas sist\u0113mu, kas efekt\u012bvi nov\u0113r\u0161 nopl\u016bdes, aizsarg\u0101jot j\u016bsu procesus un vidi. \u0160\u012b inov\u0101cija nodro\u0161ina atbilst\u012bbu stingriem vides noteikumiem, \u013caujot jums darboties p\u0101rliecino\u0161i un konsekventi.<\/p>\n<h4><strong>Iztur\u012bga konstrukcija<\/strong><\/h4>\n<p>HCYY11112015 ir rad\u012bts, lai iztur\u0113tu pat vissmag\u0101kos apst\u0101k\u013cus, un tam ir ilgs kalpo\u0161anas laiks, kas iev\u0113rojami samazina nepiecie\u0161am\u012bbu p\u0113c bie\u017eas nomai\u0146as. \u0160\u012b iztur\u012bba ne tikai uzlabo uzticam\u012bbu, bet ar\u012b laika gait\u0101 noz\u012bm\u0113 zem\u0101kas apkopes izmaksas. Invest\u012bcijas \u0161aj\u0101 cilindr\u0101 noz\u012bm\u0113 invest\u012bcijas risin\u0101jum\u0101, kas iztur laika p\u0101rbaudi.<\/p>\n<h4><strong>Kompakts dizains<\/strong><\/h4>\n<p>HCYY11112015 teleskopisk\u0101 funkcija nodro\u0161ina neman\u0101mu integr\u0101ciju ierobe\u017eot\u0101s telp\u0101s, maksim\u0101li palielinot funkcionalit\u0101ti, neapdraudot efektivit\u0101ti. \u0160is kompaktais dizains padara to par daudzpus\u012bgu risin\u0101jumu da\u017e\u0101diem lietojumiem, \u013caujot uz\u0146\u0113mumiem optimiz\u0113t savas darbpl\u016bsmas un efekt\u012bvi izmantot telpu.<\/p>\n<p>Rezum\u0113jot, HCYY11112015 teleskopiskais cilindrs nav tikai iek\u0101rta; tas ir t\u0101lredz\u012bgs risin\u0101jums, kas iemieso sp\u0113ku, efektivit\u0101ti un vides apzi\u0146u. Izv\u0113loties \u0161o cilindru, j\u016bs uzlabojat savu darb\u012bbu, vienlaikus pozit\u012bvi ietekm\u0113jot plan\u0113tu. Izbaudiet at\u0161\u0137ir\u012bbu ar produktu, kas izce\u013cas ar izcilu veiktsp\u0113ju un ilgtsp\u0113j\u012bbu, un paceliet savu r\u016bpniecisko praksi jaun\u0101 l\u012bmen\u012b.<\/p>\n<h2><strong>Kas padara Hcyy11112014 \u0161\u016bpoles sviras cilindru videi draudz\u012bgu?<\/strong><\/h2>\n<p>Teleskopiskais cilindrs HCYY11112015 izce\u013cas k\u0101 iev\u0113rojams risin\u0101jums vides aizsardz\u012bbas veicin\u0101\u0161anai r\u016bpniecisk\u0101 vid\u0113. L\u016bk, k\u0101 tas rada b\u016btisku ietekmi:<\/p>\n<h4><strong>1. P\u0101rstr\u0101d\u0101jami materi\u0101li<\/strong><\/h4>\n<p>Izgatavots no augstas kvalit\u0101tes p\u0101rstr\u0101d\u0101jam\u0101m sast\u0101vda\u013c\u0101m, HCYY11112015 efekt\u012bvi samazina atkritumus un atbalsta aprites ekonomiku. Izv\u0113loties \u0161o balonu, uz\u0146\u0113mumi uzlabo savu darb\u012bbu un veicina ilgtsp\u0113j\u012bgu n\u0101kotni. Katrs \u0161\u012b produkta lieto\u0161anas gad\u012bjums noz\u012bm\u0113 maz\u0101k materi\u0101lu, kas non\u0101k poligonos, t\u0101d\u0113j\u0101di radot pozit\u012bvas p\u0101rmai\u0146as plan\u0113tai.<\/p>\n<h4><strong>2. Energoefektivit\u0101te<\/strong><\/h4>\n<p>Viena no iespaid\u012bg\u0101kaj\u0101m \u0161\u012b teleskopisk\u0101 cilindra \u012bpa\u0161\u012bb\u0101m ir t\u0101 energoefektivit\u0101te. Darb\u012bba ar iev\u0113rojami samazin\u0101tu ener\u0123ijas pat\u0113ri\u0146u pal\u012bdz samazin\u0101t ekspluat\u0101cijas izmaksas un samazin\u0101t oglek\u013ca p\u0113das nospiedumu. Tas ir abpus\u0113ji izdev\u012bgi uz\u0146\u0113mumiem: tie ietaupa naudu, vienlaikus izpildot savas ilgtsp\u0113j\u012bbas saist\u012bbas. Iedom\u0101jieties pozit\u012bvo ietekmi uz j\u016bsu pe\u013c\u0146u un vidi!<\/p>\n<h4><strong>3. Nopl\u016b\u017eu nov\u0113r\u0161ana<\/strong><\/h4>\n<p>Dro\u0161\u012bba un atbilst\u012bba ir \u013coti svar\u012bgas jebkur\u0101 r\u016bpniecisk\u0101 darb\u012bb\u0101, un HCYY11112015 \u0161aj\u0101 jom\u0101 izce\u013cas. T\u0101 uzlabot\u0101 bl\u012bv\u0113\u0161anas tehnolo\u0123ija efekt\u012bvi nov\u0113r\u0161 nopl\u016bdes, nodro\u0161inot, ka b\u012bstamie materi\u0101li paliek nesatur\u0113ti. Tas aizsarg\u0101 vidi un pal\u012bdz uz\u0146\u0113mumiem iev\u0113rot stingrus noteikumus, veicinot atbild\u012bbas un r\u016bp\u012bbas kult\u016bru.<\/p>\n<h4><strong>4. Iztur\u012bba<\/strong><\/h4>\n<p>HCYY11112015, kas rad\u012bts, lai iztur\u0113tu visskarb\u0101kos apst\u0101k\u013cus, lepojas ar iespaid\u012bgu kalpo\u0161anas laiku. \u0160\u012b iztur\u012bba noz\u012bm\u0113 ret\u0101ku nomai\u0146u un maz\u0101ku atkritumu daudzumu laika gait\u0101, \u013caujot uz\u0146\u0113mumiem ieguld\u012bt iztur\u012bg\u0101k\u0101 apr\u012bkojum\u0101. Samazinot nomai\u0146u bie\u017eumu, uz\u0146\u0113mumi var ar\u012b samazin\u0101t resursu pat\u0113ri\u0146u, v\u0113l vair\u0101k veicinot vides aizsardz\u012bbu.<\/p>\n<h4><strong>5. Telpas efektivit\u0101te<\/strong><\/h4>\n<p>HCYY11112015 teleskopisk\u0101 funkcija nodro\u0161ina neman\u0101mu integr\u0101ciju ierobe\u017eot\u0101s telp\u0101s, maksim\u0101li palielinot funkcionalit\u0101ti, nezaud\u0113jot efektivit\u0101ti. \u0160is kompaktais dizains \u013cauj uz\u0146\u0113mumiem optimiz\u0113t darbpl\u016bsmas un efekt\u012bvi izmantot telpu, pier\u0101dot, ka ilgtsp\u0113j\u012bba var iet roku rok\u0101 ar inov\u0101cij\u0101m.<\/p>\n<p>Rezum\u0113jot, HCYY11112015 teleskopiskais cilindrs ir vair\u0101k nek\u0101 tikai r\u016bpniecisks instruments; tas ir pozit\u012bvu p\u0101rmai\u0146u katalizators. Iek\u013caujot videi draudz\u012bgus materi\u0101lus, veicinot energoefektivit\u0101ti, nodro\u0161inot nopl\u016b\u017eu nov\u0113r\u0161anu un iztur\u012bbu, tas dod iesp\u0113ju nozar\u0113m darboties ilgtsp\u0113j\u012bgi. \u0160\u012b cilindra izv\u0113le noz\u012bm\u0113 ap\u0146em\u0161anos gan attiec\u012bb\u0101 uz veiktsp\u0113ju, gan vides aizsardz\u012bbu. Paaugstiniet savu darb\u012bbu, vienlaikus aizsarg\u0101jot m\u016bsu plan\u0113tu \u2014 izbaudiet HCYY11112015 p\u0101rveidojo\u0161\u0101s priek\u0161roc\u012bbas jau \u0161odien!<\/p>\n<h2><strong>Iekr\u0101v\u0113ja cilindru ra\u017eo\u0161anas zona:<\/strong><\/h2>\n<h2><img loading=\"lazy\" decoding=\"async\" class=\"alignnone size-full wp-image-16972\" src=\"https:\/\/www.hydraulic-cylinders.net\/wp-content\/uploads\/2025\/01\/hydraulic-cylinder-factory-1-scaled.webp\" alt=\"\" width=\"2016\" height=\"2560\" srcset=\"https:\/\/www.hydraulic-cylinders.net\/wp-content\/uploads\/2025\/01\/hydraulic-cylinder-factory-1-scaled.webp 2016w, https:\/\/www.hydraulic-cylinders.net\/wp-content\/uploads\/2025\/01\/hydraulic-cylinder-factory-1-1280x1625.webp 1280w, https:\/\/www.hydraulic-cylinders.net\/wp-content\/uploads\/2025\/01\/hydraulic-cylinder-factory-1-980x1244.webp 980w, https:\/\/www.hydraulic-cylinders.net\/wp-content\/uploads\/2025\/01\/hydraulic-cylinder-factory-1-480x610.webp 480w\" sizes=\"(min-width: 0px) and (max-width: 480px) 480px, (min-width: 481px) and (max-width: 980px) 980px, (min-width: 981px) and (max-width: 1280px) 1280px, (min-width: 1281px) 2016px, 100vw\" \/><\/h2>\n<p>M\u0113s lepojamies ar modernu neatkar\u012bgu p\u0113tniec\u012bbas un att\u012bst\u012bbas platformu, kas velt\u012bta mont\u0101\u017eai, nodro\u0161inot augst\u0101k\u0101 l\u012bme\u0146a inov\u0101cijas un kvalit\u0101ti m\u016bsu ra\u017eo\u0161anas procesos. M\u016bsu iekr\u0101v\u0113ju cilindru ra\u017eo\u0161anas darbn\u012bc\u0101 ir \u010detras pusautom\u0101tiskas pacel\u0161anas cilindru mont\u0101\u017eas l\u012bnijas un piln\u012bb\u0101 autom\u0101tiska noliecamo cilindru mont\u0101\u017eas l\u012bnija, kas kop\u0101 ir paredz\u0113tas, lai sara\u017eotu l\u012bdz pat vienam miljonam vien\u012bbu gad\u0101.<\/p>\n<p>Turkl\u0101t m\u016bsu specializ\u0113t\u0101 cilindru darbn\u012bca ir apr\u012bkota ar pusautom\u0101tisk\u0101m t\u012br\u012b\u0161anas un mont\u0101\u017eas sist\u0113m\u0101m, kas piel\u0101gotas da\u017e\u0101d\u0101m specifik\u0101cij\u0101m, ar gada ra\u017eo\u0161anas jaudu 200\u00a0000 vien\u012bbu. M\u0113s izmantojam atz\u012btas CNC iek\u0101rtas, apstr\u0101des centrus un specializ\u0113tus instrumentus augstas precizit\u0101tes cilindru apstr\u0101dei. M\u016bsu iek\u0101rt\u0101s ir ar\u012b modernas robotiz\u0113tas metin\u0101\u0161anas iek\u0101rtas, autom\u0101tisk\u0101s t\u012br\u012b\u0161anas sist\u0113mas un piln\u012bb\u0101 automatiz\u0113tas cilindru mont\u0101\u017eas un kr\u0101so\u0161anas l\u012bnijas. Ar vair\u0101k nek\u0101 300 galvenaj\u0101m iek\u0101rt\u0101m, kas darbojas, m\u0113s optimiz\u0113jam resursu sadali un nodro\u0161in\u0101m efekt\u012bvu izmanto\u0161anu, iev\u0113rojot stingrus precizit\u0101tes un kvalit\u0101tes standartus.<\/p>\n<p>M\u016bsu apstr\u0101des ceh\u0101 ir piel\u0101goti sl\u012bpo vadot\u0146u slie\u017eu virpo\u0161anas centri, apstr\u0101des centri, \u0101trgaitas asin\u0101\u0161anas ma\u0161\u012bnas, metin\u0101\u0161anas roboti un cits svar\u012bgs apr\u012bkojums. \u0160\u012b iek\u0101rta \u013cauj mums apstr\u0101d\u0101t cilindriskas caurules ar maksim\u0101lo iek\u0161\u0113jo diametru 400 mm un garumu l\u012bdz 6 metriem, v\u0113l vair\u0101k uzlabojot m\u016bsu ra\u017eo\u0161anas jaudas.<\/p>\n<h2><img loading=\"lazy\" decoding=\"async\" class=\"alignnone size-full wp-image-16973\" src=\"https:\/\/www.hydraulic-cylinders.net\/wp-content\/uploads\/2025\/01\/hydraulic-cylinder-factory-2-scaled.webp\" alt=\"\" width=\"2011\" height=\"2560\" srcset=\"https:\/\/www.hydraulic-cylinders.net\/wp-content\/uploads\/2025\/01\/hydraulic-cylinder-factory-2-scaled.webp 2011w, https:\/\/www.hydraulic-cylinders.net\/wp-content\/uploads\/2025\/01\/hydraulic-cylinder-factory-2-1280x1629.webp 1280w, https:\/\/www.hydraulic-cylinders.net\/wp-content\/uploads\/2025\/01\/hydraulic-cylinder-factory-2-980x1248.webp 980w, https:\/\/www.hydraulic-cylinders.net\/wp-content\/uploads\/2025\/01\/hydraulic-cylinder-factory-2-480x611.webp 480w\" sizes=\"(min-width: 0px) and (max-width: 480px) 480px, (min-width: 481px) and (max-width: 980px) 980px, (min-width: 981px) and (max-width: 1280px) 1280px, (min-width: 1281px) 2011px, 100vw\" \/><\/h2>\n<p>M\u0113s izmantojam piln\u012bb\u0101 autom\u0101tisku \u016bdens b\u0101zes kr\u0101so\u0161anas l\u012bniju, kas \u012bpa\u0161i paredz\u0113ta maziem un vid\u0113jiem baloniem, ar automatiz\u0113tiem iekrau\u0161anas, izkrau\u0161anas un izsmidzin\u0101\u0161anas robotiem. \u0160\u012b modern\u0101 sist\u0113ma lepojas ar ra\u017eo\u0161anas jaudu 4000 vien\u012bbu mai\u0146\u0101. Turkl\u0101t mums ir pusautom\u0101tiska kr\u0101so\u0161anas l\u012bnija lielizm\u0113ra baloniem, ko darbina \u0137\u0113des piedzi\u0146a, ar projekt\u0113to jaudu 60 kastes mai\u0146\u0101.<\/p>\n<p>Lai uzlabotu produktu veiktsp\u0113ju un nostiprin\u0101tu m\u016bsu l\u012bderpoz\u012bcijas hidraulisko cilindru nozar\u0113, m\u0113s sadarbojamies ar ZJIMEE, lai izveidotu visaptvero\u0161u veiktsp\u0113jas laboratoriju, kas velt\u012bta hidrauliskajiem cilindriem, v\u0101rstiem un s\u016bk\u0146iem. \u0160\u012b modern\u0101 laboratorija izmanto datoriz\u0113tu test\u0113\u0161anu ar elektrohidraulisko tehnolo\u0123iju, \u013caujot izmantot iepriek\u0161 iestat\u012btus testa apst\u0101k\u013cus, kas uzlabo precizit\u0101ti un sist\u0113mas daudzpus\u012bbu. Automatiz\u0113taj\u0101 datu v\u0101k\u0161anas proces\u0101 tiek izmantoti sensori, lai apkopotu izejas datus, piem\u0113ram, iek\u0161\u0113jo nopl\u016bdi un slodzes efektivit\u0101ti, kurus p\u0113c tam apstr\u0101d\u0101 dators un konvert\u0113 standarta m\u0113rvien\u012bb\u0101s (ml\/min%).<\/p>\n<p>Turkl\u0101t, lai nodro\u0161in\u0101tu m\u016bsu hidraulisko sist\u0113mu dro\u0161\u012bbu, m\u0113s ievie\u0161am galveno veiktsp\u0113jas parametru, tostarp e\u013c\u013cas temperat\u016bras, \u0161\u0137idruma l\u012bme\u0146a un filtra ier\u012bces st\u0101vok\u013ca, uzraudz\u012bbu. M\u016bsu hidraulisko cilindru testa stends sp\u0113j nov\u0113rt\u0113t \u201cslodzes efektivit\u0101ti\u201d un \u201ciek\u0161\u0113jo nopl\u016bdi\u201d, izmantojot prec\u012bzus r\u0101d\u012bjumus. Tas ir apr\u012bkots ar\u012b ar re\u017e\u0123veida m\u0113rinstrumentu, kas atbilst valsts standartiem, nodro\u0161inot atbilst\u012bbu vis\u0101m hidraulisko cilindru izstr\u0101d\u0101jumu test\u0113\u0161anas pras\u012bb\u0101m.<\/p>\n<p>&nbsp;<\/p>","protected":false},"excerpt":{"rendered":"<p>HCYY11112015 Telescopic Cylinder For Environmental Protection The HCYY11112015 Telescopic Cylinder is expertly designed for industries that demand both high efficiency and a commitment to environmental sustainability. This cutting-edge cylinder delivers exceptional performance while incorporating eco-friendly features, making it an ideal solution for a wide range of applications, including construction, manufacturing, and waste management. Imagine a [&hellip;]<\/p>","protected":false},"featured_media":17045,"comment_status":"open","ping_status":"closed","template":"","meta":{"_et_pb_use_builder":"","_et_pb_old_content":"","_et_gb_content_width":""},"product_brand":[],"product_cat":[1550,1486,1552,1376,1393],"product_tag":[],"class_list":{"0":"post-17038","1":"product","2":"type-product","3":"status-publish","4":"has-post-thumbnail","6":"product_cat-double-acting-hydraulic-cylinder","7":"product_cat-sanitation-machinery-hydraulic-cylinders","8":"product_cat-stainless-steel-hydraulic-cylinder","9":"product_cat-hydraulic-cylinder","10":"product_cat-telescopic-hydraulic-cylinder","12":"first","13":"instock","14":"shipping-taxable","15":"product-type-simple"},"amp_enabled":true,"_links":{"self":[{"href":"https:\/\/www.hydraulic-cylinders.net\/lv\/wp-json\/wp\/v2\/product\/17038","targetHints":{"allow":["GET"]}}],"collection":[{"href":"https:\/\/www.hydraulic-cylinders.net\/lv\/wp-json\/wp\/v2\/product"}],"about":[{"href":"https:\/\/www.hydraulic-cylinders.net\/lv\/wp-json\/wp\/v2\/types\/product"}],"replies":[{"embeddable":true,"href":"https:\/\/www.hydraulic-cylinders.net\/lv\/wp-json\/wp\/v2\/comments?post=17038"}],"wp:featuredmedia":[{"embeddable":true,"href":"https:\/\/www.hydraulic-cylinders.net\/lv\/wp-json\/wp\/v2\/media\/17045"}],"wp:attachment":[{"href":"https:\/\/www.hydraulic-cylinders.net\/lv\/wp-json\/wp\/v2\/media?parent=17038"}],"wp:term":[{"taxonomy":"product_brand","embeddable":true,"href":"https:\/\/www.hydraulic-cylinders.net\/lv\/wp-json\/wp\/v2\/product_brand?post=17038"},{"taxonomy":"product_cat","embeddable":true,"href":"https:\/\/www.hydraulic-cylinders.net\/lv\/wp-json\/wp\/v2\/product_cat?post=17038"},{"taxonomy":"product_tag","embeddable":true,"href":"https:\/\/www.hydraulic-cylinders.net\/lv\/wp-json\/wp\/v2\/product_tag?post=17038"}],"curies":[{"name":"wp","href":"https:\/\/api.w.org\/{rel}","templated":true}]}}