{"id":17058,"date":"2025-02-05T06:07:17","date_gmt":"2025-02-05T06:07:17","guid":{"rendered":"https:\/\/www.hydraulic-cylinders.net\/?post_type=product&#038;p=17058"},"modified":"2025-04-11T03:28:20","modified_gmt":"2025-04-11T03:28:20","slug":"arm-anti-tilt-hydraulic-cylinders-for-crawler-crane","status":"publish","type":"product","link":"https:\/\/www.hydraulic-cylinders.net\/lv\/products\/arm-anti-tilt-hydraulic-cylinders-for-crawler-crane\/","title":{"rendered":"K\u0101pur\u0137\u0113\u017eu celt\u0146a hidrauliskie cilindri ar roku pret sl\u012bpumu"},"content":{"rendered":"<h1 style=\"text-align: center;\"><strong>K\u0101pur\u0137\u0113\u017eu celt\u0146a hidrauliskie cilindri ar roku pret sl\u012bpumu<\/strong><\/h1>\n<h1 style=\"text-align: center;\"><img loading=\"lazy\" decoding=\"async\" class=\"alignnone size-full wp-image-17060\" src=\"https:\/\/www.hydraulic-cylinders.net\/wp-content\/uploads\/2025\/02\/hcyy11112019-cylinder-for-preventing-rear-tlit-of-boom-2.webp\" alt=\"\" width=\"1499\" height=\"519\" srcset=\"https:\/\/www.hydraulic-cylinders.net\/wp-content\/uploads\/2025\/02\/hcyy11112019-cylinder-for-preventing-rear-tlit-of-boom-2.webp 1499w, https:\/\/www.hydraulic-cylinders.net\/wp-content\/uploads\/2025\/02\/hcyy11112019-cylinder-for-preventing-rear-tlit-of-boom-2-1280x443.webp 1280w, https:\/\/www.hydraulic-cylinders.net\/wp-content\/uploads\/2025\/02\/hcyy11112019-cylinder-for-preventing-rear-tlit-of-boom-2-980x339.webp 980w, https:\/\/www.hydraulic-cylinders.net\/wp-content\/uploads\/2025\/02\/hcyy11112019-cylinder-for-preventing-rear-tlit-of-boom-2-480x166.webp 480w\" sizes=\"(min-width: 0px) and (max-width: 480px) 480px, (min-width: 481px) and (max-width: 980px) 980px, (min-width: 981px) and (max-width: 1280px) 1280px, (min-width: 1281px) 1499px, 100vw\" \/><\/h1>\n<p>M\u016bsu k\u0101pur\u0137\u0113\u017eu celt\u0146u hidrauliskie cilindri ar sviras pretsl\u012bdes funkciju ir izstr\u0101d\u0101ti, lai uzlabotu dro\u0161\u012bbu un stabilit\u0101ti lieljaudas cel\u0161anas oper\u0101ciju laik\u0101. \u0160ie cilindri, kas \u012bpa\u0161i izstr\u0101d\u0101ti k\u0101pur\u0137\u0113\u017eu celt\u0146iem, nov\u0113r\u0161 celt\u0146a sviras (str\u0113les) sasv\u0113r\u0161anos atpaka\u013c \u0101rk\u0101rt\u0113jas slodzes gad\u012bjum\u0101, nodro\u0161inot ekspluat\u0101cijas dro\u0161\u012bbu sare\u017e\u0123\u012btos apst\u0101k\u013cos, piem\u0113ram, b\u016bvlaukumos, ostu darb\u012bb\u0101s un r\u016bpnieciskos projektos. Izgatavoti no augstas iztur\u012bbas materi\u0101liem un uzlabotas bl\u012bv\u0113\u0161anas tehnolo\u0123ijas, m\u016bsu cilindri pied\u0101v\u0101 izcilu iztur\u012bbu, izturot dinamiskas slodzes un skarbus apst\u0101k\u013cus, vienlaikus saglab\u0101jot prec\u012bzu vad\u012bbu.<\/p>\n<p>Ar spiediena nov\u0113rt\u0113jumu l\u012bdz 35 MPa un korozijiztur\u012bgiem p\u0101rkl\u0101jumiem tie ir ide\u0101li piem\u0113roti ilgsto\u0161ai lieto\u0161anai nel\u012bdzen\u0101 reljef\u0101. Neatkar\u012bgi no t\u0101, vai ce\u013cat smagas t\u0113rauda konstrukcijas vai apstr\u0101d\u0101jat lielgabar\u012bta kravas, m\u016bsu sviras pretsl\u012bdes hidrauliskie cilindri nodro\u0161ina nepiecie\u0161amo uzticam\u012bbu un veiktsp\u0113ju, lai j\u016bsu k\u0101pur\u0137\u0113\u017eu celt\u0146a darb\u012bba b\u016btu dro\u0161a un efekt\u012bva.<\/p>\n<h2><strong>K\u0101pur\u0137\u0113\u017eu celt\u0146a hidrauliskie cilindri ar pretsl\u012bdes meh\u0101nismu:<\/strong><\/h2>\n<h1 style=\"text-align: center;\"><img loading=\"lazy\" decoding=\"async\" class=\"alignnone size-full wp-image-17059\" src=\"https:\/\/www.hydraulic-cylinders.net\/wp-content\/uploads\/2025\/02\/hcyy11112019-cylinder-for-preventing-rear-tlit-of-boom-1.webp\" alt=\"\" width=\"1512\" height=\"147\" srcset=\"https:\/\/www.hydraulic-cylinders.net\/wp-content\/uploads\/2025\/02\/hcyy11112019-cylinder-for-preventing-rear-tlit-of-boom-1.webp 1512w, https:\/\/www.hydraulic-cylinders.net\/wp-content\/uploads\/2025\/02\/hcyy11112019-cylinder-for-preventing-rear-tlit-of-boom-1-1280x124.webp 1280w, https:\/\/www.hydraulic-cylinders.net\/wp-content\/uploads\/2025\/02\/hcyy11112019-cylinder-for-preventing-rear-tlit-of-boom-1-980x95.webp 980w, https:\/\/www.hydraulic-cylinders.net\/wp-content\/uploads\/2025\/02\/hcyy11112019-cylinder-for-preventing-rear-tlit-of-boom-1-480x47.webp 480w\" sizes=\"(min-width: 0px) and (max-width: 480px) 480px, (min-width: 481px) and (max-width: 980px) 980px, (min-width: 981px) and (max-width: 1280px) 1280px, (min-width: 1281px) 1512px, 100vw\" \/><img loading=\"lazy\" decoding=\"async\" class=\"alignnone size-full wp-image-17061\" src=\"https:\/\/www.hydraulic-cylinders.net\/wp-content\/uploads\/2025\/02\/hcyy11112019-cylinder-for-preventing-rear-tlit-of-boom-3.webp\" alt=\"\" width=\"1477\" height=\"707\" srcset=\"https:\/\/www.hydraulic-cylinders.net\/wp-content\/uploads\/2025\/02\/hcyy11112019-cylinder-for-preventing-rear-tlit-of-boom-3.webp 1477w, https:\/\/www.hydraulic-cylinders.net\/wp-content\/uploads\/2025\/02\/hcyy11112019-cylinder-for-preventing-rear-tlit-of-boom-3-1280x613.webp 1280w, https:\/\/www.hydraulic-cylinders.net\/wp-content\/uploads\/2025\/02\/hcyy11112019-cylinder-for-preventing-rear-tlit-of-boom-3-980x469.webp 980w, https:\/\/www.hydraulic-cylinders.net\/wp-content\/uploads\/2025\/02\/hcyy11112019-cylinder-for-preventing-rear-tlit-of-boom-3-480x230.webp 480w\" sizes=\"(min-width: 0px) and (max-width: 480px) 480px, (min-width: 481px) and (max-width: 980px) 980px, (min-width: 981px) and (max-width: 1280px) 1280px, (min-width: 1281px) 1477px, 100vw\" \/> <img loading=\"lazy\" decoding=\"async\" class=\"alignnone size-full wp-image-17062\" src=\"https:\/\/www.hydraulic-cylinders.net\/wp-content\/uploads\/2025\/02\/hcyy11112019-cylinder-for-preventing-rear-tlit-of-boom-4.webp\" alt=\"\" width=\"1477\" height=\"711\" srcset=\"https:\/\/www.hydraulic-cylinders.net\/wp-content\/uploads\/2025\/02\/hcyy11112019-cylinder-for-preventing-rear-tlit-of-boom-4.webp 1477w, https:\/\/www.hydraulic-cylinders.net\/wp-content\/uploads\/2025\/02\/hcyy11112019-cylinder-for-preventing-rear-tlit-of-boom-4-1280x616.webp 1280w, https:\/\/www.hydraulic-cylinders.net\/wp-content\/uploads\/2025\/02\/hcyy11112019-cylinder-for-preventing-rear-tlit-of-boom-4-980x472.webp 980w, https:\/\/www.hydraulic-cylinders.net\/wp-content\/uploads\/2025\/02\/hcyy11112019-cylinder-for-preventing-rear-tlit-of-boom-4-480x231.webp 480w\" sizes=\"(min-width: 0px) and (max-width: 480px) 480px, (min-width: 481px) and (max-width: 980px) 980px, (min-width: 981px) and (max-width: 1280px) 1280px, (min-width: 1281px) 1477px, 100vw\" \/> <img loading=\"lazy\" decoding=\"async\" class=\"alignnone size-full wp-image-17063\" src=\"https:\/\/www.hydraulic-cylinders.net\/wp-content\/uploads\/2025\/02\/hcyy11112019-cylinder-for-preventing-rear-tlit-of-boom-5.webp\" alt=\"\" width=\"1401\" height=\"671\" srcset=\"https:\/\/www.hydraulic-cylinders.net\/wp-content\/uploads\/2025\/02\/hcyy11112019-cylinder-for-preventing-rear-tlit-of-boom-5.webp 1401w, https:\/\/www.hydraulic-cylinders.net\/wp-content\/uploads\/2025\/02\/hcyy11112019-cylinder-for-preventing-rear-tlit-of-boom-5-1280x613.webp 1280w, https:\/\/www.hydraulic-cylinders.net\/wp-content\/uploads\/2025\/02\/hcyy11112019-cylinder-for-preventing-rear-tlit-of-boom-5-980x469.webp 980w, https:\/\/www.hydraulic-cylinders.net\/wp-content\/uploads\/2025\/02\/hcyy11112019-cylinder-for-preventing-rear-tlit-of-boom-5-480x230.webp 480w\" sizes=\"(min-width: 0px) and (max-width: 480px) 480px, (min-width: 481px) and (max-width: 980px) 980px, (min-width: 981px) and (max-width: 1280px) 1280px, (min-width: 1281px) 1401px, 100vw\" \/><\/h1>\n<h2><strong>K\u0101pur\u0137\u0113\u017eu celt\u0146a cilindru s\u0113rija:<\/strong><\/h2>\n<h2><img loading=\"lazy\" decoding=\"async\" class=\"alignnone size-full wp-image-17054 aligncenter\" src=\"https:\/\/www.hydraulic-cylinders.net\/wp-content\/uploads\/2025\/02\/cylinder-series-of-crawler-crane-1.webp\" alt=\"\" width=\"709\" height=\"791\" srcset=\"https:\/\/www.hydraulic-cylinders.net\/wp-content\/uploads\/2025\/02\/cylinder-series-of-crawler-crane-1.webp 709w, https:\/\/www.hydraulic-cylinders.net\/wp-content\/uploads\/2025\/02\/cylinder-series-of-crawler-crane-1-480x536.webp 480w\" sizes=\"(min-width: 0px) and (max-width: 480px) 480px, (min-width: 481px) 709px, 100vw\" \/><\/h2>\n<h2><strong>K\u0101pur\u0137\u0113\u017eu celt\u0146a hidraulisko cilindru ar roku pret noliek\u0161anu galven\u0101s iez\u012bmes:<\/strong><\/h2>\n<h4><strong>Iztur\u012bga konstrukcija<\/strong><\/h4>\n<p>Sviras pretsl\u012bdes hidrauliskajiem cilindriem ir iztur\u012bga konstrukcija, kas izgatavota no augstas iztur\u012bbas materi\u0101liem, kas r\u016bp\u012bgi atlas\u012bti, lai iztur\u0113tu vissmag\u0101kos darba apst\u0101k\u013cus. \u0160\u012b konstrukcija ne tikai nodro\u0161ina izcilu iztur\u012bbu, bet ar\u012b uzlabo uzticam\u012bbu, \u013caujot operatoriem koncentr\u0113ties uz veicamo uzdevumu, neuztraucoties par apr\u012bkojuma boj\u0101jumiem. Cilindra iztur\u012bba noz\u012bm\u0113, ka tas var tikt gal\u0101 ar visu, s\u0101kot no ekstrem\u0101l\u0101m temperat\u016br\u0101m l\u012bdz sp\u0113c\u012bg\u0101m vibr\u0101cij\u0101m, padarot to par uzticamu izv\u0113li jebkurai celt\u0146a darb\u012bbai.<\/p>\n<h4><strong>Augsta kravnes\u012bba<\/strong><\/h4>\n<p>Hidrauliskie cilindri ar sviras pretapg\u0101\u0161an\u0101s funkciju, kas izstr\u0101d\u0101ti iev\u0113rojama svara apstr\u0101dei, \u013cauj operatoriem p\u0101rliecino\u0161i pacelt un manevr\u0113t smagus materi\u0101lus. To iespaid\u012bgajai kravnes\u012bbai ir iz\u0161\u0137iro\u0161a noz\u012bme k\u0101pur\u0137\u0113\u017eu celt\u0146u iesp\u0113ju papla\u0161in\u0101\u0161an\u0101, \u013caujot tiem veikt sare\u017e\u0123\u012btus uzdevumus, kam nepiecie\u0161ama iztur\u012bba un stabilit\u0101te. Neatkar\u012bgi no t\u0101, vai tiek celta t\u0113rauda sijas vai transport\u0113ta smaga tehnika, \u0161is cilindrs nodro\u0161ina nepiecie\u0161amo jaudu, lai darbu paveiktu dro\u0161i un efekt\u012bvi.<\/p>\n<h4><strong>Prec\u012bzijas in\u017eenierija<\/strong><\/h4>\n<p>Pateicoties konstrukcijai ar stingr\u0101m pielaid\u0113m, sviras pretsl\u012bdes hidrauliskie cilindri veicina vienm\u0113r\u012bgu darb\u012bbu un prec\u012bzu str\u0113les pozicion\u0113\u0161anu. \u0160is precizit\u0101tes l\u012bmenis samazina negad\u012bjumu risku un uzlabo visp\u0101r\u0113jo ekspluat\u0101cijas dro\u0161\u012bbu. Operatori var pa\u013cauties uz cilindra precizit\u0101ti, kas ir \u013coti svar\u012bgi uzdevumiem, kuriem nepiecie\u0161ama r\u016bp\u012bga kontrole. \u0160\u012b uzman\u012bba deta\u013c\u0101m ne tikai uzlabo veiktsp\u0113ju, bet ar\u012b vairo operatoru p\u0101rliec\u012bbu, vi\u0146iem p\u0101rvarot sare\u017e\u0123\u012btus cel\u0161anas scen\u0101rijus.<\/p>\n<h4><strong>Korozijas iztur\u012bba<\/strong><\/h4>\n<p>Hidrauliskajiem cilindriem ar sviru pret sasv\u0113r\u0161anos ir \u012bpa\u0161a virsmas apstr\u0101de, kas nodro\u0161ina izcilu aizsardz\u012bbu pret r\u016bsu un koroziju. \u0160\u012b funkcija ir \u012bpa\u0161i noder\u012bga sare\u017e\u0123\u012btos apst\u0101k\u013cos, kur bie\u017ei tiek pak\u013cauta mitrumam un sp\u0113c\u012bg\u0101m \u0137\u012bmisk\u0101m viel\u0101m. Pagarinot cilindra kalpo\u0161anas laiku, \u0161\u012b iztur\u012bba pret koroziju nodro\u0161ina nemain\u012bgu veiktsp\u0113ju laika gait\u0101, samazinot apkopes izmaksas un palielinot j\u016bsu ieguld\u012bjuma kop\u0113jo v\u0113rt\u012bbu.<\/p>\n<h4><strong>Kompakts dizains<\/strong><\/h4>\n<p>Cilindra telpu taupo\u0161ais dizains nodro\u0161ina vienk\u0101r\u0161u uzst\u0101d\u012b\u0161anu un neman\u0101mu integr\u0101ciju da\u017e\u0101dos k\u0101pur\u0137\u0113\u017eu celt\u0146u mode\u013cos. \u0160is kompaktums maksim\u0101li palielina darb\u012bbas efektivit\u0101ti, \u013caujot celt\u0146iem darboties \u0161aur\u0101k\u0101s telp\u0101s, nezaud\u0113jot veiktsp\u0113ju. Operatori nov\u0113rt\u0113 vienk\u0101r\u0161o uzst\u0101d\u012b\u0161anas procesu, kas ietaupa v\u0113rt\u012bgu laiku un samazina d\u012bkst\u0101ves laiku. Konstrukcija nodro\u0161ina, ka sviras pretsl\u012bdes hidrauliskie cilindri bez piep\u016bles iek\u013caujas j\u016bsu eso\u0161aj\u0101 apr\u012bkojum\u0101, uzlabojot daudzpus\u012bbu un funkcionalit\u0101ti.<\/p>\n<p>Rezum\u0113jot, HCYY11112019 cilindrs izce\u013cas ar savu iztur\u012bgo konstrukciju, augsto kravnes\u012bbu, prec\u012bzu in\u017eenieriju, iztur\u012bbu pret koroziju un kompakto dizainu. Katra no \u0161\u012bm \u012bpa\u0161\u012bb\u0101m veicina uzticamu, efekt\u012bvu un dro\u0161u cel\u0161anas pieredzi, padarot \u0161o cilindru par nenov\u0113rt\u0113jamu resursu jebkurai k\u0101pur\u0137\u0113\u017eu celt\u0146a darb\u012bbai.<\/p>\n<h2><strong>K\u0101 cilindrs aizmugur\u0113j\u0101s sasv\u0113r\u0161an\u0101s nov\u0113r\u0161anai uzlabo k\u0101pur\u0137\u0113\u017eu celt\u0146a darb\u012bbas dro\u0161\u012bbu?<\/strong><\/h2>\n<p>Cilindrs aizmugur\u0113j\u0101s sasv\u0113r\u0161an\u0101s nov\u0113r\u0161anai ir b\u016btiska sast\u0101vda\u013ca, kas vair\u0101kos p\u0101rliecino\u0161os veidos iev\u0113rojami uzlabo k\u0101pur\u0137\u0113\u017eu celt\u0146a darb\u012bbas dro\u0161\u012bbu:<\/p>\n<ol>\n<li><strong>Stabilit\u0101te cel\u0161anas laik\u0101<\/strong>Iedom\u0101jieties sirdsmieru, ko sniedz apzi\u0146a, ka j\u016bsu celtnis ir stabils, it \u012bpa\u0161i, str\u0101d\u0101jot ar smag\u0101m krav\u0101m. Cilindrs nov\u0113r\u0161 str\u0113les atpaka\u013csl\u012bdi, nodro\u0161inot, ka celtnis saglab\u0101 l\u012bdzsvarotu poz\u012bciju. \u0160\u012b stabilit\u0101te ir \u013coti svar\u012bga, jo t\u0101 iev\u0113rojami samazina apg\u0101\u0161an\u0101s vai kontroles zaud\u0113\u0161anas risku sare\u017e\u0123\u012btu cel\u0161anas uzdevumu laik\u0101. Operatori var koncentr\u0113ties uz savu darbu, nep\u0101rtraukti neuztraucoties par iesp\u0113jamiem negad\u012bjumiem.<\/li>\n<li><strong>Prec\u012bza slodzes kontrole<\/strong>Precizit\u0101te ir galvenais celt\u0146a darb\u012bb\u0101s, un \u0161is cilindrs to lieliski veicina. Nodro\u0161inot prec\u012bzu str\u0113les pozicion\u0113\u0161anu, operatori var manevr\u0113t ar krav\u0101m ar iev\u0113rojamu precizit\u0101ti. \u0160\u012b sp\u0113ja ir \u012bpa\u0161i svar\u012bga, p\u0101rvietojoties \u0161aur\u0101s telp\u0101s vai delik\u0101ti pozicion\u0113jot kravas. Pateicoties uzlabotai kontrolei, negad\u012bjumu iesp\u0113jam\u012bba nepareizas kravas izvieto\u0161anas d\u0113\u013c tiek samazin\u0101ta l\u012bdz minimumam, nodro\u0161inot vienm\u0113r\u012bg\u0101ku darbpl\u016bsmu.<\/li>\n<li><strong>Samazin\u0101ts meh\u0101nisku boj\u0101jumu risks<\/strong>Cilindra iztur\u012bg\u0101 konstrukcija ir izstr\u0101d\u0101ta, lai iztur\u0113tu smagas cel\u0161anas rad\u012bt\u0101s gr\u016bt\u012bbas. \u0160\u012b iztur\u012bba \u013cauj tam efekt\u012bvi p\u0101rvald\u012bt stresu un deform\u0101ciju, kas ir \u013coti svar\u012bgi meh\u0101nisku boj\u0101jumu nov\u0113r\u0161anai. Samazinot boj\u0101jumu iesp\u0113jam\u012bbu, cilindrs ne tikai uzlabo dro\u0161\u012bbu, bet ar\u012b veicina darb\u012bbas efektivit\u0101ti, \u013caujot projektiem norit\u0113t saska\u0146\u0101 ar grafiku bez negaid\u012btiem p\u0101rtraukumiem.<\/li>\n<li><strong>Paaugstin\u0101ta operatora p\u0101rliec\u012bba<\/strong>P\u0101rliec\u012bba ir iz\u0161\u0137iro\u0161s dro\u0161\u012bbas faktors. Kad operatori zina, ka cilindrs akt\u012bvi nov\u0113r\u0161 aizmugur\u0113jo sasv\u0113r\u0161anos, vi\u0146i var piln\u012bb\u0101 koncentr\u0113ties uz saviem uzdevumiem bez uzman\u012bbas nov\u0113r\u0161anas. \u0160\u012b p\u0101rliec\u012bba veicina dro\u0161\u012bbas kult\u016bru darba viet\u0101, jo operatori ir uzman\u012bg\u0101ki un apzin\u0101s apk\u0101rtni, v\u0113l vair\u0101k samazinot negad\u012bjumu iesp\u0113jam\u012bbu.<\/li>\n<li><strong>Atbilst\u012bba dro\u0161\u012bbas standartiem<\/strong>Nozar\u0113, kur\u0101 dro\u0161\u012bbas noteikumi ir \u0101rk\u0101rt\u012bgi svar\u012bgi, aizmugur\u0113j\u0101 sasv\u0113r\u0161an\u0101s nov\u0113r\u0161anas cilindra izmanto\u0161ana pal\u012bdz nodro\u0161in\u0101t, ka celt\u0146i atbilst stingriem dro\u0161\u012bbas standartiem. \u0160\u012b atbilst\u012bba ne tikai aizsarg\u0101 operatorus un apkalpi, bet ar\u012b uzlabo uz\u0146\u0113muma reput\u0101ciju, apliecinot ap\u0146em\u0161anos iev\u0113rot dro\u0161\u012bbu un profesionalit\u0101ti.<\/li>\n<\/ol>\n<p>Rezum\u0113jot, cilindrs aizmugur\u0113j\u0101s sasv\u0113r\u0161an\u0101s nov\u0113r\u0161anai ir vair\u0101k nek\u0101 tikai sast\u0101vda\u013ca; tas maina sp\u0113les noteikumus celt\u0146a dro\u0161\u012bb\u0101. Nodro\u0161inot stabilit\u0101ti, veicinot precizit\u0101ti, samazinot meh\u0101niskos riskus, palielinot operatora p\u0101rliec\u012bbu un nodro\u0161inot atbilst\u012bbu dro\u0161\u012bbas standartiem, \u0161im cilindram ir b\u016btiska loma dro\u0161as un efekt\u012bvas darba vides rad\u012b\u0161an\u0101. Invest\u012bcijas \u0161\u0101dos dro\u0161\u012bbas pas\u0101kumos ne tikai aizsarg\u0101 dz\u012bv\u012bbas, bet ar\u012b uzlabo produktivit\u0101ti, padarot to par gudru izv\u0113li jebkurai k\u0101pur\u0137\u0113\u017eu celt\u0146a darb\u012bbai.<\/p>\n<h2><strong>Iekr\u0101v\u0113ja cilindru ra\u017eo\u0161anas zona:<\/strong><\/h2>\n<h2><img loading=\"lazy\" decoding=\"async\" class=\"alignnone size-full wp-image-16972\" src=\"https:\/\/www.hydraulic-cylinders.net\/wp-content\/uploads\/2025\/01\/hydraulic-cylinder-factory-1-scaled.webp\" alt=\"\" width=\"2016\" height=\"2560\" srcset=\"https:\/\/www.hydraulic-cylinders.net\/wp-content\/uploads\/2025\/01\/hydraulic-cylinder-factory-1-scaled.webp 2016w, https:\/\/www.hydraulic-cylinders.net\/wp-content\/uploads\/2025\/01\/hydraulic-cylinder-factory-1-1280x1625.webp 1280w, https:\/\/www.hydraulic-cylinders.net\/wp-content\/uploads\/2025\/01\/hydraulic-cylinder-factory-1-980x1244.webp 980w, https:\/\/www.hydraulic-cylinders.net\/wp-content\/uploads\/2025\/01\/hydraulic-cylinder-factory-1-480x610.webp 480w\" sizes=\"(min-width: 0px) and (max-width: 480px) 480px, (min-width: 481px) and (max-width: 980px) 980px, (min-width: 981px) and (max-width: 1280px) 1280px, (min-width: 1281px) 2016px, 100vw\" \/><\/h2>\n<p>M\u0113s lepojamies ar modernu neatkar\u012bgu p\u0113tniec\u012bbas un att\u012bst\u012bbas platformu, kas velt\u012bta mont\u0101\u017eai, nodro\u0161inot augst\u0101k\u0101 l\u012bme\u0146a inov\u0101cijas un kvalit\u0101ti m\u016bsu ra\u017eo\u0161anas procesos. M\u016bsu iekr\u0101v\u0113ju cilindru ra\u017eo\u0161anas darbn\u012bc\u0101 ir \u010detras pusautom\u0101tiskas pacel\u0161anas cilindru mont\u0101\u017eas l\u012bnijas un piln\u012bb\u0101 autom\u0101tiska noliecamo cilindru mont\u0101\u017eas l\u012bnija, kas kop\u0101 ir paredz\u0113tas, lai sara\u017eotu l\u012bdz pat vienam miljonam vien\u012bbu gad\u0101.<\/p>\n<p>Turkl\u0101t m\u016bsu specializ\u0113t\u0101 cilindru darbn\u012bca ir apr\u012bkota ar pusautom\u0101tisk\u0101m t\u012br\u012b\u0161anas un mont\u0101\u017eas sist\u0113m\u0101m, kas piel\u0101gotas da\u017e\u0101d\u0101m specifik\u0101cij\u0101m, ar gada ra\u017eo\u0161anas jaudu 200\u00a0000 vien\u012bbu. M\u0113s izmantojam atz\u012btas CNC iek\u0101rtas, apstr\u0101des centrus un specializ\u0113tus instrumentus augstas precizit\u0101tes cilindru apstr\u0101dei. M\u016bsu iek\u0101rt\u0101s ir ar\u012b modernas robotiz\u0113tas metin\u0101\u0161anas iek\u0101rtas, autom\u0101tisk\u0101s t\u012br\u012b\u0161anas sist\u0113mas un piln\u012bb\u0101 automatiz\u0113tas cilindru mont\u0101\u017eas un kr\u0101so\u0161anas l\u012bnijas. Ar vair\u0101k nek\u0101 300 galvenaj\u0101m iek\u0101rt\u0101m, kas darbojas, m\u0113s optimiz\u0113jam resursu sadali un nodro\u0161in\u0101m efekt\u012bvu izmanto\u0161anu, iev\u0113rojot stingrus precizit\u0101tes un kvalit\u0101tes standartus.<\/p>\n<p>M\u016bsu apstr\u0101des ceh\u0101 ir piel\u0101goti sl\u012bpo vadot\u0146u slie\u017eu virpo\u0161anas centri, apstr\u0101des centri, \u0101trgaitas asin\u0101\u0161anas ma\u0161\u012bnas, metin\u0101\u0161anas roboti un cits svar\u012bgs apr\u012bkojums. \u0160\u012b iek\u0101rta \u013cauj mums apstr\u0101d\u0101t cilindriskas caurules ar maksim\u0101lo iek\u0161\u0113jo diametru 400 mm un garumu l\u012bdz 6 metriem, v\u0113l vair\u0101k uzlabojot m\u016bsu ra\u017eo\u0161anas jaudas.<\/p>\n<h2><img loading=\"lazy\" decoding=\"async\" class=\"alignnone size-full wp-image-16973\" src=\"https:\/\/www.hydraulic-cylinders.net\/wp-content\/uploads\/2025\/01\/hydraulic-cylinder-factory-2-scaled.webp\" alt=\"\" width=\"2011\" height=\"2560\" srcset=\"https:\/\/www.hydraulic-cylinders.net\/wp-content\/uploads\/2025\/01\/hydraulic-cylinder-factory-2-scaled.webp 2011w, https:\/\/www.hydraulic-cylinders.net\/wp-content\/uploads\/2025\/01\/hydraulic-cylinder-factory-2-1280x1629.webp 1280w, https:\/\/www.hydraulic-cylinders.net\/wp-content\/uploads\/2025\/01\/hydraulic-cylinder-factory-2-980x1248.webp 980w, https:\/\/www.hydraulic-cylinders.net\/wp-content\/uploads\/2025\/01\/hydraulic-cylinder-factory-2-480x611.webp 480w\" sizes=\"(min-width: 0px) and (max-width: 480px) 480px, (min-width: 481px) and (max-width: 980px) 980px, (min-width: 981px) and (max-width: 1280px) 1280px, (min-width: 1281px) 2011px, 100vw\" \/><\/h2>\n<p>M\u0113s izmantojam piln\u012bb\u0101 autom\u0101tisku \u016bdens b\u0101zes kr\u0101so\u0161anas l\u012bniju, kas \u012bpa\u0161i paredz\u0113ta maziem un vid\u0113jiem baloniem, ar automatiz\u0113tiem iekrau\u0161anas, izkrau\u0161anas un izsmidzin\u0101\u0161anas robotiem. \u0160\u012b modern\u0101 sist\u0113ma lepojas ar ra\u017eo\u0161anas jaudu 4000 vien\u012bbu mai\u0146\u0101. Turkl\u0101t mums ir pusautom\u0101tiska kr\u0101so\u0161anas l\u012bnija lielizm\u0113ra baloniem, ko darbina \u0137\u0113des piedzi\u0146a, ar projekt\u0113to jaudu 60 kastes mai\u0146\u0101.<\/p>\n<p>Lai uzlabotu produktu veiktsp\u0113ju un nostiprin\u0101tu m\u016bsu l\u012bderpoz\u012bcijas hidraulisko cilindru nozar\u0113, m\u0113s sadarbojamies ar ZJIMEE, lai izveidotu visaptvero\u0161u veiktsp\u0113jas laboratoriju, kas velt\u012bta hidrauliskajiem cilindriem, v\u0101rstiem un s\u016bk\u0146iem. \u0160\u012b modern\u0101 laboratorija izmanto datoriz\u0113tu test\u0113\u0161anu ar elektrohidraulisko tehnolo\u0123iju, \u013caujot izmantot iepriek\u0161 iestat\u012btus testa apst\u0101k\u013cus, kas uzlabo precizit\u0101ti un sist\u0113mas daudzpus\u012bbu. Automatiz\u0113taj\u0101 datu v\u0101k\u0161anas proces\u0101 tiek izmantoti sensori, lai apkopotu izejas datus, piem\u0113ram, iek\u0161\u0113jo nopl\u016bdi un slodzes efektivit\u0101ti, kurus p\u0113c tam apstr\u0101d\u0101 dators un konvert\u0113 standarta m\u0113rvien\u012bb\u0101s (ml\/min%).<\/p>\n<p>Turkl\u0101t, lai nodro\u0161in\u0101tu m\u016bsu hidraulisko sist\u0113mu dro\u0161\u012bbu, m\u0113s ievie\u0161am galveno veiktsp\u0113jas parametru, tostarp e\u013c\u013cas temperat\u016bras, \u0161\u0137idruma l\u012bme\u0146a un filtra ier\u012bces st\u0101vok\u013ca, uzraudz\u012bbu. M\u016bsu hidraulisko cilindru testa stends sp\u0113j nov\u0113rt\u0113t \u201cslodzes efektivit\u0101ti\u201d un \u201ciek\u0161\u0113jo nopl\u016bdi\u201d, izmantojot prec\u012bzus r\u0101d\u012bjumus. Tas ir apr\u012bkots ar\u012b ar re\u017e\u0123veida m\u0113rinstrumentu, kas atbilst valsts standartiem, nodro\u0161inot atbilst\u012bbu vis\u0101m hidraulisko cilindru izstr\u0101d\u0101jumu test\u0113\u0161anas pras\u012bb\u0101m.<\/p>\n<p>&nbsp;<\/p>","protected":false},"excerpt":{"rendered":"<p>Arm Anti Tilt Hydraulic Cylinders For Crawler Crane Our arm anti tilt hydraulic cylinders for crawler cranes are engineered to enhance safety and stability during heavy-duty lifting operations. Designed specifically for crawler cranes, these cylinders prevent the crane arm (boom) from tilting backward under extreme loads, ensuring operational safety in demanding environments like construction sites, [&hellip;]<\/p>","protected":false},"featured_media":17064,"comment_status":"open","ping_status":"closed","template":"","meta":{"_et_pb_use_builder":"","_et_pb_old_content":"","_et_gb_content_width":""},"product_brand":[],"product_cat":[1550,1514,1376],"product_tag":[],"class_list":{"0":"post-17058","1":"product","2":"type-product","3":"status-publish","4":"has-post-thumbnail","6":"product_cat-double-acting-hydraulic-cylinder","7":"product_cat-mobile-crane-hydraulic-cylinders","8":"product_cat-hydraulic-cylinder","10":"first","11":"instock","12":"shipping-taxable","13":"product-type-simple"},"amp_enabled":true,"_links":{"self":[{"href":"https:\/\/www.hydraulic-cylinders.net\/lv\/wp-json\/wp\/v2\/product\/17058","targetHints":{"allow":["GET"]}}],"collection":[{"href":"https:\/\/www.hydraulic-cylinders.net\/lv\/wp-json\/wp\/v2\/product"}],"about":[{"href":"https:\/\/www.hydraulic-cylinders.net\/lv\/wp-json\/wp\/v2\/types\/product"}],"replies":[{"embeddable":true,"href":"https:\/\/www.hydraulic-cylinders.net\/lv\/wp-json\/wp\/v2\/comments?post=17058"}],"wp:featuredmedia":[{"embeddable":true,"href":"https:\/\/www.hydraulic-cylinders.net\/lv\/wp-json\/wp\/v2\/media\/17064"}],"wp:attachment":[{"href":"https:\/\/www.hydraulic-cylinders.net\/lv\/wp-json\/wp\/v2\/media?parent=17058"}],"wp:term":[{"taxonomy":"product_brand","embeddable":true,"href":"https:\/\/www.hydraulic-cylinders.net\/lv\/wp-json\/wp\/v2\/product_brand?post=17058"},{"taxonomy":"product_cat","embeddable":true,"href":"https:\/\/www.hydraulic-cylinders.net\/lv\/wp-json\/wp\/v2\/product_cat?post=17058"},{"taxonomy":"product_tag","embeddable":true,"href":"https:\/\/www.hydraulic-cylinders.net\/lv\/wp-json\/wp\/v2\/product_tag?post=17058"}],"curies":[{"name":"wp","href":"https:\/\/api.w.org\/{rel}","templated":true}]}}