{"id":17065,"date":"2025-02-05T07:37:55","date_gmt":"2025-02-05T07:37:55","guid":{"rendered":"https:\/\/www.hydraulic-cylinders.net\/?post_type=product&#038;p=17065"},"modified":"2025-04-11T01:53:48","modified_gmt":"2025-04-11T01:53:48","slug":"support-hydraulic-cylinders-for-crawler-crane","status":"publish","type":"product","link":"https:\/\/www.hydraulic-cylinders.net\/lv\/products\/support-hydraulic-cylinders-for-crawler-crane\/","title":{"rendered":"Atbalsta hidrauliskie cilindri k\u0101pur\u0137\u0113\u017eu celtnim"},"content":{"rendered":"<h1 style=\"text-align: center;\"><strong>Atbalsta hidrauliskie cilindri k\u0101pur\u0137\u0113\u017eu celtnim<\/strong><\/h1>\n<h1 style=\"text-align: center;\"><img loading=\"lazy\" decoding=\"async\" class=\"alignnone size-full wp-image-17068\" src=\"https:\/\/www.hydraulic-cylinders.net\/wp-content\/uploads\/2025\/02\/hcyy11112020-cylinder-for-frame-support-2.webp\" alt=\"\" width=\"1497\" height=\"520\" srcset=\"https:\/\/www.hydraulic-cylinders.net\/wp-content\/uploads\/2025\/02\/hcyy11112020-cylinder-for-frame-support-2.webp 1497w, https:\/\/www.hydraulic-cylinders.net\/wp-content\/uploads\/2025\/02\/hcyy11112020-cylinder-for-frame-support-2-1280x445.webp 1280w, https:\/\/www.hydraulic-cylinders.net\/wp-content\/uploads\/2025\/02\/hcyy11112020-cylinder-for-frame-support-2-980x340.webp 980w, https:\/\/www.hydraulic-cylinders.net\/wp-content\/uploads\/2025\/02\/hcyy11112020-cylinder-for-frame-support-2-480x167.webp 480w\" sizes=\"(min-width: 0px) and (max-width: 480px) 480px, (min-width: 481px) and (max-width: 980px) 980px, (min-width: 981px) and (max-width: 1280px) 1280px, (min-width: 1281px) 1497px, 100vw\" \/><\/h1>\n<div>M\u016bsu <strong>Atbalsta hidrauliskie cilindri k\u0101pur\u0137\u0113\u017eu celt\u0146iem<\/strong> Ir izstr\u0101d\u0101ti lielas slodzes cel\u0161anai un stabiliz\u0113\u0161anai sare\u017e\u0123\u012btos apst\u0101k\u013cos. \u0160ie cilindri, kas paredz\u0113ti kop\u0146u sviras konstrukcijas atbalstam, nodro\u0161ina optim\u0101lu stabilit\u0101ti un dro\u0161\u012bbu lielas slodzes laik\u0101, padarot tos ide\u0101li piem\u0113rotus k\u0101pur\u0137\u0113\u017eu celt\u0146iem, ko izmanto b\u016bvniec\u012bb\u0101, ostu darb\u012bb\u0101 un r\u016bpniec\u012bbas projektos. Koncentr\u0113joties uz iztur\u012bbu un precizit\u0101ti, m\u016bsu hidrauliskie cilindri ir izgatavoti, lai iztur\u0113tu dinamiskas slodzes un skarbus apst\u0101k\u013cus, nodro\u0161inot uzticamu veiktsp\u0113ju j\u016bsu k\u0101pur\u0137\u0113\u017eu celtnim.<\/div>\n<h2><strong>Atbalsta hidrauliskie cilindri k\u0101pur\u0137\u0113\u017eu celt\u0146a parametram:<\/strong><\/h2>\n<h1 style=\"text-align: center;\"><img loading=\"lazy\" decoding=\"async\" class=\"alignnone size-full wp-image-17067\" src=\"https:\/\/www.hydraulic-cylinders.net\/wp-content\/uploads\/2025\/02\/hcyy11112020-cylinder-for-frame-support-1.webp\" alt=\"\" width=\"1512\" height=\"150\" srcset=\"https:\/\/www.hydraulic-cylinders.net\/wp-content\/uploads\/2025\/02\/hcyy11112020-cylinder-for-frame-support-1.webp 1512w, https:\/\/www.hydraulic-cylinders.net\/wp-content\/uploads\/2025\/02\/hcyy11112020-cylinder-for-frame-support-1-1280x127.webp 1280w, https:\/\/www.hydraulic-cylinders.net\/wp-content\/uploads\/2025\/02\/hcyy11112020-cylinder-for-frame-support-1-980x97.webp 980w, https:\/\/www.hydraulic-cylinders.net\/wp-content\/uploads\/2025\/02\/hcyy11112020-cylinder-for-frame-support-1-480x48.webp 480w\" sizes=\"(min-width: 0px) and (max-width: 480px) 480px, (min-width: 481px) and (max-width: 980px) 980px, (min-width: 981px) and (max-width: 1280px) 1280px, (min-width: 1281px) 1512px, 100vw\" \/><img loading=\"lazy\" decoding=\"async\" class=\"alignnone size-full wp-image-17069\" src=\"https:\/\/www.hydraulic-cylinders.net\/wp-content\/uploads\/2025\/02\/hcyy11112020-cylinder-for-frame-support-3.webp\" alt=\"\" width=\"1475\" height=\"710\" srcset=\"https:\/\/www.hydraulic-cylinders.net\/wp-content\/uploads\/2025\/02\/hcyy11112020-cylinder-for-frame-support-3.webp 1475w, https:\/\/www.hydraulic-cylinders.net\/wp-content\/uploads\/2025\/02\/hcyy11112020-cylinder-for-frame-support-3-1280x616.webp 1280w, https:\/\/www.hydraulic-cylinders.net\/wp-content\/uploads\/2025\/02\/hcyy11112020-cylinder-for-frame-support-3-980x472.webp 980w, https:\/\/www.hydraulic-cylinders.net\/wp-content\/uploads\/2025\/02\/hcyy11112020-cylinder-for-frame-support-3-480x231.webp 480w\" sizes=\"(min-width: 0px) and (max-width: 480px) 480px, (min-width: 481px) and (max-width: 980px) 980px, (min-width: 981px) and (max-width: 1280px) 1280px, (min-width: 1281px) 1475px, 100vw\" \/> <img loading=\"lazy\" decoding=\"async\" class=\"alignnone size-full wp-image-17070\" src=\"https:\/\/www.hydraulic-cylinders.net\/wp-content\/uploads\/2025\/02\/hcyy11112020-cylinder-for-frame-support-4.webp\" alt=\"\" width=\"1479\" height=\"717\" srcset=\"https:\/\/www.hydraulic-cylinders.net\/wp-content\/uploads\/2025\/02\/hcyy11112020-cylinder-for-frame-support-4.webp 1479w, https:\/\/www.hydraulic-cylinders.net\/wp-content\/uploads\/2025\/02\/hcyy11112020-cylinder-for-frame-support-4-1280x621.webp 1280w, https:\/\/www.hydraulic-cylinders.net\/wp-content\/uploads\/2025\/02\/hcyy11112020-cylinder-for-frame-support-4-980x475.webp 980w, https:\/\/www.hydraulic-cylinders.net\/wp-content\/uploads\/2025\/02\/hcyy11112020-cylinder-for-frame-support-4-480x233.webp 480w\" sizes=\"(min-width: 0px) and (max-width: 480px) 480px, (min-width: 481px) and (max-width: 980px) 980px, (min-width: 981px) and (max-width: 1280px) 1280px, (min-width: 1281px) 1479px, 100vw\" \/> <img loading=\"lazy\" decoding=\"async\" class=\"alignnone size-full wp-image-17071\" src=\"https:\/\/www.hydraulic-cylinders.net\/wp-content\/uploads\/2025\/02\/hcyy11112020-cylinder-for-frame-support-5.webp\" alt=\"\" width=\"1421\" height=\"704\" srcset=\"https:\/\/www.hydraulic-cylinders.net\/wp-content\/uploads\/2025\/02\/hcyy11112020-cylinder-for-frame-support-5.webp 1421w, https:\/\/www.hydraulic-cylinders.net\/wp-content\/uploads\/2025\/02\/hcyy11112020-cylinder-for-frame-support-5-1280x634.webp 1280w, https:\/\/www.hydraulic-cylinders.net\/wp-content\/uploads\/2025\/02\/hcyy11112020-cylinder-for-frame-support-5-980x486.webp 980w, https:\/\/www.hydraulic-cylinders.net\/wp-content\/uploads\/2025\/02\/hcyy11112020-cylinder-for-frame-support-5-480x238.webp 480w\" sizes=\"(min-width: 0px) and (max-width: 480px) 480px, (min-width: 481px) and (max-width: 980px) 980px, (min-width: 981px) and (max-width: 1280px) 1280px, (min-width: 1281px) 1421px, 100vw\" \/><\/h1>\n<h2><strong>K\u0101pur\u0137\u0113\u017eu celt\u0146a cilindru s\u0113rija:<\/strong><\/h2>\n<h2><img loading=\"lazy\" decoding=\"async\" class=\"alignnone size-full wp-image-17054 aligncenter\" src=\"https:\/\/www.hydraulic-cylinders.net\/wp-content\/uploads\/2025\/02\/cylinder-series-of-crawler-crane-1.webp\" alt=\"\" width=\"709\" height=\"791\" srcset=\"https:\/\/www.hydraulic-cylinders.net\/wp-content\/uploads\/2025\/02\/cylinder-series-of-crawler-crane-1.webp 709w, https:\/\/www.hydraulic-cylinders.net\/wp-content\/uploads\/2025\/02\/cylinder-series-of-crawler-crane-1-480x536.webp 480w\" sizes=\"(min-width: 0px) and (max-width: 480px) 480px, (min-width: 481px) 709px, 100vw\" \/><\/h2>\n<h2><strong>Atbalsta hidraulisko cilindru galven\u0101s iez\u012bmes kop\u0146u rokas k\u0101pur\u0137\u0113\u017eu celtnim:<\/strong><\/h2>\n<h4><strong>Augsta kravnes\u012bba<\/strong><\/h4>\n<p>The <strong>Atbalsta cilindrs<\/strong> izce\u013cas ar iespaid\u012bgo kravnes\u012bbu, \u013caujot tam bez piep\u016bles atbalst\u012bt iev\u0113rojamu svaru. \u0160\u012b \u012bpa\u0161\u012bba padara to ide\u0101li piem\u0113rotu lieljaudas lietojumprogramm\u0101m, piem\u0113ram, lieliem b\u016bvniec\u012bbas projektiem un infrastrukt\u016bras att\u012bst\u012bbai. Operatori var p\u0101rliecino\u0161i pacelt un manevr\u0113t iev\u0113rojamas kravas, zinot, ka vi\u0146iem ir uzticams komponents, kas atbilst vi\u0146u vissare\u017e\u0123\u012bt\u0101ko uzdevumu pras\u012bb\u0101m. \u0160\u012b sp\u0113ja ne tikai palielina produktivit\u0101ti, bet ar\u012b uzlabo celt\u0146a darb\u012bbas kop\u0113jo efektivit\u0101ti.<\/p>\n<h4><strong>Iztur\u012bga konstrukcija<\/strong><\/h4>\n<p>Atbalsta cilindrs, kas izgatavots no augstas iztur\u012bbas materi\u0101liem, ir izstr\u0101d\u0101ts, lai iztur\u0113tu sare\u017e\u0123\u012btus vides apst\u0101k\u013cus. T\u0101 iztur\u012bg\u0101 konstrukcija ir iztur\u012bga pret nodilumu, nodro\u0161inot t\u0101 uzticamu darb\u012bbu laika gait\u0101. \u0160\u012b notur\u012bba noz\u012bm\u0113 maz\u0101k nomai\u0146as un remonta darbu, \u013caujot b\u016bvniec\u012bbas komand\u0101m koncentr\u0113ties uz savu darbu, nevis apkopes probl\u0113m\u0101m. \u0160\u012b cilindra ilgm\u016b\u017e\u012bba pal\u012bdz samazin\u0101t d\u012bkst\u0101ves laiku, padarot to par gudru ieguld\u012bjumu jebkur\u0101 darb\u012bb\u0101.<\/p>\n<h4><strong>Korozijas iztur\u012bba<\/strong><\/h4>\n<p>Korozija var rad\u012bt iev\u0113rojamus draudus hidrauliskaj\u0101m sast\u0101vda\u013c\u0101m, ta\u010du atbalsta cilindram ir uzlabota virsmas apstr\u0101de, kas to aizsarg\u0101 no r\u016bsas un korozijas. \u0160is papildu aizsardz\u012bbas sl\u0101nis nodro\u0161ina, ka cilindrs saglab\u0101jas lielisk\u0101 st\u0101vokl\u012b pat skarbos laika apst\u0101k\u013cos vai agres\u012bv\u0101 vid\u0113. Pagarinot t\u0101 kalpo\u0161anas laiku, \u0161\u012b iztur\u012bba pret koroziju ne tikai uzlabo uzticam\u012bbu, bet ar\u012b samazina nepiecie\u0161am\u012bbu p\u0113c d\u0101rgiem remontiem vai nomai\u0146as, galu gal\u0101 palielinot darb\u012bbas efektivit\u0101ti.<\/p>\n<h4><strong>Kompakts dizains<\/strong><\/h4>\n<p>Atbalsta cilindra kompaktais dizains uzlabo t\u0101 daudzpus\u012bbu, \u013caujot to viegli integr\u0113t da\u017e\u0101dos k\u0101pur\u0137\u0113\u017eu celt\u0146u mode\u013cos. \u0160\u012b telpu taupo\u0161\u0101 funkcija noz\u012bm\u0113, ka operatori var maksim\u0101li palielin\u0101t celt\u0146a iesp\u0113jas bez nevajadz\u012bgas apjom\u012bbas. Moderniz\u0113tais dizains atvieglo \u0101tru uzst\u0101d\u012b\u0161anu un ekspluat\u0101ciju, \u013caujot komand\u0101m neman\u0101mi piel\u0101goties da\u017e\u0101d\u0101m projekta pras\u012bb\u0101m. \u0160\u012b piel\u0101gojam\u012bba veicina liel\u0101ku elast\u012bbu darba viet\u0101, atvieglojot pla\u0161a cel\u0161anas uzdevumu kl\u0101sta veik\u0161anu.<\/p>\n<h4><strong>Prec\u012bzijas in\u017eenierija<\/strong><\/h4>\n<p>Precizit\u0101te ir \u013coti svar\u012bga cel\u0161anas oper\u0101cij\u0101s, un atbalsta cilindrs ir r\u016bp\u012bgi izstr\u0101d\u0101ts, lai nodro\u0161in\u0101tu vienm\u0113r\u012bgu darb\u012bbu un prec\u012bzu kravas pozicion\u0113\u0161anu. Ar stingr\u0101m ra\u017eo\u0161anas pielaid\u0113m \u0161is cilindrs nodro\u0161ina, ka katrs pacel\u0161anas g\u0101jiens tiek veikts ar maksim\u0101lu precizit\u0101ti, iev\u0113rojami uzlabojot kop\u0113jo dro\u0161\u012bbu. Operatori var pa\u013cauties, ka vi\u0146u kravas tiks novietotas prec\u012bzi, samazinot negad\u012bjumu risku un uzlabojot darbpl\u016bsmas efektivit\u0101ti. \u0160is precizit\u0101tes l\u012bmenis ne tikai aizsarg\u0101 v\u0113rt\u012bgu apr\u012bkojumu, bet ar\u012b veicina dro\u0161\u0101ku darba vidi visiem.<\/p>\n<p>Rezum\u0113jot, atbalsta cilindrs izce\u013cas ar savu izcilo slodzes iztur\u012bbu, iztur\u012bgo konstrukciju, iztur\u012bbu pret koroziju, kompakto dizainu un prec\u012bzu in\u017eenieriju. Katra no \u0161\u012bm \u012bpa\u0161\u012bb\u0101m apvienojum\u0101 nodro\u0161ina uzticamu un efekt\u012bvu risin\u0101jumu b\u016bvniec\u012bbas projektiem, padarot to par neaizst\u0101jamu resursu nozares profesion\u0101\u013ciem.<\/p>\n<h2><strong>K\u0101 cilindrs aizmugur\u0113j\u0101s sasv\u0113r\u0161an\u0101s nov\u0113r\u0161anai uzlabo k\u0101pur\u0137\u0113\u017eu celt\u0146a darb\u012bbas dro\u0161\u012bbu?<\/strong><\/h2>\n<p>Dizains <strong>Atbalsts<\/strong> <strong>Cilindrs<\/strong> ir in\u017eenierijas \u0161edevrs, kas iev\u0113rojami uzlabo stabilit\u0101ti smagu cel\u0161anas oper\u0101ciju laik\u0101. L\u016bk, k\u0101 katra funkcija veicina t\u0101 izcilo veiktsp\u0113ju:<\/p>\n<h4><strong>1. Iespaid\u012bga kravnes\u012bba<\/strong><\/h4>\n<p>Atbalsta cilindrs ir \u012bpa\u0161i izstr\u0101d\u0101ts, lai iztur\u0113tu iev\u0113rojamu svaru, padarot to ide\u0101li piem\u0113rotu lieljaudas lietojumprogramm\u0101m. \u0160\u012b iespaid\u012bg\u0101 kravnes\u012bba nodro\u0161ina, ka pat vissmag\u0101k\u0101s kravas var pacelt ar p\u0101rliec\u012bbu, iev\u0113rojami samazinot apg\u0101\u0161an\u0101s vai \u0161\u016bpo\u0161an\u0101s risku. Nodro\u0161inot stabilu pamatu, \u0161is cilindrs \u013cauj operatoriem koncentr\u0113ties uz saviem uzdevumiem, past\u0101v\u012bgi neuztraucoties par stabilit\u0101ti, t\u0101d\u0113j\u0101di uzlabojot kop\u0113jo produktivit\u0101ti.<\/p>\n<h4><strong>2. Iztur\u012bga konstrukcija<\/strong><\/h4>\n<p>Izgatavots no augstas iztur\u012bbas materi\u0101liem, cilindrs ir paredz\u0113ts iztur\u0113t sare\u017e\u0123\u012btu vides apst\u0101k\u013cu rad\u012btos slodzi. \u0160\u012b iztur\u012bg\u0101 konstrukcija nodro\u0161ina t\u0101 struktur\u0101l\u0101s integrit\u0101tes saglab\u0101\u0161anu intens\u012bva spiediena apst\u0101k\u013cos, nodro\u0161inot uzticamu atbalsta sist\u0113mu, kas sp\u0113j iztur\u0113t dinamiskus sp\u0113kus cel\u0161anas oper\u0101ciju laik\u0101. Izmantoto materi\u0101lu iztur\u012bba ne tikai pagarina cilindra kalpo\u0161anas laiku, bet ar\u012b uzlabo t\u0101 sp\u0113ju darboties vienm\u0113r\u012bgi pat vissare\u017e\u0123\u012bt\u0101kaj\u0101s situ\u0101cij\u0101s.<\/p>\n<h4><strong>3. Kompakts dizains<\/strong><\/h4>\n<p>Viena no atbalsta cilindra izcil\u0101kaj\u0101m iez\u012bm\u0113m ir t\u0101 kompaktais dizains, kas \u013cauj to optim\u0101li novietot celt\u0146a r\u0101m\u012b. \u0160\u012b strat\u0113\u0123isk\u0101 pozicion\u0113\u0161ana pazemina smaguma centru, iev\u0113rojami uzlabojot kop\u0113jo stabilit\u0101ti ekspluat\u0101cijas laik\u0101. Zem\u0101ks smaguma centrs samazina apg\u0101\u0161an\u0101s iesp\u0113jam\u012bbu, \u012bpa\u0161i manevr\u0113jot ar smag\u0101m krav\u0101m, padarot cilindru par b\u016btisku sast\u0101vda\u013cu dro\u0161ai un efekt\u012bvai cel\u0161anai.<\/p>\n<h4><strong>4. Prec\u012bz\u0101 in\u017eenierija<\/strong><\/h4>\n<p>Precizit\u0101te cel\u0161anas oper\u0101cij\u0101s ir \u0101rk\u0101rt\u012bgi svar\u012bga, un atbalsta cilindrs \u0161aj\u0101 zi\u0146\u0101 izce\u013cas. Ar stingr\u0101m ra\u017eo\u0161anas pielaid\u0113m \u0161is cilindrs garant\u0113 vienm\u0113r\u012bgas un kontrol\u0113tas kust\u012bbas. \u0160\u012b precizit\u0101te ne tikai uzlabo kravas pozicion\u0113\u0161anas precizit\u0101ti, bet ar\u012b samazina p\u0113k\u0161\u0146u nob\u012b\u017eu iesp\u0113jam\u012bbu, kas var\u0113tu apdraud\u0113t stabilit\u0101ti. Operatori var pa\u013cauties, ka vi\u0146u kravas tiks apstr\u0101d\u0101tas delik\u0101ti un prec\u012bzi, uzlabojot dro\u0161\u012bbu darba viet\u0101.<\/p>\n<h4><strong>5. Korozijas iztur\u012bba<\/strong><\/h4>\n<p>Korozija var b\u016bt nopietna probl\u0113ma hidrauliskaj\u0101m sast\u0101vda\u013c\u0101m, \u012bpa\u0161i skarbos apst\u0101k\u013cos. Atbalsta cilindram ir uzlabota virsmas apstr\u0101de, kas to aizsarg\u0101 no r\u016bsas un degrad\u0101cijas. \u0160\u012b iztur\u012bba pret koroziju nodro\u0161ina, ka cilindrs saglab\u0101 savu veiktsp\u0113ju laika gait\u0101 pat nelabv\u0113l\u012bgos apst\u0101k\u013cos. Nov\u0113r\u0161ot nodilumu, \u0161\u012b funkcija uzlabo uzticam\u012bbu un pagarina cilindra kalpo\u0161anas laiku, veicinot ilgsto\u0161u stabilit\u0101ti smagu cel\u0161anas darbu laik\u0101.<\/p>\n<p>Rezum\u0113jot, <strong>Atbalsta cilindrs<\/strong> izce\u013cas k\u0101 stabilit\u0101tes un uzticam\u012bbas st\u016brakmens smago cel\u0161anas oper\u0101cij\u0101s. T\u0101 iespaid\u012bg\u0101 kravnes\u012bba, iztur\u012bg\u0101 konstrukcija, kompaktais dizains, prec\u012bz\u0101 in\u017eenierija un iztur\u012bba pret koroziju rada jaud\u012bgu atbalsta sist\u0113mu. \u0160is cilindrs ne tikai uzlabo dro\u0161\u012bbu, bet ar\u012b palielina efektivit\u0101ti, padarot to par nenov\u0113rt\u0113jamu resursu b\u016bvniec\u012bbas profesion\u0101\u013ciem. Invest\u0113jot atbalsta cilindr\u0101, operatori var p\u0101rliecino\u0161i uzlabot savu sniegumu un tikt gal\u0101 pat ar vispras\u012bg\u0101kajiem projektiem.<\/p>\n<h2><strong>Iekr\u0101v\u0113ja cilindru ra\u017eo\u0161anas zona:<\/strong><\/h2>\n<h2><img loading=\"lazy\" decoding=\"async\" class=\"alignnone size-full wp-image-16972\" src=\"https:\/\/www.hydraulic-cylinders.net\/wp-content\/uploads\/2025\/01\/hydraulic-cylinder-factory-1-scaled.webp\" alt=\"\" width=\"2016\" height=\"2560\" srcset=\"https:\/\/www.hydraulic-cylinders.net\/wp-content\/uploads\/2025\/01\/hydraulic-cylinder-factory-1-scaled.webp 2016w, https:\/\/www.hydraulic-cylinders.net\/wp-content\/uploads\/2025\/01\/hydraulic-cylinder-factory-1-1280x1625.webp 1280w, https:\/\/www.hydraulic-cylinders.net\/wp-content\/uploads\/2025\/01\/hydraulic-cylinder-factory-1-980x1244.webp 980w, https:\/\/www.hydraulic-cylinders.net\/wp-content\/uploads\/2025\/01\/hydraulic-cylinder-factory-1-480x610.webp 480w\" sizes=\"(min-width: 0px) and (max-width: 480px) 480px, (min-width: 481px) and (max-width: 980px) 980px, (min-width: 981px) and (max-width: 1280px) 1280px, (min-width: 1281px) 2016px, 100vw\" \/><\/h2>\n<p>M\u0113s lepojamies ar modernu neatkar\u012bgu p\u0113tniec\u012bbas un att\u012bst\u012bbas platformu, kas velt\u012bta mont\u0101\u017eai, nodro\u0161inot augst\u0101k\u0101 l\u012bme\u0146a inov\u0101cijas un kvalit\u0101ti m\u016bsu ra\u017eo\u0161anas procesos. M\u016bsu iekr\u0101v\u0113ju cilindru ra\u017eo\u0161anas darbn\u012bc\u0101 ir \u010detras pusautom\u0101tiskas pacel\u0161anas cilindru mont\u0101\u017eas l\u012bnijas un piln\u012bb\u0101 autom\u0101tiska noliecamo cilindru mont\u0101\u017eas l\u012bnija, kas kop\u0101 ir paredz\u0113tas, lai sara\u017eotu l\u012bdz pat vienam miljonam vien\u012bbu gad\u0101.<\/p>\n<p>Turkl\u0101t m\u016bsu specializ\u0113t\u0101 cilindru darbn\u012bca ir apr\u012bkota ar pusautom\u0101tisk\u0101m t\u012br\u012b\u0161anas un mont\u0101\u017eas sist\u0113m\u0101m, kas piel\u0101gotas da\u017e\u0101d\u0101m specifik\u0101cij\u0101m, ar gada ra\u017eo\u0161anas jaudu 200\u00a0000 vien\u012bbu. M\u0113s izmantojam atz\u012btas CNC iek\u0101rtas, apstr\u0101des centrus un specializ\u0113tus instrumentus augstas precizit\u0101tes cilindru apstr\u0101dei. M\u016bsu iek\u0101rt\u0101s ir ar\u012b modernas robotiz\u0113tas metin\u0101\u0161anas iek\u0101rtas, autom\u0101tisk\u0101s t\u012br\u012b\u0161anas sist\u0113mas un piln\u012bb\u0101 automatiz\u0113tas cilindru mont\u0101\u017eas un kr\u0101so\u0161anas l\u012bnijas. Ar vair\u0101k nek\u0101 300 galvenaj\u0101m iek\u0101rt\u0101m, kas darbojas, m\u0113s optimiz\u0113jam resursu sadali un nodro\u0161in\u0101m efekt\u012bvu izmanto\u0161anu, iev\u0113rojot stingrus precizit\u0101tes un kvalit\u0101tes standartus.<\/p>\n<p>M\u016bsu apstr\u0101des ceh\u0101 ir piel\u0101goti sl\u012bpo vadot\u0146u slie\u017eu virpo\u0161anas centri, apstr\u0101des centri, \u0101trgaitas asin\u0101\u0161anas ma\u0161\u012bnas, metin\u0101\u0161anas roboti un cits svar\u012bgs apr\u012bkojums. \u0160\u012b iek\u0101rta \u013cauj mums apstr\u0101d\u0101t cilindriskas caurules ar maksim\u0101lo iek\u0161\u0113jo diametru 400 mm un garumu l\u012bdz 6 metriem, v\u0113l vair\u0101k uzlabojot m\u016bsu ra\u017eo\u0161anas jaudas.<\/p>\n<h2><img loading=\"lazy\" decoding=\"async\" class=\"alignnone size-full wp-image-16973\" src=\"https:\/\/www.hydraulic-cylinders.net\/wp-content\/uploads\/2025\/01\/hydraulic-cylinder-factory-2-scaled.webp\" alt=\"\" width=\"2011\" height=\"2560\" srcset=\"https:\/\/www.hydraulic-cylinders.net\/wp-content\/uploads\/2025\/01\/hydraulic-cylinder-factory-2-scaled.webp 2011w, https:\/\/www.hydraulic-cylinders.net\/wp-content\/uploads\/2025\/01\/hydraulic-cylinder-factory-2-1280x1629.webp 1280w, https:\/\/www.hydraulic-cylinders.net\/wp-content\/uploads\/2025\/01\/hydraulic-cylinder-factory-2-980x1248.webp 980w, https:\/\/www.hydraulic-cylinders.net\/wp-content\/uploads\/2025\/01\/hydraulic-cylinder-factory-2-480x611.webp 480w\" sizes=\"(min-width: 0px) and (max-width: 480px) 480px, (min-width: 481px) and (max-width: 980px) 980px, (min-width: 981px) and (max-width: 1280px) 1280px, (min-width: 1281px) 2011px, 100vw\" \/><\/h2>\n<p>M\u0113s izmantojam piln\u012bb\u0101 autom\u0101tisku \u016bdens b\u0101zes kr\u0101so\u0161anas l\u012bniju, kas \u012bpa\u0161i paredz\u0113ta maziem un vid\u0113jiem baloniem, ar automatiz\u0113tiem iekrau\u0161anas, izkrau\u0161anas un izsmidzin\u0101\u0161anas robotiem. \u0160\u012b modern\u0101 sist\u0113ma lepojas ar ra\u017eo\u0161anas jaudu 4000 vien\u012bbu mai\u0146\u0101. Turkl\u0101t mums ir pusautom\u0101tiska kr\u0101so\u0161anas l\u012bnija lielizm\u0113ra baloniem, ko darbina \u0137\u0113des piedzi\u0146a, ar projekt\u0113to jaudu 60 kastes mai\u0146\u0101.<\/p>\n<p>Lai uzlabotu produktu veiktsp\u0113ju un nostiprin\u0101tu m\u016bsu l\u012bderpoz\u012bcijas hidraulisko cilindru nozar\u0113, m\u0113s sadarbojamies ar ZJIMEE, lai izveidotu visaptvero\u0161u veiktsp\u0113jas laboratoriju, kas velt\u012bta hidrauliskajiem cilindriem, v\u0101rstiem un s\u016bk\u0146iem. \u0160\u012b modern\u0101 laboratorija izmanto datoriz\u0113tu test\u0113\u0161anu ar elektrohidraulisko tehnolo\u0123iju, \u013caujot izmantot iepriek\u0161 iestat\u012btus testa apst\u0101k\u013cus, kas uzlabo precizit\u0101ti un sist\u0113mas daudzpus\u012bbu. Automatiz\u0113taj\u0101 datu v\u0101k\u0161anas proces\u0101 tiek izmantoti sensori, lai apkopotu izejas datus, piem\u0113ram, iek\u0161\u0113jo nopl\u016bdi un slodzes efektivit\u0101ti, kurus p\u0113c tam apstr\u0101d\u0101 dators un konvert\u0113 standarta m\u0113rvien\u012bb\u0101s (ml\/min%).<\/p>\n<p>Turkl\u0101t, lai nodro\u0161in\u0101tu m\u016bsu hidraulisko sist\u0113mu dro\u0161\u012bbu, m\u0113s ievie\u0161am galveno veiktsp\u0113jas parametru, tostarp e\u013c\u013cas temperat\u016bras, \u0161\u0137idruma l\u012bme\u0146a un filtra ier\u012bces st\u0101vok\u013ca, uzraudz\u012bbu. M\u016bsu hidraulisko cilindru testa stends sp\u0113j nov\u0113rt\u0113t \u201cslodzes efektivit\u0101ti\u201d un \u201ciek\u0161\u0113jo nopl\u016bdi\u201d, izmantojot prec\u012bzus r\u0101d\u012bjumus. Tas ir apr\u012bkots ar\u012b ar re\u017e\u0123veida m\u0113rinstrumentu, kas atbilst valsts standartiem, nodro\u0161inot atbilst\u012bbu vis\u0101m hidraulisko cilindru izstr\u0101d\u0101jumu test\u0113\u0161anas pras\u012bb\u0101m.<\/p>\n<p>&nbsp;<\/p>","protected":false},"excerpt":{"rendered":"<p>Support Hydraulic Cylinders For Crawler Crane Our support hydraulic cylinders for crawler cranes are engineered for heavy-duty lifting and stabilization in demanding environments. Designed to support the truss arm structure, these cylinders ensure optimal stability and safety during high-load operations, making them ideal for crawler cranes used in construction, port operations, and industrial projects. With [&hellip;]<\/p>","protected":false},"featured_media":17072,"comment_status":"open","ping_status":"closed","template":"","meta":{"_et_pb_use_builder":"","_et_pb_old_content":"","_et_gb_content_width":""},"product_brand":[],"product_cat":[1514,1549,1376],"product_tag":[],"class_list":{"0":"post-17065","1":"product","2":"type-product","3":"status-publish","4":"has-post-thumbnail","6":"product_cat-mobile-crane-hydraulic-cylinders","7":"product_cat-single-acting-hydraulic-cylinder","8":"product_cat-hydraulic-cylinder","10":"first","11":"instock","12":"shipping-taxable","13":"product-type-simple"},"amp_enabled":true,"_links":{"self":[{"href":"https:\/\/www.hydraulic-cylinders.net\/lv\/wp-json\/wp\/v2\/product\/17065","targetHints":{"allow":["GET"]}}],"collection":[{"href":"https:\/\/www.hydraulic-cylinders.net\/lv\/wp-json\/wp\/v2\/product"}],"about":[{"href":"https:\/\/www.hydraulic-cylinders.net\/lv\/wp-json\/wp\/v2\/types\/product"}],"replies":[{"embeddable":true,"href":"https:\/\/www.hydraulic-cylinders.net\/lv\/wp-json\/wp\/v2\/comments?post=17065"}],"wp:featuredmedia":[{"embeddable":true,"href":"https:\/\/www.hydraulic-cylinders.net\/lv\/wp-json\/wp\/v2\/media\/17072"}],"wp:attachment":[{"href":"https:\/\/www.hydraulic-cylinders.net\/lv\/wp-json\/wp\/v2\/media?parent=17065"}],"wp:term":[{"taxonomy":"product_brand","embeddable":true,"href":"https:\/\/www.hydraulic-cylinders.net\/lv\/wp-json\/wp\/v2\/product_brand?post=17065"},{"taxonomy":"product_cat","embeddable":true,"href":"https:\/\/www.hydraulic-cylinders.net\/lv\/wp-json\/wp\/v2\/product_cat?post=17065"},{"taxonomy":"product_tag","embeddable":true,"href":"https:\/\/www.hydraulic-cylinders.net\/lv\/wp-json\/wp\/v2\/product_tag?post=17065"}],"curies":[{"name":"wp","href":"https:\/\/api.w.org\/{rel}","templated":true}]}}