{"id":17084,"date":"2025-02-05T08:51:31","date_gmt":"2025-02-05T08:51:31","guid":{"rendered":"https:\/\/www.hydraulic-cylinders.net\/?post_type=product&#038;p=17084"},"modified":"2025-04-11T05:30:22","modified_gmt":"2025-04-11T05:30:22","slug":"hcyy11112017-towing-and-lifting-cylinder-for-agricultural-machinery","status":"publish","type":"product","link":"https:\/\/www.hydraulic-cylinders.net\/lv\/products\/hcyy11112017-towing-and-lifting-cylinder-for-agricultural-machinery\/","title":{"rendered":"HCYY11112017 Lauksaimniec\u012bbas tehnikas vilk\u0161anas un pacel\u0161anas cilindrs"},"content":{"rendered":"<h1 style=\"text-align: center;\"><strong>HCYY11112017 Lauksaimniec\u012bbas tehnikas vilk\u0161anas un pacel\u0161anas cilindrs<\/strong><\/h1>\n<h1 style=\"text-align: center;\"><img loading=\"lazy\" decoding=\"async\" class=\"alignnone size-full wp-image-17086\" src=\"https:\/\/www.hydraulic-cylinders.net\/wp-content\/uploads\/2025\/02\/hcyy11112017-towing-and-lifting-cylinder-2.webp\" alt=\"\" width=\"1495\" height=\"517\" srcset=\"https:\/\/www.hydraulic-cylinders.net\/wp-content\/uploads\/2025\/02\/hcyy11112017-towing-and-lifting-cylinder-2.webp 1495w, https:\/\/www.hydraulic-cylinders.net\/wp-content\/uploads\/2025\/02\/hcyy11112017-towing-and-lifting-cylinder-2-1280x443.webp 1280w, https:\/\/www.hydraulic-cylinders.net\/wp-content\/uploads\/2025\/02\/hcyy11112017-towing-and-lifting-cylinder-2-980x339.webp 980w, https:\/\/www.hydraulic-cylinders.net\/wp-content\/uploads\/2025\/02\/hcyy11112017-towing-and-lifting-cylinder-2-480x166.webp 480w\" sizes=\"(min-width: 0px) and (max-width: 480px) 480px, (min-width: 481px) and (max-width: 980px) 980px, (min-width: 981px) and (max-width: 1280px) 1280px, (min-width: 1281px) 1495px, 100vw\" \/><\/h1>\n<p>The <strong>HCYY11112017 Vilk\u0161anas un pacel\u0161anas cilindrs<\/strong> ir b\u016btiska sast\u0101vda\u013ca lauksaimniec\u012bbas un r\u016bpniec\u012bbas vajadz\u012bb\u0101m, kas paredz\u0113ta izcilai veiktsp\u0113jai smagu kravu vilk\u0161an\u0101 un cel\u0161anas iek\u0101rtu vad\u012b\u0161an\u0101. T\u0101s daudzpus\u012bba padara to par neaizst\u0101jamu instrumentu profesion\u0101\u013ciem \u0161aj\u0101 jom\u0101.<\/p>\n<p>\u0160is cilindrs izce\u013cas k\u0101 uzticams un efekt\u012bvs risin\u0101jums da\u017e\u0101diem vilk\u0161anas un cel\u0161anas uzdevumiem. Ar augstu kravnes\u012bbu, iztur\u012bgu konstrukciju un kompaktu dizainu tas uzlabo jebkura tehnikas parka iesp\u0113jas. Iev\u0113rojot ieteicam\u0101s lieto\u0161anas un apkopes vadl\u012bnijas, lietot\u0101ji var optimiz\u0113t cilindra veiktsp\u0113ju un pagarin\u0101t t\u0101 kalpo\u0161anas laiku, nodro\u0161inot maksim\u0101lu efektivit\u0101ti darb\u012bb\u0101.<\/p>\n<p>Ieguldiet HCYY11112017, lai ieg\u016btu uzticamu risin\u0101jumu, kas efekt\u012bvi atbilst vis\u0101m j\u016bsu vilk\u0161anas un cel\u0161anas pras\u012bb\u0101m.<\/p>\n<h2><strong>HCYY11112017 Vilk\u0161anas un pacel\u0161anas cilindra parametrs:<\/strong><\/h2>\n<h1 style=\"text-align: center;\"><img loading=\"lazy\" decoding=\"async\" class=\"alignnone size-full wp-image-17085\" src=\"https:\/\/www.hydraulic-cylinders.net\/wp-content\/uploads\/2025\/02\/hcyy11112017-towing-and-lifting-cylinder-1.webp\" alt=\"\" width=\"1519\" height=\"151\" srcset=\"https:\/\/www.hydraulic-cylinders.net\/wp-content\/uploads\/2025\/02\/hcyy11112017-towing-and-lifting-cylinder-1.webp 1519w, https:\/\/www.hydraulic-cylinders.net\/wp-content\/uploads\/2025\/02\/hcyy11112017-towing-and-lifting-cylinder-1-1280x127.webp 1280w, https:\/\/www.hydraulic-cylinders.net\/wp-content\/uploads\/2025\/02\/hcyy11112017-towing-and-lifting-cylinder-1-980x97.webp 980w, https:\/\/www.hydraulic-cylinders.net\/wp-content\/uploads\/2025\/02\/hcyy11112017-towing-and-lifting-cylinder-1-480x48.webp 480w\" sizes=\"(min-width: 0px) and (max-width: 480px) 480px, (min-width: 481px) and (max-width: 980px) 980px, (min-width: 981px) and (max-width: 1280px) 1280px, (min-width: 1281px) 1519px, 100vw\" \/><img loading=\"lazy\" decoding=\"async\" class=\"alignnone size-full wp-image-17087\" src=\"https:\/\/www.hydraulic-cylinders.net\/wp-content\/uploads\/2025\/02\/hcyy11112017-towing-and-lifting-cylinder-3.webp\" alt=\"\" width=\"1474\" height=\"710\" srcset=\"https:\/\/www.hydraulic-cylinders.net\/wp-content\/uploads\/2025\/02\/hcyy11112017-towing-and-lifting-cylinder-3.webp 1474w, https:\/\/www.hydraulic-cylinders.net\/wp-content\/uploads\/2025\/02\/hcyy11112017-towing-and-lifting-cylinder-3-1280x617.webp 1280w, https:\/\/www.hydraulic-cylinders.net\/wp-content\/uploads\/2025\/02\/hcyy11112017-towing-and-lifting-cylinder-3-980x472.webp 980w, https:\/\/www.hydraulic-cylinders.net\/wp-content\/uploads\/2025\/02\/hcyy11112017-towing-and-lifting-cylinder-3-480x231.webp 480w\" sizes=\"(min-width: 0px) and (max-width: 480px) 480px, (min-width: 481px) and (max-width: 980px) 980px, (min-width: 981px) and (max-width: 1280px) 1280px, (min-width: 1281px) 1474px, 100vw\" \/> <img loading=\"lazy\" decoding=\"async\" class=\"alignnone size-full wp-image-17088\" src=\"https:\/\/www.hydraulic-cylinders.net\/wp-content\/uploads\/2025\/02\/hcyy11112017-towing-and-lifting-cylinder-4.webp\" alt=\"\" width=\"1480\" height=\"705\" srcset=\"https:\/\/www.hydraulic-cylinders.net\/wp-content\/uploads\/2025\/02\/hcyy11112017-towing-and-lifting-cylinder-4.webp 1480w, https:\/\/www.hydraulic-cylinders.net\/wp-content\/uploads\/2025\/02\/hcyy11112017-towing-and-lifting-cylinder-4-1280x610.webp 1280w, https:\/\/www.hydraulic-cylinders.net\/wp-content\/uploads\/2025\/02\/hcyy11112017-towing-and-lifting-cylinder-4-980x467.webp 980w, https:\/\/www.hydraulic-cylinders.net\/wp-content\/uploads\/2025\/02\/hcyy11112017-towing-and-lifting-cylinder-4-480x229.webp 480w\" sizes=\"(min-width: 0px) and (max-width: 480px) 480px, (min-width: 481px) and (max-width: 980px) 980px, (min-width: 981px) and (max-width: 1280px) 1280px, (min-width: 1281px) 1480px, 100vw\" \/> <img loading=\"lazy\" decoding=\"async\" class=\"alignnone size-full wp-image-17089\" src=\"https:\/\/www.hydraulic-cylinders.net\/wp-content\/uploads\/2025\/02\/hcyy11112017-towing-and-lifting-cylinder-5.webp\" alt=\"\" width=\"1394\" height=\"691\" srcset=\"https:\/\/www.hydraulic-cylinders.net\/wp-content\/uploads\/2025\/02\/hcyy11112017-towing-and-lifting-cylinder-5.webp 1394w, https:\/\/www.hydraulic-cylinders.net\/wp-content\/uploads\/2025\/02\/hcyy11112017-towing-and-lifting-cylinder-5-1280x634.webp 1280w, https:\/\/www.hydraulic-cylinders.net\/wp-content\/uploads\/2025\/02\/hcyy11112017-towing-and-lifting-cylinder-5-980x486.webp 980w, https:\/\/www.hydraulic-cylinders.net\/wp-content\/uploads\/2025\/02\/hcyy11112017-towing-and-lifting-cylinder-5-480x238.webp 480w\" sizes=\"(min-width: 0px) and (max-width: 480px) 480px, (min-width: 481px) and (max-width: 980px) 980px, (min-width: 981px) and (max-width: 1280px) 1280px, (min-width: 1281px) 1394px, 100vw\" \/><\/h1>\n<h2><strong>K\u0101pur\u0137\u0113\u017eu celt\u0146a cilindru s\u0113rija:<\/strong><\/h2>\n<h2><img loading=\"lazy\" decoding=\"async\" class=\"alignnone size-full wp-image-17082\" src=\"https:\/\/www.hydraulic-cylinders.net\/wp-content\/uploads\/2025\/02\/cylinder-series-for-agricultural-machinery-1-1-scaled.webp\" alt=\"\" width=\"2066\" height=\"2560\" srcset=\"https:\/\/www.hydraulic-cylinders.net\/wp-content\/uploads\/2025\/02\/cylinder-series-for-agricultural-machinery-1-1-scaled.webp 2066w, https:\/\/www.hydraulic-cylinders.net\/wp-content\/uploads\/2025\/02\/cylinder-series-for-agricultural-machinery-1-1-1280x1586.webp 1280w, https:\/\/www.hydraulic-cylinders.net\/wp-content\/uploads\/2025\/02\/cylinder-series-for-agricultural-machinery-1-1-980x1214.webp 980w, https:\/\/www.hydraulic-cylinders.net\/wp-content\/uploads\/2025\/02\/cylinder-series-for-agricultural-machinery-1-1-480x595.webp 480w\" sizes=\"(min-width: 0px) and (max-width: 480px) 480px, (min-width: 481px) and (max-width: 980px) 980px, (min-width: 981px) and (max-width: 1280px) 1280px, (min-width: 1281px) 2066px, 100vw\" \/><\/h2>\n<h2><strong>HCYY11112017 vilk\u0161anas un pacel\u0161anas cilindra galven\u0101s iez\u012bmes:<\/strong><\/h2>\n<p>The <strong>HCYY11112017 Vilk\u0161anas un pacel\u0161anas cilindrs<\/strong> lepojas ar vair\u0101k\u0101m galvenaj\u0101m funkcij\u0101m, kas iev\u0113rojami uzlabo t\u0101 funkcionalit\u0101ti un pievilc\u012bbu:<\/p>\n<h4><strong>Augsta kravnes\u012bba<\/strong><\/h4>\n<p>\u0160is cilindrs ir izstr\u0101d\u0101ts, lai bez piep\u016bles iztur\u0113tu iev\u0113rojamu svaru, padarot to ide\u0101li piem\u0113rotu lieljaudas lietojumiem. T\u0101 iespaid\u012bg\u0101 kravnes\u012bba nodro\u0161ina dro\u0161as un efekt\u012bvas vilk\u0161anas un cel\u0161anas oper\u0101cijas, \u013caujot lietot\u0101jiem bez vilcin\u0101\u0161an\u0101s veikt sare\u017e\u0123\u012btus uzdevumus. Neatkar\u012bgi no t\u0101, vai tiek celta liela lauksaimniec\u012bbas tehnika vai j\u0101velk smagas piekabes, \u0161is cilindrs nodro\u0161ina nepiecie\u0161amo iztur\u012bbu, lai darbu paveiktu efekt\u012bvi.<\/p>\n<h4><strong>Iztur\u012bga konstrukcija<\/strong><\/h4>\n<p>Izgatavots no augstas iztur\u012bbas materi\u0101liem, HCYY11112017 ir izstr\u0101d\u0101ts, lai iztur\u0113tu nodilumu pat vissare\u017e\u0123\u012bt\u0101kajos apst\u0101k\u013cos. T\u0101 iztur\u012bg\u0101 konstrukcija pasarg\u0101 no ikdienas lieto\u0161anas gr\u016bt\u012bb\u0101m, nodro\u0161inot ilgu kalpo\u0161anas laiku. \u0160\u012b iztur\u012bba noz\u012bm\u0113 ret\u0101ku nomai\u0146u un remontu, nodro\u0161inot lietot\u0101jiem sirdsmieru un ietaupot izmaksas ilgtermi\u0146\u0101.<\/p>\n<h4><strong>Korozijas iztur\u012bba<\/strong><\/h4>\n<p>Cilindram ir uzlabota virsmas apstr\u0101de, kas to aizsarg\u0101 pret r\u016bsu un koroziju. \u0160\u012b svar\u012bg\u0101 \u012bpa\u0161\u012bba ir \u012bpa\u0161i noder\u012bga lauksaimniec\u012bbas un r\u016bpniec\u012bbas vid\u0113, kur bie\u017ei tiek pak\u013cauts mitrumam un sp\u0113c\u012bg\u0101m \u0137\u012bmisk\u0101m viel\u0101m. Pagarinot cilindra kalpo\u0161anas laiku un saglab\u0101jot uzticam\u012bbu, \u0161\u012b iztur\u012bba pret koroziju nodro\u0161ina, ka HCYY11112017 laika gait\u0101 saglab\u0101jas k\u0101 uzticams instruments.<\/p>\n<h4><strong>Kompakts dizains<\/strong><\/h4>\n<p>T\u0101 telpu taupo\u0161\u0101 strukt\u016bra \u013cauj to viegli integr\u0113t eso\u0161aj\u0101s iek\u0101rt\u0101s, neapdraudot veiktsp\u0113ju. \u0160is kompaktais dizains ir \u012bpa\u0161i izdev\u012bgs darb\u012bb\u0101m ar ierobe\u017eotu vietu, \u013caujot lietot\u0101jiem maksim\u0101li izmantot iek\u0101rtu iesp\u0113jas. Cilindra mazais izm\u0113rs neietekm\u0113 jaudu, padarot to par praktisku izv\u0113li da\u017e\u0101diem lietojumiem.<\/p>\n<h4><strong>Prec\u012bzijas in\u017eenierija<\/strong><\/h4>\n<p>HCYY11112017, kas ra\u017eots ar stingr\u0101m pielaid\u0113m, garant\u0113 vienm\u0113r\u012bgu darb\u012bbu un prec\u012bzu kravas pozicion\u0113\u0161anu. \u0160\u012b prec\u012bz\u0101 in\u017eenierija uzlabo kop\u0113jo veiktsp\u0113ju, nodro\u0161inot, ka kravas tiek paceltas un vilktas ar izcilu kontroli. Lietot\u0101ji var pa\u013cauties uz \u0161o precizit\u0101ti, lai sasniegtu optim\u0101lus rezult\u0101tus savos uzdevumos, veicinot efektivit\u0101ti un dro\u0161\u012bbu darb\u012bb\u0101s.<\/p>\n<p>Rezum\u0113jot, HCYY11112017 vilk\u0161anas un pacel\u0161anas cilindrs apvieno augstu kravnes\u012bbu, iztur\u012bgu konstrukciju, iztur\u012bbu pret koroziju, kompaktu dizainu un prec\u012bzu in\u017eenieriju. \u0160\u012bs \u012bpa\u0161\u012bbas ne tikai uzlabo t\u0101 funkcionalit\u0101ti, bet ar\u012b padara to par uzticamu l\u012bdzekli jebkuram lauksaimniec\u012bbas vai r\u016bpniec\u012bbas pielietojumam, nodro\u0161inot, ka lietot\u0101ji var p\u0101rliecino\u0161i tikt gal\u0101 ar vissare\u017e\u0123\u012bt\u0101kajiem izaicin\u0101jumiem.<\/p>\n<h2><strong>K\u0101 HCYY11112017 vilk\u0161anas un pacel\u0161anas cilindra kompaktais dizains uzlabo t\u0101 lietojam\u012bbu \u0161aur\u0101s telp\u0101s?<\/strong><\/h2>\n<p>The <strong>kompakts dizains<\/strong> no <strong>HCYY11112017 Vilk\u0161anas un pacel\u0161anas cilindrs<\/strong> iev\u0113rojami uzlabo t\u0101 lietojam\u012bbu \u0161aur\u0101s telp\u0101s, pied\u0101v\u0101jot vair\u0101kas galven\u0101s priek\u0161roc\u012bbas:<\/p>\n<h4><strong>Telpas efektivit\u0101te<\/strong><\/h4>\n<ul>\n<li><strong>Minim\u0101ls p\u0113das nospiedums<\/strong>Cilindra maz\u0101kie izm\u0113ri \u013cauj to ievietot ierobe\u017eot\u0101s telp\u0101s, kur liel\u0101ki mode\u013ci neb\u016btu praktiski. \u0160\u012b telpas efektivit\u0101te maksim\u0101li palielina pieejam\u0101s plat\u012bbas izmanto\u0161anu ma\u0161\u012bnu izvietojum\u0101, padarot to par lielisku izv\u0113li kompakt\u0101m iek\u0101rt\u0101m.<\/li>\n<\/ul>\n<h4><strong>Uzlabota manevr\u0113tsp\u0113ja<\/strong><\/h4>\n<ul>\n<li><strong>Veikl\u012bba darb\u012bb\u0101<\/strong>T\u0101 viegl\u0101 un kompakt\u0101 konstrukcija atvieglo p\u0101rvieto\u0161anos un piel\u0101go\u0161anu \u0161aur\u0101s vid\u0113s. Operatori var viegl\u0101k p\u0101rvietoties ap \u0161\u0137\u0113r\u0161\u013ciem, nodro\u0161inot elast\u012bg\u0101ku darb\u012bbu p\u0101rpild\u012bt\u0101s vai ierobe\u017eot\u0101s telp\u0101s.<\/li>\n<\/ul>\n<h4><strong>Daudzpus\u012bga integr\u0101cija<\/strong><\/h4>\n<ul>\n<li><strong>Nevainojama sader\u012bba<\/strong>HCYY11112017 ir izstr\u0101d\u0101ts t\u0101, lai to var\u0113tu viegli integr\u0113t ar da\u017e\u0101d\u0101m iek\u0101rt\u0101m. \u0160\u012b daudzpus\u012bba \u013cauj lietot\u0101jiem iek\u013caut cilindru eso\u0161aj\u0101s iek\u0101rtu sist\u0113m\u0101s bez nepiecie\u0161am\u012bbas veikt pla\u0161as modifik\u0101cijas, t\u0101d\u0113j\u0101di ietaupot laiku un p\u016bles uzst\u0101d\u012b\u0161anas laik\u0101.<\/li>\n<\/ul>\n<h4><strong>Uzlabota stabilit\u0101te<\/strong><\/h4>\n<ul>\n<li><strong>Apak\u0161\u0113jais smaguma centrs<\/strong>Kompaktais dizains nodro\u0161ina zem\u0101ku smaguma centru, kas uzlabo stabilit\u0101ti ekspluat\u0101cijas laik\u0101. Tas ir \u012bpa\u0161i izdev\u012bgi \u0161aur\u0101 vai nel\u012bdzen\u0101 reljef\u0101, samazinot apg\u0101\u0161an\u0101s risku un nodro\u0161inot dro\u0161\u0101kus cel\u0161anas un vilk\u0161anas procesus.<\/li>\n<\/ul>\n<h4><strong>Vienk\u0101r\u0161ota darb\u012bba<\/strong><\/h4>\n<ul>\n<li><strong>Piek\u013cuves vienk\u0101r\u0161\u012bba<\/strong>Operatori var viegli aizsniegt un darbin\u0101t cilindru pat \u0161auros darba apst\u0101k\u013cos. \u0160\u012b pieejam\u012bba veicina dro\u0161\u012bbu un efektivit\u0101ti, \u013caujot lietot\u0101jiem veikt uzdevumus bez liekas piep\u016bles vai gr\u016bt\u012bb\u0101m.<\/li>\n<\/ul>\n<h4><strong>Paaugstin\u0101ta produktivit\u0101te<\/strong><\/h4>\n<ul>\n<li><strong>\u0100tr\u0101ka apgroz\u012bjuma<\/strong>Manevr\u0113\u0161anas sp\u0113jas, stabilit\u0101tes un vieglas piek\u013cuves apvienojums \u013cauj \u0101tr\u0101k iestat\u012bt un izpild\u012bt uzdevumus. \u0160\u012b paaugstin\u0101t\u0101 produktivit\u0101te ir b\u016btiska aiz\u0146emt\u0101 vid\u0113, kur laiks ir \u013coti svar\u012bgs.<\/li>\n<\/ul>\n<h4><strong>Piel\u0101gojam\u012bba da\u017e\u0101diem pielietojumiem<\/strong><\/h4>\n<ul>\n<li><strong>Daudzfunkcion\u0101la lieto\u0161ana<\/strong>Kompaktais dizains padara to piem\u0113rotu pla\u0161am pielietojumu kl\u0101stam, s\u0101kot no lauksaimniec\u012bbas l\u012bdz r\u016bpnieciskai videi. \u0160\u012b piel\u0101gojam\u012bba noz\u012bm\u0113, ka HCYY11112017 var izmantot da\u017e\u0101dos projektos, nezaud\u0113jot veiktsp\u0113ju.<\/li>\n<\/ul>\n<p>Rezum\u0113jot, HCYY11112017 vilk\u0161anas un pacel\u0161anas cilindra kompaktais dizains ne tikai uzlabo lietojam\u012bbu \u0161aur\u0101s telp\u0101s, bet ar\u012b veicina kop\u0113jo darb\u012bbas efektivit\u0101ti. Apvienojot telpas efektivit\u0101ti, uzlabotu manevr\u0113tsp\u0113ju, daudzpus\u012bgu integr\u0101ciju, uzlabotu stabilit\u0101ti un \u0113rtu piek\u013cuvi, \u0161is cilindrs izr\u0101d\u0101s nenov\u0113rt\u0113jams ieguvums profesion\u0101\u013ciem, kas str\u0101d\u0101 sl\u0113gt\u0101s vid\u0113s.<\/p>\n<h2><strong>Iekr\u0101v\u0113ja cilindru ra\u017eo\u0161anas zona:<\/strong><\/h2>\n<h2><img loading=\"lazy\" decoding=\"async\" class=\"alignnone size-full wp-image-16972\" src=\"https:\/\/www.hydraulic-cylinders.net\/wp-content\/uploads\/2025\/01\/hydraulic-cylinder-factory-1-scaled.webp\" alt=\"\" width=\"2016\" height=\"2560\" srcset=\"https:\/\/www.hydraulic-cylinders.net\/wp-content\/uploads\/2025\/01\/hydraulic-cylinder-factory-1-scaled.webp 2016w, https:\/\/www.hydraulic-cylinders.net\/wp-content\/uploads\/2025\/01\/hydraulic-cylinder-factory-1-1280x1625.webp 1280w, https:\/\/www.hydraulic-cylinders.net\/wp-content\/uploads\/2025\/01\/hydraulic-cylinder-factory-1-980x1244.webp 980w, https:\/\/www.hydraulic-cylinders.net\/wp-content\/uploads\/2025\/01\/hydraulic-cylinder-factory-1-480x610.webp 480w\" sizes=\"(min-width: 0px) and (max-width: 480px) 480px, (min-width: 481px) and (max-width: 980px) 980px, (min-width: 981px) and (max-width: 1280px) 1280px, (min-width: 1281px) 2016px, 100vw\" \/><\/h2>\n<p>M\u0113s lepojamies ar modernu neatkar\u012bgu p\u0113tniec\u012bbas un att\u012bst\u012bbas platformu, kas velt\u012bta mont\u0101\u017eai, nodro\u0161inot augst\u0101k\u0101 l\u012bme\u0146a inov\u0101cijas un kvalit\u0101ti m\u016bsu ra\u017eo\u0161anas procesos. M\u016bsu iekr\u0101v\u0113ju cilindru ra\u017eo\u0161anas darbn\u012bc\u0101 ir \u010detras pusautom\u0101tiskas pacel\u0161anas cilindru mont\u0101\u017eas l\u012bnijas un piln\u012bb\u0101 autom\u0101tiska noliecamo cilindru mont\u0101\u017eas l\u012bnija, kas kop\u0101 ir paredz\u0113tas, lai sara\u017eotu l\u012bdz pat vienam miljonam vien\u012bbu gad\u0101.<\/p>\n<p>Turkl\u0101t m\u016bsu specializ\u0113t\u0101 cilindru darbn\u012bca ir apr\u012bkota ar pusautom\u0101tisk\u0101m t\u012br\u012b\u0161anas un mont\u0101\u017eas sist\u0113m\u0101m, kas piel\u0101gotas da\u017e\u0101d\u0101m specifik\u0101cij\u0101m, ar gada ra\u017eo\u0161anas jaudu 200\u00a0000 vien\u012bbu. M\u0113s izmantojam atz\u012btas CNC iek\u0101rtas, apstr\u0101des centrus un specializ\u0113tus instrumentus augstas precizit\u0101tes cilindru apstr\u0101dei. M\u016bsu iek\u0101rt\u0101s ir ar\u012b modernas robotiz\u0113tas metin\u0101\u0161anas iek\u0101rtas, autom\u0101tisk\u0101s t\u012br\u012b\u0161anas sist\u0113mas un piln\u012bb\u0101 automatiz\u0113tas cilindru mont\u0101\u017eas un kr\u0101so\u0161anas l\u012bnijas. Ar vair\u0101k nek\u0101 300 galvenaj\u0101m iek\u0101rt\u0101m, kas darbojas, m\u0113s optimiz\u0113jam resursu sadali un nodro\u0161in\u0101m efekt\u012bvu izmanto\u0161anu, iev\u0113rojot stingrus precizit\u0101tes un kvalit\u0101tes standartus.<\/p>\n<p>M\u016bsu apstr\u0101des ceh\u0101 ir piel\u0101goti sl\u012bpo vadot\u0146u slie\u017eu virpo\u0161anas centri, apstr\u0101des centri, \u0101trgaitas asin\u0101\u0161anas ma\u0161\u012bnas, metin\u0101\u0161anas roboti un cits svar\u012bgs apr\u012bkojums. \u0160\u012b iek\u0101rta \u013cauj mums apstr\u0101d\u0101t cilindriskas caurules ar maksim\u0101lo iek\u0161\u0113jo diametru 400 mm un garumu l\u012bdz 6 metriem, v\u0113l vair\u0101k uzlabojot m\u016bsu ra\u017eo\u0161anas jaudas.<\/p>\n<h2><img loading=\"lazy\" decoding=\"async\" class=\"alignnone size-full wp-image-16973\" src=\"https:\/\/www.hydraulic-cylinders.net\/wp-content\/uploads\/2025\/01\/hydraulic-cylinder-factory-2-scaled.webp\" alt=\"\" width=\"2011\" height=\"2560\" srcset=\"https:\/\/www.hydraulic-cylinders.net\/wp-content\/uploads\/2025\/01\/hydraulic-cylinder-factory-2-scaled.webp 2011w, https:\/\/www.hydraulic-cylinders.net\/wp-content\/uploads\/2025\/01\/hydraulic-cylinder-factory-2-1280x1629.webp 1280w, https:\/\/www.hydraulic-cylinders.net\/wp-content\/uploads\/2025\/01\/hydraulic-cylinder-factory-2-980x1248.webp 980w, https:\/\/www.hydraulic-cylinders.net\/wp-content\/uploads\/2025\/01\/hydraulic-cylinder-factory-2-480x611.webp 480w\" sizes=\"(min-width: 0px) and (max-width: 480px) 480px, (min-width: 481px) and (max-width: 980px) 980px, (min-width: 981px) and (max-width: 1280px) 1280px, (min-width: 1281px) 2011px, 100vw\" \/><\/h2>\n<p>M\u0113s izmantojam piln\u012bb\u0101 autom\u0101tisku \u016bdens b\u0101zes kr\u0101so\u0161anas l\u012bniju, kas \u012bpa\u0161i paredz\u0113ta maziem un vid\u0113jiem baloniem, ar automatiz\u0113tiem iekrau\u0161anas, izkrau\u0161anas un izsmidzin\u0101\u0161anas robotiem. \u0160\u012b modern\u0101 sist\u0113ma lepojas ar ra\u017eo\u0161anas jaudu 4000 vien\u012bbu mai\u0146\u0101. Turkl\u0101t mums ir pusautom\u0101tiska kr\u0101so\u0161anas l\u012bnija lielizm\u0113ra baloniem, ko darbina \u0137\u0113des piedzi\u0146a, ar projekt\u0113to jaudu 60 kastes mai\u0146\u0101.<\/p>\n<p>Lai uzlabotu produktu veiktsp\u0113ju un nostiprin\u0101tu m\u016bsu l\u012bderpoz\u012bcijas hidraulisko cilindru nozar\u0113, m\u0113s sadarbojamies ar ZJIMEE, lai izveidotu visaptvero\u0161u veiktsp\u0113jas laboratoriju, kas velt\u012bta hidrauliskajiem cilindriem, v\u0101rstiem un s\u016bk\u0146iem. \u0160\u012b modern\u0101 laboratorija izmanto datoriz\u0113tu test\u0113\u0161anu ar elektrohidraulisko tehnolo\u0123iju, \u013caujot izmantot iepriek\u0161 iestat\u012btus testa apst\u0101k\u013cus, kas uzlabo precizit\u0101ti un sist\u0113mas daudzpus\u012bbu. Automatiz\u0113taj\u0101 datu v\u0101k\u0161anas proces\u0101 tiek izmantoti sensori, lai apkopotu izejas datus, piem\u0113ram, iek\u0161\u0113jo nopl\u016bdi un slodzes efektivit\u0101ti, kurus p\u0113c tam apstr\u0101d\u0101 dators un konvert\u0113 standarta m\u0113rvien\u012bb\u0101s (ml\/min%).<\/p>\n<p>Turkl\u0101t, lai nodro\u0161in\u0101tu m\u016bsu hidraulisko sist\u0113mu dro\u0161\u012bbu, m\u0113s ievie\u0161am galveno veiktsp\u0113jas parametru, tostarp e\u013c\u013cas temperat\u016bras, \u0161\u0137idruma l\u012bme\u0146a un filtra ier\u012bces st\u0101vok\u013ca, uzraudz\u012bbu. M\u016bsu hidraulisko cilindru testa stends sp\u0113j nov\u0113rt\u0113t \u201cslodzes efektivit\u0101ti\u201d un \u201ciek\u0161\u0113jo nopl\u016bdi\u201d, izmantojot prec\u012bzus r\u0101d\u012bjumus. Tas ir apr\u012bkots ar\u012b ar re\u017e\u0123veida m\u0113rinstrumentu, kas atbilst valsts standartiem, nodro\u0161inot atbilst\u012bbu vis\u0101m hidraulisko cilindru izstr\u0101d\u0101jumu test\u0113\u0161anas pras\u012bb\u0101m.<\/p>\n<p>&nbsp;<\/p>","protected":false},"excerpt":{"rendered":"<p>HCYY11112017 Towing And Lifting Cylinder For Agricultural Machinery The HCYY11112017 Towing and Lifting Cylinder is a crucial component for agricultural and industrial applications, designed for exceptional performance in towing heavy loads and lifting equipment. Its versatility makes it an indispensable tool for professionals in the field. This cylinder excels as a reliable and efficient solution [&hellip;]<\/p>","protected":false},"featured_media":17090,"comment_status":"open","ping_status":"closed","template":"","meta":{"_et_pb_use_builder":"","_et_pb_old_content":"","_et_gb_content_width":""},"product_brand":[],"product_cat":[1550,1529],"product_tag":[],"class_list":{"0":"post-17084","1":"product","2":"type-product","3":"status-publish","4":"has-post-thumbnail","6":"product_cat-double-acting-hydraulic-cylinder","7":"product_cat-tractor-hydraulic-cylinders","9":"first","10":"instock","11":"shipping-taxable","12":"product-type-simple"},"amp_enabled":true,"_links":{"self":[{"href":"https:\/\/www.hydraulic-cylinders.net\/lv\/wp-json\/wp\/v2\/product\/17084","targetHints":{"allow":["GET"]}}],"collection":[{"href":"https:\/\/www.hydraulic-cylinders.net\/lv\/wp-json\/wp\/v2\/product"}],"about":[{"href":"https:\/\/www.hydraulic-cylinders.net\/lv\/wp-json\/wp\/v2\/types\/product"}],"replies":[{"embeddable":true,"href":"https:\/\/www.hydraulic-cylinders.net\/lv\/wp-json\/wp\/v2\/comments?post=17084"}],"wp:featuredmedia":[{"embeddable":true,"href":"https:\/\/www.hydraulic-cylinders.net\/lv\/wp-json\/wp\/v2\/media\/17090"}],"wp:attachment":[{"href":"https:\/\/www.hydraulic-cylinders.net\/lv\/wp-json\/wp\/v2\/media?parent=17084"}],"wp:term":[{"taxonomy":"product_brand","embeddable":true,"href":"https:\/\/www.hydraulic-cylinders.net\/lv\/wp-json\/wp\/v2\/product_brand?post=17084"},{"taxonomy":"product_cat","embeddable":true,"href":"https:\/\/www.hydraulic-cylinders.net\/lv\/wp-json\/wp\/v2\/product_cat?post=17084"},{"taxonomy":"product_tag","embeddable":true,"href":"https:\/\/www.hydraulic-cylinders.net\/lv\/wp-json\/wp\/v2\/product_tag?post=17084"}],"curies":[{"name":"wp","href":"https:\/\/api.w.org\/{rel}","templated":true}]}}