{"id":17093,"date":"2025-02-06T06:35:22","date_gmt":"2025-02-06T06:35:22","guid":{"rendered":"https:\/\/www.hydraulic-cylinders.net\/?post_type=product&#038;p=17093"},"modified":"2025-04-11T03:28:17","modified_gmt":"2025-04-11T03:28:17","slug":"hcyy11112021-main-boom-angle-cylinder-for-truck-cranes","status":"publish","type":"product","link":"https:\/\/www.hydraulic-cylinders.net\/lv\/products\/hcyy11112021-main-boom-angle-cylinder-for-truck-cranes\/","title":{"rendered":"HCYY11112021 Galven\u0101 str\u0113les le\u0146\u0137a cilindrs kravas automa\u0161\u012bnu celt\u0146iem"},"content":{"rendered":"<h1 style=\"text-align: center;\"><strong>HCYY11112021 Galven\u0101 str\u0113les le\u0146\u0137a cilindrs kravas automa\u0161\u012bnu celt\u0146iem<\/strong><\/h1>\n<h1 style=\"text-align: center;\"><img loading=\"lazy\" decoding=\"async\" class=\"alignnone size-full wp-image-17095\" src=\"https:\/\/www.hydraulic-cylinders.net\/wp-content\/uploads\/2025\/02\/hcyy11112021-main-boom-angle-cylinder-2.webp\" alt=\"\" width=\"1496\" height=\"520\" srcset=\"https:\/\/www.hydraulic-cylinders.net\/wp-content\/uploads\/2025\/02\/hcyy11112021-main-boom-angle-cylinder-2.webp 1496w, https:\/\/www.hydraulic-cylinders.net\/wp-content\/uploads\/2025\/02\/hcyy11112021-main-boom-angle-cylinder-2-1280x445.webp 1280w, https:\/\/www.hydraulic-cylinders.net\/wp-content\/uploads\/2025\/02\/hcyy11112021-main-boom-angle-cylinder-2-980x341.webp 980w, https:\/\/www.hydraulic-cylinders.net\/wp-content\/uploads\/2025\/02\/hcyy11112021-main-boom-angle-cylinder-2-480x167.webp 480w\" sizes=\"(min-width: 0px) and (max-width: 480px) 480px, (min-width: 481px) and (max-width: 980px) 980px, (min-width: 981px) and (max-width: 1280px) 1280px, (min-width: 1281px) 1496px, 100vw\" \/><\/h1>\n<p>The <strong>HCYY11112021 Galven\u0101s str\u0113les le\u0146\u0137a cilindrs<\/strong> ir b\u016btiska sast\u0101vda\u013ca, kas \u012bpa\u0161i izstr\u0101d\u0101ta kravas automa\u0161\u012bnu celt\u0146iem, iev\u0113rojami uzlabojot to celtsp\u0113jas un darb\u012bbas efektivit\u0101ti. \u0160is cilindrs kontrol\u0113 galven\u0101s str\u0113les le\u0146\u0137i, nodro\u0161inot prec\u012bzu manevr\u0113tsp\u0113ju da\u017e\u0101dos cel\u0161anas uzdevumos. Izstr\u0101d\u0101ts, lai iztur\u0113tu lielas slodzes pielietojumu pras\u012bbas, HCYY11112021 nodro\u0161ina nep\u0101rsp\u0113jamu uzticam\u012bbu un iztur\u012bbu, padarot to par b\u016btisku papildin\u0101jumu jebkuram celt\u0146u parkam.<\/p>\n<p>J\u0101atz\u012bm\u0113, ka HCYY11112021 izce\u013cas ar veiktsp\u0113ju un ilgm\u016b\u017e\u012bbu smag\u0101s cel\u0161anas oper\u0101cij\u0101s. Ar iespaid\u012bgo kravnes\u012bbu, iztur\u012bgo konstrukciju un prec\u012bzo in\u017eenieriju \u0161is cilindrs palielina gan celt\u0146a darb\u012bbas efektivit\u0101ti, gan dro\u0161\u012bbu. Iev\u0113rojot pareizus lieto\u0161anas un apkopes protokolus, lietot\u0101ji var pa\u013cauties, ka HCYY11112021 nodro\u0161in\u0101s past\u0101v\u012bgu un uzticamu servisu gadiem ilgi. Invest\u012bcijas \u0161aj\u0101 svar\u012bgaj\u0101 komponent\u0101 ne tikai optimiz\u0113 j\u016bsu autocelt\u0146a iesp\u0113jas, bet ar\u012b nodro\u0161ina izcilu cel\u0161anas veiktsp\u0113ju katr\u0101 uzdevum\u0101.<\/p>\n<h2><strong>HCYY11112021 Galven\u0101 str\u0113les le\u0146\u0137a cilindra parametrs kravas automa\u0161\u012bnu celt\u0146iem:<\/strong><\/h2>\n<h1 style=\"text-align: center;\"><img loading=\"lazy\" decoding=\"async\" class=\"alignnone size-full wp-image-17094\" src=\"https:\/\/www.hydraulic-cylinders.net\/wp-content\/uploads\/2025\/02\/hcyy11112021-main-boom-angle-cylinder-1.webp\" alt=\"\" width=\"1516\" height=\"145\" srcset=\"https:\/\/www.hydraulic-cylinders.net\/wp-content\/uploads\/2025\/02\/hcyy11112021-main-boom-angle-cylinder-1.webp 1516w, https:\/\/www.hydraulic-cylinders.net\/wp-content\/uploads\/2025\/02\/hcyy11112021-main-boom-angle-cylinder-1-1280x122.webp 1280w, https:\/\/www.hydraulic-cylinders.net\/wp-content\/uploads\/2025\/02\/hcyy11112021-main-boom-angle-cylinder-1-980x94.webp 980w, https:\/\/www.hydraulic-cylinders.net\/wp-content\/uploads\/2025\/02\/hcyy11112021-main-boom-angle-cylinder-1-480x46.webp 480w\" sizes=\"(min-width: 0px) and (max-width: 480px) 480px, (min-width: 481px) and (max-width: 980px) 980px, (min-width: 981px) and (max-width: 1280px) 1280px, (min-width: 1281px) 1516px, 100vw\" \/><img loading=\"lazy\" decoding=\"async\" class=\"alignnone size-full wp-image-17096\" src=\"https:\/\/www.hydraulic-cylinders.net\/wp-content\/uploads\/2025\/02\/hcyy11112021-main-boom-angle-cylinder-3.webp\" alt=\"\" width=\"1476\" height=\"705\" srcset=\"https:\/\/www.hydraulic-cylinders.net\/wp-content\/uploads\/2025\/02\/hcyy11112021-main-boom-angle-cylinder-3.webp 1476w, https:\/\/www.hydraulic-cylinders.net\/wp-content\/uploads\/2025\/02\/hcyy11112021-main-boom-angle-cylinder-3-1280x611.webp 1280w, https:\/\/www.hydraulic-cylinders.net\/wp-content\/uploads\/2025\/02\/hcyy11112021-main-boom-angle-cylinder-3-980x468.webp 980w, https:\/\/www.hydraulic-cylinders.net\/wp-content\/uploads\/2025\/02\/hcyy11112021-main-boom-angle-cylinder-3-480x229.webp 480w\" sizes=\"(min-width: 0px) and (max-width: 480px) 480px, (min-width: 481px) and (max-width: 980px) 980px, (min-width: 981px) and (max-width: 1280px) 1280px, (min-width: 1281px) 1476px, 100vw\" \/> <img loading=\"lazy\" decoding=\"async\" class=\"alignnone size-full wp-image-17097\" src=\"https:\/\/www.hydraulic-cylinders.net\/wp-content\/uploads\/2025\/02\/hcyy11112021-main-boom-angle-cylinder-4.webp\" alt=\"\" width=\"1474\" height=\"710\" srcset=\"https:\/\/www.hydraulic-cylinders.net\/wp-content\/uploads\/2025\/02\/hcyy11112021-main-boom-angle-cylinder-4.webp 1474w, https:\/\/www.hydraulic-cylinders.net\/wp-content\/uploads\/2025\/02\/hcyy11112021-main-boom-angle-cylinder-4-1280x617.webp 1280w, https:\/\/www.hydraulic-cylinders.net\/wp-content\/uploads\/2025\/02\/hcyy11112021-main-boom-angle-cylinder-4-980x472.webp 980w, https:\/\/www.hydraulic-cylinders.net\/wp-content\/uploads\/2025\/02\/hcyy11112021-main-boom-angle-cylinder-4-480x231.webp 480w\" sizes=\"(min-width: 0px) and (max-width: 480px) 480px, (min-width: 481px) and (max-width: 980px) 980px, (min-width: 981px) and (max-width: 1280px) 1280px, (min-width: 1281px) 1474px, 100vw\" \/> <img loading=\"lazy\" decoding=\"async\" class=\"alignnone size-full wp-image-17098\" src=\"https:\/\/www.hydraulic-cylinders.net\/wp-content\/uploads\/2025\/02\/hcyy11112021-main-boom-angle-cylinder-5.webp\" alt=\"\" width=\"1401\" height=\"666\" srcset=\"https:\/\/www.hydraulic-cylinders.net\/wp-content\/uploads\/2025\/02\/hcyy11112021-main-boom-angle-cylinder-5.webp 1401w, https:\/\/www.hydraulic-cylinders.net\/wp-content\/uploads\/2025\/02\/hcyy11112021-main-boom-angle-cylinder-5-1280x608.webp 1280w, https:\/\/www.hydraulic-cylinders.net\/wp-content\/uploads\/2025\/02\/hcyy11112021-main-boom-angle-cylinder-5-980x466.webp 980w, https:\/\/www.hydraulic-cylinders.net\/wp-content\/uploads\/2025\/02\/hcyy11112021-main-boom-angle-cylinder-5-480x228.webp 480w\" sizes=\"(min-width: 0px) and (max-width: 480px) 480px, (min-width: 481px) and (max-width: 980px) 980px, (min-width: 981px) and (max-width: 1280px) 1280px, (min-width: 1281px) 1401px, 100vw\" \/><\/h1>\n<h2><strong>Cilindru s\u0113rija kravas automa\u0161\u012bnu celt\u0146iem:<\/strong><\/h2>\n<h2><img loading=\"lazy\" decoding=\"async\" class=\"alignnone size-full wp-image-17099\" src=\"https:\/\/www.hydraulic-cylinders.net\/wp-content\/uploads\/2025\/02\/cylinder-series-for-truck-cranes-1.webp\" alt=\"\" width=\"1246\" height=\"671\" srcset=\"https:\/\/www.hydraulic-cylinders.net\/wp-content\/uploads\/2025\/02\/cylinder-series-for-truck-cranes-1.webp 1246w, https:\/\/www.hydraulic-cylinders.net\/wp-content\/uploads\/2025\/02\/cylinder-series-for-truck-cranes-1-980x528.webp 980w, https:\/\/www.hydraulic-cylinders.net\/wp-content\/uploads\/2025\/02\/cylinder-series-for-truck-cranes-1-480x258.webp 480w\" sizes=\"(min-width: 0px) and (max-width: 480px) 480px, (min-width: 481px) and (max-width: 980px) 980px, (min-width: 981px) 1246px, 100vw\" \/><\/h2>\n<h2><strong>HCYY11112021 galven\u0101 str\u0113les le\u0146\u0137a cilindra galven\u0101s iez\u012bmes kravas automa\u0161\u012bnu celt\u0146iem:<\/strong><\/h2>\n<p>The <strong>HCYY11112021 Galven\u0101s str\u0113les le\u0146\u0137a cilindrs<\/strong> ir neaizst\u0101jama sast\u0101vda\u013ca, kas \u012bpa\u0161i izstr\u0101d\u0101ta kravas automa\u0161\u012bnu celt\u0146iem, un tai ir iz\u0161\u0137iro\u0161a noz\u012bme to celtsp\u0113jas un darb\u012bbas efektivit\u0101tes iev\u0113rojam\u0101 uzlabo\u0161an\u0101. \u0160is uzlabotais cilindrs meistar\u012bgi kontrol\u0113 galven\u0101s str\u0113les le\u0146\u0137i, nodro\u0161inot operatoriem prec\u012bzu manevr\u0113\u0161anas sp\u0113ju, kas ir \u013coti svar\u012bga pla\u0161am cel\u0161anas uzdevumu kl\u0101stam. HCYY11112021, kas izstr\u0101d\u0101ts, lai iztur\u0113tu stingr\u0101s pras\u012bbas lieljaudas lietojumprogramm\u0101m, nodro\u0161ina nep\u0101rsp\u0113jamu uzticam\u012bbu un iztur\u012bbu, padarot to par b\u016btisku jebkura celt\u0146u parka akt\u012bvu.<\/p>\n<h4><strong>Izcila veiktsp\u0113ja<\/strong><\/h4>\n<p>HCYY11112021 izce\u013cas ar veiktsp\u0113ju un ilgm\u016b\u017e\u012bbu, \u012bpa\u0161i pras\u012bgos smago kravu cel\u0161anas darbos. T\u0101 iespaid\u012bg\u0101 kravnes\u012bba \u013cauj tam viegli tikt gal\u0101 ar iev\u0113rojamu svaru, nodro\u0161inot, ka operatori var bez vilcin\u0101\u0161an\u0101s veikt sare\u017e\u0123\u012btus darbus. \u0160\u012b iztur\u012bg\u0101 konstrukcija ne tikai uzlabo cilindra iztur\u012bbu, bet ar\u012b samazina boj\u0101jumu risku, t\u0101d\u0113j\u0101di palielinot dro\u0161\u012bbu ekspluat\u0101cijas laik\u0101.<\/p>\n<h4><strong>Prec\u012bzijas in\u017eenierija<\/strong><\/h4>\n<p>HCYY11112021 ir izstr\u0101d\u0101ts, piev\u0113r\u0161ot \u012bpa\u0161u uzman\u012bbu deta\u013c\u0101m, un taj\u0101 ir iek\u013cauti uzlaboti dizaina elementi, kas veicina t\u0101 kop\u0113jo efektivit\u0101ti. Prec\u012bz\u0101 in\u017eenierija nodro\u0161ina vienm\u0113r\u012bgu darb\u012bbu un prec\u012bzu str\u0113les pozicion\u0113\u0161anu, \u013caujot veikt sare\u017e\u0123\u012btus manevrus \u0161aur\u0101s telp\u0101s. \u0160is precizit\u0101tes l\u012bmenis palielina gan efektivit\u0101ti, gan dro\u0161\u012bbu, dodot operatoriem p\u0101rliec\u012bbu veikt sare\u017e\u0123\u012btas pacel\u0161anas ar precizit\u0101ti.<\/p>\n<h4><strong>Uzticams serviss<\/strong><\/h4>\n<p>Iev\u0113rojot ieteicamos lieto\u0161anas un apkopes protokolus, lietot\u0101ji var pa\u013cauties, ka HCYY11112021 nodro\u0161in\u0101s past\u0101v\u012bgu un uzticamu servisu gadiem ilgi. Regul\u0101ras p\u0101rbaudes un atbilsto\u0161a kop\u0161ana pal\u012bdz uztur\u0113t t\u0101 veiktsp\u0113ju, nodro\u0161inot, ka tas darbojas vislab\u0101kaj\u0101 veid\u0101, kad tas visvair\u0101k nepiecie\u0161ams. \u0160\u012b uzticam\u012bba noz\u012bm\u0113 samazin\u0101tu d\u012bkst\u0101ves laiku un palielin\u0101tu produktivit\u0101ti, padarot to par gudru ieguld\u012bjumu jebkurai celt\u0146a darb\u012bbai.<\/p>\n<h4><strong>Optim\u0101la invest\u012bcija<\/strong><\/h4>\n<p>Invest\u012bcijas HCYY11112021 model\u012b ir kas vair\u0101k nek\u0101 tikai komponenta pievieno\u0161ana j\u016bsu celtnim; t\u0101 ir visas j\u016bsu cel\u0161anas darb\u012bbas optimiz\u0101cija. \u0160is svar\u012bgais cilindrs uzlabo j\u016bsu autocelt\u0146a visp\u0101r\u0113j\u0101s iesp\u0113jas, dodot jums iesp\u0113ju ar p\u0101rliec\u012bbu veikt pla\u0161\u0101ku uzdevumu kl\u0101stu. Ar izcilu cel\u0161anas veiktsp\u0113ju j\u016bsu rokai j\u016bs varat uz\u0146emties projektus, kuriem nepiecie\u0161ama precizit\u0101te un iztur\u012bba, kas galu gal\u0101 nodro\u0161in\u0101s j\u016bsu pan\u0101kumus nozar\u0113.<\/p>\n<p>Rezum\u0113jot, HCYY11112021 galven\u0101 str\u0113les le\u0146\u0137a cilindrs nav tikai sast\u0101vda\u013ca \u2014 tas maina sp\u0113les noteikumus kravas automa\u0161\u012bnu celt\u0146u darb\u012bb\u0101. T\u0101 izcil\u0101s veiktsp\u0113jas, iztur\u012bg\u0101s konstrukcijas un prec\u012bz\u0101s in\u017eenierijas apvienojums padara to par b\u016btisku elementu izcilu cel\u0161anas rezult\u0101tu sasnieg\u0161anai. Pareizi kopjot, \u0161is cilindrs turpin\u0101s jums uzticami kalpot, p\u0101rveidojot j\u016bsu cel\u0161anas iesp\u0113jas un nodro\u0161inot, ka katrs uzdevums tiek izpild\u012bts izcili.<\/p>\n<h2><strong>K\u0101 galven\u0101 str\u0113les le\u0146\u0137a cilindrs uzlabo kravas automa\u0161\u012bnu celt\u0146u manevr\u0113tsp\u0113ju?<\/strong><\/h2>\n<p>The <strong>Galven\u0101s str\u0113les le\u0146\u0137a cilindrs<\/strong> iev\u0113rojami uzlabo kravas automa\u0161\u012bnu celt\u0146u manevr\u0113tsp\u0113ju, izmantojot vair\u0101kus galvenos meh\u0101nismus, katrs no tiem veicinot dro\u0161\u0101ku un efekt\u012bv\u0101ku darb\u012bbu.<\/p>\n<h4><strong>1. Prec\u012bza str\u0113les vad\u012bba<\/strong><\/h4>\n<p>Cilindrs \u013cauj operatoriem piel\u0101got galven\u0101s str\u0113les le\u0146\u0137i ar iev\u0113rojamu precizit\u0101ti. \u0160\u012b precizit\u0101te noz\u012bm\u0113, ka pat vissare\u017e\u0123\u012bt\u0101k\u0101s pacel\u0161anas var veikt ar p\u0101rliec\u012bbu, samazinot k\u013c\u016bdu risku. Neatkar\u012bgi no t\u0101, vai krava tiek novietota p\u0101rpild\u012bt\u0101 darba viet\u0101 vai manevr\u0113 ap \u0161\u0137\u0113r\u0161\u013ciem, sp\u0113ja prec\u012bzi noregul\u0113t str\u0113les le\u0146\u0137i nodro\u0161ina, ka katra kust\u012bba ir apzin\u0101ta un kontrol\u0113ta.<\/p>\n<h4><strong>2. Uzlabots kust\u012bbu diapazons<\/strong><\/h4>\n<p>Nodro\u0161inot pla\u0161\u0101ku str\u0113les le\u0146\u0137u diapazonu, galvenais str\u0113les le\u0146\u0137a cilindrs papla\u0161ina celt\u0146a darb\u012bbas iesp\u0113jas. \u0160\u012b daudzpus\u012bba ir \u013coti svar\u012bga, str\u0101d\u0101jot sare\u017e\u0123\u012btos apst\u0101k\u013cos, piem\u0113ram, b\u016bvlaukumos ar \u0161\u0137\u0113r\u0161\u013ciem virs galvas vai \u0161aur\u0101m telp\u0101m. Operatori var viegli sasniegt paaugstin\u0101tas vietas vai p\u0101rvietoties ap barjer\u0101m, padarot iepriek\u0161 sare\u017e\u0123\u012btus uzdevumus viegl\u0101k p\u0101rvald\u0101mus un efekt\u012bv\u0101kus.<\/p>\n<h4><strong>3. Stabilit\u0101te ekspluat\u0101cijas laik\u0101<\/strong><\/h4>\n<p>Viens no svar\u012bg\u0101kajiem celt\u0146a darb\u012bbas aspektiem ir stabilit\u0101te. Galven\u0101 str\u0113les le\u0146\u0137a cilindrs pal\u012bdz saglab\u0101t celt\u0146a l\u012bdzsvaru, regul\u0113jot str\u0113li, iev\u0113rojami samazinot apg\u0101\u0161an\u0101s risku. \u0160\u012b stabilit\u0101te ir \u012bpa\u0161i svar\u012bga, ce\u013cot smagas kravas vai str\u0101d\u0101jot uz nel\u012bdzenas virsmas, jo t\u0101 nodro\u0161ina gan operatora, gan apk\u0101rt\u0113j\u0101 person\u0101la dro\u0161\u012bbu.<\/p>\n<h4><strong>4. Rea\u0123\u0113jo\u0161a r\u012bc\u012bba<\/strong><\/h4>\n<p>\u0100tra str\u0113les le\u0146\u0137a regul\u0113\u0161ana nodro\u0161ina \u0101tr\u0101ku reakcijas laiku, \u013caujot operatoriem neman\u0101mi piel\u0101goties main\u012bgajiem darba vietas apst\u0101k\u013ciem. \u0160\u012b rea\u0123\u0113tsp\u0113ja ir vit\u0101li svar\u012bga dinamisk\u0101 vid\u0113, kur apst\u0101k\u013ci var strauji main\u012bties. Izmantojot galveno str\u0113les le\u0146\u0137a cilindru, operatori var rea\u0123\u0113t \u0101tri, uzlabojot produktivit\u0101ti un samazinot d\u012bkst\u0101ves laiku.<\/p>\n<h4><strong>5. Uzlabota redzam\u012bba<\/strong><\/h4>\n<p>Lab\u0101ka str\u0113les le\u0146\u0137a kontrole var iev\u0113rojami uzlabot operatora redzam\u012bbas l\u012bniju. \u0160\u012b skaidr\u012bba \u013cauj operatoriem prec\u012bz\u0101k manevr\u0113t ar krav\u0101m, nodro\u0161inot, ka katra pacel\u0161ana tiek veikta dro\u0161i. Uzlabota redzam\u012bba ne tikai palielina p\u0101rliec\u012bbu, bet ar\u012b veicina dro\u0161\u0101ku darba vidi, jo operatori var lab\u0101k nov\u0113rt\u0113t apk\u0101rtni, veicot pacel\u0161anu.<\/p>\n<p>Rezum\u0113jot, galven\u0101 str\u0113les le\u0146\u0137a cilindrs ir p\u0101rveidojo\u0161a kravas automa\u0161\u012bnu celt\u0146u sast\u0101vda\u013ca, kas uzlabo to manevr\u0113tsp\u0113ju un darb\u012bbas efektivit\u0101ti. Pateicoties sp\u0113jai nodro\u0161in\u0101t prec\u012bzu vad\u012bbu, papla\u0161in\u0101t kust\u012bbas diapazonu, uzlabot stabilit\u0101ti, nodro\u0161in\u0101t atsauc\u012bgu darb\u012bbu un uzlabot redzam\u012bbu, \u0161is cilindrs dod operatoriem iesp\u0113ju viegli un p\u0101rliecino\u0161i veikt pat vissare\u017e\u0123\u012bt\u0101kos cel\u0161anas uzdevumus. Invest\u012bcijas \u0161aj\u0101 tehnolo\u0123ij\u0101 ne tikai optimiz\u0113 celt\u0146a veiktsp\u0113ju, bet ar\u012b uzlabo visp\u0101r\u0113jo dro\u0161\u012bbu un produktivit\u0101ti darba viet\u0101.<\/p>\n<h2><strong>Iekr\u0101v\u0113ja cilindru ra\u017eo\u0161anas zona:<\/strong><\/h2>\n<h2><img loading=\"lazy\" decoding=\"async\" class=\"alignnone size-full wp-image-16972\" src=\"https:\/\/www.hydraulic-cylinders.net\/wp-content\/uploads\/2025\/01\/hydraulic-cylinder-factory-1-scaled.webp\" alt=\"\" width=\"2016\" height=\"2560\" srcset=\"https:\/\/www.hydraulic-cylinders.net\/wp-content\/uploads\/2025\/01\/hydraulic-cylinder-factory-1-scaled.webp 2016w, https:\/\/www.hydraulic-cylinders.net\/wp-content\/uploads\/2025\/01\/hydraulic-cylinder-factory-1-1280x1625.webp 1280w, https:\/\/www.hydraulic-cylinders.net\/wp-content\/uploads\/2025\/01\/hydraulic-cylinder-factory-1-980x1244.webp 980w, https:\/\/www.hydraulic-cylinders.net\/wp-content\/uploads\/2025\/01\/hydraulic-cylinder-factory-1-480x610.webp 480w\" sizes=\"(min-width: 0px) and (max-width: 480px) 480px, (min-width: 481px) and (max-width: 980px) 980px, (min-width: 981px) and (max-width: 1280px) 1280px, (min-width: 1281px) 2016px, 100vw\" \/><\/h2>\n<p>M\u0113s lepojamies ar modernu neatkar\u012bgu p\u0113tniec\u012bbas un att\u012bst\u012bbas platformu, kas velt\u012bta mont\u0101\u017eai, nodro\u0161inot augst\u0101k\u0101 l\u012bme\u0146a inov\u0101cijas un kvalit\u0101ti m\u016bsu ra\u017eo\u0161anas procesos. M\u016bsu iekr\u0101v\u0113ju cilindru ra\u017eo\u0161anas darbn\u012bc\u0101 ir \u010detras pusautom\u0101tiskas pacel\u0161anas cilindru mont\u0101\u017eas l\u012bnijas un piln\u012bb\u0101 autom\u0101tiska noliecamo cilindru mont\u0101\u017eas l\u012bnija, kas kop\u0101 ir paredz\u0113tas, lai sara\u017eotu l\u012bdz pat vienam miljonam vien\u012bbu gad\u0101.<\/p>\n<p>Turkl\u0101t m\u016bsu specializ\u0113t\u0101 cilindru darbn\u012bca ir apr\u012bkota ar pusautom\u0101tisk\u0101m t\u012br\u012b\u0161anas un mont\u0101\u017eas sist\u0113m\u0101m, kas piel\u0101gotas da\u017e\u0101d\u0101m specifik\u0101cij\u0101m, ar gada ra\u017eo\u0161anas jaudu 200\u00a0000 vien\u012bbu. M\u0113s izmantojam atz\u012btas CNC iek\u0101rtas, apstr\u0101des centrus un specializ\u0113tus instrumentus augstas precizit\u0101tes cilindru apstr\u0101dei. M\u016bsu iek\u0101rt\u0101s ir ar\u012b modernas robotiz\u0113tas metin\u0101\u0161anas iek\u0101rtas, autom\u0101tisk\u0101s t\u012br\u012b\u0161anas sist\u0113mas un piln\u012bb\u0101 automatiz\u0113tas cilindru mont\u0101\u017eas un kr\u0101so\u0161anas l\u012bnijas. Ar vair\u0101k nek\u0101 300 galvenaj\u0101m iek\u0101rt\u0101m, kas darbojas, m\u0113s optimiz\u0113jam resursu sadali un nodro\u0161in\u0101m efekt\u012bvu izmanto\u0161anu, iev\u0113rojot stingrus precizit\u0101tes un kvalit\u0101tes standartus.<\/p>\n<p>M\u016bsu apstr\u0101des ceh\u0101 ir piel\u0101goti sl\u012bpo vadot\u0146u slie\u017eu virpo\u0161anas centri, apstr\u0101des centri, \u0101trgaitas asin\u0101\u0161anas ma\u0161\u012bnas, metin\u0101\u0161anas roboti un cits svar\u012bgs apr\u012bkojums. \u0160\u012b iek\u0101rta \u013cauj mums apstr\u0101d\u0101t cilindriskas caurules ar maksim\u0101lo iek\u0161\u0113jo diametru 400 mm un garumu l\u012bdz 6 metriem, v\u0113l vair\u0101k uzlabojot m\u016bsu ra\u017eo\u0161anas jaudas.<\/p>\n<h2><img loading=\"lazy\" decoding=\"async\" class=\"alignnone size-full wp-image-16973\" src=\"https:\/\/www.hydraulic-cylinders.net\/wp-content\/uploads\/2025\/01\/hydraulic-cylinder-factory-2-scaled.webp\" alt=\"\" width=\"2011\" height=\"2560\" srcset=\"https:\/\/www.hydraulic-cylinders.net\/wp-content\/uploads\/2025\/01\/hydraulic-cylinder-factory-2-scaled.webp 2011w, https:\/\/www.hydraulic-cylinders.net\/wp-content\/uploads\/2025\/01\/hydraulic-cylinder-factory-2-1280x1629.webp 1280w, https:\/\/www.hydraulic-cylinders.net\/wp-content\/uploads\/2025\/01\/hydraulic-cylinder-factory-2-980x1248.webp 980w, https:\/\/www.hydraulic-cylinders.net\/wp-content\/uploads\/2025\/01\/hydraulic-cylinder-factory-2-480x611.webp 480w\" sizes=\"(min-width: 0px) and (max-width: 480px) 480px, (min-width: 481px) and (max-width: 980px) 980px, (min-width: 981px) and (max-width: 1280px) 1280px, (min-width: 1281px) 2011px, 100vw\" \/><\/h2>\n<p>M\u0113s izmantojam piln\u012bb\u0101 autom\u0101tisku \u016bdens b\u0101zes kr\u0101so\u0161anas l\u012bniju, kas \u012bpa\u0161i paredz\u0113ta maziem un vid\u0113jiem baloniem, ar automatiz\u0113tiem iekrau\u0161anas, izkrau\u0161anas un izsmidzin\u0101\u0161anas robotiem. \u0160\u012b modern\u0101 sist\u0113ma lepojas ar ra\u017eo\u0161anas jaudu 4000 vien\u012bbu mai\u0146\u0101. Turkl\u0101t mums ir pusautom\u0101tiska kr\u0101so\u0161anas l\u012bnija lielizm\u0113ra baloniem, ko darbina \u0137\u0113des piedzi\u0146a, ar projekt\u0113to jaudu 60 kastes mai\u0146\u0101.<\/p>\n<p>Lai uzlabotu produktu veiktsp\u0113ju un nostiprin\u0101tu m\u016bsu l\u012bderpoz\u012bcijas hidraulisko cilindru nozar\u0113, m\u0113s sadarbojamies ar ZJIMEE, lai izveidotu visaptvero\u0161u veiktsp\u0113jas laboratoriju, kas velt\u012bta hidrauliskajiem cilindriem, v\u0101rstiem un s\u016bk\u0146iem. \u0160\u012b modern\u0101 laboratorija izmanto datoriz\u0113tu test\u0113\u0161anu ar elektrohidraulisko tehnolo\u0123iju, \u013caujot izmantot iepriek\u0161 iestat\u012btus testa apst\u0101k\u013cus, kas uzlabo precizit\u0101ti un sist\u0113mas daudzpus\u012bbu. Automatiz\u0113taj\u0101 datu v\u0101k\u0161anas proces\u0101 tiek izmantoti sensori, lai apkopotu izejas datus, piem\u0113ram, iek\u0161\u0113jo nopl\u016bdi un slodzes efektivit\u0101ti, kurus p\u0113c tam apstr\u0101d\u0101 dators un konvert\u0113 standarta m\u0113rvien\u012bb\u0101s (ml\/min%).<\/p>\n<p>Turkl\u0101t, lai nodro\u0161in\u0101tu m\u016bsu hidraulisko sist\u0113mu dro\u0161\u012bbu, m\u0113s ievie\u0161am galveno veiktsp\u0113jas parametru, tostarp e\u013c\u013cas temperat\u016bras, \u0161\u0137idruma l\u012bme\u0146a un filtra ier\u012bces st\u0101vok\u013ca, uzraudz\u012bbu. M\u016bsu hidraulisko cilindru testa stends sp\u0113j nov\u0113rt\u0113t \u201cslodzes efektivit\u0101ti\u201d un \u201ciek\u0161\u0113jo nopl\u016bdi\u201d, izmantojot prec\u012bzus r\u0101d\u012bjumus. Tas ir apr\u012bkots ar\u012b ar re\u017e\u0123veida m\u0113rinstrumentu, kas atbilst valsts standartiem, nodro\u0161inot atbilst\u012bbu vis\u0101m hidraulisko cilindru izstr\u0101d\u0101jumu test\u0113\u0161anas pras\u012bb\u0101m.<\/p>\n<p>&nbsp;<\/p>","protected":false},"excerpt":{"rendered":"<p>HCYY11112021 Main Boom Angle Cylinder For Truck Cranes The HCYY11112021 Main Boom Angle Cylinder is an essential component specifically designed for truck cranes, significantly enhancing their lifting capabilities and operational efficiency. This cylinder controls the angle of the main boom, ensuring precise maneuverability across a range of lifting tasks. Engineered to endure the demands of [&hellip;]<\/p>","protected":false},"featured_media":17100,"comment_status":"open","ping_status":"closed","template":"","meta":{"_et_pb_use_builder":"","_et_pb_old_content":"","_et_gb_content_width":""},"product_brand":[],"product_cat":[1550,1514,1376],"product_tag":[],"class_list":{"0":"post-17093","1":"product","2":"type-product","3":"status-publish","4":"has-post-thumbnail","6":"product_cat-double-acting-hydraulic-cylinder","7":"product_cat-mobile-crane-hydraulic-cylinders","8":"product_cat-hydraulic-cylinder","10":"first","11":"instock","12":"shipping-taxable","13":"product-type-simple"},"amp_enabled":true,"_links":{"self":[{"href":"https:\/\/www.hydraulic-cylinders.net\/lv\/wp-json\/wp\/v2\/product\/17093","targetHints":{"allow":["GET"]}}],"collection":[{"href":"https:\/\/www.hydraulic-cylinders.net\/lv\/wp-json\/wp\/v2\/product"}],"about":[{"href":"https:\/\/www.hydraulic-cylinders.net\/lv\/wp-json\/wp\/v2\/types\/product"}],"replies":[{"embeddable":true,"href":"https:\/\/www.hydraulic-cylinders.net\/lv\/wp-json\/wp\/v2\/comments?post=17093"}],"wp:featuredmedia":[{"embeddable":true,"href":"https:\/\/www.hydraulic-cylinders.net\/lv\/wp-json\/wp\/v2\/media\/17100"}],"wp:attachment":[{"href":"https:\/\/www.hydraulic-cylinders.net\/lv\/wp-json\/wp\/v2\/media?parent=17093"}],"wp:term":[{"taxonomy":"product_brand","embeddable":true,"href":"https:\/\/www.hydraulic-cylinders.net\/lv\/wp-json\/wp\/v2\/product_brand?post=17093"},{"taxonomy":"product_cat","embeddable":true,"href":"https:\/\/www.hydraulic-cylinders.net\/lv\/wp-json\/wp\/v2\/product_cat?post=17093"},{"taxonomy":"product_tag","embeddable":true,"href":"https:\/\/www.hydraulic-cylinders.net\/lv\/wp-json\/wp\/v2\/product_tag?post=17093"}],"curies":[{"name":"wp","href":"https:\/\/api.w.org\/{rel}","templated":true}]}}