{"id":17103,"date":"2025-02-06T08:21:09","date_gmt":"2025-02-06T08:21:09","guid":{"rendered":"https:\/\/www.hydraulic-cylinders.net\/?post_type=product&#038;p=17103"},"modified":"2025-04-11T01:52:19","modified_gmt":"2025-04-11T01:52:19","slug":"hcyy11112022-cylinder-for-opening-rack-support-for-truck-cranes","status":"publish","type":"product","link":"https:\/\/www.hydraulic-cylinders.net\/lv\/products\/hcyy11112022-cylinder-for-opening-rack-support-for-truck-cranes\/","title":{"rendered":"HCYY11112022 Cilindrs kravas automa\u0161\u012bnu celt\u0146u atv\u0113r\u0161anas plauktu atbalstam"},"content":{"rendered":"<h1 style=\"text-align: center;\"><strong>HCYY11112022 Cilindrs kravas automa\u0161\u012bnu celt\u0146u atv\u0113r\u0161anas plauktu atbalstam<\/strong><\/h1>\n<h1 style=\"text-align: center;\"><img loading=\"lazy\" decoding=\"async\" class=\"alignnone size-full wp-image-17105\" src=\"https:\/\/www.hydraulic-cylinders.net\/wp-content\/uploads\/2025\/02\/hcyy11112022-cylinder-for-opening-rack-support-2.webp\" alt=\"\" width=\"1496\" height=\"516\" srcset=\"https:\/\/www.hydraulic-cylinders.net\/wp-content\/uploads\/2025\/02\/hcyy11112022-cylinder-for-opening-rack-support-2.webp 1496w, https:\/\/www.hydraulic-cylinders.net\/wp-content\/uploads\/2025\/02\/hcyy11112022-cylinder-for-opening-rack-support-2-1280x441.webp 1280w, https:\/\/www.hydraulic-cylinders.net\/wp-content\/uploads\/2025\/02\/hcyy11112022-cylinder-for-opening-rack-support-2-980x338.webp 980w, https:\/\/www.hydraulic-cylinders.net\/wp-content\/uploads\/2025\/02\/hcyy11112022-cylinder-for-opening-rack-support-2-480x166.webp 480w\" sizes=\"(min-width: 0px) and (max-width: 480px) 480px, (min-width: 481px) and (max-width: 980px) 980px, (min-width: 981px) and (max-width: 1280px) 1280px, (min-width: 1281px) 1496px, 100vw\" \/><\/h1>\n<p>The <strong>HCYY11112022 Cilindrs<\/strong> ir b\u016btiska sast\u0101vda\u013ca, kas \u012bpa\u0161i izstr\u0101d\u0101ta kravas automa\u0161\u012bnu celt\u0146iem, iev\u0113rojami uzlabojot to darb\u012bbas efektivit\u0101ti un dro\u0161\u012bbu. \u0160is cilindrs atbalsta atv\u0113r\u0161anas stat\u012bva meh\u0101nismu, veicinot celt\u0146a konstrukcijas vienm\u0113r\u012bgu un uzticamu kust\u012bbu da\u017e\u0101du cel\u0161anas uzdevumu laik\u0101.<\/p>\n<p>HCYY11112022 cilindrs ir izstr\u0101d\u0101ts, lai uzlabotu gan cel\u0161anas efektivit\u0101ti, gan dro\u0161\u012bbu, un tam ir iztur\u012bga konstrukcija un efekt\u012bva veiktsp\u0113ja. T\u0101 vienk\u0101r\u0161ais uzst\u0101d\u012b\u0161anas process \u013cauj operatoriem p\u0101rliecino\u0161i p\u0101rvald\u012bt da\u017e\u0101dus cel\u0161anas uzdevumus.<\/p>\n<p>Regul\u0101ra apkope un pareiza lieto\u0161ana ir b\u016btiska, lai nodro\u0161in\u0101tu, ka HCYY11112022 joproj\u0101m ir uzticams j\u016bsu celt\u0146a darb\u012bbas l\u012bdzeklis. Ieguldot \u0161aj\u0101 cilindr\u0101, j\u016bs uzlabot celt\u0146a iesp\u0113jas, t\u0101d\u0113j\u0101di palielinot produktivit\u0101ti un dro\u0161\u012bbu darba viet\u0101. Paaugstiniet savu darb\u012bbu ar HCYY11112022 cilindru jau \u0161odien.<\/p>\n<h2><strong>HCYY11112022 Cilindrs kravas automa\u0161\u012bnu celt\u0146u atv\u0113r\u0161anas plauktu atbalstam Parametrs:<\/strong><\/h2>\n<h1 style=\"text-align: center;\"><img loading=\"lazy\" decoding=\"async\" class=\"alignnone size-full wp-image-17104\" src=\"https:\/\/www.hydraulic-cylinders.net\/wp-content\/uploads\/2025\/02\/hcyy11112022-cylinder-for-opening-rack-support-1.webp\" alt=\"\" width=\"1516\" height=\"149\" srcset=\"https:\/\/www.hydraulic-cylinders.net\/wp-content\/uploads\/2025\/02\/hcyy11112022-cylinder-for-opening-rack-support-1.webp 1516w, https:\/\/www.hydraulic-cylinders.net\/wp-content\/uploads\/2025\/02\/hcyy11112022-cylinder-for-opening-rack-support-1-1280x126.webp 1280w, https:\/\/www.hydraulic-cylinders.net\/wp-content\/uploads\/2025\/02\/hcyy11112022-cylinder-for-opening-rack-support-1-980x96.webp 980w, https:\/\/www.hydraulic-cylinders.net\/wp-content\/uploads\/2025\/02\/hcyy11112022-cylinder-for-opening-rack-support-1-480x47.webp 480w\" sizes=\"(min-width: 0px) and (max-width: 480px) 480px, (min-width: 481px) and (max-width: 980px) 980px, (min-width: 981px) and (max-width: 1280px) 1280px, (min-width: 1281px) 1516px, 100vw\" \/><img loading=\"lazy\" decoding=\"async\" class=\"alignnone size-full wp-image-17106\" src=\"https:\/\/www.hydraulic-cylinders.net\/wp-content\/uploads\/2025\/02\/hcyy11112022-cylinder-for-opening-rack-support-3.webp\" alt=\"\" width=\"1475\" height=\"709\" srcset=\"https:\/\/www.hydraulic-cylinders.net\/wp-content\/uploads\/2025\/02\/hcyy11112022-cylinder-for-opening-rack-support-3.webp 1475w, https:\/\/www.hydraulic-cylinders.net\/wp-content\/uploads\/2025\/02\/hcyy11112022-cylinder-for-opening-rack-support-3-1280x615.webp 1280w, https:\/\/www.hydraulic-cylinders.net\/wp-content\/uploads\/2025\/02\/hcyy11112022-cylinder-for-opening-rack-support-3-980x471.webp 980w, https:\/\/www.hydraulic-cylinders.net\/wp-content\/uploads\/2025\/02\/hcyy11112022-cylinder-for-opening-rack-support-3-480x231.webp 480w\" sizes=\"(min-width: 0px) and (max-width: 480px) 480px, (min-width: 481px) and (max-width: 980px) 980px, (min-width: 981px) and (max-width: 1280px) 1280px, (min-width: 1281px) 1475px, 100vw\" \/> <img loading=\"lazy\" decoding=\"async\" class=\"alignnone size-full wp-image-17107\" src=\"https:\/\/www.hydraulic-cylinders.net\/wp-content\/uploads\/2025\/02\/hcyy11112022-cylinder-for-opening-rack-support-4.webp\" alt=\"\" width=\"1477\" height=\"710\" srcset=\"https:\/\/www.hydraulic-cylinders.net\/wp-content\/uploads\/2025\/02\/hcyy11112022-cylinder-for-opening-rack-support-4.webp 1477w, https:\/\/www.hydraulic-cylinders.net\/wp-content\/uploads\/2025\/02\/hcyy11112022-cylinder-for-opening-rack-support-4-1280x615.webp 1280w, https:\/\/www.hydraulic-cylinders.net\/wp-content\/uploads\/2025\/02\/hcyy11112022-cylinder-for-opening-rack-support-4-980x471.webp 980w, https:\/\/www.hydraulic-cylinders.net\/wp-content\/uploads\/2025\/02\/hcyy11112022-cylinder-for-opening-rack-support-4-480x231.webp 480w\" sizes=\"(min-width: 0px) and (max-width: 480px) 480px, (min-width: 481px) and (max-width: 980px) 980px, (min-width: 981px) and (max-width: 1280px) 1280px, (min-width: 1281px) 1477px, 100vw\" \/> <img loading=\"lazy\" decoding=\"async\" class=\"alignnone size-full wp-image-17108\" src=\"https:\/\/www.hydraulic-cylinders.net\/wp-content\/uploads\/2025\/02\/hcyy11112022-cylinder-for-opening-rack-support-5.webp\" alt=\"\" width=\"1324\" height=\"665\" srcset=\"https:\/\/www.hydraulic-cylinders.net\/wp-content\/uploads\/2025\/02\/hcyy11112022-cylinder-for-opening-rack-support-5.webp 1324w, https:\/\/www.hydraulic-cylinders.net\/wp-content\/uploads\/2025\/02\/hcyy11112022-cylinder-for-opening-rack-support-5-1280x643.webp 1280w, https:\/\/www.hydraulic-cylinders.net\/wp-content\/uploads\/2025\/02\/hcyy11112022-cylinder-for-opening-rack-support-5-980x492.webp 980w, https:\/\/www.hydraulic-cylinders.net\/wp-content\/uploads\/2025\/02\/hcyy11112022-cylinder-for-opening-rack-support-5-480x241.webp 480w\" sizes=\"(min-width: 0px) and (max-width: 480px) 480px, (min-width: 481px) and (max-width: 980px) 980px, (min-width: 981px) and (max-width: 1280px) 1280px, (min-width: 1281px) 1324px, 100vw\" \/><\/h1>\n<h2><strong>Cilindru s\u0113rija kravas automa\u0161\u012bnu celt\u0146iem:<\/strong><\/h2>\n<h2><img loading=\"lazy\" decoding=\"async\" class=\"alignnone size-full wp-image-17099\" src=\"https:\/\/www.hydraulic-cylinders.net\/wp-content\/uploads\/2025\/02\/cylinder-series-for-truck-cranes-1.webp\" alt=\"\" width=\"1246\" height=\"671\" srcset=\"https:\/\/www.hydraulic-cylinders.net\/wp-content\/uploads\/2025\/02\/cylinder-series-for-truck-cranes-1.webp 1246w, https:\/\/www.hydraulic-cylinders.net\/wp-content\/uploads\/2025\/02\/cylinder-series-for-truck-cranes-1-980x528.webp 980w, https:\/\/www.hydraulic-cylinders.net\/wp-content\/uploads\/2025\/02\/cylinder-series-for-truck-cranes-1-480x258.webp 480w\" sizes=\"(min-width: 0px) and (max-width: 480px) 480px, (min-width: 481px) and (max-width: 980px) 980px, (min-width: 981px) 1246px, 100vw\" \/><\/h2>\n<h2><strong>HCYY11112022 cilindra galven\u0101s iez\u012bmes kravas automa\u0161\u012bnu celt\u0146u atv\u0113r\u0161anas plauktu atbalstam:<\/strong><\/h2>\n<p>The <strong>HCYY11112022 Cilindrs<\/strong> ir neaizst\u0101jama sast\u0101vda\u013ca, kas \u012bpa\u0161i izstr\u0101d\u0101ta kravas automa\u0161\u012bnu celt\u0146iem, iev\u0113rojami uzlabojot darb\u012bbas efektivit\u0101ti un dro\u0161\u012bbu. \u0160im uzlabotajam cilindram ir b\u016btiska loma atv\u0113r\u0161anas plaukta meh\u0101nisma atbalst\u012b\u0161an\u0101, kas ir \u013coti svar\u012bgi, lai nodro\u0161in\u0101tu celt\u0146a konstrukcijas vienm\u0113r\u012bgu un uzticamu kust\u012bbu da\u017e\u0101du cel\u0161anas uzdevumu laik\u0101.<\/p>\n<h4><strong>Uzlabota efektivit\u0101te un dro\u0161\u012bba<\/strong><\/h4>\n<p>Prec\u012bzi izstr\u0101d\u0101tais HCYY11112022 cilindrs maksim\u0101li palielina gan cel\u0161anas efektivit\u0101ti, gan dro\u0161\u012bbu. T\u0101 iztur\u012bg\u0101 konstrukcija var iztur\u0113t lielas slodzes un sare\u017e\u0123\u012btus apst\u0101k\u013cus, nodro\u0161inot celt\u0146a vienm\u0113r\u012bgu darb\u012bbu pat zem spiediena. \u0160\u012b uzticam\u012bba nodro\u0161ina lab\u0101ku veiktsp\u0113ju darba viet\u0101, \u013caujot operatoriem \u0101tri un efekt\u012bvi veikt uzdevumus, vienlaikus samazinot negad\u012bjumu risku.<\/p>\n<h4><strong>Optimiz\u0113ts instal\u0113\u0161anas process<\/strong><\/h4>\n<p>Viena no HCYY11112022 izcil\u0101kaj\u0101m iez\u012bm\u0113m ir t\u0101 vienk\u0101r\u0161ais uzst\u0101d\u012b\u0161anas process. Operatori var viegli uzst\u0101d\u012bt cilindru bez pla\u0161as apm\u0101c\u012bbas vai specializ\u0113tiem instrumentiem. \u0160\u012b vienk\u0101r\u0161\u0101 uzst\u0101d\u012b\u0161ana ne tikai ietaupa laiku, bet ar\u012b dod operatoriem iesp\u0113ju p\u0101rliecino\u0161i p\u0101rvald\u012bt da\u017e\u0101dus cel\u0161anas uzdevumus. Kad cilindrs ir uzst\u0101d\u012bts, lietot\u0101ji var koncentr\u0113ties uz savu darbu, nevis uztraukties par iek\u0101rtas veiktsp\u0113ju.<\/p>\n<h4><strong>Regul\u0101ras apkopes noz\u012bme<\/strong><\/h4>\n<p>Lai nodro\u0161in\u0101tu, ka HCYY11112022 joproj\u0101m ir uzticams j\u016bsu celt\u0146a darb\u012bbas l\u012bdzeklis, ir svar\u012bgi veikt regul\u0101ru apkopi un pareizu lieto\u0161anu. Regul\u0101ras p\u0101rbaudes pal\u012bdz identific\u0113t potenci\u0101l\u0101s probl\u0113mas, pirms t\u0101s saasin\u0101s, \u013caujot savlaic\u012bgi veikt remontu. Cilindra t\u012br\u012bba un laba iee\u013c\u013co\u0161ana nov\u0113r\u0161 nodilumu, nodro\u0161inot ilgsto\u0161u funkcionalit\u0101ti. Labi uztur\u0113ts cilindrs ne tikai uzlabo veiktsp\u0113ju, bet ar\u012b veicina celt\u0146a kop\u0113jo kalpo\u0161anas laiku, padarot to par gudru ieguld\u012bjumu jebkur\u0101 darb\u012bb\u0101.<\/p>\n<h4><strong>Produktivit\u0101tes un dro\u0161\u012bbas uzlabo\u0161ana<\/strong><\/h4>\n<p>Invest\u012bcijas HCYY11112022 cilindr\u0101 noz\u012bm\u0113 celt\u0146a iesp\u0113ju uzlabo\u0161anu, kas savuk\u0101rt palielina produktivit\u0101ti un uzlabo dro\u0161\u012bbu darba viet\u0101. Ar \u0161o uzticamo komponentu operatori var p\u0101rliecino\u0161i veikt sare\u017e\u0123\u012btus cel\u0161anas uzdevumus, zinot, ka vi\u0146iem ir nepiecie\u0161amais atbalsts. Rezult\u0101ts ir dro\u0161\u0101ka darba vide, kur\u0101 riski ir samazin\u0101ti l\u012bdz minimumam un efektivit\u0101te ir maksim\u0101la.<\/p>\n<p>Paaugstiniet savu darb\u012bbu l\u012bmeni ar HCYY11112022 cilindru jau \u0161odien. Integr\u0113jot \u0161o augstas kvalit\u0101tes komponentu sav\u0101 kravas automa\u0161\u012bnas celtn\u012b, j\u016bs ne tikai uzlabosiet t\u0101 veiktsp\u0113ju, bet ar\u012b nodro\u0161in\u0101siet dro\u0161\u0101ku un efekt\u012bv\u0101ku darba vidi. Iztur\u012bg\u0101 dizaina, vienk\u0101r\u0161\u0101s uzst\u0101d\u012b\u0161anas un apkopes svar\u012bguma kombin\u0101cija padara HCYY11112022 par gudru izv\u0113li jebkuram celt\u0146a operatoram, kur\u0161 v\u0113las uzlabot produktivit\u0101ti un dro\u0161\u012bbu darba viet\u0101. Nepalaidiet gar\u0101m iesp\u0113ju p\u0101rveidot sava celt\u0146a iesp\u0113jas \u2014 ieguldiet HCYY11112022 cilindr\u0101 jau tagad.<\/p>\n<h2><strong>K\u0101da apkope ir b\u016btiska Hcyy11112022 cilindram atv\u0113r\u0161anas plaukta atbalstam?<\/strong><\/h2>\n<div id=\"message-340223452933\" class=\"ChatMessage_chatMessage__xkgHx\" data-complete=\"true\">\n<div class=\"ChatMessage_messageRow__DHlnq\">\n<div class=\"ChatMessage_messageWrapper__4Ugd6\">\n<div class=\"Message_rowWithFooter__FShU6\">\n<div class=\"Message_row__ug_UU\">\n<div class=\"Message_messageBubbleWrapper__sEq8z\">\n<div class=\"Message_leftSideMessageBubble__VPdk6\">\n<div class=\"Message_messageTextContainer__w64Sc\">\n<div>\n<div class=\"Markdown_markdownContainer__Tz3HQ\">\n<p>Lai nodro\u0161in\u0101tu optim\u0101lu veiktsp\u0113ju <strong>HCYY11112022 Cilindrs atv\u0113r\u0161anas plaukta atbalstam<\/strong> Kravas automa\u0161\u012bnu celt\u0146u apkopes darbos \u0146emiet v\u0113r\u0101 \u0161\u0101dus b\u016btiskus aspektus:<\/p>\n<h4><strong>1. Regul\u0101ras p\u0101rbaudes<\/strong><\/h4>\n<p>Regul\u0101ru p\u0101rbau\u017eu veik\u0161ana ir profilaktiskas apkopes atsl\u0113ga. Iepl\u0101nojiet regul\u0101ras p\u0101rbaudes, lai mekl\u0113tu nodiluma, nopl\u016b\u017eu vai boj\u0101jumu paz\u012bmes uz cilindra un t\u0101 apk\u0101rt\u0113j\u0101m deta\u013c\u0101m. Probl\u0113mu agr\u012bna atkl\u0101\u0161ana var nov\u0113rst d\u0101rgus remontdarbus un nodro\u0161in\u0101t dro\u0161u darb\u012bbu. Izmantojiet kontrolsarakstu, lai izsekotu p\u0101rbau\u017eu atkl\u0101jumiem, atvieglojot mode\u013cu vai atk\u0101rtotu probl\u0113mu identific\u0113\u0161anu.<\/p>\n<h4><strong>2. E\u013c\u013co\u0161ana<\/strong><\/h4>\n<p>Pareiza e\u013c\u013co\u0161ana ir \u013coti svar\u012bga, lai samazin\u0101tu berzi un pagarin\u0101tu cilindra un t\u0101 kust\u012bgo da\u013cu kalpo\u0161anas laiku. Izmantojiet ra\u017eot\u0101ja ieteikto sm\u0113rvielu un uzkl\u0101jiet to uz kritisk\u0101m viet\u0101m, piem\u0113ram, virzu\u013ca stie\u0146a un savienojumiem. Izveidojiet e\u013c\u013co\u0161anas grafiku, lai nodro\u0161in\u0101tu vienm\u0113r\u012bgu e\u013c\u013co\u0161anu. Labi iee\u013c\u013cots cilindrs darbojas vienm\u0113r\u012bgi, uzlabojot veiktsp\u0113ju un samazinot meh\u0101nisku boj\u0101jumu risku.<\/p>\n<h4><strong>3. Hidraulisk\u0101 \u0161\u0137idruma p\u0101rbaudes<\/strong><\/h4>\n<p>Hidraulisk\u0101 \u0161\u0137idruma kvalit\u0101te ir \u013coti svar\u012bga cilindra darb\u012bbai. Regul\u0101ri uzraugiet \u0161\u0137idruma l\u012bmeni un p\u0101rbaudiet, vai nav pies\u0101r\u0146ojuma vai degrad\u0101cijas. Ja \u0161\u0137idrums \u0161\u0137iet net\u012brs vai tam ir nepat\u012bkama smaka, ir pien\u0101cis laiks to nomain\u012bt. T\u012bra un atbilsto\u0161a hidraulisk\u0101 \u0161\u0137idruma daudzuma uztur\u0113\u0161ana ne tikai nodro\u0161ina efekt\u012bvu darb\u012bbu, bet ar\u012b aizsarg\u0101 visu hidraulisko sist\u0113mu no boj\u0101jumiem.<\/p>\n<h4><strong>4. Skr\u016bvju un savienojumu pievilk\u0161ana<\/strong><\/h4>\n<p>Lai nov\u0113rstu nopl\u016bdes un saglab\u0101tu konstrukcijas integrit\u0101ti, ir svar\u012bgi nodro\u0161in\u0101t, lai visi savienojumi b\u016btu dro\u0161i. Periodiski p\u0101rbaudiet un pievelciet skr\u016bves un savienojumus, \u012bpa\u0161i p\u0113c intens\u012bvas lieto\u0161anas vai p\u0113c jebk\u0101d\u0101m regul\u0113\u0161an\u0101m. \u0160\u012b vienk\u0101r\u0161\u0101 darb\u012bba var iev\u0113rojami uzlabot dro\u0161\u012bbu un veiktsp\u0113ju, jo va\u013c\u012bgas deta\u013cas var izrais\u012bt katastrof\u0101las k\u013c\u016bmes.<\/p>\n<h4><strong>5. T\u012br\u012b\u0161ana<\/strong><\/h4>\n<p>Balona un t\u0101 sast\u0101vda\u013cu t\u012br\u012bba ir \u013coti svar\u012bga, lai nov\u0113rstu boj\u0101jumus. Regul\u0101ri noslaukiet virsmas, lai no\u0146emtu net\u012brumus, putek\u013cus un gru\u017eus, kas var izrais\u012bt nodilumu. T\u012bra darba vide ne tikai uzlabo redzam\u012bbu p\u0101rbau\u017eu laik\u0101, bet ar\u012b pal\u012bdz identific\u0113t iesp\u0113jam\u0101s probl\u0113mas, pirms t\u0101s saasin\u0101s.<\/p>\n<h4><strong>6. Funkcionalit\u0101tes test\u0113\u0161ana<\/strong><\/h4>\n<p>Periodiska cilindra darb\u012bbas p\u0101rbaude ir \u013coti svar\u012bga, lai nodro\u0161in\u0101tu t\u0101 pareizu un efekt\u012bvu reakciju. Veiciet funkcionalit\u0101tes testus, lai nov\u0113rotu, k\u0101 cilindrs uzvedas slodzes un kust\u012bbas laik\u0101. \u0160\u012b proakt\u012bv\u0101 pieeja var atkl\u0101t jebk\u0101das neatbilst\u012bbas darb\u012bb\u0101, \u013caujot t\u0101s nov\u0113rst, pirms t\u0101s ietekm\u0113 veiktsp\u0113ju.<\/p>\n<h4><strong>7. Dokument\u0101cija<\/strong><\/h4>\n<p>Detaliz\u0113ta visu apkopes darb\u012bbu uzskaite ir b\u016btiska, lai laika gait\u0101 izsekotu balona st\u0101vokli. Dokument\u0113jiet p\u0101rbaudes, e\u013c\u013co\u0161anu, \u0161\u0137idrumu mai\u0146u un remontu. \u0160\u012b inform\u0101cija var pal\u012bdz\u0113t noteikt tendences, atvieglojot turpm\u0101ko apkopes vajadz\u012bbu paredz\u0113\u0161anu un nodro\u0161inot, ka nekas netiek palaists gar\u0101m.<\/p>\n<p>Iev\u0113rojot \u0161\u012bs prakses, j\u016bs varat uzlabot HCYY11112022 cilindra ilgm\u016b\u017e\u012bbu un uzticam\u012bbu, nodro\u0161inot dro\u0161u un efekt\u012bvu celt\u0146a darb\u012bbu. Regul\u0101ra apkope ne tikai aizsarg\u0101 j\u016bsu ieguld\u012bjumu, bet ar\u012b veicina dro\u0161\u0101ku darba vidi visiem iesaist\u012btajiem.<\/p>\n<\/div>\n<\/div>\n<\/div>\n<\/div>\n<\/div>\n<\/div>\n<\/div>\n<\/div>\n<\/div>\n<\/div>\n<h2><strong>Iekr\u0101v\u0113ja cilindru ra\u017eo\u0161anas zona:<\/strong><\/h2>\n<h2><img loading=\"lazy\" decoding=\"async\" class=\"alignnone size-full wp-image-16972\" src=\"https:\/\/www.hydraulic-cylinders.net\/wp-content\/uploads\/2025\/01\/hydraulic-cylinder-factory-1-scaled.webp\" alt=\"\" width=\"2016\" height=\"2560\" srcset=\"https:\/\/www.hydraulic-cylinders.net\/wp-content\/uploads\/2025\/01\/hydraulic-cylinder-factory-1-scaled.webp 2016w, https:\/\/www.hydraulic-cylinders.net\/wp-content\/uploads\/2025\/01\/hydraulic-cylinder-factory-1-1280x1625.webp 1280w, https:\/\/www.hydraulic-cylinders.net\/wp-content\/uploads\/2025\/01\/hydraulic-cylinder-factory-1-980x1244.webp 980w, https:\/\/www.hydraulic-cylinders.net\/wp-content\/uploads\/2025\/01\/hydraulic-cylinder-factory-1-480x610.webp 480w\" sizes=\"(min-width: 0px) and (max-width: 480px) 480px, (min-width: 481px) and (max-width: 980px) 980px, (min-width: 981px) and (max-width: 1280px) 1280px, (min-width: 1281px) 2016px, 100vw\" \/><\/h2>\n<p>M\u0113s lepojamies ar modernu neatkar\u012bgu p\u0113tniec\u012bbas un att\u012bst\u012bbas platformu, kas velt\u012bta mont\u0101\u017eai, nodro\u0161inot augst\u0101k\u0101 l\u012bme\u0146a inov\u0101cijas un kvalit\u0101ti m\u016bsu ra\u017eo\u0161anas procesos. M\u016bsu iekr\u0101v\u0113ju cilindru ra\u017eo\u0161anas darbn\u012bc\u0101 ir \u010detras pusautom\u0101tiskas pacel\u0161anas cilindru mont\u0101\u017eas l\u012bnijas un piln\u012bb\u0101 autom\u0101tiska noliecamo cilindru mont\u0101\u017eas l\u012bnija, kas kop\u0101 ir paredz\u0113tas, lai sara\u017eotu l\u012bdz pat vienam miljonam vien\u012bbu gad\u0101.<\/p>\n<p>Turkl\u0101t m\u016bsu specializ\u0113t\u0101 cilindru darbn\u012bca ir apr\u012bkota ar pusautom\u0101tisk\u0101m t\u012br\u012b\u0161anas un mont\u0101\u017eas sist\u0113m\u0101m, kas piel\u0101gotas da\u017e\u0101d\u0101m specifik\u0101cij\u0101m, ar gada ra\u017eo\u0161anas jaudu 200\u00a0000 vien\u012bbu. M\u0113s izmantojam atz\u012btas CNC iek\u0101rtas, apstr\u0101des centrus un specializ\u0113tus instrumentus augstas precizit\u0101tes cilindru apstr\u0101dei. M\u016bsu iek\u0101rt\u0101s ir ar\u012b modernas robotiz\u0113tas metin\u0101\u0161anas iek\u0101rtas, autom\u0101tisk\u0101s t\u012br\u012b\u0161anas sist\u0113mas un piln\u012bb\u0101 automatiz\u0113tas cilindru mont\u0101\u017eas un kr\u0101so\u0161anas l\u012bnijas. Ar vair\u0101k nek\u0101 300 galvenaj\u0101m iek\u0101rt\u0101m, kas darbojas, m\u0113s optimiz\u0113jam resursu sadali un nodro\u0161in\u0101m efekt\u012bvu izmanto\u0161anu, iev\u0113rojot stingrus precizit\u0101tes un kvalit\u0101tes standartus.<\/p>\n<p>M\u016bsu apstr\u0101des ceh\u0101 ir piel\u0101goti sl\u012bpo vadot\u0146u slie\u017eu virpo\u0161anas centri, apstr\u0101des centri, \u0101trgaitas asin\u0101\u0161anas ma\u0161\u012bnas, metin\u0101\u0161anas roboti un cits svar\u012bgs apr\u012bkojums. \u0160\u012b iek\u0101rta \u013cauj mums apstr\u0101d\u0101t cilindriskas caurules ar maksim\u0101lo iek\u0161\u0113jo diametru 400 mm un garumu l\u012bdz 6 metriem, v\u0113l vair\u0101k uzlabojot m\u016bsu ra\u017eo\u0161anas jaudas.<\/p>\n<h2><img loading=\"lazy\" decoding=\"async\" class=\"alignnone size-full wp-image-16973\" src=\"https:\/\/www.hydraulic-cylinders.net\/wp-content\/uploads\/2025\/01\/hydraulic-cylinder-factory-2-scaled.webp\" alt=\"\" width=\"2011\" height=\"2560\" srcset=\"https:\/\/www.hydraulic-cylinders.net\/wp-content\/uploads\/2025\/01\/hydraulic-cylinder-factory-2-scaled.webp 2011w, https:\/\/www.hydraulic-cylinders.net\/wp-content\/uploads\/2025\/01\/hydraulic-cylinder-factory-2-1280x1629.webp 1280w, https:\/\/www.hydraulic-cylinders.net\/wp-content\/uploads\/2025\/01\/hydraulic-cylinder-factory-2-980x1248.webp 980w, https:\/\/www.hydraulic-cylinders.net\/wp-content\/uploads\/2025\/01\/hydraulic-cylinder-factory-2-480x611.webp 480w\" sizes=\"(min-width: 0px) and (max-width: 480px) 480px, (min-width: 481px) and (max-width: 980px) 980px, (min-width: 981px) and (max-width: 1280px) 1280px, (min-width: 1281px) 2011px, 100vw\" \/><\/h2>\n<p>M\u0113s izmantojam piln\u012bb\u0101 autom\u0101tisku \u016bdens b\u0101zes kr\u0101so\u0161anas l\u012bniju, kas \u012bpa\u0161i paredz\u0113ta maziem un vid\u0113jiem baloniem, ar automatiz\u0113tiem iekrau\u0161anas, izkrau\u0161anas un izsmidzin\u0101\u0161anas robotiem. \u0160\u012b modern\u0101 sist\u0113ma lepojas ar ra\u017eo\u0161anas jaudu 4000 vien\u012bbu mai\u0146\u0101. Turkl\u0101t mums ir pusautom\u0101tiska kr\u0101so\u0161anas l\u012bnija lielizm\u0113ra baloniem, ko darbina \u0137\u0113des piedzi\u0146a, ar projekt\u0113to jaudu 60 kastes mai\u0146\u0101.<\/p>\n<p>Lai uzlabotu produktu veiktsp\u0113ju un nostiprin\u0101tu m\u016bsu l\u012bderpoz\u012bcijas hidraulisko cilindru nozar\u0113, m\u0113s sadarbojamies ar ZJIMEE, lai izveidotu visaptvero\u0161u veiktsp\u0113jas laboratoriju, kas velt\u012bta hidrauliskajiem cilindriem, v\u0101rstiem un s\u016bk\u0146iem. \u0160\u012b modern\u0101 laboratorija izmanto datoriz\u0113tu test\u0113\u0161anu ar elektrohidraulisko tehnolo\u0123iju, \u013caujot izmantot iepriek\u0161 iestat\u012btus testa apst\u0101k\u013cus, kas uzlabo precizit\u0101ti un sist\u0113mas daudzpus\u012bbu. Automatiz\u0113taj\u0101 datu v\u0101k\u0161anas proces\u0101 tiek izmantoti sensori, lai apkopotu izejas datus, piem\u0113ram, iek\u0161\u0113jo nopl\u016bdi un slodzes efektivit\u0101ti, kurus p\u0113c tam apstr\u0101d\u0101 dators un konvert\u0113 standarta m\u0113rvien\u012bb\u0101s (ml\/min%).<\/p>\n<p>Turkl\u0101t, lai nodro\u0161in\u0101tu m\u016bsu hidraulisko sist\u0113mu dro\u0161\u012bbu, m\u0113s ievie\u0161am galveno veiktsp\u0113jas parametru, tostarp e\u013c\u013cas temperat\u016bras, \u0161\u0137idruma l\u012bme\u0146a un filtra ier\u012bces st\u0101vok\u013ca, uzraudz\u012bbu. M\u016bsu hidraulisko cilindru testa stends sp\u0113j nov\u0113rt\u0113t \u201cslodzes efektivit\u0101ti\u201d un \u201ciek\u0161\u0113jo nopl\u016bdi\u201d, izmantojot prec\u012bzus r\u0101d\u012bjumus. Tas ir apr\u012bkots ar\u012b ar re\u017e\u0123veida m\u0113rinstrumentu, kas atbilst valsts standartiem, nodro\u0161inot atbilst\u012bbu vis\u0101m hidraulisko cilindru izstr\u0101d\u0101jumu test\u0113\u0161anas pras\u012bb\u0101m.<\/p>\n<p>&nbsp;<\/p>","protected":false},"excerpt":{"rendered":"<p>HCYY11112022 Cylinder For Opening Rack Support For Truck Cranes The HCYY11112022 Cylinder is a crucial component specifically engineered for truck cranes, significantly improving their operational efficiency and safety. This cylinder supports the opening rack mechanism, facilitating smooth and reliable movement of the crane&#8217;s structure during various lifting tasks. Designed to enhance both lifting efficiency and [&hellip;]<\/p>","protected":false},"featured_media":17109,"comment_status":"open","ping_status":"closed","template":"","meta":{"_et_pb_use_builder":"","_et_pb_old_content":"","_et_gb_content_width":""},"product_brand":[],"product_cat":[1514,1549,1376],"product_tag":[],"class_list":{"0":"post-17103","1":"product","2":"type-product","3":"status-publish","4":"has-post-thumbnail","6":"product_cat-mobile-crane-hydraulic-cylinders","7":"product_cat-single-acting-hydraulic-cylinder","8":"product_cat-hydraulic-cylinder","10":"first","11":"instock","12":"shipping-taxable","13":"product-type-simple"},"amp_enabled":true,"_links":{"self":[{"href":"https:\/\/www.hydraulic-cylinders.net\/lv\/wp-json\/wp\/v2\/product\/17103","targetHints":{"allow":["GET"]}}],"collection":[{"href":"https:\/\/www.hydraulic-cylinders.net\/lv\/wp-json\/wp\/v2\/product"}],"about":[{"href":"https:\/\/www.hydraulic-cylinders.net\/lv\/wp-json\/wp\/v2\/types\/product"}],"replies":[{"embeddable":true,"href":"https:\/\/www.hydraulic-cylinders.net\/lv\/wp-json\/wp\/v2\/comments?post=17103"}],"wp:featuredmedia":[{"embeddable":true,"href":"https:\/\/www.hydraulic-cylinders.net\/lv\/wp-json\/wp\/v2\/media\/17109"}],"wp:attachment":[{"href":"https:\/\/www.hydraulic-cylinders.net\/lv\/wp-json\/wp\/v2\/media?parent=17103"}],"wp:term":[{"taxonomy":"product_brand","embeddable":true,"href":"https:\/\/www.hydraulic-cylinders.net\/lv\/wp-json\/wp\/v2\/product_brand?post=17103"},{"taxonomy":"product_cat","embeddable":true,"href":"https:\/\/www.hydraulic-cylinders.net\/lv\/wp-json\/wp\/v2\/product_cat?post=17103"},{"taxonomy":"product_tag","embeddable":true,"href":"https:\/\/www.hydraulic-cylinders.net\/lv\/wp-json\/wp\/v2\/product_tag?post=17103"}],"curies":[{"name":"wp","href":"https:\/\/api.w.org\/{rel}","templated":true}]}}