{"id":17125,"date":"2025-02-06T09:03:34","date_gmt":"2025-02-06T09:03:34","guid":{"rendered":"https:\/\/www.hydraulic-cylinders.net\/?post_type=product&#038;p=17125"},"modified":"2025-04-11T01:52:08","modified_gmt":"2025-04-11T01:52:08","slug":"hcyy11112025-front-cylinder-for-frame-support-for-truck-cranes","status":"publish","type":"product","link":"https:\/\/www.hydraulic-cylinders.net\/lv\/products\/hcyy11112025-front-cylinder-for-frame-support-for-truck-cranes\/","title":{"rendered":"HCYY11112025 Priek\u0161\u0113jais cilindrs kravas automa\u0161\u012bnu celt\u0146u r\u0101mja atbalstam"},"content":{"rendered":"<h1 style=\"text-align: center;\"><strong>HCYY11112025 Priek\u0161\u0113jais cilindrs kravas automa\u0161\u012bnu celt\u0146u r\u0101mja atbalstam<\/strong><\/h1>\n<h1 style=\"text-align: center;\"><img loading=\"lazy\" decoding=\"async\" class=\"alignnone size-full wp-image-17127\" src=\"https:\/\/www.hydraulic-cylinders.net\/wp-content\/uploads\/2025\/02\/hcyy11112025-front-cylinder-for-frame-support-2.webp\" alt=\"\" width=\"1499\" height=\"515\" srcset=\"https:\/\/www.hydraulic-cylinders.net\/wp-content\/uploads\/2025\/02\/hcyy11112025-front-cylinder-for-frame-support-2.webp 1499w, https:\/\/www.hydraulic-cylinders.net\/wp-content\/uploads\/2025\/02\/hcyy11112025-front-cylinder-for-frame-support-2-1280x440.webp 1280w, https:\/\/www.hydraulic-cylinders.net\/wp-content\/uploads\/2025\/02\/hcyy11112025-front-cylinder-for-frame-support-2-980x337.webp 980w, https:\/\/www.hydraulic-cylinders.net\/wp-content\/uploads\/2025\/02\/hcyy11112025-front-cylinder-for-frame-support-2-480x165.webp 480w\" sizes=\"(min-width: 0px) and (max-width: 480px) 480px, (min-width: 481px) and (max-width: 980px) 980px, (min-width: 981px) and (max-width: 1280px) 1280px, (min-width: 1281px) 1499px, 100vw\" \/><\/h1>\n<p>The <strong>HCYY11112025 Priek\u0161\u0113jais cilindrs<\/strong> ir b\u016btiska sast\u0101vda\u013ca, kas iev\u0113rojami uzlabo kravas automa\u0161\u012bnu celt\u0146u konstrukcijas integrit\u0101ti un darb\u012bbas efektivit\u0101ti. \u0160is augstas veiktsp\u0113jas cilindrs nodro\u0161ina stabilu atbalstu celt\u0146a r\u0101mim, garant\u0113jot stabilit\u0101ti cel\u0161anas oper\u0101ciju laik\u0101. HCYY11112025, kas izstr\u0101d\u0101ts, lai atbilstu stingr\u0101m da\u017e\u0101du r\u016bpniecisko pielietojumu pras\u012bb\u0101m, ir svar\u012bgs l\u012bdzeklis operatoriem.<\/p>\n<p>HCYY11112025 izce\u013cas ar iespaid\u012bgo kravnes\u012bbu, iztur\u012bgo konstrukciju un prec\u012bzo in\u017eenieriju. T\u0101 korozijiztur\u012bg\u0101s \u012bpa\u0161\u012bbas nodro\u0161ina ilgm\u016b\u017e\u012bbu, savuk\u0101rt vienk\u0101r\u0161ais uzst\u0101d\u012b\u0161anas process padara to neaizst\u0101jamu jebkura kravas automa\u0161\u012bnas celt\u0146a darb\u012bb\u0101.<\/p>\n<p>Veicot regul\u0101ru apkopi un p\u0101rbaudes, operatori var optimiz\u0113t \u0161\u012b svar\u012bg\u0101 komponenta veiktsp\u0113ju un pagarin\u0101t t\u0101 kalpo\u0161anas laiku, nodro\u0161inot dro\u0161as un efekt\u012bvas cel\u0161anas darb\u012bbas. Invest\u012bcijas HCYY11112025 ne tikai uzlabo celt\u0146a iesp\u0113jas, bet ar\u012b palielina t\u0101 uzticam\u012bbu darba apst\u0101k\u013cos, padarot to par gudru izv\u0113li jebkurai darb\u012bbai.<\/p>\n<h2><strong>HCYY11112025 Priek\u0161\u0113jais cilindrs r\u0101mja atbalstam kravas automa\u0161\u012bnu celt\u0146iem Parametrs:<\/strong><\/h2>\n<h1 style=\"text-align: center;\"><img loading=\"lazy\" decoding=\"async\" class=\"alignnone size-full wp-image-17126\" src=\"https:\/\/www.hydraulic-cylinders.net\/wp-content\/uploads\/2025\/02\/hcyy11112025-front-cylinder-for-frame-support-1.webp\" alt=\"\" width=\"1512\" height=\"145\" srcset=\"https:\/\/www.hydraulic-cylinders.net\/wp-content\/uploads\/2025\/02\/hcyy11112025-front-cylinder-for-frame-support-1.webp 1512w, https:\/\/www.hydraulic-cylinders.net\/wp-content\/uploads\/2025\/02\/hcyy11112025-front-cylinder-for-frame-support-1-1280x123.webp 1280w, https:\/\/www.hydraulic-cylinders.net\/wp-content\/uploads\/2025\/02\/hcyy11112025-front-cylinder-for-frame-support-1-980x94.webp 980w, https:\/\/www.hydraulic-cylinders.net\/wp-content\/uploads\/2025\/02\/hcyy11112025-front-cylinder-for-frame-support-1-480x46.webp 480w\" sizes=\"(min-width: 0px) and (max-width: 480px) 480px, (min-width: 481px) and (max-width: 980px) 980px, (min-width: 981px) and (max-width: 1280px) 1280px, (min-width: 1281px) 1512px, 100vw\" \/><img loading=\"lazy\" decoding=\"async\" class=\"alignnone size-full wp-image-17128\" src=\"https:\/\/www.hydraulic-cylinders.net\/wp-content\/uploads\/2025\/02\/hcyy11112025-front-cylinder-for-frame-support-3.webp\" alt=\"\" width=\"1471\" height=\"704\" srcset=\"https:\/\/www.hydraulic-cylinders.net\/wp-content\/uploads\/2025\/02\/hcyy11112025-front-cylinder-for-frame-support-3.webp 1471w, https:\/\/www.hydraulic-cylinders.net\/wp-content\/uploads\/2025\/02\/hcyy11112025-front-cylinder-for-frame-support-3-1280x613.webp 1280w, https:\/\/www.hydraulic-cylinders.net\/wp-content\/uploads\/2025\/02\/hcyy11112025-front-cylinder-for-frame-support-3-980x469.webp 980w, https:\/\/www.hydraulic-cylinders.net\/wp-content\/uploads\/2025\/02\/hcyy11112025-front-cylinder-for-frame-support-3-480x230.webp 480w\" sizes=\"(min-width: 0px) and (max-width: 480px) 480px, (min-width: 481px) and (max-width: 980px) 980px, (min-width: 981px) and (max-width: 1280px) 1280px, (min-width: 1281px) 1471px, 100vw\" \/> <img loading=\"lazy\" decoding=\"async\" class=\"alignnone size-full wp-image-17129\" src=\"https:\/\/www.hydraulic-cylinders.net\/wp-content\/uploads\/2025\/02\/hcyy11112025-front-cylinder-for-frame-support-4.webp\" alt=\"\" width=\"1476\" height=\"701\" srcset=\"https:\/\/www.hydraulic-cylinders.net\/wp-content\/uploads\/2025\/02\/hcyy11112025-front-cylinder-for-frame-support-4.webp 1476w, https:\/\/www.hydraulic-cylinders.net\/wp-content\/uploads\/2025\/02\/hcyy11112025-front-cylinder-for-frame-support-4-1280x608.webp 1280w, https:\/\/www.hydraulic-cylinders.net\/wp-content\/uploads\/2025\/02\/hcyy11112025-front-cylinder-for-frame-support-4-980x465.webp 980w, https:\/\/www.hydraulic-cylinders.net\/wp-content\/uploads\/2025\/02\/hcyy11112025-front-cylinder-for-frame-support-4-480x228.webp 480w\" sizes=\"(min-width: 0px) and (max-width: 480px) 480px, (min-width: 481px) and (max-width: 980px) 980px, (min-width: 981px) and (max-width: 1280px) 1280px, (min-width: 1281px) 1476px, 100vw\" \/> <img loading=\"lazy\" decoding=\"async\" class=\"alignnone size-full wp-image-17130\" src=\"https:\/\/www.hydraulic-cylinders.net\/wp-content\/uploads\/2025\/02\/hcyy11112025-front-cylinder-for-frame-support-5.webp\" alt=\"\" width=\"1410\" height=\"676\" srcset=\"https:\/\/www.hydraulic-cylinders.net\/wp-content\/uploads\/2025\/02\/hcyy11112025-front-cylinder-for-frame-support-5.webp 1410w, https:\/\/www.hydraulic-cylinders.net\/wp-content\/uploads\/2025\/02\/hcyy11112025-front-cylinder-for-frame-support-5-1280x614.webp 1280w, https:\/\/www.hydraulic-cylinders.net\/wp-content\/uploads\/2025\/02\/hcyy11112025-front-cylinder-for-frame-support-5-980x470.webp 980w, https:\/\/www.hydraulic-cylinders.net\/wp-content\/uploads\/2025\/02\/hcyy11112025-front-cylinder-for-frame-support-5-480x230.webp 480w\" sizes=\"(min-width: 0px) and (max-width: 480px) 480px, (min-width: 481px) and (max-width: 980px) 980px, (min-width: 981px) and (max-width: 1280px) 1280px, (min-width: 1281px) 1410px, 100vw\" \/><\/h1>\n<h2><strong>Cilindru s\u0113rija kravas automa\u0161\u012bnu celt\u0146iem:<\/strong><\/h2>\n<h2><img loading=\"lazy\" decoding=\"async\" class=\"alignnone size-full wp-image-17123\" src=\"https:\/\/www.hydraulic-cylinders.net\/wp-content\/uploads\/2025\/02\/cylinder-series-for-truck-cranes-2.webp\" alt=\"\" width=\"1240\" height=\"825\" srcset=\"https:\/\/www.hydraulic-cylinders.net\/wp-content\/uploads\/2025\/02\/cylinder-series-for-truck-cranes-2.webp 1240w, https:\/\/www.hydraulic-cylinders.net\/wp-content\/uploads\/2025\/02\/cylinder-series-for-truck-cranes-2-980x652.webp 980w, https:\/\/www.hydraulic-cylinders.net\/wp-content\/uploads\/2025\/02\/cylinder-series-for-truck-cranes-2-480x319.webp 480w\" sizes=\"(min-width: 0px) and (max-width: 480px) 480px, (min-width: 481px) and (max-width: 980px) 980px, (min-width: 981px) 1240px, 100vw\" \/><\/h2>\n<h2><strong>HCYY11112025 priek\u0161\u0113j\u0101 cilindra r\u0101mja atbalstam kravas automa\u0161\u012bnu celt\u0146iem galven\u0101s iez\u012bmes:<\/strong><\/h2>\n<h4><strong>Augsta kravnes\u012bba<\/strong><\/h4>\n<p>The <strong>HCYY11112025<\/strong> ir r\u016bp\u012bgi izstr\u0101d\u0101ts, lai iztur\u0113tu iev\u0113rojamu svaru, padarot to par ide\u0101lu izv\u0113li sare\u017e\u0123\u012btiem smagu kravu cel\u0161anas scen\u0101rijiem. \u0160\u012b augst\u0101 kravnes\u012bba nodro\u0161ina, ka operatori var p\u0101rliecino\u0161i tikt gal\u0101 ar lieliem materi\u0101liem, s\u0101kot no celtniec\u012bbas apr\u012bkojuma l\u012bdz r\u016bpniecisk\u0101m deta\u013c\u0101m, neapdraudot dro\u0161\u012bbu vai veiktsp\u0113ju. T\u0101 iztur\u012bg\u0101 konstrukcija samazina boj\u0101jumu risku, nodro\u0161inot efekt\u012bv\u0101ku darb\u012bbu augstspiediena vid\u0113.<\/p>\n<h4><strong>Iztur\u012bga konstrukcija<\/strong><\/h4>\n<p>Izgatavots no augst\u0101k\u0101s kvalit\u0101tes materi\u0101liem, HCYY11112025 lepojas ar konstrukciju, kas ir iztur\u012bga pret nodilumu, nodro\u0161inot izcilu ilgm\u016b\u017e\u012bbu pat vissare\u017e\u0123\u012bt\u0101kajos apst\u0101k\u013cos. \u0160\u012b iztur\u012bba noz\u012bm\u0113 ret\u0101ku nomai\u0146u un remontu, kas savuk\u0101rt samazina uz\u0146\u0113mumu ekspluat\u0101cijas izmaksas. Izturot ekstrem\u0101las temperat\u016bras, lielas slodzes un skarbus vides faktorus, \u0161is cilindrs ir rad\u012bts, lai darbotos uzticami dienu no dienas.<\/p>\n<h4><strong>Korozijas iztur\u012bba<\/strong><\/h4>\n<p>Apr\u012bkots ar specializ\u0113tu aizsargp\u0101rkl\u0101jumu, HCYY11112025 efekt\u012bvi nov\u0113r\u0161 r\u016bsu un koroziju, kas ir svar\u012bgi, lai laika gait\u0101 saglab\u0101tu nemain\u012bgu veiktsp\u0113ju. \u0160\u012b funkcija ir \u012bpa\u0161i noder\u012bga celt\u0146iem, kas darbojas mitr\u0101 vai kod\u012bg\u0101 vid\u0113, piem\u0113ram, piekrastes zon\u0101s vai r\u016bpniec\u012bbas objektos. Aizsarg\u0101jot cilindru no elementu kait\u012bg\u0101s ietekmes, operatori var justies mier\u012bgi, zinot, ka vi\u0146u apr\u012bkojums saglab\u0101s savu integrit\u0101ti un funkcionalit\u0101ti, uzlabojot kop\u0113jo darb\u012bbas efektivit\u0101ti.<\/p>\n<h4><strong>Vienk\u0101r\u0161a uzst\u0101d\u012b\u0161ana<\/strong><\/h4>\n<p>HCYY11112025 ir paredz\u0113ts vienk\u0101r\u0161ai integr\u0101cijai eso\u0161aj\u0101s celt\u0146u sist\u0113m\u0101s, kas iev\u0113rojami samazina d\u012bkst\u0101ves laiku uzst\u0101d\u012b\u0161anas laik\u0101. Operatori var \u0101tri nomain\u012bt vecos cilindrus ar HCYY11112025, \u013caujot vi\u0146iem atgriezties darb\u0101 bez ilgsto\u0161iem p\u0101rtraukumiem. \u0160is lietot\u0101jam draudz\u012bgais uzst\u0101d\u012b\u0161anas process ne tikai ietaupa laiku, bet ar\u012b samazina darbasp\u0113ka izmaksas, padarot to par pievilc\u012bgu iesp\u0113ju uz\u0146\u0113mumiem, kas v\u0113las racionaliz\u0113t savu darb\u012bbu.<\/p>\n<h4><strong>Prec\u012bzijas in\u017eenierija<\/strong><\/h4>\n<p>Izgatavots atbilsto\u0161i prec\u012bz\u0101m specifik\u0101cij\u0101m, HCYY11112025 nodro\u0161ina optim\u0101lu veiktsp\u0113ju un sader\u012bbu ar pla\u0161u kravas automa\u0161\u012bnu celt\u0146u mode\u013cu kl\u0101stu. \u0160\u012b prec\u012bz\u0101 in\u017eenierija nodro\u0161ina vienm\u0113r\u012bg\u0101ku darb\u012bbu un liel\u0101ku uzticam\u012bbu, jo cilindrs neman\u0101mi iek\u013caujas celt\u0146a hidrauliskaj\u0101 sist\u0113m\u0101. Operatori var pa\u013cauties, ka katrs pacel\u0161anas g\u0101jiens tiks veikts prec\u012bzi, uzlabojot gan dro\u0161\u012bbu, gan efektivit\u0101ti darba viet\u0101. Invest\u0113jot t\u0101d\u0101 r\u016bp\u012bgi izstr\u0101d\u0101t\u0101 komponent\u0101 k\u0101 HCYY11112025, uz\u0146\u0113mumi var paaugstin\u0101t savus darb\u012bbas standartus un sasniegt izcilus rezult\u0101tus.<\/p>\n<h2><strong>K\u0101da loma priek\u0161\u0113j\u0101 cilindra r\u0101mja atbalstam ir kravas automa\u0161\u012bnu celt\u0146u stabilit\u0101tes uzlabo\u0161an\u0101 cel\u0161anas laik\u0101?<\/strong><\/h2>\n<p>The <strong>Priek\u0161\u0113jais cilindrs r\u0101mja atbalstam<\/strong> ir galven\u0101 sast\u0101vda\u013ca, kas iev\u0113rojami uzlabo kravas automa\u0161\u012bnu celt\u0146u stabilit\u0101ti cel\u0161anas oper\u0101ciju laik\u0101. T\u0101s ietekmi var izp\u0113t\u012bt, izmantojot vair\u0101kas kritiskas funkcijas:<\/p>\n<h4><strong>1. Svara sadal\u012bjums<\/strong><\/h4>\n<ul>\n<li>Priek\u0161\u0113jam cilindram ir iz\u0161\u0137iro\u0161a noz\u012bme vienm\u0113r\u012bg\u0101 slodzes sadal\u0113 pa celt\u0146a r\u0101mi. \u0160is l\u012bdzsvarotais sadal\u012bjums ir vit\u0101li svar\u012bgs, jo \u012bpa\u0161i, str\u0101d\u0101jot ar smag\u0101m vai nevienm\u0113r\u012bg\u0101m krav\u0101m, jo \u200b\u200btas nov\u0113r\u0161 p\u0101rm\u0113r\u012bgu slodzi nevien\u0101 punkt\u0101. Saglab\u0101jot l\u012bdzsvaru, cilindrs pal\u012bdz celtnim darboties efekt\u012bvi un samazina konstrukcijas boj\u0101jumu risku.<\/li>\n<\/ul>\n<h4><strong>2. Konstrukcijas stiegro\u0161ana<\/strong><\/h4>\n<ul>\n<li>Darbojoties k\u0101 galvenais konstrukcijas elements, priek\u0161\u0113jais cilindrs nostiprina celt\u0146a r\u0101mja kop\u0113jo integrit\u0101ti. \u0160is pastiprin\u0101jums ir b\u016btisks, lai nov\u0113rstu saliek\u0161anos vai liecienus slodzes laik\u0101, kas var izrais\u012bt nestabilit\u0101ti. Ar iztur\u012bgu r\u0101mi celtnis var p\u0101rliecino\u0161i veikt da\u017e\u0101dus cel\u0161anas uzdevumus, nodro\u0161inot uzticam\u012bbu un ilgm\u016b\u017e\u012bbu.<\/li>\n<\/ul>\n<h4><strong>3. Triecienu absorbcija<\/strong><\/h4>\n<ul>\n<li>Viena no cilindra svar\u012bg\u0101kaj\u0101m funkcij\u0101m ir t\u0101 sp\u0113ja absorb\u0113t triecienus un vibr\u0101cijas, kas rodas pacel\u0161anas un nolai\u0161anas laik\u0101. Sl\u0101p\u0113jot \u0161os sp\u0113kus, cilindrs samazina to ietekmi uz celt\u0146a konstrukciju. \u0160\u012b triecienu absorbcija ne tikai uzlabo stabilit\u0101ti, bet ar\u012b veicina vienm\u0113r\u012bg\u0101ku darb\u012bbu, samazinot apr\u012bkojuma nodilumu.<\/li>\n<\/ul>\n<h4><strong>4. Uzlabota kontrole<\/strong><\/h4>\n<ul>\n<li>Priek\u0161\u0113j\u0101 cilindra nodro\u0161in\u0101tais uzticamais atbalsts uzlabo celt\u0146a kontroli cel\u0161anas manevru laik\u0101. Operatori g\u016bst labumu no paaugstin\u0101tas precizit\u0101tes, kas \u013cauj vi\u0146iem veikt delik\u0101tas kust\u012bbas, nerisk\u0113jot apg\u0101zties vai zaud\u0113t l\u012bdzsvaru. \u0160\u012b uzlabot\u0101 vad\u012bba ir \u012bpa\u0161i izdev\u012bga sare\u017e\u0123\u012bt\u0101s cel\u0161anas situ\u0101cij\u0101s, kur precizit\u0101te ir \u0101rk\u0101rt\u012bgi svar\u012bga.<\/li>\n<\/ul>\n<h4><strong>5. Pastiprin\u0101ta dro\u0161\u012bba<\/strong><\/h4>\n<ul>\n<li>Stabilit\u0101te ir tie\u0161i saist\u012bta ar dro\u0161\u012bbu darba viet\u0101. Labi atbalst\u012bts celtnis iev\u0113rojami samazina negad\u012bjumu un traumu risku, aizsarg\u0101jot gan operatorus, gan blakus eso\u0161os. Priek\u0161\u0113j\u0101 cilindra kritisk\u0101 loma stabilit\u0101tes uztur\u0113\u0161an\u0101 nodro\u0161ina, ka cel\u0161anas darb\u012bbas var veikt ar p\u0101rliec\u012bbu, veicinot dro\u0161\u0101ku darba vidi.<\/li>\n<\/ul>\n<h4><strong>6. Darb\u012bbas efektivit\u0101te<\/strong><\/h4>\n<ul>\n<li>Nodro\u0161inot stabilit\u0101ti un kontroli, priek\u0161\u0113jais cilindrs veicina liel\u0101ku darb\u012bbas efektivit\u0101ti. Celt\u0146i var \u0101tr\u0101k un prec\u012bz\u0101k veikt cel\u0161anas uzdevumus, t\u0101d\u0113j\u0101di uzlabojot produktivit\u0101ti. \u0160\u012b efektivit\u0101te ne tikai ietaupa laiku, bet ar\u012b samazina ekspluat\u0101cijas izmaksas, padarot to par v\u0113rt\u012bgu ieguld\u012bjumu jebkur\u0101 celt\u0146a darb\u012bb\u0101.<\/li>\n<\/ul>\n<p>Rezum\u0113jot, <strong>Priek\u0161\u0113jais cilindrs r\u0101mja atbalstam<\/strong> ir neaizst\u0101jams, lai uzlabotu kravas automa\u0161\u012bnu celt\u0146u stabilit\u0101ti un dro\u0161\u012bbu cel\u0161anas oper\u0101ciju laik\u0101. T\u0101 funkcijas \u2014 svara sadal\u012bjums, konstrukcijas pastiprin\u0101\u0161ana, triecienu absorbcija, uzlabota vad\u012bba un kop\u0113j\u0101 darb\u012bbas efektivit\u0101te \u2014 kop\u0101 rada uzticamu cel\u0161anas risin\u0101jumu. Invest\u012bcijas kvalitat\u012bv\u0101 priek\u0161\u0113j\u0101 cilindr\u0101 ne tikai optimiz\u0113 veiktsp\u0113ju, bet ar\u012b nodro\u0161ina dro\u0161\u0101ku un produkt\u012bv\u0101ku darba vietu.<\/p>\n<h2><strong>Iekr\u0101v\u0113ja cilindru ra\u017eo\u0161anas zona:<\/strong><\/h2>\n<h2><img loading=\"lazy\" decoding=\"async\" class=\"alignnone size-full wp-image-16972\" src=\"https:\/\/www.hydraulic-cylinders.net\/wp-content\/uploads\/2025\/01\/hydraulic-cylinder-factory-1-scaled.webp\" alt=\"\" width=\"2016\" height=\"2560\" srcset=\"https:\/\/www.hydraulic-cylinders.net\/wp-content\/uploads\/2025\/01\/hydraulic-cylinder-factory-1-scaled.webp 2016w, https:\/\/www.hydraulic-cylinders.net\/wp-content\/uploads\/2025\/01\/hydraulic-cylinder-factory-1-1280x1625.webp 1280w, https:\/\/www.hydraulic-cylinders.net\/wp-content\/uploads\/2025\/01\/hydraulic-cylinder-factory-1-980x1244.webp 980w, https:\/\/www.hydraulic-cylinders.net\/wp-content\/uploads\/2025\/01\/hydraulic-cylinder-factory-1-480x610.webp 480w\" sizes=\"(min-width: 0px) and (max-width: 480px) 480px, (min-width: 481px) and (max-width: 980px) 980px, (min-width: 981px) and (max-width: 1280px) 1280px, (min-width: 1281px) 2016px, 100vw\" \/><\/h2>\n<p>M\u0113s lepojamies ar modernu neatkar\u012bgu p\u0113tniec\u012bbas un att\u012bst\u012bbas platformu, kas velt\u012bta mont\u0101\u017eai, nodro\u0161inot augst\u0101k\u0101 l\u012bme\u0146a inov\u0101cijas un kvalit\u0101ti m\u016bsu ra\u017eo\u0161anas procesos. M\u016bsu iekr\u0101v\u0113ju cilindru ra\u017eo\u0161anas darbn\u012bc\u0101 ir \u010detras pusautom\u0101tiskas pacel\u0161anas cilindru mont\u0101\u017eas l\u012bnijas un piln\u012bb\u0101 autom\u0101tiska noliecamo cilindru mont\u0101\u017eas l\u012bnija, kas kop\u0101 ir paredz\u0113tas, lai sara\u017eotu l\u012bdz pat vienam miljonam vien\u012bbu gad\u0101.<\/p>\n<p>Turkl\u0101t m\u016bsu specializ\u0113t\u0101 cilindru darbn\u012bca ir apr\u012bkota ar pusautom\u0101tisk\u0101m t\u012br\u012b\u0161anas un mont\u0101\u017eas sist\u0113m\u0101m, kas piel\u0101gotas da\u017e\u0101d\u0101m specifik\u0101cij\u0101m, ar gada ra\u017eo\u0161anas jaudu 200\u00a0000 vien\u012bbu. M\u0113s izmantojam atz\u012btas CNC iek\u0101rtas, apstr\u0101des centrus un specializ\u0113tus instrumentus augstas precizit\u0101tes cilindru apstr\u0101dei. M\u016bsu iek\u0101rt\u0101s ir ar\u012b modernas robotiz\u0113tas metin\u0101\u0161anas iek\u0101rtas, autom\u0101tisk\u0101s t\u012br\u012b\u0161anas sist\u0113mas un piln\u012bb\u0101 automatiz\u0113tas cilindru mont\u0101\u017eas un kr\u0101so\u0161anas l\u012bnijas. Ar vair\u0101k nek\u0101 300 galvenaj\u0101m iek\u0101rt\u0101m, kas darbojas, m\u0113s optimiz\u0113jam resursu sadali un nodro\u0161in\u0101m efekt\u012bvu izmanto\u0161anu, iev\u0113rojot stingrus precizit\u0101tes un kvalit\u0101tes standartus.<\/p>\n<p>M\u016bsu apstr\u0101des ceh\u0101 ir piel\u0101goti sl\u012bpo vadot\u0146u slie\u017eu virpo\u0161anas centri, apstr\u0101des centri, \u0101trgaitas asin\u0101\u0161anas ma\u0161\u012bnas, metin\u0101\u0161anas roboti un cits svar\u012bgs apr\u012bkojums. \u0160\u012b iek\u0101rta \u013cauj mums apstr\u0101d\u0101t cilindriskas caurules ar maksim\u0101lo iek\u0161\u0113jo diametru 400 mm un garumu l\u012bdz 6 metriem, v\u0113l vair\u0101k uzlabojot m\u016bsu ra\u017eo\u0161anas jaudas.<\/p>\n<h2><img loading=\"lazy\" decoding=\"async\" class=\"alignnone size-full wp-image-16973\" src=\"https:\/\/www.hydraulic-cylinders.net\/wp-content\/uploads\/2025\/01\/hydraulic-cylinder-factory-2-scaled.webp\" alt=\"\" width=\"2011\" height=\"2560\" srcset=\"https:\/\/www.hydraulic-cylinders.net\/wp-content\/uploads\/2025\/01\/hydraulic-cylinder-factory-2-scaled.webp 2011w, https:\/\/www.hydraulic-cylinders.net\/wp-content\/uploads\/2025\/01\/hydraulic-cylinder-factory-2-1280x1629.webp 1280w, https:\/\/www.hydraulic-cylinders.net\/wp-content\/uploads\/2025\/01\/hydraulic-cylinder-factory-2-980x1248.webp 980w, https:\/\/www.hydraulic-cylinders.net\/wp-content\/uploads\/2025\/01\/hydraulic-cylinder-factory-2-480x611.webp 480w\" sizes=\"(min-width: 0px) and (max-width: 480px) 480px, (min-width: 481px) and (max-width: 980px) 980px, (min-width: 981px) and (max-width: 1280px) 1280px, (min-width: 1281px) 2011px, 100vw\" \/><\/h2>\n<p>M\u0113s izmantojam piln\u012bb\u0101 autom\u0101tisku \u016bdens b\u0101zes kr\u0101so\u0161anas l\u012bniju, kas \u012bpa\u0161i paredz\u0113ta maziem un vid\u0113jiem baloniem, ar automatiz\u0113tiem iekrau\u0161anas, izkrau\u0161anas un izsmidzin\u0101\u0161anas robotiem. \u0160\u012b modern\u0101 sist\u0113ma lepojas ar ra\u017eo\u0161anas jaudu 4000 vien\u012bbu mai\u0146\u0101. Turkl\u0101t mums ir pusautom\u0101tiska kr\u0101so\u0161anas l\u012bnija lielizm\u0113ra baloniem, ko darbina \u0137\u0113des piedzi\u0146a, ar projekt\u0113to jaudu 60 kastes mai\u0146\u0101.<\/p>\n<p>Lai uzlabotu produktu veiktsp\u0113ju un nostiprin\u0101tu m\u016bsu l\u012bderpoz\u012bcijas hidraulisko cilindru nozar\u0113, m\u0113s sadarbojamies ar ZJIMEE, lai izveidotu visaptvero\u0161u veiktsp\u0113jas laboratoriju, kas velt\u012bta hidrauliskajiem cilindriem, v\u0101rstiem un s\u016bk\u0146iem. \u0160\u012b modern\u0101 laboratorija izmanto datoriz\u0113tu test\u0113\u0161anu ar elektrohidraulisko tehnolo\u0123iju, \u013caujot izmantot iepriek\u0161 iestat\u012btus testa apst\u0101k\u013cus, kas uzlabo precizit\u0101ti un sist\u0113mas daudzpus\u012bbu. Automatiz\u0113taj\u0101 datu v\u0101k\u0161anas proces\u0101 tiek izmantoti sensori, lai apkopotu izejas datus, piem\u0113ram, iek\u0161\u0113jo nopl\u016bdi un slodzes efektivit\u0101ti, kurus p\u0113c tam apstr\u0101d\u0101 dators un konvert\u0113 standarta m\u0113rvien\u012bb\u0101s (ml\/min%).<\/p>\n<p>Turkl\u0101t, lai nodro\u0161in\u0101tu m\u016bsu hidraulisko sist\u0113mu dro\u0161\u012bbu, m\u0113s ievie\u0161am galveno veiktsp\u0113jas parametru, tostarp e\u013c\u013cas temperat\u016bras, \u0161\u0137idruma l\u012bme\u0146a un filtra ier\u012bces st\u0101vok\u013ca, uzraudz\u012bbu. M\u016bsu hidraulisko cilindru testa stends sp\u0113j nov\u0113rt\u0113t \u201cslodzes efektivit\u0101ti\u201d un \u201ciek\u0161\u0113jo nopl\u016bdi\u201d, izmantojot prec\u012bzus r\u0101d\u012bjumus. Tas ir apr\u012bkots ar\u012b ar re\u017e\u0123veida m\u0113rinstrumentu, kas atbilst valsts standartiem, nodro\u0161inot atbilst\u012bbu vis\u0101m hidraulisko cilindru izstr\u0101d\u0101jumu test\u0113\u0161anas pras\u012bb\u0101m.<\/p>\n<p>&nbsp;<\/p>","protected":false},"excerpt":{"rendered":"<p>HCYY11112025 Front Cylinder For Frame Support For Truck Cranes The HCYY11112025 Front Cylinder is an essential component that significantly enhances the structural integrity and operational efficiency of truck cranes. This high-performance cylinder delivers robust support for the crane&#8217;s frame, ensuring stability during lifting operations. Engineered to meet the stringent demands of various industrial applications, the [&hellip;]<\/p>","protected":false},"featured_media":17131,"comment_status":"open","ping_status":"closed","template":"","meta":{"_et_pb_use_builder":"","_et_pb_old_content":"","_et_gb_content_width":""},"product_brand":[],"product_cat":[1514,1549,1376],"product_tag":[],"class_list":{"0":"post-17125","1":"product","2":"type-product","3":"status-publish","4":"has-post-thumbnail","6":"product_cat-mobile-crane-hydraulic-cylinders","7":"product_cat-single-acting-hydraulic-cylinder","8":"product_cat-hydraulic-cylinder","10":"first","11":"instock","12":"shipping-taxable","13":"product-type-simple"},"amp_enabled":true,"_links":{"self":[{"href":"https:\/\/www.hydraulic-cylinders.net\/lv\/wp-json\/wp\/v2\/product\/17125","targetHints":{"allow":["GET"]}}],"collection":[{"href":"https:\/\/www.hydraulic-cylinders.net\/lv\/wp-json\/wp\/v2\/product"}],"about":[{"href":"https:\/\/www.hydraulic-cylinders.net\/lv\/wp-json\/wp\/v2\/types\/product"}],"replies":[{"embeddable":true,"href":"https:\/\/www.hydraulic-cylinders.net\/lv\/wp-json\/wp\/v2\/comments?post=17125"}],"wp:featuredmedia":[{"embeddable":true,"href":"https:\/\/www.hydraulic-cylinders.net\/lv\/wp-json\/wp\/v2\/media\/17131"}],"wp:attachment":[{"href":"https:\/\/www.hydraulic-cylinders.net\/lv\/wp-json\/wp\/v2\/media?parent=17125"}],"wp:term":[{"taxonomy":"product_brand","embeddable":true,"href":"https:\/\/www.hydraulic-cylinders.net\/lv\/wp-json\/wp\/v2\/product_brand?post=17125"},{"taxonomy":"product_cat","embeddable":true,"href":"https:\/\/www.hydraulic-cylinders.net\/lv\/wp-json\/wp\/v2\/product_cat?post=17125"},{"taxonomy":"product_tag","embeddable":true,"href":"https:\/\/www.hydraulic-cylinders.net\/lv\/wp-json\/wp\/v2\/product_tag?post=17125"}],"curies":[{"name":"wp","href":"https:\/\/api.w.org\/{rel}","templated":true}]}}