{"id":17140,"date":"2025-02-07T02:31:10","date_gmt":"2025-02-07T02:31:10","guid":{"rendered":"https:\/\/www.hydraulic-cylinders.net\/?post_type=product&#038;p=17140"},"modified":"2025-04-11T01:52:02","modified_gmt":"2025-04-11T01:52:02","slug":"hcyy11112027-behind-cylinder-for-frame-support-for-truck-cranes","status":"publish","type":"product","link":"https:\/\/www.hydraulic-cylinders.net\/lv\/products\/hcyy11112027-behind-cylinder-for-frame-support-for-truck-cranes\/","title":{"rendered":"HCYY11112027 Aiz cilindra r\u0101mja atbalstam kravas automa\u0161\u012bnu celt\u0146iem"},"content":{"rendered":"<h1 style=\"text-align: center;\"><strong>HCYY11112027 Aiz cilindra r\u0101mja atbalstam kravas automa\u0161\u012bnu celt\u0146iem<\/strong><\/h1>\n<h1 style=\"text-align: center;\"><img loading=\"lazy\" decoding=\"async\" class=\"alignnone size-full wp-image-17142\" src=\"https:\/\/www.hydraulic-cylinders.net\/wp-content\/uploads\/2025\/02\/hcyy11112027-behind-cylinder-for-frame-support-2.webp\" alt=\"\" width=\"1496\" height=\"517\" srcset=\"https:\/\/www.hydraulic-cylinders.net\/wp-content\/uploads\/2025\/02\/hcyy11112027-behind-cylinder-for-frame-support-2.webp 1496w, https:\/\/www.hydraulic-cylinders.net\/wp-content\/uploads\/2025\/02\/hcyy11112027-behind-cylinder-for-frame-support-2-1280x442.webp 1280w, https:\/\/www.hydraulic-cylinders.net\/wp-content\/uploads\/2025\/02\/hcyy11112027-behind-cylinder-for-frame-support-2-980x339.webp 980w, https:\/\/www.hydraulic-cylinders.net\/wp-content\/uploads\/2025\/02\/hcyy11112027-behind-cylinder-for-frame-support-2-480x166.webp 480w\" sizes=\"(min-width: 0px) and (max-width: 480px) 480px, (min-width: 481px) and (max-width: 980px) 980px, (min-width: 981px) and (max-width: 1280px) 1280px, (min-width: 1281px) 1496px, 100vw\" \/><\/h1>\n<p>The <strong>Aizmugur\u0113jais cilindrs kravas automa\u0161\u012bnu celt\u0146u r\u0101mja atbalstam<\/strong> ir kritiski svar\u012bga sast\u0101vda\u013ca, kas iev\u0113rojami uzlabo kravas automa\u0161\u012bnu celt\u0146u stabilit\u0101ti un darb\u012bbas efektivit\u0101ti. \u0160is iztur\u012bgais cilindrs ir vit\u0101li svar\u012bgs celt\u0146a r\u0101mja atbalstam, \u013caujot dro\u0161i un efekt\u012bvi p\u0101rvald\u012bt smagas kravas.<\/p>\n<p>Ar savu augsto kravnes\u012bbu, iztur\u012bgo konstrukciju un vienk\u0101r\u0161o uzst\u0101d\u012b\u0161anu aizmugur\u0113jais cilindrs uzlabo gan celt\u0146a stabilit\u0101ti, gan dro\u0161\u012bbu cel\u0161anas oper\u0101ciju laik\u0101. Pareizas lieto\u0161anas un apkopes protokolu iev\u0113ro\u0161ana nodro\u0161ina uzticamu darb\u012bbu un pagarina \u0161\u012b svar\u012bg\u0101 apr\u012bkojuma kalpo\u0161anas laiku.<\/p>\n<p>Ieguld\u012bjumi \u0161aj\u0101 cilindr\u0101 ne tikai palielina darb\u012bbas efektivit\u0101ti, bet ar\u012b uzlabo dro\u0161\u012bbu darba viet\u0101, padarot to par neaizst\u0101jamu izv\u0113li jebkurai celt\u0146a darb\u012bbai.<\/p>\n<h2><strong>HCYY11112027 Aiz cilindra r\u0101mja atbalstam kravas automa\u0161\u012bnu celt\u0146iem Parametrs:<\/strong><\/h2>\n<h1 style=\"text-align: center;\"><img loading=\"lazy\" decoding=\"async\" class=\"alignnone size-full wp-image-17141\" src=\"https:\/\/www.hydraulic-cylinders.net\/wp-content\/uploads\/2025\/02\/hcyy11112027-behind-cylinder-for-frame-support-1.webp\" alt=\"\" width=\"1514\" height=\"145\" srcset=\"https:\/\/www.hydraulic-cylinders.net\/wp-content\/uploads\/2025\/02\/hcyy11112027-behind-cylinder-for-frame-support-1.webp 1514w, https:\/\/www.hydraulic-cylinders.net\/wp-content\/uploads\/2025\/02\/hcyy11112027-behind-cylinder-for-frame-support-1-1280x123.webp 1280w, https:\/\/www.hydraulic-cylinders.net\/wp-content\/uploads\/2025\/02\/hcyy11112027-behind-cylinder-for-frame-support-1-980x94.webp 980w, https:\/\/www.hydraulic-cylinders.net\/wp-content\/uploads\/2025\/02\/hcyy11112027-behind-cylinder-for-frame-support-1-480x46.webp 480w\" sizes=\"(min-width: 0px) and (max-width: 480px) 480px, (min-width: 481px) and (max-width: 980px) 980px, (min-width: 981px) and (max-width: 1280px) 1280px, (min-width: 1281px) 1514px, 100vw\" \/><\/h1>\n<h1 style=\"text-align: center;\"><img loading=\"lazy\" decoding=\"async\" class=\"alignnone size-full wp-image-17143\" src=\"https:\/\/www.hydraulic-cylinders.net\/wp-content\/uploads\/2025\/02\/hcyy11112027-behind-cylinder-for-frame-support-3.webp\" alt=\"\" width=\"1476\" height=\"710\" srcset=\"https:\/\/www.hydraulic-cylinders.net\/wp-content\/uploads\/2025\/02\/hcyy11112027-behind-cylinder-for-frame-support-3.webp 1476w, https:\/\/www.hydraulic-cylinders.net\/wp-content\/uploads\/2025\/02\/hcyy11112027-behind-cylinder-for-frame-support-3-1280x616.webp 1280w, https:\/\/www.hydraulic-cylinders.net\/wp-content\/uploads\/2025\/02\/hcyy11112027-behind-cylinder-for-frame-support-3-980x471.webp 980w, https:\/\/www.hydraulic-cylinders.net\/wp-content\/uploads\/2025\/02\/hcyy11112027-behind-cylinder-for-frame-support-3-480x231.webp 480w\" sizes=\"(min-width: 0px) and (max-width: 480px) 480px, (min-width: 481px) and (max-width: 980px) 980px, (min-width: 981px) and (max-width: 1280px) 1280px, (min-width: 1281px) 1476px, 100vw\" \/> <img loading=\"lazy\" decoding=\"async\" class=\"alignnone size-full wp-image-17144\" src=\"https:\/\/www.hydraulic-cylinders.net\/wp-content\/uploads\/2025\/02\/hcyy11112027-behind-cylinder-for-frame-support-4.webp\" alt=\"\" width=\"1472\" height=\"706\" srcset=\"https:\/\/www.hydraulic-cylinders.net\/wp-content\/uploads\/2025\/02\/hcyy11112027-behind-cylinder-for-frame-support-4.webp 1472w, https:\/\/www.hydraulic-cylinders.net\/wp-content\/uploads\/2025\/02\/hcyy11112027-behind-cylinder-for-frame-support-4-1280x614.webp 1280w, https:\/\/www.hydraulic-cylinders.net\/wp-content\/uploads\/2025\/02\/hcyy11112027-behind-cylinder-for-frame-support-4-980x470.webp 980w, https:\/\/www.hydraulic-cylinders.net\/wp-content\/uploads\/2025\/02\/hcyy11112027-behind-cylinder-for-frame-support-4-480x230.webp 480w\" sizes=\"(min-width: 0px) and (max-width: 480px) 480px, (min-width: 481px) and (max-width: 980px) 980px, (min-width: 981px) and (max-width: 1280px) 1280px, (min-width: 1281px) 1472px, 100vw\" \/> <img loading=\"lazy\" decoding=\"async\" class=\"alignnone size-full wp-image-17145\" src=\"https:\/\/www.hydraulic-cylinders.net\/wp-content\/uploads\/2025\/02\/hcyy11112027-behind-cylinder-for-frame-support-5.webp\" alt=\"\" width=\"1371\" height=\"712\" srcset=\"https:\/\/www.hydraulic-cylinders.net\/wp-content\/uploads\/2025\/02\/hcyy11112027-behind-cylinder-for-frame-support-5.webp 1371w, https:\/\/www.hydraulic-cylinders.net\/wp-content\/uploads\/2025\/02\/hcyy11112027-behind-cylinder-for-frame-support-5-1280x665.webp 1280w, https:\/\/www.hydraulic-cylinders.net\/wp-content\/uploads\/2025\/02\/hcyy11112027-behind-cylinder-for-frame-support-5-980x509.webp 980w, https:\/\/www.hydraulic-cylinders.net\/wp-content\/uploads\/2025\/02\/hcyy11112027-behind-cylinder-for-frame-support-5-480x249.webp 480w\" sizes=\"(min-width: 0px) and (max-width: 480px) 480px, (min-width: 481px) and (max-width: 980px) 980px, (min-width: 981px) and (max-width: 1280px) 1280px, (min-width: 1281px) 1371px, 100vw\" \/><\/h1>\n<h2><strong>Cilindru s\u0113rija kravas automa\u0161\u012bnu celt\u0146iem:<\/strong><\/h2>\n<h2><img loading=\"lazy\" decoding=\"async\" class=\"alignnone size-full wp-image-17123\" src=\"https:\/\/www.hydraulic-cylinders.net\/wp-content\/uploads\/2025\/02\/cylinder-series-for-truck-cranes-2.webp\" alt=\"\" width=\"1240\" height=\"825\" srcset=\"https:\/\/www.hydraulic-cylinders.net\/wp-content\/uploads\/2025\/02\/cylinder-series-for-truck-cranes-2.webp 1240w, https:\/\/www.hydraulic-cylinders.net\/wp-content\/uploads\/2025\/02\/cylinder-series-for-truck-cranes-2-980x652.webp 980w, https:\/\/www.hydraulic-cylinders.net\/wp-content\/uploads\/2025\/02\/cylinder-series-for-truck-cranes-2-480x319.webp 480w\" sizes=\"(min-width: 0px) and (max-width: 480px) 480px, (min-width: 481px) and (max-width: 980px) 980px, (min-width: 981px) 1240px, 100vw\" \/><\/h2>\n<h2><strong>HCYY11112027 aiz cilindra r\u0101mja atbalstam kravas automa\u0161\u012bnu celt\u0146iem galven\u0101s iez\u012bmes:<\/strong><\/h2>\n<h4><strong>Augsta kravnes\u012bba<\/strong><\/h4>\n<p>Aizmugur\u0113jais cilindrs, kas izstr\u0101d\u0101ts iev\u0113rojama svara apstr\u0101dei, ir paredz\u0113ts izcilai veiktsp\u0113jai sare\u017e\u0123\u012btos cel\u0161anas apst\u0101k\u013cos. T\u0101 iztur\u012bg\u0101 konstrukcija nodro\u0161ina, ka tas var iztur\u0113t smagas kravas, neapdraudot dro\u0161\u012bbu. \u0160\u012b sp\u0113ja ir \u012bpa\u0161i svar\u012bga b\u016bvniec\u012bbas un r\u016bpniec\u012bbas vid\u0113, kur sp\u0113ja efekt\u012bvi pacelt un p\u0101rvietot lielus materi\u0101lus var tie\u0161i ietekm\u0113t produktivit\u0101ti un projekta laika grafiku.<\/p>\n<h4><strong>Iztur\u012bga konstrukcija<\/strong><\/h4>\n<p>Izgatavots no augstas kvalit\u0101tes materi\u0101liem, \u0161is cilindrs ir iztur\u012bgs pret nodilumu, nodro\u0161inot ilgu kalpo\u0161anas laiku pat skarbos apst\u0101k\u013cos. T\u0101 iztur\u012bba noz\u012bm\u0113 maz\u0101ku nomai\u0146u un remontu skaitu, kas laika gait\u0101 samazina ekspluat\u0101cijas izmaksas. Operatori var pa\u013cauties uz cilindra nemain\u012bgu darb\u012bbu pat sare\u017e\u0123\u012btos apst\u0101k\u013cos, kur var\u0113tu saboj\u0101ties citas sast\u0101vda\u013cas.<\/p>\n<h4><strong>Korozijas iztur\u012bba<\/strong><\/h4>\n<p>Cilindra aizmugur\u0113 ir \u012bpa\u0161s p\u0101rkl\u0101jums, kas aizsarg\u0101 pret r\u016bsu un koroziju, padarot to ide\u0101li piem\u0113rotu lieto\u0161anai skarbos apst\u0101k\u013cos. \u0160\u012b iztur\u012bba pret koroziju ir vit\u0101li svar\u012bga kravas automa\u0161\u012bnu celt\u0146iem, kas bie\u017ei darbojas \u0101rpus telp\u0101m vai viet\u0101s, kur ir mitruma un \u0137\u012bmisku vielu iedarb\u012bba. Nov\u0113r\u0161ot r\u016bsu, p\u0101rkl\u0101jums uzlabo cilindra kalpo\u0161anas laiku un saglab\u0101 t\u0101 veiktsp\u0113ju, nodro\u0161inot, ka tas gadiem ilgi b\u016bs uzticams akt\u012bvs.<\/p>\n<h4><strong>Prec\u012bzijas in\u017eenierija<\/strong><\/h4>\n<p>Izgatavots atbilsto\u0161i prec\u012bz\u0101m specifik\u0101cij\u0101m, aizmugur\u0113jais cilindrs garant\u0113 sader\u012bbu ar da\u017e\u0101diem kravas automa\u0161\u012bnu celt\u0146u mode\u013ciem. \u0160\u012b prec\u012bz\u0101 in\u017eenierija nodro\u0161ina, ka cilindrs neman\u0101mi iek\u013caujas eso\u0161aj\u0101s celt\u0146u sist\u0113m\u0101s, nov\u0113r\u0161ot nepiecie\u0161am\u012bbu p\u0113c pla\u0161\u0101m modifik\u0101cij\u0101m. Operatori g\u016bst labumu no vienk\u0101r\u0161a integr\u0101cijas procesa, kas \u013cauj nekav\u0113joties s\u0101kt lieto\u0161anu bez kav\u0113\u0161an\u0101s vai sare\u017e\u0123\u012bjumiem.<\/p>\n<h4><strong>Vienk\u0101r\u0161a uzst\u0101d\u012b\u0161ana<\/strong><\/h4>\n<p>Aiz cilindra konstrukcija ir izstr\u0101d\u0101ta \u0101trai un vienk\u0101r\u0161ai integr\u0101cijai, un t\u0101 samazina d\u012bkst\u0101ves laiku uzst\u0101d\u012b\u0161anas laik\u0101. T\u0101s lietot\u0101jam draudz\u012bgais dizains \u013cauj operatoriem to uzst\u0101d\u012bt ar minim\u0101lu piep\u016bli, nodro\u0161inot, ka celt\u0146i ir darbsp\u0113j\u012bgi p\u0113c iesp\u0113jas \u0101tr\u0101k. \u0160\u012b vienk\u0101r\u0161\u0101 uzst\u0101d\u012b\u0161ana ir \u012bpa\u0161i noder\u012bga strauji main\u012bg\u0101 vid\u0113, kur laiks ir \u013coti svar\u012bgs, \u013caujot komand\u0101m koncentr\u0113ties uz cel\u0161anas uzdevumiem bez nevajadz\u012bgiem p\u0101rtraukumiem.<\/p>\n<p>Kravas automa\u0161\u012bnu celt\u0146u r\u0101mja atbalsta aizmugur\u0113jais cilindrs izce\u013cas ar iespaid\u012bgaj\u0101m funkcij\u0101m, kas uzlabo stabilit\u0101ti un veiktsp\u0113ju. Katra \u012bpa\u0161\u012bba \u2014 s\u0101kot no augst\u0101s kravnes\u012bbas l\u012bdz iztur\u012bbai pret koroziju \u2014 padara \u0161o cilindru par b\u016btisku sast\u0101vda\u013cu jebkura celt\u0146a darb\u012bb\u0101. Izprotot \u0161\u012bs priek\u0161roc\u012bbas, operatori var nov\u0113rt\u0113t \u0161\u012b apr\u012bkojuma pievienoto v\u0113rt\u012bbu vi\u0146u cel\u0161anas darb\u012bb\u0101m un visp\u0101r\u0113jai dro\u0161\u012bbai.<\/p>\n<h2><strong>K\u0101 aizmugur\u0113jais cilindrs uzlabo stabilit\u0101ti smag\u0101s cel\u0161anas oper\u0101cij\u0101s kravas automa\u0161\u012bnu celt\u0146os?<\/strong><\/h2>\n<p>The <strong>Aiz cilindra<\/strong> iev\u0113rojami uzlabo stabilit\u0101ti smagu cel\u0161anas oper\u0101ciju laik\u0101 ar kravas automa\u0161\u012bnu celt\u0146iem, izmantojot vair\u0101kus kritiski svar\u012bgus meh\u0101nismus:<\/p>\n<h4><strong>1. Svara sadal\u012bjums<\/strong><\/h4>\n<p>Aizmugur\u0113jam cilindram ir b\u016btiska loma, lai nodro\u0161in\u0101tu vienm\u0113r\u012bgu svara sadal\u012bjumu pa visu celt\u0146a r\u0101mi. Vienm\u0113r\u012bgi sadalot slodzi, tas nov\u0113r\u0161 p\u0101rm\u0113r\u012bgu slodzi uz jebkuru atsevi\u0161\u0137u punktu, t\u0101d\u0113j\u0101di samazinot apg\u0101\u0161an\u0101s vai konstrukcijas boj\u0101jumu risku. \u0160\u012b l\u012bdzsvarot\u0101 pieeja ir b\u016btiska, \u012bpa\u0161i ce\u013cot lielas vai ne\u0113rtas formas kravas, jo t\u0101 pal\u012bdz saglab\u0101t celt\u0146a smaguma centru.<\/p>\n<h4><strong>2. Struktur\u0101lais atbalsts<\/strong><\/h4>\n<p>\u0160is cilindrs nodro\u0161ina iztur\u012bgu konstrukcijas atbalstu celt\u0146a r\u0101mim, samazinot deform\u0101ciju un saliek\u0161anos darb\u012bbas laik\u0101. Pastiprinot galven\u0101s zonas, tas uzlabo celt\u0146a kop\u0113jo stingr\u012bbu, kas ir \u013coti svar\u012bgi stabilit\u0101tes saglab\u0101\u0161anai, ce\u013cot smagus svarus. \u0160\u012b papildu iztur\u012bba \u013cauj celtnim darboties p\u0101rliecino\u0161\u0101k sare\u017e\u0123\u012btos apst\u0101k\u013cos, nodro\u0161inot t\u0101 stabilit\u0101ti pat dinamisko kust\u012bbu laik\u0101.<\/p>\n<h4><strong>3. Triecienu absorbcija<\/strong><\/h4>\n<p>Aizmugur\u0113j\u0101 cilindra konstrukcij\u0101 ir iek\u013cautas funkcijas, kas absorb\u0113 triecienus un vibr\u0101cijas, kas rodas cel\u0161anas darb\u012bbu laik\u0101. Sl\u0101p\u0113jot \u0161os sp\u0113kus, cilindrs veicina vienm\u0113r\u012bg\u0101kas un kontrol\u0113t\u0101kas kust\u012bbas. \u0160\u012b triecienu absorbcija ir \u012bpa\u0161i svar\u012bga, manevr\u0113jot ar smag\u0101m krav\u0101m, jo \u200b\u200bt\u0101 samazina p\u0113k\u0161\u0146u gr\u016bdienu iesp\u0113jam\u012bbu, kas var\u0113tu apdraud\u0113t celt\u0146a stabilit\u0101ti un dro\u0161\u012bbu.<\/p>\n<h4><strong>4. Uzlabota kontrole<\/strong><\/h4>\n<p>Ar savu uzticamo atbalstu aizmugur\u0113jais cilindrs \u013cauj operatoriem p\u0101rliecino\u0161i veikt prec\u012bzus manevrus. Uzlabota stabilit\u0101te noz\u012bm\u0113, ka celt\u0146i var saglab\u0101t l\u012bdzsvaru pat p\u0101rvietojot smagas kravas vai p\u0101rvietojoties \u0161aur\u0101s telp\u0101s. \u0160\u012b precizit\u0101te ir \u013coti svar\u012bga sare\u017e\u0123\u012btiem cel\u0161anas uzdevumiem, kur nepiecie\u0161amas prec\u012bzas kust\u012bbas, lai izvair\u012btos no \u0161\u0137\u0113r\u0161\u013ciem un nodro\u0161in\u0101tu materi\u0101lu dro\u0161u novieto\u0161anu.<\/p>\n<h4><strong>5. Dro\u0161\u012bbas garantija<\/strong><\/h4>\n<p>Iev\u0113rojami uzlabojot stabilit\u0101ti, aizmugur\u0113jais cilindrs sp\u0113l\u0113 iz\u0161\u0137iro\u0161u lomu dro\u0161\u012bbas uzlabo\u0161an\u0101 cel\u0161anas oper\u0101ciju laik\u0101. Stabils celtnis samazina negad\u012bjumu, piem\u0113ram, apg\u0101\u0161an\u0101s vai kravas nokri\u0161anas, risku, kas var apdraud\u0113t gan operatorus, gan apk\u0101rt\u0113jos. Stabilit\u0101tes nodro\u0161in\u0101\u0161ana veicina dro\u0161\u0101ku darba vidi, \u013caujot komand\u0101m koncentr\u0113ties uz saviem uzdevumiem, nep\u0101rtraukti neuztraucoties par iesp\u0113jamiem apdraud\u0113jumiem.<\/p>\n<p>Rezum\u0113jot, aizmugur\u0113jais cilindrs ir b\u016btiska sast\u0101vda\u013ca, kas iev\u0113rojami uzlabo kravas automa\u0161\u012bnu celt\u0146u stabilit\u0101ti smagu kravu cel\u0161anas oper\u0101ciju laik\u0101. Pateicoties efekt\u012bvam svara sadal\u012bjumam, konstrukcijas atbalstam, triecienu absorb\u0113\u0161anai, uzlabotai kontrolei un dro\u0161\u012bbas garantijai, tas nodro\u0161ina, ka celt\u0146u operatori var efekt\u012bvi un dro\u0161i veikt savus uzdevumus. Invest\u012bcijas \u0161aj\u0101 svar\u012bgaj\u0101 komponent\u0101 ne tikai uzlabo darb\u012bbas veiktsp\u0113ju, bet ar\u012b veicina dro\u0161\u0101ku darba vidi, padarot to par neaizst\u0101jamu l\u012bdzekli jebkur\u0101 cel\u0161anas oper\u0101cij\u0101.<\/p>\n<h2><strong>Iekr\u0101v\u0113ja cilindru ra\u017eo\u0161anas zona:<\/strong><\/h2>\n<h2><img loading=\"lazy\" decoding=\"async\" class=\"alignnone size-full wp-image-16972\" src=\"https:\/\/www.hydraulic-cylinders.net\/wp-content\/uploads\/2025\/01\/hydraulic-cylinder-factory-1-scaled.webp\" alt=\"\" width=\"2016\" height=\"2560\" srcset=\"https:\/\/www.hydraulic-cylinders.net\/wp-content\/uploads\/2025\/01\/hydraulic-cylinder-factory-1-scaled.webp 2016w, https:\/\/www.hydraulic-cylinders.net\/wp-content\/uploads\/2025\/01\/hydraulic-cylinder-factory-1-1280x1625.webp 1280w, https:\/\/www.hydraulic-cylinders.net\/wp-content\/uploads\/2025\/01\/hydraulic-cylinder-factory-1-980x1244.webp 980w, https:\/\/www.hydraulic-cylinders.net\/wp-content\/uploads\/2025\/01\/hydraulic-cylinder-factory-1-480x610.webp 480w\" sizes=\"(min-width: 0px) and (max-width: 480px) 480px, (min-width: 481px) and (max-width: 980px) 980px, (min-width: 981px) and (max-width: 1280px) 1280px, (min-width: 1281px) 2016px, 100vw\" \/><\/h2>\n<p>M\u0113s lepojamies ar modernu neatkar\u012bgu p\u0113tniec\u012bbas un att\u012bst\u012bbas platformu, kas velt\u012bta mont\u0101\u017eai, nodro\u0161inot augst\u0101k\u0101 l\u012bme\u0146a inov\u0101cijas un kvalit\u0101ti m\u016bsu ra\u017eo\u0161anas procesos. M\u016bsu iekr\u0101v\u0113ju cilindru ra\u017eo\u0161anas darbn\u012bc\u0101 ir \u010detras pusautom\u0101tiskas pacel\u0161anas cilindru mont\u0101\u017eas l\u012bnijas un piln\u012bb\u0101 autom\u0101tiska noliecamo cilindru mont\u0101\u017eas l\u012bnija, kas kop\u0101 ir paredz\u0113tas, lai sara\u017eotu l\u012bdz pat vienam miljonam vien\u012bbu gad\u0101.<\/p>\n<p>Turkl\u0101t m\u016bsu specializ\u0113t\u0101 cilindru darbn\u012bca ir apr\u012bkota ar pusautom\u0101tisk\u0101m t\u012br\u012b\u0161anas un mont\u0101\u017eas sist\u0113m\u0101m, kas piel\u0101gotas da\u017e\u0101d\u0101m specifik\u0101cij\u0101m, ar gada ra\u017eo\u0161anas jaudu 200\u00a0000 vien\u012bbu. M\u0113s izmantojam atz\u012btas CNC iek\u0101rtas, apstr\u0101des centrus un specializ\u0113tus instrumentus augstas precizit\u0101tes cilindru apstr\u0101dei. M\u016bsu iek\u0101rt\u0101s ir ar\u012b modernas robotiz\u0113tas metin\u0101\u0161anas iek\u0101rtas, autom\u0101tisk\u0101s t\u012br\u012b\u0161anas sist\u0113mas un piln\u012bb\u0101 automatiz\u0113tas cilindru mont\u0101\u017eas un kr\u0101so\u0161anas l\u012bnijas. Ar vair\u0101k nek\u0101 300 galvenaj\u0101m iek\u0101rt\u0101m, kas darbojas, m\u0113s optimiz\u0113jam resursu sadali un nodro\u0161in\u0101m efekt\u012bvu izmanto\u0161anu, iev\u0113rojot stingrus precizit\u0101tes un kvalit\u0101tes standartus.<\/p>\n<p>M\u016bsu apstr\u0101des ceh\u0101 ir piel\u0101goti sl\u012bpo vadot\u0146u slie\u017eu virpo\u0161anas centri, apstr\u0101des centri, \u0101trgaitas asin\u0101\u0161anas ma\u0161\u012bnas, metin\u0101\u0161anas roboti un cits svar\u012bgs apr\u012bkojums. \u0160\u012b iek\u0101rta \u013cauj mums apstr\u0101d\u0101t cilindriskas caurules ar maksim\u0101lo iek\u0161\u0113jo diametru 400 mm un garumu l\u012bdz 6 metriem, v\u0113l vair\u0101k uzlabojot m\u016bsu ra\u017eo\u0161anas jaudas.<\/p>\n<h2><img loading=\"lazy\" decoding=\"async\" class=\"alignnone size-full wp-image-16973\" src=\"https:\/\/www.hydraulic-cylinders.net\/wp-content\/uploads\/2025\/01\/hydraulic-cylinder-factory-2-scaled.webp\" alt=\"\" width=\"2011\" height=\"2560\" srcset=\"https:\/\/www.hydraulic-cylinders.net\/wp-content\/uploads\/2025\/01\/hydraulic-cylinder-factory-2-scaled.webp 2011w, https:\/\/www.hydraulic-cylinders.net\/wp-content\/uploads\/2025\/01\/hydraulic-cylinder-factory-2-1280x1629.webp 1280w, https:\/\/www.hydraulic-cylinders.net\/wp-content\/uploads\/2025\/01\/hydraulic-cylinder-factory-2-980x1248.webp 980w, https:\/\/www.hydraulic-cylinders.net\/wp-content\/uploads\/2025\/01\/hydraulic-cylinder-factory-2-480x611.webp 480w\" sizes=\"(min-width: 0px) and (max-width: 480px) 480px, (min-width: 481px) and (max-width: 980px) 980px, (min-width: 981px) and (max-width: 1280px) 1280px, (min-width: 1281px) 2011px, 100vw\" \/><\/h2>\n<p>M\u0113s izmantojam piln\u012bb\u0101 autom\u0101tisku \u016bdens b\u0101zes kr\u0101so\u0161anas l\u012bniju, kas \u012bpa\u0161i paredz\u0113ta maziem un vid\u0113jiem baloniem, ar automatiz\u0113tiem iekrau\u0161anas, izkrau\u0161anas un izsmidzin\u0101\u0161anas robotiem. \u0160\u012b modern\u0101 sist\u0113ma lepojas ar ra\u017eo\u0161anas jaudu 4000 vien\u012bbu mai\u0146\u0101. Turkl\u0101t mums ir pusautom\u0101tiska kr\u0101so\u0161anas l\u012bnija lielizm\u0113ra baloniem, ko darbina \u0137\u0113des piedzi\u0146a, ar projekt\u0113to jaudu 60 kastes mai\u0146\u0101.<\/p>\n<p>Lai uzlabotu produktu veiktsp\u0113ju un nostiprin\u0101tu m\u016bsu l\u012bderpoz\u012bcijas hidraulisko cilindru nozar\u0113, m\u0113s sadarbojamies ar ZJIMEE, lai izveidotu visaptvero\u0161u veiktsp\u0113jas laboratoriju, kas velt\u012bta hidrauliskajiem cilindriem, v\u0101rstiem un s\u016bk\u0146iem. \u0160\u012b modern\u0101 laboratorija izmanto datoriz\u0113tu test\u0113\u0161anu ar elektrohidraulisko tehnolo\u0123iju, \u013caujot izmantot iepriek\u0161 iestat\u012btus testa apst\u0101k\u013cus, kas uzlabo precizit\u0101ti un sist\u0113mas daudzpus\u012bbu. Automatiz\u0113taj\u0101 datu v\u0101k\u0161anas proces\u0101 tiek izmantoti sensori, lai apkopotu izejas datus, piem\u0113ram, iek\u0161\u0113jo nopl\u016bdi un slodzes efektivit\u0101ti, kurus p\u0113c tam apstr\u0101d\u0101 dators un konvert\u0113 standarta m\u0113rvien\u012bb\u0101s (ml\/min%).<\/p>\n<p>Turkl\u0101t, lai nodro\u0161in\u0101tu m\u016bsu hidraulisko sist\u0113mu dro\u0161\u012bbu, m\u0113s ievie\u0161am galveno veiktsp\u0113jas parametru, tostarp e\u013c\u013cas temperat\u016bras, \u0161\u0137idruma l\u012bme\u0146a un filtra ier\u012bces st\u0101vok\u013ca, uzraudz\u012bbu. M\u016bsu hidraulisko cilindru testa stends sp\u0113j nov\u0113rt\u0113t \u201cslodzes efektivit\u0101ti\u201d un \u201ciek\u0161\u0113jo nopl\u016bdi\u201d, izmantojot prec\u012bzus r\u0101d\u012bjumus. Tas ir apr\u012bkots ar\u012b ar re\u017e\u0123veida m\u0113rinstrumentu, kas atbilst valsts standartiem, nodro\u0161inot atbilst\u012bbu vis\u0101m hidraulisko cilindru izstr\u0101d\u0101jumu test\u0113\u0161anas pras\u012bb\u0101m.<\/p>\n<p>&nbsp;<\/p>","protected":false},"excerpt":{"rendered":"<p>HCYY11112027 Behind Cylinder For Frame Support For Truck Cranes The Behind Cylinder for Frame Support for Truck Cranes is a critical component that significantly improves the stability and operational efficiency of truck cranes. This robust cylinder is vital for supporting the crane\u2019s frame, allowing for the safe and effective management of heavy loads. With its [&hellip;]<\/p>","protected":false},"featured_media":17146,"comment_status":"open","ping_status":"closed","template":"","meta":{"_et_pb_use_builder":"","_et_pb_old_content":"","_et_gb_content_width":""},"product_brand":[],"product_cat":[1514,1549,1376],"product_tag":[],"class_list":{"0":"post-17140","1":"product","2":"type-product","3":"status-publish","4":"has-post-thumbnail","6":"product_cat-mobile-crane-hydraulic-cylinders","7":"product_cat-single-acting-hydraulic-cylinder","8":"product_cat-hydraulic-cylinder","10":"first","11":"instock","12":"shipping-taxable","13":"product-type-simple"},"amp_enabled":true,"_links":{"self":[{"href":"https:\/\/www.hydraulic-cylinders.net\/lv\/wp-json\/wp\/v2\/product\/17140","targetHints":{"allow":["GET"]}}],"collection":[{"href":"https:\/\/www.hydraulic-cylinders.net\/lv\/wp-json\/wp\/v2\/product"}],"about":[{"href":"https:\/\/www.hydraulic-cylinders.net\/lv\/wp-json\/wp\/v2\/types\/product"}],"replies":[{"embeddable":true,"href":"https:\/\/www.hydraulic-cylinders.net\/lv\/wp-json\/wp\/v2\/comments?post=17140"}],"wp:featuredmedia":[{"embeddable":true,"href":"https:\/\/www.hydraulic-cylinders.net\/lv\/wp-json\/wp\/v2\/media\/17146"}],"wp:attachment":[{"href":"https:\/\/www.hydraulic-cylinders.net\/lv\/wp-json\/wp\/v2\/media?parent=17140"}],"wp:term":[{"taxonomy":"product_brand","embeddable":true,"href":"https:\/\/www.hydraulic-cylinders.net\/lv\/wp-json\/wp\/v2\/product_brand?post=17140"},{"taxonomy":"product_cat","embeddable":true,"href":"https:\/\/www.hydraulic-cylinders.net\/lv\/wp-json\/wp\/v2\/product_cat?post=17140"},{"taxonomy":"product_tag","embeddable":true,"href":"https:\/\/www.hydraulic-cylinders.net\/lv\/wp-json\/wp\/v2\/product_tag?post=17140"}],"curies":[{"name":"wp","href":"https:\/\/api.w.org\/{rel}","templated":true}]}}