{"id":17147,"date":"2025-02-07T06:47:22","date_gmt":"2025-02-07T06:47:22","guid":{"rendered":"https:\/\/www.hydraulic-cylinders.net\/?post_type=product&#038;p=17147"},"modified":"2025-04-15T05:52:21","modified_gmt":"2025-04-15T05:52:21","slug":"wind-power-series-cylinders","status":"publish","type":"product","link":"https:\/\/www.hydraulic-cylinders.net\/lv\/products\/wind-power-series-cylinders\/","title":{"rendered":"V\u0113ja ener\u0123ijas s\u0113rijas cilindri"},"content":{"rendered":"<h1 style=\"text-align: center;\"><strong>V\u0113ja ener\u0123ijas s\u0113rijas cilindri<\/strong><\/h1>\n<h1 style=\"text-align: center;\">\u00a0<img loading=\"lazy\" decoding=\"async\" class=\"alignnone size-full wp-image-17149\" src=\"https:\/\/www.hydraulic-cylinders.net\/wp-content\/uploads\/2025\/02\/wind_power_series_cylinders-1-removebg-preview.webp\" alt=\"\" width=\"644\" height=\"644\" srcset=\"https:\/\/www.hydraulic-cylinders.net\/wp-content\/uploads\/2025\/02\/wind_power_series_cylinders-1-removebg-preview.webp 644w, https:\/\/www.hydraulic-cylinders.net\/wp-content\/uploads\/2025\/02\/wind_power_series_cylinders-1-removebg-preview-480x480.webp 480w\" sizes=\"(min-width: 0px) and (max-width: 480px) 480px, (min-width: 481px) 644px, 100vw\" \/><\/h1>\n<p>The <strong>V\u0113ja ener\u0123ijas s\u0113rijas cilindri<\/strong> ir \u012bpa\u0161i izstr\u0101d\u0101ti v\u0113ja ener\u0123ijas sektoram, nodro\u0161inot uzticamu un efekt\u012bvu veiktsp\u0113ju da\u017e\u0101dos pielietojumos. \u0160iem cilindriem ir b\u016btiska loma v\u0113ja ener\u0123ijas izmanto\u0161anas meh\u0101nismu kontrol\u0113\u0161an\u0101, iev\u0113rojami uzlabojot v\u0113ja turb\u012bnu efektivit\u0101ti un lietder\u012bbu. Tie ir prec\u012bzi izgatavoti un izgatavoti, lai iztur\u0113tu nozares stingr\u0101s pras\u012bbas, un atbilst \u0161\u012bs strauji augo\u0161\u0101s jomas stingraj\u0101m pras\u012bb\u0101m.<\/p>\n<p>Pied\u0101v\u0101jot iztur\u012bbas, efektivit\u0101tes un lietot\u0101jam draudz\u012bguma apvienojumu, Wind Power s\u0113rijas cilindri izce\u013cas k\u0101 uzticama izv\u0113le v\u0113ja ener\u0123ijas pielietojumiem. To augst\u0101 kravnes\u012bba un korozijiztur\u012bg\u0101s \u012bpa\u0161\u012bbas padara tos ide\u0101li piem\u0113rotus v\u0113ja turb\u012bnu darb\u012bbas sare\u017e\u0123\u012bt\u0101m vid\u0113m. Iev\u0113rojot ieteicamo lieto\u0161anas un apkopes praksi, operatori var nodro\u0161in\u0101t, ka \u0161ie cilindri gadiem ilgi saglab\u0101 optim\u0101lu veiktsp\u0113ju. Invest\u012bcijas \u0161ajos cilindros ne tikai uzlabo v\u0113ja ener\u0123ijas sist\u0113mu uzticam\u012bbu, bet ar\u012b atbalsta ilgtsp\u0113j\u012bgu n\u0101kotni.<\/p>\n<h2><strong>V\u0113ja ener\u0123ijas s\u0113rijas cilindru parametrs:<\/strong><\/h2>\n<h2><img loading=\"lazy\" decoding=\"async\" class=\"alignnone size-full wp-image-17148\" style=\"color: #666666; font-size: 14px;\" src=\"https:\/\/www.hydraulic-cylinders.net\/wp-content\/uploads\/2025\/02\/wind-power-series-cylinders-2.webp\" alt=\"\" width=\"1394\" height=\"731\" srcset=\"https:\/\/www.hydraulic-cylinders.net\/wp-content\/uploads\/2025\/02\/wind-power-series-cylinders-2.webp 1394w, https:\/\/www.hydraulic-cylinders.net\/wp-content\/uploads\/2025\/02\/wind-power-series-cylinders-2-1280x671.webp 1280w, https:\/\/www.hydraulic-cylinders.net\/wp-content\/uploads\/2025\/02\/wind-power-series-cylinders-2-980x514.webp 980w, https:\/\/www.hydraulic-cylinders.net\/wp-content\/uploads\/2025\/02\/wind-power-series-cylinders-2-480x252.webp 480w\" sizes=\"(min-width: 0px) and (max-width: 480px) 480px, (min-width: 481px) and (max-width: 980px) 980px, (min-width: 981px) and (max-width: 1280px) 1280px, (min-width: 1281px) 1394px, 100vw\" \/><\/h2>\n<p>\u00b7 Cilindra re\u017e\u012bms: HCYY11112028<br \/>\n\u00b7 Darba spiediens: 16 MPa<br \/>\n\u00b7 Maksim\u0101l\u0101 iztur\u012bbas spiediena zi\u0146\u0101: 25 MPa<br \/>\n\u00b7 Cilindra caurules diametrs: 100 mm<br \/>\n\u00b7 Virzu\u013ca stie\u0146a diametrs: 50 mm<br \/>\n\u00b7 Tapas diametrs: 150 mm<br \/>\n\u00b7 Ce\u013cojuma att\u0101lums: 80 mm<br \/>\n\u00b7 Cilindra garums: 855 mm<br \/>\n\u00b7 Svars: 140 kg<\/p>\n<h2><strong>V\u0113ja ener\u0123ijas s\u0113rijas cilindru galven\u0101s iez\u012bmes:<\/strong><\/h2>\n<h4><strong>Augsta kravnes\u012bba<\/strong><\/h4>\n<p>V\u0113ja ener\u0123ijas s\u0113rijas cilindri izce\u013cas ar iev\u0113rojamu slodzi, kas ir \u013coti svar\u012bgi pras\u012bgajiem v\u0113ja ener\u0123ijas pielietojumiem. To iztur\u012bg\u0101 konstrukcija nodro\u0161ina to uzticamu darb\u012bbu sare\u017e\u0123\u012btos apst\u0101k\u013cos, piem\u0113ram, sp\u0113c\u012bg\u0101 v\u0113j\u0101 vai ekstrem\u0101los laikapst\u0101k\u013cos. \u0160\u012b sp\u0113ja ne tikai uzlabo v\u0113ja turb\u012bnu efektivit\u0101ti, bet ar\u012b vairo operatoru p\u0101rliec\u012bbu, zinot, ka vi\u0146u apr\u012bkojums var iztur\u0113t iev\u0113rojamu svaru, neapdraudot dro\u0161\u012bbu vai veiktsp\u0113ju.<\/p>\n<h4><strong>Iztur\u012bga konstrukcija<\/strong><\/h4>\n<p>\u0160ie cilindri ir izgatavoti no augst\u0101k\u0101s kvalit\u0101tes materi\u0101liem un ir konstru\u0113ti t\u0101, lai laika gait\u0101 iztur\u0113tu pret nodilumu. To iztur\u012bg\u0101 konstrukcija iev\u0113rojami samazina nepiecie\u0161am\u012bbu p\u0113c bie\u017eas nomai\u0146as, padarot tos par rentablu izv\u0113li ilgsto\u0161ai darb\u012bbai. Neatkar\u012bgi no t\u0101, vai tie ir pak\u013cauti skarbiem vides apst\u0101k\u013ciem vai ikdienas lieto\u0161anas gr\u016bt\u012bb\u0101m, cilindri saglab\u0101 savu integrit\u0101ti, nodro\u0161inot v\u0113ja ener\u0123ijas sist\u0113mu nevainojamu un efekt\u012bvu darb\u012bbu.<\/p>\n<h4><strong>Korozijas iztur\u012bba<\/strong><\/h4>\n<p>Apr\u012bkoti ar specializ\u0113tu p\u0101rkl\u0101jumu, cilindri ir iztur\u012bgi pret r\u016bsu un vides boj\u0101jumiem. \u0160\u012b iztur\u012bba pret koroziju ir \u012bpa\u0161i svar\u012bga lieto\u0161anai \u0101rpus telp\u0101m, kur mitruma, s\u0101ls un citu skarbu elementu iedarb\u012bba var izrais\u012bt to boj\u0101\u0161anos. Aizsarg\u0101jot cilindrus no korozijas, \u0161\u012b funkcija ne tikai pagarina to kalpo\u0161anas laiku, bet ar\u012b samazina apkopes izmaksas, \u013caujot operatoriem koncentr\u0113ties uz ener\u0123ijas ra\u017eo\u0161anas maksimiz\u0113\u0161anu.<\/p>\n<h4><strong>Prec\u012bzijas in\u017eenierija<\/strong><\/h4>\n<p>Ra\u017eoti atbilsto\u0161i prec\u012bz\u0101m specifik\u0101cij\u0101m, Wind Power s\u0113rijas cilindri garant\u0113 nevainojamu sader\u012bbu ar da\u017e\u0101diem v\u0113ja turb\u012bnu mode\u013ciem. \u0160\u012b prec\u012bz\u0101 in\u017eenierija \u013cauj tos vienk\u0101r\u0161i uzst\u0101d\u012bt un integr\u0113t eso\u0161aj\u0101s sist\u0113m\u0101s, samazinot ekspluat\u0101cijas probl\u0113mu risku. Ar \u0161iem cilindriem operatori var justies mier\u012bgi, zinot, ka vi\u0146i izmanto komponentus, kas paredz\u0113ti optim\u0101lai darb\u012bbai vi\u0146u konkr\u0113taj\u0101s turb\u012bnu sist\u0113m\u0101s.<\/p>\n<h4><strong>Vienk\u0101r\u0161a uzst\u0101d\u012b\u0161ana<\/strong><\/h4>\n<p>Baloni ir izstr\u0101d\u0101ti, \u0146emot v\u0113r\u0101 lietot\u0101ja \u0113rt\u012bbas, un to uzst\u0101d\u012b\u0161ana ir \u0101tra un vienk\u0101r\u0161a. To intuit\u012bvais dizains samazina d\u012bkst\u0101ves laiku iestat\u012b\u0161anas laik\u0101, \u013caujot operatoriem \u0101tri uzst\u0101d\u012bt un darbin\u0101t savas sist\u0113mas. \u0160\u012b vienk\u0101r\u0161\u0101 uzst\u0101d\u012b\u0161ana ne tikai uzlabo darb\u012bbas efektivit\u0101ti, bet ar\u012b \u013cauj \u0101tr\u0101k rea\u0123\u0113t uz apkopes vajadz\u012bb\u0101m, nodro\u0161inot, ka v\u0113ja ener\u0123ijas sist\u0113mas vienm\u0113r ir produkt\u012bvas.<\/p>\n<p>Uzsverot \u0161\u012bs \u012bpa\u0161\u012bbas, HCYY11112028 v\u0113ja ener\u0123ijas s\u0113rijas cilindri nodro\u0161ina izcilu veiktsp\u0113ju, kas atbilst v\u0113ja ener\u0123ijas sektora main\u012bgaj\u0101m pras\u012bb\u0101m.<\/p>\n<h2><strong>K\u0101 v\u0113ja ener\u0123ijas s\u0113rijas cilindru korozijas iztur\u012bba uzlabo to veiktsp\u0113ju \u0101ra vid\u0113?<\/strong><\/h2>\n<p>Protams! \u0160eit ir aizraujo\u0161\u0101ks un detaliz\u0113t\u0101ks p\u0101rskats par to, k\u0101 Wind Power s\u0113rijas cilindru iztur\u012bba pret koroziju uzlabo to veiktsp\u0113ju \u0101ra apst\u0101k\u013cos:<\/p>\n<h4><strong>1. Ilgm\u016b\u017e\u012bba<\/strong><\/h4>\n<p>Specializ\u0113tais korozijiztur\u012bgais p\u0101rkl\u0101jums uz cilindriem darbojas k\u0101 iev\u0113rojama barjera pret r\u016bsu un boj\u0101jumiem. \u0160is aizsargsl\u0101nis ir \u012bpa\u0161i v\u0113rt\u012bgs vid\u0113, kur ir izplat\u012bts mitrums, s\u0101ls\u016bdens izsmidzin\u0101\u0161ana un temperat\u016bras sv\u0101rst\u012bbas. Iev\u0113rojami pagarinot cilindru kalpo\u0161anas laiku, operatori var baud\u012bt sirdsmieru, zinot, ka vi\u0146u ieguld\u012bjums iztur\u0113s laika p\u0101rbaudi, nodro\u0161inot ilgsto\u0161u un nep\u0101rtrauktu darb\u012bbu lauk\u0101.<\/p>\n<h4><strong>2. Samazin\u0101ta apkope<\/strong><\/h4>\n<p>Viena no iev\u0113rojam\u0101kaj\u0101m korozijas iztur\u012bbas priek\u0161roc\u012bb\u0101m ir iev\u0113rojam\u0101 apkopes pras\u012bbu samazin\u0101\u0161ana. T\u0101 k\u0101 cilindri ir maz\u0101k pak\u013cauti r\u016bsai un nodilumam, operatori var velt\u012bt maz\u0101k resursu \u2014 gan laika, gan naudas \u2014 apkopei. \u0160\u012b efektivit\u0101te noz\u012bm\u0113, ka apkopes komandas var koncentr\u0113ties uz citiem v\u0113ja turb\u012bnu darb\u012bbas kritiskiem aspektiem, uzlabojot kop\u0113jo produktivit\u0101ti. T\u0101 rezult\u0101t\u0101 v\u0113ja ener\u0123ijas sist\u0113ma var darboties vienm\u0113r\u012bg\u0101k, maksim\u0101li palielinot ener\u0123ijas ra\u017eo\u0161anu bez past\u0101v\u012bg\u0101m raiz\u0113m par komponentu boj\u0101jumiem.<\/p>\n<h4><strong>3. Nemain\u012bga veiktsp\u0113ja<\/strong><\/h4>\n<p>Korozija laika gait\u0101 var v\u0101jin\u0101t materi\u0101lus, radot darb\u012bbas trauc\u0113jumus, kas var trauc\u0113t ener\u0123ijas ra\u017eo\u0161anu. Baloni, kas ir stiprin\u0101ti pret koroziju, saglab\u0101 savu struktur\u0101lo integrit\u0101ti un veiktsp\u0113jas standartus pat vissare\u017e\u0123\u012bt\u0101kajos \u0101ra apst\u0101k\u013cos. \u0160\u012b uzticam\u012bba nodro\u0161ina turb\u012bnu efekt\u012bvu darb\u012bbu, t\u0101d\u0113j\u0101di nodro\u0161inot optim\u0101lu ener\u0123ijas ra\u017eo\u0161anu. Operatori var sagaid\u012bt nemain\u012bgu veiktsp\u0113ju, kas ir b\u016btiski ener\u0123ijas piepras\u012bjuma apmierin\u0101\u0161anai un ilgtsp\u0113j\u012bbas m\u0113r\u0137u sasnieg\u0161anai.<\/p>\n<h4><strong>4. Dro\u0161\u012bba<\/strong><\/h4>\n<p>Dro\u0161\u012bba ir \u0101rk\u0101rt\u012bgi svar\u012bga jebkur\u0101 r\u016bpniecisk\u0101 vid\u0113, un korozijas izrais\u012btu boj\u0101jumu risks ir probl\u0113ma, ko nedr\u012bkst ignor\u0113t. Baloni pal\u012bdz mazin\u0101t \u0161os riskus, saglab\u0101jot to iztur\u012bbu un funkcionalit\u0101ti skarbos apst\u0101k\u013cos. Nov\u0113r\u0161ot ar koroziju saist\u012btus boj\u0101jumus, \u0161ie baloni veicina dro\u0161\u0101ku darba vidi gan person\u0101lam, gan iek\u0101rt\u0101m. \u0160is uzsvars uz dro\u0161\u012bbu veicina uzticam\u012bbas un pa\u013c\u0101v\u012bbas kult\u016bru v\u0113ja ener\u0123ijas nozar\u0113.<\/p>\n<h4><strong>5. Izmaksu efektivit\u0101te<\/strong><\/h4>\n<p>Invest\u012bcijas korozijiztur\u012bgos balonos nav tikai t\u016bl\u012bt\u0113jas veiktsp\u0113jas nodro\u0161in\u0101\u0161ana; t\u0101 ir ilgtermi\u0146a finansi\u0101la piesardz\u012bba. Balonu iztur\u012bba un samazin\u0101t\u0101s apkopes vajadz\u012bbas laika gait\u0101 nodro\u0161ina iev\u0113rojamus izmaksu ietaup\u012bjumus. Operatori var izvair\u012bties no izdevumiem, kas saist\u012bti ar bie\u017eu nomai\u0146u un remontu, \u013caujot lab\u0101k sadal\u012bt bud\u017eeta resursus. \u0160\u012b izmaksu efektivit\u0101te padara \u0161os balonus par pievilc\u012bgu iesp\u0113ju uz\u0146\u0113mumiem, kas v\u0113las optimiz\u0113t savus darb\u012bbas bud\u017eetus, vienlaikus nodro\u0161inot uzticamu ener\u0123ijas ra\u017eo\u0161anu.<\/p>\n<p>Rezum\u0113jot, Wind Power s\u0113rijas cilindru iztur\u012bba pret koroziju ir vair\u0101k nek\u0101 tikai \u012bpa\u0161\u012bba \u2014 t\u0101 ir galven\u0101 \u012bpa\u0161\u012bba, kas uzlabo ilgm\u016b\u017e\u012bbu, samazina apkopes nepiecie\u0161am\u012bbu, nodro\u0161ina nemain\u012bgu veiktsp\u0113ju, veicina dro\u0161\u012bbu un nodro\u0161ina izmaksu efektivit\u0101ti. \u0160\u012bs priek\u0161roc\u012bbas kopum\u0101 veicina efekt\u012bv\u0101ku un ilgtsp\u0113j\u012bg\u0101ku pieeju v\u0113ja ener\u0123ijas izmanto\u0161anai, padarot \u0161os cilindrus par neaizst\u0101jamu izv\u0113li nozar\u0113.<\/p>\n<h2><strong>Iekr\u0101v\u0113ja cilindru ra\u017eo\u0161anas zona:<\/strong><\/h2>\n<h2><img loading=\"lazy\" decoding=\"async\" class=\"alignnone size-full wp-image-16972\" src=\"https:\/\/www.hydraulic-cylinders.net\/wp-content\/uploads\/2025\/01\/hydraulic-cylinder-factory-1-scaled.webp\" alt=\"\" width=\"2016\" height=\"2560\" srcset=\"https:\/\/www.hydraulic-cylinders.net\/wp-content\/uploads\/2025\/01\/hydraulic-cylinder-factory-1-scaled.webp 2016w, https:\/\/www.hydraulic-cylinders.net\/wp-content\/uploads\/2025\/01\/hydraulic-cylinder-factory-1-1280x1625.webp 1280w, https:\/\/www.hydraulic-cylinders.net\/wp-content\/uploads\/2025\/01\/hydraulic-cylinder-factory-1-980x1244.webp 980w, https:\/\/www.hydraulic-cylinders.net\/wp-content\/uploads\/2025\/01\/hydraulic-cylinder-factory-1-480x610.webp 480w\" sizes=\"(min-width: 0px) and (max-width: 480px) 480px, (min-width: 481px) and (max-width: 980px) 980px, (min-width: 981px) and (max-width: 1280px) 1280px, (min-width: 1281px) 2016px, 100vw\" \/><\/h2>\n<p>M\u0113s lepojamies ar modernu neatkar\u012bgu p\u0113tniec\u012bbas un att\u012bst\u012bbas platformu, kas velt\u012bta mont\u0101\u017eai, nodro\u0161inot augst\u0101k\u0101 l\u012bme\u0146a inov\u0101cijas un kvalit\u0101ti m\u016bsu ra\u017eo\u0161anas procesos. M\u016bsu iekr\u0101v\u0113ju cilindru ra\u017eo\u0161anas darbn\u012bc\u0101 ir \u010detras pusautom\u0101tiskas pacel\u0161anas cilindru mont\u0101\u017eas l\u012bnijas un piln\u012bb\u0101 autom\u0101tiska noliecamo cilindru mont\u0101\u017eas l\u012bnija, kas kop\u0101 ir paredz\u0113tas, lai sara\u017eotu l\u012bdz pat vienam miljonam vien\u012bbu gad\u0101.<\/p>\n<p>Turkl\u0101t m\u016bsu specializ\u0113t\u0101 cilindru darbn\u012bca ir apr\u012bkota ar pusautom\u0101tisk\u0101m t\u012br\u012b\u0161anas un mont\u0101\u017eas sist\u0113m\u0101m, kas piel\u0101gotas da\u017e\u0101d\u0101m specifik\u0101cij\u0101m, ar gada ra\u017eo\u0161anas jaudu 200\u00a0000 vien\u012bbu. M\u0113s izmantojam atz\u012btas CNC iek\u0101rtas, apstr\u0101des centrus un specializ\u0113tus instrumentus augstas precizit\u0101tes cilindru apstr\u0101dei. M\u016bsu iek\u0101rt\u0101s ir ar\u012b modernas robotiz\u0113tas metin\u0101\u0161anas iek\u0101rtas, autom\u0101tisk\u0101s t\u012br\u012b\u0161anas sist\u0113mas un piln\u012bb\u0101 automatiz\u0113tas cilindru mont\u0101\u017eas un kr\u0101so\u0161anas l\u012bnijas. Ar vair\u0101k nek\u0101 300 galvenaj\u0101m iek\u0101rt\u0101m, kas darbojas, m\u0113s optimiz\u0113jam resursu sadali un nodro\u0161in\u0101m efekt\u012bvu izmanto\u0161anu, iev\u0113rojot stingrus precizit\u0101tes un kvalit\u0101tes standartus.<\/p>\n<p>M\u016bsu apstr\u0101des ceh\u0101 ir piel\u0101goti sl\u012bpo vadot\u0146u slie\u017eu virpo\u0161anas centri, apstr\u0101des centri, \u0101trgaitas asin\u0101\u0161anas ma\u0161\u012bnas, metin\u0101\u0161anas roboti un cits svar\u012bgs apr\u012bkojums. \u0160\u012b iek\u0101rta \u013cauj mums apstr\u0101d\u0101t cilindriskas caurules ar maksim\u0101lo iek\u0161\u0113jo diametru 400 mm un garumu l\u012bdz 6 metriem, v\u0113l vair\u0101k uzlabojot m\u016bsu ra\u017eo\u0161anas jaudas.<\/p>\n<h2><img loading=\"lazy\" decoding=\"async\" class=\"alignnone size-full wp-image-16973\" src=\"https:\/\/www.hydraulic-cylinders.net\/wp-content\/uploads\/2025\/01\/hydraulic-cylinder-factory-2-scaled.webp\" alt=\"\" width=\"2011\" height=\"2560\" srcset=\"https:\/\/www.hydraulic-cylinders.net\/wp-content\/uploads\/2025\/01\/hydraulic-cylinder-factory-2-scaled.webp 2011w, https:\/\/www.hydraulic-cylinders.net\/wp-content\/uploads\/2025\/01\/hydraulic-cylinder-factory-2-1280x1629.webp 1280w, https:\/\/www.hydraulic-cylinders.net\/wp-content\/uploads\/2025\/01\/hydraulic-cylinder-factory-2-980x1248.webp 980w, https:\/\/www.hydraulic-cylinders.net\/wp-content\/uploads\/2025\/01\/hydraulic-cylinder-factory-2-480x611.webp 480w\" sizes=\"(min-width: 0px) and (max-width: 480px) 480px, (min-width: 481px) and (max-width: 980px) 980px, (min-width: 981px) and (max-width: 1280px) 1280px, (min-width: 1281px) 2011px, 100vw\" \/><\/h2>\n<p>M\u0113s izmantojam piln\u012bb\u0101 autom\u0101tisku \u016bdens b\u0101zes kr\u0101so\u0161anas l\u012bniju, kas \u012bpa\u0161i paredz\u0113ta maziem un vid\u0113jiem baloniem, ar automatiz\u0113tiem iekrau\u0161anas, izkrau\u0161anas un izsmidzin\u0101\u0161anas robotiem. \u0160\u012b modern\u0101 sist\u0113ma lepojas ar ra\u017eo\u0161anas jaudu 4000 vien\u012bbu mai\u0146\u0101. Turkl\u0101t mums ir pusautom\u0101tiska kr\u0101so\u0161anas l\u012bnija lielizm\u0113ra baloniem, ko darbina \u0137\u0113des piedzi\u0146a, ar projekt\u0113to jaudu 60 kastes mai\u0146\u0101.<\/p>\n<p>Lai uzlabotu produktu veiktsp\u0113ju un nostiprin\u0101tu m\u016bsu l\u012bderpoz\u012bcijas hidraulisko cilindru nozar\u0113, m\u0113s sadarbojamies ar ZJIMEE, lai izveidotu visaptvero\u0161u veiktsp\u0113jas laboratoriju, kas velt\u012bta hidrauliskajiem cilindriem, v\u0101rstiem un s\u016bk\u0146iem. \u0160\u012b modern\u0101 laboratorija izmanto datoriz\u0113tu test\u0113\u0161anu ar elektrohidraulisko tehnolo\u0123iju, \u013caujot izmantot iepriek\u0161 iestat\u012btus testa apst\u0101k\u013cus, kas uzlabo precizit\u0101ti un sist\u0113mas daudzpus\u012bbu. Automatiz\u0113taj\u0101 datu v\u0101k\u0161anas proces\u0101 tiek izmantoti sensori, lai apkopotu izejas datus, piem\u0113ram, iek\u0161\u0113jo nopl\u016bdi un slodzes efektivit\u0101ti, kurus p\u0113c tam apstr\u0101d\u0101 dators un konvert\u0113 standarta m\u0113rvien\u012bb\u0101s (ml\/min%).<\/p>\n<p>Turkl\u0101t, lai nodro\u0161in\u0101tu m\u016bsu hidraulisko sist\u0113mu dro\u0161\u012bbu, m\u0113s ievie\u0161am galveno veiktsp\u0113jas parametru, tostarp e\u013c\u013cas temperat\u016bras, \u0161\u0137idruma l\u012bme\u0146a un filtra ier\u012bces st\u0101vok\u013ca, uzraudz\u012bbu. M\u016bsu hidraulisko cilindru testa stends sp\u0113j nov\u0113rt\u0113t \u201cslodzes efektivit\u0101ti\u201d un \u201ciek\u0161\u0113jo nopl\u016bdi\u201d, izmantojot prec\u012bzus r\u0101d\u012bjumus. Tas ir apr\u012bkots ar\u012b ar re\u017e\u0123veida m\u0113rinstrumentu, kas atbilst valsts standartiem, nodro\u0161inot atbilst\u012bbu vis\u0101m hidraulisko cilindru izstr\u0101d\u0101jumu test\u0113\u0161anas pras\u012bb\u0101m.<\/p>\n<p>&nbsp;<\/p>","protected":false},"excerpt":{"rendered":"<p>Wind Power Series Cylinders \u00a0 The Wind Power Series Cylinders are specifically engineered for the wind energy sector, delivering reliable and efficient performance across various applications. These cylinders play a vital role in controlling the mechanisms that harness wind energy, significantly enhancing the efficiency and effectiveness of wind turbines. Crafted with precision and built to [&hellip;]<\/p>","protected":false},"featured_media":17150,"comment_status":"open","ping_status":"closed","template":"","meta":{"_et_pb_use_builder":"","_et_pb_old_content":"","_et_gb_content_width":""},"product_brand":[],"product_cat":[1552,1513,1376],"product_tag":[],"class_list":{"0":"post-17147","1":"product","2":"type-product","3":"status-publish","4":"has-post-thumbnail","6":"product_cat-stainless-steel-hydraulic-cylinder","7":"product_cat-wind-turbine-hydraulic-cylinders","8":"product_cat-hydraulic-cylinder","10":"first","11":"instock","12":"shipping-taxable","13":"product-type-simple"},"amp_enabled":true,"_links":{"self":[{"href":"https:\/\/www.hydraulic-cylinders.net\/lv\/wp-json\/wp\/v2\/product\/17147","targetHints":{"allow":["GET"]}}],"collection":[{"href":"https:\/\/www.hydraulic-cylinders.net\/lv\/wp-json\/wp\/v2\/product"}],"about":[{"href":"https:\/\/www.hydraulic-cylinders.net\/lv\/wp-json\/wp\/v2\/types\/product"}],"replies":[{"embeddable":true,"href":"https:\/\/www.hydraulic-cylinders.net\/lv\/wp-json\/wp\/v2\/comments?post=17147"}],"wp:featuredmedia":[{"embeddable":true,"href":"https:\/\/www.hydraulic-cylinders.net\/lv\/wp-json\/wp\/v2\/media\/17150"}],"wp:attachment":[{"href":"https:\/\/www.hydraulic-cylinders.net\/lv\/wp-json\/wp\/v2\/media?parent=17147"}],"wp:term":[{"taxonomy":"product_brand","embeddable":true,"href":"https:\/\/www.hydraulic-cylinders.net\/lv\/wp-json\/wp\/v2\/product_brand?post=17147"},{"taxonomy":"product_cat","embeddable":true,"href":"https:\/\/www.hydraulic-cylinders.net\/lv\/wp-json\/wp\/v2\/product_cat?post=17147"},{"taxonomy":"product_tag","embeddable":true,"href":"https:\/\/www.hydraulic-cylinders.net\/lv\/wp-json\/wp\/v2\/product_tag?post=17147"}],"curies":[{"name":"wp","href":"https:\/\/api.w.org\/{rel}","templated":true}]}}