{"id":1721,"date":"2023-10-12T01:06:01","date_gmt":"2023-10-12T01:06:01","guid":{"rendered":"https:\/\/hydraulic-cylinders.net\/?post_type=product&#038;p=1721"},"modified":"2025-04-11T05:06:33","modified_gmt":"2025-04-11T05:06:33","slug":"electric-furnace-mast-cylinder","status":"publish","type":"product","link":"https:\/\/www.hydraulic-cylinders.net\/lv\/products\/electric-furnace-mast-cylinder\/","title":{"rendered":"Elektrisk\u0101s kr\u0101sns masta cilindrs"},"content":{"rendered":"<h1 style=\"text-align: center;\"><strong>Elektrisk\u0101s kr\u0101sns masta cilindrs<\/strong><\/h1>\n<p><img loading=\"lazy\" decoding=\"async\" class=\"aligncenter wp-image-1722\" src=\"https:\/\/hydraulic-cylinders.net\/wp-content\/uploads\/2023\/10\/mast-cylinder-1-2-300x300.webp\" alt=\"\" width=\"400\" height=\"400\" \/><\/p>\n<p>Elektrisk\u0101s kr\u0101sns masta cilindrs ir moderns produkts, kas paredz\u0113ts r\u016bpniecisko kr\u0101\u0161\u0146u veiktsp\u0113jas un efektivit\u0101tes uzlabo\u0161anai. Pateicoties t\u0101 uzlabotaj\u0101m funkcij\u0101m un iztur\u012bgajai konstrukcijai, \u0161is cilindrs pied\u0101v\u0101 prec\u012bzu vad\u012bbu un uzticamu darb\u012bbu kr\u0101sns mastu pacel\u0161anai un nolai\u0161anai.<\/p>\n<p>Elektrisk\u0101s kr\u0101sns masta cilindrs ir uzticams un efekt\u012bvs risin\u0101jums kr\u0101sns mastu pacel\u0161anai un nolai\u0161anai r\u016bpnieciskos apst\u0101k\u013cos. T\u0101 iztur\u012bg\u0101 konstrukcija, augst\u0101 celtsp\u0113ja, prec\u012bz\u0101 vad\u012bba un elektrisk\u0101 piedzi\u0146a nodro\u0161ina uzlabotu materi\u0101lu apstr\u0101di, racionaliz\u0113tu darbpl\u016bsmu un paaugstin\u0101tu produktivit\u0101ti. J\u016bs varat nodro\u0161in\u0101t optim\u0101lu veiktsp\u0113ju un ilgm\u016b\u017e\u012bbu, iev\u0113rojot ieteicam\u0101s lieto\u0161anas metodes un apkopes praksi. Iek\u013caujiet elektrisk\u0101s kr\u0101sns masta cilindru sav\u0101s r\u016bpniecisk\u0101s kr\u0101sns darb\u012bb\u0101s, lai izbaud\u012btu prec\u012bzas vad\u012bbas un efekt\u012bvas masta regul\u0113\u0161anas priek\u0161roc\u012bbas.<\/p>\n<p>Elektrisk\u0101s kr\u0101sns masta cilindra galven\u0101s \u012bpa\u0161\u012bbas:<\/p>\n<ol>\n<li>Iztur\u012bga konstrukcija:<\/li>\n<\/ol>\n<ul>\n<li>Elektrisk\u0101s kr\u0101sns masta cilindrs ir izgatavots no augstas kvalit\u0101tes materi\u0101liem, nodro\u0161inot iztur\u012bbu un ilgm\u016b\u017e\u012bbu pat skarbos r\u016bpnieciskos apst\u0101k\u013cos.<\/li>\n<li>T\u0101 iztur\u012bg\u0101 konstrukcija \u013cauj iztur\u0113t lielas slodzes un laika gait\u0101 saglab\u0101t optim\u0101lu veiktsp\u0113ju.<\/li>\n<\/ul>\n<ol start=\"2\">\n<li>Augsta celtsp\u0113ja:<\/li>\n<\/ol>\n<ul>\n<li>\u0160im cilindram ir augsta celtsp\u0113ja, kas padara to piem\u0113rotu kr\u0101sns mastu pacel\u0161anai un nolai\u0161anai bez piep\u016bles.<\/li>\n<li>T\u0101 iespaid\u012bg\u0101 celtsp\u0113ja nodro\u0161ina efekt\u012bvu materi\u0101lu apstr\u0101di un uzlabo kop\u0113jo darbpl\u016bsmas efektivit\u0101ti.<\/li>\n<\/ul>\n<ol start=\"3\">\n<li>Prec\u012bza kontrole:<\/li>\n<\/ol>\n<ul>\n<li>Elektrisk\u0101s kr\u0101sns masta cilindrs nodro\u0161ina prec\u012bzu pozicion\u0113\u0161anas kontroli, \u013caujot prec\u012bzi regul\u0113t kr\u0101sns masta augstumu.<\/li>\n<li>T\u0101s uzlabot\u0101 vad\u012bbas sist\u0113ma nodro\u0161ina vienm\u0113r\u012bgas un kontrol\u0113tas kust\u012bbas, samazinot k\u013c\u016bdas un optimiz\u0113jot darb\u012bbas efektivit\u0101ti.<\/li>\n<\/ul>\n<ol start=\"4\">\n<li>Elektrisk\u0101 pievad\u012b\u0161ana:<\/li>\n<\/ol>\n<ul>\n<li>Darbojoties ar elektrisko jaudu, \u0161is cilindrs nov\u0113r\u0161 nepiecie\u0161am\u012bbu p\u0113c manu\u0101las cel\u0161anas vai sare\u017e\u0123\u012bt\u0101m hidraulisk\u0101m sist\u0113m\u0101m.<\/li>\n<li>Elektrisk\u0101 piedzi\u0146a nodro\u0161ina \u0113rt\u012bbas, \u0101trumu un prec\u012bzu vad\u012bbu, racionaliz\u0113jot kr\u0101sns darb\u012bbu un samazinot d\u012bkst\u0101ves laiku.<\/li>\n<\/ul>\n<h2><strong>Elektrisk\u0101s kr\u0101sns masta cilindra parametrs:<\/strong><\/h2>\n<table border=\"1\" cellspacing=\"0\" cellpadding=\"0\">\n<tbody>\n<tr>\n<td>Produkta nosaukums<\/td>\n<td>Elektrisk\u0101s kr\u0101sns masta cilindrs<\/td>\n<\/tr>\n<tr>\n<td>Urbuma diametrs:<\/td>\n<td>300 mm<\/td>\n<\/tr>\n<tr>\n<td>Stie\u0146a diametrs:<\/td>\n<td>230 mm<\/td>\n<\/tr>\n<tr>\n<td>Spiediens:<\/td>\n<td>14MPa<\/td>\n<\/tr>\n<tr>\n<td>Vilces sp\u0113ks:<\/td>\n<td>Maksim\u0101l\u0101 jauda 581\u00a0KN<\/td>\n<\/tr>\n<tr>\n<td>Elektrisk\u0101s kr\u0101sns masta cilindra pielietojums:<\/td>\n<td>Elektrisk\u0101 kr\u0101sns<\/td>\n<\/tr>\n<\/tbody>\n<\/table>\n<div><\/div>\n<div class=\"txtboxR\">\n<div class=\"txtboxL\">\n<div class=\"txtboxL\">\n<div class=\"txtboxL\">\n<div class=\"txtboxL\">\n<div class=\"txtboxL\">\n<div class=\"txtboxL\">Vilces sp\u0113ks:<\/div>\n<div class=\"txtboxR\">Maksim\u0101lais 581KN (urbuma diametrs: 300 mm\/stie\u0146a diametrs: 230\/spiediens 14MPa)<\/div>\n<\/div>\n<\/div>\n<\/div>\n<\/div>\n<\/div>\n<\/div>\n<h2><strong>Elektrisk\u0101 kr\u0101sns <\/strong><strong> Cilindru r\u016bpn\u012bca:<\/strong><\/h2>\n<p><img loading=\"lazy\" decoding=\"async\" class=\"alignnone wp-image-1697 size-full\" src=\"https:\/\/hydraulic-cylinders.net\/wp-content\/uploads\/2023\/10\/filter-press-cylinder-1.webp\" alt=\"\" width=\"1418\" height=\"946\" srcset=\"https:\/\/hydraulic-cylinders.net\/wp-content\/uploads\/2023\/10\/filter-press-cylinder-1.webp 1418w, https:\/\/hydraulic-cylinders.net\/wp-content\/uploads\/2023\/10\/filter-press-cylinder-1-1280x854.webp 1280w, https:\/\/hydraulic-cylinders.net\/wp-content\/uploads\/2023\/10\/filter-press-cylinder-1-980x654.webp 980w, https:\/\/hydraulic-cylinders.net\/wp-content\/uploads\/2023\/10\/filter-press-cylinder-1-480x320.webp 480w\" sizes=\"(min-width: 0px) and (max-width: 480px) 480px, (min-width: 481px) and (max-width: 980px) 980px, (min-width: 981px) and (max-width: 1280px) 1280px, (min-width: 1281px) 1418px, 100vw\" \/><\/p>\n<h2><strong>Elektrisk\u0101s kr\u0101sns masta cilindra lieto\u0161anas metode<\/strong><strong>:<\/strong><\/h2>\n<ol>\n<li><strong>Uzst\u0101d\u012b\u0161ana:<\/strong><\/li>\n<\/ol>\n<ul>\n<li>Elektrisk\u0101s kr\u0101sns masta cilindru dro\u0161i piestipriniet pie kr\u0101sns konstrukcijas, iev\u0113rojot ra\u017eot\u0101ja nor\u0101d\u012bjumus.<\/li>\n<li>Lai darb\u012bbas laik\u0101 saglab\u0101tu stabilit\u0101ti un dro\u0161\u012bbu, nodro\u0161iniet pareizu izl\u012bdzin\u0101\u0161anu un stiprin\u0101jumu.<\/li>\n<\/ul>\n<ol start=\"2\">\n<li><strong>Elektriskais piesl\u0113gums:<\/strong><\/li>\n<\/ol>\n<ul>\n<li>Pievienojiet elektrisk\u0101s kr\u0101sns masta cilindru baro\u0161anas avotam, iev\u0113rojot elektriskos noteikumus un dro\u0161\u012bbas noteikumus.<\/li>\n<li>P\u0101rliecinieties, vai visi elektriskie savienojumi ir dro\u0161i un izol\u0113ti, lai nov\u0113rstu apdraud\u0113jumus vai darb\u012bbas trauc\u0113jumus.<\/li>\n<\/ul>\n<ol start=\"3\">\n<li><strong>Pacel\u0161ana un nolai\u0161ana:<\/strong><\/li>\n<\/ol>\n<ul>\n<li>Aktiviz\u0113jiet elektrisk\u0101s kr\u0101sns masta cilindru, izmantojot paredz\u0113to vad\u012bbas paneli vai sl\u0113dzi masta darb\u012bbai.<\/li>\n<li>Cilindrs vienm\u0113r\u012bgi un prec\u012bzi pacels vai nolaid\u012bs kr\u0101sns mastu atbilsto\u0161i j\u016bsu pras\u012bb\u0101m.<\/li>\n<li>R\u016bp\u012bgi sekojiet l\u012bdzi pacel\u0161anas un nolai\u0161anas procesam, lai prec\u012bzi sasniegtu v\u0113lamo augstumu vai poz\u012bciju.<\/li>\n<\/ul>\n<ol start=\"4\">\n<li><strong>Integr\u0101cija ar vad\u012bbas sist\u0113m\u0101m:<\/strong><\/li>\n<\/ol>\n<ul>\n<li>Neman\u0101mi integr\u0113jiet elektrisk\u0101s kr\u0101sns masta cilindru eso\u0161aj\u0101s kr\u0101sns vad\u012bbas sist\u0113m\u0101s sinhroniz\u0113tai darb\u012bbai.<\/li>\n<li>Konsult\u0113jieties ar kvalific\u0113tu tehni\u0137i vai skatiet ra\u017eot\u0101ja vadl\u012bnijas par pareizu integr\u0101ciju un sader\u012bbu.<\/li>\n<\/ul>\n<h2><strong>K\u0101 atgaisot divk\u0101r\u0161as darb\u012bbas hidraulisko cilindru?<\/strong><\/h2>\n<p>Divk\u0101r\u0161as darb\u012bbas hidraulisk\u0101 cilindra atgaiso\u0161ana ir svar\u012bga apkopes proced\u016bra, lai izvad\u012btu gaisu no sist\u0113mas un nodro\u0161in\u0101tu vienm\u0113r\u012bgu un efekt\u012bvu darb\u012bbu. Divk\u0101r\u0161as darb\u012bbas hidraulisk\u0101 cilindra atgaiso\u0161anas darb\u012bbas ir \u0161\u0101das:<\/p>\n<ol>\n<li><strong>Sagatavo\u0161ana:<\/strong>\n<ul>\n<li>P\u0101rliecinieties, ka hidraulisk\u0101 sist\u0113ma ir izsl\u0113gta un spiediens ir samazin\u0101ts.<\/li>\n<li>Uzvelciet atbilsto\u0161us individu\u0101los aizsardz\u012bbas l\u012bdzek\u013cus, piem\u0113ram, cimdus un aizsargbrilles, lai pasarg\u0101tu sevi no iesp\u0113jam\u0101m hidraulisk\u0101 \u0161\u0137idruma nopl\u016bd\u0113m.<\/li>\n<\/ul>\n<\/li>\n<li><strong>Atk\u0101rtotas izpl\u016b\u0161anas punktu noteik\u0161ana:<\/strong>\n<ul>\n<li>Nosakiet hidraulisk\u0101 cilindra izpl\u016bdes punktus. Tie parasti atrodas cilindra stie\u0146a gala un v\u0101ci\u0146a gala tuvum\u0101.<\/li>\n<li>Da\u017eiem hidrauliskajiem cilindriem ir speci\u0101las atgaiso\u0161anas atveres, savuk\u0101rt citiem var b\u016bt nepiecie\u0161ams atskr\u016bv\u0113t \u012bpa\u0161us savienojumus, lai izvad\u012btu gaisu.<\/li>\n<\/ul>\n<\/li>\n<li><strong>Novietojiet cilindru:<\/strong>\n<ul>\n<li>P\u0101rvietojiet hidraulisko cilindru piln\u012bb\u0101 ievilkt\u0101 st\u0101vokl\u012b, piln\u012bb\u0101 ievelkot stieni cilindr\u0101.<\/li>\n<li>Tas nodro\u0161ina, ka gaisa burbu\u013ci tiek spiesti virz\u012bties uz izpl\u016b\u0161anas punktiem, atvieglojot to no\u0146em\u0161anu.<\/li>\n<\/ul>\n<\/li>\n<li><strong>Atbr\u012bvojiet atgaiso\u0161anas savienojumus:<\/strong>\n<ul>\n<li>Atskr\u016bv\u0113jiet atgaiso\u0161anas savienojumus vai atveres gan cilindra stie\u0146a gal\u0101, gan v\u0101ci\u0146a gal\u0101.<\/li>\n<li>S\u0101ciet, vispirms atskr\u016bv\u0113jot stiprin\u0101jumu stie\u0146a gal\u0101, p\u0113c tam stiprin\u0101jumu v\u0101ci\u0146a gal\u0101.<\/li>\n<\/ul>\n<\/li>\n<li><strong>Pielietot hidraulisko spiedienu:<\/strong>\n<ul>\n<li>Iesl\u0113dziet hidraulisko baro\u0161anas bloku vai aktiviz\u0113jiet hidraulisko s\u016bkni, lai sist\u0113m\u0101 rad\u012btu spiedienu.<\/li>\n<li>Pak\u0101peniski palieliniet hidraulisko spiedienu l\u012bdz l\u012bmenim, kas ir pietiekams, lai izspiestu iesprostoto gaisu no cilindra.<\/li>\n<\/ul>\n<\/li>\n<li><strong>Atgaisojiet gaisu:<\/strong>\n<ul>\n<li>Pieaugot hidrauliskajam spiedienam, no atgaiso\u0161anas savienojumiem vai atver\u0113m izpl\u016bst gaisa burbu\u013ci.<\/li>\n<li>\u013baujiet hidrauliskajam \u0161\u0137idrumam br\u012bvi pl\u016bst, l\u012bdz viss gaiss ir izvad\u012bts.<\/li>\n<li>Ir svar\u012bgi nodro\u0161in\u0101t vienm\u0113r\u012bgu hidraulisk\u0101 \u0161\u0137idruma pl\u016bsmu bez gaisa burbu\u013ciem.<\/li>\n<\/ul>\n<\/li>\n<li><strong>Pievelciet atgaiso\u0161anas savienojumus:<\/strong>\n<ul>\n<li>Kad gaiss ir piln\u012bb\u0101 izvad\u012bts no sist\u0113mas, dro\u0161i pievelciet atgaiso\u0161anas savienojumus vai atveres.<\/li>\n<li>P\u0101rliecinieties, ka tie ir pievilkti atbilsto\u0161i ra\u017eot\u0101ja ieteiktajiem griezes momentiem, lai nov\u0113rstu nopl\u016bdes.<\/li>\n<\/ul>\n<\/li>\n<li><strong>P\u0101rbaudiet cilindru:<\/strong>\n<ul>\n<li>Izsl\u0113dziet hidraulisko baro\u0161anas bloku vai deaktiviz\u0113jiet hidraulisko s\u016bkni.<\/li>\n<li>Izm\u0113\u0123iniet hidraulisko cilindru piln\u0101 kust\u012bbas diapazon\u0101, lai nodro\u0161in\u0101tu vienm\u0113r\u012bgu darb\u012bbu bez jebk\u0101d\u0101m ar gaisu saist\u012bt\u0101m probl\u0113m\u0101m.<\/li>\n<li>Piev\u0113rsiet uzman\u012bbu neparast\u0101m ska\u0146\u0101m vai vibr\u0101cij\u0101m, kas var liecin\u0101t par turpm\u0101k\u0101m probl\u0113m\u0101m gaisa vai hidrauliskaj\u0101s sist\u0113m\u0101s.<\/li>\n<\/ul>\n<\/li>\n<li><strong>P\u0101rbaudiet, vai nav nopl\u016b\u017eu:<\/strong>\n<ul>\n<li>P\u0101rbaudiet atgaiso\u0161anas savienojumus, hidrauliskos savienojumus un citas sast\u0101vda\u013cas, vai nav nopl\u016b\u017eu paz\u012bmju.<\/li>\n<li>Ja paman\u0101t nopl\u016bdes, nekav\u0113joties nov\u0113rsiet t\u0101s, pievelkot savienojumus vai nomainot boj\u0101t\u0101s deta\u013cas.<\/li>\n<\/ul>\n<\/li>\n<\/ol>\n<h2><strong>R\u016bpn\u012bcas iesp\u0113jas un jauda:<\/strong><\/h2>\n<h3>(1) Mont\u0101\u017ea<\/h3>\n<p>Mums ir pirmklas\u012bga neatkar\u012bga p\u0113tniec\u012bbas un att\u012bst\u012bbas mont\u0101\u017eas platforma. Hidraulisko cilindru ra\u017eo\u0161anas darbn\u012bc\u0101 ir \u010detras pusautom\u0101tiskas pacel\u0161anas cilindru mont\u0101\u017eas l\u012bnijas un viena autom\u0101tisk\u0101 sl\u012bpuma cilindru mont\u0101\u017eas l\u012bnija ar projekt\u0113to gada ra\u017eo\u0161anas jaudu 1 miljons vien\u012bbu. Speci\u0101lo cilindru darbn\u012bca ir apr\u012bkota ar da\u017e\u0101du specifik\u0101ciju pusautom\u0101tisku t\u012br\u012b\u0161anas mont\u0101\u017eas sist\u0113mu ar projekt\u0113to gada ra\u017eo\u0161anas jaudu 200 000 vien\u012bbu un apr\u012bkota ar slaven\u0101m CNC apstr\u0101des iek\u0101rt\u0101m, apstr\u0101des centru, augstas precizit\u0101tes cilindru apstr\u0101des speci\u0101lo apr\u012bkojumu, robotiz\u0113tu metin\u0101\u0161anas iek\u0101rtu, autom\u0101tisku t\u012br\u012b\u0161anas iek\u0101rtu, autom\u0101tisku cilindru mont\u0101\u017eas iek\u0101rtu un autom\u0101tisku kr\u0101so\u0161anas ra\u017eo\u0161anas l\u012bniju. Eso\u0161ais kritiskais apr\u012bkojums ir vair\u0101k nek\u0101 300 komplektu (komplektu). Optim\u0101la iek\u0101rtu resursu sadale un efekt\u012bva izmanto\u0161ana nodro\u0161ina produktu precizit\u0101tes pras\u012bbas un apmierina produktu augst\u0101s kvalit\u0101tes pras\u012bbas.<\/p>\n<p><img loading=\"lazy\" decoding=\"async\" class=\"alignnone wp-image-626\" src=\"https:\/\/hydraulic-cylinders.net\/wp-content\/uploads\/2023\/08\/hydraulic-cylinder-product-1-300x158.webp\" alt=\"\" width=\"495\" height=\"260\" srcset=\"https:\/\/hydraulic-cylinders.net\/wp-content\/uploads\/2023\/08\/hydraulic-cylinder-product-1-300x158.webp 495w, https:\/\/hydraulic-cylinders.net\/wp-content\/uploads\/2023\/08\/hydraulic-cylinder-product-1-480x252.webp 480w\" sizes=\"(min-width: 0px) and (max-width: 480px) 480px, (min-width: 481px) 495px, 100vw\" \/> <img loading=\"lazy\" decoding=\"async\" class=\"alignnone wp-image-627\" src=\"https:\/\/hydraulic-cylinders.net\/wp-content\/uploads\/2023\/08\/hydraulic-cylinder-product-2-300x189.webp\" alt=\"\" width=\"413\" height=\"260\" \/><\/p>\n<h3>(2) Apstr\u0101de<\/h3>\n<p>Apstr\u0101des cehs ir apr\u012bkots ar piel\u0101gotu sl\u012bpo slie\u017eu virpo\u0161anas centru, apstr\u0101des centru, \u0101trgaitas asin\u0101\u0161anas ma\u0161\u012bnu, metin\u0101\u0161anas robotu un citu saist\u012btu apr\u012bkojumu, kas var apstr\u0101d\u0101t cilindriskas caurules ar maksim\u0101lo iek\u0161\u0113jo diametru 400 mm un maksim\u0101lo garumu 6 metri.<\/p>\n<p><img loading=\"lazy\" decoding=\"async\" class=\"alignnone wp-image-628 size-large\" src=\"https:\/\/hydraulic-cylinders.net\/wp-content\/uploads\/2023\/08\/hydraulic-cylinder-product-3-1024x391.webp\" alt=\"\" width=\"1024\" height=\"391\" srcset=\"https:\/\/hydraulic-cylinders.net\/wp-content\/uploads\/2023\/08\/hydraulic-cylinder-product-3-980x374.webp 980w, https:\/\/hydraulic-cylinders.net\/wp-content\/uploads\/2023\/08\/hydraulic-cylinder-product-3-480x183.webp 480w\" sizes=\"(min-width: 0px) and (max-width: 480px) 480px, (min-width: 481px) and (max-width: 980px) 980px, (min-width: 981px) 1024px, 100vw\" \/><\/p>\n<h3>(3) Metin\u0101\u0161ana<\/h3>\n<p><img loading=\"lazy\" decoding=\"async\" class=\"alignnone wp-image-629 size-large\" src=\"https:\/\/hydraulic-cylinders.net\/wp-content\/uploads\/2023\/08\/hydraulic-cylinder-product-4-1024x510.webp\" alt=\"\" width=\"1024\" height=\"510\" srcset=\"https:\/\/hydraulic-cylinders.net\/wp-content\/uploads\/2023\/08\/hydraulic-cylinder-product-4-980x488.webp 980w, https:\/\/hydraulic-cylinders.net\/wp-content\/uploads\/2023\/08\/hydraulic-cylinder-product-4-480x239.webp 480w\" sizes=\"(min-width: 0px) and (max-width: 480px) 480px, (min-width: 481px) and (max-width: 980px) 980px, (min-width: 981px) 1024px, 100vw\" \/><\/p>\n<h3>(4) Kr\u0101so\u0161ana un p\u0101rkl\u0101\u0161ana<\/h3>\n<p>Ar maz\u0101m un vid\u0113ja izm\u0113ra cilindrisk\u0101m autom\u0101tisk\u0101m \u016bdens b\u0101zes kr\u0101su p\u0101rkl\u0101\u0161anas l\u012bnij\u0101m, lai pan\u0101ktu autom\u0101tisku robotu iekrau\u0161anu un izkrau\u0161anu un autom\u0101tisku izsmidzin\u0101\u0161anu, projekt\u0113t\u0101 jauda ir 4000 gabali mai\u0146\u0101;<br \/>\nMums ir ar\u012b pusautom\u0101tiska kr\u0101su ra\u017eo\u0161anas l\u012bnija lieliem baloniem, ko darbina \u0137\u0113des piedzi\u0146a, ar 60 kastu konstrukcijas jaudu vien\u0101 mai\u0146\u0101.<\/p>\n<p><img loading=\"lazy\" decoding=\"async\" class=\"alignnone wp-image-630\" src=\"https:\/\/hydraulic-cylinders.net\/wp-content\/uploads\/2023\/08\/hydraulic-cylinder-product-5-300x213.webp\" alt=\"\" width=\"366\" height=\"260\" \/> <img loading=\"lazy\" decoding=\"async\" class=\"alignnone wp-image-631\" src=\"https:\/\/hydraulic-cylinders.net\/wp-content\/uploads\/2023\/08\/hydraulic-cylinder-product-6-300x225.webp\" alt=\"\" width=\"347\" height=\"260\" \/><\/p>\n<h3>(5) Test\u0113\u0161ana<\/h3>\n<p>Mums ir augst\u0101k\u0101s klases p\u0101rbaudes iek\u0101rtas un test\u0113\u0161anas stendi, lai nodro\u0161in\u0101tu, ka balona veiktsp\u0113ja atbilst pras\u012bb\u0101m.<\/p>\n<p><img loading=\"lazy\" decoding=\"async\" class=\"alignnone wp-image-632\" src=\"https:\/\/hydraulic-cylinders.net\/wp-content\/uploads\/2023\/08\/hydraulic-cylinder-product-8-300x200.webp\" alt=\"\" width=\"389\" height=\"260\" \/><\/p>\n<p>&nbsp;<\/p>\n<p>&nbsp;<\/p>\n<p>M\u0113s esam viens no lab\u0101kajiem hidraulisko cilindru ra\u017eot\u0101jiem. M\u0113s varam pied\u0101v\u0101t visaptvero\u0161us hidrauliskos cilindrus. M\u0113s nodro\u0161in\u0101m ar\u012b atbilsto\u0161us <a href=\"https:\/\/hzpt.com\/agricultural-pto-gearbox\/\" target=\"_blank\" rel=\"noopener\">lauksaimniec\u012bbas p\u0101rnesumk\u0101rbas<\/a>. M\u0113s esam eksport\u0113ju\u0161i savus produktus klientiem vis\u0101 pasaul\u0113 un esam ieguvu\u0161i labu reput\u0101ciju, pateicoties m\u016bsu izcilajai produktu kvalit\u0101tei un p\u0113cp\u0101rdo\u0161anas servisam. M\u0113s aicin\u0101m klientus no valsts un \u0101rvalst\u012bm sazin\u0101ties ar mums, lai risin\u0101tu biznesa sarunas, apmain\u012btos ar inform\u0101ciju un... <a href=\"https:\/\/www.hydraulic-cylinders.net\/lv\/contact-us\/\">sadarboties ar mums<\/a>!<\/p>","protected":false},"excerpt":{"rendered":"<p>Electric Furnace Mast Cylinder The electric furnace mast cylinder is a cutting-edge product designed to enhance the performance and efficiency of industrial furnaces. With its advanced features and robust construction, this cylinder offers precise control and reliable operation for raising and lowering furnace masts. The electric furnace mast cylinder is a reliable and efficient solution [&hellip;]<\/p>","protected":false},"featured_media":1723,"comment_status":"open","ping_status":"closed","template":"","meta":{"_et_pb_use_builder":"","_et_pb_old_content":"","_et_gb_content_width":""},"product_brand":[],"product_cat":[1550,1524,1376],"product_tag":[1380],"class_list":{"0":"post-1721","1":"product","2":"type-product","3":"status-publish","4":"has-post-thumbnail","6":"product_cat-double-acting-hydraulic-cylinder","7":"product_cat-steel-mill-hydraulic-cylinders","8":"product_cat-hydraulic-cylinder","9":"product_tag-hydraulic-cylinder","11":"first","12":"instock","13":"shipping-taxable","14":"product-type-simple"},"amp_enabled":true,"_links":{"self":[{"href":"https:\/\/www.hydraulic-cylinders.net\/lv\/wp-json\/wp\/v2\/product\/1721","targetHints":{"allow":["GET"]}}],"collection":[{"href":"https:\/\/www.hydraulic-cylinders.net\/lv\/wp-json\/wp\/v2\/product"}],"about":[{"href":"https:\/\/www.hydraulic-cylinders.net\/lv\/wp-json\/wp\/v2\/types\/product"}],"replies":[{"embeddable":true,"href":"https:\/\/www.hydraulic-cylinders.net\/lv\/wp-json\/wp\/v2\/comments?post=1721"}],"wp:featuredmedia":[{"embeddable":true,"href":"https:\/\/www.hydraulic-cylinders.net\/lv\/wp-json\/wp\/v2\/media\/1723"}],"wp:attachment":[{"href":"https:\/\/www.hydraulic-cylinders.net\/lv\/wp-json\/wp\/v2\/media?parent=1721"}],"wp:term":[{"taxonomy":"product_brand","embeddable":true,"href":"https:\/\/www.hydraulic-cylinders.net\/lv\/wp-json\/wp\/v2\/product_brand?post=1721"},{"taxonomy":"product_cat","embeddable":true,"href":"https:\/\/www.hydraulic-cylinders.net\/lv\/wp-json\/wp\/v2\/product_cat?post=1721"},{"taxonomy":"product_tag","embeddable":true,"href":"https:\/\/www.hydraulic-cylinders.net\/lv\/wp-json\/wp\/v2\/product_tag?post=1721"}],"curies":[{"name":"wp","href":"https:\/\/api.w.org\/{rel}","templated":true}]}}