{"id":1731,"date":"2023-10-12T03:54:29","date_gmt":"2023-10-12T03:54:29","guid":{"rendered":"https:\/\/hydraulic-cylinders.net\/?post_type=product&#038;p=1731"},"modified":"2025-04-11T03:44:54","modified_gmt":"2025-04-11T03:44:54","slug":"cement-equipment-roll-over-cylinder","status":"publish","type":"product","link":"https:\/\/www.hydraulic-cylinders.net\/lv\/products\/cement-equipment-roll-over-cylinder\/","title":{"rendered":"Cementa apr\u012bkojuma apg\u0101\u0161an\u0101s cilindrs"},"content":{"rendered":"<h1 style=\"text-align: center;\"><strong>Cementa apr\u012bkojuma apg\u0101\u0161an\u0101s cilindrs<\/strong><\/h1>\n<p><img loading=\"lazy\" decoding=\"async\" class=\"aligncenter wp-image-1732\" src=\"https:\/\/hydraulic-cylinders.net\/wp-content\/uploads\/2023\/10\/roll-over-cylinder-1-300x300.webp\" alt=\"\" width=\"400\" height=\"400\" \/><\/p>\n<p>Cementa iek\u0101rtu apg\u0101\u0161an\u0101s cilindrs ir b\u016btiska cementa r\u016bpn\u012bcu sast\u0101vda\u013ca, kas paredz\u0113ta, lai uzlabotu dro\u0161\u012bbu un efektivit\u0101ti da\u017e\u0101du materi\u0101lu apstr\u0101des oper\u0101ciju laik\u0101. \u0160im specializ\u0113tajam cilindram ir iz\u0161\u0137iro\u0161a noz\u012bme t\u0101d\u0101s iek\u0101rt\u0101s k\u0101 cementa mais\u012bt\u0101ji un betona kravas automa\u0161\u012bnas, nodro\u0161inot kontrol\u0113tu cilindra apg\u0101\u0161anu un rot\u0101ciju.<\/p>\n<p>Cementa iek\u0101rtu apg\u0101\u0161an\u0101s cilindrs ir \u013coti svar\u012bgs cementa r\u016bpn\u012bc\u0101s, uzlabojot dro\u0161\u012bbu un efektivit\u0101ti materi\u0101lu apstr\u0101des laik\u0101. Pateicoties t\u0101 iztur\u012bgajai konstrukcijai, prec\u012bzajai vad\u012bbai, dro\u0161\u012bbas funkcij\u0101m un kompaktajam dizainam, \u0161is cilindrs \u013cauj kontrol\u0113ti apg\u0101zt un pagriezt cementa mais\u012bt\u0101jus vai betona kravas automa\u0161\u012bnas. Iev\u0113rojot ieteicam\u0101s lieto\u0161anas metodes un apkopes praksi, j\u016bs varat maksim\u0101li palielin\u0101t cementa iek\u0101rtu apg\u0101\u0161an\u0101s cilindra veiktsp\u0113ju un ilgm\u016b\u017e\u012bbu, galu gal\u0101 uzlabojot cementa ra\u017eo\u0161anas darb\u012bbu dro\u0161\u012bbu, produktivit\u0101ti un rentabilit\u0101ti.<\/p>\n<p>Cementa iek\u0101rtu apg\u0101\u0161an\u0101s cilindra galven\u0101s \u012bpa\u0161\u012bbas:<\/p>\n<ol>\n<li>Iztur\u012bga konstrukcija:<\/li>\n<\/ol>\n<ul>\n<li>Cementa iek\u0101rtu apg\u0101\u0161an\u0101s cilindrs ir izgatavots no augstas kvalit\u0101tes materi\u0101liem, lai nodro\u0161in\u0101tu iztur\u012bbu un uzticam\u012bbu sare\u017e\u0123\u012btos cementa r\u016bpn\u012bcas apst\u0101k\u013cos.<\/li>\n<li>Tas var iztur\u0113t lielas slodzes un bie\u017eas apg\u0101\u0161an\u0101s un rot\u0101cijas rad\u012btos apst\u0101k\u013cus, neapdraudot veiktsp\u0113ju.<\/li>\n<\/ul>\n<ol start=\"2\">\n<li>Prec\u012bza kontrole:<\/li>\n<\/ol>\n<ul>\n<li>\u0160is cilindrs ir izstr\u0101d\u0101ts, lai nodro\u0161in\u0101tu prec\u012bzu cementa mais\u012bt\u0101ju vai betona kravas automa\u0161\u012bnu apg\u0101\u0161anas un rot\u0101cijas kontroli.<\/li>\n<li>Tas \u013cauj operatoriem saglab\u0101t stabilit\u0101ti un precizit\u0101ti materi\u0101la izkrau\u0161anas laik\u0101, t\u0101d\u0113j\u0101di veicinot efekt\u012bvu darb\u012bbu.<\/li>\n<\/ul>\n<ol start=\"3\">\n<li>Dro\u0161\u012bbas funkcijas:<\/li>\n<\/ol>\n<ul>\n<li>Cementa iek\u0101rtas apg\u0101\u0161an\u0101s cilindram ir dro\u0161\u012bbas funkcijas, piem\u0113ram, integr\u0113ti blo\u0137\u0113\u0161anas meh\u0101nismi vai dro\u0161\u012bbas v\u0101rsti, lai nov\u0113rstu nejau\u0161u apg\u0101\u0161anos vai grie\u0161anos.<\/li>\n<li>\u0160\u012bs funkcijas nodro\u0161ina papildu aizsardz\u012bbas sl\u0101ni operatoriem, apr\u012bkojumam un apk\u0101rt\u0113jam person\u0101lam.<\/li>\n<\/ul>\n<ol start=\"4\">\n<li>Kompakts dizains:<\/li>\n<\/ol>\n<ul>\n<li>Cilindra kompaktais dizains nodro\u0161ina neman\u0101mu integr\u0101ciju eso\u0161aj\u0101s cementa ra\u017eo\u0161anas iek\u0101rt\u0101s, samazinot nepiecie\u0161am\u012bbu p\u0113c papildu modifik\u0101cij\u0101m.<\/li>\n<li>Tas optimiz\u0113 telpas izmanto\u0161anu un \u013cauj efekt\u012bvi darboties sl\u0113gt\u0101s telp\u0101s.<\/li>\n<\/ul>\n<h2><strong>Cementa iek\u0101rtu apg\u0101\u0161an\u0101s cilindra parametrs:<\/strong><\/h2>\n<table border=\"1\" cellspacing=\"0\" cellpadding=\"0\">\n<tbody>\n<tr>\n<td>Produkta nosaukums<\/td>\n<td>Cementa apr\u012bkojuma apg\u0101\u0161an\u0101s cilindrs<\/td>\n<\/tr>\n<tr>\n<td>Funkcijas:<\/td>\n<td>Brauk\u0161anas velt\u0146a pacel\u0161ana un nolai\u0161ana<\/td>\n<\/tr>\n<tr>\n<td>Urbuma diametrs:<\/td>\n<td>180 mm\uff5e320 mm<\/td>\n<\/tr>\n<tr>\n<td>Stie\u0146a diametrs:<\/td>\n<td>110 mm\uff5e170 mm<br \/>\nG\u0101jiens: \u22646000 mm<\/td>\n<\/tr>\n<tr>\n<td>Vilces sp\u0113ks:<\/td>\n<td>Maks. 1688 kN<br \/>\n(Cilindra diametrs 320 mm\/spiediens 21 MPa)<\/td>\n<\/tr>\n<tr>\n<td>Cementa iek\u0101rtu apg\u0101\u0161an\u0101s cilindru pielietojumi:<\/td>\n<td>Cementa apr\u012bkojums<\/td>\n<\/tr>\n<\/tbody>\n<\/table>\n<div><\/div>\n<div>\n<div class=\"txtboxL\">\n<div class=\"txtboxL\">Funkcijas:<\/div>\n<div class=\"txtboxR\">Brauk\u0161anas velt\u0146a pacel\u0161ana un nolai\u0161ana<\/div>\n<div class=\"txtboxL\">Specifik\u0101cija:<\/div>\n<div class=\"txtboxR\">Urbuma diametrs: 180 mm ~ 320 mm<br \/>\nStie\u0146a diametrs: 110 mm\uff5e170 mm<br \/>\nG\u0101jiens: \u22646000 mm<\/div>\n<div class=\"txtboxL\">Vilces sp\u0113ks:<\/div>\n<div class=\"txtboxR\">Maks. 1688 kN<br \/>\n(Cilindra diametrs 320 mm\/spiediens 21 MPa)<\/div>\n<\/div>\n<\/div>\n<h2><strong>Cementa apr\u012bkojums <\/strong><strong>Cilindru r\u016bpn\u012bca:<\/strong><\/h2>\n<p><img loading=\"lazy\" decoding=\"async\" class=\"alignnone wp-image-1734 size-full\" src=\"https:\/\/hydraulic-cylinders.net\/wp-content\/uploads\/2023\/10\/cement-equipment-cylinder-1.webp\" alt=\"\" width=\"1418\" height=\"946\" srcset=\"https:\/\/hydraulic-cylinders.net\/wp-content\/uploads\/2023\/10\/cement-equipment-cylinder-1.webp 1418w, https:\/\/hydraulic-cylinders.net\/wp-content\/uploads\/2023\/10\/cement-equipment-cylinder-1-1280x854.webp 1280w, https:\/\/hydraulic-cylinders.net\/wp-content\/uploads\/2023\/10\/cement-equipment-cylinder-1-980x654.webp 980w, https:\/\/hydraulic-cylinders.net\/wp-content\/uploads\/2023\/10\/cement-equipment-cylinder-1-480x320.webp 480w\" sizes=\"(min-width: 0px) and (max-width: 480px) 480px, (min-width: 481px) and (max-width: 980px) 980px, (min-width: 981px) and (max-width: 1280px) 1280px, (min-width: 1281px) 1418px, 100vw\" \/><\/p>\n<h2><strong>Cementa apr\u012bkojuma apg\u0101\u0161an\u0101s cilindra lieto\u0161anas metode<\/strong><strong>:<\/strong><\/h2>\n<ol>\n<li><strong>Uzst\u0101d\u012b\u0161ana:<\/strong><\/li>\n<\/ol>\n<ul>\n<li>Iev\u0113rojiet ra\u017eot\u0101ja nor\u0101d\u012bjumus, lai dro\u0161i uzst\u0101d\u012btu cementa iek\u0101rtas apg\u0101\u0161an\u0101s cilindru uz cementa mais\u012bt\u0101ja vai betona kravas automa\u0161\u012bnas.<\/li>\n<li>Lai nodro\u0161in\u0101tu dro\u0161u un uzticamu darb\u012bbu, nodro\u0161iniet pareizu izl\u012bdzin\u0101\u0161anu un stiprin\u0101jumu.<\/li>\n<\/ul>\n<ol start=\"2\">\n<li><strong>Hidrauliskais savienojums:<\/strong><\/li>\n<\/ol>\n<ul>\n<li>Pievienojiet cilindru iek\u0101rtas hidrauliskajai sist\u0113mai, izmantojot atbilsto\u0161us savienojumus un \u0161\u013c\u016btenes.<\/li>\n<li>P\u0101rliecinieties, vai visi hidrauliskie savienojumi ir dro\u0161i un bez nopl\u016bd\u0113m.<\/li>\n<\/ul>\n<ol start=\"3\">\n<li><strong>Darb\u012bba un vad\u012bba:<\/strong><\/li>\n<\/ol>\n<ul>\n<li>Iesl\u0113dziet hidraulisko sist\u0113mu, lai aktiviz\u0113tu cementa iek\u0101rtas apg\u0101\u0161an\u0101s cilindru.<\/li>\n<li>Izmantojiet vad\u012bbas paneli vai saskarni, lai vad\u012btu cilindru, kontrol\u0113jot mucas apg\u0101\u0161anos un rot\u0101ciju.<\/li>\n<li>Lai nodro\u0161in\u0101tu dro\u0161u un efekt\u012bvu darb\u012bbu, iev\u0113rojiet ra\u017eot\u0101ja nor\u0101d\u012bjumus un ieteicamo praksi.<\/li>\n<\/ul>\n<h2><strong>K\u0101 no\u0146emt hidraulisko saj\u016bga l\u012bniju no galven\u0101 cilindra?<\/strong><\/h2>\n<p>Hidraulisk\u0101s saj\u016bga l\u012bnijas no\u0146em\u0161ana no galven\u0101 cilindra prasa r\u016bp\u012bgu izpildi, lai izvair\u012btos no deta\u013cu boj\u0101jumiem vai nopl\u016b\u017eu ra\u0161an\u0101s. \u0160eit ir soli pa solim sniegta instrukcija par hidraulisk\u0101s saj\u016bga l\u012bnijas no\u0146em\u0161anu no galven\u0101 cilindra:<\/p>\n<ol>\n<li><strong>Sav\u0101ciet nepiecie\u0161amos r\u012bkus:<\/strong>\n<ul>\n<li>Dro\u0161\u012bbas cimdi un aizsargbrilles<\/li>\n<li>Uzgrie\u017e\u0146u atsl\u0113gas vai l\u012bnijas uzgrie\u017e\u0146u atsl\u0113gas (atbilsto\u0161a izm\u0113ra savienojumiem)<\/li>\n<li>Notveriet pannu vai trauku, lai sav\u0101ktu izliju\u0161o \u0161\u0137idrumu<\/li>\n<li>T\u012bras lupatas vai dvie\u013ci<\/li>\n<\/ul>\n<\/li>\n<li><strong>Nodro\u0161iniet dro\u0161\u012bbas pas\u0101kumus:<\/strong>\n<ul>\n<li>Uzvelciet aizsargcimdus un aizsargbrilles, lai pasarg\u0101tu sevi no jebk\u0101diem iesp\u0113jamiem apdraud\u0113jumiem.<\/li>\n<li>P\u0101rliecinieties, vai dzin\u0113js ir izsl\u0113gts, transportl\u012bdzeklis atrodas st\u0101v\u0113\u0161anas vai neitr\u0101l\u0101 st\u0101vokl\u012b un ir iesl\u0113gta st\u0101vbremze.<\/li>\n<\/ul>\n<\/li>\n<li><strong>Atrodiet galveno cilindru:<\/strong>\n<ul>\n<li>Hidraulisk\u0101 saj\u016bga galvenais cilindrs parasti atrodas pie ugunsm\u016bra motora nodal\u012bjuma vad\u012bt\u0101ja pus\u0113.<\/li>\n<li>Identific\u0113jiet saj\u016bga l\u012bniju, kas savienojas ar galveno cilindru. Tai b\u016bs savienojumi abos galos.<\/li>\n<\/ul>\n<\/li>\n<li><strong>Sagatavojieties \u0161\u0137idruma nopl\u016bdei:<\/strong>\n<ul>\n<li>Novietojiet sav\u0101k\u0161anas pannu vai trauku zem galven\u0101 cilindra un saj\u016bga l\u012bnijas, lai sav\u0101ktu \u0161\u0137idrumu, kas var\u0113tu nopl\u016bst no\u0146em\u0161anas procesa laik\u0101.<\/li>\n<li>Pa rokai j\u0101b\u016bt t\u012br\u0101m lupat\u0101m vai dvie\u013ciem, lai noslauc\u012btu jebk\u0101dus nopl\u016bdes.<\/li>\n<\/ul>\n<\/li>\n<li><strong>Atskr\u016bv\u0113jiet stiprin\u0101jumus:<\/strong>\n<ul>\n<li>Izmantojiet atbilsto\u0161u uzgrie\u017e\u0146u atsl\u0113gu vai l\u012bnijas atsl\u0113gu, lai atbr\u012bvotu savienojumus saj\u016bga l\u012bnijas abos galos.<\/li>\n<li>Pagrieziet uzgrie\u017e\u0146u atsl\u0113gu pret\u0113ji pulkste\u0146r\u0101d\u012bt\u0101ja virzienam, lai atbr\u012bvotu, ta\u010du esiet uzman\u012bgi, lai nep\u0101rslogotu un nepiespiestu savienojumus, jo tie var b\u016bt trausli.<\/li>\n<\/ul>\n<\/li>\n<li><strong>No\u0146emt rindu:<\/strong>\n<ul>\n<li>Kad savienojumi ir atskr\u016bv\u0113ti, uzman\u012bgi atskr\u016bv\u0113jiet tos ar roku, l\u012bdz tie ir piln\u012bb\u0101 atdal\u012bti no galven\u0101 cilindra.<\/li>\n<li>Esiet gatavi tam, ka, no\u0146emot vadu un savienojumus, no tiem var pil\u0113t nedaudz atliku\u0161\u0101 \u0161\u0137idruma.<\/li>\n<\/ul>\n<\/li>\n<li><strong>P\u0101rbaudiet l\u012bniju un armat\u016bru:<\/strong>\n<ul>\n<li>P\u0101rbaudiet saj\u016bga l\u012bniju un savienojumus, vai nav boj\u0101jumu, nodiluma vai nopl\u016bdes paz\u012bmju.<\/li>\n<li>Ja tiek konstat\u0113tas k\u0101das probl\u0113mas, pirms atk\u0101rtotas uzst\u0101d\u012b\u0161anas ieteicams nomain\u012bt l\u012bniju vai savienojumus.<\/li>\n<\/ul>\n<\/li>\n<li><strong>Nobl\u012bv\u0113jiet galveno cilindru:<\/strong>\n<ul>\n<li>Lai nov\u0113rstu gaisa vai gru\u017eu iek\u013c\u016b\u0161anu galvenaj\u0101 cilindr\u0101, p\u0101rkl\u0101jiet atv\u0113rto atveri ar t\u012bru lupatu vai v\u0101ci\u0146u.<\/li>\n<\/ul>\n<\/li>\n<li><strong>Pareizi atbr\u012bvojieties no \u0161\u0137idruma:<\/strong>\n<ul>\n<li>Sav\u0101kto \u0161\u0137idrumu utiliz\u0113jiet saska\u0146\u0101 ar viet\u0113jiem noteikumiem vai nog\u0101d\u0101jiet atbilsto\u0161\u0101 p\u0101rstr\u0101des centr\u0101.<\/li>\n<\/ul>\n<\/li>\n<\/ol>\n<h2><strong>R\u016bpn\u012bcas iesp\u0113jas un jauda:<\/strong><\/h2>\n<h3>(1) Mont\u0101\u017ea<\/h3>\n<p>Mums ir pirmklas\u012bga neatkar\u012bga p\u0113tniec\u012bbas un att\u012bst\u012bbas mont\u0101\u017eas platforma. Hidraulisko cilindru ra\u017eo\u0161anas darbn\u012bc\u0101 ir \u010detras pusautom\u0101tiskas pacel\u0161anas cilindru mont\u0101\u017eas l\u012bnijas un viena autom\u0101tisk\u0101 sl\u012bpuma cilindru mont\u0101\u017eas l\u012bnija ar projekt\u0113to gada ra\u017eo\u0161anas jaudu 1 miljons vien\u012bbu. Speci\u0101lo cilindru darbn\u012bca ir apr\u012bkota ar da\u017e\u0101du specifik\u0101ciju pusautom\u0101tisku t\u012br\u012b\u0161anas mont\u0101\u017eas sist\u0113mu ar projekt\u0113to gada ra\u017eo\u0161anas jaudu 200 000 vien\u012bbu un apr\u012bkota ar slaven\u0101m CNC apstr\u0101des iek\u0101rt\u0101m, apstr\u0101des centru, augstas precizit\u0101tes cilindru apstr\u0101des speci\u0101lo apr\u012bkojumu, robotiz\u0113tu metin\u0101\u0161anas iek\u0101rtu, autom\u0101tisku t\u012br\u012b\u0161anas iek\u0101rtu, autom\u0101tisku cilindru mont\u0101\u017eas iek\u0101rtu un autom\u0101tisku kr\u0101so\u0161anas ra\u017eo\u0161anas l\u012bniju. Eso\u0161ais kritiskais apr\u012bkojums ir vair\u0101k nek\u0101 300 komplektu (komplektu). Optim\u0101la iek\u0101rtu resursu sadale un efekt\u012bva izmanto\u0161ana nodro\u0161ina produktu precizit\u0101tes pras\u012bbas un apmierina produktu augst\u0101s kvalit\u0101tes pras\u012bbas.<\/p>\n<p><img loading=\"lazy\" decoding=\"async\" class=\"alignnone wp-image-626\" src=\"https:\/\/hydraulic-cylinders.net\/wp-content\/uploads\/2023\/08\/hydraulic-cylinder-product-1-300x158.webp\" alt=\"\" width=\"495\" height=\"260\" srcset=\"https:\/\/hydraulic-cylinders.net\/wp-content\/uploads\/2023\/08\/hydraulic-cylinder-product-1-300x158.webp 495w, https:\/\/hydraulic-cylinders.net\/wp-content\/uploads\/2023\/08\/hydraulic-cylinder-product-1-480x252.webp 480w\" sizes=\"(min-width: 0px) and (max-width: 480px) 480px, (min-width: 481px) 495px, 100vw\" \/> <img loading=\"lazy\" decoding=\"async\" class=\"alignnone wp-image-627\" src=\"https:\/\/hydraulic-cylinders.net\/wp-content\/uploads\/2023\/08\/hydraulic-cylinder-product-2-300x189.webp\" alt=\"\" width=\"413\" height=\"260\" \/><\/p>\n<h3>(2) Apstr\u0101de<\/h3>\n<p>Apstr\u0101des cehs ir apr\u012bkots ar piel\u0101gotu sl\u012bpo slie\u017eu virpo\u0161anas centru, apstr\u0101des centru, \u0101trgaitas asin\u0101\u0161anas ma\u0161\u012bnu, metin\u0101\u0161anas robotu un citu saist\u012btu apr\u012bkojumu, kas var apstr\u0101d\u0101t cilindriskas caurules ar maksim\u0101lo iek\u0161\u0113jo diametru 400 mm un maksim\u0101lo garumu 6 metri.<\/p>\n<p><img loading=\"lazy\" decoding=\"async\" class=\"alignnone wp-image-628 size-large\" src=\"https:\/\/hydraulic-cylinders.net\/wp-content\/uploads\/2023\/08\/hydraulic-cylinder-product-3-1024x391.webp\" alt=\"\" width=\"1024\" height=\"391\" srcset=\"https:\/\/hydraulic-cylinders.net\/wp-content\/uploads\/2023\/08\/hydraulic-cylinder-product-3-980x374.webp 980w, https:\/\/hydraulic-cylinders.net\/wp-content\/uploads\/2023\/08\/hydraulic-cylinder-product-3-480x183.webp 480w\" sizes=\"(min-width: 0px) and (max-width: 480px) 480px, (min-width: 481px) and (max-width: 980px) 980px, (min-width: 981px) 1024px, 100vw\" \/><\/p>\n<h3>(3) Metin\u0101\u0161ana<\/h3>\n<p><img loading=\"lazy\" decoding=\"async\" class=\"alignnone wp-image-629 size-large\" src=\"https:\/\/hydraulic-cylinders.net\/wp-content\/uploads\/2023\/08\/hydraulic-cylinder-product-4-1024x510.webp\" alt=\"\" width=\"1024\" height=\"510\" srcset=\"https:\/\/hydraulic-cylinders.net\/wp-content\/uploads\/2023\/08\/hydraulic-cylinder-product-4-980x488.webp 980w, https:\/\/hydraulic-cylinders.net\/wp-content\/uploads\/2023\/08\/hydraulic-cylinder-product-4-480x239.webp 480w\" sizes=\"(min-width: 0px) and (max-width: 480px) 480px, (min-width: 481px) and (max-width: 980px) 980px, (min-width: 981px) 1024px, 100vw\" \/><\/p>\n<h3>(4) Kr\u0101so\u0161ana un p\u0101rkl\u0101\u0161ana<\/h3>\n<p>Ar maz\u0101m un vid\u0113ja izm\u0113ra cilindrisk\u0101m autom\u0101tisk\u0101m \u016bdens b\u0101zes kr\u0101su p\u0101rkl\u0101\u0161anas l\u012bnij\u0101m, lai pan\u0101ktu autom\u0101tisku robotu iekrau\u0161anu un izkrau\u0161anu un autom\u0101tisku izsmidzin\u0101\u0161anu, projekt\u0113t\u0101 jauda ir 4000 gabali mai\u0146\u0101;<br \/>\nMums ir ar\u012b pusautom\u0101tiska kr\u0101su ra\u017eo\u0161anas l\u012bnija lieliem baloniem, ko darbina \u0137\u0113des piedzi\u0146a, ar 60 kastu konstrukcijas jaudu vien\u0101 mai\u0146\u0101.<\/p>\n<p><img loading=\"lazy\" decoding=\"async\" class=\"alignnone wp-image-630\" src=\"https:\/\/hydraulic-cylinders.net\/wp-content\/uploads\/2023\/08\/hydraulic-cylinder-product-5-300x213.webp\" alt=\"\" width=\"366\" height=\"260\" \/> <img loading=\"lazy\" decoding=\"async\" class=\"alignnone wp-image-631\" src=\"https:\/\/hydraulic-cylinders.net\/wp-content\/uploads\/2023\/08\/hydraulic-cylinder-product-6-300x225.webp\" alt=\"\" width=\"347\" height=\"260\" \/><\/p>\n<h3>(5) Test\u0113\u0161ana<\/h3>\n<p>Mums ir augst\u0101k\u0101s klases p\u0101rbaudes iek\u0101rtas un test\u0113\u0161anas stendi, lai nodro\u0161in\u0101tu, ka balona veiktsp\u0113ja atbilst pras\u012bb\u0101m.<\/p>\n<p><img loading=\"lazy\" decoding=\"async\" class=\"alignnone wp-image-632\" src=\"https:\/\/hydraulic-cylinders.net\/wp-content\/uploads\/2023\/08\/hydraulic-cylinder-product-8-300x200.webp\" alt=\"\" width=\"389\" height=\"260\" \/><\/p>\n<p>&nbsp;<\/p>\n<p>&nbsp;<\/p>\n<p>M\u0113s esam viens no lab\u0101kajiem hidraulisko cilindru ra\u017eot\u0101jiem. M\u0113s varam pied\u0101v\u0101t visaptvero\u0161us hidrauliskos cilindrus. M\u0113s nodro\u0161in\u0101m ar\u012b atbilsto\u0161us <a href=\"https:\/\/hzpt.com\/agricultural-pto-gearbox\/\" target=\"_blank\" rel=\"noopener\">lauksaimniec\u012bbas p\u0101rnesumk\u0101rbas<\/a>. M\u0113s esam eksport\u0113ju\u0161i savus produktus klientiem vis\u0101 pasaul\u0113 un esam ieguvu\u0161i labu reput\u0101ciju, pateicoties m\u016bsu izcilajai produktu kvalit\u0101tei un p\u0113cp\u0101rdo\u0161anas servisam. M\u0113s aicin\u0101m klientus no valsts un \u0101rvalst\u012bm sazin\u0101ties ar mums, lai risin\u0101tu biznesa sarunas, apmain\u012btos ar inform\u0101ciju un... <a href=\"https:\/\/www.hydraulic-cylinders.net\/lv\/contact-us\/\">sadarboties ar mums<\/a>!<\/p>","protected":false},"excerpt":{"rendered":"<p>Cement Equipment Roll Over Cylinder The cement equipment roll over cylinder is an essential component in cement plants, designed to enhance safety and efficiency during various material handling operations. This specialized cylinder plays a critical role in equipment such as cement mixers and concrete trucks, allowing for controlled tipping and rotation of the drum. The [&hellip;]<\/p>","protected":false},"featured_media":1733,"comment_status":"open","ping_status":"closed","template":"","meta":{"_et_pb_use_builder":"","_et_pb_old_content":"","_et_gb_content_width":""},"product_brand":[],"product_cat":[1520,1550],"product_tag":[1380],"class_list":{"0":"post-1731","1":"product","2":"type-product","3":"status-publish","4":"has-post-thumbnail","6":"product_cat-concrete-equipment-hydraulic-cylinders","7":"product_cat-double-acting-hydraulic-cylinder","8":"product_tag-hydraulic-cylinder","10":"first","11":"instock","12":"shipping-taxable","13":"product-type-simple"},"amp_enabled":true,"_links":{"self":[{"href":"https:\/\/www.hydraulic-cylinders.net\/lv\/wp-json\/wp\/v2\/product\/1731","targetHints":{"allow":["GET"]}}],"collection":[{"href":"https:\/\/www.hydraulic-cylinders.net\/lv\/wp-json\/wp\/v2\/product"}],"about":[{"href":"https:\/\/www.hydraulic-cylinders.net\/lv\/wp-json\/wp\/v2\/types\/product"}],"replies":[{"embeddable":true,"href":"https:\/\/www.hydraulic-cylinders.net\/lv\/wp-json\/wp\/v2\/comments?post=1731"}],"wp:featuredmedia":[{"embeddable":true,"href":"https:\/\/www.hydraulic-cylinders.net\/lv\/wp-json\/wp\/v2\/media\/1733"}],"wp:attachment":[{"href":"https:\/\/www.hydraulic-cylinders.net\/lv\/wp-json\/wp\/v2\/media?parent=1731"}],"wp:term":[{"taxonomy":"product_brand","embeddable":true,"href":"https:\/\/www.hydraulic-cylinders.net\/lv\/wp-json\/wp\/v2\/product_brand?post=1731"},{"taxonomy":"product_cat","embeddable":true,"href":"https:\/\/www.hydraulic-cylinders.net\/lv\/wp-json\/wp\/v2\/product_cat?post=1731"},{"taxonomy":"product_tag","embeddable":true,"href":"https:\/\/www.hydraulic-cylinders.net\/lv\/wp-json\/wp\/v2\/product_tag?post=1731"}],"curies":[{"name":"wp","href":"https:\/\/api.w.org\/{rel}","templated":true}]}}